{"id":84425,"date":"2023-10-03T08:14:39","date_gmt":"2023-10-03T07:14:39","guid":{"rendered":"https:\/\/onlinelotto365.com\/dobitni-brojevi\/proverite-dobitne-brojeve-i-iznose-za-subotnje-loto-australija"},"modified":"2023-10-03T08:14:39","modified_gmt":"2023-10-03T07:14:39","slug":"proverite-dobitne-brojeve-i-iznose-za-subotnje-loto-australija","status":"publish","type":"page","link":"https:\/\/onlinelotto365.com\/sr\/dobitni-brojevi\/proverite-dobitne-brojeve-i-iznose-za-subotnje-loto-australija\/","title":{"rendered":"Proverite dobitne brojeve i iznose za subotnje Loto Australija."},"content":{"rendered":"<p>Na na\u0161em veb sajtu mo\u017eete prona\u0107i mnoge me\u0111unarodne igre, a mi znamo da \u017eelite brzo do\u0107i do dobitnih brojeva. Uobi\u010dajeno nije dobro gledati u novine ili se nadati da \u0107ete na TV kanalima prona\u0107i ispravni za subotnji Loto Australija. Dakle, gde idete da biste saznali rezultate?<\/p>\n<p>Veb sajt lutrije je jedno mesto gde mo\u017eete potra\u017eiti. Neki lutrijski igre nude u\u017eivo prenose svojih izvla\u010denja, ali subotnji Loto Australija mo\u017eda nije jedan od njih. Morate proveriti veb sajt da biste bili sigurni i morate se uveriti da gledate u pravo vreme ako nude u\u017eivo izvla\u010denje. Naposletku, ako je izvla\u010denje ve\u0107 zavr\u0161eno, mo\u017eda mo\u017eete pretra\u017eiti YouTube da biste prona\u0161li rezultate koje je neko ve\u0107 postavio. Mogu\u0107e je da postoji video snimak u\u017eivog izvla\u010denja ili brojeva.<img decoding=\"async\" class=\"aligncenter\" src=\"https:\/\/redfoxlotto.com\/image?size=8&amp;lottery=saturday-lotto-au\" alt=\"Subotnji Loto Australija\" \/><\/p>\n<p>Najlak\u0161i na\u010din da dobijete rezultate koje tra\u017eite je da se vratite na na\u0161 veb sajt. Tamo \u0107ete prona\u0107i sve brojeve za subotnji Loto Australija, kao i za sve druge igre koje \u017eelite igrati. Brojevi su dostupni na na\u0161oj stranici sa rezultatima lutrije i lako se pronalaze.<\/p>\n<h2>Kako saznati da li je va\u0161a onlajn ulaznica dobitna<\/h2>\n<h2>How to find out if your online ticket has won<\/h2>\n<p><img loading=\"lazy\" decoding=\"async\" class=\"alignright wp-image-3649\" src=\"https:\/\/onlinelotto365.com\/wp-content\/uploads\/2020\/11\/online_lottery-90-300x225.jpg\" alt=\"Dobitni brojevi za subotnji Loto Australija\" width=\"207\" height=\"155\" srcset=\"https:\/\/onlinelotto365.com\/wp-content\/uploads\/2020\/11\/online_lottery-90-300x225.jpg 300w, https:\/\/onlinelotto365.com\/wp-content\/uploads\/2020\/11\/online_lottery-90.jpg 320w\" sizes=\"auto, (max-width: 207px) 100vw, 207px\" \/><br \/>\nSvi koji su ve\u0107 kupili ulaznice za subotnji Loto Australija na na\u0161em veb sajtu ima\u0107e jo\u0161 lak\u0161i zadatak jer mo\u017eete jednostavno u\u0107i u svoj nalog. Prijavite se i proverite stranicu gde se \u010duvaju va\u0161e ulaznice. Tamo \u0107ete prona\u0107i ne samo brojeve svoje ulaznice, ve\u0107 i dobitne brojeve za svaku igru koju ste igrali.<\/p>\n<p>Odatle mo\u017eete tra\u017eiti podudaranja, koja \u0107emo vam ozna\u010diti razli\u010ditim bojama. Na taj na\u010din mo\u017eete videti koliko ste ta\u010dno osvojili i gde se novac nalazi na va\u0161em ra\u010dunu. Ako je manje od 2500 evra, mi \u0107emo ga odmah staviti na va\u0161 ra\u010dun, tako da ne morate ni\u0161ta da radite.<\/p>\n<h2>Arhiva rezultata subotnjeg Loto Australija<\/h2>\n<p>Za one koji \u017eele da provere starije brojeve subotnjeg Loto Australija, ne morate da brinete. Mi se trudimo da arhive budu lako dostupne tako \u0161to ih povezujemo sa bilo kojom stranicom gde prikazujemo trenutne rezultate lutrije. Na taj na\u010din mo\u017eete proveriti bilo koje brojeve koje \u017eelite, \u010dak i one iz davne pro\u0161losti.<\/p>\n<h2>Moja ulaznica je dobitna, \u0161ta se de\u0161ava dalje?<\/h2>\n<p>Ve\u0107 smo razgovarali o dobitcima koje mo\u017eete dobiti od svojih lutrijskih ulaznica. Ako su ti dobici manji od 2500 evra, ne morate ni\u0161ta da radite da biste ih preuzeli. Mi \u0107emo novac odmah staviti na va\u0161 igra\u010dki ra\u010dun. Ako su dobitci ve\u0107i od 2500 evra, mi \u0107emo vam pomo\u0107i da pro\u0111ete kroz proces njihovog preuzimanja.<\/p>\n<p>Imajte na umu da mo\u017eete povu\u0107i bilo koji novac sa svog ra\u010duna pod uslovom da ima najmanje 10 evra. Sve \u0161to treba da uradite je da odaberete na\u010din pla\u0107anja koji ste ve\u0107 koristili na svom ra\u010dunu i popunite nekoliko obrazaca za proveru kod na\u0161eg procesora za pla\u0107anje.<\/p>\n","protected":false},"excerpt":{"rendered":"<p>Na na\u0161em veb sajtu mo\u017eete prona\u0107i mnoge me\u0111unarodne igre, a mi znamo da \u017eelite brzo do\u0107i do dobitnih brojeva. Uobi\u010dajeno nije dobro gledati u novine ili se nadati da \u0107ete na TV kanalima prona\u0107i ispravni za subotnji Loto Australija. Dakle, gde idete da biste saznali rezultate? Veb sajt lutrije je jedno mesto gde mo\u017eete potra\u017eiti. [&hellip;]<\/p>\n","protected":false},"author":1,"featured_media":0,"parent":5859,"menu_order":15,"comment_status":"closed","ping_status":"closed","template":"saturday-lotto-results.php","meta":{"_et_pb_use_builder":"","_et_pb_old_content":"","_et_gb_content_width":"","exclude_from_search":false,"footnotes":""},"class_list":["post-84425","page","type-page","status-publish","hentry"],"yoast_head":"<!-- This site is optimized with the Yoast SEO plugin v23.4 - https:\/\/yoast.com\/wordpress\/plugins\/seo\/ -->\n<title>Proverite dobitne brojeve i iznose za subotnji Loto Australija<\/title>\n<meta name=\"description\" content=\"Rezultati izvla\u010denja, dobitni brojevi subotnjeg Loto Australija, kao i arhiva rezultata\" \/>\n<meta name=\"robots\" content=\"index, follow, max-snippet:-1, max-image-preview:large, max-video-preview:-1\" \/>\n<link rel=\"canonical\" href=\"https:\/\/onlinelotto365.com\/sr\/dobitni-brojevi\/proverite-dobitne-brojeve-i-iznose-za-subotnje-loto-australija\/\" \/>\n<meta property=\"og:locale\" content=\"sr_RS\" \/>\n<meta property=\"og:type\" content=\"article\" \/>\n<meta property=\"og:title\" content=\"Proverite dobitne brojeve i iznose za subotnji Loto Australija\" \/>\n<meta property=\"og:description\" content=\"Rezultati izvla\u010denja, dobitni brojevi subotnjeg Loto Australija, kao i arhiva rezultata\" \/>\n<meta property=\"og:url\" content=\"https:\/\/onlinelotto365.com\/sr\/dobitni-brojevi\/proverite-dobitne-brojeve-i-iznose-za-subotnje-loto-australija\/\" \/>\n<meta property=\"og:site_name\" content=\"OnlineLotto365\" \/>\n<meta property=\"og:image\" content=\"https:\/\/redfoxlotto.com\/image?size=8&amp;lottery=saturday-lotto-au\" \/>\n<meta name=\"twitter:card\" content=\"summary_large_image\" \/>\n<meta name=\"twitter:label1\" content=\"\u041f\u0440\u043e\u0446\u0435\u045a\u0435\u043d\u043e \u0432\u0440\u0435\u043c\u0435 \u0447\u0438\u0442\u0430\u045a\u0430\" \/>\n\t<meta name=\"twitter:data1\" content=\"3 \u043c\u0438\u043d\u0443\u0442\u0430\" \/>\n<script type=\"application\/ld+json\" class=\"yoast-schema-graph\">{\"@context\":\"https:\/\/schema.org\",\"@graph\":[{\"@type\":\"WebPage\",\"@id\":\"https:\/\/onlinelotto365.com\/sr\/dobitni-brojevi\/proverite-dobitne-brojeve-i-iznose-za-subotnje-loto-australija\/\",\"url\":\"https:\/\/onlinelotto365.com\/sr\/dobitni-brojevi\/proverite-dobitne-brojeve-i-iznose-za-subotnje-loto-australija\/\",\"name\":\"Proverite dobitne brojeve i iznose za subotnji Loto Australija\",\"isPartOf\":{\"@id\":\"https:\/\/onlinelotto365.com\/sr\/#website\"},\"primaryImageOfPage\":{\"@id\":\"https:\/\/onlinelotto365.com\/sr\/dobitni-brojevi\/proverite-dobitne-brojeve-i-iznose-za-subotnje-loto-australija\/#primaryimage\"},\"image\":{\"@id\":\"https:\/\/onlinelotto365.com\/sr\/dobitni-brojevi\/proverite-dobitne-brojeve-i-iznose-za-subotnje-loto-australija\/#primaryimage\"},\"thumbnailUrl\":\"https:\/\/redfoxlotto.com\/image?size=8&amp;lottery=saturday-lotto-au\",\"datePublished\":\"2023-10-03T07:14:39+00:00\",\"dateModified\":\"2023-10-03T07:14:39+00:00\",\"description\":\"Rezultati izvla\u010denja, dobitni brojevi subotnjeg Loto Australija, kao i arhiva rezultata\",\"breadcrumb\":{\"@id\":\"https:\/\/onlinelotto365.com\/sr\/dobitni-brojevi\/proverite-dobitne-brojeve-i-iznose-za-subotnje-loto-australija\/#breadcrumb\"},\"inLanguage\":\"sr-RS\",\"potentialAction\":[{\"@type\":\"ReadAction\",\"target\":[\"https:\/\/onlinelotto365.com\/sr\/dobitni-brojevi\/proverite-dobitne-brojeve-i-iznose-za-subotnje-loto-australija\/\"]}]},{\"@type\":\"ImageObject\",\"inLanguage\":\"sr-RS\",\"@id\":\"https:\/\/onlinelotto365.com\/sr\/dobitni-brojevi\/proverite-dobitne-brojeve-i-iznose-za-subotnje-loto-australija\/#primaryimage\",\"url\":\"https:\/\/redfoxlotto.com\/image?size=8&amp;lottery=saturday-lotto-au\",\"contentUrl\":\"https:\/\/redfoxlotto.com\/image?size=8&amp;lottery=saturday-lotto-au\"},{\"@type\":\"BreadcrumbList\",\"@id\":\"https:\/\/onlinelotto365.com\/sr\/dobitni-brojevi\/proverite-dobitne-brojeve-i-iznose-za-subotnje-loto-australija\/#breadcrumb\",\"itemListElement\":[{\"@type\":\"ListItem\",\"position\":1,\"name\":\"Home\",\"item\":\"https:\/\/onlinelotto365.com\/sr\/\"},{\"@type\":\"ListItem\",\"position\":2,\"name\":\"Tragate za me\u0111unarodnim loto rezultatima?\",\"item\":\"https:\/\/onlinelotto365.com\/sr\/winning-numbers\/\"},{\"@type\":\"ListItem\",\"position\":3,\"name\":\"Proverite dobitne brojeve i iznose za subotnje Loto Australija.\"}]},{\"@type\":\"WebSite\",\"@id\":\"https:\/\/onlinelotto365.com\/sr\/#website\",\"url\":\"https:\/\/onlinelotto365.com\/sr\/\",\"name\":\"OnlineLotto365\",\"description\":\"\",\"potentialAction\":[{\"@type\":\"SearchAction\",\"target\":{\"@type\":\"EntryPoint\",\"urlTemplate\":\"https:\/\/onlinelotto365.com\/sr\/?s={search_term_string}\"},\"query-input\":{\"@type\":\"PropertyValueSpecification\",\"valueRequired\":true,\"valueName\":\"search_term_string\"}}],\"inLanguage\":\"sr-RS\"}]}<\/script>\n<!-- \/ Yoast SEO plugin. -->","yoast_head_json":{"title":"Proverite dobitne brojeve i iznose za subotnji Loto Australija","description":"Rezultati izvla\u010denja, dobitni brojevi subotnjeg Loto Australija, kao i arhiva rezultata","robots":{"index":"index","follow":"follow","max-snippet":"max-snippet:-1","max-image-preview":"max-image-preview:large","max-video-preview":"max-video-preview:-1"},"canonical":"https:\/\/onlinelotto365.com\/sr\/dobitni-brojevi\/proverite-dobitne-brojeve-i-iznose-za-subotnje-loto-australija\/","og_locale":"sr_RS","og_type":"article","og_title":"Proverite dobitne brojeve i iznose za subotnji Loto Australija","og_description":"Rezultati izvla\u010denja, dobitni brojevi subotnjeg Loto Australija, kao i arhiva rezultata","og_url":"https:\/\/onlinelotto365.com\/sr\/dobitni-brojevi\/proverite-dobitne-brojeve-i-iznose-za-subotnje-loto-australija\/","og_site_name":"OnlineLotto365","og_image":[{"url":"https:\/\/redfoxlotto.com\/image?size=8&amp;lottery=saturday-lotto-au"}],"twitter_card":"summary_large_image","twitter_misc":{"\u041f\u0440\u043e\u0446\u0435\u045a\u0435\u043d\u043e \u0432\u0440\u0435\u043c\u0435 \u0447\u0438\u0442\u0430\u045a\u0430":"3 \u043c\u0438\u043d\u0443\u0442\u0430"},"schema":{"@context":"https:\/\/schema.org","@graph":[{"@type":"WebPage","@id":"https:\/\/onlinelotto365.com\/sr\/dobitni-brojevi\/proverite-dobitne-brojeve-i-iznose-za-subotnje-loto-australija\/","url":"https:\/\/onlinelotto365.com\/sr\/dobitni-brojevi\/proverite-dobitne-brojeve-i-iznose-za-subotnje-loto-australija\/","name":"Proverite dobitne brojeve i iznose za subotnji Loto Australija","isPartOf":{"@id":"https:\/\/onlinelotto365.com\/sr\/#website"},"primaryImageOfPage":{"@id":"https:\/\/onlinelotto365.com\/sr\/dobitni-brojevi\/proverite-dobitne-brojeve-i-iznose-za-subotnje-loto-australija\/#primaryimage"},"image":{"@id":"https:\/\/onlinelotto365.com\/sr\/dobitni-brojevi\/proverite-dobitne-brojeve-i-iznose-za-subotnje-loto-australija\/#primaryimage"},"thumbnailUrl":"https:\/\/redfoxlotto.com\/image?size=8&amp;lottery=saturday-lotto-au","datePublished":"2023-10-03T07:14:39+00:00","dateModified":"2023-10-03T07:14:39+00:00","description":"Rezultati izvla\u010denja, dobitni brojevi subotnjeg Loto Australija, kao i arhiva rezultata","breadcrumb":{"@id":"https:\/\/onlinelotto365.com\/sr\/dobitni-brojevi\/proverite-dobitne-brojeve-i-iznose-za-subotnje-loto-australija\/#breadcrumb"},"inLanguage":"sr-RS","potentialAction":[{"@type":"ReadAction","target":["https:\/\/onlinelotto365.com\/sr\/dobitni-brojevi\/proverite-dobitne-brojeve-i-iznose-za-subotnje-loto-australija\/"]}]},{"@type":"ImageObject","inLanguage":"sr-RS","@id":"https:\/\/onlinelotto365.com\/sr\/dobitni-brojevi\/proverite-dobitne-brojeve-i-iznose-za-subotnje-loto-australija\/#primaryimage","url":"https:\/\/redfoxlotto.com\/image?size=8&amp;lottery=saturday-lotto-au","contentUrl":"https:\/\/redfoxlotto.com\/image?size=8&amp;lottery=saturday-lotto-au"},{"@type":"BreadcrumbList","@id":"https:\/\/onlinelotto365.com\/sr\/dobitni-brojevi\/proverite-dobitne-brojeve-i-iznose-za-subotnje-loto-australija\/#breadcrumb","itemListElement":[{"@type":"ListItem","position":1,"name":"Home","item":"https:\/\/onlinelotto365.com\/sr\/"},{"@type":"ListItem","position":2,"name":"Tragate za me\u0111unarodnim loto rezultatima?","item":"https:\/\/onlinelotto365.com\/sr\/winning-numbers\/"},{"@type":"ListItem","position":3,"name":"Proverite dobitne brojeve i iznose za subotnje Loto Australija."}]},{"@type":"WebSite","@id":"https:\/\/onlinelotto365.com\/sr\/#website","url":"https:\/\/onlinelotto365.com\/sr\/","name":"OnlineLotto365","description":"","potentialAction":[{"@type":"SearchAction","target":{"@type":"EntryPoint","urlTemplate":"https:\/\/onlinelotto365.com\/sr\/?s={search_term_string}"},"query-input":{"@type":"PropertyValueSpecification","valueRequired":true,"valueName":"search_term_string"}}],"inLanguage":"sr-RS"}]}},"_links":{"self":[{"href":"https:\/\/onlinelotto365.com\/sr\/wp-json\/wp\/v2\/pages\/84425","targetHints":{"allow":["GET"]}}],"collection":[{"href":"https:\/\/onlinelotto365.com\/sr\/wp-json\/wp\/v2\/pages"}],"about":[{"href":"https:\/\/onlinelotto365.com\/sr\/wp-json\/wp\/v2\/types\/page"}],"author":[{"embeddable":true,"href":"https:\/\/onlinelotto365.com\/sr\/wp-json\/wp\/v2\/users\/1"}],"replies":[{"embeddable":true,"href":"https:\/\/onlinelotto365.com\/sr\/wp-json\/wp\/v2\/comments?post=84425"}],"version-history":[{"count":0,"href":"https:\/\/onlinelotto365.com\/sr\/wp-json\/wp\/v2\/pages\/84425\/revisions"}],"up":[{"embeddable":true,"href":"https:\/\/onlinelotto365.com\/sr\/wp-json\/wp\/v2\/pages\/5859"}],"wp:attachment":[{"href":"https:\/\/onlinelotto365.com\/sr\/wp-json\/wp\/v2\/media?parent=84425"}],"curies":[{"name":"wp","href":"https:\/\/api.w.org\/{rel}","templated":true}]}}