{"id":84463,"date":"2023-10-03T13:51:03","date_gmt":"2023-10-03T12:51:03","guid":{"rendered":"https:\/\/onlinelotto365.com\/cesto-postavljana-pitanja"},"modified":"2023-10-03T13:51:03","modified_gmt":"2023-10-03T12:51:03","slug":"cesto-postavljana-pitanja","status":"publish","type":"page","link":"https:\/\/onlinelotto365.com\/sr\/cesto-postavljana-pitanja\/","title":{"rendered":"\u010cesto postavljana pitanja"},"content":{"rendered":"<h1>\u010cesto postavljana pitanja o Online Lutriji<\/h1>\n<p>Ovde mo\u017eete prona\u0107i odgovore na pitanja koja se naj\u010de\u0161\u0107e postavljaju o tome kako funkcioni\u0161e online lutrijska usluga.<\/p>\n<p>Kako da do\u0111em do svojih ulaznica?<\/p>\n<p>Jedan od na\u0161ih agenata na licu mesta kupuje ulaznicu u va\u0161e ime i za vas. Zatim se ulaznica skenira i postavlja na va\u0161 nalog. Posla\u0107emo vam email kada osvojite, a na\u0161a usluga uklju\u010duje isplatu va\u0161ih dobitaka vama (vidite ispod za detalje). Osvojili ste i vi.<\/p>\n<p>Koji su prednosti igranja me\u0111unarodnih lutrija online putem nas?<\/p>\n<ul>\n<li>Mo\u017eete birati izme\u0111u mnogo lutrija i uvek postoji veliki d\u017eekpot<\/li>\n<li>Dobijate stvarnu ulaznicu<\/li>\n<li>Mo\u017eete igrati odakle god da se nalazite<\/li>\n<li>Mo\u017eete udobno pla\u0107ati online, imamo vi\u0161e opcija, uklju\u010duju\u0107i i pla\u0107anje kreditnom karticom<\/li>\n<li>Va\u0161i manji dobitci do \u20ac2500 bi\u0107e odmah pripisani va\u0161em igra\u010dkom ra\u010dunu<\/li>\n<li>Za dobitke ve\u0107e od \u20ac2500, mi \u0107emo se brinuti o va\u0161em isplatnom postupku direktno od lutrije, bez dodatnih tro\u0161kova<\/li>\n<\/ul>\n<p>Ko mo\u017ee igrati lutrije?<\/p>\n<p>Svi mogu igrati &#8211; ali morate biti stariji od 18 godina da biste igrali lutriju.<\/p>\n<p>Mogu li igrati lutriju iz inostranstva?<\/p>\n<p>Da. Bez obzira u kojoj zemlji \u017eivite, mo\u017eete u\u010destvovati u svim lutrijama prikazanim na na\u0161em veb sajtu.<\/p>\n<p>Mogu li sam odlu\u010diti o brojevima za lota?<\/p>\n<p>Da. Mo\u017eete ru\u010dno odabrati brojeve ili mo\u017eete koristiti funkciju &#8222;Brzog izbora&#8220; i generisati brojeve nasumi\u010dno.<\/p>\n<p>Kako \u0107u dobiti svoju lutrijsku ulaznicu?<\/p>\n<p>Nakon uspe\u0161nog pla\u0107anja, dobi\u0107ete email sa potvrdom kupovine. Brojevi koje ste odabrali bi\u0107e vidljivi na va\u0161em nalogu. Naravno, proces kupovine i skeniranja traje neko vreme, ali 2 ili 3 sata kasnije, mo\u0107i \u0107ete da prona\u0111ete skeniranu ulaznicu nakon \u0161to se prijavite na svoj nalog.<\/p>\n<p>Kako mogu platiti svoje lutrijske ulaznice?<\/p>\n<p>Imamo razli\u010dite opcije pla\u0107anja za vas, uklju\u010duju\u0107i pla\u0107anje kreditnom karticom, instant bankarski transfer, razli\u010dite kriptovalute i jo\u0161 mnogo toga. Tako\u0111e mo\u017eete uplatiti novac na svoj igra\u010dki ra\u010dun prvo, a zatim koristiti svoj novi saldo da biste kupili ulaznice kad god \u017eelite. Imati saldo \u010dini proces pla\u0107anja mnogo br\u017eim!<\/p>\n<p>Napla\u0107ujete li proviziju ako pobedim?<\/p>\n<p>Ne, ne napla\u0107ujemo. Sve va\u0161e dobitke \u0107emo potpuno isplatiti, bez dodatnih tro\u0161kova osim tro\u0161kova bankarskog transfera u nekim slu\u010dajevima.<\/p>\n<p>Kako \u0107u saznati ako sam pobedio?<\/p>\n<p>Prvo, posla\u0107emo vam email koji vas obave\u0161tava o va\u0161oj pobedi. Tako\u0111e, uvek mo\u017eete da se prijavite na svoj nalog i proverite odeljak &#8222;Moje ulaznice&#8220; i proverite status svojih ulaznica tamo. A\u017euriranja sa dobitnim brojevima za sve lutrije mo\u017eete prona\u0107i na na\u0161em veb sajtu.<\/p>\n<p>Kako \u0107u biti pla\u0107en ako pobedim?<\/p>\n<p>Ako osvojite nagradu do \u20ac2500, ona \u0107e vam odmah biti pripisana na va\u0161 igra\u010dki ra\u010dun. Za ve\u0107e dobitke, posla\u0107emo vam obrazac zahteva putem emaila. Morate se identifikovati i pru\u017eiti neke osnovne informacije, kao \u0161to je na\u010din isplate koji \u017eelite. Zatim \u0107emo va\u0161 zahtev predstaviti lutrijskoj kompaniji. Lutrijska kompanija \u0107e vam zatim platiti direktno. Ako vi\u0161e volite, tako\u0111e mo\u017eete preuzeti svoju ulaznicu u jednom od na\u0161ih kancelarija agenata, a zatim je predstaviti lutriji li\u010dno.<\/p>\n<p>Da li je va\u0161a usluga stvarno legalna?<\/p>\n<p>Da, apsolutno. To je kao da ste na odmoru u zemlji lutrije i sami kupujete ulaznicu. Ako ta ulaznica pobedi, imate isto pravo na dobitke kao i svi ostali.<\/p>\n<p>Kako znam da se lutrijska ulaznica kupuje u moje ime?<\/p>\n<p>Kada platite svoju lutrijsku ulaznicu, prvo \u0107ete primiti potvrdu pla\u0107anja. Malo kasnije, mo\u0107i \u0107ete da vidite skeniranu ulaznicu u oblasti za korisnike na na\u0161em veb sajtu.<\/p>\n","protected":false},"excerpt":{"rendered":"<p>\u010cesto postavljana pitanja o Online Lutriji Ovde mo\u017eete prona\u0107i odgovore na pitanja koja se naj\u010de\u0161\u0107e postavljaju o tome kako funkcioni\u0161e online lutrijska usluga. Kako da do\u0111em do svojih ulaznica? Jedan od na\u0161ih agenata na licu mesta kupuje ulaznicu u va\u0161e ime i za vas. Zatim se ulaznica skenira i postavlja na va\u0161 nalog. Posla\u0107emo vam [&hellip;]<\/p>\n","protected":false},"author":1,"featured_media":0,"parent":0,"menu_order":50,"comment_status":"closed","ping_status":"closed","template":"","meta":{"_et_pb_use_builder":"","_et_pb_old_content":"","_et_gb_content_width":"","exclude_from_search":false,"footnotes":""},"class_list":["post-84463","page","type-page","status-publish","hentry"],"yoast_head":"<!-- This site is optimized with the Yoast SEO plugin v23.4 - https:\/\/yoast.com\/wordpress\/plugins\/seo\/ -->\n<title>Odgovori na naj\u010de\u0161\u0107a pitanja o na\u0161oj online lutrijskoj usluzi<\/title>\n<meta name=\"description\" content=\"\u017delite da saznate vi\u0161e o tome kako funkcioni\u0161e na\u0161a usluga online dostave lutrijskih ulaznica? Prona\u0111ite odgovore na naj\u010de\u0161\u0107a pitanja ovde\" \/>\n<meta name=\"robots\" content=\"index, follow, max-snippet:-1, max-image-preview:large, max-video-preview:-1\" \/>\n<link rel=\"canonical\" href=\"https:\/\/onlinelotto365.com\/sr\/cesto-postavljana-pitanja\/\" \/>\n<meta property=\"og:locale\" content=\"sr_RS\" \/>\n<meta property=\"og:type\" content=\"article\" \/>\n<meta property=\"og:title\" content=\"Odgovori na naj\u010de\u0161\u0107a pitanja o na\u0161oj online lutrijskoj usluzi\" \/>\n<meta property=\"og:description\" content=\"\u017delite da saznate vi\u0161e o tome kako funkcioni\u0161e na\u0161a usluga online dostave lutrijskih ulaznica? Prona\u0111ite odgovore na naj\u010de\u0161\u0107a pitanja ovde\" \/>\n<meta property=\"og:url\" content=\"https:\/\/onlinelotto365.com\/sr\/cesto-postavljana-pitanja\/\" \/>\n<meta property=\"og:site_name\" content=\"OnlineLotto365\" \/>\n<meta name=\"twitter:card\" content=\"summary_large_image\" \/>\n<meta name=\"twitter:label1\" content=\"\u041f\u0440\u043e\u0446\u0435\u045a\u0435\u043d\u043e \u0432\u0440\u0435\u043c\u0435 \u0447\u0438\u0442\u0430\u045a\u0430\" \/>\n\t<meta name=\"twitter:data1\" content=\"3 \u043c\u0438\u043d\u0443\u0442\u0430\" \/>\n<script type=\"application\/ld+json\" class=\"yoast-schema-graph\">{\"@context\":\"https:\/\/schema.org\",\"@graph\":[{\"@type\":\"WebPage\",\"@id\":\"https:\/\/onlinelotto365.com\/sr\/cesto-postavljana-pitanja\/\",\"url\":\"https:\/\/onlinelotto365.com\/sr\/cesto-postavljana-pitanja\/\",\"name\":\"Odgovori na naj\u010de\u0161\u0107a pitanja o na\u0161oj online lutrijskoj usluzi\",\"isPartOf\":{\"@id\":\"https:\/\/onlinelotto365.com\/sr\/#website\"},\"datePublished\":\"2023-10-03T12:51:03+00:00\",\"dateModified\":\"2023-10-03T12:51:03+00:00\",\"description\":\"\u017delite da saznate vi\u0161e o tome kako funkcioni\u0161e na\u0161a usluga online dostave lutrijskih ulaznica? Prona\u0111ite odgovore na naj\u010de\u0161\u0107a pitanja ovde\",\"breadcrumb\":{\"@id\":\"https:\/\/onlinelotto365.com\/sr\/cesto-postavljana-pitanja\/#breadcrumb\"},\"inLanguage\":\"sr-RS\",\"potentialAction\":[{\"@type\":\"ReadAction\",\"target\":[\"https:\/\/onlinelotto365.com\/sr\/cesto-postavljana-pitanja\/\"]}]},{\"@type\":\"BreadcrumbList\",\"@id\":\"https:\/\/onlinelotto365.com\/sr\/cesto-postavljana-pitanja\/#breadcrumb\",\"itemListElement\":[{\"@type\":\"ListItem\",\"position\":1,\"name\":\"Home\",\"item\":\"https:\/\/onlinelotto365.com\/sr\/\"},{\"@type\":\"ListItem\",\"position\":2,\"name\":\"\u010cesto postavljana pitanja\"}]},{\"@type\":\"WebSite\",\"@id\":\"https:\/\/onlinelotto365.com\/sr\/#website\",\"url\":\"https:\/\/onlinelotto365.com\/sr\/\",\"name\":\"OnlineLotto365\",\"description\":\"\",\"potentialAction\":[{\"@type\":\"SearchAction\",\"target\":{\"@type\":\"EntryPoint\",\"urlTemplate\":\"https:\/\/onlinelotto365.com\/sr\/?s={search_term_string}\"},\"query-input\":{\"@type\":\"PropertyValueSpecification\",\"valueRequired\":true,\"valueName\":\"search_term_string\"}}],\"inLanguage\":\"sr-RS\"}]}<\/script>\n<!-- \/ Yoast SEO plugin. -->","yoast_head_json":{"title":"Odgovori na naj\u010de\u0161\u0107a pitanja o na\u0161oj online lutrijskoj usluzi","description":"\u017delite da saznate vi\u0161e o tome kako funkcioni\u0161e na\u0161a usluga online dostave lutrijskih ulaznica? Prona\u0111ite odgovore na naj\u010de\u0161\u0107a pitanja ovde","robots":{"index":"index","follow":"follow","max-snippet":"max-snippet:-1","max-image-preview":"max-image-preview:large","max-video-preview":"max-video-preview:-1"},"canonical":"https:\/\/onlinelotto365.com\/sr\/cesto-postavljana-pitanja\/","og_locale":"sr_RS","og_type":"article","og_title":"Odgovori na naj\u010de\u0161\u0107a pitanja o na\u0161oj online lutrijskoj usluzi","og_description":"\u017delite da saznate vi\u0161e o tome kako funkcioni\u0161e na\u0161a usluga online dostave lutrijskih ulaznica? Prona\u0111ite odgovore na naj\u010de\u0161\u0107a pitanja ovde","og_url":"https:\/\/onlinelotto365.com\/sr\/cesto-postavljana-pitanja\/","og_site_name":"OnlineLotto365","twitter_card":"summary_large_image","twitter_misc":{"\u041f\u0440\u043e\u0446\u0435\u045a\u0435\u043d\u043e \u0432\u0440\u0435\u043c\u0435 \u0447\u0438\u0442\u0430\u045a\u0430":"3 \u043c\u0438\u043d\u0443\u0442\u0430"},"schema":{"@context":"https:\/\/schema.org","@graph":[{"@type":"WebPage","@id":"https:\/\/onlinelotto365.com\/sr\/cesto-postavljana-pitanja\/","url":"https:\/\/onlinelotto365.com\/sr\/cesto-postavljana-pitanja\/","name":"Odgovori na naj\u010de\u0161\u0107a pitanja o na\u0161oj online lutrijskoj usluzi","isPartOf":{"@id":"https:\/\/onlinelotto365.com\/sr\/#website"},"datePublished":"2023-10-03T12:51:03+00:00","dateModified":"2023-10-03T12:51:03+00:00","description":"\u017delite da saznate vi\u0161e o tome kako funkcioni\u0161e na\u0161a usluga online dostave lutrijskih ulaznica? Prona\u0111ite odgovore na naj\u010de\u0161\u0107a pitanja ovde","breadcrumb":{"@id":"https:\/\/onlinelotto365.com\/sr\/cesto-postavljana-pitanja\/#breadcrumb"},"inLanguage":"sr-RS","potentialAction":[{"@type":"ReadAction","target":["https:\/\/onlinelotto365.com\/sr\/cesto-postavljana-pitanja\/"]}]},{"@type":"BreadcrumbList","@id":"https:\/\/onlinelotto365.com\/sr\/cesto-postavljana-pitanja\/#breadcrumb","itemListElement":[{"@type":"ListItem","position":1,"name":"Home","item":"https:\/\/onlinelotto365.com\/sr\/"},{"@type":"ListItem","position":2,"name":"\u010cesto postavljana pitanja"}]},{"@type":"WebSite","@id":"https:\/\/onlinelotto365.com\/sr\/#website","url":"https:\/\/onlinelotto365.com\/sr\/","name":"OnlineLotto365","description":"","potentialAction":[{"@type":"SearchAction","target":{"@type":"EntryPoint","urlTemplate":"https:\/\/onlinelotto365.com\/sr\/?s={search_term_string}"},"query-input":{"@type":"PropertyValueSpecification","valueRequired":true,"valueName":"search_term_string"}}],"inLanguage":"sr-RS"}]}},"_links":{"self":[{"href":"https:\/\/onlinelotto365.com\/sr\/wp-json\/wp\/v2\/pages\/84463","targetHints":{"allow":["GET"]}}],"collection":[{"href":"https:\/\/onlinelotto365.com\/sr\/wp-json\/wp\/v2\/pages"}],"about":[{"href":"https:\/\/onlinelotto365.com\/sr\/wp-json\/wp\/v2\/types\/page"}],"author":[{"embeddable":true,"href":"https:\/\/onlinelotto365.com\/sr\/wp-json\/wp\/v2\/users\/1"}],"replies":[{"embeddable":true,"href":"https:\/\/onlinelotto365.com\/sr\/wp-json\/wp\/v2\/comments?post=84463"}],"version-history":[{"count":0,"href":"https:\/\/onlinelotto365.com\/sr\/wp-json\/wp\/v2\/pages\/84463\/revisions"}],"wp:attachment":[{"href":"https:\/\/onlinelotto365.com\/sr\/wp-json\/wp\/v2\/media?parent=84463"}],"curies":[{"name":"wp","href":"https:\/\/api.w.org\/{rel}","templated":true}]}}