{"id":10533,"date":"2020-12-17T17:47:02","date_gmt":"2020-12-17T16:47:02","guid":{"rendered":"http:\/\/onlinelotto365.net\/?page_id=10533"},"modified":"2021-02-23T06:16:38","modified_gmt":"2021-02-23T05:16:38","slug":"powerball","status":"publish","type":"page","link":"https:\/\/onlinelotto365.com\/sv\/spela\/powerball\/","title":{"rendered":"Hur kan inv\u00e5nare i Sverige spela Powerball online?"},"content":{"rendered":"<p>Det \u00e4r faktiskt <strong> ganska enkelt att spela Powerball online, <\/strong> \u00e4ven om du \u00e4r i Sverige. Och det \u00e4r ocks\u00e5 ganska bekv\u00e4mt.<\/p>\n<p>Powerball lotto erbjuds av \u00e5terf\u00f6rs\u00e4ljare i 41 olika stater i USA. Med en s\u00e5 stor befolkning att dra fr\u00e5n, och med tanke p\u00e5 hur popul\u00e4ra lotterier \u00e4r i USA, s\u00e5 \u00e4r det inte konstigt att det h\u00e4r lotterier \u00e4r s\u00e5 stort, med dess enorma priser.<\/p>\n<p>Det h\u00e4r lotterier \u00e4r s\u00e5 stort att andrapriset \u00e4r en miljon dollar, med flera personer som vinner det under varje dragning, som sker tv\u00e5 g\u00e5nger i veckan. Men att bara vinna en miljon dollar \u00e4r inte varf\u00f6r s\u00e5 m\u00e5nga spelar det, d\u00e5 de har dr\u00f6mmar som \u00e4r s\u00e5 mycket st\u00f6rre \u00e4n s\u00e5.<\/p>\n<p>Oavsett hur stora din dr\u00f6mmar \u00e4r s\u00e5 har Powerball Lotto makten att tillfredsst\u00e4lla allihop, och \u00e4nnu fler. Med jackpottar som vanligtvis ligger bland tiotals till hundratals miljoner dollar, s\u00e5 \u00e4r detta definitivt vad du skulle kalla en gigantisk summa pengar att vinna.<\/p>\n<p><a href=\"https:\/\/redfoxlotto.com\/sv\/spela\/powerball\/?ref=a8564250a2&amp;medium=ol365\" target=\"_blank\" rel=\"noopener noreferrer\"> <img loading=\"lazy\" decoding=\"async\" class=\"aligncenter\" src=\"https:\/\/redfoxlotto.com\/image?size=8&amp;lottery=powerball\" alt=\"powerball\" width=\"793\" height=\"98\" \/> <\/a><\/p>\n<h2>Om Powerball<\/h2>\n<ul>\n<li>Land: USA<\/li>\n<li>Huvudnummerintervall: 69<\/li>\n<li>Du v\u00e4ljer: 5<\/li>\n<li>Extra nummerintervall: 26<\/li>\n<li>Du v\u00e4ljer: 1<\/li>\n<li>Ritningsdagar, timmar: onsdag, l\u00f6rdag, 21:00 EST, + 1 dag 3:00 CET<\/li>\n<li>Minsta jackpot: $ 40 miljoner<\/li>\n<li>Maximalt jackpott: ingen<\/li>\n<li>Sannolikheten att vinna jackpotten: 1 p\u00e5 175.223.510<\/li>\n<li>Sannolikheten f\u00f6r en niv\u00e5 2-vinst: 1 p\u00e5 5.006.386<\/li>\n<li>Sannolikhet att vinna i alla niv\u00e5er: 1 p\u00e5 24,87<\/li>\n<li>Antal prisniv\u00e5er: 9<\/li>\n<\/ul>\n<h2>Powerball jackpotten \u00e4r alltid enorm<\/h2>\n<p><img loading=\"lazy\" decoding=\"async\" class=\" wp-image-1356 alignright\" src=\"https:\/\/onlinelotto365.com\/wp-content\/uploads\/2020\/11\/online_lottery-117-300x217.jpg\" alt=\"spela powerball online\" width=\"268\" height=\"194\" \/><\/p>\n<p>Jackpottar f\u00f6r Powerball Lotto b\u00f6rjade historiskt p\u00e5 $20 miljoner, och \u00e4ven om detta definitivt \u00e4r en fin summa v\u00e4xel, s\u00e5 har de h\u00f6jt minimisumman till en \u00e4nnu mer sp\u00e4nnande summa p\u00e5 $40 miljoner. S\u00e5 \u00e4ven innan saker och ting byggs upp till galna siffror, som det ofta g\u00f6r med det h\u00e4r mega-lotteriet, \u00e4r den l\u00e4gsta jackpotten redan den sort som vi siktar p\u00e5.<\/p>\n<p>Varje g\u00e5ng som det inte blir n\u00e5gon jackpottvinnare s\u00e5 v\u00e4xer den, ofta till hundra miljoner, tv\u00e5hundra miljoner, och till och med trehundra miljoner ibland. Jag tror att de flesta av oss skulle h\u00e5lla med om att \u00e4ven minimisumman p\u00e5 40 miljoner dollar skulle vara nog f\u00f6r att l\u00e5ta oss leva ut v\u00e5ra fantasier, men n\u00e4r det kommer till lotterier s\u00e5 \u00e4r ju st\u00f6rre, desto b\u00e4ttre. S\u00e5 om du \u00e4r som de allra flesta m\u00e4nniskor och \u00e4lskar st\u00f6rre, d\u00e5 \u00e4r detta absolut f\u00f6r dig.<\/p>\n<h2>Hur du spelar Powerball och de priser som erbjuds<\/h2>\n<p>F\u00f6r att spela Powerball Lottery f\u00e5r spelarna f\u00f6rst v\u00e4lja 5 nummer bland 59 vita bollar och sedan v\u00e4lja en r\u00f6d Powerball fr\u00e5n 35 bollar. Du kan v\u00e4lja dina egna nummer eller l\u00e5ta datorn v\u00e4lja de \u00e5t dig. Om du matchar \u00e5tminstone 3 av 5 vita bollar eller matchar den r\u00f6da Powerball s\u00e5 vinner du ett pris.<\/p>\n<p>Att matcha Powerball sj\u00e4lv, eller matcha ett nummer plus Powerball, ger dig $4. 2 nummer plus Powerball eller 2 nummer utan Powerball ger dig $7. 3 nummer plus Powerball eller 4 nummer utan Powerball ger dig $100. 4 nummer plus Powerball \u00e4r v\u00e4rt $10,000. 5 nummer utan Powerball \u00e4r v\u00e4rt en h\u00e4ftig summa p\u00e5 $1,000,000. Om du f\u00e5r alla 5 nummer plus Powerball, d\u00e5 har du vunnit jackpotten!<\/p>\n<p>N\u00e4r du spelar Powerball online kan du l\u00e5ta datorn generera de vinnande numren \u00e5t dig!<\/p>\n<h2>RedFoxLotto bringar sp\u00e4nningen fr\u00e5n Powerball Lotto Online in i ditt hem<\/h2>\n<p><img loading=\"lazy\" decoding=\"async\" class=\" wp-image-1521 alignright\" src=\"https:\/\/onlinelotto365.com\/wp-content\/uploads\/2020\/11\/online_lottery-133-300x212.jpg\" alt=\"powerball fra sverige\" width=\"259\" height=\"183\" \/><\/p>\n<p>Du beh\u00f6ver inte l\u00e4ngre bo i en av staterna i USA d\u00e4r detta lotteri finns. RedFoxLotto har nu tagit Powerball Lotto och alla andra bra lotterier i v\u00e4rlden till din dator. Du kan nu k\u00f6pa s\u00e5 m\u00e5nga lotter online till Powerball som du vill, till det h\u00e4r och alla andra stora lotterier fr\u00e5n hela v\u00e4rlden online.<\/p>\n<p>RedFoxLotto tar hand om dig hela v\u00e4gen, d\u00e4r allt du beh\u00f6ver g\u00f6ra \u00e4r att skapa ett gratis konto, g\u00f6ra dina val, v\u00e4lja ett av deras otaliga bekv\u00e4ma betalningsmetoder, och sen g\u00f6r de resten.<\/p>\n<p>RedFoxLotto har verkligen tagit med lottospel till 2000-talet genom att erbjuda en lotteritj\u00e4nst f\u00f6r Powerball online, och det h\u00e4r \u00e4r det st\u00f6rsta som har h\u00e4nt lotterier sedan lotterna f\u00f6rst b\u00f6rjade s\u00e4ljas. Om du inte tar f\u00f6rdel av den h\u00e4r tj\u00e4nsten s\u00e5 g\u00e5r du verkligen miste om all bra lotteri-action som \u00e4r d\u00e4r ute och v\u00e4ntar p\u00e5 dig.<\/p>\n<p>S\u00e5 det finns ingen anledning att v\u00e4nta l\u00e4ngre p\u00e5 att g\u00e5 med i vilket lotter som helst, n\u00e4r som helst, vart som helst. Klicka h\u00e4r f\u00f6r att bes\u00f6ka RedFoxLotto och b\u00f6rja spela Powerball lotto online och andra stora lotterier nu!<\/p>\n<h2>Ta pengarna nu eller f\u00e5 en livstid av betalningar<\/h2>\n<p>Powerball erbjuder jackpottvinnarna tv\u00e5 s\u00e4tt att f\u00e5 sin vinst p\u00e5. Du kan antingen ta en klumpsumma nu, eller s\u00e5 kan du satsa p\u00e5 att f\u00e5 mycket mer pengar genom att f\u00e5 de i 30 \u00e5rliga betalningar. Varje betalning \u00e4r anpassad f\u00f6r inflation, vilket betyder att din stora betalning under \u00e5r 1 kommer beh\u00e5lla sitt v\u00e4rde under de kommande \u00e5ren.<\/p>\n<p>Med tanke p\u00e5 att dessa betalningar per \u00e5r v\u00e4ldigt ofta \u00f6verg\u00e5r en miljon dollar, och att dessa betalningar kommer vara stora eller st\u00f6rre efter inflation, s\u00e5 \u00e4r detta ett v\u00e4ldigt bra alternativ. Snacka om att ha det bra resten av livet! M\u00e5nga vinnare v\u00e4ljer kontant-alternativet dock, och du kan investera det p\u00e5 det s\u00e4ttet eller g\u00f6ra vad du vill med det.<\/p>\n<p>Om du vinner kommer du beh\u00f6va v\u00e4lja vilken betalningsmetod du vill ha, men en sak \u00e4r s\u00e4ker, detta kommer vara det mest njutbara valet du n\u00e5gonsin har gjort. Du f\u00e5r 60 dagar att v\u00e4lja, vilket ger dig gott om tid att f\u00e5 de b\u00e4sta professionella r\u00e5den som finns, samtidigt som du kan kan fundera och dr\u00f6mma om vad du vill g\u00f6ra med alla pengar.<\/p>\n<h2>Du spelade Powerball online och vann &#8211; vad h\u00e4nder nu?<\/h2>\n<p><strong> V\u00e5r tj\u00e4nst inkluderar hantering av utbetalningarna \u00e5t dig <\/strong>. Du beh\u00f6ver inte oroa dig f\u00f6r att f\u00e5 betalt. Och vi tar inte ut n\u00e5gon provision p\u00e5 dina vinster.<\/p>\n<p>F\u00f6rfarandet beror p\u00e5 hur mycket du vann. Om du vann ett belopp p\u00e5 \u20ac 2500 eller mindre, kommer du att beloppet krediteras ditt konto hos oss. Du kan ta ut det eller l\u00e4mna det p\u00e5 ditt konto och anv\u00e4nda det f\u00f6r att spela fler lotter online.<\/p>\n<p>Om du vinner ett st\u00f6rre belopp skickar vi ett ans\u00f6kningsformul\u00e4r till dig. Du m\u00e5ste sedan fylla i personlig information, inklusive hur du vill f\u00e5 betalt. Det finns tv\u00e5 alternativ: bank\u00f6verf\u00f6ring eller check. Vi skickar anspr\u00e5ksformul\u00e4ret till lotterikommissionen och de betalar dig enligt dina instruktioner.<\/p>\n","protected":false},"excerpt":{"rendered":"<p>Det \u00e4r faktiskt ganska enkelt att spela Powerball online, \u00e4ven om du \u00e4r i Sverige. Och det \u00e4r ocks\u00e5 ganska bekv\u00e4mt. Powerball lotto erbjuds av \u00e5terf\u00f6rs\u00e4ljare i 41 olika stater i USA. Med en s\u00e5 stor befolkning att dra fr\u00e5n, och med tanke p\u00e5 hur popul\u00e4ra lotterier \u00e4r i USA, s\u00e5 \u00e4r det inte konstigt [&hellip;]<\/p>\n","protected":false},"author":1,"featured_media":0,"parent":5090,"menu_order":1,"comment_status":"closed","ping_status":"closed","template":"powerball-usa.php","meta":{"_et_pb_use_builder":"","_et_pb_old_content":"","_et_gb_content_width":"","exclude_from_search":false,"footnotes":""},"class_list":["post-10533","page","type-page","status-publish","hentry"],"yoast_head":"<!-- This site is optimized with the Yoast SEO plugin v23.4 - https:\/\/yoast.com\/wordpress\/plugins\/seo\/ -->\n<title>Spela Powerball online fr\u00e5n Sverige | Kan jag vinna Powerball fr\u00e5n Sverige<\/title>\n<meta name=\"description\" content=\"Spela Powerball Lotto h\u00e4r - det st\u00f6rsta amerikanska lotteriet, tillg\u00e4ngligt online fr\u00e5n Sverige och alla andra l\u00e4nder\" \/>\n<meta name=\"robots\" content=\"index, follow, max-snippet:-1, max-image-preview:large, max-video-preview:-1\" \/>\n<link rel=\"canonical\" href=\"https:\/\/onlinelotto365.com\/sv\/spela\/powerball\/\" \/>\n<meta property=\"og:locale\" content=\"sv_SE\" \/>\n<meta property=\"og:type\" content=\"article\" \/>\n<meta property=\"og:title\" content=\"Spela Powerball online fr\u00e5n Sverige | Kan jag vinna Powerball fr\u00e5n Sverige\" \/>\n<meta property=\"og:description\" content=\"Spela Powerball Lotto h\u00e4r - det st\u00f6rsta amerikanska lotteriet, tillg\u00e4ngligt online fr\u00e5n Sverige och alla andra l\u00e4nder\" \/>\n<meta property=\"og:url\" content=\"https:\/\/onlinelotto365.com\/sv\/spela\/powerball\/\" \/>\n<meta property=\"og:site_name\" content=\"OnlineLotto365\" \/>\n<meta property=\"article:modified_time\" content=\"2021-02-23T05:16:38+00:00\" \/>\n<meta property=\"og:image\" content=\"https:\/\/redfoxlotto.com\/image?size=8&amp;lottery=powerball\" \/>\n<meta name=\"twitter:card\" content=\"summary_large_image\" \/>\n<meta name=\"twitter:label1\" content=\"Ber\u00e4knad l\u00e4stid\" \/>\n\t<meta name=\"twitter:data1\" content=\"6 minuter\" \/>\n<script type=\"application\/ld+json\" class=\"yoast-schema-graph\">{\"@context\":\"https:\/\/schema.org\",\"@graph\":[{\"@type\":\"WebPage\",\"@id\":\"https:\/\/onlinelotto365.com\/sv\/spela\/powerball\/\",\"url\":\"https:\/\/onlinelotto365.com\/sv\/spela\/powerball\/\",\"name\":\"Spela Powerball online fr\u00e5n Sverige | Kan jag vinna Powerball fr\u00e5n Sverige\",\"isPartOf\":{\"@id\":\"https:\/\/onlinelotto365.com\/sv\/#website\"},\"primaryImageOfPage\":{\"@id\":\"https:\/\/onlinelotto365.com\/sv\/spela\/powerball\/#primaryimage\"},\"image\":{\"@id\":\"https:\/\/onlinelotto365.com\/sv\/spela\/powerball\/#primaryimage\"},\"thumbnailUrl\":\"https:\/\/redfoxlotto.com\/image?size=8&amp;lottery=powerball\",\"datePublished\":\"2020-12-17T16:47:02+00:00\",\"dateModified\":\"2021-02-23T05:16:38+00:00\",\"description\":\"Spela Powerball Lotto h\u00e4r - det st\u00f6rsta amerikanska lotteriet, tillg\u00e4ngligt online fr\u00e5n Sverige och alla andra l\u00e4nder\",\"breadcrumb\":{\"@id\":\"https:\/\/onlinelotto365.com\/sv\/spela\/powerball\/#breadcrumb\"},\"inLanguage\":\"sv-SE\",\"potentialAction\":[{\"@type\":\"ReadAction\",\"target\":[\"https:\/\/onlinelotto365.com\/sv\/spela\/powerball\/\"]}]},{\"@type\":\"ImageObject\",\"inLanguage\":\"sv-SE\",\"@id\":\"https:\/\/onlinelotto365.com\/sv\/spela\/powerball\/#primaryimage\",\"url\":\"https:\/\/redfoxlotto.com\/image?size=8&amp;lottery=powerball\",\"contentUrl\":\"https:\/\/redfoxlotto.com\/image?size=8&amp;lottery=powerball\"},{\"@type\":\"BreadcrumbList\",\"@id\":\"https:\/\/onlinelotto365.com\/sv\/spela\/powerball\/#breadcrumb\",\"itemListElement\":[{\"@type\":\"ListItem\",\"position\":1,\"name\":\"Home\",\"item\":\"https:\/\/onlinelotto365.com\/sv\/\"},{\"@type\":\"ListItem\",\"position\":2,\"name\":\"Allt du beh\u00f6ver veta om dina m\u00f6jligheter att spela de b\u00e4sta lotterierna online\",\"item\":\"https:\/\/onlinelotto365.com\/sv\/spela\/\"},{\"@type\":\"ListItem\",\"position\":3,\"name\":\"Hur kan inv\u00e5nare i Sverige spela Powerball online?\"}]},{\"@type\":\"WebSite\",\"@id\":\"https:\/\/onlinelotto365.com\/sv\/#website\",\"url\":\"https:\/\/onlinelotto365.com\/sv\/\",\"name\":\"OnlineLotto365\",\"description\":\"\",\"potentialAction\":[{\"@type\":\"SearchAction\",\"target\":{\"@type\":\"EntryPoint\",\"urlTemplate\":\"https:\/\/onlinelotto365.com\/sv\/?s={search_term_string}\"},\"query-input\":{\"@type\":\"PropertyValueSpecification\",\"valueRequired\":true,\"valueName\":\"search_term_string\"}}],\"inLanguage\":\"sv-SE\"}]}<\/script>\n<!-- \/ Yoast SEO plugin. -->","yoast_head_json":{"title":"Spela Powerball online fr\u00e5n Sverige | Kan jag vinna Powerball fr\u00e5n Sverige","description":"Spela Powerball Lotto h\u00e4r - det st\u00f6rsta amerikanska lotteriet, tillg\u00e4ngligt online fr\u00e5n Sverige och alla andra l\u00e4nder","robots":{"index":"index","follow":"follow","max-snippet":"max-snippet:-1","max-image-preview":"max-image-preview:large","max-video-preview":"max-video-preview:-1"},"canonical":"https:\/\/onlinelotto365.com\/sv\/spela\/powerball\/","og_locale":"sv_SE","og_type":"article","og_title":"Spela Powerball online fr\u00e5n Sverige | Kan jag vinna Powerball fr\u00e5n Sverige","og_description":"Spela Powerball Lotto h\u00e4r - det st\u00f6rsta amerikanska lotteriet, tillg\u00e4ngligt online fr\u00e5n Sverige och alla andra l\u00e4nder","og_url":"https:\/\/onlinelotto365.com\/sv\/spela\/powerball\/","og_site_name":"OnlineLotto365","article_modified_time":"2021-02-23T05:16:38+00:00","og_image":[{"url":"https:\/\/redfoxlotto.com\/image?size=8&amp;lottery=powerball"}],"twitter_card":"summary_large_image","twitter_misc":{"Ber\u00e4knad l\u00e4stid":"6 minuter"},"schema":{"@context":"https:\/\/schema.org","@graph":[{"@type":"WebPage","@id":"https:\/\/onlinelotto365.com\/sv\/spela\/powerball\/","url":"https:\/\/onlinelotto365.com\/sv\/spela\/powerball\/","name":"Spela Powerball online fr\u00e5n Sverige | Kan jag vinna Powerball fr\u00e5n Sverige","isPartOf":{"@id":"https:\/\/onlinelotto365.com\/sv\/#website"},"primaryImageOfPage":{"@id":"https:\/\/onlinelotto365.com\/sv\/spela\/powerball\/#primaryimage"},"image":{"@id":"https:\/\/onlinelotto365.com\/sv\/spela\/powerball\/#primaryimage"},"thumbnailUrl":"https:\/\/redfoxlotto.com\/image?size=8&amp;lottery=powerball","datePublished":"2020-12-17T16:47:02+00:00","dateModified":"2021-02-23T05:16:38+00:00","description":"Spela Powerball Lotto h\u00e4r - det st\u00f6rsta amerikanska lotteriet, tillg\u00e4ngligt online fr\u00e5n Sverige och alla andra l\u00e4nder","breadcrumb":{"@id":"https:\/\/onlinelotto365.com\/sv\/spela\/powerball\/#breadcrumb"},"inLanguage":"sv-SE","potentialAction":[{"@type":"ReadAction","target":["https:\/\/onlinelotto365.com\/sv\/spela\/powerball\/"]}]},{"@type":"ImageObject","inLanguage":"sv-SE","@id":"https:\/\/onlinelotto365.com\/sv\/spela\/powerball\/#primaryimage","url":"https:\/\/redfoxlotto.com\/image?size=8&amp;lottery=powerball","contentUrl":"https:\/\/redfoxlotto.com\/image?size=8&amp;lottery=powerball"},{"@type":"BreadcrumbList","@id":"https:\/\/onlinelotto365.com\/sv\/spela\/powerball\/#breadcrumb","itemListElement":[{"@type":"ListItem","position":1,"name":"Home","item":"https:\/\/onlinelotto365.com\/sv\/"},{"@type":"ListItem","position":2,"name":"Allt du beh\u00f6ver veta om dina m\u00f6jligheter att spela de b\u00e4sta lotterierna online","item":"https:\/\/onlinelotto365.com\/sv\/spela\/"},{"@type":"ListItem","position":3,"name":"Hur kan inv\u00e5nare i Sverige spela Powerball online?"}]},{"@type":"WebSite","@id":"https:\/\/onlinelotto365.com\/sv\/#website","url":"https:\/\/onlinelotto365.com\/sv\/","name":"OnlineLotto365","description":"","potentialAction":[{"@type":"SearchAction","target":{"@type":"EntryPoint","urlTemplate":"https:\/\/onlinelotto365.com\/sv\/?s={search_term_string}"},"query-input":{"@type":"PropertyValueSpecification","valueRequired":true,"valueName":"search_term_string"}}],"inLanguage":"sv-SE"}]}},"_links":{"self":[{"href":"https:\/\/onlinelotto365.com\/sv\/wp-json\/wp\/v2\/pages\/10533","targetHints":{"allow":["GET"]}}],"collection":[{"href":"https:\/\/onlinelotto365.com\/sv\/wp-json\/wp\/v2\/pages"}],"about":[{"href":"https:\/\/onlinelotto365.com\/sv\/wp-json\/wp\/v2\/types\/page"}],"author":[{"embeddable":true,"href":"https:\/\/onlinelotto365.com\/sv\/wp-json\/wp\/v2\/users\/1"}],"replies":[{"embeddable":true,"href":"https:\/\/onlinelotto365.com\/sv\/wp-json\/wp\/v2\/comments?post=10533"}],"version-history":[{"count":0,"href":"https:\/\/onlinelotto365.com\/sv\/wp-json\/wp\/v2\/pages\/10533\/revisions"}],"up":[{"embeddable":true,"href":"https:\/\/onlinelotto365.com\/sv\/wp-json\/wp\/v2\/pages\/5090"}],"wp:attachment":[{"href":"https:\/\/onlinelotto365.com\/sv\/wp-json\/wp\/v2\/media?parent=10533"}],"curies":[{"name":"wp","href":"https:\/\/api.w.org\/{rel}","templated":true}]}}