{"id":10535,"date":"2020-12-17T17:48:08","date_gmt":"2020-12-17T16:48:08","guid":{"rendered":"http:\/\/onlinelotto365.net\/?page_id=10535"},"modified":"2021-03-10T08:51:52","modified_gmt":"2021-03-10T07:51:52","slug":"mega-millions","status":"publish","type":"page","link":"https:\/\/onlinelotto365.com\/sv\/spela\/mega-millions\/","title":{"rendered":"Mega Millions USA online"},"content":{"rendered":"<h2>Om Mega Millions<\/h2>\n<p>Detta \u00e4r f\u00f6rmodligen v\u00e4rldens mest k\u00e4nda lotteri. F\u00f6rser lotto entusiaster fr\u00e5n Sverige m\u00f6jligheten att spela Mega Millions online hj\u00e4lper spelarna att f\u00e5 en dr\u00f6m som g\u00e5r i uppfyllelse. Om du bor i Sverige, s\u00e5 kan du fortfarande spela Mega Millions med en online biljett. V\u00e5r tj\u00e4nst \u00e4r fullst\u00e4ndigt laglig och vi ger dig chansen att delta i detta mega-lotteri fr\u00e5n USA.<br \/>\n<a href=\"https:\/\/redfoxlotto.com\/play\/mega-millions\/?ref=a8564250a2&amp;medium=ol365\" target=\"_blank\" rel=\"noopener noreferrer\"><img decoding=\"async\" class=\"aligncenter\" src=\"https:\/\/redfoxlotto.com\/image?size=8&amp;lottery=mega-millions\" alt=\"mega millions\" \/><\/a><\/p>\n<ul>\n<li>Land: USA<\/li>\n<li>Huvudnummer intervall: 70<\/li>\n<li>Du m\u00e5ste v\u00e4lja: 5<\/li>\n<li>Extra nummer intervall: 25<\/li>\n<li>Du m\u00e5ste v\u00e4lja: 1<\/li>\n<li>Dagar, timmar av dragningar: Tisdag, Fredag, 21:00 EST &#8211; +1 dag 3:00 CET<\/li>\n<li>Mega Millions jackpott b\u00f6rjar p\u00e5: $ 40 miljoner<\/li>\n<li>Mega Millions jackpott \u00e4r begr\u00e4nsad till: ingen<\/li>\n<li>Chans att vinna Jackpotten: 1 p\u00e5 175711536<\/li>\n<li>Chans att vinna andra pris: 1 p\u00e5 3819816<\/li>\n<li>Chans att vinna n\u00e5got pris: 1 p\u00e5 24,12<\/li>\n<li>Nummer av priskategorier: 9<\/li>\n<\/ul>\n<h2>B\u00e4sta egenskaperna hos Mega Millions<\/h2>\n<p><img loading=\"lazy\" decoding=\"async\" class=\"alignright wp-image-1026\" src=\"https:\/\/onlinelotto365.com\/wp-content\/uploads\/2020\/11\/online_lottery-85.jpg\" alt=\"Spela Mega Millions online \" width=\"189\" height=\"162\" \/><\/p>\n<p>Huvudattraktionen hos Mega Millions \u00e4r, givetvis, storleken p\u00e5 v\u00e5ra jackpottar. Mega Millions kan aldrig vara l\u00e4gre \u00e4n $40 miljoner. Varje g\u00e5ng n\u00e5gon vinner jackpotten, b\u00f6rjar den om p\u00e5 minimum beloppet p\u00e5 $40 miljoner. Med tv\u00e5 dragningar per vecka, v\u00e4xer Mega Millions r\u00e4tt s\u00e5 snabbt. I USA, spelar miljoner m\u00e4nniskor Mega Millions vecka efter vecka, och m\u00e5nga m\u00e4nniskor fr\u00e5n andra l\u00e4nder som Sverige spelar \u00e4ven Mega Millions online.<\/p>\n<p>S\u00e5 det \u00e4r normalt att Mega Millions jackpott v\u00e4xer med $10 miljoner efter varje dragning (Om inte n\u00e5gon vinner jackpotten). Det skapar omkring $20 miljoner per vecka eftersom det \u00e4r tv\u00e5 dragningar per vecka.<\/p>\n<p>Och n\u00e4r jackpotten har v\u00e4xt \u00f6ver $100 miljoner, blir \u00e4nnu fler biljetter s\u00e5lda b\u00e5de i lottobutiker och f\u00f6r onlinespelarna. Vid m\u00e5nga tillf\u00e4llen, har jackpotten n\u00e5tt beloppet av $400 miljoner och mer. Fr\u00e5n den stunden, \u00e4r en veckotillv\u00e4xt p\u00e5 $100 miljoner normalt, p\u00e5 grund av explosionen av biljettf\u00f6rs\u00e4ljning. Den nuvarande rekord jackpotten st\u00e5r vid $1500 miljoner. (Ja, $1,5 biljoner!)<\/p>\n<h2>Hur man kontrollerar resultatet p\u00e5 Mega Millions<\/h2>\n<p>Om du bor i Sverige, eller i n\u00e5got annat land utanf\u00f6r USA, d\u00e5 kommer du mest troligt inte kunna f\u00e5 de vinnande siffrorna fr\u00e5n din lokala radio eller tv-kanaler. Du kan bes\u00f6ka den officiella webbsidan f\u00f6r Mega Millions, men det finns en mycket enklare l\u00f6sning f\u00f6r dig. Kom bara tillbaka till v\u00e5r webbsida och ta en titt p\u00e5 resultat sida. Vi publicerar resultaten f\u00f6r alla lotterier h\u00e4r.<\/p>\n<p>Dessutom, kan du verifiera ditt personliga resultat p\u00e5 din spelsida. N\u00e4r du har spelat Mega Millions online p\u00e5 v\u00e5r webbsida, sparas biljetten eller biljetterna som du har spelat p\u00e5 ditt spelkonto. Och efter dragningen, kan du g\u00e5 tillbaka och omedelbart j\u00e4mf\u00f6ra din Mega Millions biljett mot dem senaste vinnande siffrorna.<\/p>\n<h2>Du spelade Mega Millions online en g\u00e5ng och vann \u2013 vad h\u00e4nder sen?<\/h2>\n<p><img loading=\"lazy\" decoding=\"async\" class=\"alignright size-full wp-image-1103\" src=\"https:\/\/onlinelotto365.com\/wp-content\/uploads\/2020\/11\/online_lottery-93.jpg\" alt=\"Mega Millions Sverige \" width=\"212\" height=\"142\" \/><\/p>\n<p>Om du vann ett st\u00f6rre pris, kommer v\u00e5rt supportteam skicka dig ett meddelande med instruktioner om hur du g\u00e5r vidare. Sedan, kommer du att beh\u00f6va komplettera ett formul\u00e4r fr\u00e5n oss. V\u00e5rt serviceteam kommer skicka ditt formul\u00e4r till lotto kommissionen. Formul\u00e4ret kommer \u00e4ven inneh\u00e5lla information om ditt bankkonto eller din fysiska adress i Sverige (Eller vart \u00e4n du bor), och din \u00f6nskning av betalningsmetod \u00e4r ocks\u00e5 definierat av dig i formul\u00e4ret. Inom n\u00e5gra f\u00e5 dagar, \u00f6verf\u00f6rs pengarna p\u00e5 det betalningss\u00e4tt du valt.<\/p>\n<p>Och om du vinner en mindre summa pengar(av upp till \u20ac2500, f\u00f6r att vara exakt), kommer betalningen disponeras till ditt spelarkonto direkt \u2013 Kolla ditt spelar saldo. Sedan best\u00e4mmer du om du vill l\u00e4mna pengarna d\u00e4r och anv\u00e4nda dem f\u00f6r att forts\u00e4tta spela fler lotterier online (eller Mega Millions) eller s\u00e5 kan du p\u00e5b\u00f6rja ett uttag.<\/p>\n","protected":false},"excerpt":{"rendered":"<p>Om Mega Millions Detta \u00e4r f\u00f6rmodligen v\u00e4rldens mest k\u00e4nda lotteri. F\u00f6rser lotto entusiaster fr\u00e5n Sverige m\u00f6jligheten att spela Mega Millions online hj\u00e4lper spelarna att f\u00e5 en dr\u00f6m som g\u00e5r i uppfyllelse. Om du bor i Sverige, s\u00e5 kan du fortfarande spela Mega Millions med en online biljett. V\u00e5r tj\u00e4nst \u00e4r fullst\u00e4ndigt laglig och vi ger [&hellip;]<\/p>\n","protected":false},"author":1,"featured_media":0,"parent":5090,"menu_order":2,"comment_status":"closed","ping_status":"closed","template":"megamillion.php","meta":{"_et_pb_use_builder":"","_et_pb_old_content":"","_et_gb_content_width":"","exclude_from_search":false,"footnotes":""},"class_list":["post-10535","page","type-page","status-publish","hentry"],"yoast_head":"<!-- This site is optimized with the Yoast SEO plugin v23.4 - https:\/\/yoast.com\/wordpress\/plugins\/seo\/ -->\n<title>Spela Mega Millions USA online | Hur svenska inv\u00e5nare lagligt kan delta i Mega Millions<\/title>\n<meta name=\"description\" content=\"Nu kan du ocks\u00e5 spela Mega Millions \u2013 v\u00e5r online service m\u00f6jligg\u00f6r att du kan f\u00e5 Mega Millions biljetter fr\u00e5n Sverige\" \/>\n<meta name=\"robots\" content=\"index, follow, max-snippet:-1, max-image-preview:large, max-video-preview:-1\" \/>\n<link rel=\"canonical\" href=\"https:\/\/onlinelotto365.com\/sv\/spela\/mega-millions\/\" \/>\n<meta property=\"og:locale\" content=\"sv_SE\" \/>\n<meta property=\"og:type\" content=\"article\" \/>\n<meta property=\"og:title\" content=\"Spela Mega Millions USA online | Hur svenska inv\u00e5nare lagligt kan delta i Mega Millions\" \/>\n<meta property=\"og:description\" content=\"Nu kan du ocks\u00e5 spela Mega Millions \u2013 v\u00e5r online service m\u00f6jligg\u00f6r att du kan f\u00e5 Mega Millions biljetter fr\u00e5n Sverige\" \/>\n<meta property=\"og:url\" content=\"https:\/\/onlinelotto365.com\/sv\/spela\/mega-millions\/\" \/>\n<meta property=\"og:site_name\" content=\"OnlineLotto365\" \/>\n<meta property=\"article:modified_time\" content=\"2021-03-10T07:51:52+00:00\" \/>\n<meta property=\"og:image\" content=\"https:\/\/redfoxlotto.com\/image?size=8&amp;lottery=mega-millions\" \/>\n<meta name=\"twitter:card\" content=\"summary_large_image\" \/>\n<meta name=\"twitter:label1\" content=\"Ber\u00e4knad l\u00e4stid\" \/>\n\t<meta name=\"twitter:data1\" content=\"4 minuter\" \/>\n<script type=\"application\/ld+json\" class=\"yoast-schema-graph\">{\"@context\":\"https:\/\/schema.org\",\"@graph\":[{\"@type\":\"WebPage\",\"@id\":\"https:\/\/onlinelotto365.com\/sv\/spela\/mega-millions\/\",\"url\":\"https:\/\/onlinelotto365.com\/sv\/spela\/mega-millions\/\",\"name\":\"Spela Mega Millions USA online | Hur svenska inv\u00e5nare lagligt kan delta i Mega Millions\",\"isPartOf\":{\"@id\":\"https:\/\/onlinelotto365.com\/sv\/#website\"},\"primaryImageOfPage\":{\"@id\":\"https:\/\/onlinelotto365.com\/sv\/spela\/mega-millions\/#primaryimage\"},\"image\":{\"@id\":\"https:\/\/onlinelotto365.com\/sv\/spela\/mega-millions\/#primaryimage\"},\"thumbnailUrl\":\"https:\/\/redfoxlotto.com\/image?size=8&amp;lottery=mega-millions\",\"datePublished\":\"2020-12-17T16:48:08+00:00\",\"dateModified\":\"2021-03-10T07:51:52+00:00\",\"description\":\"Nu kan du ocks\u00e5 spela Mega Millions \u2013 v\u00e5r online service m\u00f6jligg\u00f6r att du kan f\u00e5 Mega Millions biljetter fr\u00e5n Sverige\",\"breadcrumb\":{\"@id\":\"https:\/\/onlinelotto365.com\/sv\/spela\/mega-millions\/#breadcrumb\"},\"inLanguage\":\"sv-SE\",\"potentialAction\":[{\"@type\":\"ReadAction\",\"target\":[\"https:\/\/onlinelotto365.com\/sv\/spela\/mega-millions\/\"]}]},{\"@type\":\"ImageObject\",\"inLanguage\":\"sv-SE\",\"@id\":\"https:\/\/onlinelotto365.com\/sv\/spela\/mega-millions\/#primaryimage\",\"url\":\"https:\/\/redfoxlotto.com\/image?size=8&amp;lottery=mega-millions\",\"contentUrl\":\"https:\/\/redfoxlotto.com\/image?size=8&amp;lottery=mega-millions\"},{\"@type\":\"BreadcrumbList\",\"@id\":\"https:\/\/onlinelotto365.com\/sv\/spela\/mega-millions\/#breadcrumb\",\"itemListElement\":[{\"@type\":\"ListItem\",\"position\":1,\"name\":\"Home\",\"item\":\"https:\/\/onlinelotto365.com\/sv\/\"},{\"@type\":\"ListItem\",\"position\":2,\"name\":\"Allt du beh\u00f6ver veta om dina m\u00f6jligheter att spela de b\u00e4sta lotterierna online\",\"item\":\"https:\/\/onlinelotto365.com\/sv\/spela\/\"},{\"@type\":\"ListItem\",\"position\":3,\"name\":\"Mega Millions USA online\"}]},{\"@type\":\"WebSite\",\"@id\":\"https:\/\/onlinelotto365.com\/sv\/#website\",\"url\":\"https:\/\/onlinelotto365.com\/sv\/\",\"name\":\"OnlineLotto365\",\"description\":\"\",\"potentialAction\":[{\"@type\":\"SearchAction\",\"target\":{\"@type\":\"EntryPoint\",\"urlTemplate\":\"https:\/\/onlinelotto365.com\/sv\/?s={search_term_string}\"},\"query-input\":{\"@type\":\"PropertyValueSpecification\",\"valueRequired\":true,\"valueName\":\"search_term_string\"}}],\"inLanguage\":\"sv-SE\"}]}<\/script>\n<!-- \/ Yoast SEO plugin. -->","yoast_head_json":{"title":"Spela Mega Millions USA online | Hur svenska inv\u00e5nare lagligt kan delta i Mega Millions","description":"Nu kan du ocks\u00e5 spela Mega Millions \u2013 v\u00e5r online service m\u00f6jligg\u00f6r att du kan f\u00e5 Mega Millions biljetter fr\u00e5n Sverige","robots":{"index":"index","follow":"follow","max-snippet":"max-snippet:-1","max-image-preview":"max-image-preview:large","max-video-preview":"max-video-preview:-1"},"canonical":"https:\/\/onlinelotto365.com\/sv\/spela\/mega-millions\/","og_locale":"sv_SE","og_type":"article","og_title":"Spela Mega Millions USA online | Hur svenska inv\u00e5nare lagligt kan delta i Mega Millions","og_description":"Nu kan du ocks\u00e5 spela Mega Millions \u2013 v\u00e5r online service m\u00f6jligg\u00f6r att du kan f\u00e5 Mega Millions biljetter fr\u00e5n Sverige","og_url":"https:\/\/onlinelotto365.com\/sv\/spela\/mega-millions\/","og_site_name":"OnlineLotto365","article_modified_time":"2021-03-10T07:51:52+00:00","og_image":[{"url":"https:\/\/redfoxlotto.com\/image?size=8&amp;lottery=mega-millions"}],"twitter_card":"summary_large_image","twitter_misc":{"Ber\u00e4knad l\u00e4stid":"4 minuter"},"schema":{"@context":"https:\/\/schema.org","@graph":[{"@type":"WebPage","@id":"https:\/\/onlinelotto365.com\/sv\/spela\/mega-millions\/","url":"https:\/\/onlinelotto365.com\/sv\/spela\/mega-millions\/","name":"Spela Mega Millions USA online | Hur svenska inv\u00e5nare lagligt kan delta i Mega Millions","isPartOf":{"@id":"https:\/\/onlinelotto365.com\/sv\/#website"},"primaryImageOfPage":{"@id":"https:\/\/onlinelotto365.com\/sv\/spela\/mega-millions\/#primaryimage"},"image":{"@id":"https:\/\/onlinelotto365.com\/sv\/spela\/mega-millions\/#primaryimage"},"thumbnailUrl":"https:\/\/redfoxlotto.com\/image?size=8&amp;lottery=mega-millions","datePublished":"2020-12-17T16:48:08+00:00","dateModified":"2021-03-10T07:51:52+00:00","description":"Nu kan du ocks\u00e5 spela Mega Millions \u2013 v\u00e5r online service m\u00f6jligg\u00f6r att du kan f\u00e5 Mega Millions biljetter fr\u00e5n Sverige","breadcrumb":{"@id":"https:\/\/onlinelotto365.com\/sv\/spela\/mega-millions\/#breadcrumb"},"inLanguage":"sv-SE","potentialAction":[{"@type":"ReadAction","target":["https:\/\/onlinelotto365.com\/sv\/spela\/mega-millions\/"]}]},{"@type":"ImageObject","inLanguage":"sv-SE","@id":"https:\/\/onlinelotto365.com\/sv\/spela\/mega-millions\/#primaryimage","url":"https:\/\/redfoxlotto.com\/image?size=8&amp;lottery=mega-millions","contentUrl":"https:\/\/redfoxlotto.com\/image?size=8&amp;lottery=mega-millions"},{"@type":"BreadcrumbList","@id":"https:\/\/onlinelotto365.com\/sv\/spela\/mega-millions\/#breadcrumb","itemListElement":[{"@type":"ListItem","position":1,"name":"Home","item":"https:\/\/onlinelotto365.com\/sv\/"},{"@type":"ListItem","position":2,"name":"Allt du beh\u00f6ver veta om dina m\u00f6jligheter att spela de b\u00e4sta lotterierna online","item":"https:\/\/onlinelotto365.com\/sv\/spela\/"},{"@type":"ListItem","position":3,"name":"Mega Millions USA online"}]},{"@type":"WebSite","@id":"https:\/\/onlinelotto365.com\/sv\/#website","url":"https:\/\/onlinelotto365.com\/sv\/","name":"OnlineLotto365","description":"","potentialAction":[{"@type":"SearchAction","target":{"@type":"EntryPoint","urlTemplate":"https:\/\/onlinelotto365.com\/sv\/?s={search_term_string}"},"query-input":{"@type":"PropertyValueSpecification","valueRequired":true,"valueName":"search_term_string"}}],"inLanguage":"sv-SE"}]}},"_links":{"self":[{"href":"https:\/\/onlinelotto365.com\/sv\/wp-json\/wp\/v2\/pages\/10535","targetHints":{"allow":["GET"]}}],"collection":[{"href":"https:\/\/onlinelotto365.com\/sv\/wp-json\/wp\/v2\/pages"}],"about":[{"href":"https:\/\/onlinelotto365.com\/sv\/wp-json\/wp\/v2\/types\/page"}],"author":[{"embeddable":true,"href":"https:\/\/onlinelotto365.com\/sv\/wp-json\/wp\/v2\/users\/1"}],"replies":[{"embeddable":true,"href":"https:\/\/onlinelotto365.com\/sv\/wp-json\/wp\/v2\/comments?post=10535"}],"version-history":[{"count":0,"href":"https:\/\/onlinelotto365.com\/sv\/wp-json\/wp\/v2\/pages\/10535\/revisions"}],"up":[{"embeddable":true,"href":"https:\/\/onlinelotto365.com\/sv\/wp-json\/wp\/v2\/pages\/5090"}],"wp:attachment":[{"href":"https:\/\/onlinelotto365.com\/sv\/wp-json\/wp\/v2\/media?parent=10535"}],"curies":[{"name":"wp","href":"https:\/\/api.w.org\/{rel}","templated":true}]}}