{"id":10539,"date":"2020-12-17T17:53:16","date_gmt":"2020-12-17T16:53:16","guid":{"rendered":"http:\/\/onlinelotto365.net\/?page_id=10539"},"modified":"2022-11-07T10:43:19","modified_gmt":"2022-11-07T09:43:19","slug":"eurojackpot","status":"publish","type":"page","link":"https:\/\/onlinelotto365.com\/sv\/spela\/eurojackpot\/","title":{"rendered":"Spela Eurojackpot med en online-biljett"},"content":{"rendered":"<h2>Om Eurojackpot<\/h2>\n<p>Detta europeiska lotteri skapades genom samarbete mellan ett antal europeiska lotterimyndigheter. F\u00f6r n\u00e4rvarande kan du spela Eurojackpot med biljetter tillg\u00e4ngliga i din lokala lotteributik om du bor i en av de deltagande l\u00e4nderna. Dessa l\u00e4nder \u00e4r Kroatien, Tjeckien, Danmark, Estland, Finland, Tyskland, Ungern, Island, Italien, Lettland, Litauen, Norge, Polen, Slovakien, Slovenien, Spanien, Sverige och Nederl\u00e4nderna.<br \/>\n<a href=\"https:\/\/redfoxlotto.com\/sv\/spela\/eurojackpot\/?ref=a8564250a2&amp;medium=ol365\" target=\"_blank\" rel=\"noopener noreferrer\"> <img decoding=\"async\" class=\"aligncenter\" src=\"https:\/\/redfoxlotto.com\/image?size=8&amp;lottery=eurojackpot\" alt=\"Eurojackpot\" \/> <\/a><\/p>\n<p>Om du av n\u00e5gon anledning inte kan k\u00f6pa en lott till Eurojackpot hos din lokala butik, d\u00e5 har du fortfarande alternativet att spela p\u00e5 Eurojackpot online.<br \/>\nAllt du beh\u00f6ver g\u00f6ra \u00e4r att klicka p\u00e5 den h\u00e4r l\u00e4nken f\u00f6r att komma till RedFoxLotto webbsida. RedFoxLotto \u00e4r en onlinetj\u00e4nst som g\u00f6r att du kan spela i \u00f6ver 20 av v\u00e4rldens st\u00f6rsta lotterier, oavsett vart du kommer ifr\u00e5n.<\/p>\n<ul>\n<li>Land: diverse Europeiska l\u00e4nder, se ovan<\/li>\n<li>Huvudnummerintervall: 50<\/li>\n<li>Du m\u00e5ste v\u00e4lja: 5<\/li>\n<li>Extra nummerintervall: 10<\/li>\n<li>Du m\u00e5ste v\u00e4lja: 2<\/li>\n<li>Dagar, dragningstider: Fredag,,, 21:00 CET &#8211; 21:00 CET<\/li>\n<li>Jackpot b\u00f6rjar vid: 10 miljoner euro<\/li>\n<li>Jackpot \u00e4r begr\u00e4nsat till: 90 miljoner euro<\/li>\n<li>Chans att vinna jackpotten: 1 i 135600640<\/li>\n<li>M\u00f6jlighet att vinna andrapriset: 1 2118760<\/li>\n<li>Chans att vinna n\u00e5got pris: 1 p\u00e5 26,39<\/li>\n<li>Antal priskategorier: 12<\/li>\n<\/ul>\n<h2>Kan jag spela i Eurojackpot online?<\/h2>\n<p><img loading=\"lazy\" decoding=\"async\" class=\"alignright wp-image-1158\" src=\"https:\/\/onlinelotto365.com\/wp-content\/uploads\/2020\/11\/online_lottery-98.jpg\" alt=\"spela Eurojackpot online\" width=\"280\" height=\"210\" \/><br \/>\nOm du av n\u00e5gon anledning inte kan k\u00f6pa en lott till Eurojackpot hos din lokala butik, d\u00e5 har du fortfarande alternativet att spela p\u00e5 Eurojackpot online.<br \/>\nAllt du beh\u00f6ver g\u00f6ra \u00e4r att <a href=\"https:\/\/redfoxlotto.com\/sv\/\">klicka p\u00e5 den h\u00e4r l\u00e4nken f\u00f6r att komma till RedFoxLotto webbsida<\/a>. RedFoxLotto \u00e4r en onlinetj\u00e4nst som g\u00f6r att du kan spela i \u00f6ver 20 av v\u00e4rldens st\u00f6rsta lotterier, oavsett vart du kommer ifr\u00e5n.<\/p>\n<p>Detta blir m\u00f6jligt tack vare av ett n\u00e4tverk av anst\u00e4llda som arbetar f\u00f6r det h\u00e4r f\u00f6retaget, som k\u00f6per lotter till sina kunder, som best\u00e4llt dem online. De best\u00e4llda lotterna kan betalas med kreditkort (det finns ocks\u00e5 m\u00e5nga andra betalningsalternativ) och kort d\u00e4refter f\u00e5r kunden ett bekr\u00e4ftelsemejl. Detta \u00e4r giltigt direkt f\u00f6r n\u00e4sta dragning hos respektive lotteri.<\/p>\n<p>Att spela i Eurojackpot, eller n\u00e5gon annan av de 20 lotterier som erbjuds online, \u00e4r helt lagligt. N\u00e4r du har k\u00f6pt en lott har du en chans p\u00e5 respektive lotteris provision. Mindre vinster p\u00e5 upp till \u20ac2500 s\u00e4tts in direkt p\u00e5 ditt RedFoxLotto-konto. St\u00f6rre vinster tar n\u00e5gra dagar, d\u00e5 RedFoxLotto kommer bearbeta dina vinster \u00e5t dig (gratis) genom att ha kontakt med respektive lokala lotteri.<\/p>\n<p>Den aktuella summan f\u00f6r olika jackpottar kan hittas till h\u00f6ger (eller efter den h\u00e4r texten, om du l\u00e4ser den p\u00e5 en mobil).<\/p>\n<h2>Hur fungerar Eurojackpot?<\/h2>\n<p>Jackpotten b\u00f6rjar alltid p\u00e5 minst 10 miljoner euro. Spelaren har ett val p\u00e5 50 huvudnummer d\u00e4r man kan v\u00e4lja 5. Det finns ocks\u00e5 tv\u00e5 extranummer som man v\u00e4ljer ut (mellan 1 och 10). Jackpotten delas ut n\u00e4r en spelare har 5 + 2 r\u00e4tta nummer. Om jackpotten \u00e4r \u00f6ver 90 miljoner euro kommer \u00f6verskottet tas \u00f6ver till 2a klassen. Detta \u00f6kar sedan summan du kan vinna med 5 r\u00e4tta huvudnummer och ett extranummer. Den faktiska jackpotten p\u00e5 90 miljoner euro kommer forts\u00e4tta spelas p\u00e5 tills n\u00e5gon vinner den.<br \/>\n<img loading=\"lazy\" decoding=\"async\" class=\"alignright wp-image-1092\" src=\"https:\/\/onlinelotto365.com\/wp-content\/uploads\/2020\/11\/online_lottery-92.jpg\" alt=\"Eurojackpot online fr\u00e5n Sverige\" width=\"252\" height=\"179\" \/><\/p>\n<p>Tidigare har jackpotten ofta kn\u00e4ckts av en ensam vinnare. Att dela en jackpott mellan flera spelare har skett ganska s\u00e4llan.<br \/>\nDen matematiska sannolikheten att vinna jackpotten \u00e4r 1:95 miljoner \u2013 ett stort nummer, men de chanserna \u00e4r fortfarande b\u00e4ttre \u00e4n de \u00e4r f\u00f6r stora lotterier i USA, som Powerball och Megamillions.<\/p>\n<p>Skaffa din Eurojackpot-lott nu och spela i ett av de st\u00f6rsta lotterierna i v\u00e4rlden \u2013 kanske v\u00e4ntar den nuvarande Eurojackpotten p\u00e5 dig!<\/p>\n<h2>Hur man kontrollerar Eurojackpot-resultaten<\/h2>\n<p>Kontrollera resultaten antingen p\u00e5 en av de officiella lotterierna i ett deltagande land, eller mer bekv\u00e4mt, bes\u00f6k v\u00e5r webbplats d\u00e4r du kan hitta de senaste resultaten f\u00f6r de mest spektakul\u00e4ra lotterierna i v\u00e4rlden. Och naturligtvis, f\u00f6rutom att kunna spela Eurojackpot, har du ocks\u00e5 m\u00f6jlighet att helt enkelt v\u00e4lja det lotteri som f\u00f6r n\u00e4rvarande har den h\u00f6gsta jackpotten och spela det lotteriet online.<\/p>\n<h2>Du spelade Eurojackpot online och vann &#8211; vad h\u00e4nder nu?<\/h2>\n<p>N\u00e4r du har uppt\u00e4ckt att du har vunnit n\u00e5got p\u00e5 Eurojackpot kommer du ocks\u00e5 att f\u00e5 ett e-postmeddelande fr\u00e5n oss. Vi kommer alltid att meddela v\u00e5ra vinnare, s\u00e5 det finns ingen chans att du missar en vinst. Och med alla mindre vinster (mindre \u00e4n eller lika med \u20ac 2500) hittar du de pengar du vann redan p\u00e5 ditt spelarkonto. Pengarna st\u00e5r till ditt f\u00f6rfogande f\u00f6r uttag strax efter dragningen. Naturligtvis kan du ocks\u00e5 v\u00e4lja att inte ta ut eller beg\u00e4ra en utbetalning av en del av ditt saldo. Oavsett vad ditt saldo efter\u00e5t kan sedan anv\u00e4ndas f\u00f6r att spela online-lotto och <a href=\"https:\/\/onlinelotto365.com\/sv\/kopa-biljetter\"> k\u00f6pa nya biljetter <\/a>.<\/p>\n","protected":false},"excerpt":{"rendered":"<p>Om Eurojackpot Detta europeiska lotteri skapades genom samarbete mellan ett antal europeiska lotterimyndigheter. F\u00f6r n\u00e4rvarande kan du spela Eurojackpot med biljetter tillg\u00e4ngliga i din lokala lotteributik om du bor i en av de deltagande l\u00e4nderna. Dessa l\u00e4nder \u00e4r Kroatien, Tjeckien, Danmark, Estland, Finland, Tyskland, Ungern, Island, Italien, Lettland, Litauen, Norge, Polen, Slovakien, Slovenien, Spanien, Sverige [&hellip;]<\/p>\n","protected":false},"author":1,"featured_media":0,"parent":5090,"menu_order":4,"comment_status":"closed","ping_status":"closed","template":"eurojackpot.php","meta":{"_et_pb_use_builder":"","_et_pb_old_content":"","_et_gb_content_width":"","exclude_from_search":false,"footnotes":""},"class_list":["post-10539","page","type-page","status-publish","hentry"],"yoast_head":"<!-- This site is optimized with the Yoast SEO plugin v23.4 - https:\/\/yoast.com\/wordpress\/plugins\/seo\/ -->\n<title>Spela Eurojackpot online fr\u00e5n Sverige<\/title>\n<meta name=\"description\" content=\"Nu ska vi visa dig hur du kan spela online p\u00e5 Eurojackpot, vart som helst i v\u00e4rlden, och fr\u00e5n Sverige\" \/>\n<meta name=\"robots\" content=\"index, follow, max-snippet:-1, max-image-preview:large, max-video-preview:-1\" \/>\n<link rel=\"canonical\" href=\"https:\/\/onlinelotto365.com\/sv\/spela\/eurojackpot\/\" \/>\n<meta property=\"og:locale\" content=\"sv_SE\" \/>\n<meta property=\"og:type\" content=\"article\" \/>\n<meta property=\"og:title\" content=\"Spela Eurojackpot online fr\u00e5n Sverige\" \/>\n<meta property=\"og:description\" content=\"Nu ska vi visa dig hur du kan spela online p\u00e5 Eurojackpot, vart som helst i v\u00e4rlden, och fr\u00e5n Sverige\" \/>\n<meta property=\"og:url\" content=\"https:\/\/onlinelotto365.com\/sv\/spela\/eurojackpot\/\" \/>\n<meta property=\"og:site_name\" content=\"OnlineLotto365\" \/>\n<meta property=\"article:modified_time\" content=\"2022-11-07T09:43:19+00:00\" \/>\n<meta property=\"og:image\" content=\"https:\/\/redfoxlotto.com\/image?size=8&amp;lottery=eurojackpot\" \/>\n<meta name=\"twitter:card\" content=\"summary_large_image\" \/>\n<meta name=\"twitter:label1\" content=\"Ber\u00e4knad l\u00e4stid\" \/>\n\t<meta name=\"twitter:data1\" content=\"4 minuter\" \/>\n<script type=\"application\/ld+json\" class=\"yoast-schema-graph\">{\"@context\":\"https:\/\/schema.org\",\"@graph\":[{\"@type\":\"WebPage\",\"@id\":\"https:\/\/onlinelotto365.com\/sv\/spela\/eurojackpot\/\",\"url\":\"https:\/\/onlinelotto365.com\/sv\/spela\/eurojackpot\/\",\"name\":\"Spela Eurojackpot online fr\u00e5n Sverige\",\"isPartOf\":{\"@id\":\"https:\/\/onlinelotto365.com\/sv\/#website\"},\"primaryImageOfPage\":{\"@id\":\"https:\/\/onlinelotto365.com\/sv\/spela\/eurojackpot\/#primaryimage\"},\"image\":{\"@id\":\"https:\/\/onlinelotto365.com\/sv\/spela\/eurojackpot\/#primaryimage\"},\"thumbnailUrl\":\"https:\/\/redfoxlotto.com\/image?size=8&amp;lottery=eurojackpot\",\"datePublished\":\"2020-12-17T16:53:16+00:00\",\"dateModified\":\"2022-11-07T09:43:19+00:00\",\"description\":\"Nu ska vi visa dig hur du kan spela online p\u00e5 Eurojackpot, vart som helst i v\u00e4rlden, och fr\u00e5n Sverige\",\"breadcrumb\":{\"@id\":\"https:\/\/onlinelotto365.com\/sv\/spela\/eurojackpot\/#breadcrumb\"},\"inLanguage\":\"sv-SE\",\"potentialAction\":[{\"@type\":\"ReadAction\",\"target\":[\"https:\/\/onlinelotto365.com\/sv\/spela\/eurojackpot\/\"]}]},{\"@type\":\"ImageObject\",\"inLanguage\":\"sv-SE\",\"@id\":\"https:\/\/onlinelotto365.com\/sv\/spela\/eurojackpot\/#primaryimage\",\"url\":\"https:\/\/redfoxlotto.com\/image?size=8&amp;lottery=eurojackpot\",\"contentUrl\":\"https:\/\/redfoxlotto.com\/image?size=8&amp;lottery=eurojackpot\"},{\"@type\":\"BreadcrumbList\",\"@id\":\"https:\/\/onlinelotto365.com\/sv\/spela\/eurojackpot\/#breadcrumb\",\"itemListElement\":[{\"@type\":\"ListItem\",\"position\":1,\"name\":\"Home\",\"item\":\"https:\/\/onlinelotto365.com\/sv\/\"},{\"@type\":\"ListItem\",\"position\":2,\"name\":\"Allt du beh\u00f6ver veta om dina m\u00f6jligheter att spela de b\u00e4sta lotterierna online\",\"item\":\"https:\/\/onlinelotto365.com\/sv\/spela\/\"},{\"@type\":\"ListItem\",\"position\":3,\"name\":\"Spela Eurojackpot med en online-biljett\"}]},{\"@type\":\"WebSite\",\"@id\":\"https:\/\/onlinelotto365.com\/sv\/#website\",\"url\":\"https:\/\/onlinelotto365.com\/sv\/\",\"name\":\"OnlineLotto365\",\"description\":\"\",\"potentialAction\":[{\"@type\":\"SearchAction\",\"target\":{\"@type\":\"EntryPoint\",\"urlTemplate\":\"https:\/\/onlinelotto365.com\/sv\/?s={search_term_string}\"},\"query-input\":{\"@type\":\"PropertyValueSpecification\",\"valueRequired\":true,\"valueName\":\"search_term_string\"}}],\"inLanguage\":\"sv-SE\"}]}<\/script>\n<!-- \/ Yoast SEO plugin. -->","yoast_head_json":{"title":"Spela Eurojackpot online fr\u00e5n Sverige","description":"Nu ska vi visa dig hur du kan spela online p\u00e5 Eurojackpot, vart som helst i v\u00e4rlden, och fr\u00e5n Sverige","robots":{"index":"index","follow":"follow","max-snippet":"max-snippet:-1","max-image-preview":"max-image-preview:large","max-video-preview":"max-video-preview:-1"},"canonical":"https:\/\/onlinelotto365.com\/sv\/spela\/eurojackpot\/","og_locale":"sv_SE","og_type":"article","og_title":"Spela Eurojackpot online fr\u00e5n Sverige","og_description":"Nu ska vi visa dig hur du kan spela online p\u00e5 Eurojackpot, vart som helst i v\u00e4rlden, och fr\u00e5n Sverige","og_url":"https:\/\/onlinelotto365.com\/sv\/spela\/eurojackpot\/","og_site_name":"OnlineLotto365","article_modified_time":"2022-11-07T09:43:19+00:00","og_image":[{"url":"https:\/\/redfoxlotto.com\/image?size=8&amp;lottery=eurojackpot"}],"twitter_card":"summary_large_image","twitter_misc":{"Ber\u00e4knad l\u00e4stid":"4 minuter"},"schema":{"@context":"https:\/\/schema.org","@graph":[{"@type":"WebPage","@id":"https:\/\/onlinelotto365.com\/sv\/spela\/eurojackpot\/","url":"https:\/\/onlinelotto365.com\/sv\/spela\/eurojackpot\/","name":"Spela Eurojackpot online fr\u00e5n Sverige","isPartOf":{"@id":"https:\/\/onlinelotto365.com\/sv\/#website"},"primaryImageOfPage":{"@id":"https:\/\/onlinelotto365.com\/sv\/spela\/eurojackpot\/#primaryimage"},"image":{"@id":"https:\/\/onlinelotto365.com\/sv\/spela\/eurojackpot\/#primaryimage"},"thumbnailUrl":"https:\/\/redfoxlotto.com\/image?size=8&amp;lottery=eurojackpot","datePublished":"2020-12-17T16:53:16+00:00","dateModified":"2022-11-07T09:43:19+00:00","description":"Nu ska vi visa dig hur du kan spela online p\u00e5 Eurojackpot, vart som helst i v\u00e4rlden, och fr\u00e5n Sverige","breadcrumb":{"@id":"https:\/\/onlinelotto365.com\/sv\/spela\/eurojackpot\/#breadcrumb"},"inLanguage":"sv-SE","potentialAction":[{"@type":"ReadAction","target":["https:\/\/onlinelotto365.com\/sv\/spela\/eurojackpot\/"]}]},{"@type":"ImageObject","inLanguage":"sv-SE","@id":"https:\/\/onlinelotto365.com\/sv\/spela\/eurojackpot\/#primaryimage","url":"https:\/\/redfoxlotto.com\/image?size=8&amp;lottery=eurojackpot","contentUrl":"https:\/\/redfoxlotto.com\/image?size=8&amp;lottery=eurojackpot"},{"@type":"BreadcrumbList","@id":"https:\/\/onlinelotto365.com\/sv\/spela\/eurojackpot\/#breadcrumb","itemListElement":[{"@type":"ListItem","position":1,"name":"Home","item":"https:\/\/onlinelotto365.com\/sv\/"},{"@type":"ListItem","position":2,"name":"Allt du beh\u00f6ver veta om dina m\u00f6jligheter att spela de b\u00e4sta lotterierna online","item":"https:\/\/onlinelotto365.com\/sv\/spela\/"},{"@type":"ListItem","position":3,"name":"Spela Eurojackpot med en online-biljett"}]},{"@type":"WebSite","@id":"https:\/\/onlinelotto365.com\/sv\/#website","url":"https:\/\/onlinelotto365.com\/sv\/","name":"OnlineLotto365","description":"","potentialAction":[{"@type":"SearchAction","target":{"@type":"EntryPoint","urlTemplate":"https:\/\/onlinelotto365.com\/sv\/?s={search_term_string}"},"query-input":{"@type":"PropertyValueSpecification","valueRequired":true,"valueName":"search_term_string"}}],"inLanguage":"sv-SE"}]}},"_links":{"self":[{"href":"https:\/\/onlinelotto365.com\/sv\/wp-json\/wp\/v2\/pages\/10539","targetHints":{"allow":["GET"]}}],"collection":[{"href":"https:\/\/onlinelotto365.com\/sv\/wp-json\/wp\/v2\/pages"}],"about":[{"href":"https:\/\/onlinelotto365.com\/sv\/wp-json\/wp\/v2\/types\/page"}],"author":[{"embeddable":true,"href":"https:\/\/onlinelotto365.com\/sv\/wp-json\/wp\/v2\/users\/1"}],"replies":[{"embeddable":true,"href":"https:\/\/onlinelotto365.com\/sv\/wp-json\/wp\/v2\/comments?post=10539"}],"version-history":[{"count":0,"href":"https:\/\/onlinelotto365.com\/sv\/wp-json\/wp\/v2\/pages\/10539\/revisions"}],"up":[{"embeddable":true,"href":"https:\/\/onlinelotto365.com\/sv\/wp-json\/wp\/v2\/pages\/5090"}],"wp:attachment":[{"href":"https:\/\/onlinelotto365.com\/sv\/wp-json\/wp\/v2\/media?parent=10539"}],"curies":[{"name":"wp","href":"https:\/\/api.w.org\/{rel}","templated":true}]}}