{"id":4503,"date":"2020-11-30T12:01:12","date_gmt":"2020-11-30T11:01:12","guid":{"rendered":"http:\/\/onlinelotto365.net\/valkommen-till-onlinelotto365"},"modified":"2023-10-04T09:21:32","modified_gmt":"2023-10-04T08:21:32","slug":"home","status":"publish","type":"page","link":"https:\/\/onlinelotto365.com\/sv\/","title":{"rendered":"V\u00e4lkommen till OnlineLotto365!"},"content":{"rendered":"<p>Upp till nyligen, var oss lotto fans begr\u00e4nsade till att spela lotteriet fr\u00e5n v\u00e5rt egna land eller region. Vi h\u00f6rde om dessa stora sp\u00e4nnande jackpotter n\u00e5gon annanstans, med tiotals eller till och med hundratals miljoner dollar eller euro eller motsvarande som st\u00e5r p\u00e5 spel, och \u00f6nskade att vi bodde p\u00e5 platser d\u00e4r man kunde k\u00f6pa lotter till dessa stora lotteribonanzor.<\/p>\n<p><a href=\"https:\/\/redfoxlotto.com\/sv\/spela\/?ref=a8564250a2&amp;medium=ol365\" target=\"_blank\" rel=\"noopener noreferrer\"><img loading=\"lazy\" decoding=\"async\" class=\"aligncenter\" src=\"https:\/\/redfoxlotto.com\/sv\/image?size=8&amp;lottery=mega-millions\" alt=\"Mega Millions\" width=\"728\" height=\"90\" \/><\/a><\/p>\n<p>Jag vet att du har \u00f6nskat att du kan komma in p\u00e5 den h\u00e4r fantastiska handlingen s\u00e5 m\u00e5nga g\u00e5nger som jag har. Vi har inte ens kunnat spela igenom den, \u00e4n mindre vinna.<\/p>\n<p>Tja, det \u00e4r p\u00e5 v\u00e4g att f\u00f6r\u00e4ndras. Nu, med v\u00e5r nya online-lottotj\u00e4nst, g\u00f6r det ingen skillnad om du bor i ett land d\u00e4r ett lotteri h\u00e5lls eller inte.<\/p>\n<h2>S\u00e4ker betalning f\u00f6r lotto online<\/h2>\n<p>Den h\u00e4r fantastiska nya tj\u00e4nsten erbjuder flera bekv\u00e4ma betalningsalternativ online via en 100% s\u00e4ker toppmodern betalningsprocessor. N\u00e4r du har k\u00f6pt dina lotter skickar de en bekr\u00e4ftelse till din e-post och du ser din lott i ditt kundkonto. Vi kommer ocks\u00e5 att ge gratis hj\u00e4lp med att samla in dina vinster, n\u00e5got du beh\u00f6ver eftersom du inte bor i det land d\u00e4r lotteriet h\u00e5lls. Vi beh\u00f6ver inte oroa oss f\u00f6r n\u00e5gonting h\u00e4r eftersom vi tar hand om allt f\u00f6r v\u00e5ra kunder.<\/p>\n<h2>Ju h\u00f6gre jackpottar, desto b\u00e4ttre \u00e4r dina chanser<\/h2>\n<p><img loading=\"lazy\" decoding=\"async\" class=\" wp-image-1840 alignright\" src=\"https:\/\/onlinelotto365.com\/wp-content\/uploads\/2023\/10\/online_lottery-164-300x250-1.jpg\" alt=\"lotteri online-tj\u00e4nst\" width=\"248\" height=\"207\" \/>Det \u00e4r ingen hemlighet att v\u00e4rdet av att spela lotterier g\u00e5r upp\u00e5t n\u00e4r jackpottarna ocks\u00e5 g\u00e5r upp. S\u00e5 om du fastnar med att beh\u00f6va v\u00e4nta p\u00e5 att det stora lottot i v\u00e5rt land v\u00e4xer sig v\u00e4ldigt stor, kommer du mest att v\u00e4nta. Visst, det \u00e4r fortfarande mycket roligt att spela de mindre jackpottarna, men det finns absolut ingenting som \u00e4r likt att spela de stora online. Det \u00e4r inte bara mycket roligare att f\u00f6rest\u00e4lla oss att vinna en av de enorma priserna som vi ser andra bli \u00f6verd\u00e5diga med, men oddsen \u00e4r mycket mer till v\u00e5r f\u00f6rdel f\u00f6r de stora ocks\u00e5.<\/p>\n<p>Du har nu tillg\u00e5ng till alla de stora d\u00e4r ute, inklusive U.S. Powerball och Mega Millions, Spaniens El Gordo, Italiens Superenalotto, EuroMillions, Eurojackpot, British Lottery, olika australiensiska lotterier och mycket, mycket mer.<\/p>\n<p>\u00c4ven om du bara \u00e4r ett vardagligt lotto-fan, varf\u00f6r skulle du begr\u00e4nsa dig till bara de som du kan k\u00f6pa lotter \u00f6ver en monter n\u00e4r du kan ut\u00f6ka dina horisonter till att omfatta hela v\u00e4rlden genom denna fantastiska onlinetj\u00e4nst? \u00c5terigen tillhandah\u00e5ller de oss allt detta mot en avgift, men de drar inte av n\u00e5got fr\u00e5n v\u00e5ra vinster.<\/p>\n<h2>De st\u00f6rsta l\u00f6nedagarna i historien<\/h2>\n<p>H\u00e4r \u00e4r en lista \u00f6ver de st\u00f6rsta jackpottarna som vunnits under de senaste \u00e5ren. Det \u00e4r ingen \u00f6verraskning att de alla intr\u00e4ffade i USA. De stora amerikanska lotterierna Powerball och Mega Millions genererar enorma utbetalningar regelbundet. S\u00e5 det \u00e4r ingen \u00f6verraskning att de flesta online-ink\u00f6p \u00e4r f\u00f6r Powerball- och Mega Millions-lotter.<\/p>\n<p>$ 1568 miljoner, Powerball jackpott vanns p\u00e5 den 13 Januari, 2016. Denna jackpotten delades mellan 3 vinnare.<br \/>\n$ 1537 miljoner, Mega Millions jackpotten vanns av en enda vinnare p\u00e5 den 23 Oktober, 2018<br \/>\n$ 1000 miljoner, Mega Millions jackpotten vanns av en enda vinnare p\u00e5 den 22 Januari, 2021<br \/>\n$ 768 miljoner, vanns i Powerball p\u00e5 Den 27 Mars, 2019<br \/>\n$ 758 miljoner, vanns p\u00e5 Powerball av en enda vinnare i Augusti 2017<br \/>\n$ 730 miljoner, vanns p\u00e5 Powerball av en enda vinnare p\u00e5 den 20 Januari, 2021<br \/>\n$ 687 miljoner, blev delad p\u00e5 tv\u00e5 vinnare av Powerball p\u00e5 den 27 Oktober, 2018<br \/>\n$ 656 miljoner, en Mega Millions jackpott delades mellan tre vinnare i Mars 2016<\/p>\n<p>Nu har du chansen att vinna stort p\u00e5 en av de lotterierna. F\u00f6rbered dig p\u00e5 att bli utsatt f\u00f6r det b\u00e4sta v\u00e4rlden har att erbjuda och \u00e4nnu viktigare, f\u00f6rb\u00e4ttra dina chanser kraftigt f\u00f6r att winna rikedomar online!<\/p>\n<h2>Lotteriets utveckling<\/h2>\n<p>Historiskt sett verkar de f\u00f6rsta lotterierna ha h\u00e5llits i Kina, och \u00e4ven d\u00e5 tj\u00e4nade dessa lotterier fr\u00e4mst till att finansiera offentliga projekt. Till och med Kinesiska muren kan ha varit ett av dessa projekt. Under \u00e5rhundradena har lotterier oftast sanktionerats och drivits av stater och regeringar f\u00f6r att samla in pengar.<\/p>\n<h2>Lotterier i modern tid<\/h2>\n<p>Eftersom internet har gjort det enklare f\u00f6r m\u00e5nga av oss har de flesta nationella lotterier b\u00f6rjat erbjuda m\u00f6jligheten att k\u00f6pa lotter online. Men att k\u00f6pa lotter online via de nationella lotteriernas webbplatser var begr\u00e4nsat till spelare fr\u00e5n det land d\u00e4r lotteriet var. Den begr\u00e4nsningen avl\u00e4gsnades nu i n\u00e4sta steg i lotteriets utveckling.<\/p>\n<h2>Fler lotterival ger dig b\u00e4ttre odds<\/h2>\n<p>Id\u00e9n med en onlinetj\u00e4nst som v\u00e5r som g\u00f6r det m\u00f6jligt f\u00f6r lottofans att delta i lotterier fr\u00e5n andra jurisdiktioner var n\u00e4sta logiska steg i utvecklingen. Nu kan lottospelare v\u00e4lja bland ett antal lotterier. Genom att sikta p\u00e5 den f\u00f6r n\u00e4rvarande h\u00f6gsta jackpotten kan de f\u00f6rb\u00e4ttra sina vinnande f\u00f6rv\u00e4ntningar avsev\u00e4rt. F\u00f6r lotterier som Mega Millions, Powerball och Euromillions v\u00e4xer andelen lotter som online k\u00f6ps av spelare fr\u00e5n hela v\u00e4rlden m\u00e5nad efter m\u00e5nad.<\/p>\n<p>&nbsp;<\/p>\n","protected":false},"excerpt":{"rendered":"<p>Upp till nyligen, var oss lotto fans begr\u00e4nsade till att spela lotteriet fr\u00e5n v\u00e5rt egna land eller region. Vi h\u00f6rde om dessa stora sp\u00e4nnande jackpotter n\u00e5gon annanstans, med tiotals eller till och med hundratals miljoner dollar eller euro eller motsvarande som st\u00e5r p\u00e5 spel, och \u00f6nskade att vi bodde p\u00e5 platser d\u00e4r man kunde k\u00f6pa [&hellip;]<\/p>\n","protected":false},"author":1,"featured_media":0,"parent":0,"menu_order":1,"comment_status":"closed","ping_status":"closed","template":"lotto.php","meta":{"_et_pb_use_builder":"","_et_pb_old_content":"","_et_gb_content_width":"","exclude_from_search":false,"footnotes":""},"class_list":["post-4503","page","type-page","status-publish","hentry"],"yoast_head":"<!-- This site is optimized with the Yoast SEO plugin v23.4 - https:\/\/yoast.com\/wordpress\/plugins\/seo\/ -->\n<title>Lotto Online | Alla lotteri jackpottar i v\u00e4rlden tillg\u00e4ngliga online<\/title>\n<meta name=\"description\" content=\"Lotto online lott tj\u00e4nst f\u00f6r alla internationella jackpottar. K\u00f6p lotter till alla lotterier i v\u00e4rlden, oavsettt vart du bor\" \/>\n<meta name=\"robots\" content=\"index, follow, max-snippet:-1, max-image-preview:large, max-video-preview:-1\" \/>\n<link rel=\"canonical\" href=\"https:\/\/onlinelotto365.com\/sv\/\" \/>\n<meta property=\"og:locale\" content=\"sv_SE\" \/>\n<meta property=\"og:type\" content=\"article\" \/>\n<meta property=\"og:title\" content=\"Lotto Online | Alla lotteri jackpottar i v\u00e4rlden tillg\u00e4ngliga online\" \/>\n<meta property=\"og:description\" content=\"Lotto online lott tj\u00e4nst f\u00f6r alla internationella jackpottar. K\u00f6p lotter till alla lotterier i v\u00e4rlden, oavsettt vart du bor\" \/>\n<meta property=\"og:url\" content=\"https:\/\/onlinelotto365.com\/sv\/\" \/>\n<meta property=\"og:site_name\" content=\"OnlineLotto365\" \/>\n<meta property=\"article:modified_time\" content=\"2023-10-04T08:21:32+00:00\" \/>\n<meta property=\"og:image\" content=\"https:\/\/redfoxlotto.com\/sv\/image?size=8&amp;lottery=mega-millions\" \/>\n<meta name=\"twitter:card\" content=\"summary_large_image\" \/>\n<meta name=\"twitter:label1\" content=\"Ber\u00e4knad l\u00e4stid\" \/>\n\t<meta name=\"twitter:data1\" content=\"4 minuter\" \/>\n<script type=\"application\/ld+json\" class=\"yoast-schema-graph\">{\"@context\":\"https:\/\/schema.org\",\"@graph\":[{\"@type\":\"WebPage\",\"@id\":\"https:\/\/onlinelotto365.com\/sv\/\",\"url\":\"https:\/\/onlinelotto365.com\/sv\/\",\"name\":\"Lotto Online | Alla lotteri jackpottar i v\u00e4rlden tillg\u00e4ngliga online\",\"isPartOf\":{\"@id\":\"https:\/\/onlinelotto365.com\/sv\/#website\"},\"primaryImageOfPage\":{\"@id\":\"https:\/\/onlinelotto365.com\/sv\/#primaryimage\"},\"image\":{\"@id\":\"https:\/\/onlinelotto365.com\/sv\/#primaryimage\"},\"thumbnailUrl\":\"https:\/\/redfoxlotto.com\/sv\/image?size=8&amp;lottery=mega-millions\",\"datePublished\":\"2020-11-30T11:01:12+00:00\",\"dateModified\":\"2023-10-04T08:21:32+00:00\",\"description\":\"Lotto online lott tj\u00e4nst f\u00f6r alla internationella jackpottar. K\u00f6p lotter till alla lotterier i v\u00e4rlden, oavsettt vart du bor\",\"breadcrumb\":{\"@id\":\"https:\/\/onlinelotto365.com\/sv\/#breadcrumb\"},\"inLanguage\":\"sv-SE\",\"potentialAction\":[{\"@type\":\"ReadAction\",\"target\":[\"https:\/\/onlinelotto365.com\/sv\/\"]}]},{\"@type\":\"ImageObject\",\"inLanguage\":\"sv-SE\",\"@id\":\"https:\/\/onlinelotto365.com\/sv\/#primaryimage\",\"url\":\"https:\/\/redfoxlotto.com\/sv\/image?size=8&amp;lottery=mega-millions\",\"contentUrl\":\"https:\/\/redfoxlotto.com\/sv\/image?size=8&amp;lottery=mega-millions\"},{\"@type\":\"BreadcrumbList\",\"@id\":\"https:\/\/onlinelotto365.com\/sv\/#breadcrumb\",\"itemListElement\":[{\"@type\":\"ListItem\",\"position\":1,\"name\":\"Home\",\"item\":\"https:\/\/onlinelotto365.com\/sv\/\"},{\"@type\":\"ListItem\",\"position\":2,\"name\":\"V\u00e4lkommen till OnlineLotto365!\"}]},{\"@type\":\"WebSite\",\"@id\":\"https:\/\/onlinelotto365.com\/sv\/#website\",\"url\":\"https:\/\/onlinelotto365.com\/sv\/\",\"name\":\"OnlineLotto365\",\"description\":\"\",\"potentialAction\":[{\"@type\":\"SearchAction\",\"target\":{\"@type\":\"EntryPoint\",\"urlTemplate\":\"https:\/\/onlinelotto365.com\/sv\/?s={search_term_string}\"},\"query-input\":{\"@type\":\"PropertyValueSpecification\",\"valueRequired\":true,\"valueName\":\"search_term_string\"}}],\"inLanguage\":\"sv-SE\"}]}<\/script>\n<!-- \/ Yoast SEO plugin. -->","yoast_head_json":{"title":"Lotto Online | Alla lotteri jackpottar i v\u00e4rlden tillg\u00e4ngliga online","description":"Lotto online lott tj\u00e4nst f\u00f6r alla internationella jackpottar. K\u00f6p lotter till alla lotterier i v\u00e4rlden, oavsettt vart du bor","robots":{"index":"index","follow":"follow","max-snippet":"max-snippet:-1","max-image-preview":"max-image-preview:large","max-video-preview":"max-video-preview:-1"},"canonical":"https:\/\/onlinelotto365.com\/sv\/","og_locale":"sv_SE","og_type":"article","og_title":"Lotto Online | Alla lotteri jackpottar i v\u00e4rlden tillg\u00e4ngliga online","og_description":"Lotto online lott tj\u00e4nst f\u00f6r alla internationella jackpottar. K\u00f6p lotter till alla lotterier i v\u00e4rlden, oavsettt vart du bor","og_url":"https:\/\/onlinelotto365.com\/sv\/","og_site_name":"OnlineLotto365","article_modified_time":"2023-10-04T08:21:32+00:00","og_image":[{"url":"https:\/\/redfoxlotto.com\/sv\/image?size=8&amp;lottery=mega-millions"}],"twitter_card":"summary_large_image","twitter_misc":{"Ber\u00e4knad l\u00e4stid":"4 minuter"},"schema":{"@context":"https:\/\/schema.org","@graph":[{"@type":"WebPage","@id":"https:\/\/onlinelotto365.com\/sv\/","url":"https:\/\/onlinelotto365.com\/sv\/","name":"Lotto Online | Alla lotteri jackpottar i v\u00e4rlden tillg\u00e4ngliga online","isPartOf":{"@id":"https:\/\/onlinelotto365.com\/sv\/#website"},"primaryImageOfPage":{"@id":"https:\/\/onlinelotto365.com\/sv\/#primaryimage"},"image":{"@id":"https:\/\/onlinelotto365.com\/sv\/#primaryimage"},"thumbnailUrl":"https:\/\/redfoxlotto.com\/sv\/image?size=8&amp;lottery=mega-millions","datePublished":"2020-11-30T11:01:12+00:00","dateModified":"2023-10-04T08:21:32+00:00","description":"Lotto online lott tj\u00e4nst f\u00f6r alla internationella jackpottar. K\u00f6p lotter till alla lotterier i v\u00e4rlden, oavsettt vart du bor","breadcrumb":{"@id":"https:\/\/onlinelotto365.com\/sv\/#breadcrumb"},"inLanguage":"sv-SE","potentialAction":[{"@type":"ReadAction","target":["https:\/\/onlinelotto365.com\/sv\/"]}]},{"@type":"ImageObject","inLanguage":"sv-SE","@id":"https:\/\/onlinelotto365.com\/sv\/#primaryimage","url":"https:\/\/redfoxlotto.com\/sv\/image?size=8&amp;lottery=mega-millions","contentUrl":"https:\/\/redfoxlotto.com\/sv\/image?size=8&amp;lottery=mega-millions"},{"@type":"BreadcrumbList","@id":"https:\/\/onlinelotto365.com\/sv\/#breadcrumb","itemListElement":[{"@type":"ListItem","position":1,"name":"Home","item":"https:\/\/onlinelotto365.com\/sv\/"},{"@type":"ListItem","position":2,"name":"V\u00e4lkommen till OnlineLotto365!"}]},{"@type":"WebSite","@id":"https:\/\/onlinelotto365.com\/sv\/#website","url":"https:\/\/onlinelotto365.com\/sv\/","name":"OnlineLotto365","description":"","potentialAction":[{"@type":"SearchAction","target":{"@type":"EntryPoint","urlTemplate":"https:\/\/onlinelotto365.com\/sv\/?s={search_term_string}"},"query-input":{"@type":"PropertyValueSpecification","valueRequired":true,"valueName":"search_term_string"}}],"inLanguage":"sv-SE"}]}},"_links":{"self":[{"href":"https:\/\/onlinelotto365.com\/sv\/wp-json\/wp\/v2\/pages\/4503","targetHints":{"allow":["GET"]}}],"collection":[{"href":"https:\/\/onlinelotto365.com\/sv\/wp-json\/wp\/v2\/pages"}],"about":[{"href":"https:\/\/onlinelotto365.com\/sv\/wp-json\/wp\/v2\/types\/page"}],"author":[{"embeddable":true,"href":"https:\/\/onlinelotto365.com\/sv\/wp-json\/wp\/v2\/users\/1"}],"replies":[{"embeddable":true,"href":"https:\/\/onlinelotto365.com\/sv\/wp-json\/wp\/v2\/comments?post=4503"}],"version-history":[{"count":0,"href":"https:\/\/onlinelotto365.com\/sv\/wp-json\/wp\/v2\/pages\/4503\/revisions"}],"wp:attachment":[{"href":"https:\/\/onlinelotto365.com\/sv\/wp-json\/wp\/v2\/media?parent=4503"}],"curies":[{"name":"wp","href":"https:\/\/api.w.org\/{rel}","templated":true}]}}