{"id":5090,"date":"2020-12-03T10:50:32","date_gmt":"2020-12-03T09:50:32","guid":{"rendered":"http:\/\/onlinelotto365.net\/?page_id=5090"},"modified":"2022-11-08T12:07:23","modified_gmt":"2022-11-08T11:07:23","slug":"spela","status":"publish","type":"page","link":"https:\/\/onlinelotto365.com\/sv\/spela\/","title":{"rendered":"Allt du beh\u00f6ver veta om dina m\u00f6jligheter att spela de b\u00e4sta lotterierna online"},"content":{"rendered":"<p>Vill du b\u00f6rja spela p\u00e5 lotteri? Om du \u00e4r det s\u00e5 kommer du definitivt att vilja kolla in dina online-alternativ. Alla de stora lottospelen, fr\u00e5n n\u00e4stan hela v\u00e4rlden, finns tillg\u00e4ngliga f\u00f6r dig att spela online. Du m\u00e5ste bara veta var du ska leta och hur du ska komma ig\u00e5ng. Lyckligtvis f\u00f6r dig \u00e4r det faktiskt v\u00e4ldigt enkelt att g\u00f6ra. Du beh\u00f6ver bara bokm\u00e4rka v\u00e5r webbplats och titta tillbaka f\u00f6r uppdaterad information. Du kommer att hitta massor av alternativ f\u00f6r att spela vart och ett av de lotterispel som du ser, fr\u00e5n n\u00e5got av de l\u00e4nder som anges.<\/p>\n<p><a href=\"https:\/\/redfoxlotto.com\/play\/mega-millions\/?ref=a8564250a2&amp;medium=ol365\" target=\"_blank\" rel=\"noopener noreferrer\"><img loading=\"lazy\" decoding=\"async\" class=\"aligncenter\" src=\"https:\/\/redfoxlotto.com\/image?size=7&amp;lottery=mega-millions\" alt=\"play mega millions\" width=\"841\" height=\"108\" \/><\/a><\/p>\n<p>Det som \u00e4r bra med onlinealternativ \u00e4r att du kan spela spel som finns \u00f6ver hela v\u00e4rlden. Du kommer inte l\u00e4ngre att vara begr\u00e4nsad till bara de spel som du kan spela i din lokala n\u00e4rbutik. Ist\u00e4llet kommer du att kunna kolla hur spelen spelas i olika l\u00e4nder och du kan pr\u00f6va din lycka p\u00e5 dem.<\/p>\n<h2>Att spela p\u00e5 n\u00e4tet ger dig fler valm\u00f6jligheter<\/h2>\n<p>Det b\u00e4sta med att spela lotteri online \u00e4r att det n\u00e4r som helst kommer att finnas en stor jackpot tillg\u00e4nglig f\u00f6r dig att vinna. Om du begr\u00e4nsar dig till att spela p\u00e5 ditt lokala lotto kan du beh\u00f6va v\u00e4nta l\u00e4nge p\u00e5 att jackpotten ska v\u00e4xa till den punkt d\u00e4r det \u00e4r vettigt att investera pengar i lotter.<\/p>\n<p>Det \u00e4r klart att jackpottens storlek \u00e4r viktig f\u00f6r ditt beslut. En st\u00f6rre vinst inneb\u00e4r att din matematiska vinstf\u00f6rv\u00e4ntan \u00e4r h\u00f6gre. Det \u00e4r d\u00e4rf\u00f6r som de flesta av v\u00e5ra kunder l\u00e4gger sina lottopengar p\u00e5 den jackpot som f\u00f6r n\u00e4rvarande \u00e4r h\u00f6gst.<\/p>\n<h2>Hur fungerar lottotj\u00e4nsten online?<\/h2>\n<p>Det snabbaste s\u00e4ttet att b\u00f6rja spela lotto online \u00e4r att klicka p\u00e5 en av lottoknapparna eller bannern och v\u00e4lja dina nummer f\u00f6r att skapa en lott. Du kan spela mer \u00e4n ett lotteri om du vill. Det \u00e4r bara att l\u00e4gga till s\u00e5 m\u00e5nga lotter som du vill i din varukorg. Klicka sedan p\u00e5 f\u00f6r att checka ut och betala. Du m\u00e5ste skapa ett konto hos oss. Gl\u00f6m inte att verifiera ditt konto &#8211; h\u00e5ll utkik efter verifieringsmeddelandet i din inkorg. Om det inte finns n\u00e5got e-postmeddelande d\u00e4r hittar du det i din mapp med ok\u00e4nda avs\u00e4ndare, eller kanske i din skr\u00e4ppostbox.<\/p>\n<h2>Kan jag spela fr\u00e5n mitt hemland?<\/h2>\n<p>Det spelar egentligen ingen roll var du bor. Att spela lotto online fungerar fr\u00e5n (n\u00e4stan) alla platser. De enda undantagen \u00e4r att vi inte kan ta emot kunder fr\u00e5n USA och Nederl\u00e4nderna.<\/p>\n<h2>Hur f\u00e5r jag mina vinster?<\/h2>\n<p>I v\u00e5r lottotj\u00e4nst ing\u00e5r v\u00e5r hj\u00e4lp n\u00e4r det g\u00e4ller att ta ut dina vinster. Det finns tv\u00e5 olika f\u00f6rfaranden f\u00f6r detta:<\/p>\n<ul>\n<li>Vinster p\u00e5 mindre \u00e4n 2 500 euro: Det vunna beloppet kommer att krediteras ditt anv\u00e4ndarsaldo p\u00e5 v\u00e5r webbplats. Du kan g\u00f6ra uttag d\u00e4rifr\u00e5n, till exempel till ditt kreditkort eller bankkonto.<\/li>\n<li>Vinster p\u00e5 mer \u00e4n 2 500 euro: Utbetalningar av h\u00f6gre belopp g\u00f6rs direkt av lotteriet sj\u00e4lvt. Vi ger dig ett formul\u00e4r som du m\u00e5ste fylla i och skicka tillbaka till oss. Formul\u00e4ret inneh\u00e5ller dina instruktioner f\u00f6r utbetalningen, som kan vara antingen en bank\u00f6verf\u00f6ring eller en check. Allt detta kommer att g\u00f6ras online. Vi skickar formul\u00e4ret till lotteriet, och de kommer att \u00f6verf\u00f6ra pengarna till ditt bankkonto eller skicka dig en check &#8211; beroende p\u00e5 vad du f\u00f6redrar.<\/li>\n<\/ul>\n","protected":false},"excerpt":{"rendered":"<p>Vill du b\u00f6rja spela p\u00e5 lotteri? Om du \u00e4r det s\u00e5 kommer du definitivt att vilja kolla in dina online-alternativ. Alla de stora lottospelen, fr\u00e5n n\u00e4stan hela v\u00e4rlden, finns tillg\u00e4ngliga f\u00f6r dig att spela online. Du m\u00e5ste bara veta var du ska leta och hur du ska komma ig\u00e5ng. Lyckligtvis f\u00f6r dig \u00e4r det faktiskt [&hellip;]<\/p>\n","protected":false},"author":1,"featured_media":0,"parent":0,"menu_order":2,"comment_status":"closed","ping_status":"closed","template":"Play-all.php","meta":{"_et_pb_use_builder":"","_et_pb_old_content":"","_et_gb_content_width":"","exclude_from_search":false,"footnotes":""},"class_list":["post-5090","page","type-page","status-publish","hentry"],"yoast_head":"<!-- This site is optimized with the Yoast SEO plugin v23.4 - https:\/\/yoast.com\/wordpress\/plugins\/seo\/ -->\n<title>Play Lotto Online - fler jackpottar f\u00f6r lotterifantaster fr\u00e5n hela v\u00e4rlden<\/title>\n<meta name=\"description\" content=\"Vi g\u00f6r det enkelt f\u00f6r dig att spela utl\u00e4ndska lotterier online - alla stora jackpottar finns h\u00e4r.\" \/>\n<meta name=\"robots\" content=\"index, follow, max-snippet:-1, max-image-preview:large, max-video-preview:-1\" \/>\n<link rel=\"canonical\" href=\"https:\/\/onlinelotto365.com\/sv\/spela\/\" \/>\n<meta property=\"og:locale\" content=\"sv_SE\" \/>\n<meta property=\"og:type\" content=\"article\" \/>\n<meta property=\"og:title\" content=\"Play Lotto Online - fler jackpottar f\u00f6r lotterifantaster fr\u00e5n hela v\u00e4rlden\" \/>\n<meta property=\"og:description\" content=\"Vi g\u00f6r det enkelt f\u00f6r dig att spela utl\u00e4ndska lotterier online - alla stora jackpottar finns h\u00e4r.\" \/>\n<meta property=\"og:url\" content=\"https:\/\/onlinelotto365.com\/sv\/spela\/\" \/>\n<meta property=\"og:site_name\" content=\"OnlineLotto365\" \/>\n<meta property=\"article:modified_time\" content=\"2022-11-08T11:07:23+00:00\" \/>\n<meta property=\"og:image\" content=\"https:\/\/redfoxlotto.com\/image?size=7&amp;lottery=mega-millions\" \/>\n<meta name=\"twitter:card\" content=\"summary_large_image\" \/>\n<meta name=\"twitter:label1\" content=\"Ber\u00e4knad l\u00e4stid\" \/>\n\t<meta name=\"twitter:data1\" content=\"3 minuter\" \/>\n<script type=\"application\/ld+json\" class=\"yoast-schema-graph\">{\"@context\":\"https:\/\/schema.org\",\"@graph\":[{\"@type\":\"WebPage\",\"@id\":\"https:\/\/onlinelotto365.com\/sv\/spela\/\",\"url\":\"https:\/\/onlinelotto365.com\/sv\/spela\/\",\"name\":\"Play Lotto Online - fler jackpottar f\u00f6r lotterifantaster fr\u00e5n hela v\u00e4rlden\",\"isPartOf\":{\"@id\":\"https:\/\/onlinelotto365.com\/sv\/#website\"},\"primaryImageOfPage\":{\"@id\":\"https:\/\/onlinelotto365.com\/sv\/spela\/#primaryimage\"},\"image\":{\"@id\":\"https:\/\/onlinelotto365.com\/sv\/spela\/#primaryimage\"},\"thumbnailUrl\":\"https:\/\/redfoxlotto.com\/image?size=7&amp;lottery=mega-millions\",\"datePublished\":\"2020-12-03T09:50:32+00:00\",\"dateModified\":\"2022-11-08T11:07:23+00:00\",\"description\":\"Vi g\u00f6r det enkelt f\u00f6r dig att spela utl\u00e4ndska lotterier online - alla stora jackpottar finns h\u00e4r.\",\"breadcrumb\":{\"@id\":\"https:\/\/onlinelotto365.com\/sv\/spela\/#breadcrumb\"},\"inLanguage\":\"sv-SE\",\"potentialAction\":[{\"@type\":\"ReadAction\",\"target\":[\"https:\/\/onlinelotto365.com\/sv\/spela\/\"]}]},{\"@type\":\"ImageObject\",\"inLanguage\":\"sv-SE\",\"@id\":\"https:\/\/onlinelotto365.com\/sv\/spela\/#primaryimage\",\"url\":\"https:\/\/redfoxlotto.com\/image?size=7&amp;lottery=mega-millions\",\"contentUrl\":\"https:\/\/redfoxlotto.com\/image?size=7&amp;lottery=mega-millions\"},{\"@type\":\"BreadcrumbList\",\"@id\":\"https:\/\/onlinelotto365.com\/sv\/spela\/#breadcrumb\",\"itemListElement\":[{\"@type\":\"ListItem\",\"position\":1,\"name\":\"Home\",\"item\":\"https:\/\/onlinelotto365.com\/sv\/\"},{\"@type\":\"ListItem\",\"position\":2,\"name\":\"Allt du beh\u00f6ver veta om dina m\u00f6jligheter att spela de b\u00e4sta lotterierna online\"}]},{\"@type\":\"WebSite\",\"@id\":\"https:\/\/onlinelotto365.com\/sv\/#website\",\"url\":\"https:\/\/onlinelotto365.com\/sv\/\",\"name\":\"OnlineLotto365\",\"description\":\"\",\"potentialAction\":[{\"@type\":\"SearchAction\",\"target\":{\"@type\":\"EntryPoint\",\"urlTemplate\":\"https:\/\/onlinelotto365.com\/sv\/?s={search_term_string}\"},\"query-input\":{\"@type\":\"PropertyValueSpecification\",\"valueRequired\":true,\"valueName\":\"search_term_string\"}}],\"inLanguage\":\"sv-SE\"}]}<\/script>\n<!-- \/ Yoast SEO plugin. -->","yoast_head_json":{"title":"Play Lotto Online - fler jackpottar f\u00f6r lotterifantaster fr\u00e5n hela v\u00e4rlden","description":"Vi g\u00f6r det enkelt f\u00f6r dig att spela utl\u00e4ndska lotterier online - alla stora jackpottar finns h\u00e4r.","robots":{"index":"index","follow":"follow","max-snippet":"max-snippet:-1","max-image-preview":"max-image-preview:large","max-video-preview":"max-video-preview:-1"},"canonical":"https:\/\/onlinelotto365.com\/sv\/spela\/","og_locale":"sv_SE","og_type":"article","og_title":"Play Lotto Online - fler jackpottar f\u00f6r lotterifantaster fr\u00e5n hela v\u00e4rlden","og_description":"Vi g\u00f6r det enkelt f\u00f6r dig att spela utl\u00e4ndska lotterier online - alla stora jackpottar finns h\u00e4r.","og_url":"https:\/\/onlinelotto365.com\/sv\/spela\/","og_site_name":"OnlineLotto365","article_modified_time":"2022-11-08T11:07:23+00:00","og_image":[{"url":"https:\/\/redfoxlotto.com\/image?size=7&amp;lottery=mega-millions"}],"twitter_card":"summary_large_image","twitter_misc":{"Ber\u00e4knad l\u00e4stid":"3 minuter"},"schema":{"@context":"https:\/\/schema.org","@graph":[{"@type":"WebPage","@id":"https:\/\/onlinelotto365.com\/sv\/spela\/","url":"https:\/\/onlinelotto365.com\/sv\/spela\/","name":"Play Lotto Online - fler jackpottar f\u00f6r lotterifantaster fr\u00e5n hela v\u00e4rlden","isPartOf":{"@id":"https:\/\/onlinelotto365.com\/sv\/#website"},"primaryImageOfPage":{"@id":"https:\/\/onlinelotto365.com\/sv\/spela\/#primaryimage"},"image":{"@id":"https:\/\/onlinelotto365.com\/sv\/spela\/#primaryimage"},"thumbnailUrl":"https:\/\/redfoxlotto.com\/image?size=7&amp;lottery=mega-millions","datePublished":"2020-12-03T09:50:32+00:00","dateModified":"2022-11-08T11:07:23+00:00","description":"Vi g\u00f6r det enkelt f\u00f6r dig att spela utl\u00e4ndska lotterier online - alla stora jackpottar finns h\u00e4r.","breadcrumb":{"@id":"https:\/\/onlinelotto365.com\/sv\/spela\/#breadcrumb"},"inLanguage":"sv-SE","potentialAction":[{"@type":"ReadAction","target":["https:\/\/onlinelotto365.com\/sv\/spela\/"]}]},{"@type":"ImageObject","inLanguage":"sv-SE","@id":"https:\/\/onlinelotto365.com\/sv\/spela\/#primaryimage","url":"https:\/\/redfoxlotto.com\/image?size=7&amp;lottery=mega-millions","contentUrl":"https:\/\/redfoxlotto.com\/image?size=7&amp;lottery=mega-millions"},{"@type":"BreadcrumbList","@id":"https:\/\/onlinelotto365.com\/sv\/spela\/#breadcrumb","itemListElement":[{"@type":"ListItem","position":1,"name":"Home","item":"https:\/\/onlinelotto365.com\/sv\/"},{"@type":"ListItem","position":2,"name":"Allt du beh\u00f6ver veta om dina m\u00f6jligheter att spela de b\u00e4sta lotterierna online"}]},{"@type":"WebSite","@id":"https:\/\/onlinelotto365.com\/sv\/#website","url":"https:\/\/onlinelotto365.com\/sv\/","name":"OnlineLotto365","description":"","potentialAction":[{"@type":"SearchAction","target":{"@type":"EntryPoint","urlTemplate":"https:\/\/onlinelotto365.com\/sv\/?s={search_term_string}"},"query-input":{"@type":"PropertyValueSpecification","valueRequired":true,"valueName":"search_term_string"}}],"inLanguage":"sv-SE"}]}},"_links":{"self":[{"href":"https:\/\/onlinelotto365.com\/sv\/wp-json\/wp\/v2\/pages\/5090","targetHints":{"allow":["GET"]}}],"collection":[{"href":"https:\/\/onlinelotto365.com\/sv\/wp-json\/wp\/v2\/pages"}],"about":[{"href":"https:\/\/onlinelotto365.com\/sv\/wp-json\/wp\/v2\/types\/page"}],"author":[{"embeddable":true,"href":"https:\/\/onlinelotto365.com\/sv\/wp-json\/wp\/v2\/users\/1"}],"replies":[{"embeddable":true,"href":"https:\/\/onlinelotto365.com\/sv\/wp-json\/wp\/v2\/comments?post=5090"}],"version-history":[{"count":0,"href":"https:\/\/onlinelotto365.com\/sv\/wp-json\/wp\/v2\/pages\/5090\/revisions"}],"wp:attachment":[{"href":"https:\/\/onlinelotto365.com\/sv\/wp-json\/wp\/v2\/media?parent=5090"}],"curies":[{"name":"wp","href":"https:\/\/api.w.org\/{rel}","templated":true}]}}