{"id":5688,"date":"2020-12-04T20:06:36","date_gmt":"2020-12-04T19:06:36","guid":{"rendered":"http:\/\/onlinelotto365.net\/?page_id=5688"},"modified":"2023-10-07T10:39:34","modified_gmt":"2023-10-07T09:39:34","slug":"kopa-biljetter","status":"publish","type":"page","link":"https:\/\/onlinelotto365.com\/sv\/kopa-biljetter\/","title":{"rendered":"Varf\u00f6r det \u00e4r vettigare att k\u00f6pa lotter online"},"content":{"rendered":"<p>I allm\u00e4nhet \u00e4r det mycket bekv\u00e4mare att k\u00f6pa saker online. Det g\u00e4ller \u00e4ven f\u00f6r att k\u00f6pa lotter. Du beh\u00f6ver inte l\u00e4mna huset, spendera pengar p\u00e5 bensin och st\u00e5 i k\u00f6 vid lottobutiken.<\/p>\n<p>Vad som dock \u00e4r viktigare \u00e4r att du inte l\u00e4ngre \u00e4r begr\u00e4nsad till ditt lokala lotteri. Alla dessa jackpottar och lotterier fr\u00e5n avl\u00e4gsna l\u00e4nder finns nu till ditt f\u00f6rfogande online, genom v\u00e5r tj\u00e4nst. Du beh\u00f6ver inte n\u00f6ja dig med sm\u00e5 jackpottar. Du beh\u00f6ver inte l\u00e4ngre v\u00e4nta tills din lokala jackpot \u00e4r tillr\u00e4ckligt stor.<\/p>\n<p>Lotterier som Mega Millions, Powerball, Euromillions, Eurojackpot och Superenalotto (f\u00f6r att bara n\u00e4mna n\u00e5gra) \u00e4r mycket mer attraktiva \u00e4n priserna i det genomsnittliga nationella lotteriet. K\u00f6p biljetter online f\u00f6r bara ett, eller flera lotterier, delta i en dragning eller flera dragningar &#8211; allt \u00e4r m\u00f6jligt h\u00e4r. Det h\u00e4r \u00e4r en helt laglig tj\u00e4nst &#8211; i grund och botten \u00e4r det en budtj\u00e4nst f\u00f6r lotter.<\/p>\n<h2>Euromillions<\/h2>\n<p>Hur fungerar k\u00f6pprocessen f\u00f6r lotter?<br \/>\nVi har f\u00f6rs\u00f6kt g\u00f6ra hela processen s\u00e5 enkel och snabb som m\u00f6jligt f\u00f6r dig. V\u00e5r plattform guidar dig genom de steg som \u00e4r n\u00f6dv\u00e4ndiga f\u00f6r att k\u00f6pa dina biljetter, registrera ett kundkonto och slutligen betala online. Om du har n\u00e5gra fr\u00e5gor f\u00f6resl\u00e5r vi att du kollar v\u00e5r FAQ f\u00f6rst. De vanligaste problemen kommer att l\u00f6sas genom att l\u00e4sa dessa kommentarer. Och om du fortfarande har problem kan du kontakta v\u00e5rt supportteam. De kommer att svara p\u00e5 dina fr\u00e5gor inom 24 timmar.<\/p>\n<h2>Kontrollera dina resultat p\u00e5 det enkla s\u00e4ttet<\/h2>\n<p>N\u00e4r du k\u00f6per en biljett online blir det ocks\u00e5 l\u00e4ttare att kolla resultatet senare. Kom bara tillbaka hit, logga in p\u00e5 ditt konto och titta p\u00e5 dina befintliga biljetter. Vinnande nummer kommer att markeras, och dragningsresultaten kommer att visas bredvid din lott. Vi kommer ocks\u00e5 att ber\u00e4tta hur mycket du har vunnit.<\/p>\n<p>Du kan ocks\u00e5 hitta ett arkiv med tidigare dragningsresultat h\u00e4r. M\u00e5nga av v\u00e5ra spelare gillar att kontrollera tidigare resultat och sedan v\u00e4lja siffrorna f\u00f6r sin n\u00e4sta lott baserat p\u00e5 tidigare vinnande nummer.<\/p>\n<p>Att k\u00f6pa och betala f\u00f6r dina lotter p\u00e5 det s\u00e4kraste s\u00e4ttet<br \/>\nk\u00f6p lotter online Det finns ingen anledning att oroa sig f\u00f6r s\u00e4kerheten f\u00f6r dina betalningsuppgifter, s\u00e5som kreditkortsuppgifter eller bankkontonummer. Under betalningsprocessen anv\u00e4nder vi den senaste och s\u00e4kraste krypteringstekniken. Och vi erbjuder ett antal betalningsalternativ. Det mest popul\u00e4ra alternativet \u00e4r att betala med kreditkort, men du kan anv\u00e4nda Bitcoin, bank\u00f6verf\u00f6ring (fr\u00e5n vissa l\u00e4nder) och en hel del andra alternativ f\u00f6r att k\u00f6pa biljetter.<\/p>\n","protected":false},"excerpt":{"rendered":"<p>I allm\u00e4nhet \u00e4r det mycket bekv\u00e4mare att k\u00f6pa saker online. Det g\u00e4ller \u00e4ven f\u00f6r att k\u00f6pa lotter. Du beh\u00f6ver inte l\u00e4mna huset, spendera pengar p\u00e5 bensin och st\u00e5 i k\u00f6 vid lottobutiken. Vad som dock \u00e4r viktigare \u00e4r att du inte l\u00e4ngre \u00e4r begr\u00e4nsad till ditt lokala lotteri. Alla dessa jackpottar och lotterier fr\u00e5n avl\u00e4gsna [&hellip;]<\/p>\n","protected":false},"author":1,"featured_media":0,"parent":0,"menu_order":3,"comment_status":"closed","ping_status":"closed","template":"Information.php","meta":{"_et_pb_use_builder":"","_et_pb_old_content":"","_et_gb_content_width":"","exclude_from_search":false,"footnotes":""},"class_list":["post-5688","page","type-page","status-publish","hentry"],"yoast_head":"<!-- This site is optimized with the Yoast SEO plugin v23.4 - https:\/\/yoast.com\/wordpress\/plugins\/seo\/ -->\n<title>K\u00f6p biljetter online f\u00f6r de st\u00f6rsta lotterijackpotterna p\u00e5 planeten<\/title>\n<meta name=\"description\" content=\"K\u00f6per du fortfarande lotter lokalt? Det finns mycket b\u00e4ttre lottojackpottar - k\u00f6p bara dina biljetter online!\" \/>\n<meta name=\"robots\" content=\"index, follow, max-snippet:-1, max-image-preview:large, max-video-preview:-1\" \/>\n<link rel=\"canonical\" href=\"https:\/\/onlinelotto365.com\/sv\/kopa-biljetter\/\" \/>\n<meta property=\"og:locale\" content=\"sv_SE\" \/>\n<meta property=\"og:type\" content=\"article\" \/>\n<meta property=\"og:title\" content=\"K\u00f6p biljetter online f\u00f6r de st\u00f6rsta lotterijackpotterna p\u00e5 planeten\" \/>\n<meta property=\"og:description\" content=\"K\u00f6per du fortfarande lotter lokalt? Det finns mycket b\u00e4ttre lottojackpottar - k\u00f6p bara dina biljetter online!\" \/>\n<meta property=\"og:url\" content=\"https:\/\/onlinelotto365.com\/sv\/kopa-biljetter\/\" \/>\n<meta property=\"og:site_name\" content=\"OnlineLotto365\" \/>\n<meta property=\"article:modified_time\" content=\"2023-10-07T09:39:34+00:00\" \/>\n<meta name=\"twitter:card\" content=\"summary_large_image\" \/>\n<meta name=\"twitter:label1\" content=\"Ber\u00e4knad l\u00e4stid\" \/>\n\t<meta name=\"twitter:data1\" content=\"4 minuter\" \/>\n<script type=\"application\/ld+json\" class=\"yoast-schema-graph\">{\"@context\":\"https:\/\/schema.org\",\"@graph\":[{\"@type\":\"WebPage\",\"@id\":\"https:\/\/onlinelotto365.com\/sv\/kopa-biljetter\/\",\"url\":\"https:\/\/onlinelotto365.com\/sv\/kopa-biljetter\/\",\"name\":\"K\u00f6p biljetter online f\u00f6r de st\u00f6rsta lotterijackpotterna p\u00e5 planeten\",\"isPartOf\":{\"@id\":\"https:\/\/onlinelotto365.com\/sv\/#website\"},\"datePublished\":\"2020-12-04T19:06:36+00:00\",\"dateModified\":\"2023-10-07T09:39:34+00:00\",\"description\":\"K\u00f6per du fortfarande lotter lokalt? Det finns mycket b\u00e4ttre lottojackpottar - k\u00f6p bara dina biljetter online!\",\"breadcrumb\":{\"@id\":\"https:\/\/onlinelotto365.com\/sv\/kopa-biljetter\/#breadcrumb\"},\"inLanguage\":\"sv-SE\",\"potentialAction\":[{\"@type\":\"ReadAction\",\"target\":[\"https:\/\/onlinelotto365.com\/sv\/kopa-biljetter\/\"]}]},{\"@type\":\"BreadcrumbList\",\"@id\":\"https:\/\/onlinelotto365.com\/sv\/kopa-biljetter\/#breadcrumb\",\"itemListElement\":[{\"@type\":\"ListItem\",\"position\":1,\"name\":\"Home\",\"item\":\"https:\/\/onlinelotto365.com\/sv\/\"},{\"@type\":\"ListItem\",\"position\":2,\"name\":\"Varf\u00f6r det \u00e4r vettigare att k\u00f6pa lotter online\"}]},{\"@type\":\"WebSite\",\"@id\":\"https:\/\/onlinelotto365.com\/sv\/#website\",\"url\":\"https:\/\/onlinelotto365.com\/sv\/\",\"name\":\"OnlineLotto365\",\"description\":\"\",\"potentialAction\":[{\"@type\":\"SearchAction\",\"target\":{\"@type\":\"EntryPoint\",\"urlTemplate\":\"https:\/\/onlinelotto365.com\/sv\/?s={search_term_string}\"},\"query-input\":{\"@type\":\"PropertyValueSpecification\",\"valueRequired\":true,\"valueName\":\"search_term_string\"}}],\"inLanguage\":\"sv-SE\"}]}<\/script>\n<!-- \/ Yoast SEO plugin. -->","yoast_head_json":{"title":"K\u00f6p biljetter online f\u00f6r de st\u00f6rsta lotterijackpotterna p\u00e5 planeten","description":"K\u00f6per du fortfarande lotter lokalt? Det finns mycket b\u00e4ttre lottojackpottar - k\u00f6p bara dina biljetter online!","robots":{"index":"index","follow":"follow","max-snippet":"max-snippet:-1","max-image-preview":"max-image-preview:large","max-video-preview":"max-video-preview:-1"},"canonical":"https:\/\/onlinelotto365.com\/sv\/kopa-biljetter\/","og_locale":"sv_SE","og_type":"article","og_title":"K\u00f6p biljetter online f\u00f6r de st\u00f6rsta lotterijackpotterna p\u00e5 planeten","og_description":"K\u00f6per du fortfarande lotter lokalt? Det finns mycket b\u00e4ttre lottojackpottar - k\u00f6p bara dina biljetter online!","og_url":"https:\/\/onlinelotto365.com\/sv\/kopa-biljetter\/","og_site_name":"OnlineLotto365","article_modified_time":"2023-10-07T09:39:34+00:00","twitter_card":"summary_large_image","twitter_misc":{"Ber\u00e4knad l\u00e4stid":"4 minuter"},"schema":{"@context":"https:\/\/schema.org","@graph":[{"@type":"WebPage","@id":"https:\/\/onlinelotto365.com\/sv\/kopa-biljetter\/","url":"https:\/\/onlinelotto365.com\/sv\/kopa-biljetter\/","name":"K\u00f6p biljetter online f\u00f6r de st\u00f6rsta lotterijackpotterna p\u00e5 planeten","isPartOf":{"@id":"https:\/\/onlinelotto365.com\/sv\/#website"},"datePublished":"2020-12-04T19:06:36+00:00","dateModified":"2023-10-07T09:39:34+00:00","description":"K\u00f6per du fortfarande lotter lokalt? Det finns mycket b\u00e4ttre lottojackpottar - k\u00f6p bara dina biljetter online!","breadcrumb":{"@id":"https:\/\/onlinelotto365.com\/sv\/kopa-biljetter\/#breadcrumb"},"inLanguage":"sv-SE","potentialAction":[{"@type":"ReadAction","target":["https:\/\/onlinelotto365.com\/sv\/kopa-biljetter\/"]}]},{"@type":"BreadcrumbList","@id":"https:\/\/onlinelotto365.com\/sv\/kopa-biljetter\/#breadcrumb","itemListElement":[{"@type":"ListItem","position":1,"name":"Home","item":"https:\/\/onlinelotto365.com\/sv\/"},{"@type":"ListItem","position":2,"name":"Varf\u00f6r det \u00e4r vettigare att k\u00f6pa lotter online"}]},{"@type":"WebSite","@id":"https:\/\/onlinelotto365.com\/sv\/#website","url":"https:\/\/onlinelotto365.com\/sv\/","name":"OnlineLotto365","description":"","potentialAction":[{"@type":"SearchAction","target":{"@type":"EntryPoint","urlTemplate":"https:\/\/onlinelotto365.com\/sv\/?s={search_term_string}"},"query-input":{"@type":"PropertyValueSpecification","valueRequired":true,"valueName":"search_term_string"}}],"inLanguage":"sv-SE"}]}},"_links":{"self":[{"href":"https:\/\/onlinelotto365.com\/sv\/wp-json\/wp\/v2\/pages\/5688","targetHints":{"allow":["GET"]}}],"collection":[{"href":"https:\/\/onlinelotto365.com\/sv\/wp-json\/wp\/v2\/pages"}],"about":[{"href":"https:\/\/onlinelotto365.com\/sv\/wp-json\/wp\/v2\/types\/page"}],"author":[{"embeddable":true,"href":"https:\/\/onlinelotto365.com\/sv\/wp-json\/wp\/v2\/users\/1"}],"replies":[{"embeddable":true,"href":"https:\/\/onlinelotto365.com\/sv\/wp-json\/wp\/v2\/comments?post=5688"}],"version-history":[{"count":0,"href":"https:\/\/onlinelotto365.com\/sv\/wp-json\/wp\/v2\/pages\/5688\/revisions"}],"wp:attachment":[{"href":"https:\/\/onlinelotto365.com\/sv\/wp-json\/wp\/v2\/media?parent=5688"}],"curies":[{"name":"wp","href":"https:\/\/api.w.org\/{rel}","templated":true}]}}