{"id":58297,"date":"2021-03-10T08:54:48","date_gmt":"2021-03-10T07:54:48","guid":{"rendered":"https:\/\/onlinelotto365.com\/?page_id=58297"},"modified":"2021-03-10T08:54:48","modified_gmt":"2021-03-10T07:54:48","slug":"mega-millions","status":"publish","type":"page","link":"https:\/\/onlinelotto365.com\/sv\/kopa-biljetter\/mega-millions\/","title":{"rendered":"Mega Millions \u00e4r ett av de b\u00e4sta lotterierna p\u00e5 planeten"},"content":{"rendered":"<h2>Du kan nu k\u00f6pa Mega Millions lotto biljetter online<\/h2>\n<p>Du beh\u00f6ver inte l\u00e4ngre ge dig ut f\u00f6r att k\u00f6pa lotto biljetter f\u00f6r Mega Millions. Tack vare bekv\u00e4mligheten av internet, kan du enkelt k\u00f6pa s\u00e5 m\u00e5nga biljetter till detta lotteri som du vill, n\u00e4r som helst, i Sverige direkt fr\u00e5n din dator.<br \/>\nDu beh\u00f6ver inte bo i USA l\u00e4ngre, eftersom inv\u00e5nare fr\u00e5n alla l\u00e4nder runtom i v\u00e4rlden inklusive Sverige \u00e4r ber\u00e4ttigad att anv\u00e4nda denna framst\u00e5ende online service om dem har laglig \u00e5lder inne. Efter flera \u00e5r av begr\u00e4nsning f\u00f6r lotterispelare till endast deras lokala lotterier, och med internet som \u00f6ppnar upp hela v\u00e4rlden f\u00f6r oss, \u00e4r det definitivt en id\u00e9 som \u00e4r r\u00e4tt i tiden.<br \/>\n<a href=\"https:\/\/redfoxlotto.com\/play\/mega-millions\/?ref=a8564250a2&amp;medium=ol365\" target=\"_blank\" rel=\"noopener noreferrer\"><img decoding=\"async\" class=\"aligncenter\" src=\"https:\/\/redfoxlotto.com\/image?size=8&amp;lottery=mega-millions\" alt=\"mega millions\" \/><\/a><\/p>\n<p>Vi erbjuder dig m\u00f6jligheten att k\u00f6pa biljetter online inte bara till Mega Millions utan alla de andra st\u00f6rsta och mest sp\u00e4nnande lotterierna i v\u00e4rlden ocks\u00e5. Allt du beh\u00f6ver g\u00f6ra \u00e4r ett gratis konto, v\u00e4lj vilket lotteri du vill spela, v\u00e4lj dina nummer eller l\u00e5t datorn v\u00e4lja dem \u00e5t dig, betala f\u00f6r dina biljetter genom ett av v\u00e5ra bekv\u00e4ma betalningsalternativ, och du \u00e4r nu fullst\u00e4ndigt med i spelet.<\/p>\n<h2>Vi tar hand om dig varje steg p\u00e5 v\u00e4gen<\/h2>\n<p>Efter att du har k\u00f6pt dina biljetter till ditt lotteri eller lotterierna du har valt, s\u00e4tter vi ig\u00e5ng och ordnar dina biljetter \u00e5t dig, h\u00e5ll dem i s\u00e4kert f\u00f6rvar. Du beh\u00f6ver inte ens h\u00e5lla koll p\u00e5 dragningarna eller de nummer som dras, eftersom vi g\u00f6r allt det \u00e5t dig ocks\u00e5.<\/p>\n<h2>Hur du betalar f\u00f6r din Mega Millions biljett online<\/h2>\n<p>N\u00e4r du har registrerat ditt konto p\u00e5 v\u00e5r sida, kan du antingen s\u00e4tta in en del pengar f\u00f6r dina senare k\u00f6p f\u00f6rst. Eller s\u00e5 skapar du en biljett eller biljetter f\u00f6rst och betalar f\u00f6r dem efter\u00e5t. Du kommer att finna flera alternativ f\u00f6r betalning fr\u00e5n Sverige.<\/p>\n<h2>Mer info om Mega Millions<\/h2>\n<ul>\n<li>Lotteriet h\u00e5lls vart: USA<\/li>\n<li>Hur m\u00e5nga huvudnummer att v\u00e4lja p\u00e5: 70<\/li>\n<li>Du m\u00e5ste v\u00e4lja: 5<\/li>\n<li>Hur m\u00e5nga extra nummer att v\u00e4lja p\u00e5: 25<\/li>\n<li>Du m\u00e5ste v\u00e4lja: 1<\/li>\n<li>Dragningsdagar, timmar: Tisdag, Fredag, 21:00 EST, +1 dag 3:00 CET<\/li>\n<li>Maximal Jackpott: $40 miljoner<\/li>\n<li>Maximal Mega Millions summa: ingen<\/li>\n<li>M\u00f6jliga nummer kombinationer f\u00f6r en vinnande jackpott: 1 p\u00e5 175.711.536<\/li>\n<li>M\u00f6jliga nummer kombinationer f\u00f6r en dragning med 2 vinnande : 1 p\u00e5 3.819.816<\/li>\n<li>Hur m\u00e5nga pris niv\u00e5er: 9<\/li>\n<\/ul>\n<h2>F\u00f6rdelar med att k\u00f6pa Mega Millions biljetter online fr\u00e5n Sverige<\/h2>\n<p><img loading=\"lazy\" decoding=\"async\" class=\" wp-image-1785 alignright\" src=\"https:\/\/onlinelotto365.com\/wp-content\/uploads\/2020\/11\/online_lottery-159-300x300.jpg\" alt=\"K\u00f6p mega millions online \" width=\"204\" height=\"204\" \/><\/p>\n<p>Mega Millions har tv\u00e5 dragningar per vecka, p\u00e5 tisdagar och fredagar. Liknande Powerball, v\u00e4ljer spelarna 5 huvudnummer, dock, ist\u00e4llet f\u00f6r de 59 nummer som du v\u00e4ljer fr\u00e5n i Powerball lotteriet, har Mega Millions endast 56 bollar.<br \/>\nDet finns en ytterligare boll med detta lotteri dessutom, som kallas Mega Ball, d\u00e4r du v\u00e4ljer mellan 46 nummer. Om du matchar alla 5 vanliga nummer plus Mega Ball, d\u00e5 har du vunnit den massiva jackpotten som Mega Millions alltid erbjuder.<\/p>\n<p>Som med alla lotterier, om det inte finns n\u00e5gon jackpott vinnare, v\u00e4xer jackpotten mer och mer tills n\u00e5gon vinner. Det kostar dig samma summa pengar att k\u00f6pa din biljett, men ju mer pengar som \u00e4r p\u00e5 spel, desto b\u00e4ttre deal f\u00f6r dig.<\/p>\n<p>S\u00e5 detta \u00e4r en av anledningarna varf\u00f6r s\u00e5 m\u00e5nga personer k\u00f6per fler biljetter, b\u00e5de online fr\u00e5n Sverige och offline, n\u00e4r jackpottarna verkligen skjuter i h\u00f6jden. Den andra anledningen \u00e4r, givetvis, att det helt enkelt \u00e4r mer sp\u00e4nnande att spela f\u00f6r st\u00f6rre summor.<\/p>\n<h2>\u00c4r det lagligt att k\u00f6pa Mega Millions online?<\/h2>\n<p>Det \u00e4r fullst\u00e4ndigt lagligt att anv\u00e4nda v\u00e5r biljettbud service i Sverige. Se bara till att du \u00e4r \u00e5tminstone 18 \u00e5r gammal.<\/p>\n<h2>Hur f\u00e5r jag betalt i Sverige om jag vinner Mega Millions online?<\/h2>\n<p>N\u00e4r du har vunnit, f\u00f6rser vi \u00e4ven hj\u00e4lp med att samla in dina pengar. Om det \u00e4r en mindre summa (mindre \u00e4n $2500), beh\u00f6ver du inte ens g\u00f6ra n\u00e5got \u2013 vi kommer \u00f6verf\u00f6ra pengarna direkt in p\u00e5 ditt konto. F\u00f6r st\u00f6rre vinster, hj\u00e4lper vi dig komplettera pappersarbetet f\u00f6r att ta emot priset och ordna en utbetalning. Och f\u00f6r de stora priserna (allts\u00e5 en jackpott), kan du best\u00e4mma dig f\u00f6r att ta en resa och h\u00e4mta upp alla miljonerna, jag \u00e4r s\u00e4ker p\u00e5 att du inte skulle ha n\u00e5got emot det. Om du inte vill resa, inga problem. Vi kan ordna en bank transaktion eller en check fr\u00e5n lotterimyndigheten ocks\u00e5.<\/p>\n<h2>Kommer du bli en Mega Millions vinnare?<\/h2>\n<p>S\u00e5 om du inte har spelat Mega Millions f\u00f6rut, vem vet egentligen hur mycket pengar du kunde ha tj\u00e4nat om du hade spelat all denna tid? Tiden att fundera p\u00e5 det \u00e4r dock f\u00f6rbi. Bollen \u00e4r nu i dina h\u00e4nder och med tanke p\u00e5 hur enkelt det \u00e4r att k\u00f6pa lotteri biljetter online numera, \u00e4r det inte s\u00e5 konstigt att folk \u00e4r exalterade \u00f6ver detta.<\/p>\n","protected":false},"excerpt":{"rendered":"<p>Du kan nu k\u00f6pa Mega Millions lotto biljetter online Du beh\u00f6ver inte l\u00e4ngre ge dig ut f\u00f6r att k\u00f6pa lotto biljetter f\u00f6r Mega Millions. Tack vare bekv\u00e4mligheten av internet, kan du enkelt k\u00f6pa s\u00e5 m\u00e5nga biljetter till detta lotteri som du vill, n\u00e4r som helst, i Sverige direkt fr\u00e5n din dator. Du beh\u00f6ver inte bo [&hellip;]<\/p>\n","protected":false},"author":1,"featured_media":0,"parent":5688,"menu_order":2,"comment_status":"closed","ping_status":"closed","template":"megamillion-info.php","meta":{"_et_pb_use_builder":"","_et_pb_old_content":"","_et_gb_content_width":"","exclude_from_search":false,"footnotes":""},"class_list":["post-58297","page","type-page","status-publish","hentry"],"yoast_head":"<!-- This site is optimized with the Yoast SEO plugin v23.4 - https:\/\/yoast.com\/wordpress\/plugins\/seo\/ -->\n<title>K\u00f6p biljetter f\u00f6r Mega Millions online fr\u00e5n Sverige | Om Mega Millions, hur man k\u00f6per biljett online<\/title>\n<meta name=\"description\" content=\"Mega Millions Lotto \u00e4r nu tillg\u00e4nligt f\u00f6r inv\u00e5nare i Sverige \u2013 K\u00f6p laglig Mega Millions online biljett h\u00e4r\" \/>\n<meta name=\"robots\" content=\"index, follow, max-snippet:-1, max-image-preview:large, max-video-preview:-1\" \/>\n<link rel=\"canonical\" href=\"https:\/\/onlinelotto365.com\/sv\/kopa-biljetter\/mega-millions\/\" \/>\n<meta property=\"og:locale\" content=\"sv_SE\" \/>\n<meta property=\"og:type\" content=\"article\" \/>\n<meta property=\"og:title\" content=\"K\u00f6p biljetter f\u00f6r Mega Millions online fr\u00e5n Sverige | Om Mega Millions, hur man k\u00f6per biljett online\" \/>\n<meta property=\"og:description\" content=\"Mega Millions Lotto \u00e4r nu tillg\u00e4nligt f\u00f6r inv\u00e5nare i Sverige \u2013 K\u00f6p laglig Mega Millions online biljett h\u00e4r\" \/>\n<meta property=\"og:url\" content=\"https:\/\/onlinelotto365.com\/sv\/kopa-biljetter\/mega-millions\/\" \/>\n<meta property=\"og:site_name\" content=\"OnlineLotto365\" \/>\n<meta property=\"og:image\" content=\"https:\/\/redfoxlotto.com\/image?size=8&amp;lottery=mega-millions\" \/>\n<meta name=\"twitter:card\" content=\"summary_large_image\" \/>\n<meta name=\"twitter:label1\" content=\"Ber\u00e4knad l\u00e4stid\" \/>\n\t<meta name=\"twitter:data1\" content=\"4 minuter\" \/>\n<script type=\"application\/ld+json\" class=\"yoast-schema-graph\">{\"@context\":\"https:\/\/schema.org\",\"@graph\":[{\"@type\":\"WebPage\",\"@id\":\"https:\/\/onlinelotto365.com\/sv\/kopa-biljetter\/mega-millions\/\",\"url\":\"https:\/\/onlinelotto365.com\/sv\/kopa-biljetter\/mega-millions\/\",\"name\":\"K\u00f6p biljetter f\u00f6r Mega Millions online fr\u00e5n Sverige | Om Mega Millions, hur man k\u00f6per biljett online\",\"isPartOf\":{\"@id\":\"https:\/\/onlinelotto365.com\/sv\/#website\"},\"primaryImageOfPage\":{\"@id\":\"https:\/\/onlinelotto365.com\/sv\/kopa-biljetter\/mega-millions\/#primaryimage\"},\"image\":{\"@id\":\"https:\/\/onlinelotto365.com\/sv\/kopa-biljetter\/mega-millions\/#primaryimage\"},\"thumbnailUrl\":\"https:\/\/redfoxlotto.com\/image?size=8&amp;lottery=mega-millions\",\"datePublished\":\"2021-03-10T07:54:48+00:00\",\"dateModified\":\"2021-03-10T07:54:48+00:00\",\"description\":\"Mega Millions Lotto \u00e4r nu tillg\u00e4nligt f\u00f6r inv\u00e5nare i Sverige \u2013 K\u00f6p laglig Mega Millions online biljett h\u00e4r\",\"breadcrumb\":{\"@id\":\"https:\/\/onlinelotto365.com\/sv\/kopa-biljetter\/mega-millions\/#breadcrumb\"},\"inLanguage\":\"sv-SE\",\"potentialAction\":[{\"@type\":\"ReadAction\",\"target\":[\"https:\/\/onlinelotto365.com\/sv\/kopa-biljetter\/mega-millions\/\"]}]},{\"@type\":\"ImageObject\",\"inLanguage\":\"sv-SE\",\"@id\":\"https:\/\/onlinelotto365.com\/sv\/kopa-biljetter\/mega-millions\/#primaryimage\",\"url\":\"https:\/\/redfoxlotto.com\/image?size=8&amp;lottery=mega-millions\",\"contentUrl\":\"https:\/\/redfoxlotto.com\/image?size=8&amp;lottery=mega-millions\"},{\"@type\":\"BreadcrumbList\",\"@id\":\"https:\/\/onlinelotto365.com\/sv\/kopa-biljetter\/mega-millions\/#breadcrumb\",\"itemListElement\":[{\"@type\":\"ListItem\",\"position\":1,\"name\":\"Home\",\"item\":\"https:\/\/onlinelotto365.com\/sv\/\"},{\"@type\":\"ListItem\",\"position\":2,\"name\":\"Varf\u00f6r det \u00e4r vettigare att k\u00f6pa lotter online\",\"item\":\"https:\/\/onlinelotto365.com\/sv\/kopa-biljetter\/\"},{\"@type\":\"ListItem\",\"position\":3,\"name\":\"Mega Millions \u00e4r ett av de b\u00e4sta lotterierna p\u00e5 planeten\"}]},{\"@type\":\"WebSite\",\"@id\":\"https:\/\/onlinelotto365.com\/sv\/#website\",\"url\":\"https:\/\/onlinelotto365.com\/sv\/\",\"name\":\"OnlineLotto365\",\"description\":\"\",\"potentialAction\":[{\"@type\":\"SearchAction\",\"target\":{\"@type\":\"EntryPoint\",\"urlTemplate\":\"https:\/\/onlinelotto365.com\/sv\/?s={search_term_string}\"},\"query-input\":{\"@type\":\"PropertyValueSpecification\",\"valueRequired\":true,\"valueName\":\"search_term_string\"}}],\"inLanguage\":\"sv-SE\"}]}<\/script>\n<!-- \/ Yoast SEO plugin. -->","yoast_head_json":{"title":"K\u00f6p biljetter f\u00f6r Mega Millions online fr\u00e5n Sverige | Om Mega Millions, hur man k\u00f6per biljett online","description":"Mega Millions Lotto \u00e4r nu tillg\u00e4nligt f\u00f6r inv\u00e5nare i Sverige \u2013 K\u00f6p laglig Mega Millions online biljett h\u00e4r","robots":{"index":"index","follow":"follow","max-snippet":"max-snippet:-1","max-image-preview":"max-image-preview:large","max-video-preview":"max-video-preview:-1"},"canonical":"https:\/\/onlinelotto365.com\/sv\/kopa-biljetter\/mega-millions\/","og_locale":"sv_SE","og_type":"article","og_title":"K\u00f6p biljetter f\u00f6r Mega Millions online fr\u00e5n Sverige | Om Mega Millions, hur man k\u00f6per biljett online","og_description":"Mega Millions Lotto \u00e4r nu tillg\u00e4nligt f\u00f6r inv\u00e5nare i Sverige \u2013 K\u00f6p laglig Mega Millions online biljett h\u00e4r","og_url":"https:\/\/onlinelotto365.com\/sv\/kopa-biljetter\/mega-millions\/","og_site_name":"OnlineLotto365","og_image":[{"url":"https:\/\/redfoxlotto.com\/image?size=8&amp;lottery=mega-millions"}],"twitter_card":"summary_large_image","twitter_misc":{"Ber\u00e4knad l\u00e4stid":"4 minuter"},"schema":{"@context":"https:\/\/schema.org","@graph":[{"@type":"WebPage","@id":"https:\/\/onlinelotto365.com\/sv\/kopa-biljetter\/mega-millions\/","url":"https:\/\/onlinelotto365.com\/sv\/kopa-biljetter\/mega-millions\/","name":"K\u00f6p biljetter f\u00f6r Mega Millions online fr\u00e5n Sverige | Om Mega Millions, hur man k\u00f6per biljett online","isPartOf":{"@id":"https:\/\/onlinelotto365.com\/sv\/#website"},"primaryImageOfPage":{"@id":"https:\/\/onlinelotto365.com\/sv\/kopa-biljetter\/mega-millions\/#primaryimage"},"image":{"@id":"https:\/\/onlinelotto365.com\/sv\/kopa-biljetter\/mega-millions\/#primaryimage"},"thumbnailUrl":"https:\/\/redfoxlotto.com\/image?size=8&amp;lottery=mega-millions","datePublished":"2021-03-10T07:54:48+00:00","dateModified":"2021-03-10T07:54:48+00:00","description":"Mega Millions Lotto \u00e4r nu tillg\u00e4nligt f\u00f6r inv\u00e5nare i Sverige \u2013 K\u00f6p laglig Mega Millions online biljett h\u00e4r","breadcrumb":{"@id":"https:\/\/onlinelotto365.com\/sv\/kopa-biljetter\/mega-millions\/#breadcrumb"},"inLanguage":"sv-SE","potentialAction":[{"@type":"ReadAction","target":["https:\/\/onlinelotto365.com\/sv\/kopa-biljetter\/mega-millions\/"]}]},{"@type":"ImageObject","inLanguage":"sv-SE","@id":"https:\/\/onlinelotto365.com\/sv\/kopa-biljetter\/mega-millions\/#primaryimage","url":"https:\/\/redfoxlotto.com\/image?size=8&amp;lottery=mega-millions","contentUrl":"https:\/\/redfoxlotto.com\/image?size=8&amp;lottery=mega-millions"},{"@type":"BreadcrumbList","@id":"https:\/\/onlinelotto365.com\/sv\/kopa-biljetter\/mega-millions\/#breadcrumb","itemListElement":[{"@type":"ListItem","position":1,"name":"Home","item":"https:\/\/onlinelotto365.com\/sv\/"},{"@type":"ListItem","position":2,"name":"Varf\u00f6r det \u00e4r vettigare att k\u00f6pa lotter online","item":"https:\/\/onlinelotto365.com\/sv\/kopa-biljetter\/"},{"@type":"ListItem","position":3,"name":"Mega Millions \u00e4r ett av de b\u00e4sta lotterierna p\u00e5 planeten"}]},{"@type":"WebSite","@id":"https:\/\/onlinelotto365.com\/sv\/#website","url":"https:\/\/onlinelotto365.com\/sv\/","name":"OnlineLotto365","description":"","potentialAction":[{"@type":"SearchAction","target":{"@type":"EntryPoint","urlTemplate":"https:\/\/onlinelotto365.com\/sv\/?s={search_term_string}"},"query-input":{"@type":"PropertyValueSpecification","valueRequired":true,"valueName":"search_term_string"}}],"inLanguage":"sv-SE"}]}},"_links":{"self":[{"href":"https:\/\/onlinelotto365.com\/sv\/wp-json\/wp\/v2\/pages\/58297","targetHints":{"allow":["GET"]}}],"collection":[{"href":"https:\/\/onlinelotto365.com\/sv\/wp-json\/wp\/v2\/pages"}],"about":[{"href":"https:\/\/onlinelotto365.com\/sv\/wp-json\/wp\/v2\/types\/page"}],"author":[{"embeddable":true,"href":"https:\/\/onlinelotto365.com\/sv\/wp-json\/wp\/v2\/users\/1"}],"replies":[{"embeddable":true,"href":"https:\/\/onlinelotto365.com\/sv\/wp-json\/wp\/v2\/comments?post=58297"}],"version-history":[{"count":0,"href":"https:\/\/onlinelotto365.com\/sv\/wp-json\/wp\/v2\/pages\/58297\/revisions"}],"up":[{"embeddable":true,"href":"https:\/\/onlinelotto365.com\/sv\/wp-json\/wp\/v2\/pages\/5688"}],"wp:attachment":[{"href":"https:\/\/onlinelotto365.com\/sv\/wp-json\/wp\/v2\/media?parent=58297"}],"curies":[{"name":"wp","href":"https:\/\/api.w.org\/{rel}","templated":true}]}}