{"id":58299,"date":"2021-03-10T08:57:27","date_gmt":"2021-03-10T07:57:27","guid":{"rendered":"https:\/\/onlinelotto365.com\/?page_id=58299"},"modified":"2022-11-10T12:43:23","modified_gmt":"2022-11-10T11:43:23","slug":"powerball","status":"publish","type":"page","link":"https:\/\/onlinelotto365.com\/sv\/kopa-biljetter\/powerball\/","title":{"rendered":"Hur man k\u00f6per Powerball biljetter online fr\u00e5n Sverige"},"content":{"rendered":"<p>Det \u00e4r naturligtvis internet som g\u00f6r att du kan k\u00f6pa en lott till de stora amerikanska lotterierna online. Du beh\u00f6ver inte bo i USA f\u00f6r att delta och ha en chans att vinna dessa otroliga jackpottar. Du kan k\u00f6pa din lott fr\u00e5n Sverige genom att anv\u00e4nda v\u00e5r onlinetj\u00e4nst.<\/p>\n<p>Du kan f\u00f6rst registrera ett konto hos oss och sedan v\u00e4lja n\u00e5got av v\u00e5ra lotterier och v\u00e4lja dina nummer. Eller s\u00e5 kan du bara kolla lotterierna f\u00f6rst och skapa lotter med dina nummer. N\u00e4r du \u00e4r n\u00f6jd med ditt val kan du g\u00f6ra kassan. D\u00e5 kommer du att uppmanas att skapa ett konto.<\/p>\n<p>I b\u00e5da fallen m\u00e5ste du kontrollera din e-postinkorg efter att du har registrerat ditt nya konto. Du kommer att f\u00e5 ett bekr\u00e4ftelsemail med en l\u00e4nk i det. Klicka p\u00e5 den l\u00e4nken f\u00f6r att verifiera din e-postadress. N\u00e4r du har gjort detta \u00e4r ditt konto aktiverat. Om du inte hittar verifieringsmeddelandet kan du kontrollera din skr\u00e4ppostmapp. N\u00e4r du har hittat e-postmeddelandet \u00e4r det viktigt att du markerar det som &#8221;inte skr\u00e4ppost&#8221; eller &#8221;inte skr\u00e4ppost&#8221;. Det s\u00e4kerst\u00e4ller att framtida e-postmeddelanden fr\u00e5n oss inte hamnar i din skr\u00e4ppostmapp. T\u00e4nk att du missar en vinst f\u00f6r att du inte fick e-postmeddelandet om den!<br \/>\n<a href=\"https:\/\/redfoxlotto.com\/play\/powerball\/?ref=a8564250a2&amp;medium=ol365\" target=\"_blank\" rel=\"noopener noreferrer\"><img loading=\"lazy\" decoding=\"async\" class=\"aligncenter\" src=\"https:\/\/redfoxlotto.com\/image?size=8&amp;lottery=powerball\" alt=\"powerball\" width=\"793\" height=\"98\" \/><\/a><\/p>\n<h2>S\u00e5 h\u00e4r betalar du din Powerball-biljett online<\/h2>\n<p>Det finns tv\u00e5 s\u00e4tt att betala f\u00f6r de lotterilotterier online som du vill ha.<\/p>\n<ul>\n<li>F\u00f6r det f\u00f6rsta kan du g\u00f6ra en ins\u00e4ttning p\u00e5 ditt konto. D\u00e4refter kan du k\u00f6pa s\u00e5 m\u00e5nga lotter som du vill och anv\u00e4nda ditt saldo f\u00f6r att betala f\u00f6r dem.<\/li>\n<li>F\u00f6r det andra v\u00e4ljer du dina lotter f\u00f6rst och betalar sedan f\u00f6r best\u00e4llningens belopp.<\/li>\n<\/ul>\n<p>Det finns ett antal betalningsalternativ tillg\u00e4ngliga f\u00f6r dig, och de \u00e4r alla s\u00e4kert krypterade. De mest popul\u00e4ra metoderna \u00e4r kreditkort och Bitcoin.<\/p>\n<h2>Mer information om Powerball<\/h2>\n<ul>\n<li>Lotteriet h\u00e5lls d\u00e4r: USA<\/li>\n<li>Hur m\u00e5nga huvudnummer att v\u00e4lja mellan: 69<\/li>\n<li>Du m\u00e5ste v\u00e4lja: 5<\/li>\n<li>Hur m\u00e5nga extra nummer att v\u00e4lja mellan: 26<\/li>\n<li>Du m\u00e5ste v\u00e4lja: 1<\/li>\n<li>Dra dagar, timmar: Onsdag, l\u00f6rdag, 21:00 EST, +1 dag 3:00 CET<\/li>\n<li>Minsta jackpot: 40 miljoner dollar<\/li>\n<li>H\u00f6gsta jackpottbelopp: inget<\/li>\n<li>M\u00f6jliga nummerkombinationer f\u00f6r en jackpotvinst: 1 p\u00e5 175.223.510<\/li>\n<li>M\u00f6jlig nummerkombination f\u00f6r en vinst i niv\u00e5 2: 1 p\u00e5 5.006.386<\/li>\n<li>Sannolikhet att vinna i alla niv\u00e5er: 1 p\u00e5 24,87<\/li>\n<li>Hur m\u00e5nga vinstniv\u00e5er: 9<\/li>\n<\/ul>\n<p>F\u00f6r bara en kort tid sedan, den 13 februari 2016, vann tre lyckliga spelare den st\u00f6rsta amerikanska lotterijackpotten i historien. Med en otrolig jackpotstorlek p\u00e5 totalt 1,5 miljarder US-dollar spenderade lottofans \u00f6ver hela USA timmar i k\u00f6 f\u00f6r att f\u00e5 en lott. Men hur \u00e4r det med lottospelare fr\u00e5n Sverige? Var de uteslutna fr\u00e5n att f\u00e5 en Powerball-lott om de inte faktiskt befann sig i USA vid den tidpunkten? Nej, det var de inte &#8211; om de hade vetat att man faktiskt kan spela Powerball eller Mega Millions lotto fr\u00e5n Sverige!<\/p>\n<h2>F\u00f6rdelar med att k\u00f6pa Powerball-biljetter online<\/h2>\n<p>Genom denna kurirtj\u00e4nst f\u00f6r lotterilotter p\u00e5 n\u00e4tet kan du k\u00f6pa lotter f\u00f6r \u00f6ver 20 av de st\u00f6rsta lotterierna p\u00e5 den h\u00e4r planeten. \u00c4ven om du bor i Sverige kan du v\u00e4lja lotterier som dras i andra l\u00e4nder. Om du inte bor i Sverige, men vill skaffa en lott till Sverige-lotteriet \u00e4r det naturligtvis ocks\u00e5 n\u00e5got du kan g\u00f6ra online!<\/p>\n<h2>\u00c4r det lagligt att k\u00f6pa Powerball-lotter p\u00e5 n\u00e4tet?<\/h2>\n<p>Det \u00e4r viktigt att veta att detta \u00e4r en laglig och p\u00e5litlig biljettbudetj\u00e4nst. Genom att k\u00f6pa en lottorad p\u00e5 n\u00e4tet f\u00e5r du ett kontrakt med sj\u00e4lva lotteriet &#8211; vilket garanterar att pengarna du kan vinna kommer fr\u00e5n dem!<\/p>\n<h2>Hur f\u00e5r jag betalt om jag vinner Powerball online?<\/h2>\n<p><img loading=\"lazy\" decoding=\"async\" class=\"size-medium wp-image-1356 alignright\" src=\"https:\/\/onlinelotto365.com\/wp-content\/uploads\/2020\/11\/online_lottery-117-300x217.jpg\" alt=\"spela Powerball online\" width=\"300\" height=\"217\" \/><br \/>\nOm du vinner beror f\u00f6rfarandet f\u00f6r utbetalning p\u00e5 hur mycket du har vunnit. Mindre belopp under 2 500 euro kommer att krediteras p\u00e5 ditt onlinekonto. Du kan antingen l\u00f6sa ut pengarna eller anv\u00e4nda dem f\u00f6r att k\u00f6pa fler lotter online. Om du skulle vinna ett h\u00f6gre belopp skickar vi dig ett formul\u00e4r som du m\u00e5ste fylla i och skicka tillbaka till oss via e-post. Vi skickar sedan formul\u00e4ret till lotterikommissionen och de betalar ut pengarna till dig. Denna tj\u00e4nst \u00e4r gratis f\u00f6r dig.<\/p>\n<p>Om du vinner Powerball-jackpotten med din online-lott m\u00e5ste du g\u00f6ra ett val. Du kan antingen f\u00e5 en eng\u00e5ngsutbetalning som kommer att vara l\u00e4gre \u00e4n den faktiska jackpotten, eller s\u00e5 kan du f\u00e5 betalt i 30 \u00e5rliga delbetalningar plus r\u00e4nta.<\/p>\n","protected":false},"excerpt":{"rendered":"<p>Det \u00e4r naturligtvis internet som g\u00f6r att du kan k\u00f6pa en lott till de stora amerikanska lotterierna online. Du beh\u00f6ver inte bo i USA f\u00f6r att delta och ha en chans att vinna dessa otroliga jackpottar. Du kan k\u00f6pa din lott fr\u00e5n Sverige genom att anv\u00e4nda v\u00e5r onlinetj\u00e4nst. Du kan f\u00f6rst registrera ett konto hos [&hellip;]<\/p>\n","protected":false},"author":1,"featured_media":0,"parent":5688,"menu_order":0,"comment_status":"closed","ping_status":"closed","template":"powerball-usa-info.php","meta":{"_et_pb_use_builder":"","_et_pb_old_content":"","_et_gb_content_width":"","exclude_from_search":false,"footnotes":""},"class_list":["post-58299","page","type-page","status-publish","hentry"],"yoast_head":"<!-- This site is optimized with the Yoast SEO plugin v23.4 - https:\/\/yoast.com\/wordpress\/plugins\/seo\/ -->\n<title>K\u00f6p biljetter f\u00f6r Powerball online fr\u00e5n Sverige | Om Powerball, hur man k\u00f6per biljetter online<\/title>\n<meta name=\"description\" content=\"Det \u00e4r nu enkelt att k\u00f6pa biljetter till det ber\u00f6mda lotteriet Powerball, k\u00f6p dem online fr\u00e5n Sverige och andra l\u00e4nder.\" \/>\n<meta name=\"robots\" content=\"index, follow, max-snippet:-1, max-image-preview:large, max-video-preview:-1\" \/>\n<link rel=\"canonical\" href=\"https:\/\/onlinelotto365.com\/sv\/kopa-biljetter\/powerball\/\" \/>\n<meta property=\"og:locale\" content=\"sv_SE\" \/>\n<meta property=\"og:type\" content=\"article\" \/>\n<meta property=\"og:title\" content=\"K\u00f6p biljetter f\u00f6r Powerball online fr\u00e5n Sverige | Om Powerball, hur man k\u00f6per biljetter online\" \/>\n<meta property=\"og:description\" content=\"Det \u00e4r nu enkelt att k\u00f6pa biljetter till det ber\u00f6mda lotteriet Powerball, k\u00f6p dem online fr\u00e5n Sverige och andra l\u00e4nder.\" \/>\n<meta property=\"og:url\" content=\"https:\/\/onlinelotto365.com\/sv\/kopa-biljetter\/powerball\/\" \/>\n<meta property=\"og:site_name\" content=\"OnlineLotto365\" \/>\n<meta property=\"article:modified_time\" content=\"2022-11-10T11:43:23+00:00\" \/>\n<meta property=\"og:image\" content=\"https:\/\/redfoxlotto.com\/image?size=8&amp;lottery=powerball\" \/>\n<meta name=\"twitter:card\" content=\"summary_large_image\" \/>\n<meta name=\"twitter:label1\" content=\"Ber\u00e4knad l\u00e4stid\" \/>\n\t<meta name=\"twitter:data1\" content=\"4 minuter\" \/>\n<script type=\"application\/ld+json\" class=\"yoast-schema-graph\">{\"@context\":\"https:\/\/schema.org\",\"@graph\":[{\"@type\":\"WebPage\",\"@id\":\"https:\/\/onlinelotto365.com\/sv\/kopa-biljetter\/powerball\/\",\"url\":\"https:\/\/onlinelotto365.com\/sv\/kopa-biljetter\/powerball\/\",\"name\":\"K\u00f6p biljetter f\u00f6r Powerball online fr\u00e5n Sverige | Om Powerball, hur man k\u00f6per biljetter online\",\"isPartOf\":{\"@id\":\"https:\/\/onlinelotto365.com\/sv\/#website\"},\"primaryImageOfPage\":{\"@id\":\"https:\/\/onlinelotto365.com\/sv\/kopa-biljetter\/powerball\/#primaryimage\"},\"image\":{\"@id\":\"https:\/\/onlinelotto365.com\/sv\/kopa-biljetter\/powerball\/#primaryimage\"},\"thumbnailUrl\":\"https:\/\/redfoxlotto.com\/image?size=8&amp;lottery=powerball\",\"datePublished\":\"2021-03-10T07:57:27+00:00\",\"dateModified\":\"2022-11-10T11:43:23+00:00\",\"description\":\"Det \u00e4r nu enkelt att k\u00f6pa biljetter till det ber\u00f6mda lotteriet Powerball, k\u00f6p dem online fr\u00e5n Sverige och andra l\u00e4nder.\",\"breadcrumb\":{\"@id\":\"https:\/\/onlinelotto365.com\/sv\/kopa-biljetter\/powerball\/#breadcrumb\"},\"inLanguage\":\"sv-SE\",\"potentialAction\":[{\"@type\":\"ReadAction\",\"target\":[\"https:\/\/onlinelotto365.com\/sv\/kopa-biljetter\/powerball\/\"]}]},{\"@type\":\"ImageObject\",\"inLanguage\":\"sv-SE\",\"@id\":\"https:\/\/onlinelotto365.com\/sv\/kopa-biljetter\/powerball\/#primaryimage\",\"url\":\"https:\/\/redfoxlotto.com\/image?size=8&amp;lottery=powerball\",\"contentUrl\":\"https:\/\/redfoxlotto.com\/image?size=8&amp;lottery=powerball\"},{\"@type\":\"BreadcrumbList\",\"@id\":\"https:\/\/onlinelotto365.com\/sv\/kopa-biljetter\/powerball\/#breadcrumb\",\"itemListElement\":[{\"@type\":\"ListItem\",\"position\":1,\"name\":\"Home\",\"item\":\"https:\/\/onlinelotto365.com\/sv\/\"},{\"@type\":\"ListItem\",\"position\":2,\"name\":\"Varf\u00f6r det \u00e4r vettigare att k\u00f6pa lotter online\",\"item\":\"https:\/\/onlinelotto365.com\/sv\/kopa-biljetter\/\"},{\"@type\":\"ListItem\",\"position\":3,\"name\":\"Hur man k\u00f6per Powerball biljetter online fr\u00e5n Sverige\"}]},{\"@type\":\"WebSite\",\"@id\":\"https:\/\/onlinelotto365.com\/sv\/#website\",\"url\":\"https:\/\/onlinelotto365.com\/sv\/\",\"name\":\"OnlineLotto365\",\"description\":\"\",\"potentialAction\":[{\"@type\":\"SearchAction\",\"target\":{\"@type\":\"EntryPoint\",\"urlTemplate\":\"https:\/\/onlinelotto365.com\/sv\/?s={search_term_string}\"},\"query-input\":{\"@type\":\"PropertyValueSpecification\",\"valueRequired\":true,\"valueName\":\"search_term_string\"}}],\"inLanguage\":\"sv-SE\"}]}<\/script>\n<!-- \/ Yoast SEO plugin. -->","yoast_head_json":{"title":"K\u00f6p biljetter f\u00f6r Powerball online fr\u00e5n Sverige | Om Powerball, hur man k\u00f6per biljetter online","description":"Det \u00e4r nu enkelt att k\u00f6pa biljetter till det ber\u00f6mda lotteriet Powerball, k\u00f6p dem online fr\u00e5n Sverige och andra l\u00e4nder.","robots":{"index":"index","follow":"follow","max-snippet":"max-snippet:-1","max-image-preview":"max-image-preview:large","max-video-preview":"max-video-preview:-1"},"canonical":"https:\/\/onlinelotto365.com\/sv\/kopa-biljetter\/powerball\/","og_locale":"sv_SE","og_type":"article","og_title":"K\u00f6p biljetter f\u00f6r Powerball online fr\u00e5n Sverige | Om Powerball, hur man k\u00f6per biljetter online","og_description":"Det \u00e4r nu enkelt att k\u00f6pa biljetter till det ber\u00f6mda lotteriet Powerball, k\u00f6p dem online fr\u00e5n Sverige och andra l\u00e4nder.","og_url":"https:\/\/onlinelotto365.com\/sv\/kopa-biljetter\/powerball\/","og_site_name":"OnlineLotto365","article_modified_time":"2022-11-10T11:43:23+00:00","og_image":[{"url":"https:\/\/redfoxlotto.com\/image?size=8&amp;lottery=powerball"}],"twitter_card":"summary_large_image","twitter_misc":{"Ber\u00e4knad l\u00e4stid":"4 minuter"},"schema":{"@context":"https:\/\/schema.org","@graph":[{"@type":"WebPage","@id":"https:\/\/onlinelotto365.com\/sv\/kopa-biljetter\/powerball\/","url":"https:\/\/onlinelotto365.com\/sv\/kopa-biljetter\/powerball\/","name":"K\u00f6p biljetter f\u00f6r Powerball online fr\u00e5n Sverige | Om Powerball, hur man k\u00f6per biljetter online","isPartOf":{"@id":"https:\/\/onlinelotto365.com\/sv\/#website"},"primaryImageOfPage":{"@id":"https:\/\/onlinelotto365.com\/sv\/kopa-biljetter\/powerball\/#primaryimage"},"image":{"@id":"https:\/\/onlinelotto365.com\/sv\/kopa-biljetter\/powerball\/#primaryimage"},"thumbnailUrl":"https:\/\/redfoxlotto.com\/image?size=8&amp;lottery=powerball","datePublished":"2021-03-10T07:57:27+00:00","dateModified":"2022-11-10T11:43:23+00:00","description":"Det \u00e4r nu enkelt att k\u00f6pa biljetter till det ber\u00f6mda lotteriet Powerball, k\u00f6p dem online fr\u00e5n Sverige och andra l\u00e4nder.","breadcrumb":{"@id":"https:\/\/onlinelotto365.com\/sv\/kopa-biljetter\/powerball\/#breadcrumb"},"inLanguage":"sv-SE","potentialAction":[{"@type":"ReadAction","target":["https:\/\/onlinelotto365.com\/sv\/kopa-biljetter\/powerball\/"]}]},{"@type":"ImageObject","inLanguage":"sv-SE","@id":"https:\/\/onlinelotto365.com\/sv\/kopa-biljetter\/powerball\/#primaryimage","url":"https:\/\/redfoxlotto.com\/image?size=8&amp;lottery=powerball","contentUrl":"https:\/\/redfoxlotto.com\/image?size=8&amp;lottery=powerball"},{"@type":"BreadcrumbList","@id":"https:\/\/onlinelotto365.com\/sv\/kopa-biljetter\/powerball\/#breadcrumb","itemListElement":[{"@type":"ListItem","position":1,"name":"Home","item":"https:\/\/onlinelotto365.com\/sv\/"},{"@type":"ListItem","position":2,"name":"Varf\u00f6r det \u00e4r vettigare att k\u00f6pa lotter online","item":"https:\/\/onlinelotto365.com\/sv\/kopa-biljetter\/"},{"@type":"ListItem","position":3,"name":"Hur man k\u00f6per Powerball biljetter online fr\u00e5n Sverige"}]},{"@type":"WebSite","@id":"https:\/\/onlinelotto365.com\/sv\/#website","url":"https:\/\/onlinelotto365.com\/sv\/","name":"OnlineLotto365","description":"","potentialAction":[{"@type":"SearchAction","target":{"@type":"EntryPoint","urlTemplate":"https:\/\/onlinelotto365.com\/sv\/?s={search_term_string}"},"query-input":{"@type":"PropertyValueSpecification","valueRequired":true,"valueName":"search_term_string"}}],"inLanguage":"sv-SE"}]}},"_links":{"self":[{"href":"https:\/\/onlinelotto365.com\/sv\/wp-json\/wp\/v2\/pages\/58299","targetHints":{"allow":["GET"]}}],"collection":[{"href":"https:\/\/onlinelotto365.com\/sv\/wp-json\/wp\/v2\/pages"}],"about":[{"href":"https:\/\/onlinelotto365.com\/sv\/wp-json\/wp\/v2\/types\/page"}],"author":[{"embeddable":true,"href":"https:\/\/onlinelotto365.com\/sv\/wp-json\/wp\/v2\/users\/1"}],"replies":[{"embeddable":true,"href":"https:\/\/onlinelotto365.com\/sv\/wp-json\/wp\/v2\/comments?post=58299"}],"version-history":[{"count":0,"href":"https:\/\/onlinelotto365.com\/sv\/wp-json\/wp\/v2\/pages\/58299\/revisions"}],"up":[{"embeddable":true,"href":"https:\/\/onlinelotto365.com\/sv\/wp-json\/wp\/v2\/pages\/5688"}],"wp:attachment":[{"href":"https:\/\/onlinelotto365.com\/sv\/wp-json\/wp\/v2\/media?parent=58299"}],"curies":[{"name":"wp","href":"https:\/\/api.w.org\/{rel}","templated":true}]}}