{"id":5869,"date":"2020-12-05T10:12:16","date_gmt":"2020-12-05T09:12:16","guid":{"rendered":"http:\/\/onlinelotto365.net\/?page_id=5869"},"modified":"2021-03-10T09:13:48","modified_gmt":"2021-03-10T08:13:48","slug":"vinnande-nummer","status":"publish","type":"page","link":"https:\/\/onlinelotto365.com\/sv\/vinnande-nummer\/","title":{"rendered":"Hitta vinnande nummer och resultat f\u00f6r de senaste lottodragningarna"},"content":{"rendered":"<p>Hitta de vinnande numren f\u00f6r de st\u00f6rsta internationella lotterierna i v\u00e4rlden h\u00e4r. Om du har spelat i n\u00e5gra av dessa internationella lotterier hoppas vi att din biljett har de vinnande numren!<\/p>\n<p>Du visste f\u00f6rmodligen inte att du nu har m\u00f6jlighet att delta i de st\u00f6rsta lotterierna p\u00e5 planeten &#8211; \u00e4ven lotterier i andra l\u00e4nder \u00e4n ditt eget! Oavsett om du \u00e4r intresserad av Powerball, Mega Millions, Euromillions eller n\u00e5got annat av lotterierna som erbjuds h\u00e4r, kan du f\u00e5 biljetter online nu. F\u00f6r att delta, \u00e4r det enda du beh\u00f6ver g\u00f6ra att klicka p\u00e5 knappen &#8221;Spela&#8221; vid ditt favoritlotteri bredvid resultaten nedan. Inom n\u00e5gra minuter kommer du att ha dina biljetter. Personligen rekommenderar vi att du tittar p\u00e5 storleken p\u00e5 jackpottarna och v\u00e4ljer det lotteri som f\u00f6r n\u00e4rvarande har den h\u00f6gsta jackpotten!<br \/>\n<a href=\"https:\/\/redfoxlotto.com\/?ref=a8564250a2&amp;medium=ol365\" target=\"_blank\" rel=\"noopener noreferrer\"><img loading=\"lazy\" decoding=\"async\" class=\"aligncenter\" src=\"https:\/\/redfoxlotto.com\/image?size=8&amp;lottery=eurojackpot\" alt=\"eurojackpot\" width=\"720\" height=\"90\" \/><\/a><\/p>\n<h2>Vart hittar du lotteri resultatet idag<\/h2>\n<p>Vill du se resultat omedelbart? S\u00e5 fort de \u00e4r tillg\u00e4ngliga? Om du vill det s\u00e5 kommer du att beh\u00f6va komma tillbaka till din online biljett tj\u00e4nst. Du kommer definitivt att bli glad eftersom lotteriresultat \u00e4r tillg\u00e4ngligt inte bara p\u00e5 resultat dagen utan omedelbart vid resultat \u00f6gonblicket. F\u00f6r att inte tala om att du kommer att vara redo och kunna b\u00f6rja spela med ditt n\u00e4sta uppsatta nummer n\u00e4r du vet om du har vunnit eller inte.<\/p>\n<h2>Logga in och kolla avsnittet Mina biljetter<\/h2>\n<p>Det bekv\u00e4maste och s\u00e4kraste s\u00e4ttet att ta reda p\u00e5 om du har vunnit n\u00e5got \u00e4r att logga in p\u00e5 ditt konto och kontrollera dina befintliga biljetter. N\u00e4r dragresultaten \u00e4r inne kan du enkelt j\u00e4mf\u00f6ra dina biljetter med de vinnande numren. Och vi kommer ocks\u00e5 att meddela dig om eventuella vinster!<\/p>\n<p>Om du har k\u00f6pt biljetter online via oss f\u00e5r du alltid ett e-postmeddelande om du vunnit n\u00e5got. Naturligtvis \u00e4r det viktigt att din e-postleverant\u00f6r inte flyttar v\u00e5ra e-postmeddelanden till en skr\u00e4ppost- eller skr\u00e4pinkorgen. Se till att du l\u00e4gger till oss i din betrodda e-postavs\u00e4ndarlista.<\/p>\n<h2>Hitta den senare<\/h2>\n<p><img loading=\"lazy\" decoding=\"async\" class=\"alignright wp-image-1037\" src=\"https:\/\/onlinelotto365.com\/wp-content\/uploads\/2020\/11\/online_lottery-86-300x228.jpg\" alt=\"kolla vinnande lotteri nummer\" width=\"271\" height=\"206\" \/><br \/>\nOm du inte \u00e4r lika orolig f\u00f6r att ta reda p\u00e5 vad resultatet blivit s\u00e5 snart det h\u00e4nder kan du kolla in flera olika alternativ f\u00f6r att hitta detta senare. N\u00e5gra av dessa kommer att vara direkt efter resultatet intr\u00e4ffar och vissa kanske inte \u00e4r f\u00f6rr\u00e4n n\u00e4sta dag, s\u00e5 det kommer att vara upp till dig vilken metod du tycker om mest. Om du \u00e4r villig att v\u00e4nta l\u00e4ngre, s\u00e5 kan du till exempel, kolla in tidningen dagen efter resultatet. Om du vill veta snabbt finns det de officiella webbplatserna som du kan kolla in f\u00f6r att hitta mer information direkt efter att resultatet g\u00e5tt live.<\/p>\n<p>Om du vill veta snabbt \u00e4r det n\u00e4st b\u00e4sta g\u00e5 in online. Vad som \u00e4r bra \u00e4r att du kan hitta alla lottoresultat f\u00f6r de st\u00f6rsta dragningarna och jackpottarna, s\u00e5 du kommer alltid att veta lotteriresultatet samma dag. Med den h\u00e4r tj\u00e4nsten kan du logga in och se allt som lagts ut f\u00f6r dig p\u00e5 hemsidan fr\u00e5n det senaste resultatet till det \u00e4ldsta, s\u00e5 att du kan bl\u00e4ddra igenom vad du vill. F\u00f6r att inte tala om att du kommer att se var det spelas och vad den totala utbetalningen \u00e4r. S\u00e5 du har allt du beh\u00f6ver veta.<\/p>\n<h2>Hitta utbetalningarna<\/h2>\n<p>S\u00e5, vad h\u00e4nder om du redan har tittat p\u00e5 siffrorna men nu vill du veta mer om utbetalningarna? Den informationen kommer att finnas h\u00e4r ocks\u00e5, och vi uppdaterar den i realtid.<\/p>\n<h2>G\u00f6r anspr\u00e5k p\u00e5 online vinster<\/h2>\n<p>Om du vinner online skiljer sig proceduren fr\u00e5n vad du skulle g\u00f6ra om du vann med en biljett som k\u00f6pts i butiken. Om du vinner ett belopp p\u00e5 mer \u00e4n 25,400 kr m\u00e5ste du fylla i en formul\u00e4r via online plattformen f\u00f6r att g\u00f6ra anspr\u00e5k p\u00e5 din vinst. Vi tar hand om resten \u00e5t dig.<\/p>\n<p>Vinster under 25,400 kr kommer omedelbart att krediteras till ditt spelkonto p\u00e5 webbplatsen. D\u00e4rifr\u00e5n kan du antingen anv\u00e4nda pengarna f\u00f6r fler biljetter eller starta en utbetalning av dina vinster.<\/p>\n<h2>Sammanfattning<\/h2>\n<p>Om du vill hitta lotteriresultatet samma dag handlar det om att veta var du ska leta. Oavsett om det betyder att du tittar online eller kontrollerar det n\u00e4sta dag, kommer du inte att ha problem med processen. Du kommer att kunna h\u00e5lla reda p\u00e5 dina nummer och dina vinster. Och du kommer att kunna g\u00e5 vidare med att spela dina favorit lotto spel och till och med uppt\u00e4cka n\u00e5gra nya fr\u00e5n helt olika delar av v\u00e4rlden.<\/p>\n","protected":false},"excerpt":{"rendered":"<p>Hitta de vinnande numren f\u00f6r de st\u00f6rsta internationella lotterierna i v\u00e4rlden h\u00e4r. Om du har spelat i n\u00e5gra av dessa internationella lotterier hoppas vi att din biljett har de vinnande numren! Du visste f\u00f6rmodligen inte att du nu har m\u00f6jlighet att delta i de st\u00f6rsta lotterierna p\u00e5 planeten &#8211; \u00e4ven lotterier i andra l\u00e4nder \u00e4n [&hellip;]<\/p>\n","protected":false},"author":1,"featured_media":0,"parent":0,"menu_order":4,"comment_status":"closed","ping_status":"closed","template":"Results.php","meta":{"_et_pb_use_builder":"","_et_pb_old_content":"","_et_gb_content_width":"","exclude_from_search":false,"footnotes":""},"class_list":["post-5869","page","type-page","status-publish","hentry"],"yoast_head":"<!-- This site is optimized with the Yoast SEO plugin v23.4 - https:\/\/yoast.com\/wordpress\/plugins\/seo\/ -->\n<title>Vinnande lotteri nummer och resultat f\u00f6r v\u00e4rldens st\u00f6rsta jackpottar<\/title>\n<meta name=\"description\" content=\"Hitta veckans lottoresultat och vinnande nummer f\u00f6r de st\u00f6rsta lotterierna h\u00e4r\" \/>\n<meta name=\"robots\" content=\"index, follow, max-snippet:-1, max-image-preview:large, max-video-preview:-1\" \/>\n<link rel=\"canonical\" href=\"https:\/\/onlinelotto365.com\/sv\/vinnande-nummer\/\" \/>\n<meta property=\"og:locale\" content=\"sv_SE\" \/>\n<meta property=\"og:type\" content=\"article\" \/>\n<meta property=\"og:title\" content=\"Vinnande lotteri nummer och resultat f\u00f6r v\u00e4rldens st\u00f6rsta jackpottar\" \/>\n<meta property=\"og:description\" content=\"Hitta veckans lottoresultat och vinnande nummer f\u00f6r de st\u00f6rsta lotterierna h\u00e4r\" \/>\n<meta property=\"og:url\" content=\"https:\/\/onlinelotto365.com\/sv\/vinnande-nummer\/\" \/>\n<meta property=\"og:site_name\" content=\"OnlineLotto365\" \/>\n<meta property=\"article:modified_time\" content=\"2021-03-10T08:13:48+00:00\" \/>\n<meta property=\"og:image\" content=\"https:\/\/redfoxlotto.com\/image?size=8&amp;lottery=eurojackpot\" \/>\n<meta name=\"twitter:card\" content=\"summary_large_image\" \/>\n<meta name=\"twitter:label1\" content=\"Ber\u00e4knad l\u00e4stid\" \/>\n\t<meta name=\"twitter:data1\" content=\"4 minuter\" \/>\n<script type=\"application\/ld+json\" class=\"yoast-schema-graph\">{\"@context\":\"https:\/\/schema.org\",\"@graph\":[{\"@type\":\"WebPage\",\"@id\":\"https:\/\/onlinelotto365.com\/sv\/vinnande-nummer\/\",\"url\":\"https:\/\/onlinelotto365.com\/sv\/vinnande-nummer\/\",\"name\":\"Vinnande lotteri nummer och resultat f\u00f6r v\u00e4rldens st\u00f6rsta jackpottar\",\"isPartOf\":{\"@id\":\"https:\/\/onlinelotto365.com\/sv\/#website\"},\"primaryImageOfPage\":{\"@id\":\"https:\/\/onlinelotto365.com\/sv\/vinnande-nummer\/#primaryimage\"},\"image\":{\"@id\":\"https:\/\/onlinelotto365.com\/sv\/vinnande-nummer\/#primaryimage\"},\"thumbnailUrl\":\"https:\/\/redfoxlotto.com\/image?size=8&amp;lottery=eurojackpot\",\"datePublished\":\"2020-12-05T09:12:16+00:00\",\"dateModified\":\"2021-03-10T08:13:48+00:00\",\"description\":\"Hitta veckans lottoresultat och vinnande nummer f\u00f6r de st\u00f6rsta lotterierna h\u00e4r\",\"breadcrumb\":{\"@id\":\"https:\/\/onlinelotto365.com\/sv\/vinnande-nummer\/#breadcrumb\"},\"inLanguage\":\"sv-SE\",\"potentialAction\":[{\"@type\":\"ReadAction\",\"target\":[\"https:\/\/onlinelotto365.com\/sv\/vinnande-nummer\/\"]}]},{\"@type\":\"ImageObject\",\"inLanguage\":\"sv-SE\",\"@id\":\"https:\/\/onlinelotto365.com\/sv\/vinnande-nummer\/#primaryimage\",\"url\":\"https:\/\/redfoxlotto.com\/image?size=8&amp;lottery=eurojackpot\",\"contentUrl\":\"https:\/\/redfoxlotto.com\/image?size=8&amp;lottery=eurojackpot\"},{\"@type\":\"BreadcrumbList\",\"@id\":\"https:\/\/onlinelotto365.com\/sv\/vinnande-nummer\/#breadcrumb\",\"itemListElement\":[{\"@type\":\"ListItem\",\"position\":1,\"name\":\"Home\",\"item\":\"https:\/\/onlinelotto365.com\/sv\/\"},{\"@type\":\"ListItem\",\"position\":2,\"name\":\"Hitta vinnande nummer och resultat f\u00f6r de senaste lottodragningarna\"}]},{\"@type\":\"WebSite\",\"@id\":\"https:\/\/onlinelotto365.com\/sv\/#website\",\"url\":\"https:\/\/onlinelotto365.com\/sv\/\",\"name\":\"OnlineLotto365\",\"description\":\"\",\"potentialAction\":[{\"@type\":\"SearchAction\",\"target\":{\"@type\":\"EntryPoint\",\"urlTemplate\":\"https:\/\/onlinelotto365.com\/sv\/?s={search_term_string}\"},\"query-input\":{\"@type\":\"PropertyValueSpecification\",\"valueRequired\":true,\"valueName\":\"search_term_string\"}}],\"inLanguage\":\"sv-SE\"}]}<\/script>\n<!-- \/ Yoast SEO plugin. -->","yoast_head_json":{"title":"Vinnande lotteri nummer och resultat f\u00f6r v\u00e4rldens st\u00f6rsta jackpottar","description":"Hitta veckans lottoresultat och vinnande nummer f\u00f6r de st\u00f6rsta lotterierna h\u00e4r","robots":{"index":"index","follow":"follow","max-snippet":"max-snippet:-1","max-image-preview":"max-image-preview:large","max-video-preview":"max-video-preview:-1"},"canonical":"https:\/\/onlinelotto365.com\/sv\/vinnande-nummer\/","og_locale":"sv_SE","og_type":"article","og_title":"Vinnande lotteri nummer och resultat f\u00f6r v\u00e4rldens st\u00f6rsta jackpottar","og_description":"Hitta veckans lottoresultat och vinnande nummer f\u00f6r de st\u00f6rsta lotterierna h\u00e4r","og_url":"https:\/\/onlinelotto365.com\/sv\/vinnande-nummer\/","og_site_name":"OnlineLotto365","article_modified_time":"2021-03-10T08:13:48+00:00","og_image":[{"url":"https:\/\/redfoxlotto.com\/image?size=8&amp;lottery=eurojackpot"}],"twitter_card":"summary_large_image","twitter_misc":{"Ber\u00e4knad l\u00e4stid":"4 minuter"},"schema":{"@context":"https:\/\/schema.org","@graph":[{"@type":"WebPage","@id":"https:\/\/onlinelotto365.com\/sv\/vinnande-nummer\/","url":"https:\/\/onlinelotto365.com\/sv\/vinnande-nummer\/","name":"Vinnande lotteri nummer och resultat f\u00f6r v\u00e4rldens st\u00f6rsta jackpottar","isPartOf":{"@id":"https:\/\/onlinelotto365.com\/sv\/#website"},"primaryImageOfPage":{"@id":"https:\/\/onlinelotto365.com\/sv\/vinnande-nummer\/#primaryimage"},"image":{"@id":"https:\/\/onlinelotto365.com\/sv\/vinnande-nummer\/#primaryimage"},"thumbnailUrl":"https:\/\/redfoxlotto.com\/image?size=8&amp;lottery=eurojackpot","datePublished":"2020-12-05T09:12:16+00:00","dateModified":"2021-03-10T08:13:48+00:00","description":"Hitta veckans lottoresultat och vinnande nummer f\u00f6r de st\u00f6rsta lotterierna h\u00e4r","breadcrumb":{"@id":"https:\/\/onlinelotto365.com\/sv\/vinnande-nummer\/#breadcrumb"},"inLanguage":"sv-SE","potentialAction":[{"@type":"ReadAction","target":["https:\/\/onlinelotto365.com\/sv\/vinnande-nummer\/"]}]},{"@type":"ImageObject","inLanguage":"sv-SE","@id":"https:\/\/onlinelotto365.com\/sv\/vinnande-nummer\/#primaryimage","url":"https:\/\/redfoxlotto.com\/image?size=8&amp;lottery=eurojackpot","contentUrl":"https:\/\/redfoxlotto.com\/image?size=8&amp;lottery=eurojackpot"},{"@type":"BreadcrumbList","@id":"https:\/\/onlinelotto365.com\/sv\/vinnande-nummer\/#breadcrumb","itemListElement":[{"@type":"ListItem","position":1,"name":"Home","item":"https:\/\/onlinelotto365.com\/sv\/"},{"@type":"ListItem","position":2,"name":"Hitta vinnande nummer och resultat f\u00f6r de senaste lottodragningarna"}]},{"@type":"WebSite","@id":"https:\/\/onlinelotto365.com\/sv\/#website","url":"https:\/\/onlinelotto365.com\/sv\/","name":"OnlineLotto365","description":"","potentialAction":[{"@type":"SearchAction","target":{"@type":"EntryPoint","urlTemplate":"https:\/\/onlinelotto365.com\/sv\/?s={search_term_string}"},"query-input":{"@type":"PropertyValueSpecification","valueRequired":true,"valueName":"search_term_string"}}],"inLanguage":"sv-SE"}]}},"_links":{"self":[{"href":"https:\/\/onlinelotto365.com\/sv\/wp-json\/wp\/v2\/pages\/5869","targetHints":{"allow":["GET"]}}],"collection":[{"href":"https:\/\/onlinelotto365.com\/sv\/wp-json\/wp\/v2\/pages"}],"about":[{"href":"https:\/\/onlinelotto365.com\/sv\/wp-json\/wp\/v2\/types\/page"}],"author":[{"embeddable":true,"href":"https:\/\/onlinelotto365.com\/sv\/wp-json\/wp\/v2\/users\/1"}],"replies":[{"embeddable":true,"href":"https:\/\/onlinelotto365.com\/sv\/wp-json\/wp\/v2\/comments?post=5869"}],"version-history":[{"count":0,"href":"https:\/\/onlinelotto365.com\/sv\/wp-json\/wp\/v2\/pages\/5869\/revisions"}],"wp:attachment":[{"href":"https:\/\/onlinelotto365.com\/sv\/wp-json\/wp\/v2\/media?parent=5869"}],"curies":[{"name":"wp","href":"https:\/\/api.w.org\/{rel}","templated":true}]}}