{"id":79127,"date":"2022-11-01T12:27:13","date_gmt":"2022-11-01T11:27:13","guid":{"rendered":"https:\/\/onlinelotto365.com\/?page_id=79127"},"modified":"2022-11-09T13:23:35","modified_gmt":"2022-11-09T12:23:35","slug":"mon-wed-lotto","status":"publish","type":"page","link":"https:\/\/onlinelotto365.com\/sv\/spela\/mon-wed-lotto\/","title":{"rendered":"Att spela Mon &#038; Wed Lotto Australia \u00e4r bara ett av alternativen f\u00f6r lotterifantaster fr\u00e5n Sverige."},"content":{"rendered":"<h2>Hur man spelar Mon &amp; Wed Lotto Australia online<\/h2>\n<p>Om du befinner dig i Sverige beh\u00f6ver det inte vara sv\u00e5rt att spela Mon &amp; Wed Lotto Australia online. Allt du beh\u00f6ver g\u00f6ra \u00e4r att komma fram till vilket s\u00e4tt du ska g\u00f6ra det p\u00e5 och hur du ska f\u00e5 de lotter som du vill ha till n\u00e4sta dragning. Vi kan hj\u00e4lpa dig d\u00e4r.<\/p>\n<p>V\u00e5rt system ser till att du \u00e4r p\u00e5 r\u00e4tt sp\u00e5r hela v\u00e4gen. Allt du beh\u00f6ver g\u00f6ra \u00e4r att skapa ditt konto, v\u00e4lja de biljetter och nummer som du vill ha och sedan betala f\u00f6r dem med den betalningsmetod du f\u00f6redrar. Bara s\u00e5 d\u00e4r kommer du att vara redo att g\u00e5 ig\u00e5ng och v\u00e4nta p\u00e5 n\u00e4sta dragning s\u00e5 att du kan kontrollera dina biljetter.<\/p>\n<p>Om du \u00e4r redo att plocka ut de f\u00f6rsta biljetterna beh\u00f6ver du bara v\u00e4lja r\u00e4tt spel. I det h\u00e4r fallet talar vi om Mon &amp; Wed Lotto Australia. S\u00e5 v\u00e4lj r\u00e4tt spel och b\u00f6rja v\u00e4lja dina nummer.<br \/>\nEller v\u00e4lj ett snabbval d\u00e4r datorn v\u00e4ljer slumpm\u00e4ssiga nummer \u00e5t dig. Du kan till och med fortfarande justera dessa nummer om du \u00e4ndrar dig, s\u00e5 att du f\u00e5r de nummer du vill ha vid varje dragning.<\/p>\n<p>N\u00e4r du v\u00e4l har valt dina nummer f\u00f6r Mon &amp; Wed Lotto Australia kan du v\u00e4lja ut n\u00e5gra biljetter till andra spel som du vill spela och sedan g\u00e5 till kassan. Kassaprocessen \u00e4r s\u00e4ker och trygg och ser ocks\u00e5 till att det \u00e4r du som k\u00f6per biljetterna. Du m\u00e5ste verifiera ditt konto (och skapa ett) och sedan kan du b\u00f6rja k\u00f6pa vilka biljetter du vill.<\/p>\n<p>Du beh\u00f6ver bara skapa ett konto med dina personuppgifter och klicka p\u00e5 l\u00e4nken i verifieringsmeddelandet som vi skickar. Det kan ligga i din skr\u00e4ppostmapp om du inte har lagt till oss i din adressbok, s\u00e5 se till att du h\u00e5ller utkik efter det. D\u00e4refter \u00e4r ditt konto klart och du kan b\u00f6rja k\u00f6pa de biljetter du vill.<\/p>\n<h2><a href=\"https:\/\/redfoxlotto.com\/play\/monday-wednesday-lotto-au\/?ref=a8564250a2&amp;medium=ol365\" target=\"_blank\" rel=\"noopener noreferrer\"><img decoding=\"async\" class=\"aligncenter\" src=\"https:\/\/redfoxlotto.com\/image?size=8&amp;lottery=monday-wednesday-lotto-au\" alt=\"Mon &amp;amp; Wed Lotto Australien\" \/><\/a><\/h2>\n<p>Om Mon &amp; Wed Lotto Australia<\/p>\n<ul>\n<li>Land: Australien<\/li>\n<li>Huvudnummer: 45<\/li>\n<li>Du m\u00e5ste v\u00e4lja: 6<\/li>\n<li>Dagar och timmar f\u00f6r dragningar: M\u00e5ndag, onsdag, 21:30 GMT+11 &#8211; 10:30 CET<\/li>\n<li>Jackpotten startar vid: Jackpot startar: 2,5 miljoner AU$.<\/li>\n<li>Jackpotten \u00e4r begr\u00e4nsad till: Fast jackpot<\/li>\n<li>Chans att vinna jackpotten: 1 p\u00e5 8145060<\/li>\n<li>Chans att vinna andrapriset: 1 p\u00e5 678755<\/li>\n<li>Chans att vinna alla priser: 1 p\u00e5 85,44<\/li>\n<li>Antal priskategorier: 6<\/li>\n<\/ul>\n<h2>B\u00e4sta egenskaper hos Mon &amp; Wed Lotto Australia<\/h2>\n<p>Mon &amp; Wed Lotto Australia dras tv\u00e5 g\u00e5nger i veckan och ger dig chansen att f\u00e5 en del av miljonvinsterna. Och allt du beh\u00f6ver g\u00f6ra \u00e4r att ge det en chans och ta dig in i vinstpotten i division 1. Du vet aldrig vad du kan g\u00e5 d\u00e4rifr\u00e5n med.<\/p>\n<h2>S\u00e5 h\u00e4r kontrollerar du resultaten av Mon &amp; Wed Lotto Australia<\/h2>\n<p>N\u00e4r det g\u00e4ller att kontrollera resultaten kan du bli f\u00f6rv\u00e5nad \u00f6ver alla st\u00e4llen du kan g\u00e5 till. Du kan kolla in lotteriets webbplats f\u00f6r att hitta siffrorna direkt efter dragningen. Du kan ocks\u00e5 kolla lokala tidningar och tv-stationer efter dragningen.<br \/>\nMen om du vill f\u00e5 dina resultat snabbt och enkelt b\u00f6r du kolla p\u00e5 v\u00e5r webbplats d\u00e4r du k\u00f6pte dina lotter. D\u00e4r hittar du inte bara de vinnande numren utan \u00e4ven en j\u00e4mf\u00f6relse med dina nummer.<\/p>\n<h2>Du spelade Mon &amp; Wed Lotto Australia online och vann &#8211; vad h\u00e4nder h\u00e4rn\u00e4st?<\/h2>\n<p>Kolla in de vinnande numren, dina nummer och hur mycket du har vunnit p\u00e5 spelet. Om du har vunnit mindre \u00e4n 2 500 euro beh\u00f6ver du inte g\u00f6ra n\u00e5gonting. Pengarna kommer redan att finnas p\u00e5 ditt konto.<br \/>\nOch n\u00e4r de v\u00e4l finns p\u00e5 ditt konto \u00e4r allt du beh\u00f6ver g\u00f6ra att ta ut dem (om de \u00e4r \u00f6ver 10 euro) eller spendera dem p\u00e5 n\u00e5gra fler lottorutor. Du kan l\u00e4mna pengarna p\u00e5 ditt konto f\u00f6r att spendera dem s\u00e5 l\u00e4nge du vill, s\u00e5 de finns alltid d\u00e4r.<br \/>\nOm du har tur och vinner \u00f6ver 2 500 euro kommer du dock att f\u00e5 ett meddelande fr\u00e5n v\u00e5rt supportteam. De kommer att hj\u00e4lpa dig att lista ut dina n\u00e4sta steg, inklusive att fylla i en ans\u00f6kningsblankett f\u00f6r att f\u00e5 din vinst. Och sedan kommer dina pengar att s\u00e4ttas in direkt p\u00e5 ditt bankkonto eller skickas till dig med en check.<\/p>\n","protected":false},"excerpt":{"rendered":"<p>Hur man spelar Mon &amp; Wed Lotto Australia online Om du befinner dig i Sverige beh\u00f6ver det inte vara sv\u00e5rt att spela Mon &amp; Wed Lotto Australia online. Allt du beh\u00f6ver g\u00f6ra \u00e4r att komma fram till vilket s\u00e4tt du ska g\u00f6ra det p\u00e5 och hur du ska f\u00e5 de lotter som du vill ha [&hellip;]<\/p>\n","protected":false},"author":1,"featured_media":0,"parent":5090,"menu_order":16,"comment_status":"closed","ping_status":"closed","template":"template-rightsidebar.php","meta":{"_et_pb_use_builder":"","_et_pb_old_content":"","_et_gb_content_width":"","exclude_from_search":false,"footnotes":""},"class_list":["post-79127","page","type-page","status-publish","hentry"],"yoast_head":"<!-- This site is optimized with the Yoast SEO plugin v23.4 - https:\/\/yoast.com\/wordpress\/plugins\/seo\/ -->\n<title>Delta i Mon &amp; Wed Lotto Australia \u00e4ven fr\u00e5n Sverige<\/title>\n<meta name=\"description\" content=\"Vill du spela Australiens Won &amp; Wed lotto? Skaffa biljetter h\u00e4r!\" \/>\n<meta name=\"robots\" content=\"index, follow, max-snippet:-1, max-image-preview:large, max-video-preview:-1\" \/>\n<link rel=\"canonical\" href=\"https:\/\/onlinelotto365.com\/sv\/spela\/mon-wed-lotto\/\" \/>\n<meta property=\"og:locale\" content=\"sv_SE\" \/>\n<meta property=\"og:type\" content=\"article\" \/>\n<meta property=\"og:title\" content=\"Delta i Mon &amp; Wed Lotto Australia \u00e4ven fr\u00e5n Sverige\" \/>\n<meta property=\"og:description\" content=\"Vill du spela Australiens Won &amp; Wed lotto? Skaffa biljetter h\u00e4r!\" \/>\n<meta property=\"og:url\" content=\"https:\/\/onlinelotto365.com\/sv\/spela\/mon-wed-lotto\/\" \/>\n<meta property=\"og:site_name\" content=\"OnlineLotto365\" \/>\n<meta property=\"article:modified_time\" content=\"2022-11-09T12:23:35+00:00\" \/>\n<meta property=\"og:image\" content=\"https:\/\/redfoxlotto.com\/image?size=8&amp;lottery=monday-wednesday-lotto-au\" \/>\n<meta name=\"twitter:card\" content=\"summary_large_image\" \/>\n<meta name=\"twitter:label1\" content=\"Ber\u00e4knad l\u00e4stid\" \/>\n\t<meta name=\"twitter:data1\" content=\"4 minuter\" \/>\n<script type=\"application\/ld+json\" class=\"yoast-schema-graph\">{\"@context\":\"https:\/\/schema.org\",\"@graph\":[{\"@type\":\"WebPage\",\"@id\":\"https:\/\/onlinelotto365.com\/sv\/spela\/mon-wed-lotto\/\",\"url\":\"https:\/\/onlinelotto365.com\/sv\/spela\/mon-wed-lotto\/\",\"name\":\"Delta i Mon & Wed Lotto Australia \u00e4ven fr\u00e5n Sverige\",\"isPartOf\":{\"@id\":\"https:\/\/onlinelotto365.com\/sv\/#website\"},\"primaryImageOfPage\":{\"@id\":\"https:\/\/onlinelotto365.com\/sv\/spela\/mon-wed-lotto\/#primaryimage\"},\"image\":{\"@id\":\"https:\/\/onlinelotto365.com\/sv\/spela\/mon-wed-lotto\/#primaryimage\"},\"thumbnailUrl\":\"https:\/\/redfoxlotto.com\/image?size=8&amp;lottery=monday-wednesday-lotto-au\",\"datePublished\":\"2022-11-01T11:27:13+00:00\",\"dateModified\":\"2022-11-09T12:23:35+00:00\",\"description\":\"Vill du spela Australiens Won & Wed lotto? Skaffa biljetter h\u00e4r!\",\"breadcrumb\":{\"@id\":\"https:\/\/onlinelotto365.com\/sv\/spela\/mon-wed-lotto\/#breadcrumb\"},\"inLanguage\":\"sv-SE\",\"potentialAction\":[{\"@type\":\"ReadAction\",\"target\":[\"https:\/\/onlinelotto365.com\/sv\/spela\/mon-wed-lotto\/\"]}]},{\"@type\":\"ImageObject\",\"inLanguage\":\"sv-SE\",\"@id\":\"https:\/\/onlinelotto365.com\/sv\/spela\/mon-wed-lotto\/#primaryimage\",\"url\":\"https:\/\/redfoxlotto.com\/image?size=8&amp;lottery=monday-wednesday-lotto-au\",\"contentUrl\":\"https:\/\/redfoxlotto.com\/image?size=8&amp;lottery=monday-wednesday-lotto-au\"},{\"@type\":\"BreadcrumbList\",\"@id\":\"https:\/\/onlinelotto365.com\/sv\/spela\/mon-wed-lotto\/#breadcrumb\",\"itemListElement\":[{\"@type\":\"ListItem\",\"position\":1,\"name\":\"Home\",\"item\":\"https:\/\/onlinelotto365.com\/sv\/\"},{\"@type\":\"ListItem\",\"position\":2,\"name\":\"Allt du beh\u00f6ver veta om dina m\u00f6jligheter att spela de b\u00e4sta lotterierna online\",\"item\":\"https:\/\/onlinelotto365.com\/sv\/spela\/\"},{\"@type\":\"ListItem\",\"position\":3,\"name\":\"Att spela Mon &#038; Wed Lotto Australia \u00e4r bara ett av alternativen f\u00f6r lotterifantaster fr\u00e5n Sverige.\"}]},{\"@type\":\"WebSite\",\"@id\":\"https:\/\/onlinelotto365.com\/sv\/#website\",\"url\":\"https:\/\/onlinelotto365.com\/sv\/\",\"name\":\"OnlineLotto365\",\"description\":\"\",\"potentialAction\":[{\"@type\":\"SearchAction\",\"target\":{\"@type\":\"EntryPoint\",\"urlTemplate\":\"https:\/\/onlinelotto365.com\/sv\/?s={search_term_string}\"},\"query-input\":{\"@type\":\"PropertyValueSpecification\",\"valueRequired\":true,\"valueName\":\"search_term_string\"}}],\"inLanguage\":\"sv-SE\"}]}<\/script>\n<!-- \/ Yoast SEO plugin. -->","yoast_head_json":{"title":"Delta i Mon & Wed Lotto Australia \u00e4ven fr\u00e5n Sverige","description":"Vill du spela Australiens Won & Wed lotto? Skaffa biljetter h\u00e4r!","robots":{"index":"index","follow":"follow","max-snippet":"max-snippet:-1","max-image-preview":"max-image-preview:large","max-video-preview":"max-video-preview:-1"},"canonical":"https:\/\/onlinelotto365.com\/sv\/spela\/mon-wed-lotto\/","og_locale":"sv_SE","og_type":"article","og_title":"Delta i Mon & Wed Lotto Australia \u00e4ven fr\u00e5n Sverige","og_description":"Vill du spela Australiens Won & Wed lotto? Skaffa biljetter h\u00e4r!","og_url":"https:\/\/onlinelotto365.com\/sv\/spela\/mon-wed-lotto\/","og_site_name":"OnlineLotto365","article_modified_time":"2022-11-09T12:23:35+00:00","og_image":[{"url":"https:\/\/redfoxlotto.com\/image?size=8&amp;lottery=monday-wednesday-lotto-au"}],"twitter_card":"summary_large_image","twitter_misc":{"Ber\u00e4knad l\u00e4stid":"4 minuter"},"schema":{"@context":"https:\/\/schema.org","@graph":[{"@type":"WebPage","@id":"https:\/\/onlinelotto365.com\/sv\/spela\/mon-wed-lotto\/","url":"https:\/\/onlinelotto365.com\/sv\/spela\/mon-wed-lotto\/","name":"Delta i Mon & Wed Lotto Australia \u00e4ven fr\u00e5n Sverige","isPartOf":{"@id":"https:\/\/onlinelotto365.com\/sv\/#website"},"primaryImageOfPage":{"@id":"https:\/\/onlinelotto365.com\/sv\/spela\/mon-wed-lotto\/#primaryimage"},"image":{"@id":"https:\/\/onlinelotto365.com\/sv\/spela\/mon-wed-lotto\/#primaryimage"},"thumbnailUrl":"https:\/\/redfoxlotto.com\/image?size=8&amp;lottery=monday-wednesday-lotto-au","datePublished":"2022-11-01T11:27:13+00:00","dateModified":"2022-11-09T12:23:35+00:00","description":"Vill du spela Australiens Won & Wed lotto? Skaffa biljetter h\u00e4r!","breadcrumb":{"@id":"https:\/\/onlinelotto365.com\/sv\/spela\/mon-wed-lotto\/#breadcrumb"},"inLanguage":"sv-SE","potentialAction":[{"@type":"ReadAction","target":["https:\/\/onlinelotto365.com\/sv\/spela\/mon-wed-lotto\/"]}]},{"@type":"ImageObject","inLanguage":"sv-SE","@id":"https:\/\/onlinelotto365.com\/sv\/spela\/mon-wed-lotto\/#primaryimage","url":"https:\/\/redfoxlotto.com\/image?size=8&amp;lottery=monday-wednesday-lotto-au","contentUrl":"https:\/\/redfoxlotto.com\/image?size=8&amp;lottery=monday-wednesday-lotto-au"},{"@type":"BreadcrumbList","@id":"https:\/\/onlinelotto365.com\/sv\/spela\/mon-wed-lotto\/#breadcrumb","itemListElement":[{"@type":"ListItem","position":1,"name":"Home","item":"https:\/\/onlinelotto365.com\/sv\/"},{"@type":"ListItem","position":2,"name":"Allt du beh\u00f6ver veta om dina m\u00f6jligheter att spela de b\u00e4sta lotterierna online","item":"https:\/\/onlinelotto365.com\/sv\/spela\/"},{"@type":"ListItem","position":3,"name":"Att spela Mon &#038; Wed Lotto Australia \u00e4r bara ett av alternativen f\u00f6r lotterifantaster fr\u00e5n Sverige."}]},{"@type":"WebSite","@id":"https:\/\/onlinelotto365.com\/sv\/#website","url":"https:\/\/onlinelotto365.com\/sv\/","name":"OnlineLotto365","description":"","potentialAction":[{"@type":"SearchAction","target":{"@type":"EntryPoint","urlTemplate":"https:\/\/onlinelotto365.com\/sv\/?s={search_term_string}"},"query-input":{"@type":"PropertyValueSpecification","valueRequired":true,"valueName":"search_term_string"}}],"inLanguage":"sv-SE"}]}},"_links":{"self":[{"href":"https:\/\/onlinelotto365.com\/sv\/wp-json\/wp\/v2\/pages\/79127","targetHints":{"allow":["GET"]}}],"collection":[{"href":"https:\/\/onlinelotto365.com\/sv\/wp-json\/wp\/v2\/pages"}],"about":[{"href":"https:\/\/onlinelotto365.com\/sv\/wp-json\/wp\/v2\/types\/page"}],"author":[{"embeddable":true,"href":"https:\/\/onlinelotto365.com\/sv\/wp-json\/wp\/v2\/users\/1"}],"replies":[{"embeddable":true,"href":"https:\/\/onlinelotto365.com\/sv\/wp-json\/wp\/v2\/comments?post=79127"}],"version-history":[{"count":0,"href":"https:\/\/onlinelotto365.com\/sv\/wp-json\/wp\/v2\/pages\/79127\/revisions"}],"up":[{"embeddable":true,"href":"https:\/\/onlinelotto365.com\/sv\/wp-json\/wp\/v2\/pages\/5090"}],"wp:attachment":[{"href":"https:\/\/onlinelotto365.com\/sv\/wp-json\/wp\/v2\/media?parent=79127"}],"curies":[{"name":"wp","href":"https:\/\/api.w.org\/{rel}","templated":true}]}}