{"id":79147,"date":"2022-11-01T14:28:27","date_gmt":"2022-11-01T13:28:27","guid":{"rendered":"https:\/\/onlinelotto365.com\/?page_id=79147"},"modified":"2022-11-01T14:28:27","modified_gmt":"2022-11-01T13:28:27","slug":"euromillions","status":"publish","type":"page","link":"https:\/\/onlinelotto365.com\/sv\/spela\/euromillions\/","title":{"rendered":"EuroMillions \u00e4r Europas st\u00f6rsta lotteri"},"content":{"rendered":"<p>EuroMillions startade 2004 som ett samarbete mellan de nationella lotterioperat\u00f6rerna i Frankrike, Spanien och Storbritannien. Det tog hela tio \u00e5r att f\u00e5 till st\u00e5nd ett avtal mellan l\u00e4nderna, s\u00e5 n\u00e4r det v\u00e4l startade var det definitivt mycket v\u00e4lorganiserat.<\/p>\n<p>Planen var att erbjuda lottospelare i dessa tre l\u00e4nder m\u00f6jligheten att spela om mycket st\u00f6rre jackpottar \u00e4n vad som tidigare varit m\u00f6jligt. Eftersom enorma jackpottar \u00e4r det som brukar driva p\u00e5 sp\u00e4nningen h\u00e4r, f\u00f6rv\u00e4ntade man sig att detta nya lotto skulle bli en stor succ\u00e9 och generera n\u00e5gra fantastiska jackpottar vecka efter vecka. Det \u00e4r precis vad som h\u00e4nde.<\/p>\n<p>I takt med att framg\u00e5ngen f\u00f6r lotteriet v\u00e4xte lades fler l\u00e4nder till i partnerskapet, och i dag \u00e4r det totalt nio olika l\u00e4nder som deltar i det. Jackpottarna \u00e4r alltid bland de st\u00f6rsta som finns tillg\u00e4ngliga \u00f6verallt i v\u00e4rlden och b\u00f6rjar p\u00e5 17 miljoner euro och v\u00e4xer d\u00e4rifr\u00e5n.<\/p>\n<h2>Du beh\u00f6ver inte l\u00e4ngre bo i n\u00e5got av dessa l\u00e4nder f\u00f6r att spela detta lotteri<\/h2>\n<p>Eftersom EuroMillions historiskt sett bara har erbjudits i nio utvalda europeiska l\u00e4nder har de flesta av oss l\u00e4mnats utanf\u00f6r i kylan h\u00e4r n\u00e4r det g\u00e4ller att kunna njuta av att spela det. Faktum \u00e4r att det inte ens har varit aktuellt f\u00f6r resten av oss att spela detta lotteri, \u00e4nda tills nyligen, vill s\u00e4ga.<\/p>\n<p><a href=\"https:\/\/redfoxlotto.com\/play\/euromillions\/?ref=a8564250a2&amp;medium=ol365\" target=\"_blank\" rel=\"noopener noreferrer\"><img loading=\"lazy\" decoding=\"async\" class=\"aligncenter\" src=\"https:\/\/redfoxlotto.com\/image?size=8&amp;lottery=euromillions\" alt=\"Euromillions\" width=\"720\" height=\"90\" \/><\/a><\/p>\n<p>Kloka lottospelare fr\u00e5n Australien och andra l\u00e4nder, de av oss som \u00e4r insatta, inser nu att fysiska hinder i lotteriernas v\u00e4rld inte l\u00e4ngre existerar. Det g\u00f6r de faktiskt fortfarande p\u00e5 s\u00e4tt och vis, eftersom du fortfarande m\u00e5ste k\u00f6pa dina lotter f\u00f6r EuroMillions och andra lotterier fr\u00e5n hela v\u00e4rlden. Naturligtvis kommer du inte att resa dit fr\u00e5n Australien tv\u00e5 g\u00e5nger i veckan f\u00f6r att k\u00f6pa dina lotter, eftersom det skulle ta l\u00f6jligt mycket tid och pengar. Du skulle kunna anlita n\u00e5gon som bor i de l\u00e4nder du vill k\u00f6pa lotter fr\u00e5n, men det skulle kr\u00e4va mer kunskap och anstr\u00e4ngning \u00e4n vad de flesta m\u00e4nniskor n\u00e5gonsin skulle kunna t\u00e4nka sig att beg\u00e5.<\/p>\n<p>Svaret \u00e4r att helt enkelt k\u00f6pa dem online, direkt hemifr\u00e5n, och l\u00e5ta en ansedd och p\u00e5litlig tj\u00e4nst ta hand om alla dina behov, inklusive att k\u00f6pa dina lotter i ditt namn, h\u00e5lla dina lotter f\u00f6r dig i tryggt f\u00f6rvar, kontrollera dina nummer och meddela dig om du vinner och hj\u00e4lpa dig att ta ut dina vinster.<\/p>\n<p>Denna nya tj\u00e4nst g\u00f6r att m\u00e4nniskors dr\u00f6mmar g\u00e5r i uppfyllelse &#8211; att kunna k\u00f6pa sina lotter p\u00e5 n\u00e4tet och f\u00e5 allting sk\u00f6tt f\u00f6r sig har nu blivit verklighet. Du kan inte bara mycket bekv\u00e4mt k\u00f6pa alla EuroMillions-lotterier du vill ha, utan vi erbjuder ocks\u00e5 onlinek\u00f6p av lotter till alla v\u00e4rldens st\u00f6rsta och mest popul\u00e4ra lotteridragningar.<\/p>\n<h2>Hur du betalar din Euromillions-biljett online<\/h2>\n<p>Det finns flera betalningsalternativ, inklusive bank\u00f6verf\u00f6ring, kreditkort och Bitcoin eller andra kryptovalutor. V\u00e5ra digitala krypteringsprotokoll garanterar s\u00e4kerheten f\u00f6r dina uppgifter.<\/p>\n<p>Du kan v\u00e4lja att betala direkt f\u00f6r dina best\u00e4llningar eller s\u00e4tta in vilket belopp du vill och sedan senare anv\u00e4nda pengarna p\u00e5 ditt kundkonto f\u00f6r att k\u00f6pa s\u00e5 m\u00e5nga biljetter online som du vill.<\/p>\n<h2>Mer information om Euromillions<\/h2>\n<ul>\n<li>Lotteriet h\u00e5lls d\u00e4r: diverse europeiska l\u00e4nder<\/li>\n<li>Hur m\u00e5nga huvudnummer att v\u00e4lja mellan: 50<\/li>\n<li>Du m\u00e5ste v\u00e4lja: 5<\/li>\n<li>Hur m\u00e5nga extra nummer att v\u00e4lja mellan: 12<\/li>\n<li>Du m\u00e5ste v\u00e4lja: 2<\/li>\n<li>Dra dagar, timmar: Tider: tisdag, fredag 19:30 GMT &#8211; 20:30 CET<\/li>\n<li>Minsta jackpot: 17 miljoner euro<\/li>\n<li>H\u00f6gsta jackpottbelopp: 190 miljoner euro<\/li>\n<li>M\u00f6jliga nummerkombinationer f\u00f6r en jackpotvinst: 1 p\u00e5 186.450.880<\/li>\n<li>M\u00f6jlig nummerkombination f\u00f6r en vinst i niv\u00e5 2: 1 p\u00e5 2.118.760<\/li>\n<li>Sannolikhet att vinna i alla niv\u00e5er: 1 p\u00e5 12,98<\/li>\n<li>Hur m\u00e5nga vinstniv\u00e5er: 13<\/li>\n<li>S\u00e4rskilda dragningar f\u00f6r Euromillions: tre g\u00e5nger per \u00e5r, jackpotten \u00e4r satt till 140 miljoner euro.<\/li>\n<\/ul>\n<p>&nbsp;<\/p>\n<p>N\u00e4r jackpotten n\u00e5r 190 miljoner euro s\u00e4tts ett tak f\u00f6r den och ytterligare \u00f6kningar l\u00e4ggs till de andra vinsterna. Lotteriorganisat\u00f6rerna anser att den h\u00e4r storleken p\u00e5 jackpotten \u00e4r tillr\u00e4ckligt stor verkar det som, och det \u00e4r definitivt mer \u00e4n tillr\u00e4ckligt med pengar f\u00f6r att tillfredsst\u00e4lla vem som helst av oss. Deras tanke \u00e4r dock att de vid denna tidpunkt har byggt upp mer \u00e4n tillr\u00e4ckligt med sp\u00e4nning f\u00f6r jackpotten och nu kan de g\u00f6ra samma sak med de andra vinsterna. Men de l\u00e4gre priserna kommer att vara mycket st\u00f6rre efter att jackpotten har n\u00e5tt sitt tak. Det betyder att vid den tidpunkten blir lotteriet \u00e4nnu mer attraktivt. Chanserna att vinna ett pris p\u00e5 andra niv\u00e5n \u00e4r trots allt mycket b\u00e4ttre, j\u00e4mf\u00f6rt med sannolikheten att vinna jackpotten.<\/p>\n<p>Dessutom erbjuder Euromillions en s\u00e5 kallad superdragning tre g\u00e5nger per \u00e5r. Det inneb\u00e4r att de helt enkelt s\u00e4tter jackpotten till 130 miljoner euro. Och den kan till och med bli st\u00f6rre \u00e4n s\u00e5 om ingen vinner den.<\/p>\n<h2>Hur man kontrollerar Powerball-resultaten<\/h2>\n<p>Du kan bes\u00f6ka v\u00e5r webbplats igen f\u00f6r att kontrollera dina lotter, eller om du f\u00f6redrar det kan du bara v\u00e4nta p\u00e5 det e-postmeddelande som vi skickar till dig n\u00e4r du har vunnit. Beroende p\u00e5 hur mycket du vinner kommer vi sedan att ge dig r\u00e5d och hj\u00e4lpa dig att h\u00e4mta ut det.<\/p>\n<h2><img loading=\"lazy\" decoding=\"async\" class=\"alignright wp-image-1873\" style=\"font-size: 16px; font-weight: inherit;\" src=\"https:\/\/onlinelotto365.com\/wp-content\/uploads\/2020\/11\/online_lottery-167-300x197.jpg\" alt=\"spela euromillions online\" width=\"282\" height=\"185\" \/><br \/>\nDu har spelat Euromillions online och vunnit &#8211; vad h\u00e4nder h\u00e4rn\u00e4st?<\/h2>\n<p>Det finns totalt 13 olika vinstutbetalningar i detta lotto, fr\u00e5n att bara matcha tv\u00e5 nummer av de fem huvudnumren till att matcha alla fem plus b\u00e5da Lucky Stars-numren och vinna jackpottsumman. F\u00f6rutom de enorma jackpottbeloppen erbjuder EuroMillions ocks\u00e5 sina spelare en st\u00f6rre chans att vinna n\u00e5gon form av utbetalning \u00e4n vad man vanligtvis ser i stora lotterier.<\/p>\n<p>Dragningar sker tv\u00e5 g\u00e5nger i veckan, tisdagar och fredagar, kl. 21.00 brittisk tid. Spelarna v\u00e4ljer 5 nummer fr\u00e5n 1 till 50, samt 2 Lucky Star-nummer fr\u00e5n 1 till 11. Vi erbjuder spelarna m\u00f6jligheten att antingen v\u00e4lja sina egna nummer eller l\u00e5ta datorn v\u00e4lja slumpm\u00e4ssiga nummer.<\/p>\n<h2>Nu n\u00e4r du \u00e4r insatt har du makten att<\/h2>\n<p>Vi \u00e4r inte l\u00e4ngre utest\u00e4ngda fr\u00e5n stora lotterier som EuroMillions bara p\u00e5 grund av var vi bor. Vi kan nu k\u00f6pa vilka lotter vi vill, \u00e4ven fr\u00e5n Australien, och ingen kan stoppa oss. Internet har verkligen \u00f6ppnat upp v\u00e4rlden, och nu har detta \u00e4ntligen \u00e4ven g\u00e4llt lotterier. V\u00e5r v\u00e4ntan \u00e4r nu \u00f6ver.<\/p>\n<p>S\u00e5 med s\u00e5 mycket lotterisp\u00e4nning nu s\u00e5 l\u00e4ttillg\u00e4ngligt finns det ingen bra anledning alls att f\u00f6rneka oss sj\u00e4lva det roliga som v\u00e4ntar oss.<\/p>\n","protected":false},"excerpt":{"rendered":"<p>EuroMillions startade 2004 som ett samarbete mellan de nationella lotterioperat\u00f6rerna i Frankrike, Spanien och Storbritannien. Det tog hela tio \u00e5r att f\u00e5 till st\u00e5nd ett avtal mellan l\u00e4nderna, s\u00e5 n\u00e4r det v\u00e4l startade var det definitivt mycket v\u00e4lorganiserat. Planen var att erbjuda lottospelare i dessa tre l\u00e4nder m\u00f6jligheten att spela om mycket st\u00f6rre jackpottar \u00e4n [&hellip;]<\/p>\n","protected":false},"author":1,"featured_media":0,"parent":5090,"menu_order":3,"comment_status":"closed","ping_status":"closed","template":"euromillions.php","meta":{"_et_pb_use_builder":"","_et_pb_old_content":"","_et_gb_content_width":"","exclude_from_search":false,"footnotes":""},"class_list":["post-79147","page","type-page","status-publish","hentry"],"yoast_head":"<!-- This site is optimized with the Yoast SEO plugin v23.4 - https:\/\/yoast.com\/wordpress\/plugins\/seo\/ -->\n<title>Spela Euromillions online fr\u00e5n Australien | Om Euromillions, hur man f\u00e5r biljetter online<\/title>\n<meta name=\"description\" content=\"Spela EuroMillions Lotto, med en lott online, \u00e4ven fr\u00e5n Australien.\" \/>\n<meta name=\"robots\" content=\"index, follow, max-snippet:-1, max-image-preview:large, max-video-preview:-1\" \/>\n<link rel=\"canonical\" href=\"https:\/\/onlinelotto365.com\/sv\/spela\/euromillions\/\" \/>\n<meta property=\"og:locale\" content=\"sv_SE\" \/>\n<meta property=\"og:type\" content=\"article\" \/>\n<meta property=\"og:title\" content=\"Spela Euromillions online fr\u00e5n Australien | Om Euromillions, hur man f\u00e5r biljetter online\" \/>\n<meta property=\"og:description\" content=\"Spela EuroMillions Lotto, med en lott online, \u00e4ven fr\u00e5n Australien.\" \/>\n<meta property=\"og:url\" content=\"https:\/\/onlinelotto365.com\/sv\/spela\/euromillions\/\" \/>\n<meta property=\"og:site_name\" content=\"OnlineLotto365\" \/>\n<meta property=\"og:image\" content=\"https:\/\/redfoxlotto.com\/image?size=8&amp;lottery=euromillions\" \/>\n<meta name=\"twitter:card\" content=\"summary_large_image\" \/>\n<meta name=\"twitter:label1\" content=\"Ber\u00e4knad l\u00e4stid\" \/>\n\t<meta name=\"twitter:data1\" content=\"5 minuter\" \/>\n<script type=\"application\/ld+json\" class=\"yoast-schema-graph\">{\"@context\":\"https:\/\/schema.org\",\"@graph\":[{\"@type\":\"WebPage\",\"@id\":\"https:\/\/onlinelotto365.com\/sv\/spela\/euromillions\/\",\"url\":\"https:\/\/onlinelotto365.com\/sv\/spela\/euromillions\/\",\"name\":\"Spela Euromillions online fr\u00e5n Australien | Om Euromillions, hur man f\u00e5r biljetter online\",\"isPartOf\":{\"@id\":\"https:\/\/onlinelotto365.com\/sv\/#website\"},\"primaryImageOfPage\":{\"@id\":\"https:\/\/onlinelotto365.com\/sv\/spela\/euromillions\/#primaryimage\"},\"image\":{\"@id\":\"https:\/\/onlinelotto365.com\/sv\/spela\/euromillions\/#primaryimage\"},\"thumbnailUrl\":\"https:\/\/redfoxlotto.com\/image?size=8&amp;lottery=euromillions\",\"datePublished\":\"2022-11-01T13:28:27+00:00\",\"dateModified\":\"2022-11-01T13:28:27+00:00\",\"description\":\"Spela EuroMillions Lotto, med en lott online, \u00e4ven fr\u00e5n Australien.\",\"breadcrumb\":{\"@id\":\"https:\/\/onlinelotto365.com\/sv\/spela\/euromillions\/#breadcrumb\"},\"inLanguage\":\"sv-SE\",\"potentialAction\":[{\"@type\":\"ReadAction\",\"target\":[\"https:\/\/onlinelotto365.com\/sv\/spela\/euromillions\/\"]}]},{\"@type\":\"ImageObject\",\"inLanguage\":\"sv-SE\",\"@id\":\"https:\/\/onlinelotto365.com\/sv\/spela\/euromillions\/#primaryimage\",\"url\":\"https:\/\/redfoxlotto.com\/image?size=8&amp;lottery=euromillions\",\"contentUrl\":\"https:\/\/redfoxlotto.com\/image?size=8&amp;lottery=euromillions\"},{\"@type\":\"BreadcrumbList\",\"@id\":\"https:\/\/onlinelotto365.com\/sv\/spela\/euromillions\/#breadcrumb\",\"itemListElement\":[{\"@type\":\"ListItem\",\"position\":1,\"name\":\"Home\",\"item\":\"https:\/\/onlinelotto365.com\/sv\/\"},{\"@type\":\"ListItem\",\"position\":2,\"name\":\"Allt du beh\u00f6ver veta om dina m\u00f6jligheter att spela de b\u00e4sta lotterierna online\",\"item\":\"https:\/\/onlinelotto365.com\/sv\/spela\/\"},{\"@type\":\"ListItem\",\"position\":3,\"name\":\"EuroMillions \u00e4r Europas st\u00f6rsta lotteri\"}]},{\"@type\":\"WebSite\",\"@id\":\"https:\/\/onlinelotto365.com\/sv\/#website\",\"url\":\"https:\/\/onlinelotto365.com\/sv\/\",\"name\":\"OnlineLotto365\",\"description\":\"\",\"potentialAction\":[{\"@type\":\"SearchAction\",\"target\":{\"@type\":\"EntryPoint\",\"urlTemplate\":\"https:\/\/onlinelotto365.com\/sv\/?s={search_term_string}\"},\"query-input\":{\"@type\":\"PropertyValueSpecification\",\"valueRequired\":true,\"valueName\":\"search_term_string\"}}],\"inLanguage\":\"sv-SE\"}]}<\/script>\n<!-- \/ Yoast SEO plugin. -->","yoast_head_json":{"title":"Spela Euromillions online fr\u00e5n Australien | Om Euromillions, hur man f\u00e5r biljetter online","description":"Spela EuroMillions Lotto, med en lott online, \u00e4ven fr\u00e5n Australien.","robots":{"index":"index","follow":"follow","max-snippet":"max-snippet:-1","max-image-preview":"max-image-preview:large","max-video-preview":"max-video-preview:-1"},"canonical":"https:\/\/onlinelotto365.com\/sv\/spela\/euromillions\/","og_locale":"sv_SE","og_type":"article","og_title":"Spela Euromillions online fr\u00e5n Australien | Om Euromillions, hur man f\u00e5r biljetter online","og_description":"Spela EuroMillions Lotto, med en lott online, \u00e4ven fr\u00e5n Australien.","og_url":"https:\/\/onlinelotto365.com\/sv\/spela\/euromillions\/","og_site_name":"OnlineLotto365","og_image":[{"url":"https:\/\/redfoxlotto.com\/image?size=8&amp;lottery=euromillions"}],"twitter_card":"summary_large_image","twitter_misc":{"Ber\u00e4knad l\u00e4stid":"5 minuter"},"schema":{"@context":"https:\/\/schema.org","@graph":[{"@type":"WebPage","@id":"https:\/\/onlinelotto365.com\/sv\/spela\/euromillions\/","url":"https:\/\/onlinelotto365.com\/sv\/spela\/euromillions\/","name":"Spela Euromillions online fr\u00e5n Australien | Om Euromillions, hur man f\u00e5r biljetter online","isPartOf":{"@id":"https:\/\/onlinelotto365.com\/sv\/#website"},"primaryImageOfPage":{"@id":"https:\/\/onlinelotto365.com\/sv\/spela\/euromillions\/#primaryimage"},"image":{"@id":"https:\/\/onlinelotto365.com\/sv\/spela\/euromillions\/#primaryimage"},"thumbnailUrl":"https:\/\/redfoxlotto.com\/image?size=8&amp;lottery=euromillions","datePublished":"2022-11-01T13:28:27+00:00","dateModified":"2022-11-01T13:28:27+00:00","description":"Spela EuroMillions Lotto, med en lott online, \u00e4ven fr\u00e5n Australien.","breadcrumb":{"@id":"https:\/\/onlinelotto365.com\/sv\/spela\/euromillions\/#breadcrumb"},"inLanguage":"sv-SE","potentialAction":[{"@type":"ReadAction","target":["https:\/\/onlinelotto365.com\/sv\/spela\/euromillions\/"]}]},{"@type":"ImageObject","inLanguage":"sv-SE","@id":"https:\/\/onlinelotto365.com\/sv\/spela\/euromillions\/#primaryimage","url":"https:\/\/redfoxlotto.com\/image?size=8&amp;lottery=euromillions","contentUrl":"https:\/\/redfoxlotto.com\/image?size=8&amp;lottery=euromillions"},{"@type":"BreadcrumbList","@id":"https:\/\/onlinelotto365.com\/sv\/spela\/euromillions\/#breadcrumb","itemListElement":[{"@type":"ListItem","position":1,"name":"Home","item":"https:\/\/onlinelotto365.com\/sv\/"},{"@type":"ListItem","position":2,"name":"Allt du beh\u00f6ver veta om dina m\u00f6jligheter att spela de b\u00e4sta lotterierna online","item":"https:\/\/onlinelotto365.com\/sv\/spela\/"},{"@type":"ListItem","position":3,"name":"EuroMillions \u00e4r Europas st\u00f6rsta lotteri"}]},{"@type":"WebSite","@id":"https:\/\/onlinelotto365.com\/sv\/#website","url":"https:\/\/onlinelotto365.com\/sv\/","name":"OnlineLotto365","description":"","potentialAction":[{"@type":"SearchAction","target":{"@type":"EntryPoint","urlTemplate":"https:\/\/onlinelotto365.com\/sv\/?s={search_term_string}"},"query-input":{"@type":"PropertyValueSpecification","valueRequired":true,"valueName":"search_term_string"}}],"inLanguage":"sv-SE"}]}},"_links":{"self":[{"href":"https:\/\/onlinelotto365.com\/sv\/wp-json\/wp\/v2\/pages\/79147","targetHints":{"allow":["GET"]}}],"collection":[{"href":"https:\/\/onlinelotto365.com\/sv\/wp-json\/wp\/v2\/pages"}],"about":[{"href":"https:\/\/onlinelotto365.com\/sv\/wp-json\/wp\/v2\/types\/page"}],"author":[{"embeddable":true,"href":"https:\/\/onlinelotto365.com\/sv\/wp-json\/wp\/v2\/users\/1"}],"replies":[{"embeddable":true,"href":"https:\/\/onlinelotto365.com\/sv\/wp-json\/wp\/v2\/comments?post=79147"}],"version-history":[{"count":0,"href":"https:\/\/onlinelotto365.com\/sv\/wp-json\/wp\/v2\/pages\/79147\/revisions"}],"up":[{"embeddable":true,"href":"https:\/\/onlinelotto365.com\/sv\/wp-json\/wp\/v2\/pages\/5090"}],"wp:attachment":[{"href":"https:\/\/onlinelotto365.com\/sv\/wp-json\/wp\/v2\/media?parent=79147"}],"curies":[{"name":"wp","href":"https:\/\/api.w.org\/{rel}","templated":true}]}}