{"id":79189,"date":"2022-11-02T09:37:13","date_gmt":"2022-11-02T08:37:13","guid":{"rendered":"https:\/\/onlinelotto365.com\/?page_id=79189"},"modified":"2022-11-02T09:37:13","modified_gmt":"2022-11-02T08:37:13","slug":"bonoloto","status":"publish","type":"page","link":"https:\/\/onlinelotto365.com\/sv\/spela\/bonoloto\/","title":{"rendered":"Bonoloto nu tillg\u00e4nglig \u00f6verallt"},"content":{"rendered":"<h2>Hur man spelar BonoLoto online<\/h2>\n<p>Att spela BonoLoto \u00e4r l\u00e4ttare \u00e4n du tror. Allt du beh\u00f6ver g\u00f6ra \u00e4r att veta var du ska b\u00f6rja och var du ska k\u00f6pa dina biljetter. Och det b\u00e4sta st\u00e4llet d\u00e4r du kan g\u00f6ra exakt det \u00e4r hos oss och n\u00e5gra enkla steg.<\/p>\n<p>V\u00e5rt system ser till att du blir omh\u00e4ndertagen hela v\u00e4gen fr\u00e5n b\u00f6rjan till slut. Allt du beh\u00f6ver g\u00f6ra \u00e4r att skapa ett helt gratis konto och du \u00e4r p\u00e5 v\u00e4g. Du kommer att kunna v\u00e4lja mellan alla de olika lottospel vi har tillg\u00e4ngliga och v\u00e4lja de lotter och specifika nummer som du vill ha. Sedan kan du betala med den betalningsmetod du f\u00f6redrar och du \u00e4r klar.<\/p>\n<p>Allt du beh\u00f6ver g\u00f6ra \u00e4r att ta en titt p\u00e5 de olika lottospel vi har tillg\u00e4ngliga och v\u00e4lja r\u00e4tt spel (BonoLoto). D\u00e4rifr\u00e5n v\u00e4ljer du ut de nummer som du vill spela. Om du v\u00e4ljer f\u00f6r m\u00e5nga eller f\u00f6r f\u00e5 spelar det ingen roll, v\u00e5rt system varnar dig precis vad du beh\u00f6ver g\u00f6ra s\u00e5 att du kan korrigera din lott. Eller s\u00e5 kan du v\u00e4lja att l\u00e5ta datorn slumpm\u00e4ssigt tilldela dig nummer.<\/p>\n<p>N\u00e4r du har f\u00e5tt de biljetter du vill ha till BonoLoto kan du v\u00e4lja att l\u00e4gga till biljetter fr\u00e5n andra spel ocks\u00e5. Det kommer att vara superenkelt och det tar bara n\u00e5gra minuter. Du v\u00e4ntar p\u00e5 att ditt verifieringsmail ska komma fram i det mail du anger till oss och du klickar p\u00e5 l\u00e4nken. Det \u00e4r allt som kr\u00e4vs och ditt konto kommer att vara inr\u00e4ttat. P\u00e5 s\u00e5 s\u00e4tt kan du forts\u00e4tta att k\u00f6pa biljetter.<\/p>\n<p><a href=\"https:\/\/redfoxlotto.com\/play\/bonoloto\/?ref=a8564250a2&amp;medium=ol365\" target=\"_blank\" rel=\"noopener noreferrer\"><img decoding=\"async\" class=\"aligncenter\" src=\"https:\/\/redfoxlotto.com\/image?size=8&amp;lottery=bonoloto\" alt=\"Bono Lotto\" \/><\/a><\/p>\n<p>Se till att h\u00e5lla utkik efter verifieringsl\u00e4nken i din vanliga e-postinkorg samt i din skr\u00e4ppostmapp f\u00f6r s\u00e4kerhets skull. Om vi inte finns i din adressbok kanske du inte ser e-postmeddelandet i din vanliga kontomapp.<\/p>\n<h2>Om BonoLoto<\/h2>\n<ul>\n<li>Land: Spanien<\/li>\n<li>Land: Spanien<\/li>\n<li>De viktigaste numren \u00e4r: 49<\/li>\n<li>Du m\u00e5ste v\u00e4lja: 6<\/li>\n<li>Dagar, tider f\u00f6r dragningar: dagligen utom s\u00f6ndagar, 21:30 CET &#8211; 21:30 CET<\/li>\n<li>Jackpotten startar vid: \u20ac400.000<\/li>\n<li>Jackpotten \u00e4r begr\u00e4nsad till: ingen<\/li>\n<li>Chans att vinna jackpotten: 1 p\u00e5 13983816<\/li>\n<li>Chans att vinna andrapriset: 1 p\u00e5 2330636<\/li>\n<li>Chans att vinna n\u00e5got pris: 1 p\u00e5 8,43<\/li>\n<li>Antal priskategorier: 6<\/li>\n<\/ul>\n<h2>B\u00e4sta egenskaper hos BonoLoto<\/h2>\n<p>BonoLoto har funnits ganska l\u00e4nge och har delat ut en hel del priser under den tiden. \u00c4nnu b\u00e4ttre, det har fyra olika dragningar varje vecka och skapades ursprungligen f\u00f6r att vara ett prisv\u00e4rt alternativ. Det \u00e4r det fortfarande och du kan vinna en andel av 55 % av inkomsten i totala priser.<\/p>\n<h2>S\u00e5 h\u00e4r kontrollerar du BonoLotos resultat<\/h2>\n<p>\u00c4r du redo att se vilka vinnande nummer som finns f\u00f6r BonoLoto? Ja, det \u00e4r faktiskt ganska enkelt eftersom allt du beh\u00f6ver g\u00f6ra \u00e4r att g\u00e5 till BonoLotos officiella webbplats. Eller s\u00e5 kan du v\u00e4lja att kolla dina lokala tidningar och tv-stationer. Dessa st\u00e4llen rapporterar alla de vinnande numren.<br \/>\nMen det b\u00e4sta st\u00e4llet att g\u00e5 till \u00e4r definitivt det st\u00e4lle d\u00e4r du k\u00f6pte din lott, vilket \u00e4r just h\u00e4r. Du kommer att kunna se de vinnande numren samt dina egna nummer och hur de j\u00e4mf\u00f6rs. P\u00e5 s\u00e5 s\u00e4tt kan du se dina vinster omedelbart ocks\u00e5. <img loading=\"lazy\" decoding=\"async\" class=\"alignright wp-image-3656\" src=\"https:\/\/onlinelotto365.com\/wp-content\/uploads\/2020\/11\/online_lottery-16-300x200.jpg\" alt=\"spela bonoloto online\" width=\"215\" height=\"143\" srcset=\"https:\/\/onlinelotto365.com\/wp-content\/uploads\/2020\/11\/online_lottery-16-300x200.jpg 300w, https:\/\/onlinelotto365.com\/wp-content\/uploads\/2020\/11\/online_lottery-16.jpg 320w\" sizes=\"auto, (max-width: 215px) 100vw, 215px\" \/><\/p>\n<h2>Du har spelat BonoLoto online och vunnit &#8211; vad h\u00e4nder h\u00e4rn\u00e4st?<\/h2>\n<p>Om du vinner mindre \u00e4n 2 500 euro beh\u00f6ver du inte g\u00f6ra n\u00e5gonting. Det beror p\u00e5 att vi kr\u00e4ver pengarna \u00e5t dig och s\u00e4tter in dem direkt p\u00e5 ditt konto. De kommer att finnas d\u00e4r f\u00f6r dig att anv\u00e4nda hur och n\u00e4r du vill. Eller s\u00e5 kan du ta ut dem till ditt vanliga bankkonto om du har minst 10 \u20ac.<br \/>\nOm du har vunnit \u00f6ver \u20ac2500 m\u00e5ste du v\u00e4nta p\u00e5 att h\u00f6ra fr\u00e5n v\u00e5rt supportteam eftersom det \u00e4r lite mer involverat f\u00f6r att du ska f\u00e5 dina vinster. Som tur \u00e4r hj\u00e4lper vi dig med processen och s\u00e4tter ig\u00e5ng direkt s\u00e5 att du kan f\u00e5 dina pengar skickade med check eller direkt till ditt konto.<\/p>\n","protected":false},"excerpt":{"rendered":"<p>Hur man spelar BonoLoto online Att spela BonoLoto \u00e4r l\u00e4ttare \u00e4n du tror. Allt du beh\u00f6ver g\u00f6ra \u00e4r att veta var du ska b\u00f6rja och var du ska k\u00f6pa dina biljetter. Och det b\u00e4sta st\u00e4llet d\u00e4r du kan g\u00f6ra exakt det \u00e4r hos oss och n\u00e5gra enkla steg. V\u00e5rt system ser till att du blir [&hellip;]<\/p>\n","protected":false},"author":1,"featured_media":0,"parent":5090,"menu_order":8,"comment_status":"closed","ping_status":"closed","template":"","meta":{"_et_pb_use_builder":"","_et_pb_old_content":"","_et_gb_content_width":"","exclude_from_search":false,"footnotes":""},"class_list":["post-79189","page","type-page","status-publish","hentry"],"yoast_head":"<!-- This site is optimized with the Yoast SEO plugin v23.4 - https:\/\/yoast.com\/wordpress\/plugins\/seo\/ -->\n<title>Hur man spelar BonoLoto om man bor i Sverige<\/title>\n<meta name=\"description\" content=\"Best\u00e4ll lagligt biljetter f\u00f6r att spela Bonoloto h\u00e4r p\u00e5 v\u00e5r webbplats\" \/>\n<meta name=\"robots\" content=\"index, follow, max-snippet:-1, max-image-preview:large, max-video-preview:-1\" \/>\n<link rel=\"canonical\" href=\"https:\/\/onlinelotto365.com\/sv\/spela\/bonoloto\/\" \/>\n<meta property=\"og:locale\" content=\"sv_SE\" \/>\n<meta property=\"og:type\" content=\"article\" \/>\n<meta property=\"og:title\" content=\"Hur man spelar BonoLoto om man bor i Sverige\" \/>\n<meta property=\"og:description\" content=\"Best\u00e4ll lagligt biljetter f\u00f6r att spela Bonoloto h\u00e4r p\u00e5 v\u00e5r webbplats\" \/>\n<meta property=\"og:url\" content=\"https:\/\/onlinelotto365.com\/sv\/spela\/bonoloto\/\" \/>\n<meta property=\"og:site_name\" content=\"OnlineLotto365\" \/>\n<meta property=\"og:image\" content=\"https:\/\/redfoxlotto.com\/image?size=8&amp;lottery=bonoloto\" \/>\n<meta name=\"twitter:card\" content=\"summary_large_image\" \/>\n<meta name=\"twitter:label1\" content=\"Ber\u00e4knad l\u00e4stid\" \/>\n\t<meta name=\"twitter:data1\" content=\"4 minuter\" \/>\n<script type=\"application\/ld+json\" class=\"yoast-schema-graph\">{\"@context\":\"https:\/\/schema.org\",\"@graph\":[{\"@type\":\"WebPage\",\"@id\":\"https:\/\/onlinelotto365.com\/sv\/spela\/bonoloto\/\",\"url\":\"https:\/\/onlinelotto365.com\/sv\/spela\/bonoloto\/\",\"name\":\"Hur man spelar BonoLoto om man bor i Sverige\",\"isPartOf\":{\"@id\":\"https:\/\/onlinelotto365.com\/sv\/#website\"},\"primaryImageOfPage\":{\"@id\":\"https:\/\/onlinelotto365.com\/sv\/spela\/bonoloto\/#primaryimage\"},\"image\":{\"@id\":\"https:\/\/onlinelotto365.com\/sv\/spela\/bonoloto\/#primaryimage\"},\"thumbnailUrl\":\"https:\/\/redfoxlotto.com\/image?size=8&amp;lottery=bonoloto\",\"datePublished\":\"2022-11-02T08:37:13+00:00\",\"dateModified\":\"2022-11-02T08:37:13+00:00\",\"description\":\"Best\u00e4ll lagligt biljetter f\u00f6r att spela Bonoloto h\u00e4r p\u00e5 v\u00e5r webbplats\",\"breadcrumb\":{\"@id\":\"https:\/\/onlinelotto365.com\/sv\/spela\/bonoloto\/#breadcrumb\"},\"inLanguage\":\"sv-SE\",\"potentialAction\":[{\"@type\":\"ReadAction\",\"target\":[\"https:\/\/onlinelotto365.com\/sv\/spela\/bonoloto\/\"]}]},{\"@type\":\"ImageObject\",\"inLanguage\":\"sv-SE\",\"@id\":\"https:\/\/onlinelotto365.com\/sv\/spela\/bonoloto\/#primaryimage\",\"url\":\"https:\/\/redfoxlotto.com\/image?size=8&amp;lottery=bonoloto\",\"contentUrl\":\"https:\/\/redfoxlotto.com\/image?size=8&amp;lottery=bonoloto\"},{\"@type\":\"BreadcrumbList\",\"@id\":\"https:\/\/onlinelotto365.com\/sv\/spela\/bonoloto\/#breadcrumb\",\"itemListElement\":[{\"@type\":\"ListItem\",\"position\":1,\"name\":\"Home\",\"item\":\"https:\/\/onlinelotto365.com\/sv\/\"},{\"@type\":\"ListItem\",\"position\":2,\"name\":\"Allt du beh\u00f6ver veta om dina m\u00f6jligheter att spela de b\u00e4sta lotterierna online\",\"item\":\"https:\/\/onlinelotto365.com\/sv\/spela\/\"},{\"@type\":\"ListItem\",\"position\":3,\"name\":\"Bonoloto nu tillg\u00e4nglig \u00f6verallt\"}]},{\"@type\":\"WebSite\",\"@id\":\"https:\/\/onlinelotto365.com\/sv\/#website\",\"url\":\"https:\/\/onlinelotto365.com\/sv\/\",\"name\":\"OnlineLotto365\",\"description\":\"\",\"potentialAction\":[{\"@type\":\"SearchAction\",\"target\":{\"@type\":\"EntryPoint\",\"urlTemplate\":\"https:\/\/onlinelotto365.com\/sv\/?s={search_term_string}\"},\"query-input\":{\"@type\":\"PropertyValueSpecification\",\"valueRequired\":true,\"valueName\":\"search_term_string\"}}],\"inLanguage\":\"sv-SE\"}]}<\/script>\n<!-- \/ Yoast SEO plugin. -->","yoast_head_json":{"title":"Hur man spelar BonoLoto om man bor i Sverige","description":"Best\u00e4ll lagligt biljetter f\u00f6r att spela Bonoloto h\u00e4r p\u00e5 v\u00e5r webbplats","robots":{"index":"index","follow":"follow","max-snippet":"max-snippet:-1","max-image-preview":"max-image-preview:large","max-video-preview":"max-video-preview:-1"},"canonical":"https:\/\/onlinelotto365.com\/sv\/spela\/bonoloto\/","og_locale":"sv_SE","og_type":"article","og_title":"Hur man spelar BonoLoto om man bor i Sverige","og_description":"Best\u00e4ll lagligt biljetter f\u00f6r att spela Bonoloto h\u00e4r p\u00e5 v\u00e5r webbplats","og_url":"https:\/\/onlinelotto365.com\/sv\/spela\/bonoloto\/","og_site_name":"OnlineLotto365","og_image":[{"url":"https:\/\/redfoxlotto.com\/image?size=8&amp;lottery=bonoloto"}],"twitter_card":"summary_large_image","twitter_misc":{"Ber\u00e4knad l\u00e4stid":"4 minuter"},"schema":{"@context":"https:\/\/schema.org","@graph":[{"@type":"WebPage","@id":"https:\/\/onlinelotto365.com\/sv\/spela\/bonoloto\/","url":"https:\/\/onlinelotto365.com\/sv\/spela\/bonoloto\/","name":"Hur man spelar BonoLoto om man bor i Sverige","isPartOf":{"@id":"https:\/\/onlinelotto365.com\/sv\/#website"},"primaryImageOfPage":{"@id":"https:\/\/onlinelotto365.com\/sv\/spela\/bonoloto\/#primaryimage"},"image":{"@id":"https:\/\/onlinelotto365.com\/sv\/spela\/bonoloto\/#primaryimage"},"thumbnailUrl":"https:\/\/redfoxlotto.com\/image?size=8&amp;lottery=bonoloto","datePublished":"2022-11-02T08:37:13+00:00","dateModified":"2022-11-02T08:37:13+00:00","description":"Best\u00e4ll lagligt biljetter f\u00f6r att spela Bonoloto h\u00e4r p\u00e5 v\u00e5r webbplats","breadcrumb":{"@id":"https:\/\/onlinelotto365.com\/sv\/spela\/bonoloto\/#breadcrumb"},"inLanguage":"sv-SE","potentialAction":[{"@type":"ReadAction","target":["https:\/\/onlinelotto365.com\/sv\/spela\/bonoloto\/"]}]},{"@type":"ImageObject","inLanguage":"sv-SE","@id":"https:\/\/onlinelotto365.com\/sv\/spela\/bonoloto\/#primaryimage","url":"https:\/\/redfoxlotto.com\/image?size=8&amp;lottery=bonoloto","contentUrl":"https:\/\/redfoxlotto.com\/image?size=8&amp;lottery=bonoloto"},{"@type":"BreadcrumbList","@id":"https:\/\/onlinelotto365.com\/sv\/spela\/bonoloto\/#breadcrumb","itemListElement":[{"@type":"ListItem","position":1,"name":"Home","item":"https:\/\/onlinelotto365.com\/sv\/"},{"@type":"ListItem","position":2,"name":"Allt du beh\u00f6ver veta om dina m\u00f6jligheter att spela de b\u00e4sta lotterierna online","item":"https:\/\/onlinelotto365.com\/sv\/spela\/"},{"@type":"ListItem","position":3,"name":"Bonoloto nu tillg\u00e4nglig \u00f6verallt"}]},{"@type":"WebSite","@id":"https:\/\/onlinelotto365.com\/sv\/#website","url":"https:\/\/onlinelotto365.com\/sv\/","name":"OnlineLotto365","description":"","potentialAction":[{"@type":"SearchAction","target":{"@type":"EntryPoint","urlTemplate":"https:\/\/onlinelotto365.com\/sv\/?s={search_term_string}"},"query-input":{"@type":"PropertyValueSpecification","valueRequired":true,"valueName":"search_term_string"}}],"inLanguage":"sv-SE"}]}},"_links":{"self":[{"href":"https:\/\/onlinelotto365.com\/sv\/wp-json\/wp\/v2\/pages\/79189","targetHints":{"allow":["GET"]}}],"collection":[{"href":"https:\/\/onlinelotto365.com\/sv\/wp-json\/wp\/v2\/pages"}],"about":[{"href":"https:\/\/onlinelotto365.com\/sv\/wp-json\/wp\/v2\/types\/page"}],"author":[{"embeddable":true,"href":"https:\/\/onlinelotto365.com\/sv\/wp-json\/wp\/v2\/users\/1"}],"replies":[{"embeddable":true,"href":"https:\/\/onlinelotto365.com\/sv\/wp-json\/wp\/v2\/comments?post=79189"}],"version-history":[{"count":0,"href":"https:\/\/onlinelotto365.com\/sv\/wp-json\/wp\/v2\/pages\/79189\/revisions"}],"up":[{"embeddable":true,"href":"https:\/\/onlinelotto365.com\/sv\/wp-json\/wp\/v2\/pages\/5090"}],"wp:attachment":[{"href":"https:\/\/onlinelotto365.com\/sv\/wp-json\/wp\/v2\/media?parent=79189"}],"curies":[{"name":"wp","href":"https:\/\/api.w.org\/{rel}","templated":true}]}}