{"id":79223,"date":"2022-11-02T12:00:35","date_gmt":"2022-11-02T11:00:35","guid":{"rendered":"https:\/\/onlinelotto365.com\/?page_id=79223"},"modified":"2022-11-02T12:01:08","modified_gmt":"2022-11-02T11:01:08","slug":"german-lotto","status":"publish","type":"page","link":"https:\/\/onlinelotto365.com\/sv\/spela\/german-lotto\/","title":{"rendered":"Delta i tyska Lotto fr\u00e5n andra l\u00e4nder"},"content":{"rendered":"<p>Det tyska lotteriet \u00e4r ett av v\u00e4rldens \u00e4ldsta lotterier och har funnits i \u00f6ver 50 \u00e5r. Du kan sl\u00e5 vad om att all denna erfarenhet tj\u00e4nar dem mycket v\u00e4l, och de \u00e4r ett av de st\u00f6rre europeiska l\u00e4nderna som beh\u00e5ller sitt eget nationella lotteri i st\u00e4llet f\u00f6r att samarbeta med EuroMillions-lotteriet. Tyskarna \u00e4r allts\u00e5 stolta \u00f6ver sitt tyska Lotto, vilket de ocks\u00e5 borde vara.<\/p>\n<p>Om du bor i Sverige och vill spela tyska Lotto \u00e4nd\u00e5, eller n\u00e5got annat stort lotteri fr\u00e5n hela v\u00e4rlden f\u00f6r den delen, s\u00e5 finns det inget som hindrar dig fr\u00e5n att g\u00f6ra det. Allt du beh\u00f6ver g\u00f6ra i dag \u00e4r att k\u00f6pa dina lotter online. Om du \u00e4r fr\u00e5n Sverige kan du fortfarande till och med k\u00f6pa biljetter till tyska Lotto online ocks\u00e5.<\/p>\n<p>Naturligtvis m\u00e5ste du veta var du ska k\u00f6pa dina lotter p\u00e5 det h\u00e4r s\u00e4ttet, och det \u00e4r d\u00e4r vi kommer in i bilden. Vi har drivit den h\u00e4r tj\u00e4nsten f\u00f6r lotterier p\u00e5 n\u00e4tet under ett bra tag nu. Detta \u00e4r det st\u00f6rsta som n\u00e5gonsin h\u00e4nt med lottospelandet sedan lotterier uppfanns, som du kanske kan t\u00e4nka dig.<\/p>\n<p><a href=\"https:\/\/redfoxlotto.com\/play\/lotto-6aus49\/?ref=a8564250a2&amp;medium=ol365\" target=\"_blank\" rel=\"noopener noreferrer\"><img decoding=\"async\" class=\"aligncenter\" src=\"https:\/\/redfoxlotto.com\/image?size=8&amp;lottery=lotto-6aus49\" alt=\"Tysk 6aus49\" \/><\/a><\/p>\n<h2>Du \u00e4r inte l\u00e4ngre begr\u00e4nsad till lotteriet i ditt omr\u00e5de<\/h2>\n<p>Om du \u00e4r som de flesta lottospelare vill du spela de stora lotterierna, och om du f\u00e5r v\u00e4lja vill du spela mer \u00e4n bara ett. Fram till nyligen har detta dock inte varit m\u00f6jligt. Folk undrade dock varf\u00f6r det inte var s\u00e5, till exempel varf\u00f6r kan man k\u00f6pa i stort sett allting p\u00e5 n\u00e4tet utom lotter?<\/p>\n<p>Detta kr\u00e4vde ett n\u00e4tverk av m\u00e4nniskor som skulle s\u00e4ttas p\u00e5 plats f\u00f6r att g\u00f6ra budgivningen \u00e5t v\u00e5ra kunder, vilket innebar att man skulle g\u00e5 ut och k\u00f6pa biljetter \u00e5t alla, i m\u00e5nga olika l\u00e4nder. Det innebar ocks\u00e5 att hantera kundernas upplevelser fr\u00e5n f\u00f6rs\u00e4ljningsst\u00e4llet och fram\u00e5t och att tillhandah\u00e5lla den typ av fantastisk service som m\u00e4nniskor f\u00f6rv\u00e4ntar sig.<\/p>\n<p><img loading=\"lazy\" decoding=\"async\" class=\" wp-image-1543 alignright\" src=\"https:\/\/onlinelotto365.com\/wp-content\/uploads\/2020\/11\/online_lottery-135.jpg\" alt=\"spela tysk lotto online\" width=\"305\" height=\"204\" \/><\/p>\n<h2>Om German Lotto<\/h2>\n<ul>\n<li>Land: Tyskland<\/li>\n<li>Huvudnummersortiment: 49<\/li>\n<li>Du v\u00e4ljer: 6<\/li>\n<li>Extra nummer: inga<\/li>\n<li>Du v\u00e4ljer: inga<\/li>\n<li>Dragningsdagar, timmar: L\u00f6rdag, 20:25 CET, 20:25 CET<\/li>\n<li>Minsta jackpot: 1 miljon euro<\/li>\n<li>Maximalt jackpotttak: inget tak<\/li>\n<li>Sannolikhet att vinna jackpotten: 1 p\u00e5 125 854 344.<\/li>\n<li>Sannolikhet f\u00f6r en vinst i niv\u00e5 2: 1 p\u00e5 13.983.816<\/li>\n<li>Sannolikhet att vinna i alla niv\u00e5er: 1 p\u00e5 31<\/li>\n<li>Antal vinstniv\u00e5er: 9<\/li>\n<\/ul>\n<p>Alla de lotterier som vi g\u00f6r tillg\u00e4ngliga f\u00f6r dig \u00e4r alla f\u00f6rstklassiga stora lotterier, inklusive tyska Lotto. F\u00f6r att spela det tyska lotteriet v\u00e4ljer du 6 nummer av 49 m\u00f6jliga, tillsammans med ett bonusnummer fr\u00e5n 1 till 9.\u00a0Om du lyckas tr\u00e4ffa alla 6 nummer plus bonusnumret kommer du snart att g\u00f6ra en resa till Tyskland f\u00f6r att h\u00e4mta flera miljoner euro eller mer.<\/p>\n<p>Med tanke p\u00e5 det mindre antalet bollar i trumman j\u00e4mf\u00f6rt med m\u00e5nga andra stora lotterier \u00e4r dina chanser att vinna jackpotten i det tyska lotteriet definitivt h\u00f6gre. Det tyska lotteriet erbjuder naturligtvis andra vinster ut\u00f6ver jackpotten, vilket alla lotterier g\u00f6r, och det finns totalt 7 underpriser ut\u00f6ver jackpotten. Om du kan matcha s\u00e5 f\u00e5 som 3 av dina nummer kommer du att f\u00e5 betalt.<\/p>\n<h2>L\u00e5t oss vara din guide till det tyska lotteriet och vidare<\/h2>\n<p>Med tanke p\u00e5 hur popul\u00e4ra lotterier \u00e4r runt om i v\u00e4rlden \u00e4r det en dr\u00f6m f\u00f6r alla lottospelare att ha tillg\u00e5ng till alla bra lotterier. Varf\u00f6r bara spela ett n\u00e4r du kan spela s\u00e5 m\u00e5nga du vill i st\u00e4llet? Varf\u00f6r n\u00f6ja sig med en eller tv\u00e5 dragningar i veckan n\u00e4r du kan f\u00e5 dussintals om du vill? Varf\u00f6r kr\u00e5ngla med att g\u00e5 till aff\u00e4ren n\u00e4r du kan k\u00f6pa alla lotter du vill p\u00e5 n\u00e4tet?<\/p>\n<h2>Du har spelat German Lotto online och vunnit &#8211; vad h\u00e4nder h\u00e4rn\u00e4st?<\/h2>\n<p>Vi hj\u00e4lper dig varje steg p\u00e5 v\u00e4gen, fr\u00e5n att skicka dig en bekr\u00e4ftelse p\u00e5 ditt k\u00f6p via e-post till att meddela dig via e-post n\u00e4r du vinner, till att hj\u00e4lpa dig att ta ut pengarna du har vunnit. Allt \u00e4r otroligt enkelt.<\/p>\n","protected":false},"excerpt":{"rendered":"<p>Det tyska lotteriet \u00e4r ett av v\u00e4rldens \u00e4ldsta lotterier och har funnits i \u00f6ver 50 \u00e5r. Du kan sl\u00e5 vad om att all denna erfarenhet tj\u00e4nar dem mycket v\u00e4l, och de \u00e4r ett av de st\u00f6rre europeiska l\u00e4nderna som beh\u00e5ller sitt eget nationella lotteri i st\u00e4llet f\u00f6r att samarbeta med EuroMillions-lotteriet. Tyskarna \u00e4r allts\u00e5 stolta [&hellip;]<\/p>\n","protected":false},"author":1,"featured_media":0,"parent":5090,"menu_order":11,"comment_status":"closed","ping_status":"closed","template":"lotto-german.php","meta":{"_et_pb_use_builder":"","_et_pb_old_content":"","_et_gb_content_width":"","exclude_from_search":false,"footnotes":""},"class_list":["post-79223","page","type-page","status-publish","hentry"],"yoast_head":"<!-- This site is optimized with the Yoast SEO plugin v23.4 - https:\/\/yoast.com\/wordpress\/plugins\/seo\/ -->\n<title>Spela German Lotto online fr\u00e5n Sverige | Kan jag delta i German Lotto om jag bor i Sverige?<\/title>\n<meta name=\"description\" content=\"Spela German Lotto Lotto h\u00e4r - v\u00e5r biljettservice online g\u00f6r det m\u00f6jligt fr\u00e5n Sverige.\" \/>\n<meta name=\"robots\" content=\"index, follow, max-snippet:-1, max-image-preview:large, max-video-preview:-1\" \/>\n<link rel=\"canonical\" href=\"https:\/\/onlinelotto365.com\/sv\/spela\/german-lotto\/\" \/>\n<meta property=\"og:locale\" content=\"sv_SE\" \/>\n<meta property=\"og:type\" content=\"article\" \/>\n<meta property=\"og:title\" content=\"Spela German Lotto online fr\u00e5n Sverige | Kan jag delta i German Lotto om jag bor i Sverige?\" \/>\n<meta property=\"og:description\" content=\"Spela German Lotto Lotto h\u00e4r - v\u00e5r biljettservice online g\u00f6r det m\u00f6jligt fr\u00e5n Sverige.\" \/>\n<meta property=\"og:url\" content=\"https:\/\/onlinelotto365.com\/sv\/spela\/german-lotto\/\" \/>\n<meta property=\"og:site_name\" content=\"OnlineLotto365\" \/>\n<meta property=\"article:modified_time\" content=\"2022-11-02T11:01:08+00:00\" \/>\n<meta property=\"og:image\" content=\"https:\/\/redfoxlotto.com\/image?size=8&amp;lottery=lotto-6aus49\" \/>\n<meta name=\"twitter:card\" content=\"summary_large_image\" \/>\n<meta name=\"twitter:label1\" content=\"Ber\u00e4knad l\u00e4stid\" \/>\n\t<meta name=\"twitter:data1\" content=\"4 minuter\" \/>\n<script type=\"application\/ld+json\" class=\"yoast-schema-graph\">{\"@context\":\"https:\/\/schema.org\",\"@graph\":[{\"@type\":\"WebPage\",\"@id\":\"https:\/\/onlinelotto365.com\/sv\/spela\/german-lotto\/\",\"url\":\"https:\/\/onlinelotto365.com\/sv\/spela\/german-lotto\/\",\"name\":\"Spela German Lotto online fr\u00e5n Sverige | Kan jag delta i German Lotto om jag bor i Sverige?\",\"isPartOf\":{\"@id\":\"https:\/\/onlinelotto365.com\/sv\/#website\"},\"primaryImageOfPage\":{\"@id\":\"https:\/\/onlinelotto365.com\/sv\/spela\/german-lotto\/#primaryimage\"},\"image\":{\"@id\":\"https:\/\/onlinelotto365.com\/sv\/spela\/german-lotto\/#primaryimage\"},\"thumbnailUrl\":\"https:\/\/redfoxlotto.com\/image?size=8&amp;lottery=lotto-6aus49\",\"datePublished\":\"2022-11-02T11:00:35+00:00\",\"dateModified\":\"2022-11-02T11:01:08+00:00\",\"description\":\"Spela German Lotto Lotto h\u00e4r - v\u00e5r biljettservice online g\u00f6r det m\u00f6jligt fr\u00e5n Sverige.\",\"breadcrumb\":{\"@id\":\"https:\/\/onlinelotto365.com\/sv\/spela\/german-lotto\/#breadcrumb\"},\"inLanguage\":\"sv-SE\",\"potentialAction\":[{\"@type\":\"ReadAction\",\"target\":[\"https:\/\/onlinelotto365.com\/sv\/spela\/german-lotto\/\"]}]},{\"@type\":\"ImageObject\",\"inLanguage\":\"sv-SE\",\"@id\":\"https:\/\/onlinelotto365.com\/sv\/spela\/german-lotto\/#primaryimage\",\"url\":\"https:\/\/redfoxlotto.com\/image?size=8&amp;lottery=lotto-6aus49\",\"contentUrl\":\"https:\/\/redfoxlotto.com\/image?size=8&amp;lottery=lotto-6aus49\"},{\"@type\":\"BreadcrumbList\",\"@id\":\"https:\/\/onlinelotto365.com\/sv\/spela\/german-lotto\/#breadcrumb\",\"itemListElement\":[{\"@type\":\"ListItem\",\"position\":1,\"name\":\"Home\",\"item\":\"https:\/\/onlinelotto365.com\/sv\/\"},{\"@type\":\"ListItem\",\"position\":2,\"name\":\"Allt du beh\u00f6ver veta om dina m\u00f6jligheter att spela de b\u00e4sta lotterierna online\",\"item\":\"https:\/\/onlinelotto365.com\/sv\/spela\/\"},{\"@type\":\"ListItem\",\"position\":3,\"name\":\"Delta i tyska Lotto fr\u00e5n andra l\u00e4nder\"}]},{\"@type\":\"WebSite\",\"@id\":\"https:\/\/onlinelotto365.com\/sv\/#website\",\"url\":\"https:\/\/onlinelotto365.com\/sv\/\",\"name\":\"OnlineLotto365\",\"description\":\"\",\"potentialAction\":[{\"@type\":\"SearchAction\",\"target\":{\"@type\":\"EntryPoint\",\"urlTemplate\":\"https:\/\/onlinelotto365.com\/sv\/?s={search_term_string}\"},\"query-input\":{\"@type\":\"PropertyValueSpecification\",\"valueRequired\":true,\"valueName\":\"search_term_string\"}}],\"inLanguage\":\"sv-SE\"}]}<\/script>\n<!-- \/ Yoast SEO plugin. -->","yoast_head_json":{"title":"Spela German Lotto online fr\u00e5n Sverige | Kan jag delta i German Lotto om jag bor i Sverige?","description":"Spela German Lotto Lotto h\u00e4r - v\u00e5r biljettservice online g\u00f6r det m\u00f6jligt fr\u00e5n Sverige.","robots":{"index":"index","follow":"follow","max-snippet":"max-snippet:-1","max-image-preview":"max-image-preview:large","max-video-preview":"max-video-preview:-1"},"canonical":"https:\/\/onlinelotto365.com\/sv\/spela\/german-lotto\/","og_locale":"sv_SE","og_type":"article","og_title":"Spela German Lotto online fr\u00e5n Sverige | Kan jag delta i German Lotto om jag bor i Sverige?","og_description":"Spela German Lotto Lotto h\u00e4r - v\u00e5r biljettservice online g\u00f6r det m\u00f6jligt fr\u00e5n Sverige.","og_url":"https:\/\/onlinelotto365.com\/sv\/spela\/german-lotto\/","og_site_name":"OnlineLotto365","article_modified_time":"2022-11-02T11:01:08+00:00","og_image":[{"url":"https:\/\/redfoxlotto.com\/image?size=8&amp;lottery=lotto-6aus49"}],"twitter_card":"summary_large_image","twitter_misc":{"Ber\u00e4knad l\u00e4stid":"4 minuter"},"schema":{"@context":"https:\/\/schema.org","@graph":[{"@type":"WebPage","@id":"https:\/\/onlinelotto365.com\/sv\/spela\/german-lotto\/","url":"https:\/\/onlinelotto365.com\/sv\/spela\/german-lotto\/","name":"Spela German Lotto online fr\u00e5n Sverige | Kan jag delta i German Lotto om jag bor i Sverige?","isPartOf":{"@id":"https:\/\/onlinelotto365.com\/sv\/#website"},"primaryImageOfPage":{"@id":"https:\/\/onlinelotto365.com\/sv\/spela\/german-lotto\/#primaryimage"},"image":{"@id":"https:\/\/onlinelotto365.com\/sv\/spela\/german-lotto\/#primaryimage"},"thumbnailUrl":"https:\/\/redfoxlotto.com\/image?size=8&amp;lottery=lotto-6aus49","datePublished":"2022-11-02T11:00:35+00:00","dateModified":"2022-11-02T11:01:08+00:00","description":"Spela German Lotto Lotto h\u00e4r - v\u00e5r biljettservice online g\u00f6r det m\u00f6jligt fr\u00e5n Sverige.","breadcrumb":{"@id":"https:\/\/onlinelotto365.com\/sv\/spela\/german-lotto\/#breadcrumb"},"inLanguage":"sv-SE","potentialAction":[{"@type":"ReadAction","target":["https:\/\/onlinelotto365.com\/sv\/spela\/german-lotto\/"]}]},{"@type":"ImageObject","inLanguage":"sv-SE","@id":"https:\/\/onlinelotto365.com\/sv\/spela\/german-lotto\/#primaryimage","url":"https:\/\/redfoxlotto.com\/image?size=8&amp;lottery=lotto-6aus49","contentUrl":"https:\/\/redfoxlotto.com\/image?size=8&amp;lottery=lotto-6aus49"},{"@type":"BreadcrumbList","@id":"https:\/\/onlinelotto365.com\/sv\/spela\/german-lotto\/#breadcrumb","itemListElement":[{"@type":"ListItem","position":1,"name":"Home","item":"https:\/\/onlinelotto365.com\/sv\/"},{"@type":"ListItem","position":2,"name":"Allt du beh\u00f6ver veta om dina m\u00f6jligheter att spela de b\u00e4sta lotterierna online","item":"https:\/\/onlinelotto365.com\/sv\/spela\/"},{"@type":"ListItem","position":3,"name":"Delta i tyska Lotto fr\u00e5n andra l\u00e4nder"}]},{"@type":"WebSite","@id":"https:\/\/onlinelotto365.com\/sv\/#website","url":"https:\/\/onlinelotto365.com\/sv\/","name":"OnlineLotto365","description":"","potentialAction":[{"@type":"SearchAction","target":{"@type":"EntryPoint","urlTemplate":"https:\/\/onlinelotto365.com\/sv\/?s={search_term_string}"},"query-input":{"@type":"PropertyValueSpecification","valueRequired":true,"valueName":"search_term_string"}}],"inLanguage":"sv-SE"}]}},"_links":{"self":[{"href":"https:\/\/onlinelotto365.com\/sv\/wp-json\/wp\/v2\/pages\/79223","targetHints":{"allow":["GET"]}}],"collection":[{"href":"https:\/\/onlinelotto365.com\/sv\/wp-json\/wp\/v2\/pages"}],"about":[{"href":"https:\/\/onlinelotto365.com\/sv\/wp-json\/wp\/v2\/types\/page"}],"author":[{"embeddable":true,"href":"https:\/\/onlinelotto365.com\/sv\/wp-json\/wp\/v2\/users\/1"}],"replies":[{"embeddable":true,"href":"https:\/\/onlinelotto365.com\/sv\/wp-json\/wp\/v2\/comments?post=79223"}],"version-history":[{"count":0,"href":"https:\/\/onlinelotto365.com\/sv\/wp-json\/wp\/v2\/pages\/79223\/revisions"}],"up":[{"embeddable":true,"href":"https:\/\/onlinelotto365.com\/sv\/wp-json\/wp\/v2\/pages\/5090"}],"wp:attachment":[{"href":"https:\/\/onlinelotto365.com\/sv\/wp-json\/wp\/v2\/media?parent=79223"}],"curies":[{"name":"wp","href":"https:\/\/api.w.org\/{rel}","templated":true}]}}