{"id":79268,"date":"2022-11-03T09:02:05","date_gmt":"2022-11-03T08:02:05","guid":{"rendered":"https:\/\/onlinelotto365.com\/?page_id=79268"},"modified":"2022-11-03T09:03:25","modified_gmt":"2022-11-03T08:03:25","slug":"la-primitiva","status":"publish","type":"page","link":"https:\/\/onlinelotto365.com\/sv\/spela\/la-primitiva\/","title":{"rendered":"Hur man spelar det spanska La Primitiva-lotteriet"},"content":{"rendered":"<h2>Om La Primitiva<\/h2>\n<p>Detta lotteri fr\u00e5n Spanien \u00e4r ocks\u00e5 k\u00e4nt som El Gordo, men det \u00e4r missvisande. I sj\u00e4lva verket \u00e4r El Gordo smeknamnet p\u00e5 julutg\u00e5van av La Primitiva-lotteriet. Medan du kan spela La Primitiva hela \u00e5ret, erbjuds El Gordo endast under julen. La Primitiva kan spelas online av personer bosatta i Sverige via v\u00e5r hemsida.<\/p>\n<p>Det finns tv\u00e5 dragningar per vecka f\u00f6r La Primitiva. Chanserna att vinna jackpotten \u00e4r relativt h\u00f6ga eftersom det inte finns n\u00e5gra extra nummer.<\/p>\n<p><a href=\"https:\/\/redfoxlotto.com\/play\/la-primitiva\/?ref=a8564250a2&amp;medium=ol365\" target=\"_blank\" rel=\"noopener noreferrer\"><img decoding=\"async\" class=\"aligncenter\" src=\"https:\/\/redfoxlotto.com\/image?size=8&amp;lottery=la-primitiva\" alt=\"La Primitiva\" \/><\/a><\/p>\n<p>&nbsp;<\/p>\n<ul>\n<li>Land: Spanien<\/li>\n<li>Huvudnummersortiment: 49<\/li>\n<li>Du m\u00e5ste v\u00e4lja: 6<\/li>\n<li>Extra nummer:<\/li>\n<li>Du m\u00e5ste v\u00e4lja: 1<\/li>\n<li>Dagar, timmar f\u00f6r dragningar: Dagar, timmar f\u00f6r dragningar: Dagar, timmar f\u00f6r dragningar: Dagar, timmar f\u00f6r dragningar: Torsdag, l\u00f6rdag, 21:30 CET &#8211; 21:30 CET<\/li>\n<li>Jackpotten startar vid: Jackpot: b\u00f6rjar p\u00e5 2 miljoner euro.<\/li>\n<li>Jackpotten \u00e4r begr\u00e4nsad till: ingen<\/li>\n<li>Chans att vinna jackpotten: 1 p\u00e5 15537573<\/li>\n<li>Chans att vinna ett andrapris: 1 p\u00e5 542008<\/li>\n<li>Chans att vinna n\u00e5got pris: 1 p\u00e5 8,43<\/li>\n<li>Antal priskategorier: 9<\/li>\n<\/ul>\n<h2>B\u00e4sta egenskaper hos La Primitiva<\/h2>\n<p>Som redan n\u00e4mnts inneb\u00e4r det faktum att du bara beh\u00f6ver spela 6 nummer av 49, och inga extra nummer, att dina chanser att vinna jackpotten faktiskt \u00e4r ganska goda.<\/p>\n<h2>S\u00e5 h\u00e4r kontrollerar du La Primitiva-resultaten<\/h2>\n<p>Om du har k\u00f6pt din biljett online fr\u00e5n Sverige eller n\u00e5got annat land utanf\u00f6r Spanien kan det vara sv\u00e5rt att hitta de vinnande numren och vinstbeloppen. Men h\u00e4r p\u00e5 v\u00e5r hemsida publicerar vi resultaten direkt efter att La Primitiva-lotteriets nummer har dragits. Du kan till och med titta p\u00e5 din lott i ditt spelarkonto, d\u00e4r du omedelbart kan se vilka nummer fr\u00e5n din lott som st\u00e4mmer \u00f6verens med dragningsresultatet.<\/p>\n<p><img loading=\"lazy\" decoding=\"async\" class=\"alignright size-full wp-image-905\" src=\"https:\/\/onlinelotto365.com\/wp-content\/uploads\/2020\/11\/online_lottery-71.jpg\" alt=\"spela la primitiva\" width=\"302\" height=\"100\" \/><\/p>\n<h2>Du spelade La Primitiva online och vann &#8211; vad h\u00e4nder h\u00e4rn\u00e4st?<\/h2>\n<p>Om din lott har vunnit ett pris under 2 500 euro kommer det vinstbeloppet att finnas p\u00e5 ditt spelarkonto direkt efter dragningen. Om du vinner ett h\u00f6gre pris, v\u00e4nligen kontakta v\u00e5rt serviceteam. De hj\u00e4lper dig att ordna en utbetalning, antingen direkt till ditt bankkonto eller via check.<\/p>\n","protected":false},"excerpt":{"rendered":"<p>Om La Primitiva Detta lotteri fr\u00e5n Spanien \u00e4r ocks\u00e5 k\u00e4nt som El Gordo, men det \u00e4r missvisande. I sj\u00e4lva verket \u00e4r El Gordo smeknamnet p\u00e5 julutg\u00e5van av La Primitiva-lotteriet. Medan du kan spela La Primitiva hela \u00e5ret, erbjuds El Gordo endast under julen. La Primitiva kan spelas online av personer bosatta i Sverige via v\u00e5r [&hellip;]<\/p>\n","protected":false},"author":1,"featured_media":0,"parent":5090,"menu_order":7,"comment_status":"closed","ping_status":"closed","template":"la-primitiva.php","meta":{"_et_pb_use_builder":"","_et_pb_old_content":"","_et_gb_content_width":"","exclude_from_search":false,"footnotes":""},"class_list":["post-79268","page","type-page","status-publish","hentry"],"yoast_head":"<!-- This site is optimized with the Yoast SEO plugin v23.4 - https:\/\/yoast.com\/wordpress\/plugins\/seo\/ -->\n<title>Spela La Primitiva Spain online | La Primitiva fr\u00e5n Sverige<\/title>\n<meta name=\"description\" content=\"Det spanska lotteriet La Primitiva kan nu spelas online fr\u00e5n Sverige.\" \/>\n<meta name=\"robots\" content=\"index, follow, max-snippet:-1, max-image-preview:large, max-video-preview:-1\" \/>\n<link rel=\"canonical\" href=\"https:\/\/onlinelotto365.com\/sv\/spela\/la-primitiva\/\" \/>\n<meta property=\"og:locale\" content=\"sv_SE\" \/>\n<meta property=\"og:type\" content=\"article\" \/>\n<meta property=\"og:title\" content=\"Spela La Primitiva Spain online | La Primitiva fr\u00e5n Sverige\" \/>\n<meta property=\"og:description\" content=\"Det spanska lotteriet La Primitiva kan nu spelas online fr\u00e5n Sverige.\" \/>\n<meta property=\"og:url\" content=\"https:\/\/onlinelotto365.com\/sv\/spela\/la-primitiva\/\" \/>\n<meta property=\"og:site_name\" content=\"OnlineLotto365\" \/>\n<meta property=\"article:modified_time\" content=\"2022-11-03T08:03:25+00:00\" \/>\n<meta property=\"og:image\" content=\"https:\/\/redfoxlotto.com\/image?size=8&amp;lottery=la-primitiva\" \/>\n<meta name=\"twitter:card\" content=\"summary_large_image\" \/>\n<meta name=\"twitter:label1\" content=\"Ber\u00e4knad l\u00e4stid\" \/>\n\t<meta name=\"twitter:data1\" content=\"2 minuter\" \/>\n<script type=\"application\/ld+json\" class=\"yoast-schema-graph\">{\"@context\":\"https:\/\/schema.org\",\"@graph\":[{\"@type\":\"WebPage\",\"@id\":\"https:\/\/onlinelotto365.com\/sv\/spela\/la-primitiva\/\",\"url\":\"https:\/\/onlinelotto365.com\/sv\/spela\/la-primitiva\/\",\"name\":\"Spela La Primitiva Spain online | La Primitiva fr\u00e5n Sverige\",\"isPartOf\":{\"@id\":\"https:\/\/onlinelotto365.com\/sv\/#website\"},\"primaryImageOfPage\":{\"@id\":\"https:\/\/onlinelotto365.com\/sv\/spela\/la-primitiva\/#primaryimage\"},\"image\":{\"@id\":\"https:\/\/onlinelotto365.com\/sv\/spela\/la-primitiva\/#primaryimage\"},\"thumbnailUrl\":\"https:\/\/redfoxlotto.com\/image?size=8&amp;lottery=la-primitiva\",\"datePublished\":\"2022-11-03T08:02:05+00:00\",\"dateModified\":\"2022-11-03T08:03:25+00:00\",\"description\":\"Det spanska lotteriet La Primitiva kan nu spelas online fr\u00e5n Sverige.\",\"breadcrumb\":{\"@id\":\"https:\/\/onlinelotto365.com\/sv\/spela\/la-primitiva\/#breadcrumb\"},\"inLanguage\":\"sv-SE\",\"potentialAction\":[{\"@type\":\"ReadAction\",\"target\":[\"https:\/\/onlinelotto365.com\/sv\/spela\/la-primitiva\/\"]}]},{\"@type\":\"ImageObject\",\"inLanguage\":\"sv-SE\",\"@id\":\"https:\/\/onlinelotto365.com\/sv\/spela\/la-primitiva\/#primaryimage\",\"url\":\"https:\/\/redfoxlotto.com\/image?size=8&amp;lottery=la-primitiva\",\"contentUrl\":\"https:\/\/redfoxlotto.com\/image?size=8&amp;lottery=la-primitiva\"},{\"@type\":\"BreadcrumbList\",\"@id\":\"https:\/\/onlinelotto365.com\/sv\/spela\/la-primitiva\/#breadcrumb\",\"itemListElement\":[{\"@type\":\"ListItem\",\"position\":1,\"name\":\"Home\",\"item\":\"https:\/\/onlinelotto365.com\/sv\/\"},{\"@type\":\"ListItem\",\"position\":2,\"name\":\"Allt du beh\u00f6ver veta om dina m\u00f6jligheter att spela de b\u00e4sta lotterierna online\",\"item\":\"https:\/\/onlinelotto365.com\/sv\/spela\/\"},{\"@type\":\"ListItem\",\"position\":3,\"name\":\"Hur man spelar det spanska La Primitiva-lotteriet\"}]},{\"@type\":\"WebSite\",\"@id\":\"https:\/\/onlinelotto365.com\/sv\/#website\",\"url\":\"https:\/\/onlinelotto365.com\/sv\/\",\"name\":\"OnlineLotto365\",\"description\":\"\",\"potentialAction\":[{\"@type\":\"SearchAction\",\"target\":{\"@type\":\"EntryPoint\",\"urlTemplate\":\"https:\/\/onlinelotto365.com\/sv\/?s={search_term_string}\"},\"query-input\":{\"@type\":\"PropertyValueSpecification\",\"valueRequired\":true,\"valueName\":\"search_term_string\"}}],\"inLanguage\":\"sv-SE\"}]}<\/script>\n<!-- \/ Yoast SEO plugin. -->","yoast_head_json":{"title":"Spela La Primitiva Spain online | La Primitiva fr\u00e5n Sverige","description":"Det spanska lotteriet La Primitiva kan nu spelas online fr\u00e5n Sverige.","robots":{"index":"index","follow":"follow","max-snippet":"max-snippet:-1","max-image-preview":"max-image-preview:large","max-video-preview":"max-video-preview:-1"},"canonical":"https:\/\/onlinelotto365.com\/sv\/spela\/la-primitiva\/","og_locale":"sv_SE","og_type":"article","og_title":"Spela La Primitiva Spain online | La Primitiva fr\u00e5n Sverige","og_description":"Det spanska lotteriet La Primitiva kan nu spelas online fr\u00e5n Sverige.","og_url":"https:\/\/onlinelotto365.com\/sv\/spela\/la-primitiva\/","og_site_name":"OnlineLotto365","article_modified_time":"2022-11-03T08:03:25+00:00","og_image":[{"url":"https:\/\/redfoxlotto.com\/image?size=8&amp;lottery=la-primitiva"}],"twitter_card":"summary_large_image","twitter_misc":{"Ber\u00e4knad l\u00e4stid":"2 minuter"},"schema":{"@context":"https:\/\/schema.org","@graph":[{"@type":"WebPage","@id":"https:\/\/onlinelotto365.com\/sv\/spela\/la-primitiva\/","url":"https:\/\/onlinelotto365.com\/sv\/spela\/la-primitiva\/","name":"Spela La Primitiva Spain online | La Primitiva fr\u00e5n Sverige","isPartOf":{"@id":"https:\/\/onlinelotto365.com\/sv\/#website"},"primaryImageOfPage":{"@id":"https:\/\/onlinelotto365.com\/sv\/spela\/la-primitiva\/#primaryimage"},"image":{"@id":"https:\/\/onlinelotto365.com\/sv\/spela\/la-primitiva\/#primaryimage"},"thumbnailUrl":"https:\/\/redfoxlotto.com\/image?size=8&amp;lottery=la-primitiva","datePublished":"2022-11-03T08:02:05+00:00","dateModified":"2022-11-03T08:03:25+00:00","description":"Det spanska lotteriet La Primitiva kan nu spelas online fr\u00e5n Sverige.","breadcrumb":{"@id":"https:\/\/onlinelotto365.com\/sv\/spela\/la-primitiva\/#breadcrumb"},"inLanguage":"sv-SE","potentialAction":[{"@type":"ReadAction","target":["https:\/\/onlinelotto365.com\/sv\/spela\/la-primitiva\/"]}]},{"@type":"ImageObject","inLanguage":"sv-SE","@id":"https:\/\/onlinelotto365.com\/sv\/spela\/la-primitiva\/#primaryimage","url":"https:\/\/redfoxlotto.com\/image?size=8&amp;lottery=la-primitiva","contentUrl":"https:\/\/redfoxlotto.com\/image?size=8&amp;lottery=la-primitiva"},{"@type":"BreadcrumbList","@id":"https:\/\/onlinelotto365.com\/sv\/spela\/la-primitiva\/#breadcrumb","itemListElement":[{"@type":"ListItem","position":1,"name":"Home","item":"https:\/\/onlinelotto365.com\/sv\/"},{"@type":"ListItem","position":2,"name":"Allt du beh\u00f6ver veta om dina m\u00f6jligheter att spela de b\u00e4sta lotterierna online","item":"https:\/\/onlinelotto365.com\/sv\/spela\/"},{"@type":"ListItem","position":3,"name":"Hur man spelar det spanska La Primitiva-lotteriet"}]},{"@type":"WebSite","@id":"https:\/\/onlinelotto365.com\/sv\/#website","url":"https:\/\/onlinelotto365.com\/sv\/","name":"OnlineLotto365","description":"","potentialAction":[{"@type":"SearchAction","target":{"@type":"EntryPoint","urlTemplate":"https:\/\/onlinelotto365.com\/sv\/?s={search_term_string}"},"query-input":{"@type":"PropertyValueSpecification","valueRequired":true,"valueName":"search_term_string"}}],"inLanguage":"sv-SE"}]}},"_links":{"self":[{"href":"https:\/\/onlinelotto365.com\/sv\/wp-json\/wp\/v2\/pages\/79268","targetHints":{"allow":["GET"]}}],"collection":[{"href":"https:\/\/onlinelotto365.com\/sv\/wp-json\/wp\/v2\/pages"}],"about":[{"href":"https:\/\/onlinelotto365.com\/sv\/wp-json\/wp\/v2\/types\/page"}],"author":[{"embeddable":true,"href":"https:\/\/onlinelotto365.com\/sv\/wp-json\/wp\/v2\/users\/1"}],"replies":[{"embeddable":true,"href":"https:\/\/onlinelotto365.com\/sv\/wp-json\/wp\/v2\/comments?post=79268"}],"version-history":[{"count":0,"href":"https:\/\/onlinelotto365.com\/sv\/wp-json\/wp\/v2\/pages\/79268\/revisions"}],"up":[{"embeddable":true,"href":"https:\/\/onlinelotto365.com\/sv\/wp-json\/wp\/v2\/pages\/5090"}],"wp:attachment":[{"href":"https:\/\/onlinelotto365.com\/sv\/wp-json\/wp\/v2\/media?parent=79268"}],"curies":[{"name":"wp","href":"https:\/\/api.w.org\/{rel}","templated":true}]}}