{"id":79304,"date":"2022-11-03T10:41:54","date_gmt":"2022-11-03T09:41:54","guid":{"rendered":"https:\/\/onlinelotto365.com\/?page_id=79304"},"modified":"2022-11-03T10:42:05","modified_gmt":"2022-11-03T09:42:05","slug":"saturday-lotto-australia","status":"publish","type":"page","link":"https:\/\/onlinelotto365.com\/sv\/spela\/saturday-lotto-australia\/","title":{"rendered":"Att spela Saturday Lotto Australia \u00e4r bara ett av alternativen f\u00f6r lotterifantaster fr\u00e5n Sverige."},"content":{"rendered":"<h2>Hur man spelar Saturday Lotto Australia online<\/h2>\n<p>Om du bor i Sverige eller n\u00e5gon annanstans kommer du att uppt\u00e4cka att det inte \u00e4r s\u00e5 sv\u00e5rt som du kanske tror att spela Saturday Lotto Australia. Dessutom har du alternativ f\u00f6r att f\u00e5 de biljetter du vill ha utan att beh\u00f6va l\u00e4gga ner en massa tid p\u00e5 det, vad kan vara b\u00e4ttre \u00e4n s\u00e5?<\/p>\n<p>Tja, det faktum att vi kommer att hj\u00e4lpa dig p\u00e5 v\u00e4gen kommer definitivt att vara en stor f\u00f6rdel ocks\u00e5. Du kan v\u00e4lja alla alternativ som du vill, skapa ditt konto, k\u00f6pa dina biljetter och allt annat du beh\u00f6ver med din \u00f6nskade betalningsmetod p\u00e5 nolltid. Och vi ser till att biljetterna \u00e4r redo f\u00f6r dig n\u00e4r dragningen kommer.<\/p>\n<p>Allt du beh\u00f6ver g\u00f6ra \u00e4r att kolla in de olika lottoalternativen och v\u00e4lja Saturday Lotto Australia. N\u00e4r du gjort det f\u00e5r du m\u00f6jlighet att v\u00e4lja ut dina nummer f\u00f6r varje biljett som du vill ha.<br \/>\nOroa dig dock inte f\u00f6r att v\u00e4lja ut fel antal nummer eftersom systemet kommer att guida dig till att f\u00e5 precis r\u00e4tt antal. Och om du inte \u00e4r s\u00e5 s\u00e4ker p\u00e5 vilka nummer du vill ha kan du bara v\u00e4lja ett snabbval f\u00f6r att l\u00e5ta datorn v\u00e4lja dina nummer \u00e5t dig.<\/p>\n<p>N\u00e4r du har f\u00e5tt dina biljetter kan du v\u00e4lja att l\u00e4gga till fler, v\u00e4lja biljetter till en annan match eller bara l\u00e4gga till din best\u00e4llning och g\u00f6ra dig redo att g\u00f6ra ett k\u00f6p. Kassaprocessen \u00e4r utformad f\u00f6r att vara s\u00e5 enkel som m\u00f6jligt s\u00e5 att du kan betala f\u00f6r dina biljetter och vara iv\u00e4g p\u00e5 nolltid. Allt du beh\u00f6ver g\u00f6ra \u00e4r att skapa ditt konto.<\/p>\n<p>Att skapa ett konto \u00e4r enkelt eftersom vi inte beh\u00f6ver en massa information. Sedan skickar vi dig ett bekr\u00e4ftelsemail s\u00e5 att du kan slutf\u00f6ra ditt konto. T\u00e4nk p\u00e5 att det kan hamna i din skr\u00e4ppostmapp (vilket inneb\u00e4r att du m\u00e5ste l\u00e4gga till oss i din adressbok) och med det kommer du att ha ett konto och m\u00f6jlighet att k\u00f6pa fler biljetter n\u00e4r du vill.<\/p>\n<p><a href=\"https:\/\/redfoxlotto.com\/play\/saturday-lotto-au\/?ref=a8564250a2&amp;medium=ol365\" target=\"_blank\" rel=\"noopener noreferrer\"><img decoding=\"async\" class=\"aligncenter\" src=\"https:\/\/redfoxlotto.com\/image?size=8&amp;lottery=saturday-lotto-au\" alt=\"L\u00f6rdagslotto Australien\" \/><\/a><\/p>\n<h2>Om Saturday Lotto Australia<\/h2>\n<ul>\n<li>Land: Australien<\/li>\n<li>De viktigaste numren: 45<\/li>\n<li>Du m\u00e5ste v\u00e4lja: 6<\/li>\n<li>Dagar och timmar f\u00f6r dragningar: L\u00f6rdag, 21:30 GMT+11 &#8211; 10:30 CET<\/li>\n<li>Jackpotten startar vid: AU$ 5 miljoner<\/li>\n<li>Jackpotten \u00e4r begr\u00e4nsad till: Jackpot \u00e4r maximerad till 150 miljoner AU$.<\/li>\n<li>Chans att vinna jackpotten: 1 p\u00e5 8145060<\/li>\n<li>Chans att vinna andrapriset: 1 p\u00e5 678755<\/li>\n<li>Chans att vinna alla priser: 1 p\u00e5 85,44<\/li>\n<li>Antal priskategorier: 6<\/li>\n<\/ul>\n<h2>B\u00e4sta egenskaper hos Saturday Lotto Australia<\/h2>\n<p>Saturday Lotto Australia ger m\u00e5nga chanser att vinna och jackpottar p\u00e5 flera miljoner. Vad som \u00e4r \u00e4nnu b\u00e4ttre \u00e4r att det finns hundratusentals vinnare i varje dragning. Du kan vinna ett litet pris p\u00e5 mindre \u00e4n 10 dollar eller s\u00e5 kan du vinna stora priser p\u00e5 hundratusentals dollar. Allt du beh\u00f6ver g\u00f6ra \u00e4r att v\u00e4lja r\u00e4tt nummer.<\/p>\n<h2>S\u00e5 h\u00e4r kontrollerar du resultaten fr\u00e5n l\u00f6rdagens Lotto Australia<\/h2>\n<p>N\u00e4r det \u00e4r dags att kontrollera resultaten fr\u00e5n Saturday Lotto Australia har du flera olika alternativ. Det f\u00f6rsta \u00e4r att ta en titt p\u00e5 lotteriets officiella webbplats. De l\u00e4gger alltid ut de vinnande numren efter att de har dragits.<br \/>\nMen du kan ocks\u00e5 kolla lokala tidningar och tv-kanaler om du bor lokalt. Det enklaste och b\u00e4sta s\u00e4ttet att kontrollera \u00e4r naturligtvis att komma tillbaka till v\u00e5r webbplats och logga in p\u00e5 ditt konto. D\u00e4rifr\u00e5n kan du se de senaste vinnande numren samt j\u00e4mf\u00f6ra dem med dina egna.<\/p>\n<h2>Du har spelat Saturday Lotto Australia online och vunnit &#8211; vad h\u00e4nder h\u00e4rn\u00e4st?<\/h2>\n<p>Vann du n\u00e5got vid den senaste dragningen? Om du gjorde det vill du veta hur mycket och det kommer att p\u00e5verka hur du f\u00e5r dina pengar. Alla belopp under 2 500 euro kan s\u00e4ttas in direkt p\u00e5 ditt konto, och det kommer att vara. Det betyder att du kan g\u00f6ra vad du vill med det, fr\u00e5n att ta ut det (om det \u00e4r \u00f6ver 10 \u20ac) till att k\u00f6pa n\u00e5gra fler lotter f\u00f6r detta eller n\u00e5got annat spel som du vill.<br \/>\nOm du d\u00e4remot har haft turen att vinna mer \u00e4n 2 500 euro hj\u00e4lper vi dig genom processen att h\u00e4mta ut dina vinster, vilket kr\u00e4ver lite mer anstr\u00e4ngning. F\u00f6r den h\u00e4r processen m\u00e5ste du fylla i en ans\u00f6kningsblankett till lotterikommissionen och best\u00e4mma om du vill ha dina pengar skickade till dig via en bank\u00f6verf\u00f6ring eller en check. Det \u00e4r helt och h\u00e5llet upp till dig.<\/p>\n","protected":false},"excerpt":{"rendered":"<p>Hur man spelar Saturday Lotto Australia online Om du bor i Sverige eller n\u00e5gon annanstans kommer du att uppt\u00e4cka att det inte \u00e4r s\u00e5 sv\u00e5rt som du kanske tror att spela Saturday Lotto Australia. Dessutom har du alternativ f\u00f6r att f\u00e5 de biljetter du vill ha utan att beh\u00f6va l\u00e4gga ner en massa tid p\u00e5 [&hellip;]<\/p>\n","protected":false},"author":1,"featured_media":0,"parent":5090,"menu_order":15,"comment_status":"closed","ping_status":"closed","template":"saturday-lotto.php","meta":{"_et_pb_use_builder":"","_et_pb_old_content":"","_et_gb_content_width":"","exclude_from_search":false,"footnotes":""},"class_list":["post-79304","page","type-page","status-publish","hentry"],"yoast_head":"<!-- This site is optimized with the Yoast SEO plugin v23.4 - https:\/\/yoast.com\/wordpress\/plugins\/seo\/ -->\n<title>V\u00e5r tj\u00e4nst g\u00f6r det m\u00f6jligt f\u00f6r dig att spela Saturday Lotto Australia online fr\u00e5n Sverige.<\/title>\n<meta name=\"description\" content=\"Det finns ett l\u00f6rdagslotto i Australien ocks\u00e5 - spela det online nu\" \/>\n<meta name=\"robots\" content=\"index, follow, max-snippet:-1, max-image-preview:large, max-video-preview:-1\" \/>\n<link rel=\"canonical\" href=\"https:\/\/onlinelotto365.com\/sv\/spela\/saturday-lotto-australia\/\" \/>\n<meta property=\"og:locale\" content=\"sv_SE\" \/>\n<meta property=\"og:type\" content=\"article\" \/>\n<meta property=\"og:title\" content=\"V\u00e5r tj\u00e4nst g\u00f6r det m\u00f6jligt f\u00f6r dig att spela Saturday Lotto Australia online fr\u00e5n Sverige.\" \/>\n<meta property=\"og:description\" content=\"Det finns ett l\u00f6rdagslotto i Australien ocks\u00e5 - spela det online nu\" \/>\n<meta property=\"og:url\" content=\"https:\/\/onlinelotto365.com\/sv\/spela\/saturday-lotto-australia\/\" \/>\n<meta property=\"og:site_name\" content=\"OnlineLotto365\" \/>\n<meta property=\"article:modified_time\" content=\"2022-11-03T09:42:05+00:00\" \/>\n<meta property=\"og:image\" content=\"https:\/\/redfoxlotto.com\/image?size=8&amp;lottery=saturday-lotto-au\" \/>\n<meta name=\"twitter:card\" content=\"summary_large_image\" \/>\n<meta name=\"twitter:label1\" content=\"Ber\u00e4knad l\u00e4stid\" \/>\n\t<meta name=\"twitter:data1\" content=\"4 minuter\" \/>\n<script type=\"application\/ld+json\" class=\"yoast-schema-graph\">{\"@context\":\"https:\/\/schema.org\",\"@graph\":[{\"@type\":\"WebPage\",\"@id\":\"https:\/\/onlinelotto365.com\/sv\/spela\/saturday-lotto-australia\/\",\"url\":\"https:\/\/onlinelotto365.com\/sv\/spela\/saturday-lotto-australia\/\",\"name\":\"V\u00e5r tj\u00e4nst g\u00f6r det m\u00f6jligt f\u00f6r dig att spela Saturday Lotto Australia online fr\u00e5n Sverige.\",\"isPartOf\":{\"@id\":\"https:\/\/onlinelotto365.com\/sv\/#website\"},\"primaryImageOfPage\":{\"@id\":\"https:\/\/onlinelotto365.com\/sv\/spela\/saturday-lotto-australia\/#primaryimage\"},\"image\":{\"@id\":\"https:\/\/onlinelotto365.com\/sv\/spela\/saturday-lotto-australia\/#primaryimage\"},\"thumbnailUrl\":\"https:\/\/redfoxlotto.com\/image?size=8&amp;lottery=saturday-lotto-au\",\"datePublished\":\"2022-11-03T09:41:54+00:00\",\"dateModified\":\"2022-11-03T09:42:05+00:00\",\"description\":\"Det finns ett l\u00f6rdagslotto i Australien ocks\u00e5 - spela det online nu\",\"breadcrumb\":{\"@id\":\"https:\/\/onlinelotto365.com\/sv\/spela\/saturday-lotto-australia\/#breadcrumb\"},\"inLanguage\":\"sv-SE\",\"potentialAction\":[{\"@type\":\"ReadAction\",\"target\":[\"https:\/\/onlinelotto365.com\/sv\/spela\/saturday-lotto-australia\/\"]}]},{\"@type\":\"ImageObject\",\"inLanguage\":\"sv-SE\",\"@id\":\"https:\/\/onlinelotto365.com\/sv\/spela\/saturday-lotto-australia\/#primaryimage\",\"url\":\"https:\/\/redfoxlotto.com\/image?size=8&amp;lottery=saturday-lotto-au\",\"contentUrl\":\"https:\/\/redfoxlotto.com\/image?size=8&amp;lottery=saturday-lotto-au\"},{\"@type\":\"BreadcrumbList\",\"@id\":\"https:\/\/onlinelotto365.com\/sv\/spela\/saturday-lotto-australia\/#breadcrumb\",\"itemListElement\":[{\"@type\":\"ListItem\",\"position\":1,\"name\":\"Home\",\"item\":\"https:\/\/onlinelotto365.com\/sv\/\"},{\"@type\":\"ListItem\",\"position\":2,\"name\":\"Allt du beh\u00f6ver veta om dina m\u00f6jligheter att spela de b\u00e4sta lotterierna online\",\"item\":\"https:\/\/onlinelotto365.com\/sv\/spela\/\"},{\"@type\":\"ListItem\",\"position\":3,\"name\":\"Att spela Saturday Lotto Australia \u00e4r bara ett av alternativen f\u00f6r lotterifantaster fr\u00e5n Sverige.\"}]},{\"@type\":\"WebSite\",\"@id\":\"https:\/\/onlinelotto365.com\/sv\/#website\",\"url\":\"https:\/\/onlinelotto365.com\/sv\/\",\"name\":\"OnlineLotto365\",\"description\":\"\",\"potentialAction\":[{\"@type\":\"SearchAction\",\"target\":{\"@type\":\"EntryPoint\",\"urlTemplate\":\"https:\/\/onlinelotto365.com\/sv\/?s={search_term_string}\"},\"query-input\":{\"@type\":\"PropertyValueSpecification\",\"valueRequired\":true,\"valueName\":\"search_term_string\"}}],\"inLanguage\":\"sv-SE\"}]}<\/script>\n<!-- \/ Yoast SEO plugin. -->","yoast_head_json":{"title":"V\u00e5r tj\u00e4nst g\u00f6r det m\u00f6jligt f\u00f6r dig att spela Saturday Lotto Australia online fr\u00e5n Sverige.","description":"Det finns ett l\u00f6rdagslotto i Australien ocks\u00e5 - spela det online nu","robots":{"index":"index","follow":"follow","max-snippet":"max-snippet:-1","max-image-preview":"max-image-preview:large","max-video-preview":"max-video-preview:-1"},"canonical":"https:\/\/onlinelotto365.com\/sv\/spela\/saturday-lotto-australia\/","og_locale":"sv_SE","og_type":"article","og_title":"V\u00e5r tj\u00e4nst g\u00f6r det m\u00f6jligt f\u00f6r dig att spela Saturday Lotto Australia online fr\u00e5n Sverige.","og_description":"Det finns ett l\u00f6rdagslotto i Australien ocks\u00e5 - spela det online nu","og_url":"https:\/\/onlinelotto365.com\/sv\/spela\/saturday-lotto-australia\/","og_site_name":"OnlineLotto365","article_modified_time":"2022-11-03T09:42:05+00:00","og_image":[{"url":"https:\/\/redfoxlotto.com\/image?size=8&amp;lottery=saturday-lotto-au"}],"twitter_card":"summary_large_image","twitter_misc":{"Ber\u00e4knad l\u00e4stid":"4 minuter"},"schema":{"@context":"https:\/\/schema.org","@graph":[{"@type":"WebPage","@id":"https:\/\/onlinelotto365.com\/sv\/spela\/saturday-lotto-australia\/","url":"https:\/\/onlinelotto365.com\/sv\/spela\/saturday-lotto-australia\/","name":"V\u00e5r tj\u00e4nst g\u00f6r det m\u00f6jligt f\u00f6r dig att spela Saturday Lotto Australia online fr\u00e5n Sverige.","isPartOf":{"@id":"https:\/\/onlinelotto365.com\/sv\/#website"},"primaryImageOfPage":{"@id":"https:\/\/onlinelotto365.com\/sv\/spela\/saturday-lotto-australia\/#primaryimage"},"image":{"@id":"https:\/\/onlinelotto365.com\/sv\/spela\/saturday-lotto-australia\/#primaryimage"},"thumbnailUrl":"https:\/\/redfoxlotto.com\/image?size=8&amp;lottery=saturday-lotto-au","datePublished":"2022-11-03T09:41:54+00:00","dateModified":"2022-11-03T09:42:05+00:00","description":"Det finns ett l\u00f6rdagslotto i Australien ocks\u00e5 - spela det online nu","breadcrumb":{"@id":"https:\/\/onlinelotto365.com\/sv\/spela\/saturday-lotto-australia\/#breadcrumb"},"inLanguage":"sv-SE","potentialAction":[{"@type":"ReadAction","target":["https:\/\/onlinelotto365.com\/sv\/spela\/saturday-lotto-australia\/"]}]},{"@type":"ImageObject","inLanguage":"sv-SE","@id":"https:\/\/onlinelotto365.com\/sv\/spela\/saturday-lotto-australia\/#primaryimage","url":"https:\/\/redfoxlotto.com\/image?size=8&amp;lottery=saturday-lotto-au","contentUrl":"https:\/\/redfoxlotto.com\/image?size=8&amp;lottery=saturday-lotto-au"},{"@type":"BreadcrumbList","@id":"https:\/\/onlinelotto365.com\/sv\/spela\/saturday-lotto-australia\/#breadcrumb","itemListElement":[{"@type":"ListItem","position":1,"name":"Home","item":"https:\/\/onlinelotto365.com\/sv\/"},{"@type":"ListItem","position":2,"name":"Allt du beh\u00f6ver veta om dina m\u00f6jligheter att spela de b\u00e4sta lotterierna online","item":"https:\/\/onlinelotto365.com\/sv\/spela\/"},{"@type":"ListItem","position":3,"name":"Att spela Saturday Lotto Australia \u00e4r bara ett av alternativen f\u00f6r lotterifantaster fr\u00e5n Sverige."}]},{"@type":"WebSite","@id":"https:\/\/onlinelotto365.com\/sv\/#website","url":"https:\/\/onlinelotto365.com\/sv\/","name":"OnlineLotto365","description":"","potentialAction":[{"@type":"SearchAction","target":{"@type":"EntryPoint","urlTemplate":"https:\/\/onlinelotto365.com\/sv\/?s={search_term_string}"},"query-input":{"@type":"PropertyValueSpecification","valueRequired":true,"valueName":"search_term_string"}}],"inLanguage":"sv-SE"}]}},"_links":{"self":[{"href":"https:\/\/onlinelotto365.com\/sv\/wp-json\/wp\/v2\/pages\/79304","targetHints":{"allow":["GET"]}}],"collection":[{"href":"https:\/\/onlinelotto365.com\/sv\/wp-json\/wp\/v2\/pages"}],"about":[{"href":"https:\/\/onlinelotto365.com\/sv\/wp-json\/wp\/v2\/types\/page"}],"author":[{"embeddable":true,"href":"https:\/\/onlinelotto365.com\/sv\/wp-json\/wp\/v2\/users\/1"}],"replies":[{"embeddable":true,"href":"https:\/\/onlinelotto365.com\/sv\/wp-json\/wp\/v2\/comments?post=79304"}],"version-history":[{"count":0,"href":"https:\/\/onlinelotto365.com\/sv\/wp-json\/wp\/v2\/pages\/79304\/revisions"}],"up":[{"embeddable":true,"href":"https:\/\/onlinelotto365.com\/sv\/wp-json\/wp\/v2\/pages\/5090"}],"wp:attachment":[{"href":"https:\/\/onlinelotto365.com\/sv\/wp-json\/wp\/v2\/media?parent=79304"}],"curies":[{"name":"wp","href":"https:\/\/api.w.org\/{rel}","templated":true}]}}