{"id":79350,"date":"2022-11-03T13:53:03","date_gmt":"2022-11-03T12:53:03","guid":{"rendered":"https:\/\/onlinelotto365.com\/?page_id=79350"},"modified":"2022-11-03T13:53:16","modified_gmt":"2022-11-03T12:53:16","slug":"oz-lotto","status":"publish","type":"page","link":"https:\/\/onlinelotto365.com\/sv\/spela\/oz-lotto\/","title":{"rendered":"Att spela Oz Lotto \u00e4r bara ett av alternativen f\u00f6r lotterifantaster fr\u00e5n Sverige."},"content":{"rendered":"<h2>Hur man spelar Oz Lotto online<\/h2>\n<p>Oavsett om du bor i Sverige eller inte kan du enkelt spela Oz Lotto online. Allt du beh\u00f6ver g\u00f6ra \u00e4r n\u00e4mligen att hitta r\u00e4tt sida p\u00e5 v\u00e5r hemsida, klicka p\u00e5 n\u00e5gra knappar och innan du vet ordet av har du de lotter du vill ha.<\/p>\n<p>\u00c4nnu b\u00e4ttre \u00e4r att du bara skapar ett helt gratis konto, v\u00e4ljer de biljetter och nummer du vill ha, v\u00e4ljer det betalningsalternativ som fungerar b\u00e4st f\u00f6r dig och s\u00e5 \u00e4r du klar. Det \u00e4r verkligen bara s\u00e5 enkelt.<\/p>\n<p>Om du \u00e4r redo att s\u00e4tta ig\u00e5ng \u00e4r det f\u00f6rsta du beh\u00f6ver g\u00f6ra att v\u00e4lja vilket lotto du vill ha. I det h\u00e4r fallet tittar du p\u00e5 Oz Lotto. N\u00e4r du v\u00e4l \u00e4r inne \u00e4r det bara att v\u00e4lja ut de nummer som du vill spela. Du beh\u00f6ver inte ens oroa dig f\u00f6r att v\u00e4lja dina nummer fel eftersom systemet kommer att l\u00e5ta dig veta vad du beh\u00f6ver.<\/p>\n<p>Det inneb\u00e4r \u00e4ven m\u00e4ngden nummer. Dessutom kan du v\u00e4lja ett snabbval f\u00f6r att datorn ska v\u00e4lja dina nummer slumpm\u00e4ssigt och sedan redigera dessa nummer ocks\u00e5.<br \/>\nN\u00e4r du har f\u00e5tt de biljetter du vill ha till Oz Lotto kan du v\u00e4lja att l\u00e4gga till \u00e4nnu fler biljetter, v\u00e4lja ett annat spel och l\u00e4gga till dessa biljetter eller bara l\u00e4gga till dina biljetter i en best\u00e4llning f\u00f6r att k\u00f6pa. Kassa ut och betala med din \u00f6nskade betalningsmetod och du kommer att vara helt klar. Fast du m\u00e5ste f\u00f6rst\u00e5s skapa ett konto f\u00f6r att komma hela v\u00e4gen genom kassaprocessen.<\/p>\n<p>Det \u00e4r enkelt att skapa kontot och vi ger dig ett bekr\u00e4ftelsemail och en l\u00e4nk direkt. P\u00e5 s\u00e5 s\u00e4tt kan du hoppa direkt iv\u00e4g och k\u00f6pa biljetterna utan att beh\u00f6va v\u00e4nta. Se bara till att du kontrollerar din inkorg och din skr\u00e4ppostmapp eftersom du inte kommer att kunna f\u00e5 dina biljetter om du inte bekr\u00e4ftar. Du kommer att vara redo att g\u00e5 ig\u00e5ng p\u00e5 nolltid.<\/p>\n<p><a href=\"https:\/\/redfoxlotto.com\/play\/oz-lotto\/?ref=a8564250a2&amp;medium=ol365\" target=\"_blank\" rel=\"noopener noreferrer\"><img decoding=\"async\" class=\"aligncenter\" src=\"https:\/\/redfoxlotto.com\/image?size=8&amp;lottery=oz-lotto\" alt=\"Oz Lotto\" \/><\/a><\/p>\n<h2>Om Oz Lotto<\/h2>\n<ul>\n<li>Land: Australien<\/li>\n<li>De viktigaste numren: 45<\/li>\n<li>Du m\u00e5ste v\u00e4lja: 7<\/li>\n<li>Dagar, timmar f\u00f6r dragningar: Tider: tisdag, 21:30 GMT+11 &#8211; 10:30 CET<\/li>\n<li>Jackpotten startar vid: AU$ 2 miljoner<\/li>\n<li>Jackpotten \u00e4r begr\u00e4nsad till: ingen<\/li>\n<li>Chans att vinna jackpotten: 1 p\u00e5 45379620<\/li>\n<li>Chans att vinna andrapriset: 1 p\u00e5 3241401<\/li>\n<li>Chans att vinna n\u00e5got pris: 1 p\u00e5 54,59<\/li>\n<li>Antal priskategorier: 7<\/li>\n<\/ul>\n<h2>B\u00e4sta egenskaper hos Oz Lotto<\/h2>\n<p>Oz Lotto ger dig m\u00f6jlighet att vinna i sju olika divisioner, vilket \u00f6kar dina chanser att vinna ett stort pris. Inte bara det, men om du vinner i division 1 \u00e4r du garanterad att dela p\u00e5 en vinst p\u00e5 2 miljoner dollar, och ofta mycket h\u00f6gre. Det betyder att du inte kommer att ha n\u00e5gra problem med att vinna n\u00e5got stort, eller \u00e5tminstone f\u00e5 en del av ett av de stora vinstalternativen.<\/p>\n<h2>S\u00e5 h\u00e4r kollar du resultaten fr\u00e5n Oz Lotto<\/h2>\n<p>Det finns m\u00e5nga s\u00e4tt att kontrollera de vinnande numren f\u00f6r Oz Lotto. Det f\u00f6rsta \u00e4r genom att g\u00e5 till den officiella webbplatsen eller kontrollera lokala lotterier genom din egen tidning eller din favoritnyhetskanal. Men det fungerar bara om spelet \u00e4r lokalt. Och det b\u00e4sta s\u00e4ttet f\u00f6r dig att f\u00e5 dina lottonummer \u00e4r att komma tillbaka till v\u00e5r webbplats.<br \/>\nDu har trots allt k\u00f6pt dina lotter h\u00e4r s\u00e5 varf\u00f6r inte? Du kommer att kunna logga in direkt p\u00e5 ditt konto och j\u00e4mf\u00f6ra dina nummer med de vinnande numren f\u00f6r att se hur mycket du har vunnit.<\/p>\n<h2>Du \u00e4r en Oz Lotto vinnare! &#8211; Vad h\u00e4nder nu?<\/h2>\n<p>Det f\u00f6rsta du vill veta \u00e4r hur mycket du kommer att f\u00e5. Alla vill ju trots allt veta hur mycket de vinner, eller hur? Om du har vunnit mindre \u00e4n 2 500 euro beh\u00f6ver du inte g\u00f6ra n\u00e5gonting. Vi tar hand om att beg\u00e4ra ut vinsten och s\u00e4tter in den direkt p\u00e5 ditt onlinekonto. D\u00e4rifr\u00e5n kan du v\u00e4lja att ta ut det, k\u00f6pa nya biljetter eller vad du vill, s\u00e5 l\u00e4nge du \u00e4r \u00f6ver 10 \u20ac, det vill s\u00e4ga.<br \/>\n<img loading=\"lazy\" decoding=\"async\" class=\"alignright wp-image-3635\" src=\"https:\/\/onlinelotto365.com\/wp-content\/uploads\/2020\/11\/online_lottery-123-300x300.jpg\" alt=\"spela oz lotto online\" width=\"228\" height=\"228\" srcset=\"https:\/\/onlinelotto365.com\/wp-content\/uploads\/2020\/11\/online_lottery-123-300x300.jpg 300w, https:\/\/onlinelotto365.com\/wp-content\/uploads\/2020\/11\/online_lottery-123-100x100.jpg 100w, https:\/\/onlinelotto365.com\/wp-content\/uploads\/2020\/11\/online_lottery-123-150x150.jpg 150w, https:\/\/onlinelotto365.com\/wp-content\/uploads\/2020\/11\/online_lottery-123.jpg 320w\" sizes=\"auto, (max-width: 228px) 100vw, 228px\" \/><\/p>\n<p>Om du nu har vunnit \u00f6ver 2 500 euro \u00e4r det lite mer involverat i processen, men oroa dig inte f\u00f6r vi hj\u00e4lper dig genom allt. Vi tar kontakt med dig och ger dig en kopia av ans\u00f6kningsformul\u00e4ret som m\u00e5ste skickas till lotterikommissionen. N\u00e4r du har fyllt i det kommer du att kunna f\u00e5 din vinst i enlighet med vad du skickade in p\u00e5 pappret. Du kan f\u00e5 en check eller en bank\u00f6verf\u00f6ring.<\/p>\n","protected":false},"excerpt":{"rendered":"<p>Hur man spelar Oz Lotto online Oavsett om du bor i Sverige eller inte kan du enkelt spela Oz Lotto online. Allt du beh\u00f6ver g\u00f6ra \u00e4r n\u00e4mligen att hitta r\u00e4tt sida p\u00e5 v\u00e5r hemsida, klicka p\u00e5 n\u00e5gra knappar och innan du vet ordet av har du de lotter du vill ha. \u00c4nnu b\u00e4ttre \u00e4r att [&hellip;]<\/p>\n","protected":false},"author":1,"featured_media":0,"parent":5090,"menu_order":14,"comment_status":"closed","ping_status":"closed","template":"template-rightsidebar.php","meta":{"_et_pb_use_builder":"","_et_pb_old_content":"","_et_gb_content_width":"","exclude_from_search":false,"footnotes":""},"class_list":["post-79350","page","type-page","status-publish","hentry"],"yoast_head":"<!-- This site is optimized with the Yoast SEO plugin v23.4 - https:\/\/yoast.com\/wordpress\/plugins\/seo\/ -->\n<title>Spela Oz Lotto h\u00e4r - planetens st\u00f6rsta lotterier, tillg\u00e4ngliga online fr\u00e5n Sverige.<\/title>\n<meta name=\"description\" content=\"Spela m\u00e5nga internationella lotterier online, inklusive OzLotto.\" \/>\n<meta name=\"robots\" content=\"index, follow, max-snippet:-1, max-image-preview:large, max-video-preview:-1\" \/>\n<link rel=\"canonical\" href=\"https:\/\/onlinelotto365.com\/sv\/spela\/oz-lotto\/\" \/>\n<meta property=\"og:locale\" content=\"sv_SE\" \/>\n<meta property=\"og:type\" content=\"article\" \/>\n<meta property=\"og:title\" content=\"Spela Oz Lotto h\u00e4r - planetens st\u00f6rsta lotterier, tillg\u00e4ngliga online fr\u00e5n Sverige.\" \/>\n<meta property=\"og:description\" content=\"Spela m\u00e5nga internationella lotterier online, inklusive OzLotto.\" \/>\n<meta property=\"og:url\" content=\"https:\/\/onlinelotto365.com\/sv\/spela\/oz-lotto\/\" \/>\n<meta property=\"og:site_name\" content=\"OnlineLotto365\" \/>\n<meta property=\"article:modified_time\" content=\"2022-11-03T12:53:16+00:00\" \/>\n<meta property=\"og:image\" content=\"https:\/\/redfoxlotto.com\/image?size=8&amp;lottery=oz-lotto\" \/>\n<meta name=\"twitter:card\" content=\"summary_large_image\" \/>\n<meta name=\"twitter:label1\" content=\"Ber\u00e4knad l\u00e4stid\" \/>\n\t<meta name=\"twitter:data1\" content=\"4 minuter\" \/>\n<script type=\"application\/ld+json\" class=\"yoast-schema-graph\">{\"@context\":\"https:\/\/schema.org\",\"@graph\":[{\"@type\":\"WebPage\",\"@id\":\"https:\/\/onlinelotto365.com\/sv\/spela\/oz-lotto\/\",\"url\":\"https:\/\/onlinelotto365.com\/sv\/spela\/oz-lotto\/\",\"name\":\"Spela Oz Lotto h\u00e4r - planetens st\u00f6rsta lotterier, tillg\u00e4ngliga online fr\u00e5n Sverige.\",\"isPartOf\":{\"@id\":\"https:\/\/onlinelotto365.com\/sv\/#website\"},\"primaryImageOfPage\":{\"@id\":\"https:\/\/onlinelotto365.com\/sv\/spela\/oz-lotto\/#primaryimage\"},\"image\":{\"@id\":\"https:\/\/onlinelotto365.com\/sv\/spela\/oz-lotto\/#primaryimage\"},\"thumbnailUrl\":\"https:\/\/redfoxlotto.com\/image?size=8&amp;lottery=oz-lotto\",\"datePublished\":\"2022-11-03T12:53:03+00:00\",\"dateModified\":\"2022-11-03T12:53:16+00:00\",\"description\":\"Spela m\u00e5nga internationella lotterier online, inklusive OzLotto.\",\"breadcrumb\":{\"@id\":\"https:\/\/onlinelotto365.com\/sv\/spela\/oz-lotto\/#breadcrumb\"},\"inLanguage\":\"sv-SE\",\"potentialAction\":[{\"@type\":\"ReadAction\",\"target\":[\"https:\/\/onlinelotto365.com\/sv\/spela\/oz-lotto\/\"]}]},{\"@type\":\"ImageObject\",\"inLanguage\":\"sv-SE\",\"@id\":\"https:\/\/onlinelotto365.com\/sv\/spela\/oz-lotto\/#primaryimage\",\"url\":\"https:\/\/redfoxlotto.com\/image?size=8&amp;lottery=oz-lotto\",\"contentUrl\":\"https:\/\/redfoxlotto.com\/image?size=8&amp;lottery=oz-lotto\"},{\"@type\":\"BreadcrumbList\",\"@id\":\"https:\/\/onlinelotto365.com\/sv\/spela\/oz-lotto\/#breadcrumb\",\"itemListElement\":[{\"@type\":\"ListItem\",\"position\":1,\"name\":\"Home\",\"item\":\"https:\/\/onlinelotto365.com\/sv\/\"},{\"@type\":\"ListItem\",\"position\":2,\"name\":\"Allt du beh\u00f6ver veta om dina m\u00f6jligheter att spela de b\u00e4sta lotterierna online\",\"item\":\"https:\/\/onlinelotto365.com\/sv\/spela\/\"},{\"@type\":\"ListItem\",\"position\":3,\"name\":\"Att spela Oz Lotto \u00e4r bara ett av alternativen f\u00f6r lotterifantaster fr\u00e5n Sverige.\"}]},{\"@type\":\"WebSite\",\"@id\":\"https:\/\/onlinelotto365.com\/sv\/#website\",\"url\":\"https:\/\/onlinelotto365.com\/sv\/\",\"name\":\"OnlineLotto365\",\"description\":\"\",\"potentialAction\":[{\"@type\":\"SearchAction\",\"target\":{\"@type\":\"EntryPoint\",\"urlTemplate\":\"https:\/\/onlinelotto365.com\/sv\/?s={search_term_string}\"},\"query-input\":{\"@type\":\"PropertyValueSpecification\",\"valueRequired\":true,\"valueName\":\"search_term_string\"}}],\"inLanguage\":\"sv-SE\"}]}<\/script>\n<!-- \/ Yoast SEO plugin. -->","yoast_head_json":{"title":"Spela Oz Lotto h\u00e4r - planetens st\u00f6rsta lotterier, tillg\u00e4ngliga online fr\u00e5n Sverige.","description":"Spela m\u00e5nga internationella lotterier online, inklusive OzLotto.","robots":{"index":"index","follow":"follow","max-snippet":"max-snippet:-1","max-image-preview":"max-image-preview:large","max-video-preview":"max-video-preview:-1"},"canonical":"https:\/\/onlinelotto365.com\/sv\/spela\/oz-lotto\/","og_locale":"sv_SE","og_type":"article","og_title":"Spela Oz Lotto h\u00e4r - planetens st\u00f6rsta lotterier, tillg\u00e4ngliga online fr\u00e5n Sverige.","og_description":"Spela m\u00e5nga internationella lotterier online, inklusive OzLotto.","og_url":"https:\/\/onlinelotto365.com\/sv\/spela\/oz-lotto\/","og_site_name":"OnlineLotto365","article_modified_time":"2022-11-03T12:53:16+00:00","og_image":[{"url":"https:\/\/redfoxlotto.com\/image?size=8&amp;lottery=oz-lotto"}],"twitter_card":"summary_large_image","twitter_misc":{"Ber\u00e4knad l\u00e4stid":"4 minuter"},"schema":{"@context":"https:\/\/schema.org","@graph":[{"@type":"WebPage","@id":"https:\/\/onlinelotto365.com\/sv\/spela\/oz-lotto\/","url":"https:\/\/onlinelotto365.com\/sv\/spela\/oz-lotto\/","name":"Spela Oz Lotto h\u00e4r - planetens st\u00f6rsta lotterier, tillg\u00e4ngliga online fr\u00e5n Sverige.","isPartOf":{"@id":"https:\/\/onlinelotto365.com\/sv\/#website"},"primaryImageOfPage":{"@id":"https:\/\/onlinelotto365.com\/sv\/spela\/oz-lotto\/#primaryimage"},"image":{"@id":"https:\/\/onlinelotto365.com\/sv\/spela\/oz-lotto\/#primaryimage"},"thumbnailUrl":"https:\/\/redfoxlotto.com\/image?size=8&amp;lottery=oz-lotto","datePublished":"2022-11-03T12:53:03+00:00","dateModified":"2022-11-03T12:53:16+00:00","description":"Spela m\u00e5nga internationella lotterier online, inklusive OzLotto.","breadcrumb":{"@id":"https:\/\/onlinelotto365.com\/sv\/spela\/oz-lotto\/#breadcrumb"},"inLanguage":"sv-SE","potentialAction":[{"@type":"ReadAction","target":["https:\/\/onlinelotto365.com\/sv\/spela\/oz-lotto\/"]}]},{"@type":"ImageObject","inLanguage":"sv-SE","@id":"https:\/\/onlinelotto365.com\/sv\/spela\/oz-lotto\/#primaryimage","url":"https:\/\/redfoxlotto.com\/image?size=8&amp;lottery=oz-lotto","contentUrl":"https:\/\/redfoxlotto.com\/image?size=8&amp;lottery=oz-lotto"},{"@type":"BreadcrumbList","@id":"https:\/\/onlinelotto365.com\/sv\/spela\/oz-lotto\/#breadcrumb","itemListElement":[{"@type":"ListItem","position":1,"name":"Home","item":"https:\/\/onlinelotto365.com\/sv\/"},{"@type":"ListItem","position":2,"name":"Allt du beh\u00f6ver veta om dina m\u00f6jligheter att spela de b\u00e4sta lotterierna online","item":"https:\/\/onlinelotto365.com\/sv\/spela\/"},{"@type":"ListItem","position":3,"name":"Att spela Oz Lotto \u00e4r bara ett av alternativen f\u00f6r lotterifantaster fr\u00e5n Sverige."}]},{"@type":"WebSite","@id":"https:\/\/onlinelotto365.com\/sv\/#website","url":"https:\/\/onlinelotto365.com\/sv\/","name":"OnlineLotto365","description":"","potentialAction":[{"@type":"SearchAction","target":{"@type":"EntryPoint","urlTemplate":"https:\/\/onlinelotto365.com\/sv\/?s={search_term_string}"},"query-input":{"@type":"PropertyValueSpecification","valueRequired":true,"valueName":"search_term_string"}}],"inLanguage":"sv-SE"}]}},"_links":{"self":[{"href":"https:\/\/onlinelotto365.com\/sv\/wp-json\/wp\/v2\/pages\/79350","targetHints":{"allow":["GET"]}}],"collection":[{"href":"https:\/\/onlinelotto365.com\/sv\/wp-json\/wp\/v2\/pages"}],"about":[{"href":"https:\/\/onlinelotto365.com\/sv\/wp-json\/wp\/v2\/types\/page"}],"author":[{"embeddable":true,"href":"https:\/\/onlinelotto365.com\/sv\/wp-json\/wp\/v2\/users\/1"}],"replies":[{"embeddable":true,"href":"https:\/\/onlinelotto365.com\/sv\/wp-json\/wp\/v2\/comments?post=79350"}],"version-history":[{"count":0,"href":"https:\/\/onlinelotto365.com\/sv\/wp-json\/wp\/v2\/pages\/79350\/revisions"}],"up":[{"embeddable":true,"href":"https:\/\/onlinelotto365.com\/sv\/wp-json\/wp\/v2\/pages\/5090"}],"wp:attachment":[{"href":"https:\/\/onlinelotto365.com\/sv\/wp-json\/wp\/v2\/media?parent=79350"}],"curies":[{"name":"wp","href":"https:\/\/api.w.org\/{rel}","templated":true}]}}