{"id":79391,"date":"2022-11-04T07:21:20","date_gmt":"2022-11-04T06:21:20","guid":{"rendered":"https:\/\/onlinelotto365.com\/?page_id=79391"},"modified":"2022-11-04T07:21:20","modified_gmt":"2022-11-04T06:21:20","slug":"powerball-australia","status":"publish","type":"page","link":"https:\/\/onlinelotto365.com\/sv\/spela\/powerball-australia\/","title":{"rendered":"Powerball Australia &#8211; du \u00e4r inte l\u00e4ngre begr\u00e4nsad till dina svenska lotterier"},"content":{"rendered":"<h2>Hur man spelar Powerball Australia online<\/h2>\n<p>Det \u00e4r faktiskt ganska enkelt att spela Powerball Australia online, \u00e4ven om du befinner dig i Sverige. Och det \u00e4r ganska bekv\u00e4mt ocks\u00e5 eftersom du redan \u00e4r h\u00e4r d\u00e4r du kan f\u00e5 dina biljetter med bara n\u00e5gra f\u00e5 musklick.<\/p>\n<p>Du kommer att bli omh\u00e4ndertagen varje steg p\u00e5 v\u00e4gen, d\u00e4r allt du beh\u00f6ver g\u00f6ra \u00e4r att skapa ett gratis konto, g\u00f6ra dina val, v\u00e4lja ett av deras m\u00e5nga bekv\u00e4ma betalningsalternativ, och vi sk\u00f6ter resten.<\/p>\n<p>Se till att du klickar p\u00e5 r\u00e4tt lotteri, n\u00e4mligen Powerball Australia. D\u00e4refter v\u00e4ljer du dina nummer. Om du f\u00f6rs\u00f6ker v\u00e4lja f\u00f6r m\u00e5nga nummer eller inte har valt tillr\u00e4ckligt m\u00e5nga nummer kommer systemet att uppmana dig att v\u00e4lja f\u00e4rre eller fler nummer. Vad du ocks\u00e5 kan g\u00f6ra \u00e4r att klicka p\u00e5 snabbvalsknappen, s\u00e5 v\u00e4ljer webbplatsen n\u00e5gra nummer slumpm\u00e4ssigt \u00e5t dig. Du kan fortfarande redigera dessa nummer manuellt om du inte gillar dem.<\/p>\n<p>Det finns ocks\u00e5 en metod som m\u00e5nga spelare gillar att anv\u00e4nda &#8211; snabbvalsfunktionen. Eller s\u00e5 kan du anv\u00e4nda n\u00e5gra av dina favoritnummer manuellt och l\u00e5ta generatorn f\u00f6r slumpm\u00e4ssiga nummer v\u00e4lja resten \u00e5t dig.<\/p>\n<p>D\u00e4refter kan du v\u00e4lja ett annat lotteri, spela fler lottor och l\u00e4gga till dem i din best\u00e4llning. Klicka sedan f\u00f6r att betala ut och betala dina lotter p\u00e5 ett s\u00e4kert s\u00e4tt. Vid denna tidpunkt m\u00e5ste du skapa ett konto hos oss. Naturligtvis kan du ocks\u00e5 skapa ditt konto f\u00f6rst och sedan p\u00e5b\u00f6rja processen med att best\u00e4lla dina biljetter.<\/p>\n<p>N\u00e4r du har skapat ditt konto skickar vi dig ett bekr\u00e4ftelsemail med en l\u00e4nk som du m\u00e5ste klicka p\u00e5. Se till att kontrollera din skr\u00e4ppostmapp f\u00f6r detta e-postmeddelande. Det vore klokt att markera v\u00e5r e-postadress som en betrodd avs\u00e4ndare. Detta s\u00e4kerst\u00e4ller att viktiga meddelanden som meddelanden om vinster faktiskt n\u00e5r dig.<\/p>\n<p><a href=\"https:\/\/redfoxlotto.com\/play\/powerball-au\/?ref=a8564250a2&amp;medium=ol365\" target=\"_blank\" rel=\"noopener noreferrer\"><img decoding=\"async\" class=\"aligncenter\" src=\"https:\/\/redfoxlotto.com\/image?size=8&amp;lottery=powerball-au\" alt=\"Powerball Australien\" \/><\/a><\/p>\n<h2>Om Powerball Australia<\/h2>\n<ul>\n<li>Land: Australien<\/li>\n<li>De viktigaste numren: 35<\/li>\n<li>Du m\u00e5ste v\u00e4lja: 7<\/li>\n<li>Extra nummer: 20<\/li>\n<li>Du m\u00e5ste v\u00e4lja: 1<\/li>\n<li>Dagar, timmar f\u00f6r dragningar: Dagar, timmar f\u00f6r dragningar: Dagar, timmar f\u00f6r dragningar: Dagar, timmar f\u00f6r dragningar: Torsdag, 21:30 GMT+11, 10:30 CET<\/li>\n<li>Jackpotten startar vid: Jackpot b\u00f6rjar p\u00e5 3 miljoner AU$.<\/li>\n<li>Jackpotten \u00e4r begr\u00e4nsad till: Jackpot \u00e4r maximerad till 150 miljoner AU$.<\/li>\n<li>Chans att vinna jackpotten: 1 p\u00e5 134.490.400<\/li>\n<li>Chans att vinna ett andrapris: 1 p\u00e5 7 078 443<\/li>\n<li>Chans att vinna n\u00e5got pris: 1 p\u00e5 24,87<\/li>\n<li>Antal priskategorier: 7<\/li>\n<\/ul>\n<h2>\nS\u00e5 h\u00e4r kontrollerar du resultaten av Powerball Australia<\/h2>\n<p>Du kan anv\u00e4nda ett antal metoder f\u00f6r att kontrollera dina resultat. Du hittar dem p\u00e5 lotteriets officiella webbplats. F\u00f6r vissa lotterier kan du hitta de vinnande numren i din lokaltidning, eller s\u00e5 kan en tv-kanal s\u00e4nda dem. Men det enklaste s\u00e4ttet \u00e4r att komma tillbaka till v\u00e5r webbplats och kontrollera de senaste vinstnumren h\u00e4r. N\u00e4r du \u00e4r inloggad p\u00e5 ditt konto kan du j\u00e4mf\u00f6ra de nummer du spelade med numren fr\u00e5n dragningen. Och du kan se hur mycket du har vunnit direkt.<\/p>\n<h2>Du har spelat Powerball Australia online och vunnit &#8211; vad h\u00e4nder h\u00e4rn\u00e4st?<\/h2>\n<p>F\u00f6rst b\u00f6r du kontrollera hur mycket du har vunnit. Om vinsten \u00e4r mindre \u00e4n 2 500 euro hittar du beloppet krediterat p\u00e5 ditt spelarkonto. Det \u00e4r ditt val att anv\u00e4nda det f\u00f6r att k\u00f6pa ytterligare lotter, eller om du f\u00f6redrar det kan du ta ut det. Observera att uttagsalternativet endast \u00e4r synligt om ditt kontosaldo \u00e4r minst 10 \u20ac.<br \/>\n<img loading=\"lazy\" decoding=\"async\" class=\"alignright wp-image-1653\" src=\"https:\/\/onlinelotto365.com\/wp-content\/uploads\/2020\/11\/online_lottery-145-300x143.jpg\" alt=\"spela Powerball Australien online\" width=\"413\" height=\"197\" \/><br \/>\nF\u00f6r vinster \u00f6ver 2 500 euro kommer v\u00e5r support att kontakta dig. Du kommer att beh\u00f6va fylla i ett kravformul\u00e4r som vi sedan skickar till lotterikommissionen. D\u00e4refter f\u00e5r du antingen din vinst via bank\u00f6verf\u00f6ring eller check, beroende p\u00e5 vad du \u00f6nskar.<\/p>\n","protected":false},"excerpt":{"rendered":"<p>Hur man spelar Powerball Australia online Det \u00e4r faktiskt ganska enkelt att spela Powerball Australia online, \u00e4ven om du befinner dig i Sverige. Och det \u00e4r ganska bekv\u00e4mt ocks\u00e5 eftersom du redan \u00e4r h\u00e4r d\u00e4r du kan f\u00e5 dina biljetter med bara n\u00e5gra f\u00e5 musklick. Du kommer att bli omh\u00e4ndertagen varje steg p\u00e5 v\u00e4gen, d\u00e4r [&hellip;]<\/p>\n","protected":false},"author":1,"featured_media":0,"parent":5090,"menu_order":13,"comment_status":"closed","ping_status":"closed","template":"powerball-au.php","meta":{"_et_pb_use_builder":"","_et_pb_old_content":"","_et_gb_content_width":"","exclude_from_search":false,"footnotes":""},"class_list":["post-79391","page","type-page","status-publish","hentry"],"yoast_head":"<!-- This site is optimized with the Yoast SEO plugin v23.4 - https:\/\/yoast.com\/wordpress\/plugins\/seo\/ -->\n<title>Spela Powerball Australia online fr\u00e5n Sverige | Kan jag delta i Powerball Australia om jag bor i Sverige?<\/title>\n<meta name=\"description\" content=\"Spela Powerball Australia h\u00e4r - de st\u00f6rsta lotterierna i v\u00e4rlden, tillg\u00e4ngliga online fr\u00e5n Sverige\" \/>\n<meta name=\"robots\" content=\"index, follow, max-snippet:-1, max-image-preview:large, max-video-preview:-1\" \/>\n<link rel=\"canonical\" href=\"https:\/\/onlinelotto365.com\/sv\/spela\/powerball-australia\/\" \/>\n<meta property=\"og:locale\" content=\"sv_SE\" \/>\n<meta property=\"og:type\" content=\"article\" \/>\n<meta property=\"og:title\" content=\"Spela Powerball Australia online fr\u00e5n Sverige | Kan jag delta i Powerball Australia om jag bor i Sverige?\" \/>\n<meta property=\"og:description\" content=\"Spela Powerball Australia h\u00e4r - de st\u00f6rsta lotterierna i v\u00e4rlden, tillg\u00e4ngliga online fr\u00e5n Sverige\" \/>\n<meta property=\"og:url\" content=\"https:\/\/onlinelotto365.com\/sv\/spela\/powerball-australia\/\" \/>\n<meta property=\"og:site_name\" content=\"OnlineLotto365\" \/>\n<meta property=\"og:image\" content=\"https:\/\/redfoxlotto.com\/image?size=8&amp;lottery=powerball-au\" \/>\n<meta name=\"twitter:card\" content=\"summary_large_image\" \/>\n<meta name=\"twitter:label1\" content=\"Ber\u00e4knad l\u00e4stid\" \/>\n\t<meta name=\"twitter:data1\" content=\"3 minuter\" \/>\n<script type=\"application\/ld+json\" class=\"yoast-schema-graph\">{\"@context\":\"https:\/\/schema.org\",\"@graph\":[{\"@type\":\"WebPage\",\"@id\":\"https:\/\/onlinelotto365.com\/sv\/spela\/powerball-australia\/\",\"url\":\"https:\/\/onlinelotto365.com\/sv\/spela\/powerball-australia\/\",\"name\":\"Spela Powerball Australia online fr\u00e5n Sverige | Kan jag delta i Powerball Australia om jag bor i Sverige?\",\"isPartOf\":{\"@id\":\"https:\/\/onlinelotto365.com\/sv\/#website\"},\"primaryImageOfPage\":{\"@id\":\"https:\/\/onlinelotto365.com\/sv\/spela\/powerball-australia\/#primaryimage\"},\"image\":{\"@id\":\"https:\/\/onlinelotto365.com\/sv\/spela\/powerball-australia\/#primaryimage\"},\"thumbnailUrl\":\"https:\/\/redfoxlotto.com\/image?size=8&amp;lottery=powerball-au\",\"datePublished\":\"2022-11-04T06:21:20+00:00\",\"dateModified\":\"2022-11-04T06:21:20+00:00\",\"description\":\"Spela Powerball Australia h\u00e4r - de st\u00f6rsta lotterierna i v\u00e4rlden, tillg\u00e4ngliga online fr\u00e5n Sverige\",\"breadcrumb\":{\"@id\":\"https:\/\/onlinelotto365.com\/sv\/spela\/powerball-australia\/#breadcrumb\"},\"inLanguage\":\"sv-SE\",\"potentialAction\":[{\"@type\":\"ReadAction\",\"target\":[\"https:\/\/onlinelotto365.com\/sv\/spela\/powerball-australia\/\"]}]},{\"@type\":\"ImageObject\",\"inLanguage\":\"sv-SE\",\"@id\":\"https:\/\/onlinelotto365.com\/sv\/spela\/powerball-australia\/#primaryimage\",\"url\":\"https:\/\/redfoxlotto.com\/image?size=8&amp;lottery=powerball-au\",\"contentUrl\":\"https:\/\/redfoxlotto.com\/image?size=8&amp;lottery=powerball-au\"},{\"@type\":\"BreadcrumbList\",\"@id\":\"https:\/\/onlinelotto365.com\/sv\/spela\/powerball-australia\/#breadcrumb\",\"itemListElement\":[{\"@type\":\"ListItem\",\"position\":1,\"name\":\"Home\",\"item\":\"https:\/\/onlinelotto365.com\/sv\/\"},{\"@type\":\"ListItem\",\"position\":2,\"name\":\"Allt du beh\u00f6ver veta om dina m\u00f6jligheter att spela de b\u00e4sta lotterierna online\",\"item\":\"https:\/\/onlinelotto365.com\/sv\/spela\/\"},{\"@type\":\"ListItem\",\"position\":3,\"name\":\"Powerball Australia &#8211; du \u00e4r inte l\u00e4ngre begr\u00e4nsad till dina svenska lotterier\"}]},{\"@type\":\"WebSite\",\"@id\":\"https:\/\/onlinelotto365.com\/sv\/#website\",\"url\":\"https:\/\/onlinelotto365.com\/sv\/\",\"name\":\"OnlineLotto365\",\"description\":\"\",\"potentialAction\":[{\"@type\":\"SearchAction\",\"target\":{\"@type\":\"EntryPoint\",\"urlTemplate\":\"https:\/\/onlinelotto365.com\/sv\/?s={search_term_string}\"},\"query-input\":{\"@type\":\"PropertyValueSpecification\",\"valueRequired\":true,\"valueName\":\"search_term_string\"}}],\"inLanguage\":\"sv-SE\"}]}<\/script>\n<!-- \/ Yoast SEO plugin. -->","yoast_head_json":{"title":"Spela Powerball Australia online fr\u00e5n Sverige | Kan jag delta i Powerball Australia om jag bor i Sverige?","description":"Spela Powerball Australia h\u00e4r - de st\u00f6rsta lotterierna i v\u00e4rlden, tillg\u00e4ngliga online fr\u00e5n Sverige","robots":{"index":"index","follow":"follow","max-snippet":"max-snippet:-1","max-image-preview":"max-image-preview:large","max-video-preview":"max-video-preview:-1"},"canonical":"https:\/\/onlinelotto365.com\/sv\/spela\/powerball-australia\/","og_locale":"sv_SE","og_type":"article","og_title":"Spela Powerball Australia online fr\u00e5n Sverige | Kan jag delta i Powerball Australia om jag bor i Sverige?","og_description":"Spela Powerball Australia h\u00e4r - de st\u00f6rsta lotterierna i v\u00e4rlden, tillg\u00e4ngliga online fr\u00e5n Sverige","og_url":"https:\/\/onlinelotto365.com\/sv\/spela\/powerball-australia\/","og_site_name":"OnlineLotto365","og_image":[{"url":"https:\/\/redfoxlotto.com\/image?size=8&amp;lottery=powerball-au"}],"twitter_card":"summary_large_image","twitter_misc":{"Ber\u00e4knad l\u00e4stid":"3 minuter"},"schema":{"@context":"https:\/\/schema.org","@graph":[{"@type":"WebPage","@id":"https:\/\/onlinelotto365.com\/sv\/spela\/powerball-australia\/","url":"https:\/\/onlinelotto365.com\/sv\/spela\/powerball-australia\/","name":"Spela Powerball Australia online fr\u00e5n Sverige | Kan jag delta i Powerball Australia om jag bor i Sverige?","isPartOf":{"@id":"https:\/\/onlinelotto365.com\/sv\/#website"},"primaryImageOfPage":{"@id":"https:\/\/onlinelotto365.com\/sv\/spela\/powerball-australia\/#primaryimage"},"image":{"@id":"https:\/\/onlinelotto365.com\/sv\/spela\/powerball-australia\/#primaryimage"},"thumbnailUrl":"https:\/\/redfoxlotto.com\/image?size=8&amp;lottery=powerball-au","datePublished":"2022-11-04T06:21:20+00:00","dateModified":"2022-11-04T06:21:20+00:00","description":"Spela Powerball Australia h\u00e4r - de st\u00f6rsta lotterierna i v\u00e4rlden, tillg\u00e4ngliga online fr\u00e5n Sverige","breadcrumb":{"@id":"https:\/\/onlinelotto365.com\/sv\/spela\/powerball-australia\/#breadcrumb"},"inLanguage":"sv-SE","potentialAction":[{"@type":"ReadAction","target":["https:\/\/onlinelotto365.com\/sv\/spela\/powerball-australia\/"]}]},{"@type":"ImageObject","inLanguage":"sv-SE","@id":"https:\/\/onlinelotto365.com\/sv\/spela\/powerball-australia\/#primaryimage","url":"https:\/\/redfoxlotto.com\/image?size=8&amp;lottery=powerball-au","contentUrl":"https:\/\/redfoxlotto.com\/image?size=8&amp;lottery=powerball-au"},{"@type":"BreadcrumbList","@id":"https:\/\/onlinelotto365.com\/sv\/spela\/powerball-australia\/#breadcrumb","itemListElement":[{"@type":"ListItem","position":1,"name":"Home","item":"https:\/\/onlinelotto365.com\/sv\/"},{"@type":"ListItem","position":2,"name":"Allt du beh\u00f6ver veta om dina m\u00f6jligheter att spela de b\u00e4sta lotterierna online","item":"https:\/\/onlinelotto365.com\/sv\/spela\/"},{"@type":"ListItem","position":3,"name":"Powerball Australia &#8211; du \u00e4r inte l\u00e4ngre begr\u00e4nsad till dina svenska lotterier"}]},{"@type":"WebSite","@id":"https:\/\/onlinelotto365.com\/sv\/#website","url":"https:\/\/onlinelotto365.com\/sv\/","name":"OnlineLotto365","description":"","potentialAction":[{"@type":"SearchAction","target":{"@type":"EntryPoint","urlTemplate":"https:\/\/onlinelotto365.com\/sv\/?s={search_term_string}"},"query-input":{"@type":"PropertyValueSpecification","valueRequired":true,"valueName":"search_term_string"}}],"inLanguage":"sv-SE"}]}},"_links":{"self":[{"href":"https:\/\/onlinelotto365.com\/sv\/wp-json\/wp\/v2\/pages\/79391","targetHints":{"allow":["GET"]}}],"collection":[{"href":"https:\/\/onlinelotto365.com\/sv\/wp-json\/wp\/v2\/pages"}],"about":[{"href":"https:\/\/onlinelotto365.com\/sv\/wp-json\/wp\/v2\/types\/page"}],"author":[{"embeddable":true,"href":"https:\/\/onlinelotto365.com\/sv\/wp-json\/wp\/v2\/users\/1"}],"replies":[{"embeddable":true,"href":"https:\/\/onlinelotto365.com\/sv\/wp-json\/wp\/v2\/comments?post=79391"}],"version-history":[{"count":0,"href":"https:\/\/onlinelotto365.com\/sv\/wp-json\/wp\/v2\/pages\/79391\/revisions"}],"up":[{"embeddable":true,"href":"https:\/\/onlinelotto365.com\/sv\/wp-json\/wp\/v2\/pages\/5090"}],"wp:attachment":[{"href":"https:\/\/onlinelotto365.com\/sv\/wp-json\/wp\/v2\/media?parent=79391"}],"curies":[{"name":"wp","href":"https:\/\/api.w.org\/{rel}","templated":true}]}}