{"id":79428,"date":"2022-11-04T09:37:29","date_gmt":"2022-11-04T08:37:29","guid":{"rendered":"https:\/\/onlinelotto365.com\/?page_id=79428"},"modified":"2022-11-04T09:37:51","modified_gmt":"2022-11-04T08:37:51","slug":"mega-sena","status":"publish","type":"page","link":"https:\/\/onlinelotto365.com\/sv\/spela\/mega-sena\/","title":{"rendered":"Hur kan inv\u00e5nare i Sverige spela Mega-Sena online?"},"content":{"rendered":"<p>Med v\u00e5r tj\u00e4nst kan du f\u00f6r n\u00e4rvarande k\u00f6pa lotter till 15 olika stora lotterier fr\u00e5n hela v\u00e4rlden. Vi \u00e4r stolta \u00f6ver att kunna erbjuda v\u00e5ra spelare m\u00f6jligheten att spela det brasilianska lotteriet Mega Sena online. Som alla stora lotterier var du tidigare tvungen att bo i det land eller omr\u00e5de d\u00e4r ett visst lotteri arrangerades och resa till en lottohandlare d\u00e4r f\u00f6r att k\u00f6pa dina lotter.<\/p>\n<p>Detta \u00e4r dock inte l\u00e4ngre fallet nu n\u00e4r du kan spela dem \u00e4ven fr\u00e5n Sverige och k\u00f6pa vilka lotter du vill direkt online, och s\u00e5 m\u00e5nga du vill och till s\u00e5 m\u00e5nga olika lotterier du vill, direkt fr\u00e5n din egen dator.<\/p>\n<p>S\u00e5 nu n\u00e4r denna nya dag har gryr \u00f6ver v\u00e4rlden av lotterispel har spelarna talat, och vad de har bett om \u00e4r ett stort urval av olika lotterier. S\u00e5 vi ger dig det b\u00e4sta av det till ditt hem. Bland dessa finns Mega-Sena Lotto, Brasiliens st\u00f6rsta lotteri.<\/p>\n<p><a href=\"https:\/\/redfoxlotto.com\/play\/mega-sena\/?ref=a8564250a2&amp;medium=ol365\" target=\"_blank\" rel=\"noopener noreferrer\"><img decoding=\"async\" class=\"aligncenter\" src=\"https:\/\/redfoxlotto.com\/image?size=8&amp;lottery=mega-sena\" alt=\"mega-sena\" \/><\/a><\/p>\n<p>&nbsp;<\/p>\n<h2>Om Mega-Sena<\/h2>\n<ul>\n<li>Land: Brasilien<\/li>\n<li>Huvudnummersortiment: 60<\/li>\n<li>Du v\u00e4ljer: 6<\/li>\n<li>Extra nummer: inga<\/li>\n<li>Du v\u00e4ljer: inga<\/li>\n<li>Dragningsdagar, timmar: Onsdag, l\u00f6rdag, 20:00 GMT -3, 24:00 CET<\/li>\n<li>Minsta jackpot: Minsta jackpot: 2 miljoner R$.<\/li>\n<li>Maximalt jackpotttak: inget tak<\/li>\n<li>Sannolikhet att vinna jackpotten: 1 p\u00e5 50 063 860.<\/li>\n<li>Sannolikhet f\u00f6r en vinst i niv\u00e5 2: 1 p\u00e5 15 451 809<\/li>\n<li>Sannolikhet att vinna i alla niv\u00e5er: 1 p\u00e5 2297,56<\/li>\n<li>Antal vinstniv\u00e5er: 3<\/li>\n<\/ul>\n<p>Dragningar f\u00f6r Mega-Sena \u00e4ger rum p\u00e5 onsdagar och l\u00f6rdagar, vilket ger ytterligare tv\u00e5 chanser att vinna bland alla andra lotterier som du spelar nu. Vi ger dig ett stort urval att v\u00e4lja mellan och alla \u00e4r v\u00e4rda att spela, inklusive Mega Sena.<\/p>\n<p>F\u00f6r att spela Mega-Sena Lotto v\u00e4ljer spelarna 6 nummer fr\u00e5n 1 till 60. Om alla 6 nummer st\u00e4mmer vinner du jackpotten, som alltid \u00e4r minst flera miljoner dollar och ofta blir mycket h\u00f6gre \u00e4n s\u00e5.<br \/>\nMega-Sena \u00e4r dock unikt fr\u00e5n alla andra lotterier i v\u00e4rlden, eftersom de inte&#8217; bara har 60 bollar med olika nummer p\u00e5 dem. Det finns tv\u00e5 olika trummor en med 0 till 5 och den andra fr\u00e5n 0 till 9. De drar sedan siffrorna en i taget.<\/p>\n<p>Om de till exempel drar en 2 fr\u00e5n den f\u00f6rsta trumman och sedan en 9 fr\u00e5n den andra, blir det dragna numret 29. N\u00e4r ett ensiffrigt tal v\u00e4l har dragits l\u00e4ggs det inte tillbaka i trumman. S\u00e5 vi vet nu att det kommer att bli exakt ett ensiffrigt tal, om inte 00 dras vilket anses vara 60, ett som b\u00f6rjar med 1, ett som b\u00f6rjar med tv\u00e5 och s\u00e5 vidare. S\u00e5 detta \u00e4r en intressant v\u00e4ndning och g\u00f6r det faktiskt l\u00e4ttare att vinna om du f\u00f6ljer denna strategi.<\/p>\n<p>Om du matchar alla 6 nummer vinner du jackpotten, medan du med 4 eller 5 nummer vinner ett andrapris. Som ofta \u00e4r fallet med nationella lotterier g\u00e5r vinsterna fr\u00e5n Mega-Sena Lotto till sociala program, och det brasilianska folket \u00e4r faktiskt mycket beroende av dessa donationer. S\u00e5 \u00e4ven om vi kanske inte \u00e4r fr\u00e5n Brasilien och d\u00e4rf\u00f6r inte gynnas direkt av detta, \u00e4r det bra att veta att vi definitivt g\u00f6r n\u00e5got gott genom att spela Mega Sena ut\u00f6ver allt det roliga som vi har n\u00e4r vi g\u00f6r det.<\/p>\n<h2>Lotterier \u00e4r v\u00e4rldens mest popul\u00e4ra spelform<\/h2>\n<p>Det \u00e4r inte s\u00e4rskilt sv\u00e5rt att r\u00e4kna ut varf\u00f6r lotterier har varit v\u00e4rldens mest popul\u00e4ra spelform. Det \u00e4r inte ens att det \u00e4r s\u00e5 l\u00e4ttillg\u00e4ngligt, \u00e4ven om det s\u00e4kert hj\u00e4lper. Den verkliga anledningen \u00e4r den sp\u00e4nning som m\u00f6jligheten att vinna enorma summor pengar ger.<\/p>\n<p>Det verkar ocks\u00e5 som om v\u00e5r aptit p\u00e5 dessa enorma jackpottar \u00e4r ganska stor. Om du n\u00e5gonsin har bevittnat den uppst\u00e5ndelse som skapas n\u00e4r jackpottar v\u00e4xer till enorma belopp, och hur m\u00e5nga fler biljetter som s\u00e4ljs f\u00f6r dessa, med de mycket l\u00e4ngre uppst\u00e4llningstiderna som f\u00f6ljer med dem, s\u00e5 vet du att allt detta \u00e4r sant.<\/p>\n<p>Varf\u00f6r skulle inte folk bli upphetsade om de har en chans att vinna tillr\u00e4ckligt med pengar f\u00f6r att kunna leva ett liv i lyx och \u00f6verfl\u00f6d? F\u00f6r den \u00f6verv\u00e4ldigande majoriteten av oss \u00e4r detta den enda chans vi n\u00e5gonsin kommer att f\u00e5 till denna livsstil. Vanliga m\u00e4nniskor som vi vinner dock dessa gigantiska belopp och man vet aldrig om och n\u00e4r det \u00e4r din tur.<br \/>\n<img loading=\"lazy\" decoding=\"async\" class=\"size-medium wp-image-1136 alignright\" src=\"https:\/\/onlinelotto365.com\/wp-content\/uploads\/2020\/11\/online_lottery-96-300x212.jpg\" alt=\"spela mega-sena online\" width=\"300\" height=\"212\" \/><\/p>\n<p>Bara sj\u00e4lva spelandet ger m\u00e4nniskor mycket gl\u00e4dje, och \u00e4ven om dina chanser att vinna mycket pengar p\u00e5 detta s\u00e4tt \u00e4r mycket sm\u00e5, finns chansen \u00e4nd\u00e5. Om du inte spelar f\u00e5r du inte dr\u00f6mma, och du f\u00e5r inte njuta av tanken p\u00e5 att allt detta kan h\u00e4nda dig.<\/p>\n<p>Naturligtvis beh\u00f6ver man inte vinna jackpotten f\u00f6r att vinna pengar p\u00e5 lotterier, och spelarna vinner hela tiden mindre vinster. En del av dessa mindre vinster \u00e4r faktiskt inte alls s\u00e5 sm\u00e5. Det finns m\u00e5nga olika s\u00e4tt att vinna pengar genom att spela p\u00e5 lotterier, och varje g\u00e5ng du tar ut pengar \u00e4r det alltid v\u00e4ldigt trevligt.<\/p>\n","protected":false},"excerpt":{"rendered":"<p>Med v\u00e5r tj\u00e4nst kan du f\u00f6r n\u00e4rvarande k\u00f6pa lotter till 15 olika stora lotterier fr\u00e5n hela v\u00e4rlden. Vi \u00e4r stolta \u00f6ver att kunna erbjuda v\u00e5ra spelare m\u00f6jligheten att spela det brasilianska lotteriet Mega Sena online. Som alla stora lotterier var du tidigare tvungen att bo i det land eller omr\u00e5de d\u00e4r ett visst lotteri arrangerades [&hellip;]<\/p>\n","protected":false},"author":1,"featured_media":0,"parent":5090,"menu_order":12,"comment_status":"closed","ping_status":"closed","template":"megasena.php","meta":{"_et_pb_use_builder":"","_et_pb_old_content":"","_et_gb_content_width":"","exclude_from_search":false,"footnotes":""},"class_list":["post-79428","page","type-page","status-publish","hentry"],"yoast_head":"<!-- This site is optimized with the Yoast SEO plugin v23.4 - https:\/\/yoast.com\/wordpress\/plugins\/seo\/ -->\n<title>Spela Mega-Sena online fr\u00e5n Sverige | Kan jag delta i Mega-Sena om jag bor i Sverige?<\/title>\n<meta name=\"description\" content=\"V\u00e5r biljettservice online g\u00f6r det enkelt f\u00f6r dig att spela Mega-Sena online.\" \/>\n<meta name=\"robots\" content=\"index, follow, max-snippet:-1, max-image-preview:large, max-video-preview:-1\" \/>\n<link rel=\"canonical\" href=\"https:\/\/onlinelotto365.com\/sv\/spela\/mega-sena\/\" \/>\n<meta property=\"og:locale\" content=\"sv_SE\" \/>\n<meta property=\"og:type\" content=\"article\" \/>\n<meta property=\"og:title\" content=\"Spela Mega-Sena online fr\u00e5n Sverige | Kan jag delta i Mega-Sena om jag bor i Sverige?\" \/>\n<meta property=\"og:description\" content=\"V\u00e5r biljettservice online g\u00f6r det enkelt f\u00f6r dig att spela Mega-Sena online.\" \/>\n<meta property=\"og:url\" content=\"https:\/\/onlinelotto365.com\/sv\/spela\/mega-sena\/\" \/>\n<meta property=\"og:site_name\" content=\"OnlineLotto365\" \/>\n<meta property=\"article:modified_time\" content=\"2022-11-04T08:37:51+00:00\" \/>\n<meta property=\"og:image\" content=\"https:\/\/redfoxlotto.com\/image?size=8&amp;lottery=mega-sena\" \/>\n<meta name=\"twitter:card\" content=\"summary_large_image\" \/>\n<meta name=\"twitter:label1\" content=\"Ber\u00e4knad l\u00e4stid\" \/>\n\t<meta name=\"twitter:data1\" content=\"4 minuter\" \/>\n<script type=\"application\/ld+json\" class=\"yoast-schema-graph\">{\"@context\":\"https:\/\/schema.org\",\"@graph\":[{\"@type\":\"WebPage\",\"@id\":\"https:\/\/onlinelotto365.com\/sv\/spela\/mega-sena\/\",\"url\":\"https:\/\/onlinelotto365.com\/sv\/spela\/mega-sena\/\",\"name\":\"Spela Mega-Sena online fr\u00e5n Sverige | Kan jag delta i Mega-Sena om jag bor i Sverige?\",\"isPartOf\":{\"@id\":\"https:\/\/onlinelotto365.com\/sv\/#website\"},\"primaryImageOfPage\":{\"@id\":\"https:\/\/onlinelotto365.com\/sv\/spela\/mega-sena\/#primaryimage\"},\"image\":{\"@id\":\"https:\/\/onlinelotto365.com\/sv\/spela\/mega-sena\/#primaryimage\"},\"thumbnailUrl\":\"https:\/\/redfoxlotto.com\/image?size=8&amp;lottery=mega-sena\",\"datePublished\":\"2022-11-04T08:37:29+00:00\",\"dateModified\":\"2022-11-04T08:37:51+00:00\",\"description\":\"V\u00e5r biljettservice online g\u00f6r det enkelt f\u00f6r dig att spela Mega-Sena online.\",\"breadcrumb\":{\"@id\":\"https:\/\/onlinelotto365.com\/sv\/spela\/mega-sena\/#breadcrumb\"},\"inLanguage\":\"sv-SE\",\"potentialAction\":[{\"@type\":\"ReadAction\",\"target\":[\"https:\/\/onlinelotto365.com\/sv\/spela\/mega-sena\/\"]}]},{\"@type\":\"ImageObject\",\"inLanguage\":\"sv-SE\",\"@id\":\"https:\/\/onlinelotto365.com\/sv\/spela\/mega-sena\/#primaryimage\",\"url\":\"https:\/\/redfoxlotto.com\/image?size=8&amp;lottery=mega-sena\",\"contentUrl\":\"https:\/\/redfoxlotto.com\/image?size=8&amp;lottery=mega-sena\"},{\"@type\":\"BreadcrumbList\",\"@id\":\"https:\/\/onlinelotto365.com\/sv\/spela\/mega-sena\/#breadcrumb\",\"itemListElement\":[{\"@type\":\"ListItem\",\"position\":1,\"name\":\"Home\",\"item\":\"https:\/\/onlinelotto365.com\/sv\/\"},{\"@type\":\"ListItem\",\"position\":2,\"name\":\"Allt du beh\u00f6ver veta om dina m\u00f6jligheter att spela de b\u00e4sta lotterierna online\",\"item\":\"https:\/\/onlinelotto365.com\/sv\/spela\/\"},{\"@type\":\"ListItem\",\"position\":3,\"name\":\"Hur kan inv\u00e5nare i Sverige spela Mega-Sena online?\"}]},{\"@type\":\"WebSite\",\"@id\":\"https:\/\/onlinelotto365.com\/sv\/#website\",\"url\":\"https:\/\/onlinelotto365.com\/sv\/\",\"name\":\"OnlineLotto365\",\"description\":\"\",\"potentialAction\":[{\"@type\":\"SearchAction\",\"target\":{\"@type\":\"EntryPoint\",\"urlTemplate\":\"https:\/\/onlinelotto365.com\/sv\/?s={search_term_string}\"},\"query-input\":{\"@type\":\"PropertyValueSpecification\",\"valueRequired\":true,\"valueName\":\"search_term_string\"}}],\"inLanguage\":\"sv-SE\"}]}<\/script>\n<!-- \/ Yoast SEO plugin. -->","yoast_head_json":{"title":"Spela Mega-Sena online fr\u00e5n Sverige | Kan jag delta i Mega-Sena om jag bor i Sverige?","description":"V\u00e5r biljettservice online g\u00f6r det enkelt f\u00f6r dig att spela Mega-Sena online.","robots":{"index":"index","follow":"follow","max-snippet":"max-snippet:-1","max-image-preview":"max-image-preview:large","max-video-preview":"max-video-preview:-1"},"canonical":"https:\/\/onlinelotto365.com\/sv\/spela\/mega-sena\/","og_locale":"sv_SE","og_type":"article","og_title":"Spela Mega-Sena online fr\u00e5n Sverige | Kan jag delta i Mega-Sena om jag bor i Sverige?","og_description":"V\u00e5r biljettservice online g\u00f6r det enkelt f\u00f6r dig att spela Mega-Sena online.","og_url":"https:\/\/onlinelotto365.com\/sv\/spela\/mega-sena\/","og_site_name":"OnlineLotto365","article_modified_time":"2022-11-04T08:37:51+00:00","og_image":[{"url":"https:\/\/redfoxlotto.com\/image?size=8&amp;lottery=mega-sena"}],"twitter_card":"summary_large_image","twitter_misc":{"Ber\u00e4knad l\u00e4stid":"4 minuter"},"schema":{"@context":"https:\/\/schema.org","@graph":[{"@type":"WebPage","@id":"https:\/\/onlinelotto365.com\/sv\/spela\/mega-sena\/","url":"https:\/\/onlinelotto365.com\/sv\/spela\/mega-sena\/","name":"Spela Mega-Sena online fr\u00e5n Sverige | Kan jag delta i Mega-Sena om jag bor i Sverige?","isPartOf":{"@id":"https:\/\/onlinelotto365.com\/sv\/#website"},"primaryImageOfPage":{"@id":"https:\/\/onlinelotto365.com\/sv\/spela\/mega-sena\/#primaryimage"},"image":{"@id":"https:\/\/onlinelotto365.com\/sv\/spela\/mega-sena\/#primaryimage"},"thumbnailUrl":"https:\/\/redfoxlotto.com\/image?size=8&amp;lottery=mega-sena","datePublished":"2022-11-04T08:37:29+00:00","dateModified":"2022-11-04T08:37:51+00:00","description":"V\u00e5r biljettservice online g\u00f6r det enkelt f\u00f6r dig att spela Mega-Sena online.","breadcrumb":{"@id":"https:\/\/onlinelotto365.com\/sv\/spela\/mega-sena\/#breadcrumb"},"inLanguage":"sv-SE","potentialAction":[{"@type":"ReadAction","target":["https:\/\/onlinelotto365.com\/sv\/spela\/mega-sena\/"]}]},{"@type":"ImageObject","inLanguage":"sv-SE","@id":"https:\/\/onlinelotto365.com\/sv\/spela\/mega-sena\/#primaryimage","url":"https:\/\/redfoxlotto.com\/image?size=8&amp;lottery=mega-sena","contentUrl":"https:\/\/redfoxlotto.com\/image?size=8&amp;lottery=mega-sena"},{"@type":"BreadcrumbList","@id":"https:\/\/onlinelotto365.com\/sv\/spela\/mega-sena\/#breadcrumb","itemListElement":[{"@type":"ListItem","position":1,"name":"Home","item":"https:\/\/onlinelotto365.com\/sv\/"},{"@type":"ListItem","position":2,"name":"Allt du beh\u00f6ver veta om dina m\u00f6jligheter att spela de b\u00e4sta lotterierna online","item":"https:\/\/onlinelotto365.com\/sv\/spela\/"},{"@type":"ListItem","position":3,"name":"Hur kan inv\u00e5nare i Sverige spela Mega-Sena online?"}]},{"@type":"WebSite","@id":"https:\/\/onlinelotto365.com\/sv\/#website","url":"https:\/\/onlinelotto365.com\/sv\/","name":"OnlineLotto365","description":"","potentialAction":[{"@type":"SearchAction","target":{"@type":"EntryPoint","urlTemplate":"https:\/\/onlinelotto365.com\/sv\/?s={search_term_string}"},"query-input":{"@type":"PropertyValueSpecification","valueRequired":true,"valueName":"search_term_string"}}],"inLanguage":"sv-SE"}]}},"_links":{"self":[{"href":"https:\/\/onlinelotto365.com\/sv\/wp-json\/wp\/v2\/pages\/79428","targetHints":{"allow":["GET"]}}],"collection":[{"href":"https:\/\/onlinelotto365.com\/sv\/wp-json\/wp\/v2\/pages"}],"about":[{"href":"https:\/\/onlinelotto365.com\/sv\/wp-json\/wp\/v2\/types\/page"}],"author":[{"embeddable":true,"href":"https:\/\/onlinelotto365.com\/sv\/wp-json\/wp\/v2\/users\/1"}],"replies":[{"embeddable":true,"href":"https:\/\/onlinelotto365.com\/sv\/wp-json\/wp\/v2\/comments?post=79428"}],"version-history":[{"count":0,"href":"https:\/\/onlinelotto365.com\/sv\/wp-json\/wp\/v2\/pages\/79428\/revisions"}],"up":[{"embeddable":true,"href":"https:\/\/onlinelotto365.com\/sv\/wp-json\/wp\/v2\/pages\/5090"}],"wp:attachment":[{"href":"https:\/\/onlinelotto365.com\/sv\/wp-json\/wp\/v2\/media?parent=79428"}],"curies":[{"name":"wp","href":"https:\/\/api.w.org\/{rel}","templated":true}]}}