{"id":79460,"date":"2022-11-04T11:22:23","date_gmt":"2022-11-04T10:22:23","guid":{"rendered":"https:\/\/onlinelotto365.com\/?page_id=79460"},"modified":"2022-11-04T11:22:23","modified_gmt":"2022-11-04T10:22:23","slug":"set-for-life","status":"publish","type":"page","link":"https:\/\/onlinelotto365.com\/sv\/spela\/set-for-life\/","title":{"rendered":"\u00c4r det m\u00f6jligt att spela Set for life-lotto p\u00e5 n\u00e4tet?"},"content":{"rendered":"<p>Visste du att du med Set for Life-lotteriet kan f\u00e5 chansen att vinna 10 000 pund varje m\u00e5nad? Om du \u00e4r intresserad av att pr\u00f6va lyckan i ett lotteri \u00e4r Set for Life ett fantastiskt s\u00e4tt att b\u00f6rja. Set for Life-lotteriet \u00e4r mest k\u00e4nt f\u00f6r att vara det enda spel som l\u00e5ter dig spela nummer i sju p\u00e5 varandra f\u00f6ljande dagliga dragningar. Det betyder helt enkelt att du har m\u00e5nga chanser att vinna jackpotten varje dag i veckan.<\/p>\n<p>H\u00e4r ska vi f\u00e5 dig att f\u00e5 veta mer om Set for Life och f\u00f6rst\u00e5 varf\u00f6r m\u00e5nga m\u00e4nniskor forts\u00e4tter att spela detta lotteri.<\/p>\n<p>Set for Life organiserades av National Lottery och fick titeln att vara Storbritanniens f\u00f6rsta annuitetslotteri. Lotteriet ger spelarna en chans att vinna en m\u00e5natlig utbetalning p\u00e5 10 000 pund under en 30-\u00e5rig tidsperiod.<\/p>\n<p>Och \u00e4ven om det \u00e4r ett brittiskt lotteri kan du spela Set for life online fr\u00e5n Sverige. V\u00e5r online lottservice f\u00f6r globala lotterier g\u00f6r det m\u00f6jligt f\u00f6r spelare fr\u00e5n hela v\u00e4rlden att delta i de b\u00e4sta lotterierna med de st\u00f6rsta jackpottarna.<\/p>\n<p><a href=\"https:\/\/redfoxlotto.com\/play\/set-for-life-uk\/?ref=a8564250a2&amp;medium=ol365\" target=\"_blank\" rel=\"noopener noreferrer\"><img decoding=\"async\" class=\"aligncenter\" src=\"https:\/\/redfoxlotto.com\/image?size=8&amp;lottery=set-for-life-uk\" alt=\"&quot;Set\" \/><\/a><\/p>\n<p>&nbsp;<\/p>\n<h2>Om Set for life lotto<\/h2>\n<ul>\n<li>Land: Sverige<\/li>\n<li>Huvudnummersortiment: 45<\/li>\n<li>Du v\u00e4ljer: 5<\/li>\n<li>Extra nummer: 10<\/li>\n<li>Du v\u00e4ljer: 1<\/li>\n<li>Dragningsdagar, timmar: M\u00e5ndag, torsdag, 20:00 GMT, 21:00 CET<\/li>\n<li>Minsta jackpot: ingen<\/li>\n<li>H\u00f6gsta jackpot: ingen<\/li>\n<li>Sannolikhet att vinna jackpotten: 1 p\u00e5 15 339 390.<\/li>\n<li>Sannolikhet f\u00f6r en vinst i niv\u00e5 2: 1 p\u00e5 1.704.377<\/li>\n<li>Sannolikhet att vinna i n\u00e5gon niv\u00e5: 1 p\u00e5 12,4<\/li>\n<li>Antal vinstniv\u00e5er: 8<\/li>\n<\/ul>\n<p>Liksom andra lotterier i Storbritannien \u00e4r Set for Life ett dragningsspel. Om du spelar lotteriet m\u00e5ste du v\u00e4lja fem nummer fr\u00e5n gissningsintervallet 1 till 47, inklusive ett &#8221;livsbollen&#8221;-nummer fr\u00e5n 1 till 10. N\u00e4r dina fem nummer och life ball-numret v\u00e4ljs har du chans att vinna en total jackpot p\u00e5 10 000 pund varje m\u00e5nad.<\/p>\n<h2>Set for Life-dragning<\/h2>\n<p>Set for Life-lotteriet p\u00e5g\u00e5r varje m\u00e5ndag och torsdag, och i Storbritannien kan spelarna k\u00f6pa lotter i sin lokala lottoaff\u00e4r. Dragningen avslutas klockan 21.00 \u00d6ST varje kv\u00e4ll. De senaste resultaten av Set for Life finns vanligtvis tillg\u00e4ngliga p\u00e5 dragningsdagen, som \u00e4r 21:45 GMT. Observera att utdelningarna f\u00f6r varje spel uppdateras kort efter dragningen. Dessutom \u00e4r utdelningsuppdateringar vanligtvis tillg\u00e4ngliga f\u00f6r allm\u00e4nheten morgonen efter lottodragningen.<\/p>\n<h2>Hur man vinner Set for Life Lottery<\/h2>\n<p>Set for Life-lotteriets f\u00f6rsta pris erbjuder en m\u00e5natlig utbetalning p\u00e5 10 000 pund och fyra spelare har chans att vinna priset i varje dragning. F\u00f6r att du ska kunna vinna jackpottpriset m\u00e5ste dina nummer matcha de \u00e5tta vinnande numren under den enskilda setten. Det inneb\u00e4r att det finns totalt \u00e5tta priskategorier i Set for Life-lotteriet. Du har chans att vinna ett pris med fyra vinnande nummer, inklusive ett bonusnummer i varje upps\u00e4ttning.<br \/>\n<img loading=\"lazy\" decoding=\"async\" class=\"size-full wp-image-1477 alignright\" src=\"https:\/\/onlinelotto365.com\/wp-content\/uploads\/2020\/11\/online_lottery-128.jpg\" alt=\"spela set for life lotto\" width=\"212\" height=\"142\" \/><\/p>\n<p>Set for Life erbjuder gynnsamma odds f\u00f6r att vinna jackpotten. Till exempel ger andra priser som kr\u00e4ver en matchning av ett eller flera nummer dig en chans p\u00e5 1 p\u00e5 12 att vinna \u00e4ven det skulle bara vara 5 pund.<\/p>\n<p>S\u00e5 om du kan k\u00e4nna din tur \u00e4r det v\u00e4rt att satsa p\u00e5 en Set for Life-biljett! Vi ger dig ett brett utbud av internationella lotterier som du kan spela fr\u00e5n Sverige, f\u00f6r jackpottar med hundratals miljoner i vinst.<\/p>\n","protected":false},"excerpt":{"rendered":"<p>Visste du att du med Set for Life-lotteriet kan f\u00e5 chansen att vinna 10 000 pund varje m\u00e5nad? Om du \u00e4r intresserad av att pr\u00f6va lyckan i ett lotteri \u00e4r Set for Life ett fantastiskt s\u00e4tt att b\u00f6rja. Set for Life-lotteriet \u00e4r mest k\u00e4nt f\u00f6r att vara det enda spel som l\u00e5ter dig spela nummer [&hellip;]<\/p>\n","protected":false},"author":1,"featured_media":0,"parent":5090,"menu_order":10,"comment_status":"closed","ping_status":"closed","template":"set-for-life.php","meta":{"_et_pb_use_builder":"","_et_pb_old_content":"","_et_gb_content_width":"","exclude_from_search":false,"footnotes":""},"class_list":["post-79460","page","type-page","status-publish","hentry"],"yoast_head":"<!-- This site is optimized with the Yoast SEO plugin v23.4 - https:\/\/yoast.com\/wordpress\/plugins\/seo\/ -->\n<title>Hur man spelar Set for life lotto online fr\u00e5n Sverige<\/title>\n<meta name=\"description\" content=\"K\u00f6p online biljetter f\u00f6r Set for life lotto om du \u00e4r baserad i Sverige.\" \/>\n<meta name=\"robots\" content=\"index, follow, max-snippet:-1, max-image-preview:large, max-video-preview:-1\" \/>\n<link rel=\"canonical\" href=\"https:\/\/onlinelotto365.com\/sv\/spela\/set-for-life\/\" \/>\n<meta property=\"og:locale\" content=\"sv_SE\" \/>\n<meta property=\"og:type\" content=\"article\" \/>\n<meta property=\"og:title\" content=\"Hur man spelar Set for life lotto online fr\u00e5n Sverige\" \/>\n<meta property=\"og:description\" content=\"K\u00f6p online biljetter f\u00f6r Set for life lotto om du \u00e4r baserad i Sverige.\" \/>\n<meta property=\"og:url\" content=\"https:\/\/onlinelotto365.com\/sv\/spela\/set-for-life\/\" \/>\n<meta property=\"og:site_name\" content=\"OnlineLotto365\" \/>\n<meta property=\"og:image\" content=\"https:\/\/redfoxlotto.com\/image?size=8&amp;lottery=set-for-life-uk\" \/>\n<meta name=\"twitter:card\" content=\"summary_large_image\" \/>\n<meta name=\"twitter:label1\" content=\"Ber\u00e4knad l\u00e4stid\" \/>\n\t<meta name=\"twitter:data1\" content=\"3 minuter\" \/>\n<script type=\"application\/ld+json\" class=\"yoast-schema-graph\">{\"@context\":\"https:\/\/schema.org\",\"@graph\":[{\"@type\":\"WebPage\",\"@id\":\"https:\/\/onlinelotto365.com\/sv\/spela\/set-for-life\/\",\"url\":\"https:\/\/onlinelotto365.com\/sv\/spela\/set-for-life\/\",\"name\":\"Hur man spelar Set for life lotto online fr\u00e5n Sverige\",\"isPartOf\":{\"@id\":\"https:\/\/onlinelotto365.com\/sv\/#website\"},\"primaryImageOfPage\":{\"@id\":\"https:\/\/onlinelotto365.com\/sv\/spela\/set-for-life\/#primaryimage\"},\"image\":{\"@id\":\"https:\/\/onlinelotto365.com\/sv\/spela\/set-for-life\/#primaryimage\"},\"thumbnailUrl\":\"https:\/\/redfoxlotto.com\/image?size=8&amp;lottery=set-for-life-uk\",\"datePublished\":\"2022-11-04T10:22:23+00:00\",\"dateModified\":\"2022-11-04T10:22:23+00:00\",\"description\":\"K\u00f6p online biljetter f\u00f6r Set for life lotto om du \u00e4r baserad i Sverige.\",\"breadcrumb\":{\"@id\":\"https:\/\/onlinelotto365.com\/sv\/spela\/set-for-life\/#breadcrumb\"},\"inLanguage\":\"sv-SE\",\"potentialAction\":[{\"@type\":\"ReadAction\",\"target\":[\"https:\/\/onlinelotto365.com\/sv\/spela\/set-for-life\/\"]}]},{\"@type\":\"ImageObject\",\"inLanguage\":\"sv-SE\",\"@id\":\"https:\/\/onlinelotto365.com\/sv\/spela\/set-for-life\/#primaryimage\",\"url\":\"https:\/\/redfoxlotto.com\/image?size=8&amp;lottery=set-for-life-uk\",\"contentUrl\":\"https:\/\/redfoxlotto.com\/image?size=8&amp;lottery=set-for-life-uk\"},{\"@type\":\"BreadcrumbList\",\"@id\":\"https:\/\/onlinelotto365.com\/sv\/spela\/set-for-life\/#breadcrumb\",\"itemListElement\":[{\"@type\":\"ListItem\",\"position\":1,\"name\":\"Home\",\"item\":\"https:\/\/onlinelotto365.com\/sv\/\"},{\"@type\":\"ListItem\",\"position\":2,\"name\":\"Allt du beh\u00f6ver veta om dina m\u00f6jligheter att spela de b\u00e4sta lotterierna online\",\"item\":\"https:\/\/onlinelotto365.com\/sv\/spela\/\"},{\"@type\":\"ListItem\",\"position\":3,\"name\":\"\u00c4r det m\u00f6jligt att spela Set for life-lotto p\u00e5 n\u00e4tet?\"}]},{\"@type\":\"WebSite\",\"@id\":\"https:\/\/onlinelotto365.com\/sv\/#website\",\"url\":\"https:\/\/onlinelotto365.com\/sv\/\",\"name\":\"OnlineLotto365\",\"description\":\"\",\"potentialAction\":[{\"@type\":\"SearchAction\",\"target\":{\"@type\":\"EntryPoint\",\"urlTemplate\":\"https:\/\/onlinelotto365.com\/sv\/?s={search_term_string}\"},\"query-input\":{\"@type\":\"PropertyValueSpecification\",\"valueRequired\":true,\"valueName\":\"search_term_string\"}}],\"inLanguage\":\"sv-SE\"}]}<\/script>\n<!-- \/ Yoast SEO plugin. -->","yoast_head_json":{"title":"Hur man spelar Set for life lotto online fr\u00e5n Sverige","description":"K\u00f6p online biljetter f\u00f6r Set for life lotto om du \u00e4r baserad i Sverige.","robots":{"index":"index","follow":"follow","max-snippet":"max-snippet:-1","max-image-preview":"max-image-preview:large","max-video-preview":"max-video-preview:-1"},"canonical":"https:\/\/onlinelotto365.com\/sv\/spela\/set-for-life\/","og_locale":"sv_SE","og_type":"article","og_title":"Hur man spelar Set for life lotto online fr\u00e5n Sverige","og_description":"K\u00f6p online biljetter f\u00f6r Set for life lotto om du \u00e4r baserad i Sverige.","og_url":"https:\/\/onlinelotto365.com\/sv\/spela\/set-for-life\/","og_site_name":"OnlineLotto365","og_image":[{"url":"https:\/\/redfoxlotto.com\/image?size=8&amp;lottery=set-for-life-uk"}],"twitter_card":"summary_large_image","twitter_misc":{"Ber\u00e4knad l\u00e4stid":"3 minuter"},"schema":{"@context":"https:\/\/schema.org","@graph":[{"@type":"WebPage","@id":"https:\/\/onlinelotto365.com\/sv\/spela\/set-for-life\/","url":"https:\/\/onlinelotto365.com\/sv\/spela\/set-for-life\/","name":"Hur man spelar Set for life lotto online fr\u00e5n Sverige","isPartOf":{"@id":"https:\/\/onlinelotto365.com\/sv\/#website"},"primaryImageOfPage":{"@id":"https:\/\/onlinelotto365.com\/sv\/spela\/set-for-life\/#primaryimage"},"image":{"@id":"https:\/\/onlinelotto365.com\/sv\/spela\/set-for-life\/#primaryimage"},"thumbnailUrl":"https:\/\/redfoxlotto.com\/image?size=8&amp;lottery=set-for-life-uk","datePublished":"2022-11-04T10:22:23+00:00","dateModified":"2022-11-04T10:22:23+00:00","description":"K\u00f6p online biljetter f\u00f6r Set for life lotto om du \u00e4r baserad i Sverige.","breadcrumb":{"@id":"https:\/\/onlinelotto365.com\/sv\/spela\/set-for-life\/#breadcrumb"},"inLanguage":"sv-SE","potentialAction":[{"@type":"ReadAction","target":["https:\/\/onlinelotto365.com\/sv\/spela\/set-for-life\/"]}]},{"@type":"ImageObject","inLanguage":"sv-SE","@id":"https:\/\/onlinelotto365.com\/sv\/spela\/set-for-life\/#primaryimage","url":"https:\/\/redfoxlotto.com\/image?size=8&amp;lottery=set-for-life-uk","contentUrl":"https:\/\/redfoxlotto.com\/image?size=8&amp;lottery=set-for-life-uk"},{"@type":"BreadcrumbList","@id":"https:\/\/onlinelotto365.com\/sv\/spela\/set-for-life\/#breadcrumb","itemListElement":[{"@type":"ListItem","position":1,"name":"Home","item":"https:\/\/onlinelotto365.com\/sv\/"},{"@type":"ListItem","position":2,"name":"Allt du beh\u00f6ver veta om dina m\u00f6jligheter att spela de b\u00e4sta lotterierna online","item":"https:\/\/onlinelotto365.com\/sv\/spela\/"},{"@type":"ListItem","position":3,"name":"\u00c4r det m\u00f6jligt att spela Set for life-lotto p\u00e5 n\u00e4tet?"}]},{"@type":"WebSite","@id":"https:\/\/onlinelotto365.com\/sv\/#website","url":"https:\/\/onlinelotto365.com\/sv\/","name":"OnlineLotto365","description":"","potentialAction":[{"@type":"SearchAction","target":{"@type":"EntryPoint","urlTemplate":"https:\/\/onlinelotto365.com\/sv\/?s={search_term_string}"},"query-input":{"@type":"PropertyValueSpecification","valueRequired":true,"valueName":"search_term_string"}}],"inLanguage":"sv-SE"}]}},"_links":{"self":[{"href":"https:\/\/onlinelotto365.com\/sv\/wp-json\/wp\/v2\/pages\/79460","targetHints":{"allow":["GET"]}}],"collection":[{"href":"https:\/\/onlinelotto365.com\/sv\/wp-json\/wp\/v2\/pages"}],"about":[{"href":"https:\/\/onlinelotto365.com\/sv\/wp-json\/wp\/v2\/types\/page"}],"author":[{"embeddable":true,"href":"https:\/\/onlinelotto365.com\/sv\/wp-json\/wp\/v2\/users\/1"}],"replies":[{"embeddable":true,"href":"https:\/\/onlinelotto365.com\/sv\/wp-json\/wp\/v2\/comments?post=79460"}],"version-history":[{"count":0,"href":"https:\/\/onlinelotto365.com\/sv\/wp-json\/wp\/v2\/pages\/79460\/revisions"}],"up":[{"embeddable":true,"href":"https:\/\/onlinelotto365.com\/sv\/wp-json\/wp\/v2\/pages\/5090"}],"wp:attachment":[{"href":"https:\/\/onlinelotto365.com\/sv\/wp-json\/wp\/v2\/media?parent=79460"}],"curies":[{"name":"wp","href":"https:\/\/api.w.org\/{rel}","templated":true}]}}