{"id":79495,"date":"2022-11-04T13:22:51","date_gmt":"2022-11-04T12:22:51","guid":{"rendered":"https:\/\/onlinelotto365.com\/?page_id=79495"},"modified":"2022-11-04T13:22:51","modified_gmt":"2022-11-04T12:22:51","slug":"uk-lottery","status":"publish","type":"page","link":"https:\/\/onlinelotto365.com\/sv\/spela\/uk-lottery\/","title":{"rendered":"Hur kan inv\u00e5nare i Sverige spela UK Lottery online?"},"content":{"rendered":"<h2>Om UK Lottery<\/h2>\n<p>Med sex nummer att v\u00e4lja bland 59 och inga ytterligare nummer \u00e4r oddsen att vinna okej j\u00e4mf\u00f6rt med Powerball eller Mega Millions. Om du har 5 av 6 nummer r\u00e4tt f\u00e5r du garanterat 2,5 miljoner brittiska pund, och om du har alla sex nummer r\u00e4tt vinner du jackpotten. Om du inte bor i Storbritannien \u00e4r det enda s\u00e4ttet att delta att spela online via v\u00e5r tj\u00e4nst.<\/p>\n<ul>\n<li>Land: UK<\/li>\n<li>Huvudnummersortiment: 59<\/li>\n<li>Du v\u00e4ljer: 6<\/li>\n<li>Extra nummer: inga<\/li>\n<li>Du v\u00e4ljer: inga<\/li>\n<li>Dragningsdagar, timmar: Onsdag, l\u00f6rdag 19:30 UTC, 19:30 CET<\/li>\n<li>Minsta jackpot: Minsta jackpot: 2,5 miljoner pund sterling<\/li>\n<li>H\u00f6gsta jackpotten: GBP 22 miljoner<\/li>\n<li>Sannolikhet att vinna jackpotten: 1 p\u00e5 45 057 474.<\/li>\n<li>Sannolikhet f\u00f6r en vinst i niv\u00e5 2: 1 p\u00e5 7.509.579<\/li>\n<li>Sannolikhet att vinna i alla niv\u00e5er: 1 p\u00e5 9,27<\/li>\n<li>Antal vinstniv\u00e5er: 6<\/li>\n<\/ul>\n<p>&nbsp;<\/p>\n<h2>Varf\u00f6r \u00e4r jackpottarna p\u00e5 brittiska lotterier vanligtvis ganska l\u00e5ga?<\/h2>\n<p><a href=\"https:\/\/redfoxlotto.com\/play\/lotto-uk\/?ref=a8564250a2&amp;medium=ol365\" target=\"_blank\" rel=\"noopener noreferrer\"><img loading=\"lazy\" decoding=\"async\" class=\"aligncenter\" src=\"https:\/\/redfoxlotto.com\/image?size=8&amp;lottery=lotto-uk\" alt=\"UK lotteri\" width=\"720\" height=\"90\" \/><\/a><\/p>\n<p>Jo, p\u00e5 grund av det enkla faktum att jackpotten f\u00f6r det brittiska lotteriet endast kan rullas \u00f6ver 5 g\u00e5nger. Efter det kan jackpotten vinnas genom att bara ha 5 av<br \/>\nsex nummer p\u00e5 din lottolott. Med tanke p\u00e5 denna regel skulle det vara vettigt att spela detta lotteri varje g\u00e5ng jackpotten inte har vunnits fem g\u00e5nger i rad. D\u00e5 f\u00e5r du mycket b\u00e4ttre chanser att vinna h\u00f6gsta vinsten. Den h\u00f6gsta vinsten b\u00f6r vara tillr\u00e4ckligt stor f\u00f6r att f\u00f6rs\u00e4tta dig i en situation d\u00e4r du inte beh\u00f6ver oroa dig f\u00f6r pengar resten av ditt liv.<\/p>\n<p>Det finns dock en god chans att jackpotten efter fem rullningar m\u00e5ste delas mellan flera vinnare. Med de l\u00e4gre oddsen och fler som spelar kan det finnas fler \u00e4n en vinnare f\u00f6r den andra vinstniv\u00e5n.<\/p>\n<h2>Vill du inte dela upp jackpotten?<\/h2>\n<p>Det finns en lotteristrategi f\u00f6r att undvika att dela upp f\u00f6rstapriset: v\u00e4lj en kombination av nummer som verkar mindre trolig att \u00e4ven andra spelare v\u00e4ljer den. Anv\u00e4nd till exempel f\u00e4rre nummer mellan 1 och 31 (det finns f\u00f6r m\u00e5nga spelare som anv\u00e4nder f\u00f6delsedata som sina lyckonummer) eller anv\u00e4nd tre nummer mellan 30 och 40 och tre nummer mellan 50 och 56. Anv\u00e4nd din fantasi f\u00f6r att hitta p\u00e5 fler &#8221;udda&#8221; nummer.<\/p>\n","protected":false},"excerpt":{"rendered":"<p>Om UK Lottery Med sex nummer att v\u00e4lja bland 59 och inga ytterligare nummer \u00e4r oddsen att vinna okej j\u00e4mf\u00f6rt med Powerball eller Mega Millions. Om du har 5 av 6 nummer r\u00e4tt f\u00e5r du garanterat 2,5 miljoner brittiska pund, och om du har alla sex nummer r\u00e4tt vinner du jackpotten. Om du inte bor [&hellip;]<\/p>\n","protected":false},"author":1,"featured_media":0,"parent":5090,"menu_order":9,"comment_status":"closed","ping_status":"closed","template":"lotto-uk.php","meta":{"_et_pb_use_builder":"","_et_pb_old_content":"","_et_gb_content_width":"","exclude_from_search":false,"footnotes":""},"class_list":["post-79495","page","type-page","status-publish","hentry"],"yoast_head":"<!-- This site is optimized with the Yoast SEO plugin v23.4 - https:\/\/yoast.com\/wordpress\/plugins\/seo\/ -->\n<title>Spela UK Lottery online fr\u00e5n Sverige | Kan jag delta i UK Lotto om jag bor i Sverige?<\/title>\n<meta name=\"description\" content=\"Det \u00e4r enkelt att delta i UK Lottery fr\u00e5n andra l\u00e4nder som Sverige med v\u00e5r onlinetj\u00e4nst.\" \/>\n<meta name=\"robots\" content=\"index, follow, max-snippet:-1, max-image-preview:large, max-video-preview:-1\" \/>\n<link rel=\"canonical\" href=\"https:\/\/onlinelotto365.com\/sv\/spela\/uk-lottery\/\" \/>\n<meta property=\"og:locale\" content=\"sv_SE\" \/>\n<meta property=\"og:type\" content=\"article\" \/>\n<meta property=\"og:title\" content=\"Spela UK Lottery online fr\u00e5n Sverige | Kan jag delta i UK Lotto om jag bor i Sverige?\" \/>\n<meta property=\"og:description\" content=\"Det \u00e4r enkelt att delta i UK Lottery fr\u00e5n andra l\u00e4nder som Sverige med v\u00e5r onlinetj\u00e4nst.\" \/>\n<meta property=\"og:url\" content=\"https:\/\/onlinelotto365.com\/sv\/spela\/uk-lottery\/\" \/>\n<meta property=\"og:site_name\" content=\"OnlineLotto365\" \/>\n<meta property=\"og:image\" content=\"https:\/\/redfoxlotto.com\/image?size=8&amp;lottery=lotto-uk\" \/>\n<meta name=\"twitter:card\" content=\"summary_large_image\" \/>\n<meta name=\"twitter:label1\" content=\"Ber\u00e4knad l\u00e4stid\" \/>\n\t<meta name=\"twitter:data1\" content=\"2 minuter\" \/>\n<script type=\"application\/ld+json\" class=\"yoast-schema-graph\">{\"@context\":\"https:\/\/schema.org\",\"@graph\":[{\"@type\":\"WebPage\",\"@id\":\"https:\/\/onlinelotto365.com\/sv\/spela\/uk-lottery\/\",\"url\":\"https:\/\/onlinelotto365.com\/sv\/spela\/uk-lottery\/\",\"name\":\"Spela UK Lottery online fr\u00e5n Sverige | Kan jag delta i UK Lotto om jag bor i Sverige?\",\"isPartOf\":{\"@id\":\"https:\/\/onlinelotto365.com\/sv\/#website\"},\"primaryImageOfPage\":{\"@id\":\"https:\/\/onlinelotto365.com\/sv\/spela\/uk-lottery\/#primaryimage\"},\"image\":{\"@id\":\"https:\/\/onlinelotto365.com\/sv\/spela\/uk-lottery\/#primaryimage\"},\"thumbnailUrl\":\"https:\/\/redfoxlotto.com\/image?size=8&amp;lottery=lotto-uk\",\"datePublished\":\"2022-11-04T12:22:51+00:00\",\"dateModified\":\"2022-11-04T12:22:51+00:00\",\"description\":\"Det \u00e4r enkelt att delta i UK Lottery fr\u00e5n andra l\u00e4nder som Sverige med v\u00e5r onlinetj\u00e4nst.\",\"breadcrumb\":{\"@id\":\"https:\/\/onlinelotto365.com\/sv\/spela\/uk-lottery\/#breadcrumb\"},\"inLanguage\":\"sv-SE\",\"potentialAction\":[{\"@type\":\"ReadAction\",\"target\":[\"https:\/\/onlinelotto365.com\/sv\/spela\/uk-lottery\/\"]}]},{\"@type\":\"ImageObject\",\"inLanguage\":\"sv-SE\",\"@id\":\"https:\/\/onlinelotto365.com\/sv\/spela\/uk-lottery\/#primaryimage\",\"url\":\"https:\/\/redfoxlotto.com\/image?size=8&amp;lottery=lotto-uk\",\"contentUrl\":\"https:\/\/redfoxlotto.com\/image?size=8&amp;lottery=lotto-uk\"},{\"@type\":\"BreadcrumbList\",\"@id\":\"https:\/\/onlinelotto365.com\/sv\/spela\/uk-lottery\/#breadcrumb\",\"itemListElement\":[{\"@type\":\"ListItem\",\"position\":1,\"name\":\"Home\",\"item\":\"https:\/\/onlinelotto365.com\/sv\/\"},{\"@type\":\"ListItem\",\"position\":2,\"name\":\"Allt du beh\u00f6ver veta om dina m\u00f6jligheter att spela de b\u00e4sta lotterierna online\",\"item\":\"https:\/\/onlinelotto365.com\/sv\/spela\/\"},{\"@type\":\"ListItem\",\"position\":3,\"name\":\"Hur kan inv\u00e5nare i Sverige spela UK Lottery online?\"}]},{\"@type\":\"WebSite\",\"@id\":\"https:\/\/onlinelotto365.com\/sv\/#website\",\"url\":\"https:\/\/onlinelotto365.com\/sv\/\",\"name\":\"OnlineLotto365\",\"description\":\"\",\"potentialAction\":[{\"@type\":\"SearchAction\",\"target\":{\"@type\":\"EntryPoint\",\"urlTemplate\":\"https:\/\/onlinelotto365.com\/sv\/?s={search_term_string}\"},\"query-input\":{\"@type\":\"PropertyValueSpecification\",\"valueRequired\":true,\"valueName\":\"search_term_string\"}}],\"inLanguage\":\"sv-SE\"}]}<\/script>\n<!-- \/ Yoast SEO plugin. -->","yoast_head_json":{"title":"Spela UK Lottery online fr\u00e5n Sverige | Kan jag delta i UK Lotto om jag bor i Sverige?","description":"Det \u00e4r enkelt att delta i UK Lottery fr\u00e5n andra l\u00e4nder som Sverige med v\u00e5r onlinetj\u00e4nst.","robots":{"index":"index","follow":"follow","max-snippet":"max-snippet:-1","max-image-preview":"max-image-preview:large","max-video-preview":"max-video-preview:-1"},"canonical":"https:\/\/onlinelotto365.com\/sv\/spela\/uk-lottery\/","og_locale":"sv_SE","og_type":"article","og_title":"Spela UK Lottery online fr\u00e5n Sverige | Kan jag delta i UK Lotto om jag bor i Sverige?","og_description":"Det \u00e4r enkelt att delta i UK Lottery fr\u00e5n andra l\u00e4nder som Sverige med v\u00e5r onlinetj\u00e4nst.","og_url":"https:\/\/onlinelotto365.com\/sv\/spela\/uk-lottery\/","og_site_name":"OnlineLotto365","og_image":[{"url":"https:\/\/redfoxlotto.com\/image?size=8&amp;lottery=lotto-uk"}],"twitter_card":"summary_large_image","twitter_misc":{"Ber\u00e4knad l\u00e4stid":"2 minuter"},"schema":{"@context":"https:\/\/schema.org","@graph":[{"@type":"WebPage","@id":"https:\/\/onlinelotto365.com\/sv\/spela\/uk-lottery\/","url":"https:\/\/onlinelotto365.com\/sv\/spela\/uk-lottery\/","name":"Spela UK Lottery online fr\u00e5n Sverige | Kan jag delta i UK Lotto om jag bor i Sverige?","isPartOf":{"@id":"https:\/\/onlinelotto365.com\/sv\/#website"},"primaryImageOfPage":{"@id":"https:\/\/onlinelotto365.com\/sv\/spela\/uk-lottery\/#primaryimage"},"image":{"@id":"https:\/\/onlinelotto365.com\/sv\/spela\/uk-lottery\/#primaryimage"},"thumbnailUrl":"https:\/\/redfoxlotto.com\/image?size=8&amp;lottery=lotto-uk","datePublished":"2022-11-04T12:22:51+00:00","dateModified":"2022-11-04T12:22:51+00:00","description":"Det \u00e4r enkelt att delta i UK Lottery fr\u00e5n andra l\u00e4nder som Sverige med v\u00e5r onlinetj\u00e4nst.","breadcrumb":{"@id":"https:\/\/onlinelotto365.com\/sv\/spela\/uk-lottery\/#breadcrumb"},"inLanguage":"sv-SE","potentialAction":[{"@type":"ReadAction","target":["https:\/\/onlinelotto365.com\/sv\/spela\/uk-lottery\/"]}]},{"@type":"ImageObject","inLanguage":"sv-SE","@id":"https:\/\/onlinelotto365.com\/sv\/spela\/uk-lottery\/#primaryimage","url":"https:\/\/redfoxlotto.com\/image?size=8&amp;lottery=lotto-uk","contentUrl":"https:\/\/redfoxlotto.com\/image?size=8&amp;lottery=lotto-uk"},{"@type":"BreadcrumbList","@id":"https:\/\/onlinelotto365.com\/sv\/spela\/uk-lottery\/#breadcrumb","itemListElement":[{"@type":"ListItem","position":1,"name":"Home","item":"https:\/\/onlinelotto365.com\/sv\/"},{"@type":"ListItem","position":2,"name":"Allt du beh\u00f6ver veta om dina m\u00f6jligheter att spela de b\u00e4sta lotterierna online","item":"https:\/\/onlinelotto365.com\/sv\/spela\/"},{"@type":"ListItem","position":3,"name":"Hur kan inv\u00e5nare i Sverige spela UK Lottery online?"}]},{"@type":"WebSite","@id":"https:\/\/onlinelotto365.com\/sv\/#website","url":"https:\/\/onlinelotto365.com\/sv\/","name":"OnlineLotto365","description":"","potentialAction":[{"@type":"SearchAction","target":{"@type":"EntryPoint","urlTemplate":"https:\/\/onlinelotto365.com\/sv\/?s={search_term_string}"},"query-input":{"@type":"PropertyValueSpecification","valueRequired":true,"valueName":"search_term_string"}}],"inLanguage":"sv-SE"}]}},"_links":{"self":[{"href":"https:\/\/onlinelotto365.com\/sv\/wp-json\/wp\/v2\/pages\/79495","targetHints":{"allow":["GET"]}}],"collection":[{"href":"https:\/\/onlinelotto365.com\/sv\/wp-json\/wp\/v2\/pages"}],"about":[{"href":"https:\/\/onlinelotto365.com\/sv\/wp-json\/wp\/v2\/types\/page"}],"author":[{"embeddable":true,"href":"https:\/\/onlinelotto365.com\/sv\/wp-json\/wp\/v2\/users\/1"}],"replies":[{"embeddable":true,"href":"https:\/\/onlinelotto365.com\/sv\/wp-json\/wp\/v2\/comments?post=79495"}],"version-history":[{"count":0,"href":"https:\/\/onlinelotto365.com\/sv\/wp-json\/wp\/v2\/pages\/79495\/revisions"}],"up":[{"embeddable":true,"href":"https:\/\/onlinelotto365.com\/sv\/wp-json\/wp\/v2\/pages\/5090"}],"wp:attachment":[{"href":"https:\/\/onlinelotto365.com\/sv\/wp-json\/wp\/v2\/media?parent=79495"}],"curies":[{"name":"wp","href":"https:\/\/api.w.org\/{rel}","templated":true}]}}