{"id":79531,"date":"2022-11-07T08:59:10","date_gmt":"2022-11-07T07:59:10","guid":{"rendered":"https:\/\/onlinelotto365.com\/?page_id=79531"},"modified":"2022-11-07T08:59:27","modified_gmt":"2022-11-07T07:59:27","slug":"superenalotto","status":"publish","type":"page","link":"https:\/\/onlinelotto365.com\/sv\/spela\/superenalotto\/","title":{"rendered":"F\u00e5 dina Superenalotto biljetter var som helst"},"content":{"rendered":"<p>I \u00e5ratal har m\u00e4nniskor l\u00e4ngtat efter att f\u00e5 spela lotterier i andra delar av v\u00e4rlden. Utmaningen har dock inte varit att olika lotterier inte vill acceptera internationella lottospelare. Det har varit att man fysiskt m\u00e5ste befinna sig i det land eller den region som lotteriet h\u00e5lls i f\u00f6r att kunna spela ordentligt.<\/p>\n<p>Till att b\u00f6rja med m\u00e5ste du bes\u00f6ka en lottohandlare som s\u00e4ljer det lotto du vill k\u00f6pa lotter till. Det inneb\u00e4r allts\u00e5 att du m\u00e5ste vara i landet, inte bara en g\u00e5ng, utan varje g\u00e5ng du vill k\u00f6pa lotter. Det inneb\u00e4r allts\u00e5 att du m\u00e5ste g\u00f6ra en resa fr\u00e5n Sverige till Italien f\u00f6r att k\u00f6pa lotter till de tre dragningar som Superenalotto genomf\u00f6r varje vecka.<\/p>\n<p>Du m\u00e5ste allts\u00e5 antingen flytta dit eller anlita n\u00e5gon i Italien f\u00f6r att g\u00f6ra det \u00e5t dig. Det \u00e4r helt enkelt inte n\u00e5got som vi \u00e4r kapabla att g\u00f6ra. N\u00e4r du \u00e4nd\u00e5 h\u00e5ller p\u00e5, skulle du beh\u00f6va anst\u00e4lla folk i alla andra l\u00e4nder som har stora lotterier f\u00f6r att g\u00f6ra dina bud \u00e5t dig. Det skulle kosta en f\u00f6rm\u00f6genhet.<\/p>\n<p><a href=\"https:\/\/redfoxlotto.com\/play\/superenalotto\/?ref=a8564250a2&amp;medium=ol365\" target=\"_blank\" rel=\"noopener noreferrer\"><img decoding=\"async\" class=\"aligncenter\" src=\"https:\/\/redfoxlotto.com\/image?size=8&amp;lottery=superenalotto\" alt=\"superenalotto\" \/><\/a><\/p>\n<p>Men det finns ett bra alternativ nu &#8211; det \u00e4r bara att spela online h\u00e4r p\u00e5 v\u00e5r webbplats!<\/p>\n<h2>Vi har alla dina behov av lotto t\u00e4ckta<\/h2>\n<p>Vi har koll p\u00e5 hur vi ska f\u00e5 dig att vara med i spelet med Superenalotto ut\u00f6ver alla andra stora lotterier i v\u00e4rlden. Du k\u00f6per helt enkelt vilka lotter du vill ha fr\u00e5n oss online och fr\u00e5n Sverige, s\u00e5 sk\u00f6ter vi resten \u00e5t dig.<\/p>\n<p>Vi k\u00f6per lotterna f\u00f6r din r\u00e4kning och till skillnad fr\u00e5n vanliga lotter som kan l\u00f6sas in av den som innehar dem, s\u00e5 beh\u00e5ller vi dem \u00e5t dig. Sedan \u00f6vervakar vi dragningarna \u00e5t dig s\u00e5 att du inte beh\u00f6ver g\u00f6ra det om du inte vill, och meddelar dig varje g\u00e5ng du vinner.<\/p>\n<h2>Mer information om Superenalotto<\/h2>\n<ul>\n<li>Lotteriet h\u00e5lls d\u00e4r: Italien<\/li>\n<li>Hur m\u00e5nga huvudnummer att v\u00e4lja mellan: 90<\/li>\n<li>Du m\u00e5ste v\u00e4lja: 6<\/li>\n<li>Hur m\u00e5nga extra nummer att v\u00e4lja mellan: inga<\/li>\n<li>Du m\u00e5ste v\u00e4lja: inga<\/li>\n<li>Dra dagar, timmar: T\u00e4vlingsdagar: tisdag, torsdag, l\u00f6rdag, 19:00 GMT, 21:00 CET<\/li>\n<li>Minsta jackpot: 2 miljoner euro<\/li>\n<li>H\u00f6gsta jackpottbelopp: inget<\/li>\n<li>M\u00f6jlig nummerkombination f\u00f6r en jackpotvinst: 1 p\u00e5 622.614.630<\/li>\n<li>M\u00f6jlig nummerkombination f\u00f6r en vinst i niv\u00e5 2: 1 p\u00e5 103.769.105<\/li>\n<li>Sannolikhet att vinna i alla niv\u00e5er: 1 p\u00e5 20,58<\/li>\n<li>Hur m\u00e5nga vinstniv\u00e5er: v<\/li>\n<\/ul>\n<p>F\u00f6r att spela Superenalotto v\u00e4ljer du 6 nummer av totalt 90 m\u00f6jliga nummer. Du m\u00e5ste ocks\u00e5 v\u00e4lja vad de kallar ett Jolly-nummer bland de 90 ocks\u00e5.<\/p>\n<p>F\u00f6r att vinna jackpotten m\u00e5ste du matcha alla dina 6 vanliga nummer. Om du matchar 5 plus Jolly-numret vinner du den andra vinsten. 5 nummer utan Jolly-numret ger dig en utbetalning p\u00e5 tredje plats, 4 korrekta nummer ger dig fj\u00e4rde plats och bara 3 nummer ger dig ocks\u00e5 en utbetalning.<\/p>\n<p>Dragningar h\u00e5lls tre g\u00e5nger i veckan, p\u00e5 tisdagar, torsdagar och l\u00f6rdagar klockan 20.00 italiensk tid. Vi ger dig en l\u00f6pande nedr\u00e4kning till n\u00e4sta dragning f\u00f6r Superenalotto ut\u00f6ver alla andra stora lotterier som de erbjuder lotter p\u00e5 n\u00e4tet, s\u00e5 att du alltid vet hur mycket tid du har kvar.<\/p>\n<p><img loading=\"lazy\" decoding=\"async\" class=\" wp-image-1334 alignright\" src=\"https:\/\/onlinelotto365.com\/wp-content\/uploads\/2020\/11\/online_lottery-115.jpg\" alt=\"k\u00f6pa superenalotto biljetter online\" width=\"452\" height=\"172\" \/><\/p>\n<h2>F\u00f6rdelar med att spela Superenalotto online<\/h2>\n<p>M\u00e5nga globala lottospelare gillar att v\u00e4lja flera lotterier att spela, s\u00e4rskilt eftersom alla dessa lotterier regelbundet erbjuder stora jackpottar. Faktum \u00e4r att ju fler dragningar du deltar i, desto b\u00e4ttre.<\/p>\n<p>S\u00e5 \u00e4ven om jackpottarna med Superenalotto kanske inte kan j\u00e4mf\u00f6ras med n\u00e5gra av de st\u00f6rre lotterierna d\u00e4r ute, till exempel EuroMillions, Powerball eller Mega Millions, kommer du att vilja spela dessa ocks\u00e5 i alla fall. Superenalotto \u00e4r dock ingen liten potatis, med typiska jackpottar ofta p\u00e5 tiotals miljoner euro. S\u00e5 med de tre extra dragningar i veckan som Superenalotto erbjuder \u00e4r det tre extra dragningar i veckan som \u00e4r roligare \u00e4n vad du f\u00e5r om du inte spelar.<\/p>\n<p>S\u00e5 med 3 extra chanser att vinna en enorm vinst \u00e4r det inte sv\u00e5rt att f\u00f6rst\u00e5 varf\u00f6r s\u00e5 m\u00e5nga m\u00e4nniskor i Sverige gillar detta lotteri. Med tanke p\u00e5 att du kan k\u00f6pa dina biljetter bekv\u00e4mt online nu finns det faktiskt ingen bra anledning att inte spela. Att sprida dina pengar till fler lotterier \u00e4r vad det handlar om, vilket i h\u00f6g grad \u00f6kar sp\u00e4nningen som du f\u00e5r n\u00e4r du spelar lotterier nu.<\/p>\n<p>S\u00e5 om du \u00e4r sugen p\u00e5 att ha mer roligt n\u00e4r du spelar p\u00e5 lotto, och jag vet att du \u00e4r det, s\u00e5 kan du komma ig\u00e5ng redan nu.<\/p>\n<h2>Hur f\u00e5r jag betalt om jag vinner Superenalotto online?<\/h2>\n<p>Vi ger dig all den hj\u00e4lp du beh\u00f6ver f\u00f6r att l\u00f6sa in dina lotter, fr\u00e5n att h\u00e4mta dina mindre vinster och omedelbart s\u00e4tta in dem p\u00e5 ditt konto hos oss, till att h\u00e4mta och skicka dig de blanketter som beh\u00f6vs f\u00f6r st\u00f6rre vinster eller till och med jackpottar. H\u00e4r beh\u00f6ver du allts\u00e5 inte oroa dig, f\u00f6r det h\u00e4r \u00e4r en fullserviceaff\u00e4r med f\u00f6rstklassig service och behandling f\u00f6r v\u00e5ra kunder fr\u00e5n Sverige och andra l\u00e4nder.<\/p>\n","protected":false},"excerpt":{"rendered":"<p>I \u00e5ratal har m\u00e4nniskor l\u00e4ngtat efter att f\u00e5 spela lotterier i andra delar av v\u00e4rlden. Utmaningen har dock inte varit att olika lotterier inte vill acceptera internationella lottospelare. Det har varit att man fysiskt m\u00e5ste befinna sig i det land eller den region som lotteriet h\u00e5lls i f\u00f6r att kunna spela ordentligt. Till att b\u00f6rja [&hellip;]<\/p>\n","protected":false},"author":1,"featured_media":0,"parent":5090,"menu_order":5,"comment_status":"closed","ping_status":"closed","template":"superenalotto.php","meta":{"_et_pb_use_builder":"","_et_pb_old_content":"","_et_gb_content_width":"","exclude_from_search":false,"footnotes":""},"class_list":["post-79531","page","type-page","status-publish","hentry"],"yoast_head":"<!-- This site is optimized with the Yoast SEO plugin v23.4 - https:\/\/yoast.com\/wordpress\/plugins\/seo\/ -->\n<title>Spela Superenalotto Italien online fr\u00e5n Sverige | Hur man k\u00f6per Superena biljetter online<\/title>\n<meta name=\"description\" content=\"Den italienska lottojackpotten kan nu vinnas av vem som helst, fr\u00e5n var som helst - spela Superenalotto online biljett nu\" \/>\n<meta name=\"robots\" content=\"index, follow, max-snippet:-1, max-image-preview:large, max-video-preview:-1\" \/>\n<link rel=\"canonical\" href=\"https:\/\/onlinelotto365.com\/sv\/spela\/superenalotto\/\" \/>\n<meta property=\"og:locale\" content=\"sv_SE\" \/>\n<meta property=\"og:type\" content=\"article\" \/>\n<meta property=\"og:title\" content=\"Spela Superenalotto Italien online fr\u00e5n Sverige | Hur man k\u00f6per Superena biljetter online\" \/>\n<meta property=\"og:description\" content=\"Den italienska lottojackpotten kan nu vinnas av vem som helst, fr\u00e5n var som helst - spela Superenalotto online biljett nu\" \/>\n<meta property=\"og:url\" content=\"https:\/\/onlinelotto365.com\/sv\/spela\/superenalotto\/\" \/>\n<meta property=\"og:site_name\" content=\"OnlineLotto365\" \/>\n<meta property=\"article:modified_time\" content=\"2022-11-07T07:59:27+00:00\" \/>\n<meta property=\"og:image\" content=\"https:\/\/redfoxlotto.com\/image?size=8&amp;lottery=superenalotto\" \/>\n<meta name=\"twitter:card\" content=\"summary_large_image\" \/>\n<meta name=\"twitter:label1\" content=\"Ber\u00e4knad l\u00e4stid\" \/>\n\t<meta name=\"twitter:data1\" content=\"4 minuter\" \/>\n<script type=\"application\/ld+json\" class=\"yoast-schema-graph\">{\"@context\":\"https:\/\/schema.org\",\"@graph\":[{\"@type\":\"WebPage\",\"@id\":\"https:\/\/onlinelotto365.com\/sv\/spela\/superenalotto\/\",\"url\":\"https:\/\/onlinelotto365.com\/sv\/spela\/superenalotto\/\",\"name\":\"Spela Superenalotto Italien online fr\u00e5n Sverige | Hur man k\u00f6per Superena biljetter online\",\"isPartOf\":{\"@id\":\"https:\/\/onlinelotto365.com\/sv\/#website\"},\"primaryImageOfPage\":{\"@id\":\"https:\/\/onlinelotto365.com\/sv\/spela\/superenalotto\/#primaryimage\"},\"image\":{\"@id\":\"https:\/\/onlinelotto365.com\/sv\/spela\/superenalotto\/#primaryimage\"},\"thumbnailUrl\":\"https:\/\/redfoxlotto.com\/image?size=8&amp;lottery=superenalotto\",\"datePublished\":\"2022-11-07T07:59:10+00:00\",\"dateModified\":\"2022-11-07T07:59:27+00:00\",\"description\":\"Den italienska lottojackpotten kan nu vinnas av vem som helst, fr\u00e5n var som helst - spela Superenalotto online biljett nu\",\"breadcrumb\":{\"@id\":\"https:\/\/onlinelotto365.com\/sv\/spela\/superenalotto\/#breadcrumb\"},\"inLanguage\":\"sv-SE\",\"potentialAction\":[{\"@type\":\"ReadAction\",\"target\":[\"https:\/\/onlinelotto365.com\/sv\/spela\/superenalotto\/\"]}]},{\"@type\":\"ImageObject\",\"inLanguage\":\"sv-SE\",\"@id\":\"https:\/\/onlinelotto365.com\/sv\/spela\/superenalotto\/#primaryimage\",\"url\":\"https:\/\/redfoxlotto.com\/image?size=8&amp;lottery=superenalotto\",\"contentUrl\":\"https:\/\/redfoxlotto.com\/image?size=8&amp;lottery=superenalotto\"},{\"@type\":\"BreadcrumbList\",\"@id\":\"https:\/\/onlinelotto365.com\/sv\/spela\/superenalotto\/#breadcrumb\",\"itemListElement\":[{\"@type\":\"ListItem\",\"position\":1,\"name\":\"Home\",\"item\":\"https:\/\/onlinelotto365.com\/sv\/\"},{\"@type\":\"ListItem\",\"position\":2,\"name\":\"Allt du beh\u00f6ver veta om dina m\u00f6jligheter att spela de b\u00e4sta lotterierna online\",\"item\":\"https:\/\/onlinelotto365.com\/sv\/spela\/\"},{\"@type\":\"ListItem\",\"position\":3,\"name\":\"F\u00e5 dina Superenalotto biljetter var som helst\"}]},{\"@type\":\"WebSite\",\"@id\":\"https:\/\/onlinelotto365.com\/sv\/#website\",\"url\":\"https:\/\/onlinelotto365.com\/sv\/\",\"name\":\"OnlineLotto365\",\"description\":\"\",\"potentialAction\":[{\"@type\":\"SearchAction\",\"target\":{\"@type\":\"EntryPoint\",\"urlTemplate\":\"https:\/\/onlinelotto365.com\/sv\/?s={search_term_string}\"},\"query-input\":{\"@type\":\"PropertyValueSpecification\",\"valueRequired\":true,\"valueName\":\"search_term_string\"}}],\"inLanguage\":\"sv-SE\"}]}<\/script>\n<!-- \/ Yoast SEO plugin. -->","yoast_head_json":{"title":"Spela Superenalotto Italien online fr\u00e5n Sverige | Hur man k\u00f6per Superena biljetter online","description":"Den italienska lottojackpotten kan nu vinnas av vem som helst, fr\u00e5n var som helst - spela Superenalotto online biljett nu","robots":{"index":"index","follow":"follow","max-snippet":"max-snippet:-1","max-image-preview":"max-image-preview:large","max-video-preview":"max-video-preview:-1"},"canonical":"https:\/\/onlinelotto365.com\/sv\/spela\/superenalotto\/","og_locale":"sv_SE","og_type":"article","og_title":"Spela Superenalotto Italien online fr\u00e5n Sverige | Hur man k\u00f6per Superena biljetter online","og_description":"Den italienska lottojackpotten kan nu vinnas av vem som helst, fr\u00e5n var som helst - spela Superenalotto online biljett nu","og_url":"https:\/\/onlinelotto365.com\/sv\/spela\/superenalotto\/","og_site_name":"OnlineLotto365","article_modified_time":"2022-11-07T07:59:27+00:00","og_image":[{"url":"https:\/\/redfoxlotto.com\/image?size=8&amp;lottery=superenalotto"}],"twitter_card":"summary_large_image","twitter_misc":{"Ber\u00e4knad l\u00e4stid":"4 minuter"},"schema":{"@context":"https:\/\/schema.org","@graph":[{"@type":"WebPage","@id":"https:\/\/onlinelotto365.com\/sv\/spela\/superenalotto\/","url":"https:\/\/onlinelotto365.com\/sv\/spela\/superenalotto\/","name":"Spela Superenalotto Italien online fr\u00e5n Sverige | Hur man k\u00f6per Superena biljetter online","isPartOf":{"@id":"https:\/\/onlinelotto365.com\/sv\/#website"},"primaryImageOfPage":{"@id":"https:\/\/onlinelotto365.com\/sv\/spela\/superenalotto\/#primaryimage"},"image":{"@id":"https:\/\/onlinelotto365.com\/sv\/spela\/superenalotto\/#primaryimage"},"thumbnailUrl":"https:\/\/redfoxlotto.com\/image?size=8&amp;lottery=superenalotto","datePublished":"2022-11-07T07:59:10+00:00","dateModified":"2022-11-07T07:59:27+00:00","description":"Den italienska lottojackpotten kan nu vinnas av vem som helst, fr\u00e5n var som helst - spela Superenalotto online biljett nu","breadcrumb":{"@id":"https:\/\/onlinelotto365.com\/sv\/spela\/superenalotto\/#breadcrumb"},"inLanguage":"sv-SE","potentialAction":[{"@type":"ReadAction","target":["https:\/\/onlinelotto365.com\/sv\/spela\/superenalotto\/"]}]},{"@type":"ImageObject","inLanguage":"sv-SE","@id":"https:\/\/onlinelotto365.com\/sv\/spela\/superenalotto\/#primaryimage","url":"https:\/\/redfoxlotto.com\/image?size=8&amp;lottery=superenalotto","contentUrl":"https:\/\/redfoxlotto.com\/image?size=8&amp;lottery=superenalotto"},{"@type":"BreadcrumbList","@id":"https:\/\/onlinelotto365.com\/sv\/spela\/superenalotto\/#breadcrumb","itemListElement":[{"@type":"ListItem","position":1,"name":"Home","item":"https:\/\/onlinelotto365.com\/sv\/"},{"@type":"ListItem","position":2,"name":"Allt du beh\u00f6ver veta om dina m\u00f6jligheter att spela de b\u00e4sta lotterierna online","item":"https:\/\/onlinelotto365.com\/sv\/spela\/"},{"@type":"ListItem","position":3,"name":"F\u00e5 dina Superenalotto biljetter var som helst"}]},{"@type":"WebSite","@id":"https:\/\/onlinelotto365.com\/sv\/#website","url":"https:\/\/onlinelotto365.com\/sv\/","name":"OnlineLotto365","description":"","potentialAction":[{"@type":"SearchAction","target":{"@type":"EntryPoint","urlTemplate":"https:\/\/onlinelotto365.com\/sv\/?s={search_term_string}"},"query-input":{"@type":"PropertyValueSpecification","valueRequired":true,"valueName":"search_term_string"}}],"inLanguage":"sv-SE"}]}},"_links":{"self":[{"href":"https:\/\/onlinelotto365.com\/sv\/wp-json\/wp\/v2\/pages\/79531","targetHints":{"allow":["GET"]}}],"collection":[{"href":"https:\/\/onlinelotto365.com\/sv\/wp-json\/wp\/v2\/pages"}],"about":[{"href":"https:\/\/onlinelotto365.com\/sv\/wp-json\/wp\/v2\/types\/page"}],"author":[{"embeddable":true,"href":"https:\/\/onlinelotto365.com\/sv\/wp-json\/wp\/v2\/users\/1"}],"replies":[{"embeddable":true,"href":"https:\/\/onlinelotto365.com\/sv\/wp-json\/wp\/v2\/comments?post=79531"}],"version-history":[{"count":0,"href":"https:\/\/onlinelotto365.com\/sv\/wp-json\/wp\/v2\/pages\/79531\/revisions"}],"up":[{"embeddable":true,"href":"https:\/\/onlinelotto365.com\/sv\/wp-json\/wp\/v2\/pages\/5090"}],"wp:attachment":[{"href":"https:\/\/onlinelotto365.com\/sv\/wp-json\/wp\/v2\/media?parent=79531"}],"curies":[{"name":"wp","href":"https:\/\/api.w.org\/{rel}","templated":true}]}}