{"id":79665,"date":"2022-11-09T10:55:11","date_gmt":"2022-11-09T09:55:11","guid":{"rendered":"https:\/\/onlinelotto365.com\/?page_id=79665"},"modified":"2022-11-09T10:55:11","modified_gmt":"2022-11-09T09:55:11","slug":"el-gordo","status":"publish","type":"page","link":"https:\/\/onlinelotto365.com\/sv\/spela\/el-gordo\/","title":{"rendered":"Hur kan inv\u00e5nare i Sverige delta i El Gordo?"},"content":{"rendered":"<p>Om du bor i Spanien beh\u00f6ver jag inte ber\u00e4tta hur sp\u00e4nnande El Gordo Lotto \u00e4r. De flesta lottospelare bor dock inte d\u00e4r, och de flesta har aldrig h\u00f6rt talas om Spaniens st\u00f6rsta lotteri. Fram till nyligen spelade det ingen roll alls eftersom du \u00e4nd\u00e5 inte kunde spela det eftersom Spanien var det enda land d\u00e4r du kunde k\u00f6pa lotter till det.<\/p>\n<p>Genom internets magi kan numera \u00f6ver 150 000 spelare fr\u00e5n \u00f6ver 140 l\u00e4nder, inklusive Sverige, njuta av att spela El Gordo online. Allt du beh\u00f6ver g\u00f6ra f\u00f6r att k\u00f6pa biljetter nu \u00e4r att veta var man kan k\u00f6pa dem online. Det \u00e4r d\u00e4r vi \u00e4r h\u00e4r f\u00f6r att hj\u00e4lpa dig.<\/p>\n<p>V\u00e5r fantastiska nya tj\u00e4nst g\u00f6r det inte bara m\u00f6jligt f\u00f6r dig att k\u00f6pa biljetter till El Gordo Lotto online, utan du kan ocks\u00e5 k\u00f6pa biljetter online till alla v\u00e4rldens andra st\u00f6rsta lotterier. Vi g\u00f6r allt detta otroligt enkelt f\u00f6r dig, och inom n\u00e5gra korta minuter kan du h\u00e4mta s\u00e5 m\u00e5nga biljetter du vill till n\u00e4sta dragning, ut\u00f6ver alla andra stora lotterier du vill ha.<\/p>\n<p>S\u00e5 genom v\u00e5r onlinetj\u00e4nst har sp\u00e4nningen med att spela p\u00e5 lotto vuxit till episka proportioner. Ta hur mycket du tycker om lotteriet nu och multiplicera det med tio eller tjugo g\u00e5nger, och f\u00f6rest\u00e4ll dig hur det skulle vara. D\u00e5 \u00e4r det bara att registrera ett konto h\u00e4r och g\u00f6ra sig redo att f\u00e5 allt att h\u00e4nda.<\/p>\n<p><a href=\"https:\/\/redfoxlotto.com\/play\/el-gordo-primitiva\/?ref=a8564250a2&amp;medium=ol365\" target=\"_blank\" rel=\"noopener noreferrer\"><img decoding=\"async\" class=\"aligncenter\" src=\"https:\/\/redfoxlotto.com\/image?size=8&amp;lottery=el-gordo-primitiva\" alt=\"el gordo la primitiva\" \/><\/a><\/p>\n<h2>El Gordo betyder &#8221;den stora<\/h2>\n<p>El Gordos jackpottar \u00e4r alla enorma, vilket \u00e4r n\u00e5got som alla lottospelare absolut \u00e4lskar. Borta \u00e4r de dagar d\u00e5 du var tvungen att v\u00e4nta ett bra tag i hopp om att jackpotten i ditt favoritlotteri skulle v\u00e4xa och v\u00e4xa tills den till slut blev s\u00e5 enorm att folk f\u00f6ll \u00f6ver sig sj\u00e4lva f\u00f6r att k\u00f6pa lotter. Nu finns det m\u00e5nga lotterier runt om i v\u00e4rlden som b\u00f6rjar med enorma jackpottar och bara blir mer och mer enorma. Det h\u00e4r lotteriet \u00e4r definitivt ett av dem. Som ett exempel kan n\u00e4mnas att n\u00e4r detta skrivs \u00e4r den aktuella jackpotten 23 miljoner euro.<\/p>\n<p>Dessutom, om du \u00e4lskar stora jackpottar som denna, vilket vi s\u00e4kert alla g\u00f6r, finns det mycket mer f\u00f6r dig d\u00e4r den kom ifr\u00e5n, med n\u00e5gra \u00e4nnu mycket st\u00f6rre jackpottar. Det handlar dock inte om att bara spela ett, du kommer att vilja spela flera av dessa lotterier \u00e5tminstone, och El Gordo \u00e4r verkligen ett som \u00e4r v\u00e4l v\u00e4rt att spela.<\/p>\n<h2>Om El Gordo<\/h2>\n<ul>\n<li>Land: Spanien<\/li>\n<li>Huvudnummersortiment: 54<\/li>\n<li>Du v\u00e4ljer: 5<\/li>\n<li>Extra nummer: inga<\/li>\n<li>Du v\u00e4ljer: inga<\/li>\n<li>Dragningsdagar, timmar: S\u00f6ndag, 21:30 CET, 21:30 CET<\/li>\n<li>Minsta jackpot: 4 miljoner euro<\/li>\n<li>Maximal jackpott: ingen maximal jackpott<\/li>\n<li>Sannolikhet att vinna jackpotten: 1 p\u00e5 31 625 100.<\/li>\n<li>Sannolikhet f\u00f6r en vinst i niv\u00e5 2: 1 p\u00e5 3.513.900<\/li>\n<li>Sannolikhet att vinna i alla niv\u00e5er: 1 p\u00e5 6,16<\/li>\n<li>S\u00e4rskilda evenemang f\u00f6r El Gordo: Christmas Special<\/li>\n<\/ul>\n<p>Precis som m\u00e5nga andra stora lotterier best\u00e5r dragningen av tv\u00e5 delar. Den f\u00f6rsta best\u00e5r av att v\u00e4lja 5 nummer bland 54 nummer. Om du g\u00f6r det finns det en mycket stor vinst som v\u00e4ntar dig redan. Om du sedan b\u00e5de matchar dina 5 nummer plus matchar ditt nyckelnummer mellan 1 och 9 har du gjort det och f\u00e5tt den stora jackpotten.<\/p>\n<p>Det finns totalt 9 olika priskategorier med El Gordo, fr\u00e5n att bara matcha det avg\u00f6rande numret mellan 1 och 9, \u00e4nda upp till den stora vinsten. S\u00e5 \u00e4ven om vi alla verkligen vill vinna jackpottarna \u00e4r det verkligen trevligt n\u00e4r du vinner ett pris av n\u00e5got belopp, och Spaniens mest popul\u00e4ra lotteri ger dig en \u00e4nnu st\u00f6rre chans att lyckas med detta \u00e4n vissa andra lotterier.<\/p>\n<p>Till skillnad fr\u00e5n vissa l\u00e4nder \u00e4r dessutom lotterivinster i Spanien skattefria. Du kanske m\u00e5ste deklarera dina vinster till staten eller inte, beroende p\u00e5 var du bor, men vissa st\u00e4llen h\u00e5ller inne skatt med lotterivinster \u00e4ven om lotterivinster kanske \u00e4r skattefria i ditt land. \u00c4ven om du kan f\u00e5 tillbaka dessa pengar \u00e4r det en ol\u00e4genhet som du inte beh\u00f6ver oroa dig f\u00f6r med El Gordo.<\/p>\n<p>Men \u00e4ven i l\u00e4nder som g\u00f6r detta, n\u00e4r du vinner jackpotten, r\u00e4cker pengarna som du f\u00e5r i f\u00f6rskott med eller utan skatteupplagor s\u00e4kert till dig under en l\u00e5ng tid \u00e4nd\u00e5, s\u00e5 detta borde egentligen inte bekymra dig. Du ska inte heller beh\u00f6va g\u00f6ra en resa till Spanien f\u00f6r att h\u00e4mta dina miljoner. Du kommer f\u00f6rmodligen att resa mycket mer \u00e4n s\u00e5 och du kan lika g\u00e4rna b\u00f6rja din karri\u00e4r som jetsetare med den h\u00e4r resan.<\/p>\n<h2>Varf\u00f6r missa El Gordo eftersom du inte beh\u00f6ver g\u00f6ra det nu?<\/h2>\n<p>I \u00e5ratal har du haft en bra urs\u00e4kt f\u00f6r att inte spela El Gordo Lotto eftersom du bor i Sverige och inte i Spanien. Detta \u00e4r dock lyckligtvis inte l\u00e4ngre fallet. Vem vet hur mycket pengar du kunde ha vunnit om du hade spelat detta och alla de andra st\u00f6rsta lotterierna i v\u00e4rlden hela tiden?<\/p>\n<p>N\u00e5v\u00e4l, du beh\u00f6ver inte fundera p\u00e5 detta l\u00e4ngre, eftersom vi nu tar El Gordo direkt hem till dig, precis d\u00e4r du sitter just nu. Jag vet att du \u00e4lskar att spela p\u00e5 lotto, annars skulle du inte l\u00e4sa detta. Varf\u00f6r inte unna dig en El Gordo-lott just nu? N\u00e4r du \u00e4nd\u00e5 h\u00e5ller p\u00e5, varf\u00f6r inte kolla in allt annat som vi har att erbjuda dig?<\/p>\n<h2>S\u00e5 h\u00e4r kollar du El Gordo-resultaten<\/h2>\n<p>Du kan komma tillbaka hit f\u00f6r att kontrollera de vinnande numren och j\u00e4mf\u00f6ra dem med dina El Gordo-lotter. Vi visar dig de senaste vinnande numren sida vid sida med numren p\u00e5 din egen biljett. Naturligtvis kan du ocks\u00e5 se hur mycket du har vunnit i s\u00e5 fall.<\/p>\n<p>Att f\u00e5 in dina vinster p\u00e5 ditt konto \u00e4r ocks\u00e5 en del av v\u00e5r service. Hur du f\u00e5r betalt beror p\u00e5 hur mycket du har vunnit. Vi tar inga pengar fr\u00e5n dina vinster f\u00f6r den tj\u00e4nsten.<\/p>\n<p>&nbsp;<\/p>\n","protected":false},"excerpt":{"rendered":"<p>Om du bor i Spanien beh\u00f6ver jag inte ber\u00e4tta hur sp\u00e4nnande El Gordo Lotto \u00e4r. De flesta lottospelare bor dock inte d\u00e4r, och de flesta har aldrig h\u00f6rt talas om Spaniens st\u00f6rsta lotteri. Fram till nyligen spelade det ingen roll alls eftersom du \u00e4nd\u00e5 inte kunde spela det eftersom Spanien var det enda land d\u00e4r [&hellip;]<\/p>\n","protected":false},"author":1,"featured_media":0,"parent":5090,"menu_order":6,"comment_status":"closed","ping_status":"closed","template":"el-gordo.php","meta":{"_et_pb_use_builder":"","_et_pb_old_content":"","_et_gb_content_width":"","exclude_from_search":false,"footnotes":""},"class_list":["post-79665","page","type-page","status-publish","hentry"],"yoast_head":"<!-- This site is optimized with the Yoast SEO plugin v23.4 - https:\/\/yoast.com\/wordpress\/plugins\/seo\/ -->\n<title>Spela El Gordo online fr\u00e5n Sverige | Kan jag delta i El Gordo om jag bor i Sverige?<\/title>\n<meta name=\"description\" content=\"Spela El Gordo Lotto h\u00e4r - Spaniens st\u00f6rsta lotteri, tillg\u00e4ngligt online fr\u00e5n alla l\u00e4nder\" \/>\n<meta name=\"robots\" content=\"index, follow, max-snippet:-1, max-image-preview:large, max-video-preview:-1\" \/>\n<link rel=\"canonical\" href=\"https:\/\/onlinelotto365.com\/sv\/spela\/el-gordo\/\" \/>\n<meta property=\"og:locale\" content=\"sv_SE\" \/>\n<meta property=\"og:type\" content=\"article\" \/>\n<meta property=\"og:title\" content=\"Spela El Gordo online fr\u00e5n Sverige | Kan jag delta i El Gordo om jag bor i Sverige?\" \/>\n<meta property=\"og:description\" content=\"Spela El Gordo Lotto h\u00e4r - Spaniens st\u00f6rsta lotteri, tillg\u00e4ngligt online fr\u00e5n alla l\u00e4nder\" \/>\n<meta property=\"og:url\" content=\"https:\/\/onlinelotto365.com\/sv\/spela\/el-gordo\/\" \/>\n<meta property=\"og:site_name\" content=\"OnlineLotto365\" \/>\n<meta property=\"og:image\" content=\"https:\/\/redfoxlotto.com\/image?size=8&amp;lottery=el-gordo-primitiva\" \/>\n<meta name=\"twitter:card\" content=\"summary_large_image\" \/>\n<meta name=\"twitter:label1\" content=\"Ber\u00e4knad l\u00e4stid\" \/>\n\t<meta name=\"twitter:data1\" content=\"5 minuter\" \/>\n<script type=\"application\/ld+json\" class=\"yoast-schema-graph\">{\"@context\":\"https:\/\/schema.org\",\"@graph\":[{\"@type\":\"WebPage\",\"@id\":\"https:\/\/onlinelotto365.com\/sv\/spela\/el-gordo\/\",\"url\":\"https:\/\/onlinelotto365.com\/sv\/spela\/el-gordo\/\",\"name\":\"Spela El Gordo online fr\u00e5n Sverige | Kan jag delta i El Gordo om jag bor i Sverige?\",\"isPartOf\":{\"@id\":\"https:\/\/onlinelotto365.com\/sv\/#website\"},\"primaryImageOfPage\":{\"@id\":\"https:\/\/onlinelotto365.com\/sv\/spela\/el-gordo\/#primaryimage\"},\"image\":{\"@id\":\"https:\/\/onlinelotto365.com\/sv\/spela\/el-gordo\/#primaryimage\"},\"thumbnailUrl\":\"https:\/\/redfoxlotto.com\/image?size=8&amp;lottery=el-gordo-primitiva\",\"datePublished\":\"2022-11-09T09:55:11+00:00\",\"dateModified\":\"2022-11-09T09:55:11+00:00\",\"description\":\"Spela El Gordo Lotto h\u00e4r - Spaniens st\u00f6rsta lotteri, tillg\u00e4ngligt online fr\u00e5n alla l\u00e4nder\",\"breadcrumb\":{\"@id\":\"https:\/\/onlinelotto365.com\/sv\/spela\/el-gordo\/#breadcrumb\"},\"inLanguage\":\"sv-SE\",\"potentialAction\":[{\"@type\":\"ReadAction\",\"target\":[\"https:\/\/onlinelotto365.com\/sv\/spela\/el-gordo\/\"]}]},{\"@type\":\"ImageObject\",\"inLanguage\":\"sv-SE\",\"@id\":\"https:\/\/onlinelotto365.com\/sv\/spela\/el-gordo\/#primaryimage\",\"url\":\"https:\/\/redfoxlotto.com\/image?size=8&amp;lottery=el-gordo-primitiva\",\"contentUrl\":\"https:\/\/redfoxlotto.com\/image?size=8&amp;lottery=el-gordo-primitiva\"},{\"@type\":\"BreadcrumbList\",\"@id\":\"https:\/\/onlinelotto365.com\/sv\/spela\/el-gordo\/#breadcrumb\",\"itemListElement\":[{\"@type\":\"ListItem\",\"position\":1,\"name\":\"Home\",\"item\":\"https:\/\/onlinelotto365.com\/sv\/\"},{\"@type\":\"ListItem\",\"position\":2,\"name\":\"Allt du beh\u00f6ver veta om dina m\u00f6jligheter att spela de b\u00e4sta lotterierna online\",\"item\":\"https:\/\/onlinelotto365.com\/sv\/spela\/\"},{\"@type\":\"ListItem\",\"position\":3,\"name\":\"Hur kan inv\u00e5nare i Sverige delta i El Gordo?\"}]},{\"@type\":\"WebSite\",\"@id\":\"https:\/\/onlinelotto365.com\/sv\/#website\",\"url\":\"https:\/\/onlinelotto365.com\/sv\/\",\"name\":\"OnlineLotto365\",\"description\":\"\",\"potentialAction\":[{\"@type\":\"SearchAction\",\"target\":{\"@type\":\"EntryPoint\",\"urlTemplate\":\"https:\/\/onlinelotto365.com\/sv\/?s={search_term_string}\"},\"query-input\":{\"@type\":\"PropertyValueSpecification\",\"valueRequired\":true,\"valueName\":\"search_term_string\"}}],\"inLanguage\":\"sv-SE\"}]}<\/script>\n<!-- \/ Yoast SEO plugin. -->","yoast_head_json":{"title":"Spela El Gordo online fr\u00e5n Sverige | Kan jag delta i El Gordo om jag bor i Sverige?","description":"Spela El Gordo Lotto h\u00e4r - Spaniens st\u00f6rsta lotteri, tillg\u00e4ngligt online fr\u00e5n alla l\u00e4nder","robots":{"index":"index","follow":"follow","max-snippet":"max-snippet:-1","max-image-preview":"max-image-preview:large","max-video-preview":"max-video-preview:-1"},"canonical":"https:\/\/onlinelotto365.com\/sv\/spela\/el-gordo\/","og_locale":"sv_SE","og_type":"article","og_title":"Spela El Gordo online fr\u00e5n Sverige | Kan jag delta i El Gordo om jag bor i Sverige?","og_description":"Spela El Gordo Lotto h\u00e4r - Spaniens st\u00f6rsta lotteri, tillg\u00e4ngligt online fr\u00e5n alla l\u00e4nder","og_url":"https:\/\/onlinelotto365.com\/sv\/spela\/el-gordo\/","og_site_name":"OnlineLotto365","og_image":[{"url":"https:\/\/redfoxlotto.com\/image?size=8&amp;lottery=el-gordo-primitiva"}],"twitter_card":"summary_large_image","twitter_misc":{"Ber\u00e4knad l\u00e4stid":"5 minuter"},"schema":{"@context":"https:\/\/schema.org","@graph":[{"@type":"WebPage","@id":"https:\/\/onlinelotto365.com\/sv\/spela\/el-gordo\/","url":"https:\/\/onlinelotto365.com\/sv\/spela\/el-gordo\/","name":"Spela El Gordo online fr\u00e5n Sverige | Kan jag delta i El Gordo om jag bor i Sverige?","isPartOf":{"@id":"https:\/\/onlinelotto365.com\/sv\/#website"},"primaryImageOfPage":{"@id":"https:\/\/onlinelotto365.com\/sv\/spela\/el-gordo\/#primaryimage"},"image":{"@id":"https:\/\/onlinelotto365.com\/sv\/spela\/el-gordo\/#primaryimage"},"thumbnailUrl":"https:\/\/redfoxlotto.com\/image?size=8&amp;lottery=el-gordo-primitiva","datePublished":"2022-11-09T09:55:11+00:00","dateModified":"2022-11-09T09:55:11+00:00","description":"Spela El Gordo Lotto h\u00e4r - Spaniens st\u00f6rsta lotteri, tillg\u00e4ngligt online fr\u00e5n alla l\u00e4nder","breadcrumb":{"@id":"https:\/\/onlinelotto365.com\/sv\/spela\/el-gordo\/#breadcrumb"},"inLanguage":"sv-SE","potentialAction":[{"@type":"ReadAction","target":["https:\/\/onlinelotto365.com\/sv\/spela\/el-gordo\/"]}]},{"@type":"ImageObject","inLanguage":"sv-SE","@id":"https:\/\/onlinelotto365.com\/sv\/spela\/el-gordo\/#primaryimage","url":"https:\/\/redfoxlotto.com\/image?size=8&amp;lottery=el-gordo-primitiva","contentUrl":"https:\/\/redfoxlotto.com\/image?size=8&amp;lottery=el-gordo-primitiva"},{"@type":"BreadcrumbList","@id":"https:\/\/onlinelotto365.com\/sv\/spela\/el-gordo\/#breadcrumb","itemListElement":[{"@type":"ListItem","position":1,"name":"Home","item":"https:\/\/onlinelotto365.com\/sv\/"},{"@type":"ListItem","position":2,"name":"Allt du beh\u00f6ver veta om dina m\u00f6jligheter att spela de b\u00e4sta lotterierna online","item":"https:\/\/onlinelotto365.com\/sv\/spela\/"},{"@type":"ListItem","position":3,"name":"Hur kan inv\u00e5nare i Sverige delta i El Gordo?"}]},{"@type":"WebSite","@id":"https:\/\/onlinelotto365.com\/sv\/#website","url":"https:\/\/onlinelotto365.com\/sv\/","name":"OnlineLotto365","description":"","potentialAction":[{"@type":"SearchAction","target":{"@type":"EntryPoint","urlTemplate":"https:\/\/onlinelotto365.com\/sv\/?s={search_term_string}"},"query-input":{"@type":"PropertyValueSpecification","valueRequired":true,"valueName":"search_term_string"}}],"inLanguage":"sv-SE"}]}},"_links":{"self":[{"href":"https:\/\/onlinelotto365.com\/sv\/wp-json\/wp\/v2\/pages\/79665","targetHints":{"allow":["GET"]}}],"collection":[{"href":"https:\/\/onlinelotto365.com\/sv\/wp-json\/wp\/v2\/pages"}],"about":[{"href":"https:\/\/onlinelotto365.com\/sv\/wp-json\/wp\/v2\/types\/page"}],"author":[{"embeddable":true,"href":"https:\/\/onlinelotto365.com\/sv\/wp-json\/wp\/v2\/users\/1"}],"replies":[{"embeddable":true,"href":"https:\/\/onlinelotto365.com\/sv\/wp-json\/wp\/v2\/comments?post=79665"}],"version-history":[{"count":0,"href":"https:\/\/onlinelotto365.com\/sv\/wp-json\/wp\/v2\/pages\/79665\/revisions"}],"up":[{"embeddable":true,"href":"https:\/\/onlinelotto365.com\/sv\/wp-json\/wp\/v2\/pages\/5090"}],"wp:attachment":[{"href":"https:\/\/onlinelotto365.com\/sv\/wp-json\/wp\/v2\/media?parent=79665"}],"curies":[{"name":"wp","href":"https:\/\/api.w.org\/{rel}","templated":true}]}}