{"id":80085,"date":"2022-11-14T14:11:59","date_gmt":"2022-11-14T13:11:59","guid":{"rendered":"https:\/\/onlinelotto365.com\/?page_id=80085"},"modified":"2022-11-14T14:11:59","modified_gmt":"2022-11-14T13:11:59","slug":"superenalotto","status":"publish","type":"page","link":"https:\/\/onlinelotto365.com\/sv\/vinnande-nummer\/superenalotto\/","title":{"rendered":"Kolla de vinnande numren i Superenalotto h\u00e4r"},"content":{"rendered":"<p>Vi erbjuder m\u00e5nga olika internationella lotterispel p\u00e5 v\u00e5r webbplats, men vi vill se till att det inte \u00e4r n\u00e5got problem att hitta resultaten. Visst kan du kolla resultaten p\u00e5 TV, om du har tur nog att hitta dragningsresultaten p\u00e5 nyheterna. Eller s\u00e5 kan du hitta dem i tidningen om du bor i ett omr\u00e5de d\u00e4r spelen \u00e4r lokala. Men det kan ocks\u00e5 vara sv\u00e5rt.<br \/>\n<a href=\"https:\/\/redfoxlotto.com\/play\/superenalotto\/?ref=a8564250a2&amp;medium=ol365\" target=\"_blank\" rel=\"noopener noreferrer\"><img decoding=\"async\" class=\"aligncenter\" src=\"https:\/\/redfoxlotto.com\/image?size=8&amp;lottery=superenalotto\" alt=\"superenalotto\" \/><\/a><br \/>\nDu kan ocks\u00e5 kolla p\u00e5 Superenalottos webbplats f\u00f6r att hitta en direkts\u00e4ndning av dragningen om det erbjuds. Detta kan vara roligt f\u00f6r de spel som erbjuder det och kan ge dig en sp\u00e4nnande stund att se om dina nummer \u00e4r de som har vunnit, men det \u00e4r faktiskt inte alla lotterispel som erbjuder detta alternativ.<\/p>\n<p>Efter dragningen kan du ibland hitta vinnande nummer och dragningar f\u00f6r Superenalotto p\u00e5 YouTube om du vet hur du ska g\u00f6ra din research och var du ska leta. Men det kan ta tid.<\/p>\n<p>Det b\u00e4sta s\u00e4ttet att g\u00f6ra det \u00e4r att helt enkelt g\u00e5 till v\u00e5r sida med lotteriresultat och se alla nummer f\u00f6r alla de olika lottospelen. Det inkluderar Superenalotto och en hel del annat.<\/p>\n<h2>S\u00e5 h\u00e4r tar du reda p\u00e5 om din lott p\u00e5 n\u00e4tet har vunnit<\/h2>\n<p>F\u00f6r dig som har k\u00f6pt en lott f\u00f6r Superenalotto med v\u00e5r sida kan du enkelt kolla in ditt konto f\u00f6r att ta reda p\u00e5 de vinnande numren. Det kommer att vara mycket enklare \u00e4n du kanske tror och vad som \u00e4r b\u00e4ttre \u00e4r att du inte ens beh\u00f6ver j\u00e4mf\u00f6ra siffrorna.<\/p>\n<p>Vi tar hand om den delen \u00e5t dig. Faktum \u00e4r att vi visar dig vilka nummer du har som matchar de vinnande numren genom att markera dem. Sedan s\u00e4tter vi in alla pengar som du vinner upp till 2 500 euro direkt p\u00e5 ditt konto. Du beh\u00f6ver inte oroa dig f\u00f6r att g\u00f6ra anspr\u00e5k p\u00e5 dem eller se till att du verifierar n\u00e5gonting. Vi g\u00f6r allting s\u00e5 att du kan njuta av dina vinster.<\/p>\n<h2>Superenalotto resultatarkiv<\/h2>\n<p>Varje sida p\u00e5 v\u00e5r hemsida som visar de vinnande numren f\u00f6r Superenalotto visar ocks\u00e5 hur du kan g\u00e5 tillbaka till tidigare resultat f\u00f6r att kontrollera tidigare dragningar. Detta kan hj\u00e4lpa dig att v\u00e4lja r\u00e4tt nummer som du vill spela n\u00e4r det \u00e4r dags f\u00f6r n\u00e4sta dragning. Det \u00e4r ett av de mest popul\u00e4ra s\u00e4tten att v\u00e4lja nummer.<\/p>\n<h2>Min lott har vunnit, vad h\u00e4nder h\u00e4rn\u00e4st?<\/h2>\n<p><img loading=\"lazy\" decoding=\"async\" class=\"alignright size-full wp-image-3634\" src=\"https:\/\/onlinelotto365.com\/wp-content\/uploads\/2020\/11\/online_lottery-136.jpg\" alt=\"Superenalotto vinnande nummer\" width=\"297\" height=\"101\" \/><br \/>\nAlla vinster som \u00e4r mindre \u00e4n 2 500 euro kommer omedelbart att s\u00e4ttas in p\u00e5 ditt spelarkonto. P\u00e5 s\u00e5 s\u00e4tt kan du ta ut det (alla belopp \u00f6ver 10 \u20ac) eller anv\u00e4nda det f\u00f6r att k\u00f6pa ytterligare lotter. T\u00e4nk bara p\u00e5 att du kan ta ut pengar till ett kredit- eller betalkort eller till ett bankkonto. Oavsett vilket konto du vill ta ut pengarna med m\u00e5ste du redan ha anv\u00e4nt f\u00f6r att s\u00e4tta in pengar ocks\u00e5. Det \u00e4r s\u00e5 vi hj\u00e4lper till att skydda dig och \u00e4ven hur vi f\u00f6ljer best\u00e4mmelserna f\u00f6r penningtv\u00e4tt med mera.<\/p>\n","protected":false},"excerpt":{"rendered":"<p>Vi erbjuder m\u00e5nga olika internationella lotterispel p\u00e5 v\u00e5r webbplats, men vi vill se till att det inte \u00e4r n\u00e5got problem att hitta resultaten. Visst kan du kolla resultaten p\u00e5 TV, om du har tur nog att hitta dragningsresultaten p\u00e5 nyheterna. Eller s\u00e5 kan du hitta dem i tidningen om du bor i ett omr\u00e5de d\u00e4r [&hellip;]<\/p>\n","protected":false},"author":1,"featured_media":0,"parent":5869,"menu_order":5,"comment_status":"closed","ping_status":"closed","template":"superenalotto-results.php","meta":{"_et_pb_use_builder":"","_et_pb_old_content":"","_et_gb_content_width":"","exclude_from_search":false,"footnotes":""},"class_list":["post-80085","page","type-page","status-publish","hentry"],"yoast_head":"<!-- This site is optimized with the Yoast SEO plugin v23.4 - https:\/\/yoast.com\/wordpress\/plugins\/seo\/ -->\n<title>Senaste vinnande nummer f\u00f6r Superenalotto<\/title>\n<meta name=\"description\" content=\"Vill du veta de vinnande numren f\u00f6r Superenalotto? Hitta resultaten och mer h\u00e4r!\" \/>\n<meta name=\"robots\" content=\"index, follow, max-snippet:-1, max-image-preview:large, max-video-preview:-1\" \/>\n<link rel=\"canonical\" href=\"https:\/\/onlinelotto365.com\/sv\/vinnande-nummer\/superenalotto\/\" \/>\n<meta property=\"og:locale\" content=\"sv_SE\" \/>\n<meta property=\"og:type\" content=\"article\" \/>\n<meta property=\"og:title\" content=\"Senaste vinnande nummer f\u00f6r Superenalotto\" \/>\n<meta property=\"og:description\" content=\"Vill du veta de vinnande numren f\u00f6r Superenalotto? Hitta resultaten och mer h\u00e4r!\" \/>\n<meta property=\"og:url\" content=\"https:\/\/onlinelotto365.com\/sv\/vinnande-nummer\/superenalotto\/\" \/>\n<meta property=\"og:site_name\" content=\"OnlineLotto365\" \/>\n<meta property=\"og:image\" content=\"https:\/\/redfoxlotto.com\/image?size=8&amp;lottery=superenalotto\" \/>\n<meta name=\"twitter:card\" content=\"summary_large_image\" \/>\n<meta name=\"twitter:label1\" content=\"Ber\u00e4knad l\u00e4stid\" \/>\n\t<meta name=\"twitter:data1\" content=\"3 minuter\" \/>\n<script type=\"application\/ld+json\" class=\"yoast-schema-graph\">{\"@context\":\"https:\/\/schema.org\",\"@graph\":[{\"@type\":\"WebPage\",\"@id\":\"https:\/\/onlinelotto365.com\/sv\/vinnande-nummer\/superenalotto\/\",\"url\":\"https:\/\/onlinelotto365.com\/sv\/vinnande-nummer\/superenalotto\/\",\"name\":\"Senaste vinnande nummer f\u00f6r Superenalotto\",\"isPartOf\":{\"@id\":\"https:\/\/onlinelotto365.com\/sv\/#website\"},\"primaryImageOfPage\":{\"@id\":\"https:\/\/onlinelotto365.com\/sv\/vinnande-nummer\/superenalotto\/#primaryimage\"},\"image\":{\"@id\":\"https:\/\/onlinelotto365.com\/sv\/vinnande-nummer\/superenalotto\/#primaryimage\"},\"thumbnailUrl\":\"https:\/\/redfoxlotto.com\/image?size=8&amp;lottery=superenalotto\",\"datePublished\":\"2022-11-14T13:11:59+00:00\",\"dateModified\":\"2022-11-14T13:11:59+00:00\",\"description\":\"Vill du veta de vinnande numren f\u00f6r Superenalotto? Hitta resultaten och mer h\u00e4r!\",\"breadcrumb\":{\"@id\":\"https:\/\/onlinelotto365.com\/sv\/vinnande-nummer\/superenalotto\/#breadcrumb\"},\"inLanguage\":\"sv-SE\",\"potentialAction\":[{\"@type\":\"ReadAction\",\"target\":[\"https:\/\/onlinelotto365.com\/sv\/vinnande-nummer\/superenalotto\/\"]}]},{\"@type\":\"ImageObject\",\"inLanguage\":\"sv-SE\",\"@id\":\"https:\/\/onlinelotto365.com\/sv\/vinnande-nummer\/superenalotto\/#primaryimage\",\"url\":\"https:\/\/redfoxlotto.com\/image?size=8&amp;lottery=superenalotto\",\"contentUrl\":\"https:\/\/redfoxlotto.com\/image?size=8&amp;lottery=superenalotto\"},{\"@type\":\"BreadcrumbList\",\"@id\":\"https:\/\/onlinelotto365.com\/sv\/vinnande-nummer\/superenalotto\/#breadcrumb\",\"itemListElement\":[{\"@type\":\"ListItem\",\"position\":1,\"name\":\"Home\",\"item\":\"https:\/\/onlinelotto365.com\/sv\/\"},{\"@type\":\"ListItem\",\"position\":2,\"name\":\"Hitta vinnande nummer och resultat f\u00f6r de senaste lottodragningarna\",\"item\":\"https:\/\/onlinelotto365.com\/sv\/vinnande-nummer\/\"},{\"@type\":\"ListItem\",\"position\":3,\"name\":\"Kolla de vinnande numren i Superenalotto h\u00e4r\"}]},{\"@type\":\"WebSite\",\"@id\":\"https:\/\/onlinelotto365.com\/sv\/#website\",\"url\":\"https:\/\/onlinelotto365.com\/sv\/\",\"name\":\"OnlineLotto365\",\"description\":\"\",\"potentialAction\":[{\"@type\":\"SearchAction\",\"target\":{\"@type\":\"EntryPoint\",\"urlTemplate\":\"https:\/\/onlinelotto365.com\/sv\/?s={search_term_string}\"},\"query-input\":{\"@type\":\"PropertyValueSpecification\",\"valueRequired\":true,\"valueName\":\"search_term_string\"}}],\"inLanguage\":\"sv-SE\"}]}<\/script>\n<!-- \/ Yoast SEO plugin. -->","yoast_head_json":{"title":"Senaste vinnande nummer f\u00f6r Superenalotto","description":"Vill du veta de vinnande numren f\u00f6r Superenalotto? Hitta resultaten och mer h\u00e4r!","robots":{"index":"index","follow":"follow","max-snippet":"max-snippet:-1","max-image-preview":"max-image-preview:large","max-video-preview":"max-video-preview:-1"},"canonical":"https:\/\/onlinelotto365.com\/sv\/vinnande-nummer\/superenalotto\/","og_locale":"sv_SE","og_type":"article","og_title":"Senaste vinnande nummer f\u00f6r Superenalotto","og_description":"Vill du veta de vinnande numren f\u00f6r Superenalotto? Hitta resultaten och mer h\u00e4r!","og_url":"https:\/\/onlinelotto365.com\/sv\/vinnande-nummer\/superenalotto\/","og_site_name":"OnlineLotto365","og_image":[{"url":"https:\/\/redfoxlotto.com\/image?size=8&amp;lottery=superenalotto"}],"twitter_card":"summary_large_image","twitter_misc":{"Ber\u00e4knad l\u00e4stid":"3 minuter"},"schema":{"@context":"https:\/\/schema.org","@graph":[{"@type":"WebPage","@id":"https:\/\/onlinelotto365.com\/sv\/vinnande-nummer\/superenalotto\/","url":"https:\/\/onlinelotto365.com\/sv\/vinnande-nummer\/superenalotto\/","name":"Senaste vinnande nummer f\u00f6r Superenalotto","isPartOf":{"@id":"https:\/\/onlinelotto365.com\/sv\/#website"},"primaryImageOfPage":{"@id":"https:\/\/onlinelotto365.com\/sv\/vinnande-nummer\/superenalotto\/#primaryimage"},"image":{"@id":"https:\/\/onlinelotto365.com\/sv\/vinnande-nummer\/superenalotto\/#primaryimage"},"thumbnailUrl":"https:\/\/redfoxlotto.com\/image?size=8&amp;lottery=superenalotto","datePublished":"2022-11-14T13:11:59+00:00","dateModified":"2022-11-14T13:11:59+00:00","description":"Vill du veta de vinnande numren f\u00f6r Superenalotto? Hitta resultaten och mer h\u00e4r!","breadcrumb":{"@id":"https:\/\/onlinelotto365.com\/sv\/vinnande-nummer\/superenalotto\/#breadcrumb"},"inLanguage":"sv-SE","potentialAction":[{"@type":"ReadAction","target":["https:\/\/onlinelotto365.com\/sv\/vinnande-nummer\/superenalotto\/"]}]},{"@type":"ImageObject","inLanguage":"sv-SE","@id":"https:\/\/onlinelotto365.com\/sv\/vinnande-nummer\/superenalotto\/#primaryimage","url":"https:\/\/redfoxlotto.com\/image?size=8&amp;lottery=superenalotto","contentUrl":"https:\/\/redfoxlotto.com\/image?size=8&amp;lottery=superenalotto"},{"@type":"BreadcrumbList","@id":"https:\/\/onlinelotto365.com\/sv\/vinnande-nummer\/superenalotto\/#breadcrumb","itemListElement":[{"@type":"ListItem","position":1,"name":"Home","item":"https:\/\/onlinelotto365.com\/sv\/"},{"@type":"ListItem","position":2,"name":"Hitta vinnande nummer och resultat f\u00f6r de senaste lottodragningarna","item":"https:\/\/onlinelotto365.com\/sv\/vinnande-nummer\/"},{"@type":"ListItem","position":3,"name":"Kolla de vinnande numren i Superenalotto h\u00e4r"}]},{"@type":"WebSite","@id":"https:\/\/onlinelotto365.com\/sv\/#website","url":"https:\/\/onlinelotto365.com\/sv\/","name":"OnlineLotto365","description":"","potentialAction":[{"@type":"SearchAction","target":{"@type":"EntryPoint","urlTemplate":"https:\/\/onlinelotto365.com\/sv\/?s={search_term_string}"},"query-input":{"@type":"PropertyValueSpecification","valueRequired":true,"valueName":"search_term_string"}}],"inLanguage":"sv-SE"}]}},"_links":{"self":[{"href":"https:\/\/onlinelotto365.com\/sv\/wp-json\/wp\/v2\/pages\/80085","targetHints":{"allow":["GET"]}}],"collection":[{"href":"https:\/\/onlinelotto365.com\/sv\/wp-json\/wp\/v2\/pages"}],"about":[{"href":"https:\/\/onlinelotto365.com\/sv\/wp-json\/wp\/v2\/types\/page"}],"author":[{"embeddable":true,"href":"https:\/\/onlinelotto365.com\/sv\/wp-json\/wp\/v2\/users\/1"}],"replies":[{"embeddable":true,"href":"https:\/\/onlinelotto365.com\/sv\/wp-json\/wp\/v2\/comments?post=80085"}],"version-history":[{"count":0,"href":"https:\/\/onlinelotto365.com\/sv\/wp-json\/wp\/v2\/pages\/80085\/revisions"}],"up":[{"embeddable":true,"href":"https:\/\/onlinelotto365.com\/sv\/wp-json\/wp\/v2\/pages\/5869"}],"wp:attachment":[{"href":"https:\/\/onlinelotto365.com\/sv\/wp-json\/wp\/v2\/media?parent=80085"}],"curies":[{"name":"wp","href":"https:\/\/api.w.org\/{rel}","templated":true}]}}