{"id":80117,"date":"2022-11-14T18:50:47","date_gmt":"2022-11-14T17:50:47","guid":{"rendered":"https:\/\/onlinelotto365.com\/?page_id=80117"},"modified":"2022-11-14T18:50:47","modified_gmt":"2022-11-14T17:50:47","slug":"euromillions","status":"publish","type":"page","link":"https:\/\/onlinelotto365.com\/sv\/vinnande-nummer\/euromillions\/","title":{"rendered":"Se de vinnande numren i Euromillions"},"content":{"rendered":"<p>Vi vet att det finns m\u00e5nga internationella lotterispel p\u00e5 v\u00e5r webbplats och att det kan vara lite f\u00f6rvirrande f\u00f6r dig. Men det beh\u00f6ver inte vara s\u00e5 f\u00f6rvirrande som du tror. Och det beh\u00f6ver inte heller vara s\u00e5 sv\u00e5rt f\u00f6r dig att hitta de vinnande numren f\u00f6r det spel du vill ha. Men du kanske har t\u00e4nkt p\u00e5 att kolla n\u00e5gon annanstans. Tidningen och TV:n \u00e4r ett par alternativ, men om du inte \u00e4r lokal kan det vara sv\u00e5rt att hitta resultaten p\u00e5 n\u00e5got av dessa st\u00e4llen.<br \/>\n<a href=\"https:\/\/redfoxlotto.com\/play\/euromillions\/?ref=a8564250a2&amp;medium=ol365\" target=\"_blank\" rel=\"noopener noreferrer\"><img decoding=\"async\" class=\"aligncenter\" src=\"https:\/\/redfoxlotto.com\/image?size=8&amp;lottery=euromillions\" alt=\"euromillions\" \/><\/a><br \/>\nDu kan ocks\u00e5 v\u00e4lja att g\u00e5 till den officiella webbplatsen f\u00f6r EuroMillions-lotteriet. Detta \u00e4r ett av de b\u00e4sta st\u00e4llena f\u00f6r att f\u00e5 resultaten eftersom de \u00e4r tillg\u00e4ngliga fakta och du kanske till och med kan se en live stream av dragningen. Det kan vara roligt och sp\u00e4nnande att se dragningen live, s\u00e4rskilt om det \u00e4r du som vinner och du f\u00e5r se dina nummer komma fram. Men det kan ta mycket tid och det \u00e4r inte alla lotterispel som faktiskt streamas.<\/p>\n<p>N\u00e4r lotteriet v\u00e4l har dragits \u00e4r ett annat alternativ att kolla p\u00e5 YouTube f\u00f6r att se om du kan f\u00e5 en video av dragningen eller n\u00e5gon annan som avsl\u00f6jar numren i efterhand.<\/p>\n<p>Det b\u00e4sta s\u00e4ttet att f\u00e5 fram de vinnande numren \u00e4r dock att g\u00e5 in p\u00e5 v\u00e5r webbplats och kontrollera resultaten. Allt finns tillg\u00e4ngligt p\u00e5 v\u00e5r sida med lotteriresultat, som visar dig de vinnande numren f\u00f6r alla lottospel som du kan k\u00f6pa p\u00e5 v\u00e5r webbplats.<\/p>\n<h2>S\u00e5 h\u00e4r tar du reda p\u00e5 om din online-lott har vunnit<\/h2>\n<p>Vad som \u00e4r \u00e4nnu b\u00e4ttre \u00e4r att om du faktiskt har k\u00f6pt en lott f\u00f6r det h\u00e4r spelet beh\u00f6ver du inte ens oroa dig f\u00f6r att g\u00e5 till resultatsidan. Du kan bara g\u00e5 direkt till ditt konto och sidan med dina biljetter.<\/p>\n<p>D\u00e4rifr\u00e5n kan du se de vinnande numren och dina nummer j\u00e4mf\u00f6ras. Och vi markerar de nummer som matchar s\u00e5 att du inte missar dem. Dessutom tar vi hand om att ge dig vinsterna fr\u00e5n dina nummer om du har n\u00e5got under 2 500 euro. Om det \u00e4r \u00f6ver beh\u00f6ver du bara fylla i ett formul\u00e4r s\u00e5 hj\u00e4lper vi dig \u00e4nd\u00e5 att f\u00e5 allting ordnat.<\/p>\n<h2>EuroMillions resultatarkiv<\/h2>\n<p>Vi har flera omr\u00e5den d\u00e4r du kan se de senaste vinnande numren f\u00f6r EuroMillions och resultaten fr\u00e5n andra spel, men vi har ocks\u00e5 alternativ f\u00f6r att kolla upp gamla vinnande nummer ocks\u00e5. Om du vill vara s\u00e4ker p\u00e5 att du v\u00e4ljer r\u00e4tt nummer f\u00f6r nettospelet kan det vara ett bra s\u00e4tt att titta p\u00e5 de \u00e4ldre spelen.<\/p>\n<h2>Min lott har vunnit, vad h\u00e4nder h\u00e4rn\u00e4st?<\/h2>\n<p><img loading=\"lazy\" decoding=\"async\" class=\"alignright wp-image-3645\" src=\"https:\/\/onlinelotto365.com\/wp-content\/uploads\/2020\/11\/online_lottery-129-300x300.jpg\" alt=\"Euromillions vinnande nummer\" width=\"210\" height=\"210\" srcset=\"https:\/\/onlinelotto365.com\/wp-content\/uploads\/2020\/11\/online_lottery-129-300x300.jpg 300w, https:\/\/onlinelotto365.com\/wp-content\/uploads\/2020\/11\/online_lottery-129-100x100.jpg 100w, https:\/\/onlinelotto365.com\/wp-content\/uploads\/2020\/11\/online_lottery-129-150x150.jpg 150w, https:\/\/onlinelotto365.com\/wp-content\/uploads\/2020\/11\/online_lottery-129.jpg 320w\" sizes=\"auto, (max-width: 210px) 100vw, 210px\" \/><br \/>\nVi har redan n\u00e4mnt att alla vinster du vinner som \u00e4r mindre \u00e4n 2 500 euro kommer att s\u00e4ttas in p\u00e5 ditt konto \u00e5t dig av v\u00e5r kundtj\u00e4nst. N\u00e4r pengarna v\u00e4l finns p\u00e5 ditt konto kan du ta ut dem, anv\u00e4nda dem eller vad du vill. Detta kommer att g\u00f6ra det enkelt f\u00f6r dig att forts\u00e4tta spela eller anv\u00e4nda dina pengar till vad du vill.<br \/>\nInte bara det, du kan ta ut pengarna fr\u00e5n ett konto som du redan har anv\u00e4nt f\u00f6r att k\u00f6pa eller s\u00e4tta in ytterligare pengar p\u00e5 ditt konto. Det inkluderar bankkonton, kreditkort med mera.<\/p>\n","protected":false},"excerpt":{"rendered":"<p>Vi vet att det finns m\u00e5nga internationella lotterispel p\u00e5 v\u00e5r webbplats och att det kan vara lite f\u00f6rvirrande f\u00f6r dig. Men det beh\u00f6ver inte vara s\u00e5 f\u00f6rvirrande som du tror. Och det beh\u00f6ver inte heller vara s\u00e5 sv\u00e5rt f\u00f6r dig att hitta de vinnande numren f\u00f6r det spel du vill ha. Men du kanske har [&hellip;]<\/p>\n","protected":false},"author":1,"featured_media":0,"parent":5869,"menu_order":3,"comment_status":"closed","ping_status":"closed","template":"euromillions-results.php","meta":{"_et_pb_use_builder":"","_et_pb_old_content":"","_et_gb_content_width":"","exclude_from_search":false,"footnotes":""},"class_list":["post-80117","page","type-page","status-publish","hentry"],"yoast_head":"<!-- This site is optimized with the Yoast SEO plugin v23.4 - https:\/\/yoast.com\/wordpress\/plugins\/seo\/ -->\n<title>Vinnande nummer Euromillions | Se de senaste vinsterna och resultaten f\u00f6r Euromillions<\/title>\n<meta name=\"description\" content=\"J\u00e4mf\u00f6r din Euromillions-lott med de vinnande numren - se alla lotteriresultat h\u00e4r\" \/>\n<meta name=\"robots\" content=\"index, follow, max-snippet:-1, max-image-preview:large, max-video-preview:-1\" \/>\n<link rel=\"canonical\" href=\"https:\/\/onlinelotto365.com\/sv\/vinnande-nummer\/euromillions\/\" \/>\n<meta property=\"og:locale\" content=\"sv_SE\" \/>\n<meta property=\"og:type\" content=\"article\" \/>\n<meta property=\"og:title\" content=\"Vinnande nummer Euromillions | Se de senaste vinsterna och resultaten f\u00f6r Euromillions\" \/>\n<meta property=\"og:description\" content=\"J\u00e4mf\u00f6r din Euromillions-lott med de vinnande numren - se alla lotteriresultat h\u00e4r\" \/>\n<meta property=\"og:url\" content=\"https:\/\/onlinelotto365.com\/sv\/vinnande-nummer\/euromillions\/\" \/>\n<meta property=\"og:site_name\" content=\"OnlineLotto365\" \/>\n<meta property=\"og:image\" content=\"https:\/\/redfoxlotto.com\/image?size=8&amp;lottery=euromillions\" \/>\n<meta name=\"twitter:card\" content=\"summary_large_image\" \/>\n<meta name=\"twitter:label1\" content=\"Ber\u00e4knad l\u00e4stid\" \/>\n\t<meta name=\"twitter:data1\" content=\"3 minuter\" \/>\n<script type=\"application\/ld+json\" class=\"yoast-schema-graph\">{\"@context\":\"https:\/\/schema.org\",\"@graph\":[{\"@type\":\"WebPage\",\"@id\":\"https:\/\/onlinelotto365.com\/sv\/vinnande-nummer\/euromillions\/\",\"url\":\"https:\/\/onlinelotto365.com\/sv\/vinnande-nummer\/euromillions\/\",\"name\":\"Vinnande nummer Euromillions | Se de senaste vinsterna och resultaten f\u00f6r Euromillions\",\"isPartOf\":{\"@id\":\"https:\/\/onlinelotto365.com\/sv\/#website\"},\"primaryImageOfPage\":{\"@id\":\"https:\/\/onlinelotto365.com\/sv\/vinnande-nummer\/euromillions\/#primaryimage\"},\"image\":{\"@id\":\"https:\/\/onlinelotto365.com\/sv\/vinnande-nummer\/euromillions\/#primaryimage\"},\"thumbnailUrl\":\"https:\/\/redfoxlotto.com\/image?size=8&amp;lottery=euromillions\",\"datePublished\":\"2022-11-14T17:50:47+00:00\",\"dateModified\":\"2022-11-14T17:50:47+00:00\",\"description\":\"J\u00e4mf\u00f6r din Euromillions-lott med de vinnande numren - se alla lotteriresultat h\u00e4r\",\"breadcrumb\":{\"@id\":\"https:\/\/onlinelotto365.com\/sv\/vinnande-nummer\/euromillions\/#breadcrumb\"},\"inLanguage\":\"sv-SE\",\"potentialAction\":[{\"@type\":\"ReadAction\",\"target\":[\"https:\/\/onlinelotto365.com\/sv\/vinnande-nummer\/euromillions\/\"]}]},{\"@type\":\"ImageObject\",\"inLanguage\":\"sv-SE\",\"@id\":\"https:\/\/onlinelotto365.com\/sv\/vinnande-nummer\/euromillions\/#primaryimage\",\"url\":\"https:\/\/redfoxlotto.com\/image?size=8&amp;lottery=euromillions\",\"contentUrl\":\"https:\/\/redfoxlotto.com\/image?size=8&amp;lottery=euromillions\"},{\"@type\":\"BreadcrumbList\",\"@id\":\"https:\/\/onlinelotto365.com\/sv\/vinnande-nummer\/euromillions\/#breadcrumb\",\"itemListElement\":[{\"@type\":\"ListItem\",\"position\":1,\"name\":\"Home\",\"item\":\"https:\/\/onlinelotto365.com\/sv\/\"},{\"@type\":\"ListItem\",\"position\":2,\"name\":\"Hitta vinnande nummer och resultat f\u00f6r de senaste lottodragningarna\",\"item\":\"https:\/\/onlinelotto365.com\/sv\/vinnande-nummer\/\"},{\"@type\":\"ListItem\",\"position\":3,\"name\":\"Se de vinnande numren i Euromillions\"}]},{\"@type\":\"WebSite\",\"@id\":\"https:\/\/onlinelotto365.com\/sv\/#website\",\"url\":\"https:\/\/onlinelotto365.com\/sv\/\",\"name\":\"OnlineLotto365\",\"description\":\"\",\"potentialAction\":[{\"@type\":\"SearchAction\",\"target\":{\"@type\":\"EntryPoint\",\"urlTemplate\":\"https:\/\/onlinelotto365.com\/sv\/?s={search_term_string}\"},\"query-input\":{\"@type\":\"PropertyValueSpecification\",\"valueRequired\":true,\"valueName\":\"search_term_string\"}}],\"inLanguage\":\"sv-SE\"}]}<\/script>\n<!-- \/ Yoast SEO plugin. -->","yoast_head_json":{"title":"Vinnande nummer Euromillions | Se de senaste vinsterna och resultaten f\u00f6r Euromillions","description":"J\u00e4mf\u00f6r din Euromillions-lott med de vinnande numren - se alla lotteriresultat h\u00e4r","robots":{"index":"index","follow":"follow","max-snippet":"max-snippet:-1","max-image-preview":"max-image-preview:large","max-video-preview":"max-video-preview:-1"},"canonical":"https:\/\/onlinelotto365.com\/sv\/vinnande-nummer\/euromillions\/","og_locale":"sv_SE","og_type":"article","og_title":"Vinnande nummer Euromillions | Se de senaste vinsterna och resultaten f\u00f6r Euromillions","og_description":"J\u00e4mf\u00f6r din Euromillions-lott med de vinnande numren - se alla lotteriresultat h\u00e4r","og_url":"https:\/\/onlinelotto365.com\/sv\/vinnande-nummer\/euromillions\/","og_site_name":"OnlineLotto365","og_image":[{"url":"https:\/\/redfoxlotto.com\/image?size=8&amp;lottery=euromillions"}],"twitter_card":"summary_large_image","twitter_misc":{"Ber\u00e4knad l\u00e4stid":"3 minuter"},"schema":{"@context":"https:\/\/schema.org","@graph":[{"@type":"WebPage","@id":"https:\/\/onlinelotto365.com\/sv\/vinnande-nummer\/euromillions\/","url":"https:\/\/onlinelotto365.com\/sv\/vinnande-nummer\/euromillions\/","name":"Vinnande nummer Euromillions | Se de senaste vinsterna och resultaten f\u00f6r Euromillions","isPartOf":{"@id":"https:\/\/onlinelotto365.com\/sv\/#website"},"primaryImageOfPage":{"@id":"https:\/\/onlinelotto365.com\/sv\/vinnande-nummer\/euromillions\/#primaryimage"},"image":{"@id":"https:\/\/onlinelotto365.com\/sv\/vinnande-nummer\/euromillions\/#primaryimage"},"thumbnailUrl":"https:\/\/redfoxlotto.com\/image?size=8&amp;lottery=euromillions","datePublished":"2022-11-14T17:50:47+00:00","dateModified":"2022-11-14T17:50:47+00:00","description":"J\u00e4mf\u00f6r din Euromillions-lott med de vinnande numren - se alla lotteriresultat h\u00e4r","breadcrumb":{"@id":"https:\/\/onlinelotto365.com\/sv\/vinnande-nummer\/euromillions\/#breadcrumb"},"inLanguage":"sv-SE","potentialAction":[{"@type":"ReadAction","target":["https:\/\/onlinelotto365.com\/sv\/vinnande-nummer\/euromillions\/"]}]},{"@type":"ImageObject","inLanguage":"sv-SE","@id":"https:\/\/onlinelotto365.com\/sv\/vinnande-nummer\/euromillions\/#primaryimage","url":"https:\/\/redfoxlotto.com\/image?size=8&amp;lottery=euromillions","contentUrl":"https:\/\/redfoxlotto.com\/image?size=8&amp;lottery=euromillions"},{"@type":"BreadcrumbList","@id":"https:\/\/onlinelotto365.com\/sv\/vinnande-nummer\/euromillions\/#breadcrumb","itemListElement":[{"@type":"ListItem","position":1,"name":"Home","item":"https:\/\/onlinelotto365.com\/sv\/"},{"@type":"ListItem","position":2,"name":"Hitta vinnande nummer och resultat f\u00f6r de senaste lottodragningarna","item":"https:\/\/onlinelotto365.com\/sv\/vinnande-nummer\/"},{"@type":"ListItem","position":3,"name":"Se de vinnande numren i Euromillions"}]},{"@type":"WebSite","@id":"https:\/\/onlinelotto365.com\/sv\/#website","url":"https:\/\/onlinelotto365.com\/sv\/","name":"OnlineLotto365","description":"","potentialAction":[{"@type":"SearchAction","target":{"@type":"EntryPoint","urlTemplate":"https:\/\/onlinelotto365.com\/sv\/?s={search_term_string}"},"query-input":{"@type":"PropertyValueSpecification","valueRequired":true,"valueName":"search_term_string"}}],"inLanguage":"sv-SE"}]}},"_links":{"self":[{"href":"https:\/\/onlinelotto365.com\/sv\/wp-json\/wp\/v2\/pages\/80117","targetHints":{"allow":["GET"]}}],"collection":[{"href":"https:\/\/onlinelotto365.com\/sv\/wp-json\/wp\/v2\/pages"}],"about":[{"href":"https:\/\/onlinelotto365.com\/sv\/wp-json\/wp\/v2\/types\/page"}],"author":[{"embeddable":true,"href":"https:\/\/onlinelotto365.com\/sv\/wp-json\/wp\/v2\/users\/1"}],"replies":[{"embeddable":true,"href":"https:\/\/onlinelotto365.com\/sv\/wp-json\/wp\/v2\/comments?post=80117"}],"version-history":[{"count":0,"href":"https:\/\/onlinelotto365.com\/sv\/wp-json\/wp\/v2\/pages\/80117\/revisions"}],"up":[{"embeddable":true,"href":"https:\/\/onlinelotto365.com\/sv\/wp-json\/wp\/v2\/pages\/5869"}],"wp:attachment":[{"href":"https:\/\/onlinelotto365.com\/sv\/wp-json\/wp\/v2\/media?parent=80117"}],"curies":[{"name":"wp","href":"https:\/\/api.w.org\/{rel}","templated":true}]}}