{"id":80149,"date":"2022-11-15T07:42:34","date_gmt":"2022-11-15T06:42:34","guid":{"rendered":"https:\/\/onlinelotto365.com\/?page_id=80149"},"modified":"2022-11-15T07:42:34","modified_gmt":"2022-11-15T06:42:34","slug":"mega-millions","status":"publish","type":"page","link":"https:\/\/onlinelotto365.com\/sv\/vinnande-nummer\/mega-millions\/","title":{"rendered":"Se de vinnande numren i Mega Millions h\u00e4r"},"content":{"rendered":"<p>Med alla de internationella lotterier som du kan spela p\u00e5 v\u00e5r webbplats kan det vara ett problem att f\u00e5 tag p\u00e5 de vinnande numren och resultaten. Du kommer f\u00f6rmodligen inte att kunna hitta de vinnande numren f\u00f6r Mega Millions i din tidning. Du skulle kunna leta efter en tillg\u00e4nglig tv-kanal som inkluderar dragningsresultaten i sina nyheter, men det skulle kr\u00e4va en del forskning.<br \/>\n<a href=\"https:\/\/redfoxlotto.com\/play\/mega-millions\/?ref=a8564250a2&amp;medium=ol365\" target=\"_blank\" rel=\"noopener noreferrer\"><img decoding=\"async\" class=\"aligncenter\" src=\"https:\/\/redfoxlotto.com\/image?size=8&amp;lottery=mega-millions\" alt=\"Mega Millions\" \/><\/a><br \/>\nEtt alternativ skulle vara att kontrollera om den officiella webbplatsen f\u00f6r Mega Millions-lotteriet s\u00e4nder en direkts\u00e4ndning av dragningsf\u00f6rfarandet. Att se numren dras live \u00e4r naturligtvis v\u00e4ldigt sp\u00e4nnande. Det skulle ocks\u00e5 vara det snabbaste s\u00e4ttet att f\u00e5 reda p\u00e5 om dina nummer har vunnit. Men de flesta lotterier erbjuder inte live streaming av dragningen i realtid.<\/p>\n<p>Om dragningen redan har gjorts vid den tidpunkt d\u00e5 du vill kontrollera de vinnande numren kan du g\u00e5 \u00f6ver till Youtube och g\u00f6ra en s\u00f6kning efter en video som visar den senaste dragningen av Mega Millions.<\/p>\n<p>Men en mycket bekv\u00e4m metod f\u00f6r att kontrollera de vinnande numren samt resultaten och vinsterna i Mega Millions \u00e4r v\u00e5r egen sida med lotteriresultat. P\u00e5 en och samma sida kan du hitta vinnande nummer f\u00f6r alla de lotterier som vi erbjuder.<\/p>\n<h2>S\u00e5 h\u00e4r tar du reda p\u00e5 om din online-lott har vunnit<\/h2>\n<p>Och det blir \u00e4nnu b\u00e4ttre! Om du har k\u00f6pt en lott f\u00f6r Mega Millions p\u00e5 v\u00e5r webbplats kan du ta en titt p\u00e5 ditt konto (du m\u00e5ste f\u00f6rst\u00e5s logga in f\u00f6rst) och den sektion d\u00e4r dina lotter finns lagrade. F\u00f6r varje lotteri som du har spelat visas de vinnande numren precis bredvid de nummer som du valde. Alla nummer fr\u00e5n din lott som st\u00e4mmer \u00f6verens med dragningsresultatet \u00e4r ocks\u00e5 f\u00e4rgmarkerade. N\u00e4r du vet hur m\u00e5nga nummer du har valt r\u00e4tt kan du kontrollera hur mycket du har vunnit. Kom ocks\u00e5 ih\u00e5g att alla vinster p\u00e5 mindre \u00e4n 2 500 euro kommer att krediteras till ditt spelarkonto s\u00e5 snart lotteriet har bekr\u00e4ftat de officiella resultaten.<\/p>\n<h2>Mega Millions resultatarkiv<\/h2>\n<p>P\u00e5 de sidor p\u00e5 v\u00e5r webbplats som visar de senaste Mega Millions-resultaten kan du ocks\u00e5 kontrollera tidigare dragningsresultat. Detta \u00e4r n\u00e5got som m\u00e5nga spelare anv\u00e4nder f\u00f6r att kontrollera vilka nummer som har dragits nyligen eller vilka nummer som inte har dragits tidigare. Det \u00e4r en mycket popul\u00e4r lotteristrategi att anv\u00e4nda den informationen n\u00e4r du v\u00e4ljer numren till din n\u00e4sta lott.<\/p>\n<h2>Min lott har vunnit, vad h\u00e4nder h\u00e4rn\u00e4st?<\/h2>\n<p>Som vi redan har n\u00e4mnt kommer vinster p\u00e5 mindre \u00e4n 2 500 euro att krediteras direkt till ditt kundkonto p\u00e5 v\u00e5r webbplats. D\u00e4rifr\u00e5n kan du ta ut hela eller en del av vinsten, s\u00e5 l\u00e4nge du har ett saldo p\u00e5 minst 10 euro. Eller s\u00e5 kan du anv\u00e4nda en del av det f\u00f6r att k\u00f6pa nya lotter. Om du best\u00e4mmer dig f\u00f6r att ta ut pengar till ditt kreditkort eller bankkonto m\u00e5ste du ge oss n\u00e5gra dokument f\u00f6r identifiering. Detta \u00e4r ett krav fr\u00e5n v\u00e5ra betalningsf\u00f6rmedlare p\u00e5 grund av lagarna mot penningtv\u00e4tt. Du kan inte heller anv\u00e4nda en uttagsmetod som inte tidigare har anv\u00e4nts f\u00f6r ett k\u00f6p eller en ins\u00e4ttning.<\/p>\n","protected":false},"excerpt":{"rendered":"<p>Med alla de internationella lotterier som du kan spela p\u00e5 v\u00e5r webbplats kan det vara ett problem att f\u00e5 tag p\u00e5 de vinnande numren och resultaten. Du kommer f\u00f6rmodligen inte att kunna hitta de vinnande numren f\u00f6r Mega Millions i din tidning. Du skulle kunna leta efter en tillg\u00e4nglig tv-kanal som inkluderar dragningsresultaten i sina [&hellip;]<\/p>\n","protected":false},"author":1,"featured_media":0,"parent":5869,"menu_order":2,"comment_status":"closed","ping_status":"closed","template":"megamillion-results.php","meta":{"_et_pb_use_builder":"","_et_pb_old_content":"","_et_gb_content_width":"","exclude_from_search":false,"footnotes":""},"class_list":["post-80149","page","type-page","status-publish","hentry"],"yoast_head":"<!-- This site is optimized with the Yoast SEO plugin v23.4 - https:\/\/yoast.com\/wordpress\/plugins\/seo\/ -->\n<title>Vinstnummer Mega Millions | Senaste dragningsresultat och priser f\u00f6r Mega Millions<\/title>\n<meta name=\"description\" content=\"Hur du anv\u00e4nder v\u00e5r webbplats f\u00f6r att enkelt hitta vinnande nummer och resultat f\u00f6r Mega Millions\" \/>\n<meta name=\"robots\" content=\"index, follow, max-snippet:-1, max-image-preview:large, max-video-preview:-1\" \/>\n<link rel=\"canonical\" href=\"https:\/\/onlinelotto365.com\/sv\/vinnande-nummer\/mega-millions\/\" \/>\n<meta property=\"og:locale\" content=\"sv_SE\" \/>\n<meta property=\"og:type\" content=\"article\" \/>\n<meta property=\"og:title\" content=\"Vinstnummer Mega Millions | Senaste dragningsresultat och priser f\u00f6r Mega Millions\" \/>\n<meta property=\"og:description\" content=\"Hur du anv\u00e4nder v\u00e5r webbplats f\u00f6r att enkelt hitta vinnande nummer och resultat f\u00f6r Mega Millions\" \/>\n<meta property=\"og:url\" content=\"https:\/\/onlinelotto365.com\/sv\/vinnande-nummer\/mega-millions\/\" \/>\n<meta property=\"og:site_name\" content=\"OnlineLotto365\" \/>\n<meta property=\"og:image\" content=\"https:\/\/redfoxlotto.com\/image?size=8&amp;lottery=mega-millions\" \/>\n<meta name=\"twitter:card\" content=\"summary_large_image\" \/>\n<meta name=\"twitter:label1\" content=\"Ber\u00e4knad l\u00e4stid\" \/>\n\t<meta name=\"twitter:data1\" content=\"3 minuter\" \/>\n<script type=\"application\/ld+json\" class=\"yoast-schema-graph\">{\"@context\":\"https:\/\/schema.org\",\"@graph\":[{\"@type\":\"WebPage\",\"@id\":\"https:\/\/onlinelotto365.com\/sv\/vinnande-nummer\/mega-millions\/\",\"url\":\"https:\/\/onlinelotto365.com\/sv\/vinnande-nummer\/mega-millions\/\",\"name\":\"Vinstnummer Mega Millions | Senaste dragningsresultat och priser f\u00f6r Mega Millions\",\"isPartOf\":{\"@id\":\"https:\/\/onlinelotto365.com\/sv\/#website\"},\"primaryImageOfPage\":{\"@id\":\"https:\/\/onlinelotto365.com\/sv\/vinnande-nummer\/mega-millions\/#primaryimage\"},\"image\":{\"@id\":\"https:\/\/onlinelotto365.com\/sv\/vinnande-nummer\/mega-millions\/#primaryimage\"},\"thumbnailUrl\":\"https:\/\/redfoxlotto.com\/image?size=8&amp;lottery=mega-millions\",\"datePublished\":\"2022-11-15T06:42:34+00:00\",\"dateModified\":\"2022-11-15T06:42:34+00:00\",\"description\":\"Hur du anv\u00e4nder v\u00e5r webbplats f\u00f6r att enkelt hitta vinnande nummer och resultat f\u00f6r Mega Millions\",\"breadcrumb\":{\"@id\":\"https:\/\/onlinelotto365.com\/sv\/vinnande-nummer\/mega-millions\/#breadcrumb\"},\"inLanguage\":\"sv-SE\",\"potentialAction\":[{\"@type\":\"ReadAction\",\"target\":[\"https:\/\/onlinelotto365.com\/sv\/vinnande-nummer\/mega-millions\/\"]}]},{\"@type\":\"ImageObject\",\"inLanguage\":\"sv-SE\",\"@id\":\"https:\/\/onlinelotto365.com\/sv\/vinnande-nummer\/mega-millions\/#primaryimage\",\"url\":\"https:\/\/redfoxlotto.com\/image?size=8&amp;lottery=mega-millions\",\"contentUrl\":\"https:\/\/redfoxlotto.com\/image?size=8&amp;lottery=mega-millions\"},{\"@type\":\"BreadcrumbList\",\"@id\":\"https:\/\/onlinelotto365.com\/sv\/vinnande-nummer\/mega-millions\/#breadcrumb\",\"itemListElement\":[{\"@type\":\"ListItem\",\"position\":1,\"name\":\"Home\",\"item\":\"https:\/\/onlinelotto365.com\/sv\/\"},{\"@type\":\"ListItem\",\"position\":2,\"name\":\"Hitta vinnande nummer och resultat f\u00f6r de senaste lottodragningarna\",\"item\":\"https:\/\/onlinelotto365.com\/sv\/vinnande-nummer\/\"},{\"@type\":\"ListItem\",\"position\":3,\"name\":\"Se de vinnande numren i Mega Millions h\u00e4r\"}]},{\"@type\":\"WebSite\",\"@id\":\"https:\/\/onlinelotto365.com\/sv\/#website\",\"url\":\"https:\/\/onlinelotto365.com\/sv\/\",\"name\":\"OnlineLotto365\",\"description\":\"\",\"potentialAction\":[{\"@type\":\"SearchAction\",\"target\":{\"@type\":\"EntryPoint\",\"urlTemplate\":\"https:\/\/onlinelotto365.com\/sv\/?s={search_term_string}\"},\"query-input\":{\"@type\":\"PropertyValueSpecification\",\"valueRequired\":true,\"valueName\":\"search_term_string\"}}],\"inLanguage\":\"sv-SE\"}]}<\/script>\n<!-- \/ Yoast SEO plugin. -->","yoast_head_json":{"title":"Vinstnummer Mega Millions | Senaste dragningsresultat och priser f\u00f6r Mega Millions","description":"Hur du anv\u00e4nder v\u00e5r webbplats f\u00f6r att enkelt hitta vinnande nummer och resultat f\u00f6r Mega Millions","robots":{"index":"index","follow":"follow","max-snippet":"max-snippet:-1","max-image-preview":"max-image-preview:large","max-video-preview":"max-video-preview:-1"},"canonical":"https:\/\/onlinelotto365.com\/sv\/vinnande-nummer\/mega-millions\/","og_locale":"sv_SE","og_type":"article","og_title":"Vinstnummer Mega Millions | Senaste dragningsresultat och priser f\u00f6r Mega Millions","og_description":"Hur du anv\u00e4nder v\u00e5r webbplats f\u00f6r att enkelt hitta vinnande nummer och resultat f\u00f6r Mega Millions","og_url":"https:\/\/onlinelotto365.com\/sv\/vinnande-nummer\/mega-millions\/","og_site_name":"OnlineLotto365","og_image":[{"url":"https:\/\/redfoxlotto.com\/image?size=8&amp;lottery=mega-millions"}],"twitter_card":"summary_large_image","twitter_misc":{"Ber\u00e4knad l\u00e4stid":"3 minuter"},"schema":{"@context":"https:\/\/schema.org","@graph":[{"@type":"WebPage","@id":"https:\/\/onlinelotto365.com\/sv\/vinnande-nummer\/mega-millions\/","url":"https:\/\/onlinelotto365.com\/sv\/vinnande-nummer\/mega-millions\/","name":"Vinstnummer Mega Millions | Senaste dragningsresultat och priser f\u00f6r Mega Millions","isPartOf":{"@id":"https:\/\/onlinelotto365.com\/sv\/#website"},"primaryImageOfPage":{"@id":"https:\/\/onlinelotto365.com\/sv\/vinnande-nummer\/mega-millions\/#primaryimage"},"image":{"@id":"https:\/\/onlinelotto365.com\/sv\/vinnande-nummer\/mega-millions\/#primaryimage"},"thumbnailUrl":"https:\/\/redfoxlotto.com\/image?size=8&amp;lottery=mega-millions","datePublished":"2022-11-15T06:42:34+00:00","dateModified":"2022-11-15T06:42:34+00:00","description":"Hur du anv\u00e4nder v\u00e5r webbplats f\u00f6r att enkelt hitta vinnande nummer och resultat f\u00f6r Mega Millions","breadcrumb":{"@id":"https:\/\/onlinelotto365.com\/sv\/vinnande-nummer\/mega-millions\/#breadcrumb"},"inLanguage":"sv-SE","potentialAction":[{"@type":"ReadAction","target":["https:\/\/onlinelotto365.com\/sv\/vinnande-nummer\/mega-millions\/"]}]},{"@type":"ImageObject","inLanguage":"sv-SE","@id":"https:\/\/onlinelotto365.com\/sv\/vinnande-nummer\/mega-millions\/#primaryimage","url":"https:\/\/redfoxlotto.com\/image?size=8&amp;lottery=mega-millions","contentUrl":"https:\/\/redfoxlotto.com\/image?size=8&amp;lottery=mega-millions"},{"@type":"BreadcrumbList","@id":"https:\/\/onlinelotto365.com\/sv\/vinnande-nummer\/mega-millions\/#breadcrumb","itemListElement":[{"@type":"ListItem","position":1,"name":"Home","item":"https:\/\/onlinelotto365.com\/sv\/"},{"@type":"ListItem","position":2,"name":"Hitta vinnande nummer och resultat f\u00f6r de senaste lottodragningarna","item":"https:\/\/onlinelotto365.com\/sv\/vinnande-nummer\/"},{"@type":"ListItem","position":3,"name":"Se de vinnande numren i Mega Millions h\u00e4r"}]},{"@type":"WebSite","@id":"https:\/\/onlinelotto365.com\/sv\/#website","url":"https:\/\/onlinelotto365.com\/sv\/","name":"OnlineLotto365","description":"","potentialAction":[{"@type":"SearchAction","target":{"@type":"EntryPoint","urlTemplate":"https:\/\/onlinelotto365.com\/sv\/?s={search_term_string}"},"query-input":{"@type":"PropertyValueSpecification","valueRequired":true,"valueName":"search_term_string"}}],"inLanguage":"sv-SE"}]}},"_links":{"self":[{"href":"https:\/\/onlinelotto365.com\/sv\/wp-json\/wp\/v2\/pages\/80149","targetHints":{"allow":["GET"]}}],"collection":[{"href":"https:\/\/onlinelotto365.com\/sv\/wp-json\/wp\/v2\/pages"}],"about":[{"href":"https:\/\/onlinelotto365.com\/sv\/wp-json\/wp\/v2\/types\/page"}],"author":[{"embeddable":true,"href":"https:\/\/onlinelotto365.com\/sv\/wp-json\/wp\/v2\/users\/1"}],"replies":[{"embeddable":true,"href":"https:\/\/onlinelotto365.com\/sv\/wp-json\/wp\/v2\/comments?post=80149"}],"version-history":[{"count":0,"href":"https:\/\/onlinelotto365.com\/sv\/wp-json\/wp\/v2\/pages\/80149\/revisions"}],"up":[{"embeddable":true,"href":"https:\/\/onlinelotto365.com\/sv\/wp-json\/wp\/v2\/pages\/5869"}],"wp:attachment":[{"href":"https:\/\/onlinelotto365.com\/sv\/wp-json\/wp\/v2\/media?parent=80149"}],"curies":[{"name":"wp","href":"https:\/\/api.w.org\/{rel}","templated":true}]}}