{"id":80181,"date":"2022-11-15T08:59:27","date_gmt":"2022-11-15T07:59:27","guid":{"rendered":"https:\/\/onlinelotto365.com\/?page_id=80181"},"modified":"2022-11-15T08:59:27","modified_gmt":"2022-11-15T07:59:27","slug":"powerball","status":"publish","type":"page","link":"https:\/\/onlinelotto365.com\/sv\/vinnande-nummer\/powerball\/","title":{"rendered":"Resultat av dragningen i Powerball"},"content":{"rendered":"<h2>Se de vinnande numren i Powerball h\u00e4r<\/h2>\n<p>Det \u00e4r l\u00e4tt att hitta Powerballs vinnande nummer om du bor i USA. S\u00e4rskilt vid tillf\u00e4llen d\u00e5 jackpotten \u00e4r mycket h\u00f6g kommer resultaten att s\u00e4ndas i nyheterna och publiceras i alla tidningar.<br \/>\n<a href=\"https:\/\/redfoxlotto.com\/play\/powerball\/?ref=a8564250a2&amp;medium=ol365\" target=\"_blank\" rel=\"noopener noreferrer\"><img decoding=\"async\" class=\"aligncenter\" src=\"https:\/\/redfoxlotto.com\/image?size=8&amp;lottery=powerball\" alt=\"Powerball\" \/><\/a><br \/>\nMen vad h\u00e4nder om du inte bor i USA, hur f\u00e5r du tag p\u00e5 Powerballs vinnande nummer? Hur hittar du resultaten och ser hur mycket du har vunnit?<\/p>\n<h2>S\u00e5 h\u00e4r tar du reda p\u00e5 om din online-biljett har vunnit<\/h2>\n<p>Tja, om du har k\u00f6pt en online-biljett \u00e4r det faktiskt ganska enkelt. G\u00e5 tillbaka till v\u00e5r webbplats, logga in med ditt anv\u00e4ndarnamn och l\u00f6senord och g\u00e5 sedan till den sektion d\u00e4r din k\u00f6pbiljett lagras digitalt. De nummer som du spelade kommer att markeras i en annan f\u00e4rg om de matchar de dragna numren f\u00f6r den dragningsdag du k\u00f6pte din biljett f\u00f6r.<\/p>\n<p>Naturligtvis kan du ocks\u00e5 \u00f6ppna v\u00e5r sida med resultat\u00f6versikt och j\u00e4mf\u00f6ra dragningsresultaten med din lott p\u00e5 det s\u00e4ttet. En del av v\u00e5ra kunder gillar att skriva ut sina onlinebiljetter och sedan markera de vinnande numren p\u00e5 utskriften f\u00f6r att se om de har vunnit.<\/p>\n<h2>Arkiv med Powerball-resultat<\/h2>\n<p>P\u00e5 v\u00e5r \u00f6versiktssida f\u00f6r lotteriresultat kan du ocks\u00e5 ta en titt p\u00e5 de vinnande numren fr\u00e5n tidigare veckor. Detta kan hj\u00e4lpa dig med din strategi f\u00f6r att v\u00e4lja dina lyckonummer. Du kan till exempel f\u00f6rs\u00f6ka hitta nummer som \u00e4r l\u00e4nge sedan och sedan skapa en lott med enbart dessa nummer.<\/p>\n<p>Eller s\u00e5 kan du v\u00e4lja dina vinnande nummer i Powerball genom att ta reda p\u00e5 vilka nummer som har dykt upp oftare \u00e4n andra nummer. M\u00e5nga spelare anv\u00e4nder en blandning av dessa tv\u00e5 metoder f\u00f6r att v\u00e4lja sina personliga lottnummer.<\/p>\n<p>Om du inte kan best\u00e4mma dig f\u00f6r vilka nummer du ska v\u00e4lja f\u00f6r en vinstlott, vad s\u00e4gs om den h\u00e4r metoden: Kontrollera de tidigare vinnande numren f\u00f6r n\u00e5got annat lotteri med ett nummerintervall som liknar det lotteri du planerar att spela. Hitta en vinnande kombination som du gillar i dessa tidigare resultat och anv\u00e4nd sedan dessa \u00e4ldre vinnande nummer f\u00f6r att spela en ny Powerball-lott.<\/p>\n<h2>Min lott har vunnit, vad h\u00e4nder h\u00e4rn\u00e4st?<\/h2>\n<p><img loading=\"lazy\" decoding=\"async\" class=\"size-full wp-image-50704 alignright\" src=\"https:\/\/onlinelotto365.com\/wp-content\/uploads\/2021\/01\/online_lottery-136.jpg\" alt=\"lotteri resultat\" width=\"297\" height=\"101\" \/><br \/>\nJa, grattis, bra f\u00f6r dig! Vi \u00e4r naturligtvis alltid glada om en av v\u00e5ra kunder har en biljett med den vinnande Powerball-biljetten p\u00e5. Oavsett om det \u00e4r en mindre eller st\u00f6rre vinst tar vi hand om utbetalningen \u00e5t dig, kostnadsfritt f\u00f6rst\u00e5s!<\/p>\n<p>Vinst p\u00e5 2 500 euro eller mindre &#8211; det vunna beloppet kommer att krediteras ditt saldo p\u00e5 v\u00e5r webbplats. Ta ut det d\u00e4rifr\u00e5n eller anv\u00e4nd saldot f\u00f6r att k\u00f6pa fler biljetter.<\/p>\n<p>Vinster p\u00e5 mer \u00e4n 2 500 euro &#8211; v\u00e5rt supportteam hj\u00e4lper dig att f\u00e5 ut pengarna. Efter att du har l\u00e4mnat viss information om din identitet och din \u00f6nskade betalningsmetod (bank\u00f6verf\u00f6ring eller check) kommer du att f\u00e5 betalt direkt p\u00e5 det s\u00e4tt du valt.<\/p>\n","protected":false},"excerpt":{"rendered":"<p>Se de vinnande numren i Powerball h\u00e4r Det \u00e4r l\u00e4tt att hitta Powerballs vinnande nummer om du bor i USA. S\u00e4rskilt vid tillf\u00e4llen d\u00e5 jackpotten \u00e4r mycket h\u00f6g kommer resultaten att s\u00e4ndas i nyheterna och publiceras i alla tidningar. Men vad h\u00e4nder om du inte bor i USA, hur f\u00e5r du tag p\u00e5 Powerballs vinnande [&hellip;]<\/p>\n","protected":false},"author":1,"featured_media":0,"parent":5869,"menu_order":1,"comment_status":"closed","ping_status":"closed","template":"powerball-usa-info.php","meta":{"_et_pb_use_builder":"","_et_pb_old_content":"","_et_gb_content_width":"","exclude_from_search":false,"footnotes":""},"class_list":["post-80181","page","type-page","status-publish","hentry"],"yoast_head":"<!-- This site is optimized with the Yoast SEO plugin v23.4 - https:\/\/yoast.com\/wordpress\/plugins\/seo\/ -->\n<title>Powerball vinnande nummer | Kontrollera resultat och vinster f\u00f6r Powerball USA<\/title>\n<meta name=\"description\" content=\"Vill du se om din Powerball-lott \u00e4r en vinnare? Kontrollera vinstnumren p\u00e5 v\u00e5r webbplats!\" \/>\n<meta name=\"robots\" content=\"index, follow, max-snippet:-1, max-image-preview:large, max-video-preview:-1\" \/>\n<link rel=\"canonical\" href=\"https:\/\/onlinelotto365.com\/sv\/vinnande-nummer\/powerball\/\" \/>\n<meta property=\"og:locale\" content=\"sv_SE\" \/>\n<meta property=\"og:type\" content=\"article\" \/>\n<meta property=\"og:title\" content=\"Powerball vinnande nummer | Kontrollera resultat och vinster f\u00f6r Powerball USA\" \/>\n<meta property=\"og:description\" content=\"Vill du se om din Powerball-lott \u00e4r en vinnare? Kontrollera vinstnumren p\u00e5 v\u00e5r webbplats!\" \/>\n<meta property=\"og:url\" content=\"https:\/\/onlinelotto365.com\/sv\/vinnande-nummer\/powerball\/\" \/>\n<meta property=\"og:site_name\" content=\"OnlineLotto365\" \/>\n<meta property=\"og:image\" content=\"https:\/\/redfoxlotto.com\/image?size=8&amp;lottery=powerball\" \/>\n<meta name=\"twitter:card\" content=\"summary_large_image\" \/>\n<meta name=\"twitter:label1\" content=\"Ber\u00e4knad l\u00e4stid\" \/>\n\t<meta name=\"twitter:data1\" content=\"3 minuter\" \/>\n<script type=\"application\/ld+json\" class=\"yoast-schema-graph\">{\"@context\":\"https:\/\/schema.org\",\"@graph\":[{\"@type\":\"WebPage\",\"@id\":\"https:\/\/onlinelotto365.com\/sv\/vinnande-nummer\/powerball\/\",\"url\":\"https:\/\/onlinelotto365.com\/sv\/vinnande-nummer\/powerball\/\",\"name\":\"Powerball vinnande nummer | Kontrollera resultat och vinster f\u00f6r Powerball USA\",\"isPartOf\":{\"@id\":\"https:\/\/onlinelotto365.com\/sv\/#website\"},\"primaryImageOfPage\":{\"@id\":\"https:\/\/onlinelotto365.com\/sv\/vinnande-nummer\/powerball\/#primaryimage\"},\"image\":{\"@id\":\"https:\/\/onlinelotto365.com\/sv\/vinnande-nummer\/powerball\/#primaryimage\"},\"thumbnailUrl\":\"https:\/\/redfoxlotto.com\/image?size=8&amp;lottery=powerball\",\"datePublished\":\"2022-11-15T07:59:27+00:00\",\"dateModified\":\"2022-11-15T07:59:27+00:00\",\"description\":\"Vill du se om din Powerball-lott \u00e4r en vinnare? Kontrollera vinstnumren p\u00e5 v\u00e5r webbplats!\",\"breadcrumb\":{\"@id\":\"https:\/\/onlinelotto365.com\/sv\/vinnande-nummer\/powerball\/#breadcrumb\"},\"inLanguage\":\"sv-SE\",\"potentialAction\":[{\"@type\":\"ReadAction\",\"target\":[\"https:\/\/onlinelotto365.com\/sv\/vinnande-nummer\/powerball\/\"]}]},{\"@type\":\"ImageObject\",\"inLanguage\":\"sv-SE\",\"@id\":\"https:\/\/onlinelotto365.com\/sv\/vinnande-nummer\/powerball\/#primaryimage\",\"url\":\"https:\/\/redfoxlotto.com\/image?size=8&amp;lottery=powerball\",\"contentUrl\":\"https:\/\/redfoxlotto.com\/image?size=8&amp;lottery=powerball\"},{\"@type\":\"BreadcrumbList\",\"@id\":\"https:\/\/onlinelotto365.com\/sv\/vinnande-nummer\/powerball\/#breadcrumb\",\"itemListElement\":[{\"@type\":\"ListItem\",\"position\":1,\"name\":\"Home\",\"item\":\"https:\/\/onlinelotto365.com\/sv\/\"},{\"@type\":\"ListItem\",\"position\":2,\"name\":\"Hitta vinnande nummer och resultat f\u00f6r de senaste lottodragningarna\",\"item\":\"https:\/\/onlinelotto365.com\/sv\/vinnande-nummer\/\"},{\"@type\":\"ListItem\",\"position\":3,\"name\":\"Resultat av dragningen i Powerball\"}]},{\"@type\":\"WebSite\",\"@id\":\"https:\/\/onlinelotto365.com\/sv\/#website\",\"url\":\"https:\/\/onlinelotto365.com\/sv\/\",\"name\":\"OnlineLotto365\",\"description\":\"\",\"potentialAction\":[{\"@type\":\"SearchAction\",\"target\":{\"@type\":\"EntryPoint\",\"urlTemplate\":\"https:\/\/onlinelotto365.com\/sv\/?s={search_term_string}\"},\"query-input\":{\"@type\":\"PropertyValueSpecification\",\"valueRequired\":true,\"valueName\":\"search_term_string\"}}],\"inLanguage\":\"sv-SE\"}]}<\/script>\n<!-- \/ Yoast SEO plugin. -->","yoast_head_json":{"title":"Powerball vinnande nummer | Kontrollera resultat och vinster f\u00f6r Powerball USA","description":"Vill du se om din Powerball-lott \u00e4r en vinnare? Kontrollera vinstnumren p\u00e5 v\u00e5r webbplats!","robots":{"index":"index","follow":"follow","max-snippet":"max-snippet:-1","max-image-preview":"max-image-preview:large","max-video-preview":"max-video-preview:-1"},"canonical":"https:\/\/onlinelotto365.com\/sv\/vinnande-nummer\/powerball\/","og_locale":"sv_SE","og_type":"article","og_title":"Powerball vinnande nummer | Kontrollera resultat och vinster f\u00f6r Powerball USA","og_description":"Vill du se om din Powerball-lott \u00e4r en vinnare? Kontrollera vinstnumren p\u00e5 v\u00e5r webbplats!","og_url":"https:\/\/onlinelotto365.com\/sv\/vinnande-nummer\/powerball\/","og_site_name":"OnlineLotto365","og_image":[{"url":"https:\/\/redfoxlotto.com\/image?size=8&amp;lottery=powerball"}],"twitter_card":"summary_large_image","twitter_misc":{"Ber\u00e4knad l\u00e4stid":"3 minuter"},"schema":{"@context":"https:\/\/schema.org","@graph":[{"@type":"WebPage","@id":"https:\/\/onlinelotto365.com\/sv\/vinnande-nummer\/powerball\/","url":"https:\/\/onlinelotto365.com\/sv\/vinnande-nummer\/powerball\/","name":"Powerball vinnande nummer | Kontrollera resultat och vinster f\u00f6r Powerball USA","isPartOf":{"@id":"https:\/\/onlinelotto365.com\/sv\/#website"},"primaryImageOfPage":{"@id":"https:\/\/onlinelotto365.com\/sv\/vinnande-nummer\/powerball\/#primaryimage"},"image":{"@id":"https:\/\/onlinelotto365.com\/sv\/vinnande-nummer\/powerball\/#primaryimage"},"thumbnailUrl":"https:\/\/redfoxlotto.com\/image?size=8&amp;lottery=powerball","datePublished":"2022-11-15T07:59:27+00:00","dateModified":"2022-11-15T07:59:27+00:00","description":"Vill du se om din Powerball-lott \u00e4r en vinnare? Kontrollera vinstnumren p\u00e5 v\u00e5r webbplats!","breadcrumb":{"@id":"https:\/\/onlinelotto365.com\/sv\/vinnande-nummer\/powerball\/#breadcrumb"},"inLanguage":"sv-SE","potentialAction":[{"@type":"ReadAction","target":["https:\/\/onlinelotto365.com\/sv\/vinnande-nummer\/powerball\/"]}]},{"@type":"ImageObject","inLanguage":"sv-SE","@id":"https:\/\/onlinelotto365.com\/sv\/vinnande-nummer\/powerball\/#primaryimage","url":"https:\/\/redfoxlotto.com\/image?size=8&amp;lottery=powerball","contentUrl":"https:\/\/redfoxlotto.com\/image?size=8&amp;lottery=powerball"},{"@type":"BreadcrumbList","@id":"https:\/\/onlinelotto365.com\/sv\/vinnande-nummer\/powerball\/#breadcrumb","itemListElement":[{"@type":"ListItem","position":1,"name":"Home","item":"https:\/\/onlinelotto365.com\/sv\/"},{"@type":"ListItem","position":2,"name":"Hitta vinnande nummer och resultat f\u00f6r de senaste lottodragningarna","item":"https:\/\/onlinelotto365.com\/sv\/vinnande-nummer\/"},{"@type":"ListItem","position":3,"name":"Resultat av dragningen i Powerball"}]},{"@type":"WebSite","@id":"https:\/\/onlinelotto365.com\/sv\/#website","url":"https:\/\/onlinelotto365.com\/sv\/","name":"OnlineLotto365","description":"","potentialAction":[{"@type":"SearchAction","target":{"@type":"EntryPoint","urlTemplate":"https:\/\/onlinelotto365.com\/sv\/?s={search_term_string}"},"query-input":{"@type":"PropertyValueSpecification","valueRequired":true,"valueName":"search_term_string"}}],"inLanguage":"sv-SE"}]}},"_links":{"self":[{"href":"https:\/\/onlinelotto365.com\/sv\/wp-json\/wp\/v2\/pages\/80181","targetHints":{"allow":["GET"]}}],"collection":[{"href":"https:\/\/onlinelotto365.com\/sv\/wp-json\/wp\/v2\/pages"}],"about":[{"href":"https:\/\/onlinelotto365.com\/sv\/wp-json\/wp\/v2\/types\/page"}],"author":[{"embeddable":true,"href":"https:\/\/onlinelotto365.com\/sv\/wp-json\/wp\/v2\/users\/1"}],"replies":[{"embeddable":true,"href":"https:\/\/onlinelotto365.com\/sv\/wp-json\/wp\/v2\/comments?post=80181"}],"version-history":[{"count":0,"href":"https:\/\/onlinelotto365.com\/sv\/wp-json\/wp\/v2\/pages\/80181\/revisions"}],"up":[{"embeddable":true,"href":"https:\/\/onlinelotto365.com\/sv\/wp-json\/wp\/v2\/pages\/5869"}],"wp:attachment":[{"href":"https:\/\/onlinelotto365.com\/sv\/wp-json\/wp\/v2\/media?parent=80181"}],"curies":[{"name":"wp","href":"https:\/\/api.w.org\/{rel}","templated":true}]}}