{"id":80200,"date":"2022-11-15T10:10:02","date_gmt":"2022-11-15T09:10:02","guid":{"rendered":"https:\/\/onlinelotto365.com\/?page_id=80200"},"modified":"2022-11-15T10:10:02","modified_gmt":"2022-11-15T09:10:02","slug":"eurojackpot","status":"publish","type":"page","link":"https:\/\/onlinelotto365.com\/sv\/kopa-biljetter\/eurojackpot\/","title":{"rendered":"Hur man k\u00f6per Eurojackpot-biljetter online"},"content":{"rendered":"<p>Om du undrar hur du k\u00f6per dina Eurojackpot-biljetter online har vi beskrivit processen i enkla steg. Men i sj\u00e4lva verket kommer v\u00e5r webbplats att guida dig genom hela processen. Vi har f\u00f6rs\u00f6kt att h\u00e5lla det s\u00e5 enkelt som m\u00f6jligt.<br \/>\n<a href=\"https:\/\/redfoxlotto.com\/play\/eurojackpot\/?ref=a8564250a2&amp;medium=ol365\" target=\"_blank\" rel=\"noopener noreferrer\"><img decoding=\"async\" class=\"aligncenter\" src=\"https:\/\/redfoxlotto.com\/image?size=8&amp;lottery=eurojackpot\" alt=\"eurojackpot\" \/><\/a><\/p>\n<ul>\n<li>N\u00e4r du \u00e4r p\u00e5 Eurojackpot-sidan v\u00e4ljer du dina nummer eller l\u00e5ter datorn v\u00e4lja nummer \u00e5t dig.<\/li>\n<li>Du kan l\u00e4gga till fler lotterier och fler lotter till din best\u00e4llning om du vill.<\/li>\n<li>Klicka p\u00e5 betala nu<\/li>\n<li>Registrera ditt konto p\u00e5 v\u00e5r webbplats (om du redan har gjort det kan du hoppa \u00f6ver detta steg och bara logga in p\u00e5 ditt befintliga konto).<\/li>\n<li>Om du registrerar ett nytt konto ska du kontrollera din e-postinkorg f\u00f6r att hitta meddelandet med verifieringsl\u00e4nken.<\/li>\n<li>Om du inte kan hitta e-postmeddelandet kan du titta i din skr\u00e4ppostl\u00e5da, det kan ha hamnat d\u00e4r.<\/li>\n<li>Klicka p\u00e5 symbolen f\u00f6r kundvagnen<\/li>\n<li>V\u00e4lj en betalningsmetod, klicka p\u00e5 f\u00f6r att betala och f\u00f6lj betalningsinstruktionerna.<\/li>\n<\/ul>\n<h2>Hur du betalar din Eurojackpot-biljett online<\/h2>\n<p>Det finns ett antal s\u00e4kra betalningsmetoder tillg\u00e4ngliga f\u00f6r v\u00e5ra kunder. V\u00e4lj den metod som \u00e4r l\u00e4mplig f\u00f6r dig.<\/p>\n<p>Du kan k\u00f6pa dina biljetter online och betala dem p\u00e5 tv\u00e5 s\u00e4tt:<\/p>\n<ul>\n<li>Betala din best\u00e4llning direkt<\/li>\n<li>S\u00e4tt in pengar p\u00e5 ditt spelarkonto och anv\u00e4nd sedan saldot f\u00f6r att k\u00f6pa lotter.<\/li>\n<\/ul>\n<p>Om du anv\u00e4nder den andra metoden ska du se till att beloppet p\u00e5 ditt saldo \u00e4r h\u00f6gre \u00e4n beloppet f\u00f6r biljettbest\u00e4llningen.<\/p>\n<h2>Mer information om Eurojackpot<\/h2>\n<ul>\n<li>Land: diverse europeiska l\u00e4nder<\/li>\n<li>Huvudnummersortiment: 50<\/li>\n<li>Du v\u00e4ljer: 5<\/li>\n<li>Extra nummer: 10<\/li>\n<li>Du v\u00e4ljer: 2<\/li>\n<li>Dragningsdagar, timmar: fredag, 21:00 CET, 21:00 CET<\/li>\n<li>Minsta jackpot: 10 miljoner euro<\/li>\n<li>H\u00f6gsta jackpot: 90 miljoner euro<\/li>\n<li>Sannolikhet att vinna jackpotten: 1 p\u00e5 135 600 640.<\/li>\n<li>Sannolikhet f\u00f6r en vinst i niv\u00e5 2: 1 p\u00e5 2.118.760<\/li>\n<li>Sannolikhet att vinna i alla niv\u00e5er: 1 p\u00e5 26,39<\/li>\n<li>Antal vinstniv\u00e5er: 12<\/li>\n<\/ul>\n<h2>F\u00f6rdelar med att k\u00f6pa Eurojackpot-biljetter online<\/h2>\n<ul>\n<li>Du kan k\u00f6pa dina biljetter hemifr\u00e5n.<\/li>\n<li>Ett st\u00f6rre urval av lotterier.<\/li>\n<li>F\u00f6rb\u00e4ttra dina vinstchanser genom att v\u00e4lja det lotteri som har de h\u00f6gsta jackpottarna.<\/li>\n<li>M\u00f6jlighet att f\u00f6rst s\u00e4tta in pengar och sedan betala med ditt saldo.<\/li>\n<li>F\u00f6rlora aldrig en biljett igen.<\/li>\n<li>f\u00e5 meddelande n\u00e4r du vinner<\/li>\n<li>alternativ f\u00f6r snabbval med en generator f\u00f6r slumpm\u00e4ssiga nummer<\/li>\n<\/ul>\n<h2>\u00c4r det lagligt att k\u00f6pa Eurojackpot-lotterier online?<\/h2>\n<p>Du beh\u00f6ver inte oroa dig f\u00f6r om det \u00e4r lagligt i ditt hemland att k\u00f6pa lotter online eller p\u00e5 traditionellt s\u00e4tt. Samtidigt beh\u00f6ver du inte oroa dig f\u00f6r fr\u00e5gan om det \u00e4r lagligt att anv\u00e4nda v\u00e5r tj\u00e4nst n\u00e4r det g\u00e4ller best\u00e4mmelserna i det land d\u00e4r lotteriet h\u00e5lls. Det s\u00e4tt p\u00e5 vilket vi driver v\u00e5r tj\u00e4nst \u00e4r utformat s\u00e5 att du garanterat f\u00e5r betalt \u00e4ven om du vinner en jackpot.<\/p>\n<p>Du m\u00e5ste dock vara minst 18 \u00e5r gammal f\u00f6r att anv\u00e4nda v\u00e5r tj\u00e4nst.<\/p>\n<h2>Hur f\u00e5r jag betalt om jag vinner p\u00e5 Eurojackpot online?<\/h2>\n<p><img loading=\"lazy\" decoding=\"async\" class=\"alignright wp-image-1246\" src=\"https:\/\/onlinelotto365.com\/wp-content\/uploads\/2020\/11\/online_lottery-106.jpg\" alt=\"k\u00f6pa eurojackpot online\" width=\"302\" height=\"181\" \/><br \/>\nUtbetalningen av vinster \u00e4r en viktig del av v\u00e5r service till v\u00e5ra kunder. Det \u00e4r viktigt f\u00f6r dig att veta att vi inte drar n\u00e5gon form av provision fr\u00e5n dina lotterivinster. Det kan f\u00f6rekomma en mycket liten avgift i endast en situation, och det \u00e4r om du v\u00e4ljer att f\u00e5 betalt via en bank\u00f6verf\u00f6ring. Det handlar om vad banken tar ut av oss, och vi pratar om kanske 5 dollar per \u00f6verf\u00f6ring h\u00e4r om det \u00e4r en internationell \u00f6verf\u00f6ring.<\/p>\n<p>Det finns tv\u00e5 olika situationer f\u00f6r utbetalningen:<\/p>\n<ul>\n<li>Du vinner ett belopp p\u00e5 2 500 euro eller mindre. I det h\u00e4r fallet kommer det vunna beloppet att krediteras till ditt spelarkonto hos oss.<\/li>\n<li>Du vinner ett belopp p\u00e5 mer \u00e4n 2 500 euro. I det h\u00e4r fallet kommer vi att skicka ett formul\u00e4r till dig via e-post som du m\u00e5ste fylla i. Du best\u00e4mmer sj\u00e4lv hur du vill f\u00e5 betalt. I det h\u00e4r fallet \u00e4r bank\u00f6verf\u00f6ring och check de enda alternativen. Vi behandlar beg\u00e4ran \u00e5t dig och n\u00e5gra dagar senare har du pengarna p\u00e5 ditt bankkonto, eller s\u00e5 f\u00e5r du en check.<\/li>\n<\/ul>\n","protected":false},"excerpt":{"rendered":"<p>Om du undrar hur du k\u00f6per dina Eurojackpot-biljetter online har vi beskrivit processen i enkla steg. Men i sj\u00e4lva verket kommer v\u00e5r webbplats att guida dig genom hela processen. Vi har f\u00f6rs\u00f6kt att h\u00e5lla det s\u00e5 enkelt som m\u00f6jligt. N\u00e4r du \u00e4r p\u00e5 Eurojackpot-sidan v\u00e4ljer du dina nummer eller l\u00e5ter datorn v\u00e4lja nummer \u00e5t dig. [&hellip;]<\/p>\n","protected":false},"author":1,"featured_media":0,"parent":5688,"menu_order":4,"comment_status":"closed","ping_status":"closed","template":"eurojackpot-info.php","meta":{"_et_pb_use_builder":"","_et_pb_old_content":"","_et_gb_content_width":"","exclude_from_search":false,"footnotes":""},"class_list":["post-80200","page","type-page","status-publish","hentry"],"yoast_head":"<!-- This site is optimized with the Yoast SEO plugin v23.4 - https:\/\/yoast.com\/wordpress\/plugins\/seo\/ -->\n<title>K\u00f6p biljetter till Eurojackpot online fr\u00e5n Sverige| Eurojackpot info, hur man k\u00f6per biljetter<\/title>\n<meta name=\"description\" content=\"Bor du i Sverige men vill k\u00f6pa biljetter till Eurojackpot? K\u00f6p dem online h\u00e4r!\" \/>\n<meta name=\"robots\" content=\"index, follow, max-snippet:-1, max-image-preview:large, max-video-preview:-1\" \/>\n<link rel=\"canonical\" href=\"https:\/\/onlinelotto365.com\/sv\/kopa-biljetter\/eurojackpot\/\" \/>\n<meta property=\"og:locale\" content=\"sv_SE\" \/>\n<meta property=\"og:type\" content=\"article\" \/>\n<meta property=\"og:title\" content=\"K\u00f6p biljetter till Eurojackpot online fr\u00e5n Sverige| Eurojackpot info, hur man k\u00f6per biljetter\" \/>\n<meta property=\"og:description\" content=\"Bor du i Sverige men vill k\u00f6pa biljetter till Eurojackpot? K\u00f6p dem online h\u00e4r!\" \/>\n<meta property=\"og:url\" content=\"https:\/\/onlinelotto365.com\/sv\/kopa-biljetter\/eurojackpot\/\" \/>\n<meta property=\"og:site_name\" content=\"OnlineLotto365\" \/>\n<meta property=\"og:image\" content=\"https:\/\/redfoxlotto.com\/image?size=8&amp;lottery=eurojackpot\" \/>\n<meta name=\"twitter:card\" content=\"summary_large_image\" \/>\n<meta name=\"twitter:label1\" content=\"Ber\u00e4knad l\u00e4stid\" \/>\n\t<meta name=\"twitter:data1\" content=\"4 minuter\" \/>\n<script type=\"application\/ld+json\" class=\"yoast-schema-graph\">{\"@context\":\"https:\/\/schema.org\",\"@graph\":[{\"@type\":\"WebPage\",\"@id\":\"https:\/\/onlinelotto365.com\/sv\/kopa-biljetter\/eurojackpot\/\",\"url\":\"https:\/\/onlinelotto365.com\/sv\/kopa-biljetter\/eurojackpot\/\",\"name\":\"K\u00f6p biljetter till Eurojackpot online fr\u00e5n Sverige| Eurojackpot info, hur man k\u00f6per biljetter\",\"isPartOf\":{\"@id\":\"https:\/\/onlinelotto365.com\/sv\/#website\"},\"primaryImageOfPage\":{\"@id\":\"https:\/\/onlinelotto365.com\/sv\/kopa-biljetter\/eurojackpot\/#primaryimage\"},\"image\":{\"@id\":\"https:\/\/onlinelotto365.com\/sv\/kopa-biljetter\/eurojackpot\/#primaryimage\"},\"thumbnailUrl\":\"https:\/\/redfoxlotto.com\/image?size=8&amp;lottery=eurojackpot\",\"datePublished\":\"2022-11-15T09:10:02+00:00\",\"dateModified\":\"2022-11-15T09:10:02+00:00\",\"description\":\"Bor du i Sverige men vill k\u00f6pa biljetter till Eurojackpot? K\u00f6p dem online h\u00e4r!\",\"breadcrumb\":{\"@id\":\"https:\/\/onlinelotto365.com\/sv\/kopa-biljetter\/eurojackpot\/#breadcrumb\"},\"inLanguage\":\"sv-SE\",\"potentialAction\":[{\"@type\":\"ReadAction\",\"target\":[\"https:\/\/onlinelotto365.com\/sv\/kopa-biljetter\/eurojackpot\/\"]}]},{\"@type\":\"ImageObject\",\"inLanguage\":\"sv-SE\",\"@id\":\"https:\/\/onlinelotto365.com\/sv\/kopa-biljetter\/eurojackpot\/#primaryimage\",\"url\":\"https:\/\/redfoxlotto.com\/image?size=8&amp;lottery=eurojackpot\",\"contentUrl\":\"https:\/\/redfoxlotto.com\/image?size=8&amp;lottery=eurojackpot\"},{\"@type\":\"BreadcrumbList\",\"@id\":\"https:\/\/onlinelotto365.com\/sv\/kopa-biljetter\/eurojackpot\/#breadcrumb\",\"itemListElement\":[{\"@type\":\"ListItem\",\"position\":1,\"name\":\"Home\",\"item\":\"https:\/\/onlinelotto365.com\/sv\/\"},{\"@type\":\"ListItem\",\"position\":2,\"name\":\"Varf\u00f6r det \u00e4r vettigare att k\u00f6pa lotter online\",\"item\":\"https:\/\/onlinelotto365.com\/sv\/kopa-biljetter\/\"},{\"@type\":\"ListItem\",\"position\":3,\"name\":\"Hur man k\u00f6per Eurojackpot-biljetter online\"}]},{\"@type\":\"WebSite\",\"@id\":\"https:\/\/onlinelotto365.com\/sv\/#website\",\"url\":\"https:\/\/onlinelotto365.com\/sv\/\",\"name\":\"OnlineLotto365\",\"description\":\"\",\"potentialAction\":[{\"@type\":\"SearchAction\",\"target\":{\"@type\":\"EntryPoint\",\"urlTemplate\":\"https:\/\/onlinelotto365.com\/sv\/?s={search_term_string}\"},\"query-input\":{\"@type\":\"PropertyValueSpecification\",\"valueRequired\":true,\"valueName\":\"search_term_string\"}}],\"inLanguage\":\"sv-SE\"}]}<\/script>\n<!-- \/ Yoast SEO plugin. -->","yoast_head_json":{"title":"K\u00f6p biljetter till Eurojackpot online fr\u00e5n Sverige| Eurojackpot info, hur man k\u00f6per biljetter","description":"Bor du i Sverige men vill k\u00f6pa biljetter till Eurojackpot? K\u00f6p dem online h\u00e4r!","robots":{"index":"index","follow":"follow","max-snippet":"max-snippet:-1","max-image-preview":"max-image-preview:large","max-video-preview":"max-video-preview:-1"},"canonical":"https:\/\/onlinelotto365.com\/sv\/kopa-biljetter\/eurojackpot\/","og_locale":"sv_SE","og_type":"article","og_title":"K\u00f6p biljetter till Eurojackpot online fr\u00e5n Sverige| Eurojackpot info, hur man k\u00f6per biljetter","og_description":"Bor du i Sverige men vill k\u00f6pa biljetter till Eurojackpot? K\u00f6p dem online h\u00e4r!","og_url":"https:\/\/onlinelotto365.com\/sv\/kopa-biljetter\/eurojackpot\/","og_site_name":"OnlineLotto365","og_image":[{"url":"https:\/\/redfoxlotto.com\/image?size=8&amp;lottery=eurojackpot"}],"twitter_card":"summary_large_image","twitter_misc":{"Ber\u00e4knad l\u00e4stid":"4 minuter"},"schema":{"@context":"https:\/\/schema.org","@graph":[{"@type":"WebPage","@id":"https:\/\/onlinelotto365.com\/sv\/kopa-biljetter\/eurojackpot\/","url":"https:\/\/onlinelotto365.com\/sv\/kopa-biljetter\/eurojackpot\/","name":"K\u00f6p biljetter till Eurojackpot online fr\u00e5n Sverige| Eurojackpot info, hur man k\u00f6per biljetter","isPartOf":{"@id":"https:\/\/onlinelotto365.com\/sv\/#website"},"primaryImageOfPage":{"@id":"https:\/\/onlinelotto365.com\/sv\/kopa-biljetter\/eurojackpot\/#primaryimage"},"image":{"@id":"https:\/\/onlinelotto365.com\/sv\/kopa-biljetter\/eurojackpot\/#primaryimage"},"thumbnailUrl":"https:\/\/redfoxlotto.com\/image?size=8&amp;lottery=eurojackpot","datePublished":"2022-11-15T09:10:02+00:00","dateModified":"2022-11-15T09:10:02+00:00","description":"Bor du i Sverige men vill k\u00f6pa biljetter till Eurojackpot? K\u00f6p dem online h\u00e4r!","breadcrumb":{"@id":"https:\/\/onlinelotto365.com\/sv\/kopa-biljetter\/eurojackpot\/#breadcrumb"},"inLanguage":"sv-SE","potentialAction":[{"@type":"ReadAction","target":["https:\/\/onlinelotto365.com\/sv\/kopa-biljetter\/eurojackpot\/"]}]},{"@type":"ImageObject","inLanguage":"sv-SE","@id":"https:\/\/onlinelotto365.com\/sv\/kopa-biljetter\/eurojackpot\/#primaryimage","url":"https:\/\/redfoxlotto.com\/image?size=8&amp;lottery=eurojackpot","contentUrl":"https:\/\/redfoxlotto.com\/image?size=8&amp;lottery=eurojackpot"},{"@type":"BreadcrumbList","@id":"https:\/\/onlinelotto365.com\/sv\/kopa-biljetter\/eurojackpot\/#breadcrumb","itemListElement":[{"@type":"ListItem","position":1,"name":"Home","item":"https:\/\/onlinelotto365.com\/sv\/"},{"@type":"ListItem","position":2,"name":"Varf\u00f6r det \u00e4r vettigare att k\u00f6pa lotter online","item":"https:\/\/onlinelotto365.com\/sv\/kopa-biljetter\/"},{"@type":"ListItem","position":3,"name":"Hur man k\u00f6per Eurojackpot-biljetter online"}]},{"@type":"WebSite","@id":"https:\/\/onlinelotto365.com\/sv\/#website","url":"https:\/\/onlinelotto365.com\/sv\/","name":"OnlineLotto365","description":"","potentialAction":[{"@type":"SearchAction","target":{"@type":"EntryPoint","urlTemplate":"https:\/\/onlinelotto365.com\/sv\/?s={search_term_string}"},"query-input":{"@type":"PropertyValueSpecification","valueRequired":true,"valueName":"search_term_string"}}],"inLanguage":"sv-SE"}]}},"_links":{"self":[{"href":"https:\/\/onlinelotto365.com\/sv\/wp-json\/wp\/v2\/pages\/80200","targetHints":{"allow":["GET"]}}],"collection":[{"href":"https:\/\/onlinelotto365.com\/sv\/wp-json\/wp\/v2\/pages"}],"about":[{"href":"https:\/\/onlinelotto365.com\/sv\/wp-json\/wp\/v2\/types\/page"}],"author":[{"embeddable":true,"href":"https:\/\/onlinelotto365.com\/sv\/wp-json\/wp\/v2\/users\/1"}],"replies":[{"embeddable":true,"href":"https:\/\/onlinelotto365.com\/sv\/wp-json\/wp\/v2\/comments?post=80200"}],"version-history":[{"count":0,"href":"https:\/\/onlinelotto365.com\/sv\/wp-json\/wp\/v2\/pages\/80200\/revisions"}],"up":[{"embeddable":true,"href":"https:\/\/onlinelotto365.com\/sv\/wp-json\/wp\/v2\/pages\/5688"}],"wp:attachment":[{"href":"https:\/\/onlinelotto365.com\/sv\/wp-json\/wp\/v2\/media?parent=80200"}],"curies":[{"name":"wp","href":"https:\/\/api.w.org\/{rel}","templated":true}]}}