{"id":80233,"date":"2022-11-15T12:58:44","date_gmt":"2022-11-15T11:58:44","guid":{"rendered":"https:\/\/onlinelotto365.com\/?page_id=80233"},"modified":"2022-11-15T12:58:44","modified_gmt":"2022-11-15T11:58:44","slug":"superenalotto","status":"publish","type":"page","link":"https:\/\/onlinelotto365.com\/sv\/kopa-biljetter\/superenalotto\/","title":{"rendered":"Hur man k\u00f6per Superenalotto biljetter online"},"content":{"rendered":"<p>\u00c4r du intresserad av att k\u00f6pa Superenalotto biljetter online fr\u00e5n Sverige<br \/>\nmen \u00e4r inte s\u00e4ker p\u00e5 hur man g\u00f6r det? D\u00e5 \u00e4r du p\u00e5 r\u00e4tt st\u00e4lle f\u00f6r vi kommer att ta hand om det \u00e5t dig. Allt du beh\u00f6ver g\u00f6ra \u00e4r att f\u00f6lja de enkla stegen som vi kommer att diskutera nedan s\u00e5 har du dina biljetter snabbt.<br \/>\n<a href=\"https:\/\/redfoxlotto.com\/play\/superenalotto\/?ref=a8564250a2&amp;medium=ol365\" target=\"_blank\" rel=\"noopener noreferrer\"><img decoding=\"async\" class=\"aligncenter\" src=\"https:\/\/redfoxlotto.com\/image?size=8&amp;lottery=superenalotto\" alt=\"superenalotto\" \/><\/a><\/p>\n<ul>\n<li>V\u00e4lj det lotterispel som du vill k\u00f6pa lotter f\u00f6r och v\u00e4lj de nummer du vill spela eller v\u00e4lj snabbvalet f\u00f6r att l\u00e5ta datorn v\u00e4lja \u00e5t dig.<\/li>\n<li>L\u00e4gg till ytterligare biljetter eller ytterligare lotterier f\u00f6r att skapa din best\u00e4llning.<\/li>\n<li>V\u00e4lj alternativet att betala nu<\/li>\n<li>Skapa ett konto hos oss eller logga in p\u00e5 ditt konto f\u00f6r att kunna k\u00f6pa dina lotter.<\/li>\n<li>De som beh\u00f6ver registrera ett konto m\u00e5ste leta efter en verifieringsl\u00e4nk i sitt e-postmeddelande f\u00f6r att f\u00f6rs\u00e4kra sig om att deras konto \u00e4r helt inst\u00e4llt.<\/li>\n<li>Kom ih\u00e5g att l\u00e4nken kan hamna i din skr\u00e4ppostmapp om v\u00e5r e-postadress inte finns med i din adressbok, s\u00e5 se till att dubbelkolla.<\/li>\n<li>V\u00e4lj betalningsikonen h\u00f6gst upp p\u00e5 sk\u00e4rmen.<\/li>\n<li>V\u00e4lj betalningsmetod och f\u00f6lj instruktionerna f\u00f6r att slutf\u00f6ra betalningen.<\/li>\n<\/ul>\n<h2>S\u00e5 h\u00e4r betalar du din Superenalotto-biljett online<\/h2>\n<p>Vi g\u00f6r det enkelt att betala din Superenalotto biljett fr\u00e5n Sverige<br \/>\ns\u00e5 enkelt som m\u00f6jligt genom att erbjuda ett brett utbud av olika betalningsmetoder. Du v\u00e4ljer bara den som du f\u00f6redrar s\u00e5 \u00e4r du iv\u00e4g p\u00e5 nolltid.<\/p>\n<p>N\u00e4r du \u00e4r redo att k\u00f6pa dina biljetter online beh\u00f6ver du bara v\u00e4lja mellan:<\/p>\n<ul>\n<li>Anv\u00e4nd en f\u00f6redragen betalningsmetod f\u00f6r att betala biljetter direkt.<\/li>\n<li>S\u00e4tta in pengar p\u00e5 ditt konto och anv\u00e4nda dem f\u00f6r att k\u00f6pa biljetter.<\/li>\n<\/ul>\n<p>Se bara till att du s\u00e4tter in mer \u00e4n det belopp som du beh\u00f6ver f\u00f6r dina biljetter p\u00e5 ditt konto om du v\u00e4ljer att betala p\u00e5 detta s\u00e4tt.<\/p>\n<h2>Mer information om Superenalotto<\/h2>\n<ul>\n<li>Land: Italien<\/li>\n<li>Huvudnummer: 90<\/li>\n<li>Du v\u00e4ljer: 6<\/li>\n<li>Dragningsdagar, timmar: Tider: tisdag, torsdag, l\u00f6rdag, 19:00 GMT, 21:00 CET<\/li>\n<li>Minsta jackpot: 2 miljoner euro<\/li>\n<li>H\u00f6gsta jackpot: ingen<\/li>\n<li>Sannolikhet att vinna jackpotten: 1 p\u00e5 622614630.<\/li>\n<li>Sannolikhet f\u00f6r en vinst i niv\u00e5 2: 1 p\u00e5 103769105<\/li>\n<li>Sannolikhet att vinna i alla niv\u00e5er: 1 p\u00e5 20,58<\/li>\n<li>Antal vinstniv\u00e5er: 6<\/li>\n<\/ul>\n<h2>F\u00f6rdelar med att k\u00f6pa Superenalotto-biljetter online<\/h2>\n<ul>\n<li>Du kan k\u00f6pa biljetter var du \u00e4n befinner dig, \u00e4ven i Sverige.<\/li>\n<li>V\u00e4lj mellan flera olika lotterier<\/li>\n<li>F\u00e5 de b\u00e4sta chanserna att vinna lotterier som har de b\u00e4sta jackpottarna<\/li>\n<li>L\u00e4gg till pengar p\u00e5 ditt konto f\u00f6r att betala direkt f\u00f6r biljetter<\/li>\n<li>Ingen oro f\u00f6r att f\u00f6rlora din lott<\/li>\n<li>Omedelbara meddelanden n\u00e4r du vinner<\/li>\n<li>Slumpm\u00e4ssig nummergenerator f\u00f6r snabbval av lottsedlar<\/li>\n<\/ul>\n<h2>\u00c4r det lagligt att k\u00f6pa Superenalotto-biljetter online?<\/h2>\n<p>Vad h\u00e4nder om du \u00e4r orolig f\u00f6r lagligheten av att k\u00f6pa dina lottobiljetter online? Eller till och med p\u00e5 ett traditionellt s\u00e4tt? Om ditt hemland har n\u00e5gra strikta lagar kan du vara orolig, men det beh\u00f6ver du inte vara. V\u00e5r tj\u00e4nst f\u00f6ljer n\u00e4mligen reglerna och ser till att du f\u00e5r dina vinster, oavsett hur mycket du vinner eller var du bor. Du beh\u00f6ver bara vara 18 \u00e5r gammal f\u00f6r att anv\u00e4nda tj\u00e4nsten.<\/p>\n<h2>Hur f\u00e5r jag betalt om jag vinner Superenalotto online?<\/h2>\n<p>Om du vinner \u00e4r betalningsprocessen enkel eftersom du beh\u00f6ver g\u00f6ra v\u00e4ldigt lite. Du beh\u00f6ver inte heller oroa dig f\u00f6r att f\u00f6rlora n\u00e5gon av dina vinster. Vi tar ingen provision n\u00e4r du vinner och vi tar inte ut n\u00e5gra avgifter om du inte v\u00e4ljer att l\u00e5ta genomf\u00f6ra en bank\u00f6verf\u00f6ring. Om banken i s\u00e5 fall tar ut avgifter av oss f\u00f6r \u00f6verf\u00f6ringen s\u00e5 vidarebefordrar vi dessa avgifter och det kan h\u00e4nda att en liten summa dras fr\u00e5n din vinst.<\/p>\n<h2>I \u00f6vrigt finns det tv\u00e5 saker som du b\u00f6r veta:<\/h2>\n<p><img loading=\"lazy\" decoding=\"async\" class=\"alignright size-medium wp-image-3615\" src=\"https:\/\/onlinelotto365.com\/wp-content\/uploads\/2020\/11\/online_lottery-52-300x169.jpg\" alt=\"spela Superenalotto online Storbritannien\" width=\"300\" height=\"169\" srcset=\"https:\/\/onlinelotto365.com\/wp-content\/uploads\/2020\/11\/online_lottery-52-300x169.jpg 300w, https:\/\/onlinelotto365.com\/wp-content\/uploads\/2020\/11\/online_lottery-52.jpg 462w\" sizes=\"auto, (max-width: 300px) 100vw, 300px\" \/><\/p>\n<ul>\n<li>Belopp som vinns och som \u00e4r under 2 500 euro s\u00e4tts omedelbart in direkt p\u00e5 ditt spelarkonto s\u00e5 att du kan anv\u00e4nda dem som du vill.<\/li>\n<li>Belopp som \u00e4r \u00f6ver \u20ac2500 kommer att beh\u00f6va ett ytterligare steg. Du kommer att kontaktas av v\u00e5rt supportteam med ett formul\u00e4r som du m\u00e5ste fylla i f\u00f6r lotterikommissionen. I formul\u00e4ret kommer du att ange hur du vill att dina utbetalningar ska g\u00f6ras och du kommer att kunna f\u00e5 en bank\u00f6verf\u00f6ring eller en check f\u00f6r det belopp du har vunnit.<\/li>\n<\/ul>\n","protected":false},"excerpt":{"rendered":"<p>\u00c4r du intresserad av att k\u00f6pa Superenalotto biljetter online fr\u00e5n Sverige men \u00e4r inte s\u00e4ker p\u00e5 hur man g\u00f6r det? D\u00e5 \u00e4r du p\u00e5 r\u00e4tt st\u00e4lle f\u00f6r vi kommer att ta hand om det \u00e5t dig. Allt du beh\u00f6ver g\u00f6ra \u00e4r att f\u00f6lja de enkla stegen som vi kommer att diskutera nedan s\u00e5 har du [&hellip;]<\/p>\n","protected":false},"author":1,"featured_media":0,"parent":5688,"menu_order":5,"comment_status":"closed","ping_status":"closed","template":"superenalotto-info.php","meta":{"_et_pb_use_builder":"","_et_pb_old_content":"","_et_gb_content_width":"","exclude_from_search":false,"footnotes":""},"class_list":["post-80233","page","type-page","status-publish","hentry"],"yoast_head":"<!-- This site is optimized with the Yoast SEO plugin v23.4 - https:\/\/yoast.com\/wordpress\/plugins\/seo\/ -->\n<title>Om att k\u00f6pa biljetter till Superenalotto online fr\u00e5n Sverige<\/title>\n<meta name=\"description\" content=\"Ta reda p\u00e5 hur du k\u00f6per biljetter till Superenalotto fr\u00e5n var som helst, inklusive Sverige\" \/>\n<meta name=\"robots\" content=\"index, follow, max-snippet:-1, max-image-preview:large, max-video-preview:-1\" \/>\n<link rel=\"canonical\" href=\"https:\/\/onlinelotto365.com\/sv\/kopa-biljetter\/superenalotto\/\" \/>\n<meta property=\"og:locale\" content=\"sv_SE\" \/>\n<meta property=\"og:type\" content=\"article\" \/>\n<meta property=\"og:title\" content=\"Om att k\u00f6pa biljetter till Superenalotto online fr\u00e5n Sverige\" \/>\n<meta property=\"og:description\" content=\"Ta reda p\u00e5 hur du k\u00f6per biljetter till Superenalotto fr\u00e5n var som helst, inklusive Sverige\" \/>\n<meta property=\"og:url\" content=\"https:\/\/onlinelotto365.com\/sv\/kopa-biljetter\/superenalotto\/\" \/>\n<meta property=\"og:site_name\" content=\"OnlineLotto365\" \/>\n<meta property=\"og:image\" content=\"https:\/\/redfoxlotto.com\/image?size=8&amp;lottery=superenalotto\" \/>\n<meta name=\"twitter:card\" content=\"summary_large_image\" \/>\n<meta name=\"twitter:label1\" content=\"Ber\u00e4knad l\u00e4stid\" \/>\n\t<meta name=\"twitter:data1\" content=\"4 minuter\" \/>\n<script type=\"application\/ld+json\" class=\"yoast-schema-graph\">{\"@context\":\"https:\/\/schema.org\",\"@graph\":[{\"@type\":\"WebPage\",\"@id\":\"https:\/\/onlinelotto365.com\/sv\/kopa-biljetter\/superenalotto\/\",\"url\":\"https:\/\/onlinelotto365.com\/sv\/kopa-biljetter\/superenalotto\/\",\"name\":\"Om att k\u00f6pa biljetter till Superenalotto online fr\u00e5n Sverige\",\"isPartOf\":{\"@id\":\"https:\/\/onlinelotto365.com\/sv\/#website\"},\"primaryImageOfPage\":{\"@id\":\"https:\/\/onlinelotto365.com\/sv\/kopa-biljetter\/superenalotto\/#primaryimage\"},\"image\":{\"@id\":\"https:\/\/onlinelotto365.com\/sv\/kopa-biljetter\/superenalotto\/#primaryimage\"},\"thumbnailUrl\":\"https:\/\/redfoxlotto.com\/image?size=8&amp;lottery=superenalotto\",\"datePublished\":\"2022-11-15T11:58:44+00:00\",\"dateModified\":\"2022-11-15T11:58:44+00:00\",\"description\":\"Ta reda p\u00e5 hur du k\u00f6per biljetter till Superenalotto fr\u00e5n var som helst, inklusive Sverige\",\"breadcrumb\":{\"@id\":\"https:\/\/onlinelotto365.com\/sv\/kopa-biljetter\/superenalotto\/#breadcrumb\"},\"inLanguage\":\"sv-SE\",\"potentialAction\":[{\"@type\":\"ReadAction\",\"target\":[\"https:\/\/onlinelotto365.com\/sv\/kopa-biljetter\/superenalotto\/\"]}]},{\"@type\":\"ImageObject\",\"inLanguage\":\"sv-SE\",\"@id\":\"https:\/\/onlinelotto365.com\/sv\/kopa-biljetter\/superenalotto\/#primaryimage\",\"url\":\"https:\/\/redfoxlotto.com\/image?size=8&amp;lottery=superenalotto\",\"contentUrl\":\"https:\/\/redfoxlotto.com\/image?size=8&amp;lottery=superenalotto\"},{\"@type\":\"BreadcrumbList\",\"@id\":\"https:\/\/onlinelotto365.com\/sv\/kopa-biljetter\/superenalotto\/#breadcrumb\",\"itemListElement\":[{\"@type\":\"ListItem\",\"position\":1,\"name\":\"Home\",\"item\":\"https:\/\/onlinelotto365.com\/sv\/\"},{\"@type\":\"ListItem\",\"position\":2,\"name\":\"Varf\u00f6r det \u00e4r vettigare att k\u00f6pa lotter online\",\"item\":\"https:\/\/onlinelotto365.com\/sv\/kopa-biljetter\/\"},{\"@type\":\"ListItem\",\"position\":3,\"name\":\"Hur man k\u00f6per Superenalotto biljetter online\"}]},{\"@type\":\"WebSite\",\"@id\":\"https:\/\/onlinelotto365.com\/sv\/#website\",\"url\":\"https:\/\/onlinelotto365.com\/sv\/\",\"name\":\"OnlineLotto365\",\"description\":\"\",\"potentialAction\":[{\"@type\":\"SearchAction\",\"target\":{\"@type\":\"EntryPoint\",\"urlTemplate\":\"https:\/\/onlinelotto365.com\/sv\/?s={search_term_string}\"},\"query-input\":{\"@type\":\"PropertyValueSpecification\",\"valueRequired\":true,\"valueName\":\"search_term_string\"}}],\"inLanguage\":\"sv-SE\"}]}<\/script>\n<!-- \/ Yoast SEO plugin. -->","yoast_head_json":{"title":"Om att k\u00f6pa biljetter till Superenalotto online fr\u00e5n Sverige","description":"Ta reda p\u00e5 hur du k\u00f6per biljetter till Superenalotto fr\u00e5n var som helst, inklusive Sverige","robots":{"index":"index","follow":"follow","max-snippet":"max-snippet:-1","max-image-preview":"max-image-preview:large","max-video-preview":"max-video-preview:-1"},"canonical":"https:\/\/onlinelotto365.com\/sv\/kopa-biljetter\/superenalotto\/","og_locale":"sv_SE","og_type":"article","og_title":"Om att k\u00f6pa biljetter till Superenalotto online fr\u00e5n Sverige","og_description":"Ta reda p\u00e5 hur du k\u00f6per biljetter till Superenalotto fr\u00e5n var som helst, inklusive Sverige","og_url":"https:\/\/onlinelotto365.com\/sv\/kopa-biljetter\/superenalotto\/","og_site_name":"OnlineLotto365","og_image":[{"url":"https:\/\/redfoxlotto.com\/image?size=8&amp;lottery=superenalotto"}],"twitter_card":"summary_large_image","twitter_misc":{"Ber\u00e4knad l\u00e4stid":"4 minuter"},"schema":{"@context":"https:\/\/schema.org","@graph":[{"@type":"WebPage","@id":"https:\/\/onlinelotto365.com\/sv\/kopa-biljetter\/superenalotto\/","url":"https:\/\/onlinelotto365.com\/sv\/kopa-biljetter\/superenalotto\/","name":"Om att k\u00f6pa biljetter till Superenalotto online fr\u00e5n Sverige","isPartOf":{"@id":"https:\/\/onlinelotto365.com\/sv\/#website"},"primaryImageOfPage":{"@id":"https:\/\/onlinelotto365.com\/sv\/kopa-biljetter\/superenalotto\/#primaryimage"},"image":{"@id":"https:\/\/onlinelotto365.com\/sv\/kopa-biljetter\/superenalotto\/#primaryimage"},"thumbnailUrl":"https:\/\/redfoxlotto.com\/image?size=8&amp;lottery=superenalotto","datePublished":"2022-11-15T11:58:44+00:00","dateModified":"2022-11-15T11:58:44+00:00","description":"Ta reda p\u00e5 hur du k\u00f6per biljetter till Superenalotto fr\u00e5n var som helst, inklusive Sverige","breadcrumb":{"@id":"https:\/\/onlinelotto365.com\/sv\/kopa-biljetter\/superenalotto\/#breadcrumb"},"inLanguage":"sv-SE","potentialAction":[{"@type":"ReadAction","target":["https:\/\/onlinelotto365.com\/sv\/kopa-biljetter\/superenalotto\/"]}]},{"@type":"ImageObject","inLanguage":"sv-SE","@id":"https:\/\/onlinelotto365.com\/sv\/kopa-biljetter\/superenalotto\/#primaryimage","url":"https:\/\/redfoxlotto.com\/image?size=8&amp;lottery=superenalotto","contentUrl":"https:\/\/redfoxlotto.com\/image?size=8&amp;lottery=superenalotto"},{"@type":"BreadcrumbList","@id":"https:\/\/onlinelotto365.com\/sv\/kopa-biljetter\/superenalotto\/#breadcrumb","itemListElement":[{"@type":"ListItem","position":1,"name":"Home","item":"https:\/\/onlinelotto365.com\/sv\/"},{"@type":"ListItem","position":2,"name":"Varf\u00f6r det \u00e4r vettigare att k\u00f6pa lotter online","item":"https:\/\/onlinelotto365.com\/sv\/kopa-biljetter\/"},{"@type":"ListItem","position":3,"name":"Hur man k\u00f6per Superenalotto biljetter online"}]},{"@type":"WebSite","@id":"https:\/\/onlinelotto365.com\/sv\/#website","url":"https:\/\/onlinelotto365.com\/sv\/","name":"OnlineLotto365","description":"","potentialAction":[{"@type":"SearchAction","target":{"@type":"EntryPoint","urlTemplate":"https:\/\/onlinelotto365.com\/sv\/?s={search_term_string}"},"query-input":{"@type":"PropertyValueSpecification","valueRequired":true,"valueName":"search_term_string"}}],"inLanguage":"sv-SE"}]}},"_links":{"self":[{"href":"https:\/\/onlinelotto365.com\/sv\/wp-json\/wp\/v2\/pages\/80233","targetHints":{"allow":["GET"]}}],"collection":[{"href":"https:\/\/onlinelotto365.com\/sv\/wp-json\/wp\/v2\/pages"}],"about":[{"href":"https:\/\/onlinelotto365.com\/sv\/wp-json\/wp\/v2\/types\/page"}],"author":[{"embeddable":true,"href":"https:\/\/onlinelotto365.com\/sv\/wp-json\/wp\/v2\/users\/1"}],"replies":[{"embeddable":true,"href":"https:\/\/onlinelotto365.com\/sv\/wp-json\/wp\/v2\/comments?post=80233"}],"version-history":[{"count":0,"href":"https:\/\/onlinelotto365.com\/sv\/wp-json\/wp\/v2\/pages\/80233\/revisions"}],"up":[{"embeddable":true,"href":"https:\/\/onlinelotto365.com\/sv\/wp-json\/wp\/v2\/pages\/5688"}],"wp:attachment":[{"href":"https:\/\/onlinelotto365.com\/sv\/wp-json\/wp\/v2\/media?parent=80233"}],"curies":[{"name":"wp","href":"https:\/\/api.w.org\/{rel}","templated":true}]}}