{"id":80263,"date":"2022-11-16T08:02:26","date_gmt":"2022-11-16T07:02:26","guid":{"rendered":"https:\/\/onlinelotto365.com\/?page_id=80263"},"modified":"2022-11-16T08:02:26","modified_gmt":"2022-11-16T07:02:26","slug":"el-gordo","status":"publish","type":"page","link":"https:\/\/onlinelotto365.com\/sv\/kopa-biljetter\/el-gordo\/","title":{"rendered":"Hur man k\u00f6per El Gordo-biljetter online"},"content":{"rendered":"<p>\u00c4r du nyfiken p\u00e5 att k\u00f6pa El Gordo-biljetter online n\u00e4r du bor i Sverige? D\u00e5 vill du inte missa den h\u00e4r artikeln, f\u00f6r vi kommer att guida dig genom hela processen s\u00e5 att du kan f\u00e5 biljetterna du vill ha utan kr\u00e5ngel och utan att beh\u00f6va resa till ett land som normalt spelar det h\u00e4r spelet heller.<br \/>\n<a href=\"https:\/\/redfoxlotto.com\/play\/el-gordo-primitiva\/?ref=a8564250a2&amp;medium=ol365\" target=\"_blank\" rel=\"noopener noreferrer\"><img decoding=\"async\" class=\"aligncenter\" src=\"https:\/\/redfoxlotto.com\/image?size=8&amp;lottery=el-gordo-primitiva\" alt=\"el gordo\" \/><\/a><\/p>\n<ul>\n<li>Kolla in huvudsidan f\u00f6r det lotteri du vill spela och v\u00e4lj de nummer du vill ha p\u00e5 dina biljetter.<\/li>\n<li>L\u00e4gg till \u00e4nnu fler biljetter f\u00f6r samma spel eller f\u00f6r andra spel som du vill spela s\u00e5 att du har en fullst\u00e4ndig best\u00e4llning.<\/li>\n<li>V\u00e4lj alternativet att betala nu<\/li>\n<li>G\u00e5 igenom registreringsprocessen f\u00f6r ditt konto om du aldrig har k\u00f6pt fr\u00e5n oss tidigare eller logga in p\u00e5 ditt befintliga konto om du redan har ett.<\/li>\n<li>Kontrollera ditt e-postmeddelande f\u00f6r en verifieringsl\u00e4nk f\u00f6r konton som beh\u00f6ver verifieras och registreras.<\/li>\n<li>Om e-postmeddelandet inte dyker upp i din inkorg, se till att du tittar i din skr\u00e4ppostmapp f\u00f6r att se till att det inte hamnade d\u00e4r.<\/li>\n<li>Klicka p\u00e5 kundvagnen f\u00f6r att betala din best\u00e4llning.<\/li>\n<li>V\u00e4lj det betalningsalternativ du vill anv\u00e4nda och f\u00f6lj betalningsinstruktionerna.<\/li>\n<\/ul>\n<h2>Hur du betalar din El Gordo-biljett online<\/h2>\n<p>Att g\u00f6ra en betalning f\u00f6r dina biljetter \u00e4r enkelt och snabbt eftersom vi vill se till att v\u00e5ra kunder fr\u00e5n Sverige kan v\u00e4lja de biljetter de vill ha n\u00e4r de vill ha dem.<br \/>\nDu kan v\u00e4lja att betala f\u00f6r dina biljetter genom att g\u00f6ra n\u00e5got av f\u00f6ljande:<\/p>\n<ul>\n<li>L\u00e4gg in en betalningsmetod f\u00f6r att g\u00f6ra ett k\u00f6p direkt.<\/li>\n<li>L\u00e4gg till pengar p\u00e5 ditt konto f\u00f6r att g\u00f6ra en betalning direkt d\u00e4rifr\u00e5n.<\/li>\n<\/ul>\n<p>Se till att du l\u00e4gger till mer \u00e4n tillr\u00e4ckligt till ditt spelarkonto om du planerar att g\u00f6ra ett k\u00f6p direkt h\u00e4rifr\u00e5n.<\/p>\n<h2>Mer information om El Gordo<\/h2>\n<ul>\n<li>Land: Spanien<\/li>\n<li>Huvudnummersortiment: 54<\/li>\n<li>Du v\u00e4ljer: 5<\/li>\n<li>Extra nummer: inga<\/li>\n<li>Du v\u00e4ljer: inga<\/li>\n<li>Dragningsdagar, timmar: S\u00f6ndag, 21:30 CET, 21:30 CET<\/li>\n<li>Minsta jackpot: 4 miljoner euro<\/li>\n<li>H\u00f6gsta jackpot: ingen<\/li>\n<li>Sannolikhet att vinna jackpotten: 1 p\u00e5 31625100<\/li>\n<li>Sannolikhet f\u00f6r en vinst i niv\u00e5 2: 1 p\u00e5 3513900<\/li>\n<li>Sannolikhet att vinna i alla niv\u00e5er: 1 p\u00e5 6,16<\/li>\n<li>Antal vinstniv\u00e5er: 9<\/li>\n<\/ul>\n<h2>F\u00f6rdelar med att k\u00f6pa El Gordo-biljetter online<\/h2>\n<ul>\n<li>Du f\u00e5r de biljetter du vill ha utan att l\u00e4mna hemmet.<\/li>\n<li>V\u00e4lj mellan \u00e4nnu fler lotterispel<\/li>\n<li>F\u00e5 \u00e4nnu b\u00e4ttre vinstchanser genom att v\u00e4lja lotterispel med de b\u00e4sta jackpottarna.<\/li>\n<li>L\u00e4gg till pengar p\u00e5 ditt konto och betala f\u00f6r biljetter med hj\u00e4lp av ditt lottsaldo.<\/li>\n<li>H\u00e5ll koll p\u00e5 dina biljetter p\u00e5 ett enkelt s\u00e4tt<\/li>\n<li>F\u00e5 omedelbar information om vinnande lotter<\/li>\n<li>L\u00e5t datorn v\u00e4lja de lottnummer som du anv\u00e4nder.<\/li>\n<\/ul>\n<h2>\u00c4r det lagligt att k\u00f6pa El Gordo-biljetter online?<\/h2>\n<p>Du beh\u00f6ver inte oroa dig f\u00f6r om dina biljetter och k\u00f6p online eller p\u00e5 traditionellt s\u00e4tt \u00e4r lagligt f\u00f6r dig i Sverige. V\u00e5rt system g\u00f6r allt lagligt och enligt reglerna. F\u00f6r att inte tala om att du kommer att f\u00e5 din betalning och dina vinster oavsett vad som h\u00e4nder. Vi ser till att den \u00f6verf\u00f6rs till ditt konto s\u00e5 snabbt som m\u00f6jligt.<br \/>\nAllt du beh\u00f6ver g\u00f6ra \u00e4r att vara 18 \u00e5r f\u00f6r att kunna anv\u00e4nda v\u00e5r hemsida.<\/p>\n<h2>Hur f\u00e5r jag betalt om jag vinner El Gordo online?<\/h2>\n<p><img loading=\"lazy\" decoding=\"async\" class=\"alignright wp-image-3585\" src=\"https:\/\/onlinelotto365.com\/wp-content\/uploads\/2020\/11\/online_lottery-106.jpg\" alt=\"spela el gordo online Sverige\" width=\"282\" height=\"169\" \/><br \/>\nVi vet att det \u00e4r oerh\u00f6rt viktigt f\u00f6r dig att f\u00e5 betalt, och det \u00e4r d\u00e4rf\u00f6r vi l\u00e4gger ner en hel del tid och arbete p\u00e5 denna process. Vi ser till att du f\u00e5r alla dina vinster utan att n\u00e5gra avgifter eller provisioner tas ut f\u00f6r oss. Den enda g\u00e5ngen du betalar n\u00e5got till oss \u00e4r om du v\u00e4ljer en bank\u00f6verf\u00f6ring som betalningsmetod. I vissa omr\u00e5den kan detta kr\u00e4va en avgift fr\u00e5n banken f\u00f6r en \u00f6verf\u00f6ring till Sverige och vi kommer att f\u00f6ra den lilla avgiften vidare till dig ocks\u00e5.<\/p>\n<h2>Annars sker betalningen p\u00e5 ett av tv\u00e5 s\u00e4tt:<\/h2>\n<ul>\n<li>Om du vinner mindre \u00e4n 2 500 euro s\u00e4tter vi automatiskt in pengarna direkt p\u00e5 ditt konto s\u00e5 att du inte beh\u00f6ver g\u00f6ra n\u00e5got annat.<\/li>\n<li>Om du vinner mer \u00e4n \u20ac2500 m\u00e5ste du v\u00e4nta p\u00e5 ett mejl fr\u00e5n v\u00e5rt supportteam s\u00e5 att du kan fylla i formul\u00e4ret f\u00f6r anspr\u00e5k. Detta g\u00f6r det m\u00f6jligt f\u00f6r dig att f\u00e5 dina vinster insatta direkt via bank\u00f6verf\u00f6ring eller via en check som skickas till dig.<\/li>\n<\/ul>\n","protected":false},"excerpt":{"rendered":"<p>\u00c4r du nyfiken p\u00e5 att k\u00f6pa El Gordo-biljetter online n\u00e4r du bor i Sverige? D\u00e5 vill du inte missa den h\u00e4r artikeln, f\u00f6r vi kommer att guida dig genom hela processen s\u00e5 att du kan f\u00e5 biljetterna du vill ha utan kr\u00e5ngel och utan att beh\u00f6va resa till ett land som normalt spelar det h\u00e4r [&hellip;]<\/p>\n","protected":false},"author":1,"featured_media":0,"parent":5688,"menu_order":6,"comment_status":"closed","ping_status":"closed","template":"el-gordo-info.php","meta":{"_et_pb_use_builder":"","_et_pb_old_content":"","_et_gb_content_width":"","exclude_from_search":false,"footnotes":""},"class_list":["post-80263","page","type-page","status-publish","hentry"],"yoast_head":"<!-- This site is optimized with the Yoast SEO plugin v23.4 - https:\/\/yoast.com\/wordpress\/plugins\/seo\/ -->\n<title>El Gordo fr\u00e5n Sverige - hur man k\u00f6per biljetter online<\/title>\n<meta name=\"description\" content=\"Detta spanska lotteri \u00e4r nu tillg\u00e4ngligt fr\u00e5n Sverige - k\u00f6p biljetter online\" \/>\n<meta name=\"robots\" content=\"index, follow, max-snippet:-1, max-image-preview:large, max-video-preview:-1\" \/>\n<link rel=\"canonical\" href=\"https:\/\/onlinelotto365.com\/sv\/kopa-biljetter\/el-gordo\/\" \/>\n<meta property=\"og:locale\" content=\"sv_SE\" \/>\n<meta property=\"og:type\" content=\"article\" \/>\n<meta property=\"og:title\" content=\"El Gordo fr\u00e5n Sverige - hur man k\u00f6per biljetter online\" \/>\n<meta property=\"og:description\" content=\"Detta spanska lotteri \u00e4r nu tillg\u00e4ngligt fr\u00e5n Sverige - k\u00f6p biljetter online\" \/>\n<meta property=\"og:url\" content=\"https:\/\/onlinelotto365.com\/sv\/kopa-biljetter\/el-gordo\/\" \/>\n<meta property=\"og:site_name\" content=\"OnlineLotto365\" \/>\n<meta property=\"og:image\" content=\"https:\/\/redfoxlotto.com\/image?size=8&amp;lottery=el-gordo-primitiva\" \/>\n<meta name=\"twitter:card\" content=\"summary_large_image\" \/>\n<meta name=\"twitter:label1\" content=\"Ber\u00e4knad l\u00e4stid\" \/>\n\t<meta name=\"twitter:data1\" content=\"4 minuter\" \/>\n<script type=\"application\/ld+json\" class=\"yoast-schema-graph\">{\"@context\":\"https:\/\/schema.org\",\"@graph\":[{\"@type\":\"WebPage\",\"@id\":\"https:\/\/onlinelotto365.com\/sv\/kopa-biljetter\/el-gordo\/\",\"url\":\"https:\/\/onlinelotto365.com\/sv\/kopa-biljetter\/el-gordo\/\",\"name\":\"El Gordo fr\u00e5n Sverige - hur man k\u00f6per biljetter online\",\"isPartOf\":{\"@id\":\"https:\/\/onlinelotto365.com\/sv\/#website\"},\"primaryImageOfPage\":{\"@id\":\"https:\/\/onlinelotto365.com\/sv\/kopa-biljetter\/el-gordo\/#primaryimage\"},\"image\":{\"@id\":\"https:\/\/onlinelotto365.com\/sv\/kopa-biljetter\/el-gordo\/#primaryimage\"},\"thumbnailUrl\":\"https:\/\/redfoxlotto.com\/image?size=8&amp;lottery=el-gordo-primitiva\",\"datePublished\":\"2022-11-16T07:02:26+00:00\",\"dateModified\":\"2022-11-16T07:02:26+00:00\",\"description\":\"Detta spanska lotteri \u00e4r nu tillg\u00e4ngligt fr\u00e5n Sverige - k\u00f6p biljetter online\",\"breadcrumb\":{\"@id\":\"https:\/\/onlinelotto365.com\/sv\/kopa-biljetter\/el-gordo\/#breadcrumb\"},\"inLanguage\":\"sv-SE\",\"potentialAction\":[{\"@type\":\"ReadAction\",\"target\":[\"https:\/\/onlinelotto365.com\/sv\/kopa-biljetter\/el-gordo\/\"]}]},{\"@type\":\"ImageObject\",\"inLanguage\":\"sv-SE\",\"@id\":\"https:\/\/onlinelotto365.com\/sv\/kopa-biljetter\/el-gordo\/#primaryimage\",\"url\":\"https:\/\/redfoxlotto.com\/image?size=8&amp;lottery=el-gordo-primitiva\",\"contentUrl\":\"https:\/\/redfoxlotto.com\/image?size=8&amp;lottery=el-gordo-primitiva\"},{\"@type\":\"BreadcrumbList\",\"@id\":\"https:\/\/onlinelotto365.com\/sv\/kopa-biljetter\/el-gordo\/#breadcrumb\",\"itemListElement\":[{\"@type\":\"ListItem\",\"position\":1,\"name\":\"Home\",\"item\":\"https:\/\/onlinelotto365.com\/sv\/\"},{\"@type\":\"ListItem\",\"position\":2,\"name\":\"Varf\u00f6r det \u00e4r vettigare att k\u00f6pa lotter online\",\"item\":\"https:\/\/onlinelotto365.com\/sv\/kopa-biljetter\/\"},{\"@type\":\"ListItem\",\"position\":3,\"name\":\"Hur man k\u00f6per El Gordo-biljetter online\"}]},{\"@type\":\"WebSite\",\"@id\":\"https:\/\/onlinelotto365.com\/sv\/#website\",\"url\":\"https:\/\/onlinelotto365.com\/sv\/\",\"name\":\"OnlineLotto365\",\"description\":\"\",\"potentialAction\":[{\"@type\":\"SearchAction\",\"target\":{\"@type\":\"EntryPoint\",\"urlTemplate\":\"https:\/\/onlinelotto365.com\/sv\/?s={search_term_string}\"},\"query-input\":{\"@type\":\"PropertyValueSpecification\",\"valueRequired\":true,\"valueName\":\"search_term_string\"}}],\"inLanguage\":\"sv-SE\"}]}<\/script>\n<!-- \/ Yoast SEO plugin. -->","yoast_head_json":{"title":"El Gordo fr\u00e5n Sverige - hur man k\u00f6per biljetter online","description":"Detta spanska lotteri \u00e4r nu tillg\u00e4ngligt fr\u00e5n Sverige - k\u00f6p biljetter online","robots":{"index":"index","follow":"follow","max-snippet":"max-snippet:-1","max-image-preview":"max-image-preview:large","max-video-preview":"max-video-preview:-1"},"canonical":"https:\/\/onlinelotto365.com\/sv\/kopa-biljetter\/el-gordo\/","og_locale":"sv_SE","og_type":"article","og_title":"El Gordo fr\u00e5n Sverige - hur man k\u00f6per biljetter online","og_description":"Detta spanska lotteri \u00e4r nu tillg\u00e4ngligt fr\u00e5n Sverige - k\u00f6p biljetter online","og_url":"https:\/\/onlinelotto365.com\/sv\/kopa-biljetter\/el-gordo\/","og_site_name":"OnlineLotto365","og_image":[{"url":"https:\/\/redfoxlotto.com\/image?size=8&amp;lottery=el-gordo-primitiva"}],"twitter_card":"summary_large_image","twitter_misc":{"Ber\u00e4knad l\u00e4stid":"4 minuter"},"schema":{"@context":"https:\/\/schema.org","@graph":[{"@type":"WebPage","@id":"https:\/\/onlinelotto365.com\/sv\/kopa-biljetter\/el-gordo\/","url":"https:\/\/onlinelotto365.com\/sv\/kopa-biljetter\/el-gordo\/","name":"El Gordo fr\u00e5n Sverige - hur man k\u00f6per biljetter online","isPartOf":{"@id":"https:\/\/onlinelotto365.com\/sv\/#website"},"primaryImageOfPage":{"@id":"https:\/\/onlinelotto365.com\/sv\/kopa-biljetter\/el-gordo\/#primaryimage"},"image":{"@id":"https:\/\/onlinelotto365.com\/sv\/kopa-biljetter\/el-gordo\/#primaryimage"},"thumbnailUrl":"https:\/\/redfoxlotto.com\/image?size=8&amp;lottery=el-gordo-primitiva","datePublished":"2022-11-16T07:02:26+00:00","dateModified":"2022-11-16T07:02:26+00:00","description":"Detta spanska lotteri \u00e4r nu tillg\u00e4ngligt fr\u00e5n Sverige - k\u00f6p biljetter online","breadcrumb":{"@id":"https:\/\/onlinelotto365.com\/sv\/kopa-biljetter\/el-gordo\/#breadcrumb"},"inLanguage":"sv-SE","potentialAction":[{"@type":"ReadAction","target":["https:\/\/onlinelotto365.com\/sv\/kopa-biljetter\/el-gordo\/"]}]},{"@type":"ImageObject","inLanguage":"sv-SE","@id":"https:\/\/onlinelotto365.com\/sv\/kopa-biljetter\/el-gordo\/#primaryimage","url":"https:\/\/redfoxlotto.com\/image?size=8&amp;lottery=el-gordo-primitiva","contentUrl":"https:\/\/redfoxlotto.com\/image?size=8&amp;lottery=el-gordo-primitiva"},{"@type":"BreadcrumbList","@id":"https:\/\/onlinelotto365.com\/sv\/kopa-biljetter\/el-gordo\/#breadcrumb","itemListElement":[{"@type":"ListItem","position":1,"name":"Home","item":"https:\/\/onlinelotto365.com\/sv\/"},{"@type":"ListItem","position":2,"name":"Varf\u00f6r det \u00e4r vettigare att k\u00f6pa lotter online","item":"https:\/\/onlinelotto365.com\/sv\/kopa-biljetter\/"},{"@type":"ListItem","position":3,"name":"Hur man k\u00f6per El Gordo-biljetter online"}]},{"@type":"WebSite","@id":"https:\/\/onlinelotto365.com\/sv\/#website","url":"https:\/\/onlinelotto365.com\/sv\/","name":"OnlineLotto365","description":"","potentialAction":[{"@type":"SearchAction","target":{"@type":"EntryPoint","urlTemplate":"https:\/\/onlinelotto365.com\/sv\/?s={search_term_string}"},"query-input":{"@type":"PropertyValueSpecification","valueRequired":true,"valueName":"search_term_string"}}],"inLanguage":"sv-SE"}]}},"_links":{"self":[{"href":"https:\/\/onlinelotto365.com\/sv\/wp-json\/wp\/v2\/pages\/80263","targetHints":{"allow":["GET"]}}],"collection":[{"href":"https:\/\/onlinelotto365.com\/sv\/wp-json\/wp\/v2\/pages"}],"about":[{"href":"https:\/\/onlinelotto365.com\/sv\/wp-json\/wp\/v2\/types\/page"}],"author":[{"embeddable":true,"href":"https:\/\/onlinelotto365.com\/sv\/wp-json\/wp\/v2\/users\/1"}],"replies":[{"embeddable":true,"href":"https:\/\/onlinelotto365.com\/sv\/wp-json\/wp\/v2\/comments?post=80263"}],"version-history":[{"count":0,"href":"https:\/\/onlinelotto365.com\/sv\/wp-json\/wp\/v2\/pages\/80263\/revisions"}],"up":[{"embeddable":true,"href":"https:\/\/onlinelotto365.com\/sv\/wp-json\/wp\/v2\/pages\/5688"}],"wp:attachment":[{"href":"https:\/\/onlinelotto365.com\/sv\/wp-json\/wp\/v2\/media?parent=80263"}],"curies":[{"name":"wp","href":"https:\/\/api.w.org\/{rel}","templated":true}]}}