{"id":80295,"date":"2022-11-16T10:41:55","date_gmt":"2022-11-16T09:41:55","guid":{"rendered":"https:\/\/onlinelotto365.com\/?page_id=80295"},"modified":"2022-11-16T10:41:55","modified_gmt":"2022-11-16T09:41:55","slug":"la-primitiva","status":"publish","type":"page","link":"https:\/\/onlinelotto365.com\/sv\/kopa-biljetter\/la-primitiva\/","title":{"rendered":"Hur man k\u00f6per La Primitiva-biljetter online"},"content":{"rendered":"<p>Om du vill k\u00f6pa La Primitiva-biljetter online men fortfarande inte \u00e4r helt s\u00e4ker p\u00e5 hur du ska g\u00f6ra det, se till att du tar en titt p\u00e5 den h\u00e4r processen. Det \u00e4r mycket enklare \u00e4n du kanske tror f\u00f6r Sverige<br \/>\nlottofans, och du kan v\u00e4nta p\u00e5 dragningen snabbare \u00e4n du tror.<br \/>\n<a href=\"https:\/\/redfoxlotto.com\/play\/la-primitiva\/?ref=a8564250a2&amp;medium=ol365\" target=\"_blank\" rel=\"noopener noreferrer\"><img decoding=\"async\" class=\"aligncenter\" src=\"https:\/\/redfoxlotto.com\/image?size=8&amp;lottery=la-primitiva\" alt=\" la primitiva\" \/><\/a><\/p>\n<ul>\n<li>V\u00e4lj det lottospel som du vill spela och v\u00e4lj numren f\u00f6r var och en av dina lotter. Eller l\u00e5t datorn v\u00e4lja dina lottnummer \u00e5t dig.<\/li>\n<li>L\u00e4gg till s\u00e5 m\u00e5nga olika biljetter och lotterispel till din best\u00e4llning som du vill innan du \u00e4r redo att checka ut.<\/li>\n<li>V\u00e4lj alternativet att betala nu<\/li>\n<li>Registrera ett nytt konto om du aldrig har handlat hos oss tidigare eller logga in om du \u00e4r en befintlig kund.<\/li>\n<li>Slutf\u00f6r registreringsprocessen genom att klicka p\u00e5 verifieringsl\u00e4nken som skickas till din e-postadress.<\/li>\n<li>Kontrollera b\u00e5de din inkorg och din skr\u00e4ppostmapp f\u00f6r att hitta ditt bekr\u00e4ftelsemail.<\/li>\n<li>G\u00e5 till kundvagnen p\u00e5 webbplatsen<\/li>\n<li>F\u00f6lj instruktionerna f\u00f6r att v\u00e4lja ett betalningsalternativ och betala f\u00f6r dina biljetter.<\/li>\n<\/ul>\n<h2>Hur du betalar din La Primitiva-biljett online<\/h2>\n<p>Du kan v\u00e4lja mellan flera olika betalningsalternativ som \u00e4r mycket s\u00e4kra f\u00f6r v\u00e5ra anv\u00e4ndare. Vi l\u00e5ter dig v\u00e4lja det alternativ som \u00e4r mest bekv\u00e4mt.<br \/>\nV\u00e4lj ett av tv\u00e5 alternativ f\u00f6r att komma ig\u00e5ng:<\/p>\n<ul>\n<li>G\u00f6r en betalning direkt med ett kreditkort, bankkonto eller en annan betalningsmetod.<\/li>\n<li>L\u00e4gg till pengar p\u00e5 ditt konto och anv\u00e4nd dem f\u00f6r att k\u00f6pa biljetter fr\u00e5n ditt spelarkonto.<\/li>\n<\/ul>\n<p>De som l\u00e4gger till pengar p\u00e5 sitt spelarkonto f\u00f6r att g\u00f6ra ett k\u00f6p m\u00e5ste s\u00e4tta in mer \u00e4n tillr\u00e4ckligt med pengar f\u00f6r det k\u00f6p de v\u00e4ljer att g\u00f6ra.<\/p>\n<h2>Mer information om La Primitiva<\/h2>\n<ul>\n<li>Land: Spanien<\/li>\n<li>Huvudnummersortiment: 49<\/li>\n<li>Du v\u00e4ljer: 6<\/li>\n<li>Extra nummer:<\/li>\n<li>Du v\u00e4ljer: 1<\/li>\n<li>Dragningsdagar, timmar: Tider: torsdag, l\u00f6rdag, 21:30 CET, 21:30 CET<\/li>\n<li>Minsta jackpot: 2 miljoner euro<\/li>\n<li>H\u00f6gsta jackpot: ingen<\/li>\n<li>Sannolikhet att vinna jackpotten: 1 p\u00e5 15537573<\/li>\n<li>Sannolikhet f\u00f6r en vinst i niv\u00e5 2: 1 p\u00e5 542008<\/li>\n<li>Sannolikhet att vinna i alla niv\u00e5er: 1 p\u00e5 8,43<\/li>\n<li>Antal vinstniv\u00e5er: 9<\/li>\n<\/ul>\n<h2>F\u00f6rdelar med att k\u00f6pa La Primitiva-biljetter online<\/h2>\n<ul>\n<li>V\u00e4lj dina biljetter utan att l\u00e4mna hemmet<\/li>\n<li>V\u00e4lj bland \u00e4nnu fler lotterialternativ<\/li>\n<li>Ta en titt p\u00e5 olika jackpottar f\u00f6r att se var du kan vinna mest.<\/li>\n<li>S\u00e4tt in pengar p\u00e5 ditt konto f\u00f6r att betala f\u00f6r dina biljetter.<\/li>\n<li>Du beh\u00f6ver inte oroa dig f\u00f6r att f\u00f6rlora dina biljetter<\/li>\n<li>Du f\u00e5r ett meddelande om du vinner<\/li>\n<li>Du kan v\u00e4lja en slumpm\u00e4ssigt genererad lott<\/li>\n<\/ul>\n<h2>\u00c4r det lagligt att k\u00f6pa La Primitiva-biljetter online?<\/h2>\n<p>Vissa m\u00e4nniskor oroar sig f\u00f6r om det \u00e4r till\u00e5tet att k\u00f6pa lotter p\u00e5 n\u00e4tet i det land d\u00e4r de bor. Eller till och med om de kan k\u00f6pa lotter p\u00e5 det traditionella s\u00e4ttet. Men du beh\u00f6ver inte oroa dig f\u00f6r om det \u00e4r lagligt att anv\u00e4nda v\u00e5rt system eftersom vi tar hand om reglerna f\u00f6r det omr\u00e5de d\u00e4r lotteriet h\u00e5lls. P\u00e5 s\u00e5 s\u00e4tt f\u00e5r du dina vinster, oavsett vad som h\u00e4nder och oavsett hur mycket du vinner.<br \/>\nDu beh\u00f6ver bara vara minst 18 \u00e5r gammal f\u00f6r att kunna anv\u00e4nda v\u00e5r tj\u00e4nst.<\/p>\n<h2>Hur f\u00e5r jag betalt om jag vinner La Primitiva online?<\/h2>\n<p><img loading=\"lazy\" decoding=\"async\" class=\"alignright wp-image-3535\" src=\"https:\/\/onlinelotto365.com\/wp-content\/uploads\/2020\/11\/online_lottery-141-296x300.jpg\" alt=\"la primitiva online\" width=\"164\" height=\"166\" srcset=\"https:\/\/onlinelotto365.com\/wp-content\/uploads\/2020\/11\/online_lottery-141-296x300.jpg 296w, https:\/\/onlinelotto365.com\/wp-content\/uploads\/2020\/11\/online_lottery-141-100x100.jpg 100w, https:\/\/onlinelotto365.com\/wp-content\/uploads\/2020\/11\/online_lottery-141.jpg 491w\" sizes=\"auto, (max-width: 164px) 100vw, 164px\" \/><br \/>\nN\u00e4r det g\u00e4ller att f\u00e5 betalt vet vi hur viktigt det \u00e4r f\u00f6r dig. Det \u00e4r d\u00e4rf\u00f6r vi g\u00f6r betalningsprocessen s\u00e5 enkel som m\u00f6jligt. Och vi g\u00f6r allt utan att ta ut n\u00e5gra avgifter eller provisioner av dig. \u00c5tminstone om du inte v\u00e4ljer att f\u00e5 din betalning skickad via bank\u00f6verf\u00f6ring. I det fallet kan vi komma att debiteras en avgift av din bank. N\u00e4r detta sker skickar vi den avgiften vidare till dig.<br \/>\nAllt du beh\u00f6ver g\u00f6ra \u00e4r att veta vad som h\u00e4nder n\u00e4r du vinner:<\/p>\n<ul>\n<li>Om du vinner mindre \u00e4n 2 500 euro beh\u00f6ver du inte g\u00f6ra n\u00e5gonting eftersom vi tar hand om allt \u00e5t dig. Vi ser till att du f\u00e5r alla dina pengar direkt p\u00e5 ditt spelarkonto.<\/li>\n<li>Om du vinner mer \u00e4n 2 500 euro kan du f\u00e5 dina pengar skickade med check eller bank\u00f6verf\u00f6ring. I det h\u00e4r fallet m\u00e5ste du fylla i ett kravformul\u00e4r som v\u00e5rt supportteam skickar till dig, och sedan hj\u00e4lper vi dig med resten.<\/li>\n<\/ul>\n","protected":false},"excerpt":{"rendered":"<p>Om du vill k\u00f6pa La Primitiva-biljetter online men fortfarande inte \u00e4r helt s\u00e4ker p\u00e5 hur du ska g\u00f6ra det, se till att du tar en titt p\u00e5 den h\u00e4r processen. Det \u00e4r mycket enklare \u00e4n du kanske tror f\u00f6r Sverige lottofans, och du kan v\u00e4nta p\u00e5 dragningen snabbare \u00e4n du tror. V\u00e4lj det lottospel som [&hellip;]<\/p>\n","protected":false},"author":1,"featured_media":0,"parent":5688,"menu_order":7,"comment_status":"closed","ping_status":"closed","template":"la-primitiva-info.php","meta":{"_et_pb_use_builder":"","_et_pb_old_content":"","_et_gb_content_width":"","exclude_from_search":false,"footnotes":""},"class_list":["post-80295","page","type-page","status-publish","hentry"],"yoast_head":"<!-- This site is optimized with the Yoast SEO plugin v23.4 - https:\/\/yoast.com\/wordpress\/plugins\/seo\/ -->\n<title>Online-tj\u00e4nst f\u00f6r La Primitiva-biljetter | La Primitiva fr\u00e5n Sverige<\/title>\n<meta name=\"description\" content=\"Ta reda p\u00e5 hur du kan k\u00f6pa biljetter till Spaniens La Primitiva-lotteri fr\u00e5n Sverige.\" \/>\n<meta name=\"robots\" content=\"index, follow, max-snippet:-1, max-image-preview:large, max-video-preview:-1\" \/>\n<link rel=\"canonical\" href=\"https:\/\/onlinelotto365.com\/sv\/kopa-biljetter\/la-primitiva\/\" \/>\n<meta property=\"og:locale\" content=\"sv_SE\" \/>\n<meta property=\"og:type\" content=\"article\" \/>\n<meta property=\"og:title\" content=\"Online-tj\u00e4nst f\u00f6r La Primitiva-biljetter | La Primitiva fr\u00e5n Sverige\" \/>\n<meta property=\"og:description\" content=\"Ta reda p\u00e5 hur du kan k\u00f6pa biljetter till Spaniens La Primitiva-lotteri fr\u00e5n Sverige.\" \/>\n<meta property=\"og:url\" content=\"https:\/\/onlinelotto365.com\/sv\/kopa-biljetter\/la-primitiva\/\" \/>\n<meta property=\"og:site_name\" content=\"OnlineLotto365\" \/>\n<meta property=\"og:image\" content=\"https:\/\/redfoxlotto.com\/image?size=8&amp;lottery=la-primitiva\" \/>\n<meta name=\"twitter:card\" content=\"summary_large_image\" \/>\n<meta name=\"twitter:label1\" content=\"Ber\u00e4knad l\u00e4stid\" \/>\n\t<meta name=\"twitter:data1\" content=\"4 minuter\" \/>\n<script type=\"application\/ld+json\" class=\"yoast-schema-graph\">{\"@context\":\"https:\/\/schema.org\",\"@graph\":[{\"@type\":\"WebPage\",\"@id\":\"https:\/\/onlinelotto365.com\/sv\/kopa-biljetter\/la-primitiva\/\",\"url\":\"https:\/\/onlinelotto365.com\/sv\/kopa-biljetter\/la-primitiva\/\",\"name\":\"Online-tj\u00e4nst f\u00f6r La Primitiva-biljetter | La Primitiva fr\u00e5n Sverige\",\"isPartOf\":{\"@id\":\"https:\/\/onlinelotto365.com\/sv\/#website\"},\"primaryImageOfPage\":{\"@id\":\"https:\/\/onlinelotto365.com\/sv\/kopa-biljetter\/la-primitiva\/#primaryimage\"},\"image\":{\"@id\":\"https:\/\/onlinelotto365.com\/sv\/kopa-biljetter\/la-primitiva\/#primaryimage\"},\"thumbnailUrl\":\"https:\/\/redfoxlotto.com\/image?size=8&amp;lottery=la-primitiva\",\"datePublished\":\"2022-11-16T09:41:55+00:00\",\"dateModified\":\"2022-11-16T09:41:55+00:00\",\"description\":\"Ta reda p\u00e5 hur du kan k\u00f6pa biljetter till Spaniens La Primitiva-lotteri fr\u00e5n Sverige.\",\"breadcrumb\":{\"@id\":\"https:\/\/onlinelotto365.com\/sv\/kopa-biljetter\/la-primitiva\/#breadcrumb\"},\"inLanguage\":\"sv-SE\",\"potentialAction\":[{\"@type\":\"ReadAction\",\"target\":[\"https:\/\/onlinelotto365.com\/sv\/kopa-biljetter\/la-primitiva\/\"]}]},{\"@type\":\"ImageObject\",\"inLanguage\":\"sv-SE\",\"@id\":\"https:\/\/onlinelotto365.com\/sv\/kopa-biljetter\/la-primitiva\/#primaryimage\",\"url\":\"https:\/\/redfoxlotto.com\/image?size=8&amp;lottery=la-primitiva\",\"contentUrl\":\"https:\/\/redfoxlotto.com\/image?size=8&amp;lottery=la-primitiva\"},{\"@type\":\"BreadcrumbList\",\"@id\":\"https:\/\/onlinelotto365.com\/sv\/kopa-biljetter\/la-primitiva\/#breadcrumb\",\"itemListElement\":[{\"@type\":\"ListItem\",\"position\":1,\"name\":\"Home\",\"item\":\"https:\/\/onlinelotto365.com\/sv\/\"},{\"@type\":\"ListItem\",\"position\":2,\"name\":\"Varf\u00f6r det \u00e4r vettigare att k\u00f6pa lotter online\",\"item\":\"https:\/\/onlinelotto365.com\/sv\/kopa-biljetter\/\"},{\"@type\":\"ListItem\",\"position\":3,\"name\":\"Hur man k\u00f6per La Primitiva-biljetter online\"}]},{\"@type\":\"WebSite\",\"@id\":\"https:\/\/onlinelotto365.com\/sv\/#website\",\"url\":\"https:\/\/onlinelotto365.com\/sv\/\",\"name\":\"OnlineLotto365\",\"description\":\"\",\"potentialAction\":[{\"@type\":\"SearchAction\",\"target\":{\"@type\":\"EntryPoint\",\"urlTemplate\":\"https:\/\/onlinelotto365.com\/sv\/?s={search_term_string}\"},\"query-input\":{\"@type\":\"PropertyValueSpecification\",\"valueRequired\":true,\"valueName\":\"search_term_string\"}}],\"inLanguage\":\"sv-SE\"}]}<\/script>\n<!-- \/ Yoast SEO plugin. -->","yoast_head_json":{"title":"Online-tj\u00e4nst f\u00f6r La Primitiva-biljetter | La Primitiva fr\u00e5n Sverige","description":"Ta reda p\u00e5 hur du kan k\u00f6pa biljetter till Spaniens La Primitiva-lotteri fr\u00e5n Sverige.","robots":{"index":"index","follow":"follow","max-snippet":"max-snippet:-1","max-image-preview":"max-image-preview:large","max-video-preview":"max-video-preview:-1"},"canonical":"https:\/\/onlinelotto365.com\/sv\/kopa-biljetter\/la-primitiva\/","og_locale":"sv_SE","og_type":"article","og_title":"Online-tj\u00e4nst f\u00f6r La Primitiva-biljetter | La Primitiva fr\u00e5n Sverige","og_description":"Ta reda p\u00e5 hur du kan k\u00f6pa biljetter till Spaniens La Primitiva-lotteri fr\u00e5n Sverige.","og_url":"https:\/\/onlinelotto365.com\/sv\/kopa-biljetter\/la-primitiva\/","og_site_name":"OnlineLotto365","og_image":[{"url":"https:\/\/redfoxlotto.com\/image?size=8&amp;lottery=la-primitiva"}],"twitter_card":"summary_large_image","twitter_misc":{"Ber\u00e4knad l\u00e4stid":"4 minuter"},"schema":{"@context":"https:\/\/schema.org","@graph":[{"@type":"WebPage","@id":"https:\/\/onlinelotto365.com\/sv\/kopa-biljetter\/la-primitiva\/","url":"https:\/\/onlinelotto365.com\/sv\/kopa-biljetter\/la-primitiva\/","name":"Online-tj\u00e4nst f\u00f6r La Primitiva-biljetter | La Primitiva fr\u00e5n Sverige","isPartOf":{"@id":"https:\/\/onlinelotto365.com\/sv\/#website"},"primaryImageOfPage":{"@id":"https:\/\/onlinelotto365.com\/sv\/kopa-biljetter\/la-primitiva\/#primaryimage"},"image":{"@id":"https:\/\/onlinelotto365.com\/sv\/kopa-biljetter\/la-primitiva\/#primaryimage"},"thumbnailUrl":"https:\/\/redfoxlotto.com\/image?size=8&amp;lottery=la-primitiva","datePublished":"2022-11-16T09:41:55+00:00","dateModified":"2022-11-16T09:41:55+00:00","description":"Ta reda p\u00e5 hur du kan k\u00f6pa biljetter till Spaniens La Primitiva-lotteri fr\u00e5n Sverige.","breadcrumb":{"@id":"https:\/\/onlinelotto365.com\/sv\/kopa-biljetter\/la-primitiva\/#breadcrumb"},"inLanguage":"sv-SE","potentialAction":[{"@type":"ReadAction","target":["https:\/\/onlinelotto365.com\/sv\/kopa-biljetter\/la-primitiva\/"]}]},{"@type":"ImageObject","inLanguage":"sv-SE","@id":"https:\/\/onlinelotto365.com\/sv\/kopa-biljetter\/la-primitiva\/#primaryimage","url":"https:\/\/redfoxlotto.com\/image?size=8&amp;lottery=la-primitiva","contentUrl":"https:\/\/redfoxlotto.com\/image?size=8&amp;lottery=la-primitiva"},{"@type":"BreadcrumbList","@id":"https:\/\/onlinelotto365.com\/sv\/kopa-biljetter\/la-primitiva\/#breadcrumb","itemListElement":[{"@type":"ListItem","position":1,"name":"Home","item":"https:\/\/onlinelotto365.com\/sv\/"},{"@type":"ListItem","position":2,"name":"Varf\u00f6r det \u00e4r vettigare att k\u00f6pa lotter online","item":"https:\/\/onlinelotto365.com\/sv\/kopa-biljetter\/"},{"@type":"ListItem","position":3,"name":"Hur man k\u00f6per La Primitiva-biljetter online"}]},{"@type":"WebSite","@id":"https:\/\/onlinelotto365.com\/sv\/#website","url":"https:\/\/onlinelotto365.com\/sv\/","name":"OnlineLotto365","description":"","potentialAction":[{"@type":"SearchAction","target":{"@type":"EntryPoint","urlTemplate":"https:\/\/onlinelotto365.com\/sv\/?s={search_term_string}"},"query-input":{"@type":"PropertyValueSpecification","valueRequired":true,"valueName":"search_term_string"}}],"inLanguage":"sv-SE"}]}},"_links":{"self":[{"href":"https:\/\/onlinelotto365.com\/sv\/wp-json\/wp\/v2\/pages\/80295","targetHints":{"allow":["GET"]}}],"collection":[{"href":"https:\/\/onlinelotto365.com\/sv\/wp-json\/wp\/v2\/pages"}],"about":[{"href":"https:\/\/onlinelotto365.com\/sv\/wp-json\/wp\/v2\/types\/page"}],"author":[{"embeddable":true,"href":"https:\/\/onlinelotto365.com\/sv\/wp-json\/wp\/v2\/users\/1"}],"replies":[{"embeddable":true,"href":"https:\/\/onlinelotto365.com\/sv\/wp-json\/wp\/v2\/comments?post=80295"}],"version-history":[{"count":0,"href":"https:\/\/onlinelotto365.com\/sv\/wp-json\/wp\/v2\/pages\/80295\/revisions"}],"up":[{"embeddable":true,"href":"https:\/\/onlinelotto365.com\/sv\/wp-json\/wp\/v2\/pages\/5688"}],"wp:attachment":[{"href":"https:\/\/onlinelotto365.com\/sv\/wp-json\/wp\/v2\/media?parent=80295"}],"curies":[{"name":"wp","href":"https:\/\/api.w.org\/{rel}","templated":true}]}}