{"id":80327,"date":"2022-11-16T13:35:16","date_gmt":"2022-11-16T12:35:16","guid":{"rendered":"https:\/\/onlinelotto365.com\/?page_id=80327"},"modified":"2022-11-16T14:01:10","modified_gmt":"2022-11-16T13:01:10","slug":"bonoloto","status":"publish","type":"page","link":"https:\/\/onlinelotto365.com\/sv\/kopa-biljetter\/bonoloto\/","title":{"rendered":"Hur man k\u00f6per BonoLoto-biljetter online"},"content":{"rendered":"<p>Om du bor i Sverige<br \/>\noch vill veta hur du spelar BonoLoto online och hur du f\u00e5r dina biljetter \u00e4r du p\u00e5 r\u00e4tt st\u00e4lle. Vi kan hj\u00e4lpa dig med hela processen och det kommer att bli mycket enklare \u00e4n du kanske tror ocks\u00e5. Allt du beh\u00f6ver g\u00f6ra \u00e4r att f\u00f6lja de steg som vi har beskrivit nedan.<\/p>\n<p><a href=\"https:\/\/redfoxlotto.com\/play\/bonoloto\/?ref=a8564250a2&amp;medium=ol365\" target=\"_blank\" rel=\"noopener noreferrer\"><img decoding=\"async\" class=\"aligncenter\" src=\"https:\/\/redfoxlotto.com\/image?size=8&amp;lottery=bonoloto\" alt=\"BonoLoto\" \/><\/a><\/p>\n<ul>\n<li>G\u00e5 till sidan f\u00f6r det lottospel som du vill spela, till exempel BonoLoto. V\u00e4lj sedan ut alla biljetter som du vill ha inklusive de nummer som du vill spela.<\/li>\n<li>L\u00e4gg till ytterligare biljetter f\u00f6r BonoLoto eller f\u00f6r andra spel till din best\u00e4llning tills du \u00e4r redo att g\u00e5 till kassan.<\/li>\n<li>V\u00e4lj knappen f\u00f6r att betala nu<\/li>\n<li>Logga in p\u00e5 ditt konto eller v\u00e4lj alternativet att skapa ett helt nytt konto och g\u00e5 igenom registreringsprocessen.<\/li>\n<li>Om du skapar ett nytt konto m\u00e5ste du g\u00e5 till din e-post f\u00f6r att f\u00e5 verifieringsl\u00e4nken som g\u00f6r att du kan slutf\u00f6ra processen.<\/li>\n<li>Om du inte f\u00e5r l\u00e4nken ska du kontrollera din skr\u00e4ppostmapp f\u00f6r att se om den dyker upp d\u00e4r i st\u00e4llet f\u00f6r i din vanliga inkorg.<\/li>\n<li>G\u00e5 till kassasidan p\u00e5 webbplatsen och starta betalningsprocessen.<\/li>\n<li>V\u00e4lj din betalningsmetod och slutf\u00f6r kassan.<\/li>\n<\/ul>\n<h2>Hur du betalar din BonoLoto-biljett online<\/h2>\n<p>Du har m\u00e5nga olika betalningsmetoder som du kan anv\u00e4nda f\u00f6r att k\u00f6pa dina BonoLoto-biljetter och annat.<br \/>\nK\u00f6p dina biljetter genom att v\u00e4lja mellan dessa tv\u00e5 allm\u00e4nna alternativ f\u00f6r att komma ig\u00e5ng:<\/p>\n<p>Betala din best\u00e4llning direkt med ett kreditkort eller ett finansiellt konto.<br \/>\nS\u00e4tt in pengar p\u00e5 ditt spelarkonto p\u00e5 v\u00e5r webbplats och anv\u00e4nd ditt spelarkonto f\u00f6r att g\u00f6ra ett k\u00f6p.<\/p>\n<p>F\u00f6r dem som v\u00e4ljer att s\u00e4tta in pengar p\u00e5 sitt spelarkonto ska du se till att du l\u00e4gger in mer pengar \u00e4n vad du beh\u00f6ver f\u00f6r din aktuella best\u00e4llning f\u00f6r att den ska kunna behandlas.<\/p>\n<h2>Mer information om BonoLoto<\/h2>\n<ul>\n<li>Land: Spanien<\/li>\n<li>Huvudnummersortiment: 49<\/li>\n<li>Du v\u00e4ljer: 6<\/li>\n<li>Dragningsdagar, tider: dagligen utom s\u00f6ndagar, 21:30 CET, 21:30 CET<\/li>\n<li>Minsta jackpot: 400000<\/li>\n<li>H\u00f6gsta jackpot: ingen<\/li>\n<li>Sannolikhet att vinna jackpotten: 1 p\u00e5 13983816<\/li>\n<li>Sannolikhet f\u00f6r en vinst i niv\u00e5 2: 1 p\u00e5 2330636<\/li>\n<li>Sannolikhet att vinna i alla niv\u00e5er: 1 p\u00e5 8,43<\/li>\n<li>Antal vinstniv\u00e5er: 6<\/li>\n<\/ul>\n<h2>F\u00f6rdelar med att k\u00f6pa BonoLoto-biljetter online<\/h2>\n<ul>\n<li>Stanna hemma och f\u00e5 \u00e4nd\u00e5 de biljetter du vill ha fr\u00e5n Sverige<\/li>\n<li>V\u00e4lj bland ett stort antal olika lotterispel fr\u00e5n hela v\u00e4rlden.<\/li>\n<li>F\u00e5 b\u00e4ttre chanser att vinna stora priser genom att v\u00e4lja de b\u00e4sta jackpottarna.<\/li>\n<li>S\u00e4tt in pengar p\u00e5 ditt konto f\u00f6r att betala f\u00f6r dina biljetter<\/li>\n<li>Oroa dig inte f\u00f6r att n\u00e5gonsin f\u00f6rlora en biljett igen<\/li>\n<li>Missa aldrig en vinst med omedelbara meddelanden<\/li>\n<li>Anv\u00e4nd slumpgeneratorn f\u00f6r att v\u00e4lja dina nummer \u00e5t dig.<\/li>\n<\/ul>\n<h2>\u00c4r det lagligt att k\u00f6pa BonoLoto-biljetter online?<\/h2>\n<p>Du kanske k\u00e4nner dig lite orolig f\u00f6r att spela den h\u00e4r typen av spel om du inte k\u00e4nner till lagligheten f\u00f6r online-lotto i det land d\u00e4r du bor. Men du kan absolut lita p\u00e5 att v\u00e5r tj\u00e4nst hj\u00e4lper dig. Vi ser till att alla regler f\u00f6r det land som lotto kommer fr\u00e5n f\u00f6ljs.<\/p>\n<p>P\u00e5 s\u00e5 s\u00e4tt beh\u00f6ver du inte oroa dig om du vinner n\u00e5got pris, inklusive jackpotten, om du kan kr\u00e4va det. Du \u00e4r garanterad att f\u00e5 det pris som du har f\u00f6rtj\u00e4nat.<br \/>\nDen enda regeln \u00e4r att du m\u00e5ste vara minst 18 \u00e5r f\u00f6r att f\u00e5 spela.<\/p>\n<h2>Hur f\u00e5r jag betalt om jag vinner BonoLoto online?<\/h2>\n<p><img loading=\"lazy\" decoding=\"async\" class=\"alignright wp-image-3675\" src=\"https:\/\/onlinelotto365.com\/wp-content\/uploads\/2020\/11\/online_lottery-117-300x217.jpg\" alt=\"k\u00f6pa Bonoloto biljetter online\" width=\"195\" height=\"141\" srcset=\"https:\/\/onlinelotto365.com\/wp-content\/uploads\/2020\/11\/online_lottery-117-300x217.jpg 300w, https:\/\/onlinelotto365.com\/wp-content\/uploads\/2020\/11\/online_lottery-117.jpg 320w\" sizes=\"auto, (max-width: 195px) 100vw, 195px\" \/><\/p>\n<p>Betalningar \u00e4r viktiga och du vill vara s\u00e4ker p\u00e5 att du f\u00e5r alla pengar som du har r\u00e4tt till. Det \u00e4r inget problem med oss eftersom vi inte tar ut n\u00e5gon provision p\u00e5 dina vinster. Du f\u00e5r allt direkt p\u00e5 ditt konto.<\/p>\n<p>Den enda g\u00e5ngen vi ens tar ut avgifter \u00e4r om du v\u00e4ljer att f\u00e5 dina pengar \u00f6verf\u00f6rda till din bank. Om din bank tar ut en avgift f\u00f6r den h\u00e4r \u00f6verf\u00f6ringen kommer vi att f\u00f6ra \u00f6ver den avgiften till ditt konto.<br \/>\nN\u00e4r du har r\u00e4tt till utbetalning kommer dock en av tv\u00e5 saker att h\u00e4nda:<\/p>\n<ul>\n<li>Om du vinner mindre \u00e4n 2 500 euro f\u00e5r du pengarna p\u00e5 ditt konto praktiskt taget omedelbart, s\u00e5 du kan g\u00f6ra vad du vill med dem.<\/li>\n<li>Om du vinner mer \u00e4n 2 500 euro kommer beloppet du vinner att skickas till dig antingen som en bank\u00f6verf\u00f6ring eller som en check. Du f\u00e5r v\u00e4lja vilket du f\u00f6redrar n\u00e4r du fyller i det ans\u00f6kningsformul\u00e4r som v\u00e5r personal kommer att skicka dig. P\u00e5 s\u00e5 s\u00e4tt f\u00e5r du dina pengar inom bara n\u00e5gra dagar.<\/li>\n<\/ul>\n","protected":false},"excerpt":{"rendered":"<p>Om du bor i Sverige och vill veta hur du spelar BonoLoto online och hur du f\u00e5r dina biljetter \u00e4r du p\u00e5 r\u00e4tt st\u00e4lle. Vi kan hj\u00e4lpa dig med hela processen och det kommer att bli mycket enklare \u00e4n du kanske tror ocks\u00e5. Allt du beh\u00f6ver g\u00f6ra \u00e4r att f\u00f6lja de steg som vi har [&hellip;]<\/p>\n","protected":false},"author":1,"featured_media":0,"parent":5688,"menu_order":8,"comment_status":"closed","ping_status":"closed","template":"template-rightsidebar.php","meta":{"_et_pb_use_builder":"","_et_pb_old_content":"","_et_gb_content_width":"","exclude_from_search":false,"footnotes":""},"class_list":["post-80327","page","type-page","status-publish","hentry"],"yoast_head":"<!-- This site is optimized with the Yoast SEO plugin v23.4 - https:\/\/yoast.com\/wordpress\/plugins\/seo\/ -->\n<title>BonoLoto biljetter online | Hur man k\u00f6per biljetter fr\u00e5n svenska<\/title>\n<meta name=\"description\" content=\"P\u00e5 v\u00e5r webbplats kan du k\u00f6pa Bonoloto-biljetter online och lagligt\" \/>\n<meta name=\"robots\" content=\"index, follow, max-snippet:-1, max-image-preview:large, max-video-preview:-1\" \/>\n<link rel=\"canonical\" href=\"https:\/\/onlinelotto365.com\/sv\/kopa-biljetter\/bonoloto\/\" \/>\n<meta property=\"og:locale\" content=\"sv_SE\" \/>\n<meta property=\"og:type\" content=\"article\" \/>\n<meta property=\"og:title\" content=\"BonoLoto biljetter online | Hur man k\u00f6per biljetter fr\u00e5n svenska\" \/>\n<meta property=\"og:description\" content=\"P\u00e5 v\u00e5r webbplats kan du k\u00f6pa Bonoloto-biljetter online och lagligt\" \/>\n<meta property=\"og:url\" content=\"https:\/\/onlinelotto365.com\/sv\/kopa-biljetter\/bonoloto\/\" \/>\n<meta property=\"og:site_name\" content=\"OnlineLotto365\" \/>\n<meta property=\"article:modified_time\" content=\"2022-11-16T13:01:10+00:00\" \/>\n<meta property=\"og:image\" content=\"https:\/\/redfoxlotto.com\/image?size=8&amp;lottery=bonoloto\" \/>\n<meta name=\"twitter:card\" content=\"summary_large_image\" \/>\n<meta name=\"twitter:label1\" content=\"Ber\u00e4knad l\u00e4stid\" \/>\n\t<meta name=\"twitter:data1\" content=\"4 minuter\" \/>\n<script type=\"application\/ld+json\" class=\"yoast-schema-graph\">{\"@context\":\"https:\/\/schema.org\",\"@graph\":[{\"@type\":\"WebPage\",\"@id\":\"https:\/\/onlinelotto365.com\/sv\/kopa-biljetter\/bonoloto\/\",\"url\":\"https:\/\/onlinelotto365.com\/sv\/kopa-biljetter\/bonoloto\/\",\"name\":\"BonoLoto biljetter online | Hur man k\u00f6per biljetter fr\u00e5n svenska\",\"isPartOf\":{\"@id\":\"https:\/\/onlinelotto365.com\/sv\/#website\"},\"primaryImageOfPage\":{\"@id\":\"https:\/\/onlinelotto365.com\/sv\/kopa-biljetter\/bonoloto\/#primaryimage\"},\"image\":{\"@id\":\"https:\/\/onlinelotto365.com\/sv\/kopa-biljetter\/bonoloto\/#primaryimage\"},\"thumbnailUrl\":\"https:\/\/redfoxlotto.com\/image?size=8&amp;lottery=bonoloto\",\"datePublished\":\"2022-11-16T12:35:16+00:00\",\"dateModified\":\"2022-11-16T13:01:10+00:00\",\"description\":\"P\u00e5 v\u00e5r webbplats kan du k\u00f6pa Bonoloto-biljetter online och lagligt\",\"breadcrumb\":{\"@id\":\"https:\/\/onlinelotto365.com\/sv\/kopa-biljetter\/bonoloto\/#breadcrumb\"},\"inLanguage\":\"sv-SE\",\"potentialAction\":[{\"@type\":\"ReadAction\",\"target\":[\"https:\/\/onlinelotto365.com\/sv\/kopa-biljetter\/bonoloto\/\"]}]},{\"@type\":\"ImageObject\",\"inLanguage\":\"sv-SE\",\"@id\":\"https:\/\/onlinelotto365.com\/sv\/kopa-biljetter\/bonoloto\/#primaryimage\",\"url\":\"https:\/\/redfoxlotto.com\/image?size=8&amp;lottery=bonoloto\",\"contentUrl\":\"https:\/\/redfoxlotto.com\/image?size=8&amp;lottery=bonoloto\"},{\"@type\":\"BreadcrumbList\",\"@id\":\"https:\/\/onlinelotto365.com\/sv\/kopa-biljetter\/bonoloto\/#breadcrumb\",\"itemListElement\":[{\"@type\":\"ListItem\",\"position\":1,\"name\":\"Home\",\"item\":\"https:\/\/onlinelotto365.com\/sv\/\"},{\"@type\":\"ListItem\",\"position\":2,\"name\":\"Varf\u00f6r det \u00e4r vettigare att k\u00f6pa lotter online\",\"item\":\"https:\/\/onlinelotto365.com\/sv\/kopa-biljetter\/\"},{\"@type\":\"ListItem\",\"position\":3,\"name\":\"Hur man k\u00f6per BonoLoto-biljetter online\"}]},{\"@type\":\"WebSite\",\"@id\":\"https:\/\/onlinelotto365.com\/sv\/#website\",\"url\":\"https:\/\/onlinelotto365.com\/sv\/\",\"name\":\"OnlineLotto365\",\"description\":\"\",\"potentialAction\":[{\"@type\":\"SearchAction\",\"target\":{\"@type\":\"EntryPoint\",\"urlTemplate\":\"https:\/\/onlinelotto365.com\/sv\/?s={search_term_string}\"},\"query-input\":{\"@type\":\"PropertyValueSpecification\",\"valueRequired\":true,\"valueName\":\"search_term_string\"}}],\"inLanguage\":\"sv-SE\"}]}<\/script>\n<!-- \/ Yoast SEO plugin. -->","yoast_head_json":{"title":"BonoLoto biljetter online | Hur man k\u00f6per biljetter fr\u00e5n svenska","description":"P\u00e5 v\u00e5r webbplats kan du k\u00f6pa Bonoloto-biljetter online och lagligt","robots":{"index":"index","follow":"follow","max-snippet":"max-snippet:-1","max-image-preview":"max-image-preview:large","max-video-preview":"max-video-preview:-1"},"canonical":"https:\/\/onlinelotto365.com\/sv\/kopa-biljetter\/bonoloto\/","og_locale":"sv_SE","og_type":"article","og_title":"BonoLoto biljetter online | Hur man k\u00f6per biljetter fr\u00e5n svenska","og_description":"P\u00e5 v\u00e5r webbplats kan du k\u00f6pa Bonoloto-biljetter online och lagligt","og_url":"https:\/\/onlinelotto365.com\/sv\/kopa-biljetter\/bonoloto\/","og_site_name":"OnlineLotto365","article_modified_time":"2022-11-16T13:01:10+00:00","og_image":[{"url":"https:\/\/redfoxlotto.com\/image?size=8&amp;lottery=bonoloto"}],"twitter_card":"summary_large_image","twitter_misc":{"Ber\u00e4knad l\u00e4stid":"4 minuter"},"schema":{"@context":"https:\/\/schema.org","@graph":[{"@type":"WebPage","@id":"https:\/\/onlinelotto365.com\/sv\/kopa-biljetter\/bonoloto\/","url":"https:\/\/onlinelotto365.com\/sv\/kopa-biljetter\/bonoloto\/","name":"BonoLoto biljetter online | Hur man k\u00f6per biljetter fr\u00e5n svenska","isPartOf":{"@id":"https:\/\/onlinelotto365.com\/sv\/#website"},"primaryImageOfPage":{"@id":"https:\/\/onlinelotto365.com\/sv\/kopa-biljetter\/bonoloto\/#primaryimage"},"image":{"@id":"https:\/\/onlinelotto365.com\/sv\/kopa-biljetter\/bonoloto\/#primaryimage"},"thumbnailUrl":"https:\/\/redfoxlotto.com\/image?size=8&amp;lottery=bonoloto","datePublished":"2022-11-16T12:35:16+00:00","dateModified":"2022-11-16T13:01:10+00:00","description":"P\u00e5 v\u00e5r webbplats kan du k\u00f6pa Bonoloto-biljetter online och lagligt","breadcrumb":{"@id":"https:\/\/onlinelotto365.com\/sv\/kopa-biljetter\/bonoloto\/#breadcrumb"},"inLanguage":"sv-SE","potentialAction":[{"@type":"ReadAction","target":["https:\/\/onlinelotto365.com\/sv\/kopa-biljetter\/bonoloto\/"]}]},{"@type":"ImageObject","inLanguage":"sv-SE","@id":"https:\/\/onlinelotto365.com\/sv\/kopa-biljetter\/bonoloto\/#primaryimage","url":"https:\/\/redfoxlotto.com\/image?size=8&amp;lottery=bonoloto","contentUrl":"https:\/\/redfoxlotto.com\/image?size=8&amp;lottery=bonoloto"},{"@type":"BreadcrumbList","@id":"https:\/\/onlinelotto365.com\/sv\/kopa-biljetter\/bonoloto\/#breadcrumb","itemListElement":[{"@type":"ListItem","position":1,"name":"Home","item":"https:\/\/onlinelotto365.com\/sv\/"},{"@type":"ListItem","position":2,"name":"Varf\u00f6r det \u00e4r vettigare att k\u00f6pa lotter online","item":"https:\/\/onlinelotto365.com\/sv\/kopa-biljetter\/"},{"@type":"ListItem","position":3,"name":"Hur man k\u00f6per BonoLoto-biljetter online"}]},{"@type":"WebSite","@id":"https:\/\/onlinelotto365.com\/sv\/#website","url":"https:\/\/onlinelotto365.com\/sv\/","name":"OnlineLotto365","description":"","potentialAction":[{"@type":"SearchAction","target":{"@type":"EntryPoint","urlTemplate":"https:\/\/onlinelotto365.com\/sv\/?s={search_term_string}"},"query-input":{"@type":"PropertyValueSpecification","valueRequired":true,"valueName":"search_term_string"}}],"inLanguage":"sv-SE"}]}},"_links":{"self":[{"href":"https:\/\/onlinelotto365.com\/sv\/wp-json\/wp\/v2\/pages\/80327","targetHints":{"allow":["GET"]}}],"collection":[{"href":"https:\/\/onlinelotto365.com\/sv\/wp-json\/wp\/v2\/pages"}],"about":[{"href":"https:\/\/onlinelotto365.com\/sv\/wp-json\/wp\/v2\/types\/page"}],"author":[{"embeddable":true,"href":"https:\/\/onlinelotto365.com\/sv\/wp-json\/wp\/v2\/users\/1"}],"replies":[{"embeddable":true,"href":"https:\/\/onlinelotto365.com\/sv\/wp-json\/wp\/v2\/comments?post=80327"}],"version-history":[{"count":0,"href":"https:\/\/onlinelotto365.com\/sv\/wp-json\/wp\/v2\/pages\/80327\/revisions"}],"up":[{"embeddable":true,"href":"https:\/\/onlinelotto365.com\/sv\/wp-json\/wp\/v2\/pages\/5688"}],"wp:attachment":[{"href":"https:\/\/onlinelotto365.com\/sv\/wp-json\/wp\/v2\/media?parent=80327"}],"curies":[{"name":"wp","href":"https:\/\/api.w.org\/{rel}","templated":true}]}}