{"id":80365,"date":"2022-11-17T08:46:31","date_gmt":"2022-11-17T07:46:31","guid":{"rendered":"https:\/\/onlinelotto365.com\/?page_id=80365"},"modified":"2022-11-17T08:46:31","modified_gmt":"2022-11-17T07:46:31","slug":"uk-lottery","status":"publish","type":"page","link":"https:\/\/onlinelotto365.com\/sv\/kopa-biljetter\/uk-lottery\/","title":{"rendered":"Hur du k\u00f6per lotter i Storbritannien p\u00e5 n\u00e4tet"},"content":{"rendered":"<p>Om du vill k\u00f6pa dina lotter till UK Lottery i Sverige beh\u00f6ver du inte oroa dig eftersom vi har hela processen f\u00f6r dig snabbt och enkelt. Du beh\u00f6ver bara ta en titt p\u00e5 de enkla stegen nedan s\u00e5 \u00e4r du klar p\u00e5 nolltid.<br \/>\n<a href=\"https:\/\/redfoxlotto.com\/play\/lotto-uk\/?ref=a8564250a2&amp;medium=ol365\" target=\"_blank\" rel=\"noopener noreferrer\"><img decoding=\"async\" class=\"aligncenter\" src=\"https:\/\/redfoxlotto.com\/image?size=8&amp;lottery=lotto-uk\" alt=\"uk lotteri\" \/><\/a><\/p>\n<ul>\n<li>G\u00e5 till r\u00e4tt sida f\u00f6r det lotteri som du vill spela, till exempel UK Lottery. Och v\u00e4lj sedan de nummer som du vill ha f\u00f6r din lott.<\/li>\n<li>V\u00e4lj ut eventuella ytterligare lotter som du vill ha f\u00f6r detta eller andra lotterispel som du ska spela.<\/li>\n<li>V\u00e4lj alternativet f\u00f6r att betala f\u00f6r dina biljetter<\/li>\n<li>G\u00e5 igenom processen f\u00f6r att registrera ett konto om du \u00e4r en ny anv\u00e4ndare eller logga in p\u00e5 ditt konto om du redan \u00e4r en befintlig anv\u00e4ndare.<\/li>\n<li>F\u00f6r dem som fortfarande beh\u00f6ver registrera sig kommer du att f\u00e5 ett verifieringsmeddelande i din inkorg eller skr\u00e4ppostmapp inom n\u00e5gra minuter.<\/li>\n<li>Om du inte har f\u00e5tt ditt e-postmeddelande inom n\u00e5gra minuter, kontrollera skr\u00e4ppostmappen f\u00f6r att se om du verkligen har f\u00e5tt det.<\/li>\n<li>G\u00e5 tillbaka till webbplatsen och v\u00e4lj kundvagnen f\u00f6r att betala dina biljetter.<\/li>\n<li>V\u00e4lj din betalningsmetod och g\u00e5 igenom betalningsinstruktionerna.<\/li>\n<\/ul>\n<h2>S\u00e5 h\u00e4r betalar du f\u00f6r din lotteribiljett p\u00e5 n\u00e4tet<\/h2>\n<p>Vi erbjuder flera olika helt s\u00e4kra betalningsmetoder f\u00f6r v\u00e5ra kunder fr\u00e5n bland annat Sverige. P\u00e5 s\u00e5 s\u00e4tt kan du v\u00e4lja den metod som fungerar b\u00e4st f\u00f6r dig.<br \/>\nV\u00e4lj mellan tv\u00e5 olika \u00f6vergripande betalningsalternativ:<\/p>\n<p>Betala f\u00f6r varje best\u00e4llning med det betalningsalternativ som du f\u00f6redrar.<br \/>\nS\u00e4tt in pengar p\u00e5 ditt konto och anv\u00e4nd dem f\u00f6r att k\u00f6pa de biljetter du vill ha.<\/p>\n<p>Se till att du s\u00e4tter in mer \u00e4n det belopp du beh\u00f6ver f\u00f6r dina biljetter om du v\u00e4ljer att s\u00e4tta in pengar direkt p\u00e5 ditt konto.<\/p>\n<h2>Mer information om UK Lottery<\/h2>\n<ul>\n<li>Land: UK Lottery<\/li>\n<li>Huvudnummersortiment: 59<\/li>\n<li>Du v\u00e4ljer: 6<\/li>\n<li>Extra nummer:<\/li>\n<li>Du v\u00e4ljer:<\/li>\n<li>Dra dagar, timmar: Onsdag, l\u00f6rdag, , 19:30 UTC, 19:30 CET<\/li>\n<li>L\u00e4gsta jackpot: Minsta jackpot: 2,5 miljoner pund sterling<\/li>\n<li>H\u00f6gsta jackpotten: GBP 22 miljoner<\/li>\n<li>Sannolikhet att vinna jackpotten: 1 p\u00e5 45057474.<\/li>\n<li>Sannolikhet f\u00f6r en vinst i niv\u00e5 2: 1 p\u00e5 7509579<\/li>\n<li>Sannolikhet att vinna i alla niv\u00e5er: 1 p\u00e5 9,27<\/li>\n<li>Antal vinstniv\u00e5er: 6<\/li>\n<\/ul>\n<h2>F\u00f6rdelar med att k\u00f6pa brittiska lotter p\u00e5 n\u00e4tet<\/h2>\n<ul>\n<li>Du f\u00e5r de lotter du vill ha utan att l\u00e4mna hemmet.<\/li>\n<li>V\u00e4lj mellan ett stort antal olika lotterispel.<\/li>\n<li>F\u00e5 de b\u00e4sta oddsen f\u00f6r en stor jackpot genom att v\u00e4lja mellan olika spel.<\/li>\n<li>L\u00e4gg till pengar direkt till ditt betalkonto f\u00f6r att betala f\u00f6r biljetter.<\/li>\n<li>Du beh\u00f6ver inte oroa dig f\u00f6r att f\u00f6rlora dina biljetter igen.<\/li>\n<li>Meddelanden skickas direkt till dig om du vinner<\/li>\n<li>L\u00e4tta valm\u00f6jligheter om du inte vill v\u00e4lja dina egna nummer.<\/li>\n<\/ul>\n<h2>\u00c4r det lagligt att k\u00f6pa lotter p\u00e5 n\u00e4tet?<\/h2>\n<p>Det finns inga problem med lagligheten av att k\u00f6pa UK Lottery-biljetter online fr\u00e5n Sverige eller p\u00e5 det mer traditionella s\u00e4ttet. Du kan vara s\u00e4ker p\u00e5 att du oavsett vad kommer att f\u00e5 dina lotter och du beh\u00f6ver inte oroa dig f\u00f6r att ens f\u00e5 en jackpot.<\/p>\n<p>Vi tar hand om att ge dig pengarna utan att du beh\u00f6ver oroa dig f\u00f6r om tj\u00e4nsten \u00e4r laglig enligt ditt hemland. Se bara till att du \u00e4r 18 \u00e5r eller \u00e4ldre f\u00f6r att k\u00f6pa biljetter hos oss.<\/p>\n<h2>Hur f\u00e5r jag betalt om jag vinner p\u00e5 UK Lottery online?<\/h2>\n<p><img loading=\"lazy\" decoding=\"async\" class=\"alignright size-medium wp-image-3655\" src=\"https:\/\/onlinelotto365.com\/wp-content\/uploads\/2020\/11\/online_lottery-59-300x182.jpg\" alt=\"Spela uk lotteri online\" width=\"300\" height=\"182\" srcset=\"https:\/\/onlinelotto365.com\/wp-content\/uploads\/2020\/11\/online_lottery-59-300x182.jpg 300w, https:\/\/onlinelotto365.com\/wp-content\/uploads\/2020\/11\/online_lottery-59.jpg 320w\" sizes=\"auto, (max-width: 300px) 100vw, 300px\" \/><br \/>\nVi vet att det \u00e4r en av de viktigaste delarna f\u00f6r dig att f\u00e5 betalt och d\u00e4rf\u00f6r vill vi se till att betalningsprocessen \u00e4r s\u00e5 enkel som m\u00f6jligt. Vi tar inte heller n\u00e5gon provision fr\u00e5n dina vinster s\u00e5 du f\u00e5r varje bit av det du har vunnit. Den enda g\u00e5ngen vi tar ut avgifter \u00e4r om du beg\u00e4r en bank\u00f6verf\u00f6ring och banken tar ut en avgift av oss. Det beloppet kan komma att f\u00f6ras vidare till dig.<br \/>\nAnnars \u00e4r det bara att ta en titt p\u00e5 vad som h\u00e4nder f\u00f6r dina betalningar h\u00e4r:<\/p>\n<ul>\n<li>Betalningar p\u00e5 mindre \u00e4n 2 500 euro kommer automatiskt att betalas ut till ditt konto. Du beh\u00f6ver inte g\u00f6ra n\u00e5gonting<\/li>\n<li>Utbetalningar p\u00e5 \u00f6ver 2 500 euro kr\u00e4ver en ans\u00f6kningsblankett som kan l\u00e4mnas in till lotterikommissionen. Detta kommer att skickas till dig av v\u00e5rt supportteam och l\u00e5ter dig v\u00e4lja om pengarna ska skickas med check eller bank\u00f6verf\u00f6ring.<\/li>\n<\/ul>\n","protected":false},"excerpt":{"rendered":"<p>Om du vill k\u00f6pa dina lotter till UK Lottery i Sverige beh\u00f6ver du inte oroa dig eftersom vi har hela processen f\u00f6r dig snabbt och enkelt. Du beh\u00f6ver bara ta en titt p\u00e5 de enkla stegen nedan s\u00e5 \u00e4r du klar p\u00e5 nolltid. G\u00e5 till r\u00e4tt sida f\u00f6r det lotteri som du vill spela, till [&hellip;]<\/p>\n","protected":false},"author":1,"featured_media":0,"parent":5688,"menu_order":9,"comment_status":"closed","ping_status":"closed","template":"lotto-uk-info.php","meta":{"_et_pb_use_builder":"","_et_pb_old_content":"","_et_gb_content_width":"","exclude_from_search":false,"footnotes":""},"class_list":["post-80365","page","type-page","status-publish","hentry"],"yoast_head":"<!-- This site is optimized with the Yoast SEO plugin v23.4 - https:\/\/yoast.com\/wordpress\/plugins\/seo\/ -->\n<title>K\u00f6p biljetter till UK Lottery online fr\u00e5n Sverige | UK Lottery info, hur man k\u00f6per biljetter<\/title>\n<meta name=\"description\" content=\"Vi g\u00f6r det m\u00f6jligt f\u00f6r lottospelare fr\u00e5n Sverige att k\u00f6pa lotter till UK Lottery\" \/>\n<meta name=\"robots\" content=\"index, follow, max-snippet:-1, max-image-preview:large, max-video-preview:-1\" \/>\n<link rel=\"canonical\" href=\"https:\/\/onlinelotto365.com\/sv\/kopa-biljetter\/uk-lottery\/\" \/>\n<meta property=\"og:locale\" content=\"sv_SE\" \/>\n<meta property=\"og:type\" content=\"article\" \/>\n<meta property=\"og:title\" content=\"K\u00f6p biljetter till UK Lottery online fr\u00e5n Sverige | UK Lottery info, hur man k\u00f6per biljetter\" \/>\n<meta property=\"og:description\" content=\"Vi g\u00f6r det m\u00f6jligt f\u00f6r lottospelare fr\u00e5n Sverige att k\u00f6pa lotter till UK Lottery\" \/>\n<meta property=\"og:url\" content=\"https:\/\/onlinelotto365.com\/sv\/kopa-biljetter\/uk-lottery\/\" \/>\n<meta property=\"og:site_name\" content=\"OnlineLotto365\" \/>\n<meta property=\"og:image\" content=\"https:\/\/redfoxlotto.com\/image?size=8&amp;lottery=lotto-uk\" \/>\n<meta name=\"twitter:card\" content=\"summary_large_image\" \/>\n<meta name=\"twitter:label1\" content=\"Ber\u00e4knad l\u00e4stid\" \/>\n\t<meta name=\"twitter:data1\" content=\"4 minuter\" \/>\n<script type=\"application\/ld+json\" class=\"yoast-schema-graph\">{\"@context\":\"https:\/\/schema.org\",\"@graph\":[{\"@type\":\"WebPage\",\"@id\":\"https:\/\/onlinelotto365.com\/sv\/kopa-biljetter\/uk-lottery\/\",\"url\":\"https:\/\/onlinelotto365.com\/sv\/kopa-biljetter\/uk-lottery\/\",\"name\":\"K\u00f6p biljetter till UK Lottery online fr\u00e5n Sverige | UK Lottery info, hur man k\u00f6per biljetter\",\"isPartOf\":{\"@id\":\"https:\/\/onlinelotto365.com\/sv\/#website\"},\"primaryImageOfPage\":{\"@id\":\"https:\/\/onlinelotto365.com\/sv\/kopa-biljetter\/uk-lottery\/#primaryimage\"},\"image\":{\"@id\":\"https:\/\/onlinelotto365.com\/sv\/kopa-biljetter\/uk-lottery\/#primaryimage\"},\"thumbnailUrl\":\"https:\/\/redfoxlotto.com\/image?size=8&amp;lottery=lotto-uk\",\"datePublished\":\"2022-11-17T07:46:31+00:00\",\"dateModified\":\"2022-11-17T07:46:31+00:00\",\"description\":\"Vi g\u00f6r det m\u00f6jligt f\u00f6r lottospelare fr\u00e5n Sverige att k\u00f6pa lotter till UK Lottery\",\"breadcrumb\":{\"@id\":\"https:\/\/onlinelotto365.com\/sv\/kopa-biljetter\/uk-lottery\/#breadcrumb\"},\"inLanguage\":\"sv-SE\",\"potentialAction\":[{\"@type\":\"ReadAction\",\"target\":[\"https:\/\/onlinelotto365.com\/sv\/kopa-biljetter\/uk-lottery\/\"]}]},{\"@type\":\"ImageObject\",\"inLanguage\":\"sv-SE\",\"@id\":\"https:\/\/onlinelotto365.com\/sv\/kopa-biljetter\/uk-lottery\/#primaryimage\",\"url\":\"https:\/\/redfoxlotto.com\/image?size=8&amp;lottery=lotto-uk\",\"contentUrl\":\"https:\/\/redfoxlotto.com\/image?size=8&amp;lottery=lotto-uk\"},{\"@type\":\"BreadcrumbList\",\"@id\":\"https:\/\/onlinelotto365.com\/sv\/kopa-biljetter\/uk-lottery\/#breadcrumb\",\"itemListElement\":[{\"@type\":\"ListItem\",\"position\":1,\"name\":\"Home\",\"item\":\"https:\/\/onlinelotto365.com\/sv\/\"},{\"@type\":\"ListItem\",\"position\":2,\"name\":\"Varf\u00f6r det \u00e4r vettigare att k\u00f6pa lotter online\",\"item\":\"https:\/\/onlinelotto365.com\/sv\/kopa-biljetter\/\"},{\"@type\":\"ListItem\",\"position\":3,\"name\":\"Hur du k\u00f6per lotter i Storbritannien p\u00e5 n\u00e4tet\"}]},{\"@type\":\"WebSite\",\"@id\":\"https:\/\/onlinelotto365.com\/sv\/#website\",\"url\":\"https:\/\/onlinelotto365.com\/sv\/\",\"name\":\"OnlineLotto365\",\"description\":\"\",\"potentialAction\":[{\"@type\":\"SearchAction\",\"target\":{\"@type\":\"EntryPoint\",\"urlTemplate\":\"https:\/\/onlinelotto365.com\/sv\/?s={search_term_string}\"},\"query-input\":{\"@type\":\"PropertyValueSpecification\",\"valueRequired\":true,\"valueName\":\"search_term_string\"}}],\"inLanguage\":\"sv-SE\"}]}<\/script>\n<!-- \/ Yoast SEO plugin. -->","yoast_head_json":{"title":"K\u00f6p biljetter till UK Lottery online fr\u00e5n Sverige | UK Lottery info, hur man k\u00f6per biljetter","description":"Vi g\u00f6r det m\u00f6jligt f\u00f6r lottospelare fr\u00e5n Sverige att k\u00f6pa lotter till UK Lottery","robots":{"index":"index","follow":"follow","max-snippet":"max-snippet:-1","max-image-preview":"max-image-preview:large","max-video-preview":"max-video-preview:-1"},"canonical":"https:\/\/onlinelotto365.com\/sv\/kopa-biljetter\/uk-lottery\/","og_locale":"sv_SE","og_type":"article","og_title":"K\u00f6p biljetter till UK Lottery online fr\u00e5n Sverige | UK Lottery info, hur man k\u00f6per biljetter","og_description":"Vi g\u00f6r det m\u00f6jligt f\u00f6r lottospelare fr\u00e5n Sverige att k\u00f6pa lotter till UK Lottery","og_url":"https:\/\/onlinelotto365.com\/sv\/kopa-biljetter\/uk-lottery\/","og_site_name":"OnlineLotto365","og_image":[{"url":"https:\/\/redfoxlotto.com\/image?size=8&amp;lottery=lotto-uk"}],"twitter_card":"summary_large_image","twitter_misc":{"Ber\u00e4knad l\u00e4stid":"4 minuter"},"schema":{"@context":"https:\/\/schema.org","@graph":[{"@type":"WebPage","@id":"https:\/\/onlinelotto365.com\/sv\/kopa-biljetter\/uk-lottery\/","url":"https:\/\/onlinelotto365.com\/sv\/kopa-biljetter\/uk-lottery\/","name":"K\u00f6p biljetter till UK Lottery online fr\u00e5n Sverige | UK Lottery info, hur man k\u00f6per biljetter","isPartOf":{"@id":"https:\/\/onlinelotto365.com\/sv\/#website"},"primaryImageOfPage":{"@id":"https:\/\/onlinelotto365.com\/sv\/kopa-biljetter\/uk-lottery\/#primaryimage"},"image":{"@id":"https:\/\/onlinelotto365.com\/sv\/kopa-biljetter\/uk-lottery\/#primaryimage"},"thumbnailUrl":"https:\/\/redfoxlotto.com\/image?size=8&amp;lottery=lotto-uk","datePublished":"2022-11-17T07:46:31+00:00","dateModified":"2022-11-17T07:46:31+00:00","description":"Vi g\u00f6r det m\u00f6jligt f\u00f6r lottospelare fr\u00e5n Sverige att k\u00f6pa lotter till UK Lottery","breadcrumb":{"@id":"https:\/\/onlinelotto365.com\/sv\/kopa-biljetter\/uk-lottery\/#breadcrumb"},"inLanguage":"sv-SE","potentialAction":[{"@type":"ReadAction","target":["https:\/\/onlinelotto365.com\/sv\/kopa-biljetter\/uk-lottery\/"]}]},{"@type":"ImageObject","inLanguage":"sv-SE","@id":"https:\/\/onlinelotto365.com\/sv\/kopa-biljetter\/uk-lottery\/#primaryimage","url":"https:\/\/redfoxlotto.com\/image?size=8&amp;lottery=lotto-uk","contentUrl":"https:\/\/redfoxlotto.com\/image?size=8&amp;lottery=lotto-uk"},{"@type":"BreadcrumbList","@id":"https:\/\/onlinelotto365.com\/sv\/kopa-biljetter\/uk-lottery\/#breadcrumb","itemListElement":[{"@type":"ListItem","position":1,"name":"Home","item":"https:\/\/onlinelotto365.com\/sv\/"},{"@type":"ListItem","position":2,"name":"Varf\u00f6r det \u00e4r vettigare att k\u00f6pa lotter online","item":"https:\/\/onlinelotto365.com\/sv\/kopa-biljetter\/"},{"@type":"ListItem","position":3,"name":"Hur du k\u00f6per lotter i Storbritannien p\u00e5 n\u00e4tet"}]},{"@type":"WebSite","@id":"https:\/\/onlinelotto365.com\/sv\/#website","url":"https:\/\/onlinelotto365.com\/sv\/","name":"OnlineLotto365","description":"","potentialAction":[{"@type":"SearchAction","target":{"@type":"EntryPoint","urlTemplate":"https:\/\/onlinelotto365.com\/sv\/?s={search_term_string}"},"query-input":{"@type":"PropertyValueSpecification","valueRequired":true,"valueName":"search_term_string"}}],"inLanguage":"sv-SE"}]}},"_links":{"self":[{"href":"https:\/\/onlinelotto365.com\/sv\/wp-json\/wp\/v2\/pages\/80365","targetHints":{"allow":["GET"]}}],"collection":[{"href":"https:\/\/onlinelotto365.com\/sv\/wp-json\/wp\/v2\/pages"}],"about":[{"href":"https:\/\/onlinelotto365.com\/sv\/wp-json\/wp\/v2\/types\/page"}],"author":[{"embeddable":true,"href":"https:\/\/onlinelotto365.com\/sv\/wp-json\/wp\/v2\/users\/1"}],"replies":[{"embeddable":true,"href":"https:\/\/onlinelotto365.com\/sv\/wp-json\/wp\/v2\/comments?post=80365"}],"version-history":[{"count":0,"href":"https:\/\/onlinelotto365.com\/sv\/wp-json\/wp\/v2\/pages\/80365\/revisions"}],"up":[{"embeddable":true,"href":"https:\/\/onlinelotto365.com\/sv\/wp-json\/wp\/v2\/pages\/5688"}],"wp:attachment":[{"href":"https:\/\/onlinelotto365.com\/sv\/wp-json\/wp\/v2\/media?parent=80365"}],"curies":[{"name":"wp","href":"https:\/\/api.w.org\/{rel}","templated":true}]}}