{"id":80419,"date":"2022-11-17T12:58:51","date_gmt":"2022-11-17T11:58:51","guid":{"rendered":"https:\/\/onlinelotto365.com\/?page_id=80419"},"modified":"2022-11-17T12:58:51","modified_gmt":"2022-11-17T11:58:51","slug":"set-for-life","status":"publish","type":"page","link":"https:\/\/onlinelotto365.com\/sv\/kopa-biljetter\/set-for-life\/","title":{"rendered":"Hur man k\u00f6per Set for life-biljetter online"},"content":{"rendered":"<p>Om du vill k\u00f6pa dina Set for Life-biljetter nu m\u00e5ste du veta hur du ska g\u00f6ra. Om du bor i Sverige \u00e4r det enkelt f\u00f6r dig och du vet f\u00f6rmodligen redan hur du skaffar biljetter. Men hur \u00e4r det med lottospelare fr\u00e5n andra l\u00e4nder, till exempel fr\u00e5n Australien? Jo, det \u00e4r en v\u00e4ldigt enkel process och vi kan f\u00e5 dig ig\u00e5ng p\u00e5 nolltid. Du beh\u00f6ver bara f\u00f6lja de steg som vi har lagt fram nedan. D\u00e4rifr\u00e5n kan du f\u00e5 de biljetter du vill ha till n\u00e4sta dragning.<br \/>\n<a href=\"https:\/\/redfoxlotto.com\/play\/set-for-life-uk\/?ref=a8564250a2&amp;medium=ol365\" target=\"_blank\" rel=\"noopener noreferrer\"><img decoding=\"async\" class=\"aligncenter\" src=\"https:\/\/redfoxlotto.com\/image?size=8&amp;lottery=set-for-life-uk\" alt=\"&quot;Set\" \/><\/a><\/p>\n<ul>\n<li>G\u00e5 till sidan f\u00f6r lotteriet Set for Life och v\u00e4lj det antal lotter som du vill ha och v\u00e4lj de nummer du vill ha f\u00f6r varje lott.<\/li>\n<li>V\u00e4lj ytterligare lotter f\u00f6r Set for Life eller andra lottospel f\u00f6r att fylla din varukorg.<\/li>\n<li>V\u00e4lj alternativet att betala nu<\/li>\n<li>F\u00f6lj anvisningarna f\u00f6r att logga in p\u00e5 ditt konto eller g\u00e5 igenom processen f\u00f6r att skapa ett nytt konto.<\/li>\n<li>Slutf\u00f6r verifieringsprocessen genom att g\u00e5 in p\u00e5 ditt konto och klicka p\u00e5 l\u00e4nken i ditt e-postmeddelande.<\/li>\n<li>Kontrollera din skr\u00e4ppostmapp om e-postmeddelandet inte dyker upp i din inkorg f\u00f6r att f\u00f6rs\u00e4kra dig om att du har f\u00e5tt det.<\/li>\n<li>N\u00e4r du har verifierat ditt konto g\u00e5r du in i kundvagnen p\u00e5 webbplatsen.<\/li>\n<li>V\u00e4lj \u00f6nskad betalningsmetod och g\u00e5 igenom betalningsprocessen.<\/li>\n<\/ul>\n<h2>S\u00e5 h\u00e4r betalar du din Set for life-biljett online<\/h2>\n<p>N\u00e4r det g\u00e4ller att betala f\u00f6r dina biljetter kommer du att uppt\u00e4cka att det inte bara \u00e4r enkelt utan ocks\u00e5 helt s\u00e4kert och erbjuder dig m\u00e5nga alternativ.<br \/>\nV\u00e4lj att betala f\u00f6r dina biljetter med:<\/p>\n<p>g\u00f6ra ett direktk\u00f6p med din valda betalningsmetod<br \/>\ns\u00e4tta in pengar p\u00e5 ditt konto och anv\u00e4nda dem f\u00f6r att g\u00f6ra ett k\u00f6p.<\/p>\n<p>Se till att du om du v\u00e4ljer att s\u00e4tta in pengar p\u00e5 ditt konto ocks\u00e5 s\u00e4tter in lite extra s\u00e5 att ditt betalningsalternativ g\u00e5r igenom.<\/p>\n<h2>Mer information om Set for life<\/h2>\n<ul>\n<li>Land: Sverige<\/li>\n<li>Huvudnummersortiment: 45<\/li>\n<li>Du v\u00e4ljer: 5<\/li>\n<li>Extra nummer: 10<\/li>\n<li>Du v\u00e4ljer: 1<\/li>\n<li>Dragningsdagar, timmar: M\u00e5ndag, torsdag, 20:00 GMT, 21:00 CET<\/li>\n<li>Minsta jackpot:<\/li>\n<li>Maximal jackpot: Max:<\/li>\n<li>Sannolikhet att vinna jackpotten: 1 p\u00e5 15339390<\/li>\n<li>Sannolikhet f\u00f6r en vinst i niv\u00e5 2: 1 p\u00e5 1704377<\/li>\n<li>Sannolikhet att vinna i alla niv\u00e5er: 1 p\u00e5 12,4<\/li>\n<li>Antal vinstniv\u00e5er: 8<\/li>\n<\/ul>\n<h2>F\u00f6rdelar med att k\u00f6pa Set for life-biljetter online<\/h2>\n<ul>\n<li>Du beh\u00f6ver inte l\u00e4mna ditt hem f\u00f6r att k\u00f6pa dina biljetter.<\/li>\n<li>Du \u00e4r inte begr\u00e4nsad till att spela lotterier fr\u00e5n Australien.<\/li>\n<li>Du kan v\u00e4lja mellan en rad olika lotterier fr\u00e5n hela v\u00e4rlden.<\/li>\n<li>V\u00e4lj spel med de h\u00f6gsta jackpottarna f\u00f6r att \u00f6ka dina chanser.<\/li>\n<li>Anv\u00e4nd ditt kontosaldo f\u00f6r att k\u00f6pa de lotter du vill ha.<\/li>\n<li>H\u00e5ll koll p\u00e5 dina lotter hela tiden.<\/li>\n<li>F\u00e5 ett meddelande om din lott \u00e4r en vinnare<\/li>\n<li>Oroa dig inte f\u00f6r att v\u00e4lja biljettalternativ med snabbval.<\/li>\n<\/ul>\n<h2>\u00c4r det lagligt att k\u00f6pa Set for life-biljetter online?<\/h2>\n<p>Du beh\u00f6ver inte vara orolig f\u00f6r om det \u00e4r lagligt att k\u00f6pa dina biljetter online eller p\u00e5 traditionellt s\u00e4tt. Du kan luta dig tillbaka och slappna av och lita p\u00e5 att vi kommer att ta hand om att f\u00f6lja alla regler fr\u00e5n det land som dessa spel kommer fr\u00e5n. Allt du beh\u00f6ver g\u00f6ra \u00e4r att k\u00f6pa en biljett och vi garanterar att om du har r\u00e4tt till ett pris, inklusive jackpotten, kommer du att f\u00e5 det.<br \/>\nDu m\u00e5ste vara minst 18 \u00e5r gammal f\u00f6r att kunna anv\u00e4nda v\u00e5r webbplats.<\/p>\n<h2>Hur f\u00e5r jag betalt om jag vinner Set for life online?<\/h2>\n<p>Du vill f\u00e5 betalt varje cent som du \u00e4r skyldig n\u00e4r du vinner n\u00e5got och det \u00e4r precis vad vi g\u00f6r. Vi ser till att du alltid f\u00e5r alla pengar utan att n\u00e5gon provision eller avgifter tas ut p\u00e5 din vinst.<br \/>\nDen enda g\u00e5ngen du m\u00e5ste betala n\u00e5got \u00e4r om du v\u00e4ljer att ha en bank\u00f6verf\u00f6ring. Om banken debiterar oss pengar, vilket kan h\u00e4nda vid internationella \u00f6verf\u00f6ringar, s\u00e5 debiterar vi ditt konto f\u00f6r avgiften. Detta \u00e4r den enda anledningen till att vi tar n\u00e5got fr\u00e5n dina vinster.<br \/>\nOch om du vinner f\u00e5r du dina pengar p\u00e5 ett av endast ett par olika s\u00e4tt:<\/p>\n<ul>\n<li>Alla belopp under 2 500 euro \u00e4r enkla eftersom v\u00e5rt supportteam s\u00e4tter in pengarna direkt p\u00e5 ditt konto \u00e5t dig.<\/li>\n<li>Alla belopp \u00f6ver \u20ac2500 kommer fortfarande att vara enkelt f\u00f6r dig eftersom v\u00e5rt supportteam kommer att hj\u00e4lpa dig genom processen. Vi skickar ett ans\u00f6kningsformul\u00e4r till dig s\u00e5 att du kan fylla i det och l\u00e5ta oss veta om du vill att pengarna ska \u00f6verf\u00f6ras till din bank eller skickas som en check.<\/li>\n<\/ul>\n","protected":false},"excerpt":{"rendered":"<p>Om du vill k\u00f6pa dina Set for Life-biljetter nu m\u00e5ste du veta hur du ska g\u00f6ra. Om du bor i Sverige \u00e4r det enkelt f\u00f6r dig och du vet f\u00f6rmodligen redan hur du skaffar biljetter. Men hur \u00e4r det med lottospelare fr\u00e5n andra l\u00e4nder, till exempel fr\u00e5n Australien? Jo, det \u00e4r en v\u00e4ldigt enkel process [&hellip;]<\/p>\n","protected":false},"author":1,"featured_media":0,"parent":5688,"menu_order":10,"comment_status":"closed","ping_status":"closed","template":"set-for-life-info.php","meta":{"_et_pb_use_builder":"","_et_pb_old_content":"","_et_gb_content_width":"","exclude_from_search":false,"footnotes":""},"class_list":["post-80419","page","type-page","status-publish","hentry"],"yoast_head":"<!-- This site is optimized with the Yoast SEO plugin v23.4 - https:\/\/yoast.com\/wordpress\/plugins\/seo\/ -->\n<title>K\u00f6p biljetter till Set for life online fr\u00e5n Australien | Set for life lotteri info, hur man k\u00f6per biljetter<\/title>\n<meta name=\"description\" content=\"Set for Life-lotteriet kan vinnas fr\u00e5n Australien - k\u00f6p biljetter online h\u00e4r\" \/>\n<meta name=\"robots\" content=\"index, follow, max-snippet:-1, max-image-preview:large, max-video-preview:-1\" \/>\n<link rel=\"canonical\" href=\"https:\/\/onlinelotto365.com\/sv\/kopa-biljetter\/set-for-life\/\" \/>\n<meta property=\"og:locale\" content=\"sv_SE\" \/>\n<meta property=\"og:type\" content=\"article\" \/>\n<meta property=\"og:title\" content=\"K\u00f6p biljetter till Set for life online fr\u00e5n Australien | Set for life lotteri info, hur man k\u00f6per biljetter\" \/>\n<meta property=\"og:description\" content=\"Set for Life-lotteriet kan vinnas fr\u00e5n Australien - k\u00f6p biljetter online h\u00e4r\" \/>\n<meta property=\"og:url\" content=\"https:\/\/onlinelotto365.com\/sv\/kopa-biljetter\/set-for-life\/\" \/>\n<meta property=\"og:site_name\" content=\"OnlineLotto365\" \/>\n<meta property=\"og:image\" content=\"https:\/\/redfoxlotto.com\/image?size=8&amp;lottery=set-for-life-uk\" \/>\n<meta name=\"twitter:card\" content=\"summary_large_image\" \/>\n<meta name=\"twitter:label1\" content=\"Ber\u00e4knad l\u00e4stid\" \/>\n\t<meta name=\"twitter:data1\" content=\"4 minuter\" \/>\n<script type=\"application\/ld+json\" class=\"yoast-schema-graph\">{\"@context\":\"https:\/\/schema.org\",\"@graph\":[{\"@type\":\"WebPage\",\"@id\":\"https:\/\/onlinelotto365.com\/sv\/kopa-biljetter\/set-for-life\/\",\"url\":\"https:\/\/onlinelotto365.com\/sv\/kopa-biljetter\/set-for-life\/\",\"name\":\"K\u00f6p biljetter till Set for life online fr\u00e5n Australien | Set for life lotteri info, hur man k\u00f6per biljetter\",\"isPartOf\":{\"@id\":\"https:\/\/onlinelotto365.com\/sv\/#website\"},\"primaryImageOfPage\":{\"@id\":\"https:\/\/onlinelotto365.com\/sv\/kopa-biljetter\/set-for-life\/#primaryimage\"},\"image\":{\"@id\":\"https:\/\/onlinelotto365.com\/sv\/kopa-biljetter\/set-for-life\/#primaryimage\"},\"thumbnailUrl\":\"https:\/\/redfoxlotto.com\/image?size=8&amp;lottery=set-for-life-uk\",\"datePublished\":\"2022-11-17T11:58:51+00:00\",\"dateModified\":\"2022-11-17T11:58:51+00:00\",\"description\":\"Set for Life-lotteriet kan vinnas fr\u00e5n Australien - k\u00f6p biljetter online h\u00e4r\",\"breadcrumb\":{\"@id\":\"https:\/\/onlinelotto365.com\/sv\/kopa-biljetter\/set-for-life\/#breadcrumb\"},\"inLanguage\":\"sv-SE\",\"potentialAction\":[{\"@type\":\"ReadAction\",\"target\":[\"https:\/\/onlinelotto365.com\/sv\/kopa-biljetter\/set-for-life\/\"]}]},{\"@type\":\"ImageObject\",\"inLanguage\":\"sv-SE\",\"@id\":\"https:\/\/onlinelotto365.com\/sv\/kopa-biljetter\/set-for-life\/#primaryimage\",\"url\":\"https:\/\/redfoxlotto.com\/image?size=8&amp;lottery=set-for-life-uk\",\"contentUrl\":\"https:\/\/redfoxlotto.com\/image?size=8&amp;lottery=set-for-life-uk\"},{\"@type\":\"BreadcrumbList\",\"@id\":\"https:\/\/onlinelotto365.com\/sv\/kopa-biljetter\/set-for-life\/#breadcrumb\",\"itemListElement\":[{\"@type\":\"ListItem\",\"position\":1,\"name\":\"Home\",\"item\":\"https:\/\/onlinelotto365.com\/sv\/\"},{\"@type\":\"ListItem\",\"position\":2,\"name\":\"Varf\u00f6r det \u00e4r vettigare att k\u00f6pa lotter online\",\"item\":\"https:\/\/onlinelotto365.com\/sv\/kopa-biljetter\/\"},{\"@type\":\"ListItem\",\"position\":3,\"name\":\"Hur man k\u00f6per Set for life-biljetter online\"}]},{\"@type\":\"WebSite\",\"@id\":\"https:\/\/onlinelotto365.com\/sv\/#website\",\"url\":\"https:\/\/onlinelotto365.com\/sv\/\",\"name\":\"OnlineLotto365\",\"description\":\"\",\"potentialAction\":[{\"@type\":\"SearchAction\",\"target\":{\"@type\":\"EntryPoint\",\"urlTemplate\":\"https:\/\/onlinelotto365.com\/sv\/?s={search_term_string}\"},\"query-input\":{\"@type\":\"PropertyValueSpecification\",\"valueRequired\":true,\"valueName\":\"search_term_string\"}}],\"inLanguage\":\"sv-SE\"}]}<\/script>\n<!-- \/ Yoast SEO plugin. -->","yoast_head_json":{"title":"K\u00f6p biljetter till Set for life online fr\u00e5n Australien | Set for life lotteri info, hur man k\u00f6per biljetter","description":"Set for Life-lotteriet kan vinnas fr\u00e5n Australien - k\u00f6p biljetter online h\u00e4r","robots":{"index":"index","follow":"follow","max-snippet":"max-snippet:-1","max-image-preview":"max-image-preview:large","max-video-preview":"max-video-preview:-1"},"canonical":"https:\/\/onlinelotto365.com\/sv\/kopa-biljetter\/set-for-life\/","og_locale":"sv_SE","og_type":"article","og_title":"K\u00f6p biljetter till Set for life online fr\u00e5n Australien | Set for life lotteri info, hur man k\u00f6per biljetter","og_description":"Set for Life-lotteriet kan vinnas fr\u00e5n Australien - k\u00f6p biljetter online h\u00e4r","og_url":"https:\/\/onlinelotto365.com\/sv\/kopa-biljetter\/set-for-life\/","og_site_name":"OnlineLotto365","og_image":[{"url":"https:\/\/redfoxlotto.com\/image?size=8&amp;lottery=set-for-life-uk"}],"twitter_card":"summary_large_image","twitter_misc":{"Ber\u00e4knad l\u00e4stid":"4 minuter"},"schema":{"@context":"https:\/\/schema.org","@graph":[{"@type":"WebPage","@id":"https:\/\/onlinelotto365.com\/sv\/kopa-biljetter\/set-for-life\/","url":"https:\/\/onlinelotto365.com\/sv\/kopa-biljetter\/set-for-life\/","name":"K\u00f6p biljetter till Set for life online fr\u00e5n Australien | Set for life lotteri info, hur man k\u00f6per biljetter","isPartOf":{"@id":"https:\/\/onlinelotto365.com\/sv\/#website"},"primaryImageOfPage":{"@id":"https:\/\/onlinelotto365.com\/sv\/kopa-biljetter\/set-for-life\/#primaryimage"},"image":{"@id":"https:\/\/onlinelotto365.com\/sv\/kopa-biljetter\/set-for-life\/#primaryimage"},"thumbnailUrl":"https:\/\/redfoxlotto.com\/image?size=8&amp;lottery=set-for-life-uk","datePublished":"2022-11-17T11:58:51+00:00","dateModified":"2022-11-17T11:58:51+00:00","description":"Set for Life-lotteriet kan vinnas fr\u00e5n Australien - k\u00f6p biljetter online h\u00e4r","breadcrumb":{"@id":"https:\/\/onlinelotto365.com\/sv\/kopa-biljetter\/set-for-life\/#breadcrumb"},"inLanguage":"sv-SE","potentialAction":[{"@type":"ReadAction","target":["https:\/\/onlinelotto365.com\/sv\/kopa-biljetter\/set-for-life\/"]}]},{"@type":"ImageObject","inLanguage":"sv-SE","@id":"https:\/\/onlinelotto365.com\/sv\/kopa-biljetter\/set-for-life\/#primaryimage","url":"https:\/\/redfoxlotto.com\/image?size=8&amp;lottery=set-for-life-uk","contentUrl":"https:\/\/redfoxlotto.com\/image?size=8&amp;lottery=set-for-life-uk"},{"@type":"BreadcrumbList","@id":"https:\/\/onlinelotto365.com\/sv\/kopa-biljetter\/set-for-life\/#breadcrumb","itemListElement":[{"@type":"ListItem","position":1,"name":"Home","item":"https:\/\/onlinelotto365.com\/sv\/"},{"@type":"ListItem","position":2,"name":"Varf\u00f6r det \u00e4r vettigare att k\u00f6pa lotter online","item":"https:\/\/onlinelotto365.com\/sv\/kopa-biljetter\/"},{"@type":"ListItem","position":3,"name":"Hur man k\u00f6per Set for life-biljetter online"}]},{"@type":"WebSite","@id":"https:\/\/onlinelotto365.com\/sv\/#website","url":"https:\/\/onlinelotto365.com\/sv\/","name":"OnlineLotto365","description":"","potentialAction":[{"@type":"SearchAction","target":{"@type":"EntryPoint","urlTemplate":"https:\/\/onlinelotto365.com\/sv\/?s={search_term_string}"},"query-input":{"@type":"PropertyValueSpecification","valueRequired":true,"valueName":"search_term_string"}}],"inLanguage":"sv-SE"}]}},"_links":{"self":[{"href":"https:\/\/onlinelotto365.com\/sv\/wp-json\/wp\/v2\/pages\/80419","targetHints":{"allow":["GET"]}}],"collection":[{"href":"https:\/\/onlinelotto365.com\/sv\/wp-json\/wp\/v2\/pages"}],"about":[{"href":"https:\/\/onlinelotto365.com\/sv\/wp-json\/wp\/v2\/types\/page"}],"author":[{"embeddable":true,"href":"https:\/\/onlinelotto365.com\/sv\/wp-json\/wp\/v2\/users\/1"}],"replies":[{"embeddable":true,"href":"https:\/\/onlinelotto365.com\/sv\/wp-json\/wp\/v2\/comments?post=80419"}],"version-history":[{"count":0,"href":"https:\/\/onlinelotto365.com\/sv\/wp-json\/wp\/v2\/pages\/80419\/revisions"}],"up":[{"embeddable":true,"href":"https:\/\/onlinelotto365.com\/sv\/wp-json\/wp\/v2\/pages\/5688"}],"wp:attachment":[{"href":"https:\/\/onlinelotto365.com\/sv\/wp-json\/wp\/v2\/media?parent=80419"}],"curies":[{"name":"wp","href":"https:\/\/api.w.org\/{rel}","templated":true}]}}