{"id":80451,"date":"2022-11-18T09:16:51","date_gmt":"2022-11-18T08:16:51","guid":{"rendered":"https:\/\/onlinelotto365.com\/?page_id=80451"},"modified":"2022-11-18T09:16:51","modified_gmt":"2022-11-18T08:16:51","slug":"german-lotto","status":"publish","type":"page","link":"https:\/\/onlinelotto365.com\/sv\/kopa-biljetter\/german-lotto\/","title":{"rendered":"Hur du k\u00f6per biljetter online till tyska Lotto"},"content":{"rendered":"<p>\u00c4r du inte helt s\u00e4ker p\u00e5 hur du k\u00f6per tyska Lottolotter p\u00e5 n\u00e4tet? D\u00e5 har du kommit till r\u00e4tt st\u00e4lle, f\u00f6r vi kommer att g\u00e5 igenom den superenkla processen f\u00f6r att g\u00e5 fr\u00e5n att vilja ha biljetterna n\u00e4r du \u00e4r i Sverige till att v\u00e4nta p\u00e5 dragningen f\u00f6r att se om du har vunnit n\u00e5got stort.<br \/>\n<a href=\"https:\/\/redfoxlotto.com\/play\/lotto-6aus49\/?ref=a8564250a2&amp;medium=ol365\" target=\"_blank\" rel=\"noopener noreferrer\"><img decoding=\"async\" class=\"aligncenter\" src=\"https:\/\/redfoxlotto.com\/image?size=8&amp;lottery=lotto-6aus49\" alt=\"Tyska Lotto 6aus49\" \/><\/a><\/p>\n<ul>\n<li>G\u00e5 till webbsidan f\u00f6r det lottospel som du vill spela och v\u00e4lj det antal biljetter du vill ha och de nummer du vill spela.<\/li>\n<li>Skaffa s\u00e5 m\u00e5nga biljetter du vill f\u00f6r detta spel och alla andra.<\/li>\n<li>Klicka p\u00e5 knappen f\u00f6r att betala nu<\/li>\n<li>Logga in p\u00e5 ditt nuvarande konto f\u00f6r att genomf\u00f6ra betalningen eller skapa ett nytt konto och slutf\u00f6ra registreringsprocessen.<\/li>\n<li>De som beh\u00f6ver skapa ett konto m\u00e5ste ocks\u00e5 verifiera det fr\u00e5n sitt e-postkonto.<\/li>\n<li>Se till att titta i din inkorg samt i din skr\u00e4ppostmapp f\u00f6r att se om e-postmeddelandet har skickats dit och klicka p\u00e5 l\u00e4nken.<\/li>\n<li>N\u00e4r du har verifierat ditt konto g\u00e5r du till kundvagnen f\u00f6r att k\u00f6pa dina varor.<\/li>\n<li>G\u00e5 igenom betalningsprocessen enligt instruktionerna som tillhandah\u00e5lls.<\/li>\n<\/ul>\n<h2>Hur du betalar f\u00f6r din tyska lott p\u00e5 n\u00e4tet<\/h2>\n<p>Du kan v\u00e4lja mellan flera olika helt s\u00e4kra betalningsalternativ n\u00e4r det \u00e4r dags att betala f\u00f6r dina lotter.<br \/>\nVar och en av dessa alternativ faller in i en av tv\u00e5 olika kategorier:<\/p>\n<p>Betala dina biljetter genom att ange en betalningsmetod vid k\u00f6ptillf\u00e4llet.<br \/>\nBetala dina biljetter genom att l\u00e4gga till pengar p\u00e5 ditt spelarkonto och anv\u00e4nda dem f\u00f6r att g\u00f6ra k\u00f6pet.<\/p>\n<p>Se till att om du l\u00e4gger till pengar p\u00e5 ditt konto s\u00e5 l\u00e4gger du till tillr\u00e4ckligt mycket f\u00f6r att mer \u00e4n t\u00e4cka kostnaden f\u00f6r den aktuella transaktionen s\u00e5 att den godk\u00e4nns.<\/p>\n<h2>Mer information om German Lotto<\/h2>\n<ul>\n<li>Land: Tyskland<\/li>\n<li>Huvudnummersortiment: 49<\/li>\n<li>Du v\u00e4ljer: 6<\/li>\n<li>Extra nummer v\u00e4ljs automatiskt \u00e5t dig<\/li>\n<li>Dragningsdagar, timmar: L\u00f6rdag, 20:25 CET, 20:25 CET<\/li>\n<li>Minsta jackpot: 1 miljon euro<\/li>\n<li>H\u00f6gsta jackpot: efter 12 dragningar<\/li>\n<li>Sannolikhet att vinna jackpotten: 1 p\u00e5 125854344<\/li>\n<li>Sannolikhet f\u00f6r en vinst i niv\u00e5 2: 1 p\u00e5 13983816<\/li>\n<li>Sannolikhet att vinna i alla niv\u00e5er: 1 p\u00e5 31<\/li>\n<li>Antal vinstniv\u00e5er: 9<\/li>\n<\/ul>\n<h2>F\u00f6rdelar med att k\u00f6pa tyska Lottolotter p\u00e5 n\u00e4tet<\/h2>\n<ul>\n<li>Du kan k\u00f6pa biljetter fr\u00e5n din bekv\u00e4ma plats hemma.<\/li>\n<li>Du kan f\u00e5 alla typer av lotterispel du vill ha.<\/li>\n<li>F\u00e5 b\u00e4ttre chanser till de b\u00e4sta jackpottarna genom att v\u00e4lja r\u00e4tt spel.<\/li>\n<li>F\u00e5 enkla betalningsalternativ genom att s\u00e4tta in pengar direkt p\u00e5 ditt spelarkonto f\u00f6r att k\u00f6pa.<\/li>\n<li>F\u00e5 enkel lagring av alla dina lottobiljetter.<\/li>\n<li>F\u00e5 omedelbar information om vinster<\/li>\n<li>F\u00e5 enkla valm\u00f6jligheter s\u00e5 att du inte beh\u00f6ver v\u00e4lja nummer.<\/li>\n<\/ul>\n<h2>\u00c4r det lagligt att k\u00f6pa tyska lotter p\u00e5 n\u00e4tet?<\/h2>\n<p>Om du har varit orolig f\u00f6r att k\u00f6pa biljetter online eftersom du befinner dig i Sverige<br \/>\noch du inte k\u00e4nner till reglerna, beh\u00f6ver du inte oroa dig. Vi kan hj\u00e4lpa dig att ta bort en del av oron eftersom vi ser till att alla regler f\u00f6ljs f\u00f6r det land som lotteriet kommer fr\u00e5n.<br \/>\nDetta hj\u00e4lper dig att k\u00e4nna dig tryggare och det ser till att alla pengar som du vinner garanterat g\u00e5r direkt till dig.<br \/>\nDen enda regeln \u00e4r att du m\u00e5ste vara 18 \u00e5r eller \u00e4ldre f\u00f6r att f\u00e5 spela.<\/p>\n<h2>Hur f\u00e5r jag betalt om jag vinner tyska Lotto online?<\/h2>\n<p><img loading=\"lazy\" decoding=\"async\" class=\"alignright wp-image-3633\" src=\"https:\/\/onlinelotto365.com\/wp-content\/uploads\/2020\/11\/online_lottery-41-300x102.jpg\" alt=\"tysk lotto online uk\" width=\"376\" height=\"128\" srcset=\"https:\/\/onlinelotto365.com\/wp-content\/uploads\/2020\/11\/online_lottery-41-300x102.jpg 300w, https:\/\/onlinelotto365.com\/wp-content\/uploads\/2020\/11\/online_lottery-41.jpg 593w\" sizes=\"auto, (max-width: 376px) 100vw, 376px\" \/><br \/>\nN\u00e4r det g\u00e4ller att f\u00e5 dina vinster vet vi redan att du inte vill g\u00f6ra n\u00e5gra uppoffringar. Du vill f\u00e5 alla pengar som du har r\u00e4tt till och vi kan hj\u00e4lpa dig med det. Faktum \u00e4r att vi kan f\u00e5 dig ig\u00e5ng direkt eftersom vi inte tar n\u00e5gon provision fr\u00e5n dina vinster.<\/p>\n<p>Vi kommer inte heller att ta ut n\u00e5gra avgifter av dig. Det st\u00e4mmer om du inte v\u00e4ljer att f\u00e5 dina pengar \u00f6verf\u00f6rda till din bank kommer vi inte att ta ut n\u00e5gon avgift f\u00f6r n\u00e5got som vi g\u00f6r. Om du v\u00e4ljer en bank\u00f6verf\u00f6ring tar vi ut en avgift eftersom din bank tar ut en avgift.<\/p>\n<p><strong>Vad h\u00e4nder n\u00e4r du vinner:<\/strong><\/p>\n<ul>\n<li>F\u00f6r dem som vinner mindre \u00e4n 2 500 euro beh\u00f6ver du inte g\u00f6ra n\u00e5got. Vi tar hand om allt genom att s\u00e4tta in pengarna p\u00e5 ditt konto.<\/li>\n<li>F\u00f6r dem som vinner \u00f6ver 2 500 euro f\u00e5r du en ans\u00f6kningsblankett fr\u00e5n v\u00e5rt supportteam. P\u00e5 det formul\u00e4ret kan du best\u00e4mma om du vill bli betald med check eller med bank\u00f6verf\u00f6ring. Sedan kan du bara luta dig tillbaka och v\u00e4nta p\u00e5 att pengarna kommer till dig inom n\u00e5gra dagar.<\/li>\n<\/ul>\n","protected":false},"excerpt":{"rendered":"<p>\u00c4r du inte helt s\u00e4ker p\u00e5 hur du k\u00f6per tyska Lottolotter p\u00e5 n\u00e4tet? D\u00e5 har du kommit till r\u00e4tt st\u00e4lle, f\u00f6r vi kommer att g\u00e5 igenom den superenkla processen f\u00f6r att g\u00e5 fr\u00e5n att vilja ha biljetterna n\u00e4r du \u00e4r i Sverige till att v\u00e4nta p\u00e5 dragningen f\u00f6r att se om du har vunnit n\u00e5got [&hellip;]<\/p>\n","protected":false},"author":1,"featured_media":0,"parent":5688,"menu_order":11,"comment_status":"closed","ping_status":"closed","template":"lotto-german-info.php","meta":{"_et_pb_use_builder":"","_et_pb_old_content":"","_et_gb_content_width":"","exclude_from_search":false,"footnotes":""},"class_list":["post-80451","page","type-page","status-publish","hentry"],"yoast_head":"<!-- This site is optimized with the Yoast SEO plugin v23.4 - https:\/\/yoast.com\/wordpress\/plugins\/seo\/ -->\n<title>Nu kan du k\u00f6pa tyska Lotto-biljetter online fr\u00e5n Sverige<\/title>\n<meta name=\"description\" content=\"Om du bor i Sverige kan du fortfarande k\u00f6pa tyska lottobiljetter online\" \/>\n<meta name=\"robots\" content=\"index, follow, max-snippet:-1, max-image-preview:large, max-video-preview:-1\" \/>\n<link rel=\"canonical\" href=\"https:\/\/onlinelotto365.com\/sv\/kopa-biljetter\/german-lotto\/\" \/>\n<meta property=\"og:locale\" content=\"sv_SE\" \/>\n<meta property=\"og:type\" content=\"article\" \/>\n<meta property=\"og:title\" content=\"Nu kan du k\u00f6pa tyska Lotto-biljetter online fr\u00e5n Sverige\" \/>\n<meta property=\"og:description\" content=\"Om du bor i Sverige kan du fortfarande k\u00f6pa tyska lottobiljetter online\" \/>\n<meta property=\"og:url\" content=\"https:\/\/onlinelotto365.com\/sv\/kopa-biljetter\/german-lotto\/\" \/>\n<meta property=\"og:site_name\" content=\"OnlineLotto365\" \/>\n<meta property=\"og:image\" content=\"https:\/\/redfoxlotto.com\/image?size=8&amp;lottery=lotto-6aus49\" \/>\n<meta name=\"twitter:card\" content=\"summary_large_image\" \/>\n<meta name=\"twitter:label1\" content=\"Ber\u00e4knad l\u00e4stid\" \/>\n\t<meta name=\"twitter:data1\" content=\"4 minuter\" \/>\n<script type=\"application\/ld+json\" class=\"yoast-schema-graph\">{\"@context\":\"https:\/\/schema.org\",\"@graph\":[{\"@type\":\"WebPage\",\"@id\":\"https:\/\/onlinelotto365.com\/sv\/kopa-biljetter\/german-lotto\/\",\"url\":\"https:\/\/onlinelotto365.com\/sv\/kopa-biljetter\/german-lotto\/\",\"name\":\"Nu kan du k\u00f6pa tyska Lotto-biljetter online fr\u00e5n Sverige\",\"isPartOf\":{\"@id\":\"https:\/\/onlinelotto365.com\/sv\/#website\"},\"primaryImageOfPage\":{\"@id\":\"https:\/\/onlinelotto365.com\/sv\/kopa-biljetter\/german-lotto\/#primaryimage\"},\"image\":{\"@id\":\"https:\/\/onlinelotto365.com\/sv\/kopa-biljetter\/german-lotto\/#primaryimage\"},\"thumbnailUrl\":\"https:\/\/redfoxlotto.com\/image?size=8&amp;lottery=lotto-6aus49\",\"datePublished\":\"2022-11-18T08:16:51+00:00\",\"dateModified\":\"2022-11-18T08:16:51+00:00\",\"description\":\"Om du bor i Sverige kan du fortfarande k\u00f6pa tyska lottobiljetter online\",\"breadcrumb\":{\"@id\":\"https:\/\/onlinelotto365.com\/sv\/kopa-biljetter\/german-lotto\/#breadcrumb\"},\"inLanguage\":\"sv-SE\",\"potentialAction\":[{\"@type\":\"ReadAction\",\"target\":[\"https:\/\/onlinelotto365.com\/sv\/kopa-biljetter\/german-lotto\/\"]}]},{\"@type\":\"ImageObject\",\"inLanguage\":\"sv-SE\",\"@id\":\"https:\/\/onlinelotto365.com\/sv\/kopa-biljetter\/german-lotto\/#primaryimage\",\"url\":\"https:\/\/redfoxlotto.com\/image?size=8&amp;lottery=lotto-6aus49\",\"contentUrl\":\"https:\/\/redfoxlotto.com\/image?size=8&amp;lottery=lotto-6aus49\"},{\"@type\":\"BreadcrumbList\",\"@id\":\"https:\/\/onlinelotto365.com\/sv\/kopa-biljetter\/german-lotto\/#breadcrumb\",\"itemListElement\":[{\"@type\":\"ListItem\",\"position\":1,\"name\":\"Home\",\"item\":\"https:\/\/onlinelotto365.com\/sv\/\"},{\"@type\":\"ListItem\",\"position\":2,\"name\":\"Varf\u00f6r det \u00e4r vettigare att k\u00f6pa lotter online\",\"item\":\"https:\/\/onlinelotto365.com\/sv\/kopa-biljetter\/\"},{\"@type\":\"ListItem\",\"position\":3,\"name\":\"Hur du k\u00f6per biljetter online till tyska Lotto\"}]},{\"@type\":\"WebSite\",\"@id\":\"https:\/\/onlinelotto365.com\/sv\/#website\",\"url\":\"https:\/\/onlinelotto365.com\/sv\/\",\"name\":\"OnlineLotto365\",\"description\":\"\",\"potentialAction\":[{\"@type\":\"SearchAction\",\"target\":{\"@type\":\"EntryPoint\",\"urlTemplate\":\"https:\/\/onlinelotto365.com\/sv\/?s={search_term_string}\"},\"query-input\":{\"@type\":\"PropertyValueSpecification\",\"valueRequired\":true,\"valueName\":\"search_term_string\"}}],\"inLanguage\":\"sv-SE\"}]}<\/script>\n<!-- \/ Yoast SEO plugin. -->","yoast_head_json":{"title":"Nu kan du k\u00f6pa tyska Lotto-biljetter online fr\u00e5n Sverige","description":"Om du bor i Sverige kan du fortfarande k\u00f6pa tyska lottobiljetter online","robots":{"index":"index","follow":"follow","max-snippet":"max-snippet:-1","max-image-preview":"max-image-preview:large","max-video-preview":"max-video-preview:-1"},"canonical":"https:\/\/onlinelotto365.com\/sv\/kopa-biljetter\/german-lotto\/","og_locale":"sv_SE","og_type":"article","og_title":"Nu kan du k\u00f6pa tyska Lotto-biljetter online fr\u00e5n Sverige","og_description":"Om du bor i Sverige kan du fortfarande k\u00f6pa tyska lottobiljetter online","og_url":"https:\/\/onlinelotto365.com\/sv\/kopa-biljetter\/german-lotto\/","og_site_name":"OnlineLotto365","og_image":[{"url":"https:\/\/redfoxlotto.com\/image?size=8&amp;lottery=lotto-6aus49"}],"twitter_card":"summary_large_image","twitter_misc":{"Ber\u00e4knad l\u00e4stid":"4 minuter"},"schema":{"@context":"https:\/\/schema.org","@graph":[{"@type":"WebPage","@id":"https:\/\/onlinelotto365.com\/sv\/kopa-biljetter\/german-lotto\/","url":"https:\/\/onlinelotto365.com\/sv\/kopa-biljetter\/german-lotto\/","name":"Nu kan du k\u00f6pa tyska Lotto-biljetter online fr\u00e5n Sverige","isPartOf":{"@id":"https:\/\/onlinelotto365.com\/sv\/#website"},"primaryImageOfPage":{"@id":"https:\/\/onlinelotto365.com\/sv\/kopa-biljetter\/german-lotto\/#primaryimage"},"image":{"@id":"https:\/\/onlinelotto365.com\/sv\/kopa-biljetter\/german-lotto\/#primaryimage"},"thumbnailUrl":"https:\/\/redfoxlotto.com\/image?size=8&amp;lottery=lotto-6aus49","datePublished":"2022-11-18T08:16:51+00:00","dateModified":"2022-11-18T08:16:51+00:00","description":"Om du bor i Sverige kan du fortfarande k\u00f6pa tyska lottobiljetter online","breadcrumb":{"@id":"https:\/\/onlinelotto365.com\/sv\/kopa-biljetter\/german-lotto\/#breadcrumb"},"inLanguage":"sv-SE","potentialAction":[{"@type":"ReadAction","target":["https:\/\/onlinelotto365.com\/sv\/kopa-biljetter\/german-lotto\/"]}]},{"@type":"ImageObject","inLanguage":"sv-SE","@id":"https:\/\/onlinelotto365.com\/sv\/kopa-biljetter\/german-lotto\/#primaryimage","url":"https:\/\/redfoxlotto.com\/image?size=8&amp;lottery=lotto-6aus49","contentUrl":"https:\/\/redfoxlotto.com\/image?size=8&amp;lottery=lotto-6aus49"},{"@type":"BreadcrumbList","@id":"https:\/\/onlinelotto365.com\/sv\/kopa-biljetter\/german-lotto\/#breadcrumb","itemListElement":[{"@type":"ListItem","position":1,"name":"Home","item":"https:\/\/onlinelotto365.com\/sv\/"},{"@type":"ListItem","position":2,"name":"Varf\u00f6r det \u00e4r vettigare att k\u00f6pa lotter online","item":"https:\/\/onlinelotto365.com\/sv\/kopa-biljetter\/"},{"@type":"ListItem","position":3,"name":"Hur du k\u00f6per biljetter online till tyska Lotto"}]},{"@type":"WebSite","@id":"https:\/\/onlinelotto365.com\/sv\/#website","url":"https:\/\/onlinelotto365.com\/sv\/","name":"OnlineLotto365","description":"","potentialAction":[{"@type":"SearchAction","target":{"@type":"EntryPoint","urlTemplate":"https:\/\/onlinelotto365.com\/sv\/?s={search_term_string}"},"query-input":{"@type":"PropertyValueSpecification","valueRequired":true,"valueName":"search_term_string"}}],"inLanguage":"sv-SE"}]}},"_links":{"self":[{"href":"https:\/\/onlinelotto365.com\/sv\/wp-json\/wp\/v2\/pages\/80451","targetHints":{"allow":["GET"]}}],"collection":[{"href":"https:\/\/onlinelotto365.com\/sv\/wp-json\/wp\/v2\/pages"}],"about":[{"href":"https:\/\/onlinelotto365.com\/sv\/wp-json\/wp\/v2\/types\/page"}],"author":[{"embeddable":true,"href":"https:\/\/onlinelotto365.com\/sv\/wp-json\/wp\/v2\/users\/1"}],"replies":[{"embeddable":true,"href":"https:\/\/onlinelotto365.com\/sv\/wp-json\/wp\/v2\/comments?post=80451"}],"version-history":[{"count":0,"href":"https:\/\/onlinelotto365.com\/sv\/wp-json\/wp\/v2\/pages\/80451\/revisions"}],"up":[{"embeddable":true,"href":"https:\/\/onlinelotto365.com\/sv\/wp-json\/wp\/v2\/pages\/5688"}],"wp:attachment":[{"href":"https:\/\/onlinelotto365.com\/sv\/wp-json\/wp\/v2\/media?parent=80451"}],"curies":[{"name":"wp","href":"https:\/\/api.w.org\/{rel}","templated":true}]}}