{"id":80483,"date":"2022-11-18T11:52:37","date_gmt":"2022-11-18T10:52:37","guid":{"rendered":"https:\/\/onlinelotto365.com\/?page_id=80483"},"modified":"2022-11-18T11:52:37","modified_gmt":"2022-11-18T10:52:37","slug":"mega-sena","status":"publish","type":"page","link":"https:\/\/onlinelotto365.com\/sv\/kopa-biljetter\/mega-sena\/","title":{"rendered":"Hur man k\u00f6per biljetter till Mega-Sena Brazil online"},"content":{"rendered":"<p>Vill du veta hur du kan f\u00e5 biljetter till Mega-Sena, \u00e4ven om du bor i Sverige eller i n\u00e5got annat land utanf\u00f6r Brasilien? D\u00e5 ska du l\u00e4sa lite l\u00e4ngre eftersom vi kan hj\u00e4lpa dig med hela processen och se till att du \u00e4r p\u00e5 god v\u00e4g att f\u00e5 biljetter till alla de spel du vill spela.<br \/>\n<a href=\"https:\/\/redfoxlotto.com\/play\/mega-sena\/?ref=a8564250a2&amp;medium=ol365\" target=\"_blank\" rel=\"noopener noreferrer\"><img decoding=\"async\" class=\"aligncenter\" src=\"https:\/\/redfoxlotto.com\/image?size=8&amp;lottery=mega-sena\" alt=\"mega-sena\" \/><\/a><\/p>\n<ul>\n<li>Allt du beh\u00f6ver g\u00f6ra f\u00f6r att komma ig\u00e5ng \u00e4r att v\u00e4lja det spel som du vill spela och v\u00e4lja ut de biljettnummer som du vill ha f\u00f6r det spelet.<\/li>\n<li>L\u00e4gg till s\u00e5 m\u00e5nga biljetter du vill f\u00f6r detta spel eller n\u00e5got annat spel du vill spela.<\/li>\n<li>Klicka p\u00e5 knappen f\u00f6r att starta kassan.<\/li>\n<li>Logga in p\u00e5 ditt nuvarande konto eller skapa ett nytt konto f\u00f6r att k\u00f6pa dina biljetter.<\/li>\n<li>Om du m\u00e5ste skapa ett nytt konto m\u00e5ste du g\u00e5 igenom registreringsprocessen. Din verifieringsl\u00e4nk kommer att skickas till din e-post.<\/li>\n<li>Om e-postmeddelandet inte dyker upp i din inkorg b\u00f6r du kontrollera skr\u00e4ppostmappen f\u00f6r att f\u00f6rs\u00e4kra dig om att det har mottagits.<\/li>\n<li>N\u00e4r du har verifierat ditt konto g\u00e5r du till kundvagnen p\u00e5 webbplatsen.<\/li>\n<li>F\u00f6lj instruktionerna f\u00f6r att betala f\u00f6r dina biljetter med den valda betalningsmetoden.<\/li>\n<\/ul>\n<h2>Hur du betalar din Mega-Sena-biljett online<\/h2>\n<p>Att betala f\u00f6r dina biljetter p\u00e5 ett s\u00e4kert s\u00e4tt \u00e4r viktigt f\u00f6r dig och vi g\u00f6r det s\u00e5 enkelt som m\u00f6jligt genom att ge dig m\u00e5nga olika direkta betalningsalternativ samt ett sekund\u00e4rt alternativ f\u00f6r att k\u00f6pa dina biljetter. Du beh\u00f6ver bara b\u00f6rja med ett av de tv\u00e5 nedan.<\/p>\n<p>Betala direkt med ditt favoritbetalningss\u00e4tt<br \/>\nL\u00e4gg till pengar p\u00e5 ditt spelarkonto s\u00e5 att du kan k\u00f6pa biljetter direkt fr\u00e5n kontot.<\/p>\n<p>Se till att l\u00e4gga till lite extra p\u00e5 ditt spelarkonto om du ska v\u00e4lja den metoden. P\u00e5 s\u00e5 s\u00e4tt kommer ditt kontosaldo att kunna betala f\u00f6r k\u00f6pet.<\/p>\n<h2>Mer information om Mega-Sena<\/h2>\n<ul>\n<li>Land: Brasilien<\/li>\n<li>Huvudnummersortiment: 60<\/li>\n<li>Du v\u00e4ljer: 6<\/li>\n<li>Dragningsdagar, timmar: Onsdag, l\u00f6rdag, 20:00 GMT -3, 24:00 CET<\/li>\n<li>Minsta jackpot: R$ 2 miljoner<\/li>\n<li>H\u00f6gsta jackpot: ingen<\/li>\n<li>Sannolikhet att vinna jackpotten: 1 p\u00e5 50063860.<\/li>\n<li>Sannolikhet f\u00f6r en vinst i niv\u00e5 2: 1 p\u00e5 15451809<\/li>\n<li>Sannolikhet att vinna i alla niv\u00e5er: 1 p\u00e5 2297,56<\/li>\n<li>Antal vinstniv\u00e5er: 3<\/li>\n<\/ul>\n<h2>F\u00f6rdelar med att k\u00f6pa Mega-Sena-biljetter online<\/h2>\n<ul>\n<li>Du beh\u00f6ver inte resa &#8211; du kan bara k\u00f6pa biljetter hemifr\u00e5n.<\/li>\n<li>Du kan v\u00e4lja mellan olika lotterispel.<\/li>\n<li>F\u00e5 de b\u00e4sta oddsen f\u00f6r att vinna spel med h\u00f6ga jackpottar.<\/li>\n<li>S\u00e4tt in pengar direkt p\u00e5 ditt konto som du kan anv\u00e4nda f\u00f6r ditt k\u00f6p<\/li>\n<li>Det \u00e4r l\u00e4tt att h\u00e5lla reda p\u00e5 dina biljetter<\/li>\n<li>F\u00e5 meddelanden n\u00e4r du vinner p\u00e5 dina lotter.<\/li>\n<li>Anv\u00e4nd alternativet f\u00f6r snabbval f\u00f6r att f\u00e5 lotter utan att v\u00e4lja nummer.<\/li>\n<\/ul>\n<h2>\u00c4r det lagligt att k\u00f6pa Mega-Sena-biljetter online?<\/h2>\n<p>M\u00e5nga m\u00e4nniskor oroar sig f\u00f6r om de kan k\u00f6pa Mega Sena-lottolotter p\u00e5 n\u00e4tet eller inte eftersom Sverige \u00e4r deras hemland. Eller kanske bor de i ett annat land, men inte i Brasilien. Vi hj\u00e4lper dig att ta hand om en del av oron genom att se till att allt vi g\u00f6r \u00e4r baserat p\u00e5 regler fr\u00e5n det land som driver lotteriet. Detta g\u00f6r det l\u00e4ttare f\u00f6r dig att k\u00f6pa dina lotter och att k\u00e4nna dig bekv\u00e4m med processen. Dessutom \u00e4r du garanterad att f\u00e5 alla pengar som du vinner, inklusive jackpotten.<\/p>\n<h2>Hur f\u00e5r jag betalt om jag vinner Mega-Sena online?<\/h2>\n<p><img loading=\"lazy\" decoding=\"async\" class=\"alignright wp-image-3660\" src=\"https:\/\/onlinelotto365.com\/wp-content\/uploads\/2020\/11\/online_lottery-133-300x212.jpg\" alt=\"mega-sena online Sverige\" width=\"177\" height=\"125\" srcset=\"https:\/\/onlinelotto365.com\/wp-content\/uploads\/2020\/11\/online_lottery-133-300x212.jpg 300w, https:\/\/onlinelotto365.com\/wp-content\/uploads\/2020\/11\/online_lottery-133.jpg 320w\" sizes=\"auto, (max-width: 177px) 100vw, 177px\" \/><br \/>\nN\u00e4r det g\u00e4ller utbetalningar till vinnare g\u00f6r vi det p\u00e5 b\u00e4sta s\u00e4tt, genom att ge dig varje cent. Du beh\u00f6ver inte betala oss n\u00e5gon provision f\u00f6r alla belopp som du vinner, oavsett om det \u00e4r ett litet pris eller till och med en jackpot. Du beh\u00f6ver inte heller betala n\u00e5gra avgifter till oss om du inte v\u00e4ljer en bank\u00f6verf\u00f6ring.<br \/>\nMed alla andra betalningsmetoder f\u00e5r du alla pengar som du har vunnit. Med bank\u00f6verf\u00f6ringar f\u00e5r vi ibland avgifter fr\u00e5n banken och den avgiften dras fr\u00e5n din vinst under \u00f6verf\u00f6ringsprocessen.<\/p>\n<p><strong>N\u00e4r du vinner ska du dock veta vilken process som sker f\u00f6r att du ska f\u00e5 pengarna:<\/strong><\/p>\n<ul>\n<li>Alla som vinner mindre \u00e4n 2 500 euro f\u00e5r pengarna insatta direkt p\u00e5 sitt konto utan att beh\u00f6va g\u00f6ra n\u00e5gonting.<\/li>\n<li>Alla som vinner \u00f6ver 2 500 euro kommer d\u00e4remot att bli ombedda att fylla i ett kravformul\u00e4r av v\u00e5rt supportteam. Detta g\u00f6r att du kan f\u00e5 dina pengar p\u00e5 ett av tv\u00e5 s\u00e4tt. Du kan v\u00e4lja att antingen f\u00e5 en check p\u00e5 hela beloppet eller att f\u00e5 en bank\u00f6verf\u00f6ring gjord. Oavsett vilket f\u00e5r du dina pengar \u00f6verf\u00f6rda till vilket land som helst, inklusive Sverige, inom n\u00e5gra dagar.<\/li>\n<\/ul>\n","protected":false},"excerpt":{"rendered":"<p>Vill du veta hur du kan f\u00e5 biljetter till Mega-Sena, \u00e4ven om du bor i Sverige eller i n\u00e5got annat land utanf\u00f6r Brasilien? D\u00e5 ska du l\u00e4sa lite l\u00e4ngre eftersom vi kan hj\u00e4lpa dig med hela processen och se till att du \u00e4r p\u00e5 god v\u00e4g att f\u00e5 biljetter till alla de spel du vill [&hellip;]<\/p>\n","protected":false},"author":1,"featured_media":0,"parent":5688,"menu_order":12,"comment_status":"closed","ping_status":"closed","template":"megasena-info.php","meta":{"_et_pb_use_builder":"","_et_pb_old_content":"","_et_gb_content_width":"","exclude_from_search":false,"footnotes":""},"class_list":["post-80483","page","type-page","status-publish","hentry"],"yoast_head":"<!-- This site is optimized with the Yoast SEO plugin v23.4 - https:\/\/yoast.com\/wordpress\/plugins\/seo\/ -->\n<title>K\u00f6p biljetter till Mega-Sena online fr\u00e5n Sverige | Om Mega-Sena och hur man k\u00f6per biljetter<\/title>\n<meta name=\"description\" content=\"Detta \u00e4r ett fantastiskt lotteri fr\u00e5n Brasilien - och du kan nu k\u00f6pa biljetter online\" \/>\n<meta name=\"robots\" content=\"index, follow, max-snippet:-1, max-image-preview:large, max-video-preview:-1\" \/>\n<link rel=\"canonical\" href=\"https:\/\/onlinelotto365.com\/sv\/kopa-biljetter\/mega-sena\/\" \/>\n<meta property=\"og:locale\" content=\"sv_SE\" \/>\n<meta property=\"og:type\" content=\"article\" \/>\n<meta property=\"og:title\" content=\"K\u00f6p biljetter till Mega-Sena online fr\u00e5n Sverige | Om Mega-Sena och hur man k\u00f6per biljetter\" \/>\n<meta property=\"og:description\" content=\"Detta \u00e4r ett fantastiskt lotteri fr\u00e5n Brasilien - och du kan nu k\u00f6pa biljetter online\" \/>\n<meta property=\"og:url\" content=\"https:\/\/onlinelotto365.com\/sv\/kopa-biljetter\/mega-sena\/\" \/>\n<meta property=\"og:site_name\" content=\"OnlineLotto365\" \/>\n<meta property=\"og:image\" content=\"https:\/\/redfoxlotto.com\/image?size=8&amp;lottery=mega-sena\" \/>\n<meta name=\"twitter:card\" content=\"summary_large_image\" \/>\n<meta name=\"twitter:label1\" content=\"Ber\u00e4knad l\u00e4stid\" \/>\n\t<meta name=\"twitter:data1\" content=\"4 minuter\" \/>\n<script type=\"application\/ld+json\" class=\"yoast-schema-graph\">{\"@context\":\"https:\/\/schema.org\",\"@graph\":[{\"@type\":\"WebPage\",\"@id\":\"https:\/\/onlinelotto365.com\/sv\/kopa-biljetter\/mega-sena\/\",\"url\":\"https:\/\/onlinelotto365.com\/sv\/kopa-biljetter\/mega-sena\/\",\"name\":\"K\u00f6p biljetter till Mega-Sena online fr\u00e5n Sverige | Om Mega-Sena och hur man k\u00f6per biljetter\",\"isPartOf\":{\"@id\":\"https:\/\/onlinelotto365.com\/sv\/#website\"},\"primaryImageOfPage\":{\"@id\":\"https:\/\/onlinelotto365.com\/sv\/kopa-biljetter\/mega-sena\/#primaryimage\"},\"image\":{\"@id\":\"https:\/\/onlinelotto365.com\/sv\/kopa-biljetter\/mega-sena\/#primaryimage\"},\"thumbnailUrl\":\"https:\/\/redfoxlotto.com\/image?size=8&amp;lottery=mega-sena\",\"datePublished\":\"2022-11-18T10:52:37+00:00\",\"dateModified\":\"2022-11-18T10:52:37+00:00\",\"description\":\"Detta \u00e4r ett fantastiskt lotteri fr\u00e5n Brasilien - och du kan nu k\u00f6pa biljetter online\",\"breadcrumb\":{\"@id\":\"https:\/\/onlinelotto365.com\/sv\/kopa-biljetter\/mega-sena\/#breadcrumb\"},\"inLanguage\":\"sv-SE\",\"potentialAction\":[{\"@type\":\"ReadAction\",\"target\":[\"https:\/\/onlinelotto365.com\/sv\/kopa-biljetter\/mega-sena\/\"]}]},{\"@type\":\"ImageObject\",\"inLanguage\":\"sv-SE\",\"@id\":\"https:\/\/onlinelotto365.com\/sv\/kopa-biljetter\/mega-sena\/#primaryimage\",\"url\":\"https:\/\/redfoxlotto.com\/image?size=8&amp;lottery=mega-sena\",\"contentUrl\":\"https:\/\/redfoxlotto.com\/image?size=8&amp;lottery=mega-sena\"},{\"@type\":\"BreadcrumbList\",\"@id\":\"https:\/\/onlinelotto365.com\/sv\/kopa-biljetter\/mega-sena\/#breadcrumb\",\"itemListElement\":[{\"@type\":\"ListItem\",\"position\":1,\"name\":\"Home\",\"item\":\"https:\/\/onlinelotto365.com\/sv\/\"},{\"@type\":\"ListItem\",\"position\":2,\"name\":\"Varf\u00f6r det \u00e4r vettigare att k\u00f6pa lotter online\",\"item\":\"https:\/\/onlinelotto365.com\/sv\/kopa-biljetter\/\"},{\"@type\":\"ListItem\",\"position\":3,\"name\":\"Hur man k\u00f6per biljetter till Mega-Sena Brazil online\"}]},{\"@type\":\"WebSite\",\"@id\":\"https:\/\/onlinelotto365.com\/sv\/#website\",\"url\":\"https:\/\/onlinelotto365.com\/sv\/\",\"name\":\"OnlineLotto365\",\"description\":\"\",\"potentialAction\":[{\"@type\":\"SearchAction\",\"target\":{\"@type\":\"EntryPoint\",\"urlTemplate\":\"https:\/\/onlinelotto365.com\/sv\/?s={search_term_string}\"},\"query-input\":{\"@type\":\"PropertyValueSpecification\",\"valueRequired\":true,\"valueName\":\"search_term_string\"}}],\"inLanguage\":\"sv-SE\"}]}<\/script>\n<!-- \/ Yoast SEO plugin. -->","yoast_head_json":{"title":"K\u00f6p biljetter till Mega-Sena online fr\u00e5n Sverige | Om Mega-Sena och hur man k\u00f6per biljetter","description":"Detta \u00e4r ett fantastiskt lotteri fr\u00e5n Brasilien - och du kan nu k\u00f6pa biljetter online","robots":{"index":"index","follow":"follow","max-snippet":"max-snippet:-1","max-image-preview":"max-image-preview:large","max-video-preview":"max-video-preview:-1"},"canonical":"https:\/\/onlinelotto365.com\/sv\/kopa-biljetter\/mega-sena\/","og_locale":"sv_SE","og_type":"article","og_title":"K\u00f6p biljetter till Mega-Sena online fr\u00e5n Sverige | Om Mega-Sena och hur man k\u00f6per biljetter","og_description":"Detta \u00e4r ett fantastiskt lotteri fr\u00e5n Brasilien - och du kan nu k\u00f6pa biljetter online","og_url":"https:\/\/onlinelotto365.com\/sv\/kopa-biljetter\/mega-sena\/","og_site_name":"OnlineLotto365","og_image":[{"url":"https:\/\/redfoxlotto.com\/image?size=8&amp;lottery=mega-sena"}],"twitter_card":"summary_large_image","twitter_misc":{"Ber\u00e4knad l\u00e4stid":"4 minuter"},"schema":{"@context":"https:\/\/schema.org","@graph":[{"@type":"WebPage","@id":"https:\/\/onlinelotto365.com\/sv\/kopa-biljetter\/mega-sena\/","url":"https:\/\/onlinelotto365.com\/sv\/kopa-biljetter\/mega-sena\/","name":"K\u00f6p biljetter till Mega-Sena online fr\u00e5n Sverige | Om Mega-Sena och hur man k\u00f6per biljetter","isPartOf":{"@id":"https:\/\/onlinelotto365.com\/sv\/#website"},"primaryImageOfPage":{"@id":"https:\/\/onlinelotto365.com\/sv\/kopa-biljetter\/mega-sena\/#primaryimage"},"image":{"@id":"https:\/\/onlinelotto365.com\/sv\/kopa-biljetter\/mega-sena\/#primaryimage"},"thumbnailUrl":"https:\/\/redfoxlotto.com\/image?size=8&amp;lottery=mega-sena","datePublished":"2022-11-18T10:52:37+00:00","dateModified":"2022-11-18T10:52:37+00:00","description":"Detta \u00e4r ett fantastiskt lotteri fr\u00e5n Brasilien - och du kan nu k\u00f6pa biljetter online","breadcrumb":{"@id":"https:\/\/onlinelotto365.com\/sv\/kopa-biljetter\/mega-sena\/#breadcrumb"},"inLanguage":"sv-SE","potentialAction":[{"@type":"ReadAction","target":["https:\/\/onlinelotto365.com\/sv\/kopa-biljetter\/mega-sena\/"]}]},{"@type":"ImageObject","inLanguage":"sv-SE","@id":"https:\/\/onlinelotto365.com\/sv\/kopa-biljetter\/mega-sena\/#primaryimage","url":"https:\/\/redfoxlotto.com\/image?size=8&amp;lottery=mega-sena","contentUrl":"https:\/\/redfoxlotto.com\/image?size=8&amp;lottery=mega-sena"},{"@type":"BreadcrumbList","@id":"https:\/\/onlinelotto365.com\/sv\/kopa-biljetter\/mega-sena\/#breadcrumb","itemListElement":[{"@type":"ListItem","position":1,"name":"Home","item":"https:\/\/onlinelotto365.com\/sv\/"},{"@type":"ListItem","position":2,"name":"Varf\u00f6r det \u00e4r vettigare att k\u00f6pa lotter online","item":"https:\/\/onlinelotto365.com\/sv\/kopa-biljetter\/"},{"@type":"ListItem","position":3,"name":"Hur man k\u00f6per biljetter till Mega-Sena Brazil online"}]},{"@type":"WebSite","@id":"https:\/\/onlinelotto365.com\/sv\/#website","url":"https:\/\/onlinelotto365.com\/sv\/","name":"OnlineLotto365","description":"","potentialAction":[{"@type":"SearchAction","target":{"@type":"EntryPoint","urlTemplate":"https:\/\/onlinelotto365.com\/sv\/?s={search_term_string}"},"query-input":{"@type":"PropertyValueSpecification","valueRequired":true,"valueName":"search_term_string"}}],"inLanguage":"sv-SE"}]}},"_links":{"self":[{"href":"https:\/\/onlinelotto365.com\/sv\/wp-json\/wp\/v2\/pages\/80483","targetHints":{"allow":["GET"]}}],"collection":[{"href":"https:\/\/onlinelotto365.com\/sv\/wp-json\/wp\/v2\/pages"}],"about":[{"href":"https:\/\/onlinelotto365.com\/sv\/wp-json\/wp\/v2\/types\/page"}],"author":[{"embeddable":true,"href":"https:\/\/onlinelotto365.com\/sv\/wp-json\/wp\/v2\/users\/1"}],"replies":[{"embeddable":true,"href":"https:\/\/onlinelotto365.com\/sv\/wp-json\/wp\/v2\/comments?post=80483"}],"version-history":[{"count":0,"href":"https:\/\/onlinelotto365.com\/sv\/wp-json\/wp\/v2\/pages\/80483\/revisions"}],"up":[{"embeddable":true,"href":"https:\/\/onlinelotto365.com\/sv\/wp-json\/wp\/v2\/pages\/5688"}],"wp:attachment":[{"href":"https:\/\/onlinelotto365.com\/sv\/wp-json\/wp\/v2\/media?parent=80483"}],"curies":[{"name":"wp","href":"https:\/\/api.w.org\/{rel}","templated":true}]}}