{"id":80523,"date":"2022-11-21T08:48:03","date_gmt":"2022-11-21T07:48:03","guid":{"rendered":"https:\/\/onlinelotto365.com\/?page_id=80523"},"modified":"2022-11-30T12:04:18","modified_gmt":"2022-11-30T11:04:18","slug":"powerball-australia","status":"publish","type":"page","link":"https:\/\/onlinelotto365.com\/sv\/kopa-biljetter\/powerball-australia\/","title":{"rendered":"Hur du k\u00f6per Powerball Australia-biljetter online"},"content":{"rendered":"<p>Vill du veta hur du kan k\u00f6pa dina Powerball Australia-biljetter online? Vi har delat upp det i n\u00e5gra enkla steg f\u00f6r v\u00e5ra kunder fr\u00e5n Sverige och andra l\u00e4nder, s\u00e5 att du kan komma ig\u00e5ng med processen redan nu. Och du kan g\u00f6ra det mycket snabbare och enklare \u00e4n du kanske tror.<br \/>\n<a href=\"https:\/\/redfoxlotto.com\/play\/powerball-au\/?ref=a8564250a2&amp;medium=ol365\" target=\"_blank\" rel=\"noopener noreferrer\"><img decoding=\"async\" class=\"aligncenter\" src=\"https:\/\/redfoxlotto.com\/image?size=8&amp;lottery=powerball-au\" alt=\"Powerball Australien\" \/><\/a><\/p>\n<ul>\n<li>G\u00e5 till Powerball Australia-sidan och v\u00e4lj de biljetter du vill ha och numren f\u00f6r dessa biljetter, eller l\u00e5t datorn v\u00e4lja \u00e5t dig.<\/li>\n<li>L\u00e4gg till s\u00e5 m\u00e5nga biljetter och spel till din best\u00e4llning som du vill innan du \u00e4r klar.<\/li>\n<li>Klicka p\u00e5 knappen f\u00f6r att betala nu<\/li>\n<li>Skapa ett konto p\u00e5 v\u00e5r webbplats eller logga in p\u00e5 ditt nuvarande konto om du redan har ett.<\/li>\n<li>F\u00f6r dem som beh\u00f6ver skapa ett konto m\u00e5ste du registrera det med din e-postadress.<\/li>\n<li>Kontrollera din skr\u00e4ppostmapp samt din vanliga inkorg f\u00f6r verifieringsmeddelandet.<\/li>\n<li>G\u00e5 till din varukorg f\u00f6r att slutf\u00f6ra ditt k\u00f6p<\/li>\n<li>V\u00e4lj den betalningsmetod som du vill anv\u00e4nda och g\u00e5 igenom betalningsprocessen.<\/li>\n<\/ul>\n<h2>Hur du betalar din biljett f\u00f6r Powerball Australia online<\/h2>\n<p>Du kan v\u00e4lja mellan ett antal olika betalningsalternativ som alla \u00e4r lika s\u00e4kra som du f\u00f6rv\u00e4ntar dig n\u00e4r du k\u00f6per n\u00e5got online fr\u00e5n Sverige.<br \/>\nK\u00f6p dina biljetter genom att:<\/p>\n<p>Betala f\u00f6r best\u00e4llningen direkt med det betalningsalternativ du f\u00f6redrar.<br \/>\nS\u00e4tta in pengar p\u00e5 ditt spelarkonto och anv\u00e4nda dem f\u00f6r att k\u00f6pa dina biljetter.<\/p>\n<p>Kom ih\u00e5g att du m\u00e5ste s\u00e4tta in mer \u00e4n tillr\u00e4ckligt med pengar p\u00e5 ditt spelarkonto f\u00f6r att k\u00f6pa de biljetter du vill ha om du v\u00e4ljer det alternativet.<\/p>\n<h2>Mer information om Powerball Australien<\/h2>\n<ul>\n<li>Land: Australien<\/li>\n<li>Huvudnummersortiment: 35<\/li>\n<li>Du v\u00e4ljer: 7<\/li>\n<li>Extra nummer: 20<\/li>\n<li>Du v\u00e4ljer: 1<\/li>\n<li>Dragningsdagar, timmar: Torg, 21:30 GMT+11, 10:30 CET<\/li>\n<li>Minsta jackpot: Minsta jackpot: 3 miljoner AU$.<\/li>\n<li>H\u00f6gsta jackpotten: 150 miljoner AU$.<\/li>\n<li>Sannolikhet att vinna jackpotten: 1 p\u00e5 134490400<\/li>\n<li>Sannolikhet f\u00f6r en vinst i niv\u00e5 2: 1 p\u00e5 7078443<\/li>\n<li>Sannolikhet att vinna i alla niv\u00e5er: 1 p\u00e5 24,87<\/li>\n<li>Antal vinstniv\u00e5er: 7<\/li>\n<\/ul>\n<h2>F\u00f6rdelar med att k\u00f6pa biljetter till Powerball Australia online<\/h2>\n<ul>\n<li>Du f\u00e5r de biljetter du vill ha utan att beh\u00f6va l\u00e4mna hemmet.<\/li>\n<li>K\u00f6p biljetter f\u00f6r m\u00e5nga olika typer av lotterier<\/li>\n<li>F\u00e5 en b\u00e4ttre chans att vinna en stor jackpot genom att v\u00e4lja de b\u00e4sta alternativen.<\/li>\n<li>S\u00e4tt in pengar p\u00e5 ditt konto och anv\u00e4nd dem f\u00f6r att k\u00f6pa dina biljetter.<\/li>\n<li>Oroa dig inte f\u00f6r att f\u00f6rlora dina biljetter<\/li>\n<li>Meddelanden om din lott \u00e4r en vinnare<\/li>\n<li>V\u00e4lj slumpm\u00e4ssiga lotter med nummergeneratorn<\/li>\n<\/ul>\n<h2>\u00c4r det lagligt att k\u00f6pa Powerball Australia-biljetter online i Sverige?<\/h2>\n<p>Det finns ingen anledning att oroa sig f\u00f6r att k\u00f6pa biljetter online eller p\u00e5 traditionellt s\u00e4tt n\u00e4r det g\u00e4ller reglerna fr\u00e5n ditt hemland. Vi tar hand om att f\u00f6lja reglerna i det land som lotteriet \u00e4ger rum i s\u00e5 att du kan f\u00e5 dina vinster. \u00c4ven om du vinner jackpotten har du inga problem att f\u00e5 pengarna.<br \/>\nAlla som anv\u00e4nder v\u00e5r tj\u00e4nst m\u00e5ste dock vara minst 18 \u00e5r gamla.<\/p>\n<h2>Hur f\u00e5r jag betalt om jag vinner Powerball Australia online?<\/h2>\n<p><img loading=\"lazy\" decoding=\"async\" class=\"alignright wp-image-3631\" src=\"https:\/\/onlinelotto365.com\/wp-content\/uploads\/2020\/11\/online_lottery-40-300x200.jpg\" alt=\"Powerball Australien online\" width=\"252\" height=\"168\" srcset=\"https:\/\/onlinelotto365.com\/wp-content\/uploads\/2020\/11\/online_lottery-40-300x200.jpg 300w, https:\/\/onlinelotto365.com\/wp-content\/uploads\/2020\/11\/online_lottery-40.jpg 424w\" sizes=\"auto, (max-width: 252px) 100vw, 252px\" \/><br \/>\nVi vet att du vill f\u00e5 dina vinster s\u00e5 snabbt som m\u00f6jligt och du vill definitivt inte betala pengar till n\u00e5gon annan av dessa vinster. D\u00e4rf\u00f6r tar vi aldrig n\u00e5gon provision fr\u00e5n dina vinster. Om du vinner f\u00e5r du pengarna. Den enda g\u00e5ngen vi tar ut en avgift \u00e4r om du v\u00e4ljer att f\u00e5 pengarna \u00f6verf\u00f6rda via bank\u00f6verf\u00f6ring till din bank, som skulle ta ut en avgift av oss som g\u00e5r vidare till dig.<br \/>\n<strong>Om du vinner pengar beh\u00f6ver du bara h\u00e5lla detta i minnet:<\/strong><\/p>\n<ul>\n<li>Belopp under 2 500 euro betalas automatiskt in p\u00e5 ditt spelarkonto utan att du beh\u00f6ver g\u00f6ra n\u00e5got alls.<\/li>\n<li>Belopp \u00f6ver 2 500 euro betalas ut med check eller via bank\u00f6verf\u00f6ring och kr\u00e4ver att du fyller i ett formul\u00e4r som skickas av supportteamet. P\u00e5 s\u00e5 s\u00e4tt kan du f\u00e5 pengarna klarerade genom lotterikommissionen.<\/li>\n<\/ul>\n","protected":false},"excerpt":{"rendered":"<p>Vill du veta hur du kan k\u00f6pa dina Powerball Australia-biljetter online? Vi har delat upp det i n\u00e5gra enkla steg f\u00f6r v\u00e5ra kunder fr\u00e5n Sverige och andra l\u00e4nder, s\u00e5 att du kan komma ig\u00e5ng med processen redan nu. Och du kan g\u00f6ra det mycket snabbare och enklare \u00e4n du kanske tror. G\u00e5 till Powerball Australia-sidan [&hellip;]<\/p>\n","protected":false},"author":1,"featured_media":0,"parent":5688,"menu_order":13,"comment_status":"closed","ping_status":"closed","template":"powerball-au-info.php","meta":{"_et_pb_use_builder":"","_et_pb_old_content":"","_et_gb_content_width":"","exclude_from_search":false,"footnotes":""},"class_list":["post-80523","page","type-page","status-publish","hentry"],"yoast_head":"<!-- This site is optimized with the Yoast SEO plugin v23.4 - https:\/\/yoast.com\/wordpress\/plugins\/seo\/ -->\n<title>K\u00f6p biljetter till Powerball Australia fr\u00e5n Sverige via onlinetj\u00e4nst<\/title>\n<meta name=\"description\" content=\"K\u00f6p biljetter till Powerball Australia online - vi g\u00f6r det m\u00f6jligt f\u00f6r spelare fr\u00e5n Sverige\" \/>\n<meta name=\"robots\" content=\"index, follow, max-snippet:-1, max-image-preview:large, max-video-preview:-1\" \/>\n<link rel=\"canonical\" href=\"https:\/\/onlinelotto365.com\/sv\/kopa-biljetter\/powerball-australia\/\" \/>\n<meta property=\"og:locale\" content=\"sv_SE\" \/>\n<meta property=\"og:type\" content=\"article\" \/>\n<meta property=\"og:title\" content=\"K\u00f6p biljetter till Powerball Australia fr\u00e5n Sverige via onlinetj\u00e4nst\" \/>\n<meta property=\"og:description\" content=\"K\u00f6p biljetter till Powerball Australia online - vi g\u00f6r det m\u00f6jligt f\u00f6r spelare fr\u00e5n Sverige\" \/>\n<meta property=\"og:url\" content=\"https:\/\/onlinelotto365.com\/sv\/kopa-biljetter\/powerball-australia\/\" \/>\n<meta property=\"og:site_name\" content=\"OnlineLotto365\" \/>\n<meta property=\"article:modified_time\" content=\"2022-11-30T11:04:18+00:00\" \/>\n<meta property=\"og:image\" content=\"https:\/\/redfoxlotto.com\/image?size=8&amp;lottery=powerball-au\" \/>\n<meta name=\"twitter:card\" content=\"summary_large_image\" \/>\n<meta name=\"twitter:label1\" content=\"Ber\u00e4knad l\u00e4stid\" \/>\n\t<meta name=\"twitter:data1\" content=\"4 minuter\" \/>\n<script type=\"application\/ld+json\" class=\"yoast-schema-graph\">{\"@context\":\"https:\/\/schema.org\",\"@graph\":[{\"@type\":\"WebPage\",\"@id\":\"https:\/\/onlinelotto365.com\/sv\/kopa-biljetter\/powerball-australia\/\",\"url\":\"https:\/\/onlinelotto365.com\/sv\/kopa-biljetter\/powerball-australia\/\",\"name\":\"K\u00f6p biljetter till Powerball Australia fr\u00e5n Sverige via onlinetj\u00e4nst\",\"isPartOf\":{\"@id\":\"https:\/\/onlinelotto365.com\/sv\/#website\"},\"primaryImageOfPage\":{\"@id\":\"https:\/\/onlinelotto365.com\/sv\/kopa-biljetter\/powerball-australia\/#primaryimage\"},\"image\":{\"@id\":\"https:\/\/onlinelotto365.com\/sv\/kopa-biljetter\/powerball-australia\/#primaryimage\"},\"thumbnailUrl\":\"https:\/\/redfoxlotto.com\/image?size=8&amp;lottery=powerball-au\",\"datePublished\":\"2022-11-21T07:48:03+00:00\",\"dateModified\":\"2022-11-30T11:04:18+00:00\",\"description\":\"K\u00f6p biljetter till Powerball Australia online - vi g\u00f6r det m\u00f6jligt f\u00f6r spelare fr\u00e5n Sverige\",\"breadcrumb\":{\"@id\":\"https:\/\/onlinelotto365.com\/sv\/kopa-biljetter\/powerball-australia\/#breadcrumb\"},\"inLanguage\":\"sv-SE\",\"potentialAction\":[{\"@type\":\"ReadAction\",\"target\":[\"https:\/\/onlinelotto365.com\/sv\/kopa-biljetter\/powerball-australia\/\"]}]},{\"@type\":\"ImageObject\",\"inLanguage\":\"sv-SE\",\"@id\":\"https:\/\/onlinelotto365.com\/sv\/kopa-biljetter\/powerball-australia\/#primaryimage\",\"url\":\"https:\/\/redfoxlotto.com\/image?size=8&amp;lottery=powerball-au\",\"contentUrl\":\"https:\/\/redfoxlotto.com\/image?size=8&amp;lottery=powerball-au\"},{\"@type\":\"BreadcrumbList\",\"@id\":\"https:\/\/onlinelotto365.com\/sv\/kopa-biljetter\/powerball-australia\/#breadcrumb\",\"itemListElement\":[{\"@type\":\"ListItem\",\"position\":1,\"name\":\"Home\",\"item\":\"https:\/\/onlinelotto365.com\/sv\/\"},{\"@type\":\"ListItem\",\"position\":2,\"name\":\"Varf\u00f6r det \u00e4r vettigare att k\u00f6pa lotter online\",\"item\":\"https:\/\/onlinelotto365.com\/sv\/kopa-biljetter\/\"},{\"@type\":\"ListItem\",\"position\":3,\"name\":\"Hur du k\u00f6per Powerball Australia-biljetter online\"}]},{\"@type\":\"WebSite\",\"@id\":\"https:\/\/onlinelotto365.com\/sv\/#website\",\"url\":\"https:\/\/onlinelotto365.com\/sv\/\",\"name\":\"OnlineLotto365\",\"description\":\"\",\"potentialAction\":[{\"@type\":\"SearchAction\",\"target\":{\"@type\":\"EntryPoint\",\"urlTemplate\":\"https:\/\/onlinelotto365.com\/sv\/?s={search_term_string}\"},\"query-input\":{\"@type\":\"PropertyValueSpecification\",\"valueRequired\":true,\"valueName\":\"search_term_string\"}}],\"inLanguage\":\"sv-SE\"}]}<\/script>\n<!-- \/ Yoast SEO plugin. -->","yoast_head_json":{"title":"K\u00f6p biljetter till Powerball Australia fr\u00e5n Sverige via onlinetj\u00e4nst","description":"K\u00f6p biljetter till Powerball Australia online - vi g\u00f6r det m\u00f6jligt f\u00f6r spelare fr\u00e5n Sverige","robots":{"index":"index","follow":"follow","max-snippet":"max-snippet:-1","max-image-preview":"max-image-preview:large","max-video-preview":"max-video-preview:-1"},"canonical":"https:\/\/onlinelotto365.com\/sv\/kopa-biljetter\/powerball-australia\/","og_locale":"sv_SE","og_type":"article","og_title":"K\u00f6p biljetter till Powerball Australia fr\u00e5n Sverige via onlinetj\u00e4nst","og_description":"K\u00f6p biljetter till Powerball Australia online - vi g\u00f6r det m\u00f6jligt f\u00f6r spelare fr\u00e5n Sverige","og_url":"https:\/\/onlinelotto365.com\/sv\/kopa-biljetter\/powerball-australia\/","og_site_name":"OnlineLotto365","article_modified_time":"2022-11-30T11:04:18+00:00","og_image":[{"url":"https:\/\/redfoxlotto.com\/image?size=8&amp;lottery=powerball-au"}],"twitter_card":"summary_large_image","twitter_misc":{"Ber\u00e4knad l\u00e4stid":"4 minuter"},"schema":{"@context":"https:\/\/schema.org","@graph":[{"@type":"WebPage","@id":"https:\/\/onlinelotto365.com\/sv\/kopa-biljetter\/powerball-australia\/","url":"https:\/\/onlinelotto365.com\/sv\/kopa-biljetter\/powerball-australia\/","name":"K\u00f6p biljetter till Powerball Australia fr\u00e5n Sverige via onlinetj\u00e4nst","isPartOf":{"@id":"https:\/\/onlinelotto365.com\/sv\/#website"},"primaryImageOfPage":{"@id":"https:\/\/onlinelotto365.com\/sv\/kopa-biljetter\/powerball-australia\/#primaryimage"},"image":{"@id":"https:\/\/onlinelotto365.com\/sv\/kopa-biljetter\/powerball-australia\/#primaryimage"},"thumbnailUrl":"https:\/\/redfoxlotto.com\/image?size=8&amp;lottery=powerball-au","datePublished":"2022-11-21T07:48:03+00:00","dateModified":"2022-11-30T11:04:18+00:00","description":"K\u00f6p biljetter till Powerball Australia online - vi g\u00f6r det m\u00f6jligt f\u00f6r spelare fr\u00e5n Sverige","breadcrumb":{"@id":"https:\/\/onlinelotto365.com\/sv\/kopa-biljetter\/powerball-australia\/#breadcrumb"},"inLanguage":"sv-SE","potentialAction":[{"@type":"ReadAction","target":["https:\/\/onlinelotto365.com\/sv\/kopa-biljetter\/powerball-australia\/"]}]},{"@type":"ImageObject","inLanguage":"sv-SE","@id":"https:\/\/onlinelotto365.com\/sv\/kopa-biljetter\/powerball-australia\/#primaryimage","url":"https:\/\/redfoxlotto.com\/image?size=8&amp;lottery=powerball-au","contentUrl":"https:\/\/redfoxlotto.com\/image?size=8&amp;lottery=powerball-au"},{"@type":"BreadcrumbList","@id":"https:\/\/onlinelotto365.com\/sv\/kopa-biljetter\/powerball-australia\/#breadcrumb","itemListElement":[{"@type":"ListItem","position":1,"name":"Home","item":"https:\/\/onlinelotto365.com\/sv\/"},{"@type":"ListItem","position":2,"name":"Varf\u00f6r det \u00e4r vettigare att k\u00f6pa lotter online","item":"https:\/\/onlinelotto365.com\/sv\/kopa-biljetter\/"},{"@type":"ListItem","position":3,"name":"Hur du k\u00f6per Powerball Australia-biljetter online"}]},{"@type":"WebSite","@id":"https:\/\/onlinelotto365.com\/sv\/#website","url":"https:\/\/onlinelotto365.com\/sv\/","name":"OnlineLotto365","description":"","potentialAction":[{"@type":"SearchAction","target":{"@type":"EntryPoint","urlTemplate":"https:\/\/onlinelotto365.com\/sv\/?s={search_term_string}"},"query-input":{"@type":"PropertyValueSpecification","valueRequired":true,"valueName":"search_term_string"}}],"inLanguage":"sv-SE"}]}},"_links":{"self":[{"href":"https:\/\/onlinelotto365.com\/sv\/wp-json\/wp\/v2\/pages\/80523","targetHints":{"allow":["GET"]}}],"collection":[{"href":"https:\/\/onlinelotto365.com\/sv\/wp-json\/wp\/v2\/pages"}],"about":[{"href":"https:\/\/onlinelotto365.com\/sv\/wp-json\/wp\/v2\/types\/page"}],"author":[{"embeddable":true,"href":"https:\/\/onlinelotto365.com\/sv\/wp-json\/wp\/v2\/users\/1"}],"replies":[{"embeddable":true,"href":"https:\/\/onlinelotto365.com\/sv\/wp-json\/wp\/v2\/comments?post=80523"}],"version-history":[{"count":0,"href":"https:\/\/onlinelotto365.com\/sv\/wp-json\/wp\/v2\/pages\/80523\/revisions"}],"up":[{"embeddable":true,"href":"https:\/\/onlinelotto365.com\/sv\/wp-json\/wp\/v2\/pages\/5688"}],"wp:attachment":[{"href":"https:\/\/onlinelotto365.com\/sv\/wp-json\/wp\/v2\/media?parent=80523"}],"curies":[{"name":"wp","href":"https:\/\/api.w.org\/{rel}","templated":true}]}}