{"id":80553,"date":"2022-11-21T12:14:41","date_gmt":"2022-11-21T11:14:41","guid":{"rendered":"https:\/\/onlinelotto365.com\/?page_id=80553"},"modified":"2022-11-21T12:14:41","modified_gmt":"2022-11-21T11:14:41","slug":"oz-lotto","status":"publish","type":"page","link":"https:\/\/onlinelotto365.com\/sv\/kopa-biljetter\/oz-lotto\/","title":{"rendered":"Hur man k\u00f6per Oz Lotto biljetter online"},"content":{"rendered":"<p>Du har tur, f\u00f6r vi har g\u00e5tt igenom vad du beh\u00f6ver g\u00f6ra f\u00f6r att f\u00e5 dina Oz Lotto biljetter h\u00e4r och fr\u00e5n Sverige.<br \/>\nocks\u00e5. Du kan enkelt k\u00f6pa online om du bara f\u00f6ljer de h\u00e4r enkla stegen som vi har lagt ut f\u00f6r dig.<br \/>\n<a href=\"https:\/\/redfoxlotto.com\/play\/oz-lotto\/?ref=a8564250a2&amp;medium=ol365\" target=\"_blank\" rel=\"noopener noreferrer\"><img decoding=\"async\" class=\"aligncenter\" src=\"https:\/\/redfoxlotto.com\/image?size=8&amp;lottery=oz-lotto\" alt=\"Oz Lotto\" \/><\/a><\/p>\n<ul>\n<li>G\u00e5 till sidan f\u00f6r det lotteri som du vill spela och v\u00e4lj ut de nummer du vill ha. Eller l\u00e5t datorn v\u00e4lja ut n\u00e5gra nummer \u00e5t dig.<\/li>\n<li>L\u00e4gg till biljetter f\u00f6r \u00e4nnu fler lotterier och f\u00f6r det h\u00e4r spelet ocks\u00e5.<\/li>\n<li>Betala direkt nu f\u00f6r dina biljetter<\/li>\n<li>Registrera ett helt nytt konto eller logga in p\u00e5 ditt nuvarande konto f\u00f6r att g\u00e5 igenom betalningsprocessen.<\/li>\n<li>F\u00f6r konton som m\u00e5ste registreras se till att du kontrollerar ditt e-postmeddelande f\u00f6r att hitta verifieringsl\u00e4nken f\u00f6r att komma ig\u00e5ng.<\/li>\n<li>Titta i din skr\u00e4ppostmapp om du inte fick e-postmeddelandet i din vanliga inkorg och klicka p\u00e5 l\u00e4nken f\u00f6r att verifiera.<\/li>\n<li>G\u00e5 till din varukorg f\u00f6r att k\u00f6pa dina biljetter<\/li>\n<li>G\u00e5 igenom betalningsprocessen f\u00f6r att f\u00e5 dina biljetter.<\/li>\n<\/ul>\n<h2>S\u00e5 h\u00e4r betalar du f\u00f6r din Oz Lotto biljett online<\/h2>\n<p>Du kan v\u00e4lja mellan flera olika helt s\u00e4kra alternativ n\u00e4r det g\u00e4ller att betala f\u00f6r dina Oz Lotto biljetter.<br \/>\nVar och en av dessa passar in i tv\u00e5 olika kategorier:<\/p>\n<p>Betala f\u00f6r best\u00e4llningen med valfri betalningsmetod<br \/>\ns\u00e4tta in pengar p\u00e5 ditt nuvarande spelarkonto och anv\u00e4nda dessa pengar f\u00f6r att g\u00f6ra ett k\u00f6p.<\/p>\n<p>Se till att du s\u00e4tter in mer pengar \u00e4n du beh\u00f6ver f\u00f6r att g\u00f6ra k\u00f6pet om du ska anv\u00e4nda ditt spelarkonto.<\/p>\n<h2>Mer information om Oz Lotto<\/h2>\n<ul>\n<li>Land: Australien<\/li>\n<li>De viktigaste numren: 45<\/li>\n<li>Du v\u00e4ljer: 7<\/li>\n<li>Dra dagar, timmar: Tider: tisdag, 21:30 GMT+11, 10:30 CET<\/li>\n<li>Minsta jackpot: Minsta jackpot: 2 miljoner AU$.<\/li>\n<li>H\u00f6gsta jackpot: ingen<\/li>\n<li>Sannolikhet att vinna jackpotten: 1 p\u00e5 45379620<\/li>\n<li>Sannolikhet f\u00f6r en vinst i niv\u00e5 2: 1 p\u00e5 3241401<\/li>\n<li>Sannolikhet att vinna i alla niv\u00e5er: 1 p\u00e5 54,59<\/li>\n<li>Antal vinstniv\u00e5er: 7<\/li>\n<\/ul>\n<h2>F\u00f6rdelar med att k\u00f6pa Oz Lotto biljetter online<\/h2>\n<ul>\n<li>Du beh\u00f6ver inte l\u00e4mna hemmet f\u00f6r att v\u00e4lja dina lotter.<\/li>\n<li>Du kan v\u00e4lja mellan m\u00e5nga olika alternativ.<\/li>\n<li>Titta p\u00e5 jackpottbeloppen f\u00f6r att avg\u00f6ra vilket lotteri du vill k\u00f6pa.<\/li>\n<li>Du kan l\u00e4gga till pengar direkt p\u00e5 ditt spelarkonto och anv\u00e4nda dem f\u00f6r att k\u00f6pa dina lotter.<\/li>\n<li>Du beh\u00f6ver aldrig oroa dig f\u00f6r att f\u00f6rlora dina lotter.<\/li>\n<li>F\u00e5 meddelanden om du vinner n\u00e5got<\/li>\n<li>Anv\u00e4nd ett snabbvalsalternativ f\u00f6r att f\u00e5 biljetter utan att v\u00e4lja dina egna nummer.<\/li>\n<\/ul>\n<h2>\u00c4r det lagligt att k\u00f6pa Oz Lotto biljetter online?<\/h2>\n<p>Du kanske \u00e4r os\u00e4ker p\u00e5 om ditt hemland till\u00e5ter att man k\u00f6per lotter p\u00e5 n\u00e4tet eller till och med p\u00e5 traditionellt s\u00e4tt. Du beh\u00f6ver inte oroa dig, oavsett om du i Sverige<br \/>\neller n\u00e5gon annanstans, eftersom vi tar hand om saker och ting n\u00e4r det g\u00e4ller best\u00e4mmelser f\u00f6r det land d\u00e4r spelet spelas. Du beh\u00f6ver inte oroa dig f\u00f6r om det \u00e4r lagligt att anv\u00e4nda den tj\u00e4nst som vi tillhandah\u00e5ller s\u00e5 l\u00e4nge du \u00e4r minst 18 \u00e5r gammal. Vi ser till att du f\u00e5r betalt oavsett vad som h\u00e4nder.<\/p>\n<h2>Hur f\u00e5r jag betalt om jag vinner Oz Lotto online?<\/h2>\n<p><img loading=\"lazy\" decoding=\"async\" class=\"alignright wp-image-3659\" src=\"https:\/\/onlinelotto365.com\/wp-content\/uploads\/2020\/11\/online_lottery-4-300x300.jpg\" alt=\"Oz lotto fr\u00e5n Storbritannien\" width=\"246\" height=\"246\" srcset=\"https:\/\/onlinelotto365.com\/wp-content\/uploads\/2020\/11\/online_lottery-4-300x300.jpg 300w, https:\/\/onlinelotto365.com\/wp-content\/uploads\/2020\/11\/online_lottery-4-100x100.jpg 100w, https:\/\/onlinelotto365.com\/wp-content\/uploads\/2020\/11\/online_lottery-4-150x150.jpg 150w, https:\/\/onlinelotto365.com\/wp-content\/uploads\/2020\/11\/online_lottery-4.jpg 320w\" sizes=\"auto, (max-width: 246px) 100vw, 246px\" \/><br \/>\nBetalningar \u00e4r en viktig del av processen n\u00e4r det g\u00e4ller ditt lottospelande. Vi vill se till att du f\u00e5r alla dina pengar och d\u00e4rf\u00f6r ser vi till att du inte f\u00e5r n\u00e5gon provision n\u00e4r du vinner n\u00e5got.<\/p>\n<p>Du kommer inte heller att debiteras n\u00e5gra avgifter om du inte v\u00e4ljer att l\u00e5ta g\u00f6ra en bank\u00f6verf\u00f6ring f\u00f6r att f\u00e5 in dina pengar p\u00e5 ditt konto. I det fallet kommer du eventuellt att debiteras en avgift p\u00e5 det belopp som banken tar ut f\u00f6r \u00f6verf\u00f6ringen.<\/p>\n<p><strong>I \u00f6vrigt b\u00f6r du ha detta i \u00e5tanke:<\/strong><\/p>\n<ul>\n<li>Om du vinner mindre \u00e4n 2 500 euro s\u00e4tts pengarna automatiskt in p\u00e5 ditt konto. Du beh\u00f6ver inte oroa dig f\u00f6r n\u00e5gonting alls.<\/li>\n<li>Om du vinner mer \u00e4n 2 500 euro m\u00e5ste pengarna g\u00e5 genom de r\u00e4tta kanalerna. Det inneb\u00e4r att du f\u00e5r ett mejl fr\u00e5n oss om att fylla i ett ans\u00f6kningsformul\u00e4r hos lotterikommissionen. D\u00e4refter kommer pengarna att \u00f6verf\u00f6ras till ditt bankkonto eller skickas med check direkt till dig.<\/li>\n<\/ul>\n","protected":false},"excerpt":{"rendered":"<p>Du har tur, f\u00f6r vi har g\u00e5tt igenom vad du beh\u00f6ver g\u00f6ra f\u00f6r att f\u00e5 dina Oz Lotto biljetter h\u00e4r och fr\u00e5n Sverige. ocks\u00e5. Du kan enkelt k\u00f6pa online om du bara f\u00f6ljer de h\u00e4r enkla stegen som vi har lagt ut f\u00f6r dig. G\u00e5 till sidan f\u00f6r det lotteri som du vill spela och [&hellip;]<\/p>\n","protected":false},"author":1,"featured_media":0,"parent":5688,"menu_order":14,"comment_status":"closed","ping_status":"closed","template":"template-rightsidebar.php","meta":{"_et_pb_use_builder":"","_et_pb_old_content":"","_et_gb_content_width":"","exclude_from_search":false,"footnotes":""},"class_list":["post-80553","page","type-page","status-publish","hentry"],"yoast_head":"<!-- This site is optimized with the Yoast SEO plugin v23.4 - https:\/\/yoast.com\/wordpress\/plugins\/seo\/ -->\n<title>Att k\u00f6pa biljetter till Oz Lotto online fr\u00e5n Sverige<\/title>\n<meta name=\"description\" content=\"K\u00f6p dina biljetter till det australiska Oz Lotto fr\u00e5n Sverige\" \/>\n<meta name=\"robots\" content=\"index, follow, max-snippet:-1, max-image-preview:large, max-video-preview:-1\" \/>\n<link rel=\"canonical\" href=\"https:\/\/onlinelotto365.com\/sv\/kopa-biljetter\/oz-lotto\/\" \/>\n<meta property=\"og:locale\" content=\"sv_SE\" \/>\n<meta property=\"og:type\" content=\"article\" \/>\n<meta property=\"og:title\" content=\"Att k\u00f6pa biljetter till Oz Lotto online fr\u00e5n Sverige\" \/>\n<meta property=\"og:description\" content=\"K\u00f6p dina biljetter till det australiska Oz Lotto fr\u00e5n Sverige\" \/>\n<meta property=\"og:url\" content=\"https:\/\/onlinelotto365.com\/sv\/kopa-biljetter\/oz-lotto\/\" \/>\n<meta property=\"og:site_name\" content=\"OnlineLotto365\" \/>\n<meta property=\"og:image\" content=\"https:\/\/redfoxlotto.com\/image?size=8&amp;lottery=oz-lotto\" \/>\n<meta name=\"twitter:card\" content=\"summary_large_image\" \/>\n<meta name=\"twitter:label1\" content=\"Ber\u00e4knad l\u00e4stid\" \/>\n\t<meta name=\"twitter:data1\" content=\"4 minuter\" \/>\n<script type=\"application\/ld+json\" class=\"yoast-schema-graph\">{\"@context\":\"https:\/\/schema.org\",\"@graph\":[{\"@type\":\"WebPage\",\"@id\":\"https:\/\/onlinelotto365.com\/sv\/kopa-biljetter\/oz-lotto\/\",\"url\":\"https:\/\/onlinelotto365.com\/sv\/kopa-biljetter\/oz-lotto\/\",\"name\":\"Att k\u00f6pa biljetter till Oz Lotto online fr\u00e5n Sverige\",\"isPartOf\":{\"@id\":\"https:\/\/onlinelotto365.com\/sv\/#website\"},\"primaryImageOfPage\":{\"@id\":\"https:\/\/onlinelotto365.com\/sv\/kopa-biljetter\/oz-lotto\/#primaryimage\"},\"image\":{\"@id\":\"https:\/\/onlinelotto365.com\/sv\/kopa-biljetter\/oz-lotto\/#primaryimage\"},\"thumbnailUrl\":\"https:\/\/redfoxlotto.com\/image?size=8&amp;lottery=oz-lotto\",\"datePublished\":\"2022-11-21T11:14:41+00:00\",\"dateModified\":\"2022-11-21T11:14:41+00:00\",\"description\":\"K\u00f6p dina biljetter till det australiska Oz Lotto fr\u00e5n Sverige\",\"breadcrumb\":{\"@id\":\"https:\/\/onlinelotto365.com\/sv\/kopa-biljetter\/oz-lotto\/#breadcrumb\"},\"inLanguage\":\"sv-SE\",\"potentialAction\":[{\"@type\":\"ReadAction\",\"target\":[\"https:\/\/onlinelotto365.com\/sv\/kopa-biljetter\/oz-lotto\/\"]}]},{\"@type\":\"ImageObject\",\"inLanguage\":\"sv-SE\",\"@id\":\"https:\/\/onlinelotto365.com\/sv\/kopa-biljetter\/oz-lotto\/#primaryimage\",\"url\":\"https:\/\/redfoxlotto.com\/image?size=8&amp;lottery=oz-lotto\",\"contentUrl\":\"https:\/\/redfoxlotto.com\/image?size=8&amp;lottery=oz-lotto\"},{\"@type\":\"BreadcrumbList\",\"@id\":\"https:\/\/onlinelotto365.com\/sv\/kopa-biljetter\/oz-lotto\/#breadcrumb\",\"itemListElement\":[{\"@type\":\"ListItem\",\"position\":1,\"name\":\"Home\",\"item\":\"https:\/\/onlinelotto365.com\/sv\/\"},{\"@type\":\"ListItem\",\"position\":2,\"name\":\"Varf\u00f6r det \u00e4r vettigare att k\u00f6pa lotter online\",\"item\":\"https:\/\/onlinelotto365.com\/sv\/kopa-biljetter\/\"},{\"@type\":\"ListItem\",\"position\":3,\"name\":\"Hur man k\u00f6per Oz Lotto biljetter online\"}]},{\"@type\":\"WebSite\",\"@id\":\"https:\/\/onlinelotto365.com\/sv\/#website\",\"url\":\"https:\/\/onlinelotto365.com\/sv\/\",\"name\":\"OnlineLotto365\",\"description\":\"\",\"potentialAction\":[{\"@type\":\"SearchAction\",\"target\":{\"@type\":\"EntryPoint\",\"urlTemplate\":\"https:\/\/onlinelotto365.com\/sv\/?s={search_term_string}\"},\"query-input\":{\"@type\":\"PropertyValueSpecification\",\"valueRequired\":true,\"valueName\":\"search_term_string\"}}],\"inLanguage\":\"sv-SE\"}]}<\/script>\n<!-- \/ Yoast SEO plugin. -->","yoast_head_json":{"title":"Att k\u00f6pa biljetter till Oz Lotto online fr\u00e5n Sverige","description":"K\u00f6p dina biljetter till det australiska Oz Lotto fr\u00e5n Sverige","robots":{"index":"index","follow":"follow","max-snippet":"max-snippet:-1","max-image-preview":"max-image-preview:large","max-video-preview":"max-video-preview:-1"},"canonical":"https:\/\/onlinelotto365.com\/sv\/kopa-biljetter\/oz-lotto\/","og_locale":"sv_SE","og_type":"article","og_title":"Att k\u00f6pa biljetter till Oz Lotto online fr\u00e5n Sverige","og_description":"K\u00f6p dina biljetter till det australiska Oz Lotto fr\u00e5n Sverige","og_url":"https:\/\/onlinelotto365.com\/sv\/kopa-biljetter\/oz-lotto\/","og_site_name":"OnlineLotto365","og_image":[{"url":"https:\/\/redfoxlotto.com\/image?size=8&amp;lottery=oz-lotto"}],"twitter_card":"summary_large_image","twitter_misc":{"Ber\u00e4knad l\u00e4stid":"4 minuter"},"schema":{"@context":"https:\/\/schema.org","@graph":[{"@type":"WebPage","@id":"https:\/\/onlinelotto365.com\/sv\/kopa-biljetter\/oz-lotto\/","url":"https:\/\/onlinelotto365.com\/sv\/kopa-biljetter\/oz-lotto\/","name":"Att k\u00f6pa biljetter till Oz Lotto online fr\u00e5n Sverige","isPartOf":{"@id":"https:\/\/onlinelotto365.com\/sv\/#website"},"primaryImageOfPage":{"@id":"https:\/\/onlinelotto365.com\/sv\/kopa-biljetter\/oz-lotto\/#primaryimage"},"image":{"@id":"https:\/\/onlinelotto365.com\/sv\/kopa-biljetter\/oz-lotto\/#primaryimage"},"thumbnailUrl":"https:\/\/redfoxlotto.com\/image?size=8&amp;lottery=oz-lotto","datePublished":"2022-11-21T11:14:41+00:00","dateModified":"2022-11-21T11:14:41+00:00","description":"K\u00f6p dina biljetter till det australiska Oz Lotto fr\u00e5n Sverige","breadcrumb":{"@id":"https:\/\/onlinelotto365.com\/sv\/kopa-biljetter\/oz-lotto\/#breadcrumb"},"inLanguage":"sv-SE","potentialAction":[{"@type":"ReadAction","target":["https:\/\/onlinelotto365.com\/sv\/kopa-biljetter\/oz-lotto\/"]}]},{"@type":"ImageObject","inLanguage":"sv-SE","@id":"https:\/\/onlinelotto365.com\/sv\/kopa-biljetter\/oz-lotto\/#primaryimage","url":"https:\/\/redfoxlotto.com\/image?size=8&amp;lottery=oz-lotto","contentUrl":"https:\/\/redfoxlotto.com\/image?size=8&amp;lottery=oz-lotto"},{"@type":"BreadcrumbList","@id":"https:\/\/onlinelotto365.com\/sv\/kopa-biljetter\/oz-lotto\/#breadcrumb","itemListElement":[{"@type":"ListItem","position":1,"name":"Home","item":"https:\/\/onlinelotto365.com\/sv\/"},{"@type":"ListItem","position":2,"name":"Varf\u00f6r det \u00e4r vettigare att k\u00f6pa lotter online","item":"https:\/\/onlinelotto365.com\/sv\/kopa-biljetter\/"},{"@type":"ListItem","position":3,"name":"Hur man k\u00f6per Oz Lotto biljetter online"}]},{"@type":"WebSite","@id":"https:\/\/onlinelotto365.com\/sv\/#website","url":"https:\/\/onlinelotto365.com\/sv\/","name":"OnlineLotto365","description":"","potentialAction":[{"@type":"SearchAction","target":{"@type":"EntryPoint","urlTemplate":"https:\/\/onlinelotto365.com\/sv\/?s={search_term_string}"},"query-input":{"@type":"PropertyValueSpecification","valueRequired":true,"valueName":"search_term_string"}}],"inLanguage":"sv-SE"}]}},"_links":{"self":[{"href":"https:\/\/onlinelotto365.com\/sv\/wp-json\/wp\/v2\/pages\/80553","targetHints":{"allow":["GET"]}}],"collection":[{"href":"https:\/\/onlinelotto365.com\/sv\/wp-json\/wp\/v2\/pages"}],"about":[{"href":"https:\/\/onlinelotto365.com\/sv\/wp-json\/wp\/v2\/types\/page"}],"author":[{"embeddable":true,"href":"https:\/\/onlinelotto365.com\/sv\/wp-json\/wp\/v2\/users\/1"}],"replies":[{"embeddable":true,"href":"https:\/\/onlinelotto365.com\/sv\/wp-json\/wp\/v2\/comments?post=80553"}],"version-history":[{"count":0,"href":"https:\/\/onlinelotto365.com\/sv\/wp-json\/wp\/v2\/pages\/80553\/revisions"}],"up":[{"embeddable":true,"href":"https:\/\/onlinelotto365.com\/sv\/wp-json\/wp\/v2\/pages\/5688"}],"wp:attachment":[{"href":"https:\/\/onlinelotto365.com\/sv\/wp-json\/wp\/v2\/media?parent=80553"}],"curies":[{"name":"wp","href":"https:\/\/api.w.org\/{rel}","templated":true}]}}