{"id":80616,"date":"2022-11-22T08:42:33","date_gmt":"2022-11-22T07:42:33","guid":{"rendered":"https:\/\/onlinelotto365.com\/?page_id=80616"},"modified":"2022-11-22T09:27:06","modified_gmt":"2022-11-22T08:27:06","slug":"saturday-lotto-australia","status":"publish","type":"page","link":"https:\/\/onlinelotto365.com\/sv\/kopa-biljetter\/saturday-lotto-australia\/","title":{"rendered":"Hur man k\u00f6per l\u00f6rdagslotteriet i Australien biljetter p\u00e5 n\u00e4tet"},"content":{"rendered":"<p>Om du inte \u00e4r helt s\u00e4ker p\u00e5 hur du k\u00f6per l\u00f6rdagslotterier fr\u00e5n Lotto Australia p\u00e5 n\u00e4tet b\u00f6r du kolla in den h\u00e4r steg-f\u00f6r-steg-guiden som \u00e4r utformad f\u00f6r att hj\u00e4lpa dig att komma dit snabbt. Du beh\u00f6ver inte oroa dig f\u00f6r n\u00e5gonting eftersom vi hj\u00e4lper dig p\u00e5 traven.<br \/>\n<a href=\"https:\/\/redfoxlotto.com\/play\/saturday-lotto-au\/?ref=a8564250a2&amp;medium=ol365\" target=\"_blank\" rel=\"noopener noreferrer\"><img decoding=\"async\" class=\"aligncenter\" src=\"https:\/\/redfoxlotto.com\/image?size=8&amp;lottery=saturday-lotto-au\" alt=\"L\u00f6rdag Lotto Australien\" \/><\/a><\/p>\n<ul>\n<li>G\u00e5 till sidan f\u00f6r Saturday Lotto Australia och v\u00e4lj ut de nummer som du vill spela p\u00e5 var och en av dina biljetter.<\/li>\n<li>L\u00e4gg till fler biljetter f\u00f6r samma spel eller f\u00f6r olika spel.<\/li>\n<li>G\u00e5 till alternativet betala nu<\/li>\n<li>Logga in p\u00e5 ditt nuvarande konto eller v\u00e4lj alternativet f\u00f6r att registrera ett nytt konto och f\u00f6lj anvisningarna.<\/li>\n<li>F\u00f6r nya konton se till att kontrollera din e-postinkorg f\u00f6r att f\u00e5 ett bekr\u00e4ftelsemail med en verifieringsl\u00e4nk.<\/li>\n<li>Kontrollera din skr\u00e4ppostmapp om du inte ser bekr\u00e4ftelsemeddelandet och klicka p\u00e5 l\u00e4nken.<\/li>\n<li>G\u00e5 till din varukorg<\/li>\n<li>V\u00e4lj det betalningsalternativ som du vill anv\u00e4nda och g\u00e5 igenom betalningsprocessen.<\/li>\n<\/ul>\n<h2>S\u00e5 h\u00e4r betalar du din biljett f\u00f6r Saturday Lotto Australia online<\/h2>\n<p>Du kan anv\u00e4nda ett av m\u00e5nga olika s\u00e4kra betalningsalternativ n\u00e4r du \u00e4r redo att k\u00f6pa dina n\u00e4sta lotter hos oss fr\u00e5n Sverige.<br \/>\nV\u00e4lj mellan dessa olika alternativ:<\/p>\n<p>Betala f\u00f6r best\u00e4llningen direkt via ditt favoritbetalningsalternativ.<br \/>\nS\u00e4tt in pengar p\u00e5 ditt konto och anv\u00e4nd dem f\u00f6r att k\u00f6pa biljetter.<\/p>\n<p>Se till att l\u00e4gga till mer \u00e4n tillr\u00e4ckligt med pengar f\u00f6r k\u00f6pet om du v\u00e4ljer att s\u00e4tta in pengar p\u00e5 ditt konto.<\/p>\n<h2>Mer information om Saturday Lotto Australia<\/h2>\n<ul>\n<li>Land: Australien<\/li>\n<li>Huvudnummer: 45<\/li>\n<li>Du v\u00e4ljer: 6<\/li>\n<li>Dragningsdagar, timmar: L\u00f6rdag, 21:30 GMT+11, 10:30 CET<\/li>\n<li>Minsta jackpot: Minsta jackpot: 5 miljoner AU$.<\/li>\n<li>H\u00f6gsta jackpot: 150 miljoner AU$.<\/li>\n<li>Sannolikhet att vinna jackpotten: 1 p\u00e5 8145060<\/li>\n<li>Sannolikhet f\u00f6r en vinst i niv\u00e5 2: 1 p\u00e5 678755<\/li>\n<li>Sannolikhet att vinna i alla niv\u00e5er: 1 p\u00e5 85,44<\/li>\n<li>Antal vinstniv\u00e5er: 6<\/li>\n<\/ul>\n<h2>F\u00f6rdelar med att k\u00f6pa biljetter till Saturday Lotto Australia online<\/h2>\n<ul>\n<li>Du f\u00e5r de biljetter du vill ha utan att beh\u00f6va g\u00e5 ut genom d\u00f6rren.<\/li>\n<li>V\u00e4lj mellan m\u00e5nga olika lotterispel.<\/li>\n<li>Du f\u00e5r st\u00f6rre chans att vinna genom att satsa p\u00e5 de st\u00f6rsta jackpottarna.<\/li>\n<li>S\u00e4tt in dina pengar p\u00e5 ett konto och betala sedan f\u00f6r dina biljetter.<\/li>\n<li>Det \u00e4r l\u00e4tt att h\u00e5lla reda p\u00e5 dina lotter.<\/li>\n<li>F\u00e5 meddelanden om vinster varje g\u00e5ng<\/li>\n<li>Anv\u00e4nd ett snabbval f\u00f6r att f\u00e5 biljetter utan att v\u00e4lja nummer.<\/li>\n<\/ul>\n<h2>\u00c4r det lagligt att k\u00f6pa lotter f\u00f6r Saturday Lotto Australia p\u00e5 n\u00e4tet?<\/h2>\n<p>Du kanske \u00e4r nerv\u00f6s f\u00f6r om det \u00e4r lagligt att k\u00f6pa lotter p\u00e5 detta s\u00e4tt n\u00e4r du \u00e4r bosatt i Sverige, om det faktiskt \u00e4r lagligt i ditt hemland. N\u00e5v\u00e4l, du beh\u00f6ver inte oroa dig eftersom vi tar hand om att allt \u00e4r lagligt enligt det land som biljetterna k\u00f6ps fr\u00e5n, inklusive det land som lotteriet \u00e4r baserat i. Du beh\u00f6ver inte oroa dig f\u00f6r n\u00e5got annat \u00e4n att se till att du \u00e4r lagligt gammal nog att k\u00f6pa biljetterna. Du m\u00e5ste vara 18 \u00e5r f\u00f6r att kunna anv\u00e4nda v\u00e5r webbplats.<\/p>\n<h2>Hur f\u00e5r jag betalt om jag vinner Saturday Lotto Australia online?<\/h2>\n<p><img loading=\"lazy\" decoding=\"async\" class=\"alignright wp-image-3694\" src=\"https:\/\/onlinelotto365.com\/wp-content\/uploads\/2020\/11\/online_lottery-11-300x300.jpeg\" alt=\"k\u00f6pa biljetter l\u00f6rdagslotto online\" width=\"187\" height=\"187\" srcset=\"https:\/\/onlinelotto365.com\/wp-content\/uploads\/2020\/11\/online_lottery-11-300x300.jpeg 300w, https:\/\/onlinelotto365.com\/wp-content\/uploads\/2020\/11\/online_lottery-11-100x100.jpeg 100w, https:\/\/onlinelotto365.com\/wp-content\/uploads\/2020\/11\/online_lottery-11-150x150.jpeg 150w, https:\/\/onlinelotto365.com\/wp-content\/uploads\/2020\/11\/online_lottery-11.jpeg 480w\" sizes=\"auto, (max-width: 187px) 100vw, 187px\" \/><br \/>\nVi vet att du inte vill att n\u00e5gon ska ta del av dina vinster och det \u00e4r d\u00e4rf\u00f6r vi ser till att det inte sker. Du kommer aldrig att betala oss en provision n\u00e4r du vinner dina favoritlotterispel. Och du beh\u00f6ver inte heller oroa dig f\u00f6r att betala oss en provision p\u00e5 vinsterna.<\/p>\n<p>Den enda g\u00e5ngen du n\u00e5gonsin betalar en avgift \u00e4r om du v\u00e4ljer att f\u00e5 dina lotterivinster insatta genom en bank\u00f6verf\u00f6ring, till exempel till en bank i Sverige. Dessa bank\u00f6verf\u00f6ringar kan ibland kosta oss avgifter eftersom bankerna tar ut avgifter f\u00f6r internationella \u00f6verf\u00f6ringar. Den avgiften kan komma att f\u00f6ras vidare till dig och dras fr\u00e5n din vinst.<br \/>\nN\u00e4r det g\u00e4ller att f\u00e5 betalt beh\u00f6ver du bara komma ih\u00e5g:<\/p>\n<ul>\n<li>Betalningar under 2 500 euro s\u00e4tts in p\u00e5 ditt konto. Du beh\u00f6ver inte g\u00f6ra n\u00e5gonting eftersom vi g\u00f6r allt \u00e5t dig.<\/li>\n<li>Betalningar \u00f6ver 2 500 euro betalas ut via bank\u00f6verf\u00f6ring eller check. Du kommer att bli kontaktad av v\u00e5rt supportteam f\u00f6r att fylla i ett formul\u00e4r som l\u00e5ter oss veta hur vi ska f\u00e5 pengarna till dig. Sedan beh\u00f6ver du bara v\u00e4nta n\u00e5gra dagar p\u00e5 att de ska vara d\u00e4r.<\/li>\n<\/ul>\n","protected":false},"excerpt":{"rendered":"<p>Om du inte \u00e4r helt s\u00e4ker p\u00e5 hur du k\u00f6per l\u00f6rdagslotterier fr\u00e5n Lotto Australia p\u00e5 n\u00e4tet b\u00f6r du kolla in den h\u00e4r steg-f\u00f6r-steg-guiden som \u00e4r utformad f\u00f6r att hj\u00e4lpa dig att komma dit snabbt. Du beh\u00f6ver inte oroa dig f\u00f6r n\u00e5gonting eftersom vi hj\u00e4lper dig p\u00e5 traven. G\u00e5 till sidan f\u00f6r Saturday Lotto Australia och [&hellip;]<\/p>\n","protected":false},"author":1,"featured_media":0,"parent":5688,"menu_order":15,"comment_status":"closed","ping_status":"closed","template":"saturday-lotto-info.php","meta":{"_et_pb_use_builder":"","_et_pb_old_content":"","_et_gb_content_width":"","exclude_from_search":false,"footnotes":""},"class_list":["post-80616","page","type-page","status-publish","hentry"],"yoast_head":"<!-- This site is optimized with the Yoast SEO plugin v23.4 - https:\/\/yoast.com\/wordpress\/plugins\/seo\/ -->\n<title>Hur man f\u00e5r biljetter till Saturday Lotto Australia om man \u00e4r bosatt i Sverige<\/title>\n<meta name=\"description\" content=\"Personer som \u00e4r bosatta i Sverige kan nu k\u00f6pa biljetter till l\u00f6rdagslotto Australien\" \/>\n<meta name=\"robots\" content=\"index, follow, max-snippet:-1, max-image-preview:large, max-video-preview:-1\" \/>\n<link rel=\"canonical\" href=\"https:\/\/onlinelotto365.com\/sv\/kopa-biljetter\/saturday-lotto-australia\/\" \/>\n<meta property=\"og:locale\" content=\"sv_SE\" \/>\n<meta property=\"og:type\" content=\"article\" \/>\n<meta property=\"og:title\" content=\"Hur man f\u00e5r biljetter till Saturday Lotto Australia om man \u00e4r bosatt i Sverige\" \/>\n<meta property=\"og:description\" content=\"Personer som \u00e4r bosatta i Sverige kan nu k\u00f6pa biljetter till l\u00f6rdagslotto Australien\" \/>\n<meta property=\"og:url\" content=\"https:\/\/onlinelotto365.com\/sv\/kopa-biljetter\/saturday-lotto-australia\/\" \/>\n<meta property=\"og:site_name\" content=\"OnlineLotto365\" \/>\n<meta property=\"article:modified_time\" content=\"2022-11-22T08:27:06+00:00\" \/>\n<meta property=\"og:image\" content=\"https:\/\/redfoxlotto.com\/image?size=8&amp;lottery=saturday-lotto-au\" \/>\n<meta name=\"twitter:card\" content=\"summary_large_image\" \/>\n<meta name=\"twitter:label1\" content=\"Ber\u00e4knad l\u00e4stid\" \/>\n\t<meta name=\"twitter:data1\" content=\"4 minuter\" \/>\n<script type=\"application\/ld+json\" class=\"yoast-schema-graph\">{\"@context\":\"https:\/\/schema.org\",\"@graph\":[{\"@type\":\"WebPage\",\"@id\":\"https:\/\/onlinelotto365.com\/sv\/kopa-biljetter\/saturday-lotto-australia\/\",\"url\":\"https:\/\/onlinelotto365.com\/sv\/kopa-biljetter\/saturday-lotto-australia\/\",\"name\":\"Hur man f\u00e5r biljetter till Saturday Lotto Australia om man \u00e4r bosatt i Sverige\",\"isPartOf\":{\"@id\":\"https:\/\/onlinelotto365.com\/sv\/#website\"},\"primaryImageOfPage\":{\"@id\":\"https:\/\/onlinelotto365.com\/sv\/kopa-biljetter\/saturday-lotto-australia\/#primaryimage\"},\"image\":{\"@id\":\"https:\/\/onlinelotto365.com\/sv\/kopa-biljetter\/saturday-lotto-australia\/#primaryimage\"},\"thumbnailUrl\":\"https:\/\/redfoxlotto.com\/image?size=8&amp;lottery=saturday-lotto-au\",\"datePublished\":\"2022-11-22T07:42:33+00:00\",\"dateModified\":\"2022-11-22T08:27:06+00:00\",\"description\":\"Personer som \u00e4r bosatta i Sverige kan nu k\u00f6pa biljetter till l\u00f6rdagslotto Australien\",\"breadcrumb\":{\"@id\":\"https:\/\/onlinelotto365.com\/sv\/kopa-biljetter\/saturday-lotto-australia\/#breadcrumb\"},\"inLanguage\":\"sv-SE\",\"potentialAction\":[{\"@type\":\"ReadAction\",\"target\":[\"https:\/\/onlinelotto365.com\/sv\/kopa-biljetter\/saturday-lotto-australia\/\"]}]},{\"@type\":\"ImageObject\",\"inLanguage\":\"sv-SE\",\"@id\":\"https:\/\/onlinelotto365.com\/sv\/kopa-biljetter\/saturday-lotto-australia\/#primaryimage\",\"url\":\"https:\/\/redfoxlotto.com\/image?size=8&amp;lottery=saturday-lotto-au\",\"contentUrl\":\"https:\/\/redfoxlotto.com\/image?size=8&amp;lottery=saturday-lotto-au\"},{\"@type\":\"BreadcrumbList\",\"@id\":\"https:\/\/onlinelotto365.com\/sv\/kopa-biljetter\/saturday-lotto-australia\/#breadcrumb\",\"itemListElement\":[{\"@type\":\"ListItem\",\"position\":1,\"name\":\"Home\",\"item\":\"https:\/\/onlinelotto365.com\/sv\/\"},{\"@type\":\"ListItem\",\"position\":2,\"name\":\"Varf\u00f6r det \u00e4r vettigare att k\u00f6pa lotter online\",\"item\":\"https:\/\/onlinelotto365.com\/sv\/kopa-biljetter\/\"},{\"@type\":\"ListItem\",\"position\":3,\"name\":\"Hur man k\u00f6per l\u00f6rdagslotteriet i Australien biljetter p\u00e5 n\u00e4tet\"}]},{\"@type\":\"WebSite\",\"@id\":\"https:\/\/onlinelotto365.com\/sv\/#website\",\"url\":\"https:\/\/onlinelotto365.com\/sv\/\",\"name\":\"OnlineLotto365\",\"description\":\"\",\"potentialAction\":[{\"@type\":\"SearchAction\",\"target\":{\"@type\":\"EntryPoint\",\"urlTemplate\":\"https:\/\/onlinelotto365.com\/sv\/?s={search_term_string}\"},\"query-input\":{\"@type\":\"PropertyValueSpecification\",\"valueRequired\":true,\"valueName\":\"search_term_string\"}}],\"inLanguage\":\"sv-SE\"}]}<\/script>\n<!-- \/ Yoast SEO plugin. -->","yoast_head_json":{"title":"Hur man f\u00e5r biljetter till Saturday Lotto Australia om man \u00e4r bosatt i Sverige","description":"Personer som \u00e4r bosatta i Sverige kan nu k\u00f6pa biljetter till l\u00f6rdagslotto Australien","robots":{"index":"index","follow":"follow","max-snippet":"max-snippet:-1","max-image-preview":"max-image-preview:large","max-video-preview":"max-video-preview:-1"},"canonical":"https:\/\/onlinelotto365.com\/sv\/kopa-biljetter\/saturday-lotto-australia\/","og_locale":"sv_SE","og_type":"article","og_title":"Hur man f\u00e5r biljetter till Saturday Lotto Australia om man \u00e4r bosatt i Sverige","og_description":"Personer som \u00e4r bosatta i Sverige kan nu k\u00f6pa biljetter till l\u00f6rdagslotto Australien","og_url":"https:\/\/onlinelotto365.com\/sv\/kopa-biljetter\/saturday-lotto-australia\/","og_site_name":"OnlineLotto365","article_modified_time":"2022-11-22T08:27:06+00:00","og_image":[{"url":"https:\/\/redfoxlotto.com\/image?size=8&amp;lottery=saturday-lotto-au"}],"twitter_card":"summary_large_image","twitter_misc":{"Ber\u00e4knad l\u00e4stid":"4 minuter"},"schema":{"@context":"https:\/\/schema.org","@graph":[{"@type":"WebPage","@id":"https:\/\/onlinelotto365.com\/sv\/kopa-biljetter\/saturday-lotto-australia\/","url":"https:\/\/onlinelotto365.com\/sv\/kopa-biljetter\/saturday-lotto-australia\/","name":"Hur man f\u00e5r biljetter till Saturday Lotto Australia om man \u00e4r bosatt i Sverige","isPartOf":{"@id":"https:\/\/onlinelotto365.com\/sv\/#website"},"primaryImageOfPage":{"@id":"https:\/\/onlinelotto365.com\/sv\/kopa-biljetter\/saturday-lotto-australia\/#primaryimage"},"image":{"@id":"https:\/\/onlinelotto365.com\/sv\/kopa-biljetter\/saturday-lotto-australia\/#primaryimage"},"thumbnailUrl":"https:\/\/redfoxlotto.com\/image?size=8&amp;lottery=saturday-lotto-au","datePublished":"2022-11-22T07:42:33+00:00","dateModified":"2022-11-22T08:27:06+00:00","description":"Personer som \u00e4r bosatta i Sverige kan nu k\u00f6pa biljetter till l\u00f6rdagslotto Australien","breadcrumb":{"@id":"https:\/\/onlinelotto365.com\/sv\/kopa-biljetter\/saturday-lotto-australia\/#breadcrumb"},"inLanguage":"sv-SE","potentialAction":[{"@type":"ReadAction","target":["https:\/\/onlinelotto365.com\/sv\/kopa-biljetter\/saturday-lotto-australia\/"]}]},{"@type":"ImageObject","inLanguage":"sv-SE","@id":"https:\/\/onlinelotto365.com\/sv\/kopa-biljetter\/saturday-lotto-australia\/#primaryimage","url":"https:\/\/redfoxlotto.com\/image?size=8&amp;lottery=saturday-lotto-au","contentUrl":"https:\/\/redfoxlotto.com\/image?size=8&amp;lottery=saturday-lotto-au"},{"@type":"BreadcrumbList","@id":"https:\/\/onlinelotto365.com\/sv\/kopa-biljetter\/saturday-lotto-australia\/#breadcrumb","itemListElement":[{"@type":"ListItem","position":1,"name":"Home","item":"https:\/\/onlinelotto365.com\/sv\/"},{"@type":"ListItem","position":2,"name":"Varf\u00f6r det \u00e4r vettigare att k\u00f6pa lotter online","item":"https:\/\/onlinelotto365.com\/sv\/kopa-biljetter\/"},{"@type":"ListItem","position":3,"name":"Hur man k\u00f6per l\u00f6rdagslotteriet i Australien biljetter p\u00e5 n\u00e4tet"}]},{"@type":"WebSite","@id":"https:\/\/onlinelotto365.com\/sv\/#website","url":"https:\/\/onlinelotto365.com\/sv\/","name":"OnlineLotto365","description":"","potentialAction":[{"@type":"SearchAction","target":{"@type":"EntryPoint","urlTemplate":"https:\/\/onlinelotto365.com\/sv\/?s={search_term_string}"},"query-input":{"@type":"PropertyValueSpecification","valueRequired":true,"valueName":"search_term_string"}}],"inLanguage":"sv-SE"}]}},"_links":{"self":[{"href":"https:\/\/onlinelotto365.com\/sv\/wp-json\/wp\/v2\/pages\/80616","targetHints":{"allow":["GET"]}}],"collection":[{"href":"https:\/\/onlinelotto365.com\/sv\/wp-json\/wp\/v2\/pages"}],"about":[{"href":"https:\/\/onlinelotto365.com\/sv\/wp-json\/wp\/v2\/types\/page"}],"author":[{"embeddable":true,"href":"https:\/\/onlinelotto365.com\/sv\/wp-json\/wp\/v2\/users\/1"}],"replies":[{"embeddable":true,"href":"https:\/\/onlinelotto365.com\/sv\/wp-json\/wp\/v2\/comments?post=80616"}],"version-history":[{"count":0,"href":"https:\/\/onlinelotto365.com\/sv\/wp-json\/wp\/v2\/pages\/80616\/revisions"}],"up":[{"embeddable":true,"href":"https:\/\/onlinelotto365.com\/sv\/wp-json\/wp\/v2\/pages\/5688"}],"wp:attachment":[{"href":"https:\/\/onlinelotto365.com\/sv\/wp-json\/wp\/v2\/media?parent=80616"}],"curies":[{"name":"wp","href":"https:\/\/api.w.org\/{rel}","templated":true}]}}