{"id":80618,"date":"2022-11-22T08:47:32","date_gmt":"2022-11-22T07:47:32","guid":{"rendered":"https:\/\/onlinelotto365.com\/?page_id=80618"},"modified":"2022-11-22T08:47:32","modified_gmt":"2022-11-22T07:47:32","slug":"mon-wed-lotto-2","status":"publish","type":"page","link":"https:\/\/onlinelotto365.com\/sv\/kopa-biljetter\/mon-wed-lotto-2\/","title":{"rendered":"Hur man k\u00f6per Mon &#038; Wed Lotto Australia biljetter online"},"content":{"rendered":"<p>Vi har beskrivit de olika stegen som du m\u00e5ste f\u00f6lja om du vill k\u00f6pa Mon &amp; Wed Lotto Australia-biljetter fr\u00e5n v\u00e5r webbplats. Det \u00e4r enkelt och l\u00e4tt, och n\u00e4r du g\u00e5r igenom dessa steg kommer du att uppt\u00e4cka att du har dina biljetter redo att g\u00e5 snabbt.<br \/>\n<a href=\"https:\/\/redfoxlotto.com\/play\/monday-wednesday-lotto-au\/?ref=a8564250a2&amp;medium=ol365\" target=\"_blank\" rel=\"noopener noreferrer\"><img decoding=\"async\" class=\"aligncenter\" src=\"https:\/\/redfoxlotto.com\/image?size=8&amp;lottery=monday-wednesday-lotto-au\" alt=\"Mon &amp;amp; Wed Lotto Australien\" \/><\/a><\/p>\n<ul>\n<li>G\u00e5 till sidan f\u00f6r det lotteri som du vill spela och v\u00e4lj ut de nummer som du ska spela p\u00e5 varje lott.<\/li>\n<li>L\u00e4gg till s\u00e5 m\u00e5nga lotter f\u00f6r detta eller n\u00e5got annat spel som du vill f\u00f6r att skapa din best\u00e4llning.<\/li>\n<li>V\u00e4lj alternativet att betala nu<\/li>\n<li>Logga in p\u00e5 ditt nuvarande konto eller g\u00e5 igenom processen f\u00f6r att skapa ett nytt konto och registrera det.<\/li>\n<li>G\u00e5 till din e-post f\u00f6r att f\u00e5 verifieringsl\u00e4nken f\u00f6r att registrera ditt konto och g\u00f6ra ett k\u00f6p.<\/li>\n<li>Kontrollera din skr\u00e4ppostmapp f\u00f6r att se om e-postmeddelandet har skickats dit av misstag om du inte ser det i din inkorg.<\/li>\n<li>G\u00e5 igenom kassaprocessen i din kundvagn.<\/li>\n<li>V\u00e4lj den betalningsmetod du vill anv\u00e4nda och f\u00f6lj instruktionerna f\u00f6r att genomf\u00f6ra betalningen.<\/li>\n<\/ul>\n<h2>S\u00e5 h\u00e4r betalar du f\u00f6r din Mon &amp; Wed Lotto Australia-lott p\u00e5 n\u00e4tet<\/h2>\n<p>N\u00e4r det g\u00e4ller att g\u00f6ra en betalning har du flera olika helt s\u00e4kra alternativ. Allt du beh\u00f6ver g\u00f6ra \u00e4r att ta en titt h\u00e4r och se vilka n\u00e5gra av dessa alternativ som kommer att vara.<br \/>\nSkaffa dina biljetter genom att v\u00e4lja ett av tv\u00e5 alternativ:<\/p>\n<p>Betala direkt med en betalningsmetod som du sj\u00e4lv v\u00e4ljer.<br \/>\nL\u00e4gg in pengar p\u00e5 ett spelarkonto och anv\u00e4nd det kontot f\u00f6r att k\u00f6pa biljetter.<\/p>\n<p>G\u00f6r inte misstaget att s\u00e4tta in f\u00f6r lite pengar p\u00e5 ditt konto f\u00f6r att betala dina biljetter. Du beh\u00f6ver lite mer \u00e4n beloppet i din varukorg.<\/p>\n<h2>Mer information om Mon &amp; Wed Lotto Australia<\/h2>\n<ul>\n<li>Land: Australien<\/li>\n<li>Huvudnummersortiment: 45<\/li>\n<li>Du v\u00e4ljer: 6<\/li>\n<li>Dra dagar, timmar: M\u00e5ndag, onsdag, 21:30 GMT+11, 10:30 CET<\/li>\n<li>Minsta jackpot: Minsta jackpot: 2,5 miljoner AU$.<\/li>\n<li>H\u00f6gsta jackpot: Fast jackpot<\/li>\n<li>Sannolikhet att vinna jackpotten: 1 p\u00e5 8145060.<\/li>\n<li>Sannolikhet f\u00f6r en vinst i niv\u00e5 2: 1 p\u00e5 678755<\/li>\n<li>Sannolikhet att vinna i alla niv\u00e5er: 1 p\u00e5 85,44<\/li>\n<li>Antal vinstniv\u00e5er: 6<\/li>\n<\/ul>\n<h2>F\u00f6rdelar med att k\u00f6pa Mon &amp; Wed Lotto Australia-biljetter online<\/h2>\n<ul>\n<li>Du kan k\u00f6pa lotter hemifr\u00e5n utan att beh\u00f6va g\u00e5 ut.<\/li>\n<li>V\u00e4lj bland alla dina favoritlotter och lite till.<\/li>\n<li>F\u00e5 b\u00e4ttre odds genom att v\u00e4lja spel med de h\u00f6gsta jackpottbeloppen.<\/li>\n<li>Anv\u00e4nd ditt kontosaldo f\u00f6r att k\u00f6pa lotter genom att s\u00e4tta in pengar.<\/li>\n<li>H\u00e5ll koll p\u00e5 dina biljetter genom ett onlinekonto.<\/li>\n<li>F\u00e5 meddelanden n\u00e4r du har en vinnande biljett<\/li>\n<li>Anv\u00e4nd slumpgeneratorn f\u00f6r att v\u00e4lja ut biljetter \u00e5t dig.<\/li>\n<\/ul>\n<h2>\u00c4r det lagligt att k\u00f6pa Mon &amp; Wed Lotto Australia-lotter p\u00e5 n\u00e4tet?<\/h2>\n<p>M\u00e5nga m\u00e4nniskor oroar sig f\u00f6r att det \u00e4r olagligt att k\u00f6pa biljetter p\u00e5 n\u00e4tet eller att det kan vara olagligt att k\u00f6pa dem p\u00e5 traditionellt s\u00e4tt i deras hemland. N\u00e5v\u00e4l, vi ser till att alla best\u00e4mmelser f\u00f6ljs f\u00f6r det land som sj\u00e4lva lotteriet kommer fr\u00e5n. Vi ser till att du f\u00e5r dina lotterivinster ocks\u00e5. Oavsett om du vinner en liten vinst eller en stor vinst hj\u00e4lper vi dig att f\u00e5 det du letar efter och det du har r\u00e4tt till.<br \/>\nAlla anv\u00e4ndare av v\u00e5r webbplats m\u00e5ste vara minst 18 \u00e5r gamla.<\/p>\n<h2>Hur f\u00e5r jag betalt om jag vinner Mon &amp; Wed Lotto Australia online?<\/h2>\n<p><img loading=\"lazy\" decoding=\"async\" class=\"alignright wp-image-3685\" src=\"https:\/\/onlinelotto365.com\/wp-content\/uploads\/2020\/11\/online_lottery-4-300x192.jpeg\" alt=\"mon wed lotto australien online \" width=\"255\" height=\"163\" srcset=\"https:\/\/onlinelotto365.com\/wp-content\/uploads\/2020\/11\/online_lottery-4-300x192.jpeg 300w, https:\/\/onlinelotto365.com\/wp-content\/uploads\/2020\/11\/online_lottery-4-600x383.jpeg 600w, https:\/\/onlinelotto365.com\/wp-content\/uploads\/2020\/11\/online_lottery-4.jpeg 751w\" sizes=\"auto, (max-width: 255px) 100vw, 255px\" \/><br \/>\nAtt f\u00e5 ut vinsterna till v\u00e5ra kunder \u00e4r den viktigaste delen av processen och vi g\u00f6r det genom att se till att det inte finns n\u00e5gra provisioner. Du beh\u00f6ver inte oroa dig f\u00f6r att vi tar n\u00e5got fr\u00e5n din vinst om du inte v\u00e4ljer att g\u00f6ra en bank\u00f6verf\u00f6ring.<br \/>\nDenna betalningsmetod, s\u00e4rskilt n\u00e4r den g\u00f6rs som en internationell transaktion, kan kosta oss n\u00e4r banken tar ut avgifter. Om det h\u00e4nder kan kostnaden f\u00f6ras vidare till dig och tas fr\u00e5n dina vinster.<br \/>\nDet finns tv\u00e5 olika s\u00e4tt att g\u00f6ra betalningar.<\/p>\n<ul>\n<li>Betalningar som \u00e4r under 2 500 euro g\u00f6rs utan att du beh\u00f6ver ange n\u00e5got. V\u00e5rt team ser till att pengarna s\u00e4tts in direkt p\u00e5 ditt konto.<\/li>\n<li>Vinstbelopp som \u00e4r mer \u00e4n \u20ac2500 behandlas p\u00e5 ett annat s\u00e4tt. Dessa belopp m\u00e5ste behandlas med lotterikommissionen och det inneb\u00e4r att vi beh\u00f6ver en ans\u00f6kningsblankett ifylld. Vi skickar formul\u00e4ret till dig och allt du beh\u00f6ver g\u00f6ra \u00e4r att fylla i det och l\u00e5ta oss veta om du vill ha dina pengar via bank\u00f6verf\u00f6ring eller check.<\/li>\n<\/ul>\n","protected":false},"excerpt":{"rendered":"<p>Vi har beskrivit de olika stegen som du m\u00e5ste f\u00f6lja om du vill k\u00f6pa Mon &amp; Wed Lotto Australia-biljetter fr\u00e5n v\u00e5r webbplats. Det \u00e4r enkelt och l\u00e4tt, och n\u00e4r du g\u00e5r igenom dessa steg kommer du att uppt\u00e4cka att du har dina biljetter redo att g\u00e5 snabbt. G\u00e5 till sidan f\u00f6r det lotteri som du [&hellip;]<\/p>\n","protected":false},"author":1,"featured_media":0,"parent":5688,"menu_order":16,"comment_status":"closed","ping_status":"closed","template":"template-rightsidebar.php","meta":{"_et_pb_use_builder":"","_et_pb_old_content":"","_et_gb_content_width":"","exclude_from_search":false,"footnotes":""},"class_list":["post-80618","page","type-page","status-publish","hentry"],"yoast_head":"<!-- This site is optimized with the Yoast SEO plugin v23.4 - https:\/\/yoast.com\/wordpress\/plugins\/seo\/ -->\n<title>K\u00f6p online-biljett f\u00f6r Mon &amp; Wed Lotto Australia<\/title>\n<meta name=\"description\" content=\"Oavsett var du bor och oavsett vad du letar efter kan du k\u00f6pa Mon &amp; Wed Lotto Australia biljetter h\u00e4r!\" \/>\n<meta name=\"robots\" content=\"index, follow, max-snippet:-1, max-image-preview:large, max-video-preview:-1\" \/>\n<link rel=\"canonical\" href=\"https:\/\/onlinelotto365.com\/sv\/kopa-biljetter\/mon-wed-lotto-2\/\" \/>\n<meta property=\"og:locale\" content=\"sv_SE\" \/>\n<meta property=\"og:type\" content=\"article\" \/>\n<meta property=\"og:title\" content=\"K\u00f6p online-biljett f\u00f6r Mon &amp; Wed Lotto Australia\" \/>\n<meta property=\"og:description\" content=\"Oavsett var du bor och oavsett vad du letar efter kan du k\u00f6pa Mon &amp; Wed Lotto Australia biljetter h\u00e4r!\" \/>\n<meta property=\"og:url\" content=\"https:\/\/onlinelotto365.com\/sv\/kopa-biljetter\/mon-wed-lotto-2\/\" \/>\n<meta property=\"og:site_name\" content=\"OnlineLotto365\" \/>\n<meta property=\"og:image\" content=\"https:\/\/redfoxlotto.com\/image?size=8&amp;lottery=monday-wednesday-lotto-au\" \/>\n<meta name=\"twitter:card\" content=\"summary_large_image\" \/>\n<meta name=\"twitter:label1\" content=\"Ber\u00e4knad l\u00e4stid\" \/>\n\t<meta name=\"twitter:data1\" content=\"4 minuter\" \/>\n<script type=\"application\/ld+json\" class=\"yoast-schema-graph\">{\"@context\":\"https:\/\/schema.org\",\"@graph\":[{\"@type\":\"WebPage\",\"@id\":\"https:\/\/onlinelotto365.com\/sv\/kopa-biljetter\/mon-wed-lotto-2\/\",\"url\":\"https:\/\/onlinelotto365.com\/sv\/kopa-biljetter\/mon-wed-lotto-2\/\",\"name\":\"K\u00f6p online-biljett f\u00f6r Mon & Wed Lotto Australia\",\"isPartOf\":{\"@id\":\"https:\/\/onlinelotto365.com\/sv\/#website\"},\"primaryImageOfPage\":{\"@id\":\"https:\/\/onlinelotto365.com\/sv\/kopa-biljetter\/mon-wed-lotto-2\/#primaryimage\"},\"image\":{\"@id\":\"https:\/\/onlinelotto365.com\/sv\/kopa-biljetter\/mon-wed-lotto-2\/#primaryimage\"},\"thumbnailUrl\":\"https:\/\/redfoxlotto.com\/image?size=8&amp;lottery=monday-wednesday-lotto-au\",\"datePublished\":\"2022-11-22T07:47:32+00:00\",\"dateModified\":\"2022-11-22T07:47:32+00:00\",\"description\":\"Oavsett var du bor och oavsett vad du letar efter kan du k\u00f6pa Mon & Wed Lotto Australia biljetter h\u00e4r!\",\"breadcrumb\":{\"@id\":\"https:\/\/onlinelotto365.com\/sv\/kopa-biljetter\/mon-wed-lotto-2\/#breadcrumb\"},\"inLanguage\":\"sv-SE\",\"potentialAction\":[{\"@type\":\"ReadAction\",\"target\":[\"https:\/\/onlinelotto365.com\/sv\/kopa-biljetter\/mon-wed-lotto-2\/\"]}]},{\"@type\":\"ImageObject\",\"inLanguage\":\"sv-SE\",\"@id\":\"https:\/\/onlinelotto365.com\/sv\/kopa-biljetter\/mon-wed-lotto-2\/#primaryimage\",\"url\":\"https:\/\/redfoxlotto.com\/image?size=8&amp;lottery=monday-wednesday-lotto-au\",\"contentUrl\":\"https:\/\/redfoxlotto.com\/image?size=8&amp;lottery=monday-wednesday-lotto-au\"},{\"@type\":\"BreadcrumbList\",\"@id\":\"https:\/\/onlinelotto365.com\/sv\/kopa-biljetter\/mon-wed-lotto-2\/#breadcrumb\",\"itemListElement\":[{\"@type\":\"ListItem\",\"position\":1,\"name\":\"Home\",\"item\":\"https:\/\/onlinelotto365.com\/sv\/\"},{\"@type\":\"ListItem\",\"position\":2,\"name\":\"Varf\u00f6r det \u00e4r vettigare att k\u00f6pa lotter online\",\"item\":\"https:\/\/onlinelotto365.com\/sv\/kopa-biljetter\/\"},{\"@type\":\"ListItem\",\"position\":3,\"name\":\"Hur man k\u00f6per Mon &#038; Wed Lotto Australia biljetter online\"}]},{\"@type\":\"WebSite\",\"@id\":\"https:\/\/onlinelotto365.com\/sv\/#website\",\"url\":\"https:\/\/onlinelotto365.com\/sv\/\",\"name\":\"OnlineLotto365\",\"description\":\"\",\"potentialAction\":[{\"@type\":\"SearchAction\",\"target\":{\"@type\":\"EntryPoint\",\"urlTemplate\":\"https:\/\/onlinelotto365.com\/sv\/?s={search_term_string}\"},\"query-input\":{\"@type\":\"PropertyValueSpecification\",\"valueRequired\":true,\"valueName\":\"search_term_string\"}}],\"inLanguage\":\"sv-SE\"}]}<\/script>\n<!-- \/ Yoast SEO plugin. -->","yoast_head_json":{"title":"K\u00f6p online-biljett f\u00f6r Mon & Wed Lotto Australia","description":"Oavsett var du bor och oavsett vad du letar efter kan du k\u00f6pa Mon & Wed Lotto Australia biljetter h\u00e4r!","robots":{"index":"index","follow":"follow","max-snippet":"max-snippet:-1","max-image-preview":"max-image-preview:large","max-video-preview":"max-video-preview:-1"},"canonical":"https:\/\/onlinelotto365.com\/sv\/kopa-biljetter\/mon-wed-lotto-2\/","og_locale":"sv_SE","og_type":"article","og_title":"K\u00f6p online-biljett f\u00f6r Mon & Wed Lotto Australia","og_description":"Oavsett var du bor och oavsett vad du letar efter kan du k\u00f6pa Mon & Wed Lotto Australia biljetter h\u00e4r!","og_url":"https:\/\/onlinelotto365.com\/sv\/kopa-biljetter\/mon-wed-lotto-2\/","og_site_name":"OnlineLotto365","og_image":[{"url":"https:\/\/redfoxlotto.com\/image?size=8&amp;lottery=monday-wednesday-lotto-au"}],"twitter_card":"summary_large_image","twitter_misc":{"Ber\u00e4knad l\u00e4stid":"4 minuter"},"schema":{"@context":"https:\/\/schema.org","@graph":[{"@type":"WebPage","@id":"https:\/\/onlinelotto365.com\/sv\/kopa-biljetter\/mon-wed-lotto-2\/","url":"https:\/\/onlinelotto365.com\/sv\/kopa-biljetter\/mon-wed-lotto-2\/","name":"K\u00f6p online-biljett f\u00f6r Mon & Wed Lotto Australia","isPartOf":{"@id":"https:\/\/onlinelotto365.com\/sv\/#website"},"primaryImageOfPage":{"@id":"https:\/\/onlinelotto365.com\/sv\/kopa-biljetter\/mon-wed-lotto-2\/#primaryimage"},"image":{"@id":"https:\/\/onlinelotto365.com\/sv\/kopa-biljetter\/mon-wed-lotto-2\/#primaryimage"},"thumbnailUrl":"https:\/\/redfoxlotto.com\/image?size=8&amp;lottery=monday-wednesday-lotto-au","datePublished":"2022-11-22T07:47:32+00:00","dateModified":"2022-11-22T07:47:32+00:00","description":"Oavsett var du bor och oavsett vad du letar efter kan du k\u00f6pa Mon & Wed Lotto Australia biljetter h\u00e4r!","breadcrumb":{"@id":"https:\/\/onlinelotto365.com\/sv\/kopa-biljetter\/mon-wed-lotto-2\/#breadcrumb"},"inLanguage":"sv-SE","potentialAction":[{"@type":"ReadAction","target":["https:\/\/onlinelotto365.com\/sv\/kopa-biljetter\/mon-wed-lotto-2\/"]}]},{"@type":"ImageObject","inLanguage":"sv-SE","@id":"https:\/\/onlinelotto365.com\/sv\/kopa-biljetter\/mon-wed-lotto-2\/#primaryimage","url":"https:\/\/redfoxlotto.com\/image?size=8&amp;lottery=monday-wednesday-lotto-au","contentUrl":"https:\/\/redfoxlotto.com\/image?size=8&amp;lottery=monday-wednesday-lotto-au"},{"@type":"BreadcrumbList","@id":"https:\/\/onlinelotto365.com\/sv\/kopa-biljetter\/mon-wed-lotto-2\/#breadcrumb","itemListElement":[{"@type":"ListItem","position":1,"name":"Home","item":"https:\/\/onlinelotto365.com\/sv\/"},{"@type":"ListItem","position":2,"name":"Varf\u00f6r det \u00e4r vettigare att k\u00f6pa lotter online","item":"https:\/\/onlinelotto365.com\/sv\/kopa-biljetter\/"},{"@type":"ListItem","position":3,"name":"Hur man k\u00f6per Mon &#038; Wed Lotto Australia biljetter online"}]},{"@type":"WebSite","@id":"https:\/\/onlinelotto365.com\/sv\/#website","url":"https:\/\/onlinelotto365.com\/sv\/","name":"OnlineLotto365","description":"","potentialAction":[{"@type":"SearchAction","target":{"@type":"EntryPoint","urlTemplate":"https:\/\/onlinelotto365.com\/sv\/?s={search_term_string}"},"query-input":{"@type":"PropertyValueSpecification","valueRequired":true,"valueName":"search_term_string"}}],"inLanguage":"sv-SE"}]}},"_links":{"self":[{"href":"https:\/\/onlinelotto365.com\/sv\/wp-json\/wp\/v2\/pages\/80618","targetHints":{"allow":["GET"]}}],"collection":[{"href":"https:\/\/onlinelotto365.com\/sv\/wp-json\/wp\/v2\/pages"}],"about":[{"href":"https:\/\/onlinelotto365.com\/sv\/wp-json\/wp\/v2\/types\/page"}],"author":[{"embeddable":true,"href":"https:\/\/onlinelotto365.com\/sv\/wp-json\/wp\/v2\/users\/1"}],"replies":[{"embeddable":true,"href":"https:\/\/onlinelotto365.com\/sv\/wp-json\/wp\/v2\/comments?post=80618"}],"version-history":[{"count":0,"href":"https:\/\/onlinelotto365.com\/sv\/wp-json\/wp\/v2\/pages\/80618\/revisions"}],"up":[{"embeddable":true,"href":"https:\/\/onlinelotto365.com\/sv\/wp-json\/wp\/v2\/pages\/5688"}],"wp:attachment":[{"href":"https:\/\/onlinelotto365.com\/sv\/wp-json\/wp\/v2\/media?parent=80618"}],"curies":[{"name":"wp","href":"https:\/\/api.w.org\/{rel}","templated":true}]}}