{"id":80647,"date":"2022-11-22T10:34:11","date_gmt":"2022-11-22T09:34:11","guid":{"rendered":"https:\/\/onlinelotto365.com\/?page_id=80647"},"modified":"2022-11-22T10:34:11","modified_gmt":"2022-11-22T09:34:11","slug":"euromillions","status":"publish","type":"page","link":"https:\/\/onlinelotto365.com\/sv\/kopa-biljetter\/euromillions\/","title":{"rendered":"Hur du k\u00f6per Euromillions-biljetter online"},"content":{"rendered":"<p>Vill du k\u00f6pa EuroMillions-lotter f\u00f6r n\u00e4sta dragning? Vill du h\u00e4mta dina biljetter helt och h\u00e5llet online? Vill du spela lotterier som inte finns tillg\u00e4ngliga i Australien? D\u00e5 b\u00f6r du titta n\u00e4rmare p\u00e5 det h\u00e4r, d\u00e4r vi kommer att g\u00e5 igenom de olika stegen. Och som tur \u00e4r f\u00f6r dig \u00e4r det superenkelt att komma ig\u00e5ng.<br \/>\n<a href=\"https:\/\/redfoxlotto.com\/play\/euromillions\/?ref=a8564250a2&amp;medium=ol365\" target=\"_blank\" rel=\"noopener noreferrer\"><img decoding=\"async\" class=\"aligncenter\" src=\"https:\/\/redfoxlotto.com\/image?size=8&amp;lottery=euromillions\" alt=\"euromillions\" \/><\/a><\/p>\n<ul>\n<li>V\u00e4lj det lotteri du vill spela och v\u00e4lj de nummer du vill spela eller v\u00e4lj ett snabbval s\u00e5 att datorn v\u00e4ljer dem \u00e5t dig.<\/li>\n<li>L\u00e4gg till \u00e4nnu fler lotterispel och fler biljetter f\u00f6r alla spel \u00e4ven utanf\u00f6r Australien, s\u00e5 att din best\u00e4llning \u00e5terspeglar det totala antalet biljetter som du vill ha.<\/li>\n<li>V\u00e4lj alternativet betala nu<\/li>\n<li>Skapa och registrera ditt konto eller logga in p\u00e5 ditt befintliga medlemskonto f\u00f6r att k\u00f6pa dina biljetter.<\/li>\n<li>F\u00f6r dem som beh\u00f6ver registrera sig, kontrollera om du f\u00e5r en verifieringsl\u00e4nk i ditt e-postmeddelande s\u00e5 att du kan slutf\u00f6ra processen.<\/li>\n<li>H\u00e5ll koll p\u00e5 din skr\u00e4ppostmapp om e-postmeddelandet skickas dit av misstag.<\/li>\n<li>Verifiera ditt e-postmeddelande och klicka p\u00e5 kundvagnen p\u00e5 webbplatsen.<\/li>\n<li>V\u00e4lj det betalningsalternativ som du f\u00f6redrar och f\u00f6lj sedan instruktionerna f\u00f6r att betala f\u00f6r dina biljetter.<\/li>\n<\/ul>\n<h2>Hur du betalar din EuroMillions-biljett online<\/h2>\n<p>Att betala f\u00f6r dina EuroMillions-biljetter online \u00e4r enkelt eftersom det finns m\u00e5nga olika s\u00e4kra betalningsmetoder tillg\u00e4ngliga. Det \u00e4r bara att v\u00e4lja det som du f\u00f6redrar.<br \/>\nK\u00f6p och betala dina biljetter genom att g\u00f6ra n\u00e5got av f\u00f6ljande:<\/p>\n<p>Betala best\u00e4llningen med ett betalkonto<br \/>\nL\u00e4gg till pengar p\u00e5 ditt spelarkonto och k\u00f6p biljetter fr\u00e5n spelarkontot.<\/p>\n<p>F\u00f6r dem som v\u00e4ljer att l\u00e4gga till pengar direkt p\u00e5 sitt spelarkonto beh\u00f6ver du bara se till att du har mer \u00e4n tillr\u00e4ckligt med pengar tillg\u00e4ngliga f\u00f6r den best\u00e4llning du ska g\u00f6ra.<\/p>\n<h2>Mer information om EuroMillions<\/h2>\n<ul>\n<li>Land: diverse Europa<\/li>\n<li>Huvudnummersortiment: 50<\/li>\n<li>Du v\u00e4ljer: 5<\/li>\n<li>Extra nummer: 12<\/li>\n<li>Du v\u00e4ljer: 2<\/li>\n<li>Dragningsdagar, timmar: Tisdag, fredag, 19:30 GMT, 20:30 CET<\/li>\n<li>Minsta jackpot: 17 miljoner euro<\/li>\n<li>H\u00f6gsta jackpot: 190 miljoner euro<\/li>\n<li>Sannolikhet att vinna jackpotten: 1 p\u00e5 186450880.<\/li>\n<li>Sannolikhet f\u00f6r en vinst i niv\u00e5 2: 1 p\u00e5 2118760<\/li>\n<li>Sannolikhet att vinna i alla niv\u00e5er: 1 p\u00e5 12,98<\/li>\n<li>Antal vinstniv\u00e5er: 13<\/li>\n<\/ul>\n<h2>F\u00f6rdelar med att k\u00f6pa EuroMillions-biljetter online<\/h2>\n<ul>\n<li>Du beh\u00f6ver inte l\u00e4mna hemmet f\u00f6r att k\u00f6pa de biljetter du vill ha.<\/li>\n<li>Du kan v\u00e4lja mellan flera olika lotterier<\/li>\n<li>F\u00e5 b\u00e4ttre odds p\u00e5 dina vinster genom att v\u00e4lja spel med h\u00f6gre jackpottar.<\/li>\n<li>L\u00e4gg till pengar direkt p\u00e5 ditt konto och anv\u00e4nd dem f\u00f6r att k\u00f6pa biljetter.<\/li>\n<li>Ingen risk att f\u00f6rlora din biljett<\/li>\n<li>Omedelbara meddelanden om vinster<\/li>\n<li>L\u00e4tta valm\u00f6jligheter f\u00f6r generering av slumpm\u00e4ssiga nummer<\/li>\n<\/ul>\n<h2>\u00c4r det lagligt att k\u00f6pa EuroMillions-biljetter online?<\/h2>\n<p>Du kanske har undrat om det ens \u00e4r lagligt att k\u00f6pa lotter p\u00e5 n\u00e4tet, s\u00e4rskilt om ditt hemland har strikta regler. Men det som \u00e4r bra \u00e4r att du inte beh\u00f6ver oroa dig f\u00f6r n\u00e5gonting med v\u00e5r tj\u00e4nst. Vi sk\u00f6ter allt enligt reglerna och ser till att oavsett vad du vinner eller var du vinner s\u00e5 kommer du att kunna f\u00e5 ditt pris och till och med vinna jackpotten.<br \/>\nDet enda du beh\u00f6ver g\u00f6ra \u00e4r att se till att du \u00e4r minst 18 \u00e5r.<\/p>\n<h2>Hur f\u00e5r jag betalt om jag vinner EuroMillions online?<\/h2>\n<p><img loading=\"lazy\" decoding=\"async\" class=\"alignright size-medium wp-image-3672\" src=\"https:\/\/onlinelotto365.com\/wp-content\/uploads\/2020\/11\/online_lottery-161-300x207.jpg\" alt=\"k\u00f6pa Euromillions Australien\" width=\"300\" height=\"207\" srcset=\"https:\/\/onlinelotto365.com\/wp-content\/uploads\/2020\/11\/online_lottery-161-300x207.jpg 300w, https:\/\/onlinelotto365.com\/wp-content\/uploads\/2020\/11\/online_lottery-161.jpg 320w\" sizes=\"auto, (max-width: 300px) 100vw, 300px\" \/><br \/>\nN\u00e4r du vinner pengar ser vi till att du f\u00e5r dem s\u00e5 enkelt som m\u00f6jligt. Allt du beh\u00f6ver g\u00f6ra \u00e4r att k\u00f6pa din lott hos oss s\u00e5 tar vi hand om att kr\u00e4va dina vinster och f\u00e5 dem till dig. Vi tar inte ut n\u00e5gon provision fr\u00e5n dina vinster om du inte v\u00e4ljer att f\u00e5 betalt via bank\u00f6verf\u00f6ring till ett bankkonto i Australien.<\/p>\n<p>N\u00e4r det sker tar banken ut en avgift av oss och vi ber dig att ocks\u00e5 betala avgiften. Detta varierar beroende p\u00e5 var pengarna skickas. I \u00f6vrigt \u00e4r allt du beh\u00f6ver veta om betalningar:<\/p>\n<ul>\n<li>Om du vinner 2 500 euro eller mindre krediteras pengarna automatiskt och omedelbart direkt till ditt spelarkonto.<\/li>\n<li>Om du vinner mer \u00e4n 2 500 euro f\u00e5r du ett e-postmeddelande med ett ans\u00f6kningsformul\u00e4r som ska skickas till lotterikommissionen. D\u00e4r anges hur du vill bli betald, inklusive bank\u00f6verf\u00f6ring eller check. Din beg\u00e4ran kommer att behandlas och det kan ta n\u00e5gra dagar innan dina pengar \u00e4r tillg\u00e4ngliga f\u00f6r dig.<\/li>\n<\/ul>\n","protected":false},"excerpt":{"rendered":"<p>Vill du k\u00f6pa EuroMillions-lotter f\u00f6r n\u00e4sta dragning? Vill du h\u00e4mta dina biljetter helt och h\u00e5llet online? Vill du spela lotterier som inte finns tillg\u00e4ngliga i Australien? D\u00e5 b\u00f6r du titta n\u00e4rmare p\u00e5 det h\u00e4r, d\u00e4r vi kommer att g\u00e5 igenom de olika stegen. Och som tur \u00e4r f\u00f6r dig \u00e4r det superenkelt att komma ig\u00e5ng. [&hellip;]<\/p>\n","protected":false},"author":1,"featured_media":0,"parent":5688,"menu_order":3,"comment_status":"closed","ping_status":"closed","template":"euromillions-info.php","meta":{"_et_pb_use_builder":"","_et_pb_old_content":"","_et_gb_content_width":"","exclude_from_search":false,"footnotes":""},"class_list":["post-80647","page","type-page","status-publish","hentry"],"yoast_head":"<!-- This site is optimized with the Yoast SEO plugin v23.4 - https:\/\/yoast.com\/wordpress\/plugins\/seo\/ -->\n<title>K\u00f6p biljetter till Euromillions online fr\u00e5n Australien | Euromillions info, hur man k\u00f6per biljetter<\/title>\n<meta name=\"description\" content=\"Lottofantaster fr\u00e5n alla l\u00e4nder, inklusive Australien, kan nu k\u00f6pa Euromillions-biljetter h\u00e4r\" \/>\n<meta name=\"robots\" content=\"index, follow, max-snippet:-1, max-image-preview:large, max-video-preview:-1\" \/>\n<link rel=\"canonical\" href=\"https:\/\/onlinelotto365.com\/sv\/kopa-biljetter\/euromillions\/\" \/>\n<meta property=\"og:locale\" content=\"sv_SE\" \/>\n<meta property=\"og:type\" content=\"article\" \/>\n<meta property=\"og:title\" content=\"K\u00f6p biljetter till Euromillions online fr\u00e5n Australien | Euromillions info, hur man k\u00f6per biljetter\" \/>\n<meta property=\"og:description\" content=\"Lottofantaster fr\u00e5n alla l\u00e4nder, inklusive Australien, kan nu k\u00f6pa Euromillions-biljetter h\u00e4r\" \/>\n<meta property=\"og:url\" content=\"https:\/\/onlinelotto365.com\/sv\/kopa-biljetter\/euromillions\/\" \/>\n<meta property=\"og:site_name\" content=\"OnlineLotto365\" \/>\n<meta property=\"og:image\" content=\"https:\/\/redfoxlotto.com\/image?size=8&amp;lottery=euromillions\" \/>\n<meta name=\"twitter:card\" content=\"summary_large_image\" \/>\n<meta name=\"twitter:label1\" content=\"Ber\u00e4knad l\u00e4stid\" \/>\n\t<meta name=\"twitter:data1\" content=\"3 minuter\" \/>\n<script type=\"application\/ld+json\" class=\"yoast-schema-graph\">{\"@context\":\"https:\/\/schema.org\",\"@graph\":[{\"@type\":\"WebPage\",\"@id\":\"https:\/\/onlinelotto365.com\/sv\/kopa-biljetter\/euromillions\/\",\"url\":\"https:\/\/onlinelotto365.com\/sv\/kopa-biljetter\/euromillions\/\",\"name\":\"K\u00f6p biljetter till Euromillions online fr\u00e5n Australien | Euromillions info, hur man k\u00f6per biljetter\",\"isPartOf\":{\"@id\":\"https:\/\/onlinelotto365.com\/sv\/#website\"},\"primaryImageOfPage\":{\"@id\":\"https:\/\/onlinelotto365.com\/sv\/kopa-biljetter\/euromillions\/#primaryimage\"},\"image\":{\"@id\":\"https:\/\/onlinelotto365.com\/sv\/kopa-biljetter\/euromillions\/#primaryimage\"},\"thumbnailUrl\":\"https:\/\/redfoxlotto.com\/image?size=8&amp;lottery=euromillions\",\"datePublished\":\"2022-11-22T09:34:11+00:00\",\"dateModified\":\"2022-11-22T09:34:11+00:00\",\"description\":\"Lottofantaster fr\u00e5n alla l\u00e4nder, inklusive Australien, kan nu k\u00f6pa Euromillions-biljetter h\u00e4r\",\"breadcrumb\":{\"@id\":\"https:\/\/onlinelotto365.com\/sv\/kopa-biljetter\/euromillions\/#breadcrumb\"},\"inLanguage\":\"sv-SE\",\"potentialAction\":[{\"@type\":\"ReadAction\",\"target\":[\"https:\/\/onlinelotto365.com\/sv\/kopa-biljetter\/euromillions\/\"]}]},{\"@type\":\"ImageObject\",\"inLanguage\":\"sv-SE\",\"@id\":\"https:\/\/onlinelotto365.com\/sv\/kopa-biljetter\/euromillions\/#primaryimage\",\"url\":\"https:\/\/redfoxlotto.com\/image?size=8&amp;lottery=euromillions\",\"contentUrl\":\"https:\/\/redfoxlotto.com\/image?size=8&amp;lottery=euromillions\"},{\"@type\":\"BreadcrumbList\",\"@id\":\"https:\/\/onlinelotto365.com\/sv\/kopa-biljetter\/euromillions\/#breadcrumb\",\"itemListElement\":[{\"@type\":\"ListItem\",\"position\":1,\"name\":\"Home\",\"item\":\"https:\/\/onlinelotto365.com\/sv\/\"},{\"@type\":\"ListItem\",\"position\":2,\"name\":\"Varf\u00f6r det \u00e4r vettigare att k\u00f6pa lotter online\",\"item\":\"https:\/\/onlinelotto365.com\/sv\/kopa-biljetter\/\"},{\"@type\":\"ListItem\",\"position\":3,\"name\":\"Hur du k\u00f6per Euromillions-biljetter online\"}]},{\"@type\":\"WebSite\",\"@id\":\"https:\/\/onlinelotto365.com\/sv\/#website\",\"url\":\"https:\/\/onlinelotto365.com\/sv\/\",\"name\":\"OnlineLotto365\",\"description\":\"\",\"potentialAction\":[{\"@type\":\"SearchAction\",\"target\":{\"@type\":\"EntryPoint\",\"urlTemplate\":\"https:\/\/onlinelotto365.com\/sv\/?s={search_term_string}\"},\"query-input\":{\"@type\":\"PropertyValueSpecification\",\"valueRequired\":true,\"valueName\":\"search_term_string\"}}],\"inLanguage\":\"sv-SE\"}]}<\/script>\n<!-- \/ Yoast SEO plugin. -->","yoast_head_json":{"title":"K\u00f6p biljetter till Euromillions online fr\u00e5n Australien | Euromillions info, hur man k\u00f6per biljetter","description":"Lottofantaster fr\u00e5n alla l\u00e4nder, inklusive Australien, kan nu k\u00f6pa Euromillions-biljetter h\u00e4r","robots":{"index":"index","follow":"follow","max-snippet":"max-snippet:-1","max-image-preview":"max-image-preview:large","max-video-preview":"max-video-preview:-1"},"canonical":"https:\/\/onlinelotto365.com\/sv\/kopa-biljetter\/euromillions\/","og_locale":"sv_SE","og_type":"article","og_title":"K\u00f6p biljetter till Euromillions online fr\u00e5n Australien | Euromillions info, hur man k\u00f6per biljetter","og_description":"Lottofantaster fr\u00e5n alla l\u00e4nder, inklusive Australien, kan nu k\u00f6pa Euromillions-biljetter h\u00e4r","og_url":"https:\/\/onlinelotto365.com\/sv\/kopa-biljetter\/euromillions\/","og_site_name":"OnlineLotto365","og_image":[{"url":"https:\/\/redfoxlotto.com\/image?size=8&amp;lottery=euromillions"}],"twitter_card":"summary_large_image","twitter_misc":{"Ber\u00e4knad l\u00e4stid":"3 minuter"},"schema":{"@context":"https:\/\/schema.org","@graph":[{"@type":"WebPage","@id":"https:\/\/onlinelotto365.com\/sv\/kopa-biljetter\/euromillions\/","url":"https:\/\/onlinelotto365.com\/sv\/kopa-biljetter\/euromillions\/","name":"K\u00f6p biljetter till Euromillions online fr\u00e5n Australien | Euromillions info, hur man k\u00f6per biljetter","isPartOf":{"@id":"https:\/\/onlinelotto365.com\/sv\/#website"},"primaryImageOfPage":{"@id":"https:\/\/onlinelotto365.com\/sv\/kopa-biljetter\/euromillions\/#primaryimage"},"image":{"@id":"https:\/\/onlinelotto365.com\/sv\/kopa-biljetter\/euromillions\/#primaryimage"},"thumbnailUrl":"https:\/\/redfoxlotto.com\/image?size=8&amp;lottery=euromillions","datePublished":"2022-11-22T09:34:11+00:00","dateModified":"2022-11-22T09:34:11+00:00","description":"Lottofantaster fr\u00e5n alla l\u00e4nder, inklusive Australien, kan nu k\u00f6pa Euromillions-biljetter h\u00e4r","breadcrumb":{"@id":"https:\/\/onlinelotto365.com\/sv\/kopa-biljetter\/euromillions\/#breadcrumb"},"inLanguage":"sv-SE","potentialAction":[{"@type":"ReadAction","target":["https:\/\/onlinelotto365.com\/sv\/kopa-biljetter\/euromillions\/"]}]},{"@type":"ImageObject","inLanguage":"sv-SE","@id":"https:\/\/onlinelotto365.com\/sv\/kopa-biljetter\/euromillions\/#primaryimage","url":"https:\/\/redfoxlotto.com\/image?size=8&amp;lottery=euromillions","contentUrl":"https:\/\/redfoxlotto.com\/image?size=8&amp;lottery=euromillions"},{"@type":"BreadcrumbList","@id":"https:\/\/onlinelotto365.com\/sv\/kopa-biljetter\/euromillions\/#breadcrumb","itemListElement":[{"@type":"ListItem","position":1,"name":"Home","item":"https:\/\/onlinelotto365.com\/sv\/"},{"@type":"ListItem","position":2,"name":"Varf\u00f6r det \u00e4r vettigare att k\u00f6pa lotter online","item":"https:\/\/onlinelotto365.com\/sv\/kopa-biljetter\/"},{"@type":"ListItem","position":3,"name":"Hur du k\u00f6per Euromillions-biljetter online"}]},{"@type":"WebSite","@id":"https:\/\/onlinelotto365.com\/sv\/#website","url":"https:\/\/onlinelotto365.com\/sv\/","name":"OnlineLotto365","description":"","potentialAction":[{"@type":"SearchAction","target":{"@type":"EntryPoint","urlTemplate":"https:\/\/onlinelotto365.com\/sv\/?s={search_term_string}"},"query-input":{"@type":"PropertyValueSpecification","valueRequired":true,"valueName":"search_term_string"}}],"inLanguage":"sv-SE"}]}},"_links":{"self":[{"href":"https:\/\/onlinelotto365.com\/sv\/wp-json\/wp\/v2\/pages\/80647","targetHints":{"allow":["GET"]}}],"collection":[{"href":"https:\/\/onlinelotto365.com\/sv\/wp-json\/wp\/v2\/pages"}],"about":[{"href":"https:\/\/onlinelotto365.com\/sv\/wp-json\/wp\/v2\/types\/page"}],"author":[{"embeddable":true,"href":"https:\/\/onlinelotto365.com\/sv\/wp-json\/wp\/v2\/users\/1"}],"replies":[{"embeddable":true,"href":"https:\/\/onlinelotto365.com\/sv\/wp-json\/wp\/v2\/comments?post=80647"}],"version-history":[{"count":0,"href":"https:\/\/onlinelotto365.com\/sv\/wp-json\/wp\/v2\/pages\/80647\/revisions"}],"up":[{"embeddable":true,"href":"https:\/\/onlinelotto365.com\/sv\/wp-json\/wp\/v2\/pages\/5688"}],"wp:attachment":[{"href":"https:\/\/onlinelotto365.com\/sv\/wp-json\/wp\/v2\/media?parent=80647"}],"curies":[{"name":"wp","href":"https:\/\/api.w.org\/{rel}","templated":true}]}}