{"id":80683,"date":"2022-11-22T11:46:50","date_gmt":"2022-11-22T10:46:50","guid":{"rendered":"https:\/\/onlinelotto365.com\/?page_id=80683"},"modified":"2022-11-22T11:46:50","modified_gmt":"2022-11-22T10:46:50","slug":"el-gordo","status":"publish","type":"page","link":"https:\/\/onlinelotto365.com\/sv\/vinnande-nummer\/el-gordo\/","title":{"rendered":"Kolla El Gordos resultat och vinster h\u00e4r"},"content":{"rendered":"<p>Vi vet att vi erbjuder ett stort antal olika internationella lotterier och att det kan vara lite f\u00f6rvirrande att f\u00f6rs\u00f6ka lista ut de vinnande numren. M\u00e5nga m\u00e4nniskor tittar i tidningen f\u00f6r att hitta vinnande nummer f\u00f6r sina favoritspel, men om du inte bor i omr\u00e5det kan det vara sv\u00e5rt att hitta numren f\u00f6r El Gordo. Samma sak g\u00e4ller om man f\u00f6rs\u00f6ker titta p\u00e5 dragningen eller se de vinnande numren p\u00e5 TV.<br \/>\n<a href=\"https:\/\/redfoxlotto.com\/play\/el-gordo-primitiva\/?ref=a8564250a2&amp;medium=ol365\" target=\"_blank\" rel=\"noopener noreferrer\"><img decoding=\"async\" class=\"aligncenter\" src=\"https:\/\/redfoxlotto.com\/image?size=8&amp;lottery=el-gordo-primitiva\" alt=\"el gordo\" \/><\/a><br \/>\nEtt annat alternativ \u00e4r att titta p\u00e5 den officiella webbplatsen f\u00f6r El Gordo och se om de erbjuder en live stream av dragningen. F\u00f6r de spel som g\u00f6r det kan detta vara en rolig och intressant m\u00f6jlighet f\u00f6r vem som helst.<\/p>\n<p>Men det finns m\u00e5nga spel som faktiskt inte erbjuder detta. Ist\u00e4llet m\u00e5ste du v\u00e4nta tills dragningen \u00e4r \u00f6ver och allt har rapporterats f\u00f6r att se resultaten.<br \/>\nSlutligen, om dragningen redan \u00e4r \u00f6ver kan du kanske g\u00e5 till YouTube och hitta El Gordo-dragningen d\u00e4r. Men \u00e4ven h\u00e4r kan det h\u00e4nda att du inte lyckas. Det kanske inte finns n\u00e5got tillg\u00e4ngligt f\u00f6r din dragning.<\/p>\n<p>Ett av de b\u00e4sta och enklaste s\u00e4tten att hitta de vinnande numren \u00e4r dock v\u00e5r webbplats. Kolla v\u00e5ra sidor med vinnande nummer och resultat f\u00f6r att hitta resultaten f\u00f6r El Gordo och alla andra lotterispel som vi har tillg\u00e4ngliga.<\/p>\n<h2>S\u00e5 h\u00e4r tar du reda p\u00e5 om din online-lott har vunnit<\/h2>\n<p>Det \u00e4nnu b\u00e4ttre \u00e4r att du inte ens beh\u00f6ver g\u00e5 till sidan med lotteriresultat. Du kan g\u00e5 direkt till ditt konto om du har k\u00f6pt lotter. D\u00e4rifr\u00e5n kan du inte bara se de vinnande numren utan \u00e4ven hur dina nummer st\u00e4mmer \u00f6verens. Du kan se siffrorna j\u00e4mf\u00f6ras och sedan kan du se vilka som st\u00e4mmer och hur mycket du faktiskt har vunnit. Om du har vunnit mindre \u00e4n 2 500 euro beh\u00f6ver du inte ens g\u00f6ra n\u00e5got eftersom vinsten kommer att finnas direkt p\u00e5 ditt konto.<\/p>\n<h2>El Gordo resultatarkiv<\/h2>\n<p>Om du vill titta p\u00e5 gamla nummer och se vad de var kan du enkelt g\u00f6ra det ocks\u00e5. Faktum \u00e4r att p\u00e5 alla sidor p\u00e5 v\u00e5r hemsida d\u00e4r du kan se de senaste El Gordo-resultaten kan du ocks\u00e5 kolla n\u00e5gra av de \u00e4ldre numren ocks\u00e5. Detta g\u00f6r det l\u00e4ttare f\u00f6r dig att r\u00e4kna ut vilka nummer du vill spela n\u00e4sta g\u00e5ng.<\/p>\n<h2>Min lott har vunnit, vad h\u00e4nder h\u00e4rn\u00e4st?<\/h2>\n<p><img loading=\"lazy\" decoding=\"async\" class=\"alignright wp-image-3573\" src=\"https:\/\/onlinelotto365.com\/wp-content\/uploads\/2020\/11\/online_lottery-96-300x212.jpg\" alt=\"El Gordo resultat\" width=\"166\" height=\"117\" srcset=\"https:\/\/onlinelotto365.com\/wp-content\/uploads\/2020\/11\/online_lottery-96-300x212.jpg 300w, https:\/\/onlinelotto365.com\/wp-content\/uploads\/2020\/11\/online_lottery-96.jpg 320w\" sizes=\"auto, (max-width: 166px) 100vw, 166px\" \/><br \/>\nOm du vinner har du l\u00e4tt att f\u00e5 dina pengar eftersom vi s\u00e4tter in dem direkt p\u00e5 ditt konto s\u00e5 snart resultaten har bekr\u00e4ftats. Om det \u00e4r mindre \u00e4n 2 500 euro f\u00e5r du pengarna s\u00e5 snabbt. Om det \u00e4r \u00f6ver 10 euro kan du sedan ta ut pengarna till ditt konto.<br \/>\nEller s\u00e5 kan du l\u00e4mna pengarna p\u00e5 ditt spelarkonto och anv\u00e4nda dem f\u00f6r att k\u00f6pa \u00e4nnu fler biljetter till ytterligare spel. T\u00e4nk bara p\u00e5 att uttag av dina pengar kr\u00e4ver viss dokumentation f\u00f6r att f\u00f6lja de federala best\u00e4mmelserna. Du m\u00e5ste ocks\u00e5 anv\u00e4nda en metod som du redan har anv\u00e4nt f\u00f6r en ins\u00e4ttning.<\/p>\n","protected":false},"excerpt":{"rendered":"<p>Vi vet att vi erbjuder ett stort antal olika internationella lotterier och att det kan vara lite f\u00f6rvirrande att f\u00f6rs\u00f6ka lista ut de vinnande numren. M\u00e5nga m\u00e4nniskor tittar i tidningen f\u00f6r att hitta vinnande nummer f\u00f6r sina favoritspel, men om du inte bor i omr\u00e5det kan det vara sv\u00e5rt att hitta numren f\u00f6r El Gordo. [&hellip;]<\/p>\n","protected":false},"author":1,"featured_media":0,"parent":5869,"menu_order":6,"comment_status":"closed","ping_status":"closed","template":"el-gordo-results.php","meta":{"_et_pb_use_builder":"","_et_pb_old_content":"","_et_gb_content_width":"","exclude_from_search":false,"footnotes":""},"class_list":["post-80683","page","type-page","status-publish","hentry"],"yoast_head":"<!-- This site is optimized with the Yoast SEO plugin v23.4 - https:\/\/yoast.com\/wordpress\/plugins\/seo\/ -->\n<title>El Gordo vinnande nummer | El Gordo dragning resultat och priser<\/title>\n<meta name=\"description\" content=\"Vinnande nummer, resultat och priser f\u00f6r El Gordo och m\u00e5nga andra lotterier, alltid uppdaterade p\u00e5 v\u00e5r webbplats.\" \/>\n<meta name=\"robots\" content=\"index, follow, max-snippet:-1, max-image-preview:large, max-video-preview:-1\" \/>\n<link rel=\"canonical\" href=\"https:\/\/onlinelotto365.com\/sv\/vinnande-nummer\/el-gordo\/\" \/>\n<meta property=\"og:locale\" content=\"sv_SE\" \/>\n<meta property=\"og:type\" content=\"article\" \/>\n<meta property=\"og:title\" content=\"El Gordo vinnande nummer | El Gordo dragning resultat och priser\" \/>\n<meta property=\"og:description\" content=\"Vinnande nummer, resultat och priser f\u00f6r El Gordo och m\u00e5nga andra lotterier, alltid uppdaterade p\u00e5 v\u00e5r webbplats.\" \/>\n<meta property=\"og:url\" content=\"https:\/\/onlinelotto365.com\/sv\/vinnande-nummer\/el-gordo\/\" \/>\n<meta property=\"og:site_name\" content=\"OnlineLotto365\" \/>\n<meta property=\"og:image\" content=\"https:\/\/redfoxlotto.com\/image?size=8&amp;lottery=el-gordo-primitiva\" \/>\n<meta name=\"twitter:card\" content=\"summary_large_image\" \/>\n<meta name=\"twitter:label1\" content=\"Ber\u00e4knad l\u00e4stid\" \/>\n\t<meta name=\"twitter:data1\" content=\"3 minuter\" \/>\n<script type=\"application\/ld+json\" class=\"yoast-schema-graph\">{\"@context\":\"https:\/\/schema.org\",\"@graph\":[{\"@type\":\"WebPage\",\"@id\":\"https:\/\/onlinelotto365.com\/sv\/vinnande-nummer\/el-gordo\/\",\"url\":\"https:\/\/onlinelotto365.com\/sv\/vinnande-nummer\/el-gordo\/\",\"name\":\"El Gordo vinnande nummer | El Gordo dragning resultat och priser\",\"isPartOf\":{\"@id\":\"https:\/\/onlinelotto365.com\/sv\/#website\"},\"primaryImageOfPage\":{\"@id\":\"https:\/\/onlinelotto365.com\/sv\/vinnande-nummer\/el-gordo\/#primaryimage\"},\"image\":{\"@id\":\"https:\/\/onlinelotto365.com\/sv\/vinnande-nummer\/el-gordo\/#primaryimage\"},\"thumbnailUrl\":\"https:\/\/redfoxlotto.com\/image?size=8&amp;lottery=el-gordo-primitiva\",\"datePublished\":\"2022-11-22T10:46:50+00:00\",\"dateModified\":\"2022-11-22T10:46:50+00:00\",\"description\":\"Vinnande nummer, resultat och priser f\u00f6r El Gordo och m\u00e5nga andra lotterier, alltid uppdaterade p\u00e5 v\u00e5r webbplats.\",\"breadcrumb\":{\"@id\":\"https:\/\/onlinelotto365.com\/sv\/vinnande-nummer\/el-gordo\/#breadcrumb\"},\"inLanguage\":\"sv-SE\",\"potentialAction\":[{\"@type\":\"ReadAction\",\"target\":[\"https:\/\/onlinelotto365.com\/sv\/vinnande-nummer\/el-gordo\/\"]}]},{\"@type\":\"ImageObject\",\"inLanguage\":\"sv-SE\",\"@id\":\"https:\/\/onlinelotto365.com\/sv\/vinnande-nummer\/el-gordo\/#primaryimage\",\"url\":\"https:\/\/redfoxlotto.com\/image?size=8&amp;lottery=el-gordo-primitiva\",\"contentUrl\":\"https:\/\/redfoxlotto.com\/image?size=8&amp;lottery=el-gordo-primitiva\"},{\"@type\":\"BreadcrumbList\",\"@id\":\"https:\/\/onlinelotto365.com\/sv\/vinnande-nummer\/el-gordo\/#breadcrumb\",\"itemListElement\":[{\"@type\":\"ListItem\",\"position\":1,\"name\":\"Home\",\"item\":\"https:\/\/onlinelotto365.com\/sv\/\"},{\"@type\":\"ListItem\",\"position\":2,\"name\":\"Hitta vinnande nummer och resultat f\u00f6r de senaste lottodragningarna\",\"item\":\"https:\/\/onlinelotto365.com\/sv\/vinnande-nummer\/\"},{\"@type\":\"ListItem\",\"position\":3,\"name\":\"Kolla El Gordos resultat och vinster h\u00e4r\"}]},{\"@type\":\"WebSite\",\"@id\":\"https:\/\/onlinelotto365.com\/sv\/#website\",\"url\":\"https:\/\/onlinelotto365.com\/sv\/\",\"name\":\"OnlineLotto365\",\"description\":\"\",\"potentialAction\":[{\"@type\":\"SearchAction\",\"target\":{\"@type\":\"EntryPoint\",\"urlTemplate\":\"https:\/\/onlinelotto365.com\/sv\/?s={search_term_string}\"},\"query-input\":{\"@type\":\"PropertyValueSpecification\",\"valueRequired\":true,\"valueName\":\"search_term_string\"}}],\"inLanguage\":\"sv-SE\"}]}<\/script>\n<!-- \/ Yoast SEO plugin. -->","yoast_head_json":{"title":"El Gordo vinnande nummer | El Gordo dragning resultat och priser","description":"Vinnande nummer, resultat och priser f\u00f6r El Gordo och m\u00e5nga andra lotterier, alltid uppdaterade p\u00e5 v\u00e5r webbplats.","robots":{"index":"index","follow":"follow","max-snippet":"max-snippet:-1","max-image-preview":"max-image-preview:large","max-video-preview":"max-video-preview:-1"},"canonical":"https:\/\/onlinelotto365.com\/sv\/vinnande-nummer\/el-gordo\/","og_locale":"sv_SE","og_type":"article","og_title":"El Gordo vinnande nummer | El Gordo dragning resultat och priser","og_description":"Vinnande nummer, resultat och priser f\u00f6r El Gordo och m\u00e5nga andra lotterier, alltid uppdaterade p\u00e5 v\u00e5r webbplats.","og_url":"https:\/\/onlinelotto365.com\/sv\/vinnande-nummer\/el-gordo\/","og_site_name":"OnlineLotto365","og_image":[{"url":"https:\/\/redfoxlotto.com\/image?size=8&amp;lottery=el-gordo-primitiva"}],"twitter_card":"summary_large_image","twitter_misc":{"Ber\u00e4knad l\u00e4stid":"3 minuter"},"schema":{"@context":"https:\/\/schema.org","@graph":[{"@type":"WebPage","@id":"https:\/\/onlinelotto365.com\/sv\/vinnande-nummer\/el-gordo\/","url":"https:\/\/onlinelotto365.com\/sv\/vinnande-nummer\/el-gordo\/","name":"El Gordo vinnande nummer | El Gordo dragning resultat och priser","isPartOf":{"@id":"https:\/\/onlinelotto365.com\/sv\/#website"},"primaryImageOfPage":{"@id":"https:\/\/onlinelotto365.com\/sv\/vinnande-nummer\/el-gordo\/#primaryimage"},"image":{"@id":"https:\/\/onlinelotto365.com\/sv\/vinnande-nummer\/el-gordo\/#primaryimage"},"thumbnailUrl":"https:\/\/redfoxlotto.com\/image?size=8&amp;lottery=el-gordo-primitiva","datePublished":"2022-11-22T10:46:50+00:00","dateModified":"2022-11-22T10:46:50+00:00","description":"Vinnande nummer, resultat och priser f\u00f6r El Gordo och m\u00e5nga andra lotterier, alltid uppdaterade p\u00e5 v\u00e5r webbplats.","breadcrumb":{"@id":"https:\/\/onlinelotto365.com\/sv\/vinnande-nummer\/el-gordo\/#breadcrumb"},"inLanguage":"sv-SE","potentialAction":[{"@type":"ReadAction","target":["https:\/\/onlinelotto365.com\/sv\/vinnande-nummer\/el-gordo\/"]}]},{"@type":"ImageObject","inLanguage":"sv-SE","@id":"https:\/\/onlinelotto365.com\/sv\/vinnande-nummer\/el-gordo\/#primaryimage","url":"https:\/\/redfoxlotto.com\/image?size=8&amp;lottery=el-gordo-primitiva","contentUrl":"https:\/\/redfoxlotto.com\/image?size=8&amp;lottery=el-gordo-primitiva"},{"@type":"BreadcrumbList","@id":"https:\/\/onlinelotto365.com\/sv\/vinnande-nummer\/el-gordo\/#breadcrumb","itemListElement":[{"@type":"ListItem","position":1,"name":"Home","item":"https:\/\/onlinelotto365.com\/sv\/"},{"@type":"ListItem","position":2,"name":"Hitta vinnande nummer och resultat f\u00f6r de senaste lottodragningarna","item":"https:\/\/onlinelotto365.com\/sv\/vinnande-nummer\/"},{"@type":"ListItem","position":3,"name":"Kolla El Gordos resultat och vinster h\u00e4r"}]},{"@type":"WebSite","@id":"https:\/\/onlinelotto365.com\/sv\/#website","url":"https:\/\/onlinelotto365.com\/sv\/","name":"OnlineLotto365","description":"","potentialAction":[{"@type":"SearchAction","target":{"@type":"EntryPoint","urlTemplate":"https:\/\/onlinelotto365.com\/sv\/?s={search_term_string}"},"query-input":{"@type":"PropertyValueSpecification","valueRequired":true,"valueName":"search_term_string"}}],"inLanguage":"sv-SE"}]}},"_links":{"self":[{"href":"https:\/\/onlinelotto365.com\/sv\/wp-json\/wp\/v2\/pages\/80683","targetHints":{"allow":["GET"]}}],"collection":[{"href":"https:\/\/onlinelotto365.com\/sv\/wp-json\/wp\/v2\/pages"}],"about":[{"href":"https:\/\/onlinelotto365.com\/sv\/wp-json\/wp\/v2\/types\/page"}],"author":[{"embeddable":true,"href":"https:\/\/onlinelotto365.com\/sv\/wp-json\/wp\/v2\/users\/1"}],"replies":[{"embeddable":true,"href":"https:\/\/onlinelotto365.com\/sv\/wp-json\/wp\/v2\/comments?post=80683"}],"version-history":[{"count":0,"href":"https:\/\/onlinelotto365.com\/sv\/wp-json\/wp\/v2\/pages\/80683\/revisions"}],"up":[{"embeddable":true,"href":"https:\/\/onlinelotto365.com\/sv\/wp-json\/wp\/v2\/pages\/5869"}],"wp:attachment":[{"href":"https:\/\/onlinelotto365.com\/sv\/wp-json\/wp\/v2\/media?parent=80683"}],"curies":[{"name":"wp","href":"https:\/\/api.w.org\/{rel}","templated":true}]}}