{"id":80716,"date":"2022-11-22T12:57:11","date_gmt":"2022-11-22T11:57:11","guid":{"rendered":"https:\/\/onlinelotto365.com\/?page_id=80716"},"modified":"2022-11-22T12:57:11","modified_gmt":"2022-11-22T11:57:11","slug":"la-primitiva","status":"publish","type":"page","link":"https:\/\/onlinelotto365.com\/sv\/vinnande-nummer\/la-primitiva\/","title":{"rendered":"Resultat av La Primitiva-dragningen"},"content":{"rendered":"<p>Vi erbjuder m\u00e5nga olika internationella lotterispel och vi vet att du vill hitta de vinnande numren snabbt. Det \u00e4r d\u00e4rf\u00f6r som vissa v\u00e4ljer att leta efter numren i tidningen. Men att hitta de vinnande numren f\u00f6r La Primitiva i tidningen kan vara sv\u00e5rt. Det kan ocks\u00e5 vara sv\u00e5rt att hitta dessa nummer p\u00e5 TV, eftersom du m\u00e5ste g\u00f6ra din research f\u00f6r att hitta r\u00e4tt kanal.<br \/>\n<a href=\"https:\/\/redfoxlotto.com\/play\/la-primitiva\/?ref=a8564250a2&amp;medium=ol365\" target=\"_blank\" rel=\"noopener noreferrer\"><img decoding=\"async\" class=\"aligncenter\" src=\"https:\/\/redfoxlotto.com\/image?size=8&amp;lottery=la-primitiva\" alt=\" la primitiva\" \/><\/a><br \/>\nEtt annat alternativ \u00e4r att du kan g\u00e5 in p\u00e5 La Primitivas webbplats och se om de visar direktdragningen f\u00f6r deras spel. Om de g\u00f6r det kan det vara sp\u00e4nnande att titta p\u00e5. Om de d\u00e4remot inte g\u00f6r det, vilket m\u00e5nga lotterispel inte g\u00f6r, f\u00e5r du v\u00e4nta ytterligare.<\/p>\n<p>Efter dragningen kan du ibland hitta den senaste dragningen av La Primitiva p\u00e5 YouTube. Men d\u00e5 m\u00e5ste du v\u00e4nta ett tag efter dragningen f\u00f6r att kunna g\u00f6ra det.<\/p>\n<p>Den smidigaste metoden f\u00f6r att f\u00e5 fram siffrorna \u00e4r dock att kolla in v\u00e5r hemsida. Vi erbjuder vinnande nummer och resultat och \u00e4ven vinstbelopp f\u00f6r La Primitiva direkt p\u00e5 v\u00e5r webbplats, och vi inkluderar \u00e4ven andra lotterier som vi erbjuder.<\/p>\n<h2>S\u00e5 tar du reda p\u00e5 om din online-lott har vunnit<\/h2>\n<p>Om du har k\u00f6pt lotter f\u00f6r La Primitiva beh\u00f6ver du inte ens g\u00e5 till resultatsidan. Du kan g\u00e5 direkt in p\u00e5 ditt konto och titta p\u00e5 dina biljetter. Direkt p\u00e5 samma sk\u00e4rm ser du de vinnande numren f\u00f6r varje spel som du spelade. Och du kommer att se markerade nummer f\u00f6r alla som matchar mellan din biljett och de vinnande numren.<br \/>\nOm du har r\u00e4tt nummer kommer du att vara en vinnare och du kan se exakt hur mycket du har vunnit. Du kommer ocks\u00e5 att se att vinsterna (f\u00f6r alla belopp under 2 500 euro) redan finns tillg\u00e4ngliga p\u00e5 ditt konto s\u00e5 snart resultaten har verifierats.<\/p>\n<h2>La Primitiva resultatarkiv<\/h2>\n<p>F\u00f6r dem som vill v\u00e4lja ut sina nummer f\u00f6r n\u00e4sta dragning vet vi att det kan vara viktigt att kolla in \u00e4ldre lotter och \u00e4ldre nummer. D\u00e4rf\u00f6r ser vi till att alla sidor som har de senaste La Primitiva-resultaten ocks\u00e5 har tillg\u00e5ng till \u00e4ldre nummer. Du kan kolla in dem n\u00e4r som helst av vilken anledning som helst.<\/p>\n<h2>Min biljett har vunnit, vad h\u00e4nder h\u00e4rn\u00e4st?<\/h2>\n<p><img loading=\"lazy\" decoding=\"async\" class=\"alignright wp-image-3572\" src=\"https:\/\/onlinelotto365.com\/wp-content\/uploads\/2020\/11\/online_lottery-25-300x212.jpg\" alt=\" vinnande nummer f\u00f6r La Primitiva\" width=\"232\" height=\"165\" srcset=\"https:\/\/onlinelotto365.com\/wp-content\/uploads\/2020\/11\/online_lottery-25-300x212.jpg 300w, https:\/\/onlinelotto365.com\/wp-content\/uploads\/2020\/11\/online_lottery-25.jpg 320w\" sizes=\"auto, (max-width: 232px) 100vw, 232px\" \/><br \/>\nOm din biljett \u00e4r en vinnare beh\u00f6ver du bara luta dig tillbaka och slappna av eftersom vi tar hand om allting \u00e5t dig. Vi krediterar alla belopp under 2 500 euro direkt till ditt konto s\u00e5 du beh\u00f6ver inte g\u00f6ra anspr\u00e5k p\u00e5 det eller g\u00e5 igenom n\u00e5gra extra steg. S\u00e5 l\u00e4nge du har minst 10 \u20ac p\u00e5 ditt konto kan du sedan ta ut pengarna till ditt bankkonto eller kreditkort.<\/p>\n<p>Du beh\u00f6ver bara se till att du har anv\u00e4nt det kortet eller kontot hos oss tidigare. Du m\u00e5ste ocks\u00e5 fylla i n\u00e5gra dokument f\u00f6r att se till att vi f\u00f6ljer de regler som v\u00e5r betalningsf\u00f6rmedlare har. Dessa dokument skyddar oss, men de skyddar ocks\u00e5 dig genom att se till att du \u00e4r den enda som kan ta ut dina pengar fr\u00e5n kontot.<\/p>\n","protected":false},"excerpt":{"rendered":"<p>Vi erbjuder m\u00e5nga olika internationella lotterispel och vi vet att du vill hitta de vinnande numren snabbt. Det \u00e4r d\u00e4rf\u00f6r som vissa v\u00e4ljer att leta efter numren i tidningen. Men att hitta de vinnande numren f\u00f6r La Primitiva i tidningen kan vara sv\u00e5rt. Det kan ocks\u00e5 vara sv\u00e5rt att hitta dessa nummer p\u00e5 TV, eftersom [&hellip;]<\/p>\n","protected":false},"author":1,"featured_media":0,"parent":5869,"menu_order":7,"comment_status":"closed","ping_status":"closed","template":"la-primitiva-results.php","meta":{"_et_pb_use_builder":"","_et_pb_old_content":"","_et_gb_content_width":"","exclude_from_search":false,"footnotes":""},"class_list":["post-80716","page","type-page","status-publish","hentry"],"yoast_head":"<!-- This site is optimized with the Yoast SEO plugin v23.4 - https:\/\/yoast.com\/wordpress\/plugins\/seo\/ -->\n<title>Senaste dragningsresultat, vinnande nummer f\u00f6r La Primitiva<\/title>\n<meta name=\"description\" content=\"F\u00e5 de senaste vinnande numren i spanska La Primitiva, samt andra resultat.\" \/>\n<meta name=\"robots\" content=\"index, follow, max-snippet:-1, max-image-preview:large, max-video-preview:-1\" \/>\n<link rel=\"canonical\" href=\"https:\/\/onlinelotto365.com\/sv\/vinnande-nummer\/la-primitiva\/\" \/>\n<meta property=\"og:locale\" content=\"sv_SE\" \/>\n<meta property=\"og:type\" content=\"article\" \/>\n<meta property=\"og:title\" content=\"Senaste dragningsresultat, vinnande nummer f\u00f6r La Primitiva\" \/>\n<meta property=\"og:description\" content=\"F\u00e5 de senaste vinnande numren i spanska La Primitiva, samt andra resultat.\" \/>\n<meta property=\"og:url\" content=\"https:\/\/onlinelotto365.com\/sv\/vinnande-nummer\/la-primitiva\/\" \/>\n<meta property=\"og:site_name\" content=\"OnlineLotto365\" \/>\n<meta property=\"og:image\" content=\"https:\/\/redfoxlotto.com\/image?size=8&amp;lottery=la-primitiva\" \/>\n<meta name=\"twitter:card\" content=\"summary_large_image\" \/>\n<meta name=\"twitter:label1\" content=\"Ber\u00e4knad l\u00e4stid\" \/>\n\t<meta name=\"twitter:data1\" content=\"3 minuter\" \/>\n<script type=\"application\/ld+json\" class=\"yoast-schema-graph\">{\"@context\":\"https:\/\/schema.org\",\"@graph\":[{\"@type\":\"WebPage\",\"@id\":\"https:\/\/onlinelotto365.com\/sv\/vinnande-nummer\/la-primitiva\/\",\"url\":\"https:\/\/onlinelotto365.com\/sv\/vinnande-nummer\/la-primitiva\/\",\"name\":\"Senaste dragningsresultat, vinnande nummer f\u00f6r La Primitiva\",\"isPartOf\":{\"@id\":\"https:\/\/onlinelotto365.com\/sv\/#website\"},\"primaryImageOfPage\":{\"@id\":\"https:\/\/onlinelotto365.com\/sv\/vinnande-nummer\/la-primitiva\/#primaryimage\"},\"image\":{\"@id\":\"https:\/\/onlinelotto365.com\/sv\/vinnande-nummer\/la-primitiva\/#primaryimage\"},\"thumbnailUrl\":\"https:\/\/redfoxlotto.com\/image?size=8&amp;lottery=la-primitiva\",\"datePublished\":\"2022-11-22T11:57:11+00:00\",\"dateModified\":\"2022-11-22T11:57:11+00:00\",\"description\":\"F\u00e5 de senaste vinnande numren i spanska La Primitiva, samt andra resultat.\",\"breadcrumb\":{\"@id\":\"https:\/\/onlinelotto365.com\/sv\/vinnande-nummer\/la-primitiva\/#breadcrumb\"},\"inLanguage\":\"sv-SE\",\"potentialAction\":[{\"@type\":\"ReadAction\",\"target\":[\"https:\/\/onlinelotto365.com\/sv\/vinnande-nummer\/la-primitiva\/\"]}]},{\"@type\":\"ImageObject\",\"inLanguage\":\"sv-SE\",\"@id\":\"https:\/\/onlinelotto365.com\/sv\/vinnande-nummer\/la-primitiva\/#primaryimage\",\"url\":\"https:\/\/redfoxlotto.com\/image?size=8&amp;lottery=la-primitiva\",\"contentUrl\":\"https:\/\/redfoxlotto.com\/image?size=8&amp;lottery=la-primitiva\"},{\"@type\":\"BreadcrumbList\",\"@id\":\"https:\/\/onlinelotto365.com\/sv\/vinnande-nummer\/la-primitiva\/#breadcrumb\",\"itemListElement\":[{\"@type\":\"ListItem\",\"position\":1,\"name\":\"Home\",\"item\":\"https:\/\/onlinelotto365.com\/sv\/\"},{\"@type\":\"ListItem\",\"position\":2,\"name\":\"Hitta vinnande nummer och resultat f\u00f6r de senaste lottodragningarna\",\"item\":\"https:\/\/onlinelotto365.com\/sv\/vinnande-nummer\/\"},{\"@type\":\"ListItem\",\"position\":3,\"name\":\"Resultat av La Primitiva-dragningen\"}]},{\"@type\":\"WebSite\",\"@id\":\"https:\/\/onlinelotto365.com\/sv\/#website\",\"url\":\"https:\/\/onlinelotto365.com\/sv\/\",\"name\":\"OnlineLotto365\",\"description\":\"\",\"potentialAction\":[{\"@type\":\"SearchAction\",\"target\":{\"@type\":\"EntryPoint\",\"urlTemplate\":\"https:\/\/onlinelotto365.com\/sv\/?s={search_term_string}\"},\"query-input\":{\"@type\":\"PropertyValueSpecification\",\"valueRequired\":true,\"valueName\":\"search_term_string\"}}],\"inLanguage\":\"sv-SE\"}]}<\/script>\n<!-- \/ Yoast SEO plugin. -->","yoast_head_json":{"title":"Senaste dragningsresultat, vinnande nummer f\u00f6r La Primitiva","description":"F\u00e5 de senaste vinnande numren i spanska La Primitiva, samt andra resultat.","robots":{"index":"index","follow":"follow","max-snippet":"max-snippet:-1","max-image-preview":"max-image-preview:large","max-video-preview":"max-video-preview:-1"},"canonical":"https:\/\/onlinelotto365.com\/sv\/vinnande-nummer\/la-primitiva\/","og_locale":"sv_SE","og_type":"article","og_title":"Senaste dragningsresultat, vinnande nummer f\u00f6r La Primitiva","og_description":"F\u00e5 de senaste vinnande numren i spanska La Primitiva, samt andra resultat.","og_url":"https:\/\/onlinelotto365.com\/sv\/vinnande-nummer\/la-primitiva\/","og_site_name":"OnlineLotto365","og_image":[{"url":"https:\/\/redfoxlotto.com\/image?size=8&amp;lottery=la-primitiva"}],"twitter_card":"summary_large_image","twitter_misc":{"Ber\u00e4knad l\u00e4stid":"3 minuter"},"schema":{"@context":"https:\/\/schema.org","@graph":[{"@type":"WebPage","@id":"https:\/\/onlinelotto365.com\/sv\/vinnande-nummer\/la-primitiva\/","url":"https:\/\/onlinelotto365.com\/sv\/vinnande-nummer\/la-primitiva\/","name":"Senaste dragningsresultat, vinnande nummer f\u00f6r La Primitiva","isPartOf":{"@id":"https:\/\/onlinelotto365.com\/sv\/#website"},"primaryImageOfPage":{"@id":"https:\/\/onlinelotto365.com\/sv\/vinnande-nummer\/la-primitiva\/#primaryimage"},"image":{"@id":"https:\/\/onlinelotto365.com\/sv\/vinnande-nummer\/la-primitiva\/#primaryimage"},"thumbnailUrl":"https:\/\/redfoxlotto.com\/image?size=8&amp;lottery=la-primitiva","datePublished":"2022-11-22T11:57:11+00:00","dateModified":"2022-11-22T11:57:11+00:00","description":"F\u00e5 de senaste vinnande numren i spanska La Primitiva, samt andra resultat.","breadcrumb":{"@id":"https:\/\/onlinelotto365.com\/sv\/vinnande-nummer\/la-primitiva\/#breadcrumb"},"inLanguage":"sv-SE","potentialAction":[{"@type":"ReadAction","target":["https:\/\/onlinelotto365.com\/sv\/vinnande-nummer\/la-primitiva\/"]}]},{"@type":"ImageObject","inLanguage":"sv-SE","@id":"https:\/\/onlinelotto365.com\/sv\/vinnande-nummer\/la-primitiva\/#primaryimage","url":"https:\/\/redfoxlotto.com\/image?size=8&amp;lottery=la-primitiva","contentUrl":"https:\/\/redfoxlotto.com\/image?size=8&amp;lottery=la-primitiva"},{"@type":"BreadcrumbList","@id":"https:\/\/onlinelotto365.com\/sv\/vinnande-nummer\/la-primitiva\/#breadcrumb","itemListElement":[{"@type":"ListItem","position":1,"name":"Home","item":"https:\/\/onlinelotto365.com\/sv\/"},{"@type":"ListItem","position":2,"name":"Hitta vinnande nummer och resultat f\u00f6r de senaste lottodragningarna","item":"https:\/\/onlinelotto365.com\/sv\/vinnande-nummer\/"},{"@type":"ListItem","position":3,"name":"Resultat av La Primitiva-dragningen"}]},{"@type":"WebSite","@id":"https:\/\/onlinelotto365.com\/sv\/#website","url":"https:\/\/onlinelotto365.com\/sv\/","name":"OnlineLotto365","description":"","potentialAction":[{"@type":"SearchAction","target":{"@type":"EntryPoint","urlTemplate":"https:\/\/onlinelotto365.com\/sv\/?s={search_term_string}"},"query-input":{"@type":"PropertyValueSpecification","valueRequired":true,"valueName":"search_term_string"}}],"inLanguage":"sv-SE"}]}},"_links":{"self":[{"href":"https:\/\/onlinelotto365.com\/sv\/wp-json\/wp\/v2\/pages\/80716","targetHints":{"allow":["GET"]}}],"collection":[{"href":"https:\/\/onlinelotto365.com\/sv\/wp-json\/wp\/v2\/pages"}],"about":[{"href":"https:\/\/onlinelotto365.com\/sv\/wp-json\/wp\/v2\/types\/page"}],"author":[{"embeddable":true,"href":"https:\/\/onlinelotto365.com\/sv\/wp-json\/wp\/v2\/users\/1"}],"replies":[{"embeddable":true,"href":"https:\/\/onlinelotto365.com\/sv\/wp-json\/wp\/v2\/comments?post=80716"}],"version-history":[{"count":0,"href":"https:\/\/onlinelotto365.com\/sv\/wp-json\/wp\/v2\/pages\/80716\/revisions"}],"up":[{"embeddable":true,"href":"https:\/\/onlinelotto365.com\/sv\/wp-json\/wp\/v2\/pages\/5869"}],"wp:attachment":[{"href":"https:\/\/onlinelotto365.com\/sv\/wp-json\/wp\/v2\/media?parent=80716"}],"curies":[{"name":"wp","href":"https:\/\/api.w.org\/{rel}","templated":true}]}}