{"id":80748,"date":"2022-11-22T13:46:48","date_gmt":"2022-11-22T12:46:48","guid":{"rendered":"https:\/\/onlinelotto365.com\/?page_id=80748"},"modified":"2022-11-22T13:46:48","modified_gmt":"2022-11-22T12:46:48","slug":"bonoloto","status":"publish","type":"page","link":"https:\/\/onlinelotto365.com\/sv\/vinnande-nummer\/bonoloto\/","title":{"rendered":"Spanska Bonoloto-resultat"},"content":{"rendered":"<p>Internationella lotterispel kan vara v\u00e4ldigt roliga, men du m\u00e5ste veta hur du kontrollerar de vinnande numren. Ett s\u00e4tt att titta p\u00e5 de vinnande BonoLoto-numren \u00e4r att g\u00e5 till tidningen. Men endast lokala tidningar kommer i allm\u00e4nhet att ha de resultat du letar efter.<\/p>\n<p><a href=\"https:\/\/redfoxlotto.com\/play\/bonoloto\/?ref=a8564250a2&amp;medium=ol365\" target=\"_blank\" rel=\"noopener noreferrer\"><img decoding=\"async\" class=\"aligncenter\" src=\"https:\/\/redfoxlotto.com\/image?size=8&amp;lottery=bonoloto\" alt=\"BonoLoto\" \/><\/a><br \/>\nEtt annat alternativ \u00e4r att titta p\u00e5 tv-stationer, men du kanske inte heller d\u00e4r hittar den information du s\u00f6ker. Du m\u00e5ste bo i precis r\u00e4tt omr\u00e5de och veta n\u00e4r du ska kolla efter siffrorna.<\/p>\n<p>D\u00e4refter kan du titta p\u00e5 BonoLotos officiella webbplats f\u00f6r att se om de erbjuder en direktdragning online. F\u00f6r spel som g\u00f6r det kan det vara sp\u00e4nnande f\u00f6r vem som helst eftersom du kan bli f\u00e5ngad i \u00f6gonblicket n\u00e4r du tittar p\u00e5 siffrorna som kommer upp omedelbart. Men t\u00e4nk p\u00e5 att det inte \u00e4r alla lotterispel som faktiskt erbjuder detta alternativ.<\/p>\n<p>Slutligen kan du ta en titt p\u00e5 YouTube f\u00f6r att se om n\u00e5gon har lagt upp en livevideo av dragningen eller om de har spelat in de vinnande numren p\u00e5 n\u00e5got annat s\u00e4tt f\u00f6r att dela med sig av BonoLotos dragning.<\/p>\n<p>Det smidigaste s\u00e4ttet f\u00f6r dig att f\u00e5 fram de vinnande numren \u00e4r dock definitivt att kolla in v\u00e5r hemsida. Vi kommer att ge dig alla vinnande nummer f\u00f6r BonoLoto samt alla andra spel som vi har tillg\u00e4ngliga p\u00e5 v\u00e5r webbplats s\u00e5 att du kan h\u00e5lla koll p\u00e5 dem p\u00e5 ett och samma st\u00e4lle.<\/p>\n<h2>S\u00e5 h\u00e4r tar du reda p\u00e5 om din online-biljett har vunnit<\/h2>\n<p>F\u00f6r dig som redan har k\u00f6pt en biljett till BonoLoto kan du g\u00e5 direkt in p\u00e5 ditt konto. Logga in och g\u00e5 till sidan med dina biljetter p\u00e5 den. N\u00e4r du \u00e4r d\u00e4r kan du se resultaten f\u00f6r alla de spel som du har k\u00f6pt biljetter till. Det kommer att g\u00f6ra det mycket enklare f\u00f6r dig att se vilka nummer du har som har matchat och vilka som inte har matchat. Du kommer ocks\u00e5 att kunna f\u00e5 dina pengar direkt om du har vunnit mindre \u00e4n 2 500 euro. Det beror p\u00e5 att dessa belopp s\u00e4tts in direkt p\u00e5 ditt konto utan att du beh\u00f6ver g\u00f6ra n\u00e5got alls.<\/p>\n<h2>BonoLoto resultatarkiv<\/h2>\n<p><img loading=\"lazy\" decoding=\"async\" class=\"alignright wp-image-3651\" src=\"https:\/\/onlinelotto365.com\/wp-content\/uploads\/2020\/11\/online_lottery-79-300x292.jpg\" alt=\"Bonoloto vinnande nummer\" width=\"148\" height=\"145\" srcset=\"https:\/\/onlinelotto365.com\/wp-content\/uploads\/2020\/11\/online_lottery-79-300x292.jpg 300w, https:\/\/onlinelotto365.com\/wp-content\/uploads\/2020\/11\/online_lottery-79.jpg 320w\" sizes=\"auto, (max-width: 148px) 100vw, 148px\" \/><br \/>\nOm du letar efter gamla nummer f\u00f6r BonoLoto beh\u00f6ver du inte leta l\u00e5ngt. Vi har n\u00e4mligen tagit hand om allting \u00e5t dig. Vi har till och med lagt alla gamla nummer p\u00e5 samma st\u00e4lle som de senaste numren s\u00e5 att du inte beh\u00f6ver oroa dig f\u00f6r att f\u00f6rs\u00f6ka hitta dem. Det beror p\u00e5 att vi vet hur viktigt det \u00e4r f\u00f6r dig att kunna hitta dessa nummer n\u00e4r du vill ha dem.<\/p>\n<h2>Min lott har vunnit, vad h\u00e4nder h\u00e4rn\u00e4st?<\/h2>\n<p>Vi har redan talat om att om du vinner n\u00e5gra av de sm\u00e5 vinsterna i n\u00e5got lottospel beh\u00f6ver du inte oroa dig f\u00f6r att f\u00e5 dina pengar. Det beror p\u00e5 att vi tar hand om att f\u00e5 dem insatta direkt p\u00e5 ditt konto \u00e5t dig. Alla belopp under \u20ac2500 kommer automatiskt att l\u00e4ggas till p\u00e5 ditt konto s\u00e5 att de \u00e4r redo n\u00e4r du vill ha dem.<br \/>\nDet kommer definitivt att vara bekv\u00e4mt f\u00f6r dig och det kommer att hj\u00e4lpa dig att komma ig\u00e5ng med att anv\u00e4nda pengarna. Det beror p\u00e5 att du kan anv\u00e4nda dem f\u00f6r att k\u00f6pa fler biljetter n\u00e4r du vill. Om det \u00e4r \u00f6ver 10 euro kan du till och med ta ut pengarna till ett konto som du har anv\u00e4nt p\u00e5 v\u00e5r webbplats tidigare.<\/p>\n","protected":false},"excerpt":{"rendered":"<p>Internationella lotterispel kan vara v\u00e4ldigt roliga, men du m\u00e5ste veta hur du kontrollerar de vinnande numren. Ett s\u00e4tt att titta p\u00e5 de vinnande BonoLoto-numren \u00e4r att g\u00e5 till tidningen. Men endast lokala tidningar kommer i allm\u00e4nhet att ha de resultat du letar efter. Ett annat alternativ \u00e4r att titta p\u00e5 tv-stationer, men du kanske inte [&hellip;]<\/p>\n","protected":false},"author":1,"featured_media":0,"parent":5869,"menu_order":8,"comment_status":"closed","ping_status":"closed","template":"template-rightsidebar.php","meta":{"_et_pb_use_builder":"","_et_pb_old_content":"","_et_gb_content_width":"","exclude_from_search":false,"footnotes":""},"class_list":["post-80748","page","type-page","status-publish","hentry"],"yoast_head":"<!-- This site is optimized with the Yoast SEO plugin v23.4 - https:\/\/yoast.com\/wordpress\/plugins\/seo\/ -->\n<title>Resultat och priser f\u00f6r spanska BonoLoto<\/title>\n<meta name=\"description\" content=\"Se h\u00e4r f\u00f6r att ta reda p\u00e5 om dina Bonoloto-biljetter har vunnit.\" \/>\n<meta name=\"robots\" content=\"index, follow, max-snippet:-1, max-image-preview:large, max-video-preview:-1\" \/>\n<link rel=\"canonical\" href=\"https:\/\/onlinelotto365.com\/sv\/vinnande-nummer\/bonoloto\/\" \/>\n<meta property=\"og:locale\" content=\"sv_SE\" \/>\n<meta property=\"og:type\" content=\"article\" \/>\n<meta property=\"og:title\" content=\"Resultat och priser f\u00f6r spanska BonoLoto\" \/>\n<meta property=\"og:description\" content=\"Se h\u00e4r f\u00f6r att ta reda p\u00e5 om dina Bonoloto-biljetter har vunnit.\" \/>\n<meta property=\"og:url\" content=\"https:\/\/onlinelotto365.com\/sv\/vinnande-nummer\/bonoloto\/\" \/>\n<meta property=\"og:site_name\" content=\"OnlineLotto365\" \/>\n<meta property=\"og:image\" content=\"https:\/\/redfoxlotto.com\/image?size=8&amp;lottery=bonoloto\" \/>\n<meta name=\"twitter:card\" content=\"summary_large_image\" \/>\n<meta name=\"twitter:label1\" content=\"Ber\u00e4knad l\u00e4stid\" \/>\n\t<meta name=\"twitter:data1\" content=\"3 minuter\" \/>\n<script type=\"application\/ld+json\" class=\"yoast-schema-graph\">{\"@context\":\"https:\/\/schema.org\",\"@graph\":[{\"@type\":\"WebPage\",\"@id\":\"https:\/\/onlinelotto365.com\/sv\/vinnande-nummer\/bonoloto\/\",\"url\":\"https:\/\/onlinelotto365.com\/sv\/vinnande-nummer\/bonoloto\/\",\"name\":\"Resultat och priser f\u00f6r spanska BonoLoto\",\"isPartOf\":{\"@id\":\"https:\/\/onlinelotto365.com\/sv\/#website\"},\"primaryImageOfPage\":{\"@id\":\"https:\/\/onlinelotto365.com\/sv\/vinnande-nummer\/bonoloto\/#primaryimage\"},\"image\":{\"@id\":\"https:\/\/onlinelotto365.com\/sv\/vinnande-nummer\/bonoloto\/#primaryimage\"},\"thumbnailUrl\":\"https:\/\/redfoxlotto.com\/image?size=8&amp;lottery=bonoloto\",\"datePublished\":\"2022-11-22T12:46:48+00:00\",\"dateModified\":\"2022-11-22T12:46:48+00:00\",\"description\":\"Se h\u00e4r f\u00f6r att ta reda p\u00e5 om dina Bonoloto-biljetter har vunnit.\",\"breadcrumb\":{\"@id\":\"https:\/\/onlinelotto365.com\/sv\/vinnande-nummer\/bonoloto\/#breadcrumb\"},\"inLanguage\":\"sv-SE\",\"potentialAction\":[{\"@type\":\"ReadAction\",\"target\":[\"https:\/\/onlinelotto365.com\/sv\/vinnande-nummer\/bonoloto\/\"]}]},{\"@type\":\"ImageObject\",\"inLanguage\":\"sv-SE\",\"@id\":\"https:\/\/onlinelotto365.com\/sv\/vinnande-nummer\/bonoloto\/#primaryimage\",\"url\":\"https:\/\/redfoxlotto.com\/image?size=8&amp;lottery=bonoloto\",\"contentUrl\":\"https:\/\/redfoxlotto.com\/image?size=8&amp;lottery=bonoloto\"},{\"@type\":\"BreadcrumbList\",\"@id\":\"https:\/\/onlinelotto365.com\/sv\/vinnande-nummer\/bonoloto\/#breadcrumb\",\"itemListElement\":[{\"@type\":\"ListItem\",\"position\":1,\"name\":\"Home\",\"item\":\"https:\/\/onlinelotto365.com\/sv\/\"},{\"@type\":\"ListItem\",\"position\":2,\"name\":\"Hitta vinnande nummer och resultat f\u00f6r de senaste lottodragningarna\",\"item\":\"https:\/\/onlinelotto365.com\/sv\/vinnande-nummer\/\"},{\"@type\":\"ListItem\",\"position\":3,\"name\":\"Spanska Bonoloto-resultat\"}]},{\"@type\":\"WebSite\",\"@id\":\"https:\/\/onlinelotto365.com\/sv\/#website\",\"url\":\"https:\/\/onlinelotto365.com\/sv\/\",\"name\":\"OnlineLotto365\",\"description\":\"\",\"potentialAction\":[{\"@type\":\"SearchAction\",\"target\":{\"@type\":\"EntryPoint\",\"urlTemplate\":\"https:\/\/onlinelotto365.com\/sv\/?s={search_term_string}\"},\"query-input\":{\"@type\":\"PropertyValueSpecification\",\"valueRequired\":true,\"valueName\":\"search_term_string\"}}],\"inLanguage\":\"sv-SE\"}]}<\/script>\n<!-- \/ Yoast SEO plugin. -->","yoast_head_json":{"title":"Resultat och priser f\u00f6r spanska BonoLoto","description":"Se h\u00e4r f\u00f6r att ta reda p\u00e5 om dina Bonoloto-biljetter har vunnit.","robots":{"index":"index","follow":"follow","max-snippet":"max-snippet:-1","max-image-preview":"max-image-preview:large","max-video-preview":"max-video-preview:-1"},"canonical":"https:\/\/onlinelotto365.com\/sv\/vinnande-nummer\/bonoloto\/","og_locale":"sv_SE","og_type":"article","og_title":"Resultat och priser f\u00f6r spanska BonoLoto","og_description":"Se h\u00e4r f\u00f6r att ta reda p\u00e5 om dina Bonoloto-biljetter har vunnit.","og_url":"https:\/\/onlinelotto365.com\/sv\/vinnande-nummer\/bonoloto\/","og_site_name":"OnlineLotto365","og_image":[{"url":"https:\/\/redfoxlotto.com\/image?size=8&amp;lottery=bonoloto"}],"twitter_card":"summary_large_image","twitter_misc":{"Ber\u00e4knad l\u00e4stid":"3 minuter"},"schema":{"@context":"https:\/\/schema.org","@graph":[{"@type":"WebPage","@id":"https:\/\/onlinelotto365.com\/sv\/vinnande-nummer\/bonoloto\/","url":"https:\/\/onlinelotto365.com\/sv\/vinnande-nummer\/bonoloto\/","name":"Resultat och priser f\u00f6r spanska BonoLoto","isPartOf":{"@id":"https:\/\/onlinelotto365.com\/sv\/#website"},"primaryImageOfPage":{"@id":"https:\/\/onlinelotto365.com\/sv\/vinnande-nummer\/bonoloto\/#primaryimage"},"image":{"@id":"https:\/\/onlinelotto365.com\/sv\/vinnande-nummer\/bonoloto\/#primaryimage"},"thumbnailUrl":"https:\/\/redfoxlotto.com\/image?size=8&amp;lottery=bonoloto","datePublished":"2022-11-22T12:46:48+00:00","dateModified":"2022-11-22T12:46:48+00:00","description":"Se h\u00e4r f\u00f6r att ta reda p\u00e5 om dina Bonoloto-biljetter har vunnit.","breadcrumb":{"@id":"https:\/\/onlinelotto365.com\/sv\/vinnande-nummer\/bonoloto\/#breadcrumb"},"inLanguage":"sv-SE","potentialAction":[{"@type":"ReadAction","target":["https:\/\/onlinelotto365.com\/sv\/vinnande-nummer\/bonoloto\/"]}]},{"@type":"ImageObject","inLanguage":"sv-SE","@id":"https:\/\/onlinelotto365.com\/sv\/vinnande-nummer\/bonoloto\/#primaryimage","url":"https:\/\/redfoxlotto.com\/image?size=8&amp;lottery=bonoloto","contentUrl":"https:\/\/redfoxlotto.com\/image?size=8&amp;lottery=bonoloto"},{"@type":"BreadcrumbList","@id":"https:\/\/onlinelotto365.com\/sv\/vinnande-nummer\/bonoloto\/#breadcrumb","itemListElement":[{"@type":"ListItem","position":1,"name":"Home","item":"https:\/\/onlinelotto365.com\/sv\/"},{"@type":"ListItem","position":2,"name":"Hitta vinnande nummer och resultat f\u00f6r de senaste lottodragningarna","item":"https:\/\/onlinelotto365.com\/sv\/vinnande-nummer\/"},{"@type":"ListItem","position":3,"name":"Spanska Bonoloto-resultat"}]},{"@type":"WebSite","@id":"https:\/\/onlinelotto365.com\/sv\/#website","url":"https:\/\/onlinelotto365.com\/sv\/","name":"OnlineLotto365","description":"","potentialAction":[{"@type":"SearchAction","target":{"@type":"EntryPoint","urlTemplate":"https:\/\/onlinelotto365.com\/sv\/?s={search_term_string}"},"query-input":{"@type":"PropertyValueSpecification","valueRequired":true,"valueName":"search_term_string"}}],"inLanguage":"sv-SE"}]}},"_links":{"self":[{"href":"https:\/\/onlinelotto365.com\/sv\/wp-json\/wp\/v2\/pages\/80748","targetHints":{"allow":["GET"]}}],"collection":[{"href":"https:\/\/onlinelotto365.com\/sv\/wp-json\/wp\/v2\/pages"}],"about":[{"href":"https:\/\/onlinelotto365.com\/sv\/wp-json\/wp\/v2\/types\/page"}],"author":[{"embeddable":true,"href":"https:\/\/onlinelotto365.com\/sv\/wp-json\/wp\/v2\/users\/1"}],"replies":[{"embeddable":true,"href":"https:\/\/onlinelotto365.com\/sv\/wp-json\/wp\/v2\/comments?post=80748"}],"version-history":[{"count":0,"href":"https:\/\/onlinelotto365.com\/sv\/wp-json\/wp\/v2\/pages\/80748\/revisions"}],"up":[{"embeddable":true,"href":"https:\/\/onlinelotto365.com\/sv\/wp-json\/wp\/v2\/pages\/5869"}],"wp:attachment":[{"href":"https:\/\/onlinelotto365.com\/sv\/wp-json\/wp\/v2\/media?parent=80748"}],"curies":[{"name":"wp","href":"https:\/\/api.w.org\/{rel}","templated":true}]}}