{"id":80780,"date":"2022-11-23T07:40:10","date_gmt":"2022-11-23T06:40:10","guid":{"rendered":"https:\/\/onlinelotto365.com\/?page_id=80780"},"modified":"2022-11-23T07:40:10","modified_gmt":"2022-11-23T06:40:10","slug":"uk-lottery","status":"publish","type":"page","link":"https:\/\/onlinelotto365.com\/sv\/vinnande-nummer\/uk-lottery\/","title":{"rendered":"Resultat av det brittiska lotteriet"},"content":{"rendered":"<p>Det finns m\u00e5nga olika internationella spel d\u00e4r ute och vi erbjuder en hel del av dem. Det kan inneb\u00e4ra att du har sv\u00e5rt att hitta resultaten efter dragningen. F\u00f6r vissa vill de titta i tidningen, men din lokala tidning kanske inte har resultaten fr\u00e5n UK Lottery. \u00c5 andra sidan kanske tv-stationerna inte heller har dessa resultat, eller s\u00e5 kan det ta tid att hitta r\u00e4tt kanal som g\u00f6r det.<br \/>\n<a href=\"https:\/\/redfoxlotto.com\/play\/lotto-uk\/?ref=a8564250a2&amp;medium=ol365\" target=\"_blank\" rel=\"noopener noreferrer\"><img decoding=\"async\" class=\"aligncenter\" src=\"https:\/\/redfoxlotto.com\/image?size=8&amp;lottery=lotto-uk\" alt=\"Storbritannien-lotteriet\" \/><\/a><br \/>\nEtt annat alternativ \u00e4r att titta p\u00e5 den officiella webbplatsen f\u00f6r UK Lottery, som kan ha en direkts\u00e4ndning av dragningen. Men det \u00e4r inte alla lotterier som erbjuder den h\u00e4r typen av live stream-system och \u00e4ven n\u00e4r de g\u00f6r det m\u00e5ste du vara d\u00e4r vid r\u00e4tt tidpunkt. S\u00e5 vilket s\u00e4tt kan du anv\u00e4nda f\u00f6r att hitta resultaten fr\u00e5n det brittiska lotteriet?<br \/>\nEtt annat alternativ \u00e4r att kolla p\u00e5 YouTube efter den senaste dragningen av UK Lottery om den redan \u00e4r \u00f6ver. Ibland laddar folk upp inspelningen eller l\u00e4gger upp vinstnumren p\u00e5 n\u00e5got s\u00e4tt.<\/p>\n<p>Det enklaste s\u00e4ttet f\u00f6r dig att f\u00e5 fram de vinnande numren \u00e4r dock att kolla in v\u00e5r webbplats. V\u00e5r sida med lotteriresultat visar dig resultaten och vinsterna f\u00f6r UK Lottery samt alla andra lotterispel som vi har tillg\u00e4ngliga.<\/p>\n<h2>S\u00e5 h\u00e4r f\u00e5r du reda p\u00e5 om din online-lott har vunnit<\/h2>\n<p>Vad som \u00e4r \u00e4nnu b\u00e4ttre f\u00f6r dig \u00e4r att du kan kontrollera din kontosida om du redan har k\u00f6pt lotter. P\u00e5 din kontosida visar vi dig de vinnande numren f\u00f6r alla lotter som du har och j\u00e4mf\u00f6r dem med din egen lott. Vi lyfter till och med fram de nummer som st\u00e4mmer \u00f6verens.<br \/>\nOch om du vinner mindre \u00e4n 2 500 euro beh\u00f6ver du inte g\u00f6ra n\u00e5gonting eftersom pengarna redan kommer att s\u00e4ttas in direkt p\u00e5 ditt spelarkonto s\u00e5 snart resultaten har verifierats. Det g\u00f6r det l\u00e4ttare f\u00f6r dig att k\u00f6pa fler lotter till n\u00e4sta dragning.<\/p>\n<h2>Arkiv med resultat fr\u00e5n UK Lottery<\/h2>\n<p>Varje sida p\u00e5 v\u00e5r webbplats som visar dig aktuella vinstnummer kommer ocks\u00e5 att visa dig de gamla resultaten fr\u00e5n UK Lottery. Du kommer att kunna kontrollera tidigare dragningar f\u00f6r att hitta gamla lotter eller f\u00f6r att r\u00e4kna ut vilka nummer du vill spela n\u00e4sta g\u00e5ng. M\u00e5nga m\u00e4nniskor gillar trots allt att kolla de gamla numren f\u00f6r att v\u00e4lja sina nummer.<\/p>\n<h2>Min lott har vunnit, vad h\u00e4nder h\u00e4rn\u00e4st?<\/h2>\n<p><img loading=\"lazy\" decoding=\"async\" class=\"alignright wp-image-3550\" src=\"https:\/\/onlinelotto365.com\/wp-content\/uploads\/2020\/11\/online_lottery-108-300x232.jpg\" alt=\"resultat av UK-lotteriet\" width=\"146\" height=\"113\" srcset=\"https:\/\/onlinelotto365.com\/wp-content\/uploads\/2020\/11\/online_lottery-108-300x232.jpg 300w, https:\/\/onlinelotto365.com\/wp-content\/uploads\/2020\/11\/online_lottery-108.jpg 320w\" sizes=\"auto, (max-width: 146px) 100vw, 146px\" \/><br \/>\nOm du har en vinnande lott och har r\u00e4tt till mindre \u00e4n 2 500 euro beh\u00f6ver du inte g\u00f6ra n\u00e5gonting alls. Vi tar hand om allting \u00e5t dig och ser till att du f\u00e5r din vinst direkt till ditt konto. Om du vill anv\u00e4nda dessa pengar kan du anv\u00e4nda dem f\u00f6r att k\u00f6pa \u00e4nnu fler lotter. Om du inte vill kan du ta ut pengarna s\u00e5 l\u00e4nge du har minst 10 euro tillg\u00e4ngliga. Dessa pengar m\u00e5ste tas ut med en betalningsmetod som redan har anv\u00e4nts p\u00e5 v\u00e5r webbplats och du kan beh\u00f6va verifiera din identitet f\u00f6r att f\u00f6lja federala best\u00e4mmelser.<\/p>\n","protected":false},"excerpt":{"rendered":"<p>Det finns m\u00e5nga olika internationella spel d\u00e4r ute och vi erbjuder en hel del av dem. Det kan inneb\u00e4ra att du har sv\u00e5rt att hitta resultaten efter dragningen. F\u00f6r vissa vill de titta i tidningen, men din lokala tidning kanske inte har resultaten fr\u00e5n UK Lottery. \u00c5 andra sidan kanske tv-stationerna inte heller har dessa [&hellip;]<\/p>\n","protected":false},"author":1,"featured_media":0,"parent":5869,"menu_order":9,"comment_status":"closed","ping_status":"closed","template":"lotto-uk-results.php","meta":{"_et_pb_use_builder":"","_et_pb_old_content":"","_et_gb_content_width":"","exclude_from_search":false,"footnotes":""},"class_list":["post-80780","page","type-page","status-publish","hentry"],"yoast_head":"<!-- This site is optimized with the Yoast SEO plugin v23.4 - https:\/\/yoast.com\/wordpress\/plugins\/seo\/ -->\n<title>Resultat, vinnande nummer f\u00f6r UK Lottery<\/title>\n<meta name=\"description\" content=\"Direkt efter dragningen kan du se resultaten och numren fr\u00e5n det brittiska lotteriet h\u00e4r.\" \/>\n<meta name=\"robots\" content=\"index, follow, max-snippet:-1, max-image-preview:large, max-video-preview:-1\" \/>\n<link rel=\"canonical\" href=\"https:\/\/onlinelotto365.com\/sv\/vinnande-nummer\/uk-lottery\/\" \/>\n<meta property=\"og:locale\" content=\"sv_SE\" \/>\n<meta property=\"og:type\" content=\"article\" \/>\n<meta property=\"og:title\" content=\"Resultat, vinnande nummer f\u00f6r UK Lottery\" \/>\n<meta property=\"og:description\" content=\"Direkt efter dragningen kan du se resultaten och numren fr\u00e5n det brittiska lotteriet h\u00e4r.\" \/>\n<meta property=\"og:url\" content=\"https:\/\/onlinelotto365.com\/sv\/vinnande-nummer\/uk-lottery\/\" \/>\n<meta property=\"og:site_name\" content=\"OnlineLotto365\" \/>\n<meta property=\"og:image\" content=\"https:\/\/redfoxlotto.com\/image?size=8&amp;lottery=lotto-uk\" \/>\n<meta name=\"twitter:card\" content=\"summary_large_image\" \/>\n<meta name=\"twitter:label1\" content=\"Ber\u00e4knad l\u00e4stid\" \/>\n\t<meta name=\"twitter:data1\" content=\"3 minuter\" \/>\n<script type=\"application\/ld+json\" class=\"yoast-schema-graph\">{\"@context\":\"https:\/\/schema.org\",\"@graph\":[{\"@type\":\"WebPage\",\"@id\":\"https:\/\/onlinelotto365.com\/sv\/vinnande-nummer\/uk-lottery\/\",\"url\":\"https:\/\/onlinelotto365.com\/sv\/vinnande-nummer\/uk-lottery\/\",\"name\":\"Resultat, vinnande nummer f\u00f6r UK Lottery\",\"isPartOf\":{\"@id\":\"https:\/\/onlinelotto365.com\/sv\/#website\"},\"primaryImageOfPage\":{\"@id\":\"https:\/\/onlinelotto365.com\/sv\/vinnande-nummer\/uk-lottery\/#primaryimage\"},\"image\":{\"@id\":\"https:\/\/onlinelotto365.com\/sv\/vinnande-nummer\/uk-lottery\/#primaryimage\"},\"thumbnailUrl\":\"https:\/\/redfoxlotto.com\/image?size=8&amp;lottery=lotto-uk\",\"datePublished\":\"2022-11-23T06:40:10+00:00\",\"dateModified\":\"2022-11-23T06:40:10+00:00\",\"description\":\"Direkt efter dragningen kan du se resultaten och numren fr\u00e5n det brittiska lotteriet h\u00e4r.\",\"breadcrumb\":{\"@id\":\"https:\/\/onlinelotto365.com\/sv\/vinnande-nummer\/uk-lottery\/#breadcrumb\"},\"inLanguage\":\"sv-SE\",\"potentialAction\":[{\"@type\":\"ReadAction\",\"target\":[\"https:\/\/onlinelotto365.com\/sv\/vinnande-nummer\/uk-lottery\/\"]}]},{\"@type\":\"ImageObject\",\"inLanguage\":\"sv-SE\",\"@id\":\"https:\/\/onlinelotto365.com\/sv\/vinnande-nummer\/uk-lottery\/#primaryimage\",\"url\":\"https:\/\/redfoxlotto.com\/image?size=8&amp;lottery=lotto-uk\",\"contentUrl\":\"https:\/\/redfoxlotto.com\/image?size=8&amp;lottery=lotto-uk\"},{\"@type\":\"BreadcrumbList\",\"@id\":\"https:\/\/onlinelotto365.com\/sv\/vinnande-nummer\/uk-lottery\/#breadcrumb\",\"itemListElement\":[{\"@type\":\"ListItem\",\"position\":1,\"name\":\"Home\",\"item\":\"https:\/\/onlinelotto365.com\/sv\/\"},{\"@type\":\"ListItem\",\"position\":2,\"name\":\"Hitta vinnande nummer och resultat f\u00f6r de senaste lottodragningarna\",\"item\":\"https:\/\/onlinelotto365.com\/sv\/vinnande-nummer\/\"},{\"@type\":\"ListItem\",\"position\":3,\"name\":\"Resultat av det brittiska lotteriet\"}]},{\"@type\":\"WebSite\",\"@id\":\"https:\/\/onlinelotto365.com\/sv\/#website\",\"url\":\"https:\/\/onlinelotto365.com\/sv\/\",\"name\":\"OnlineLotto365\",\"description\":\"\",\"potentialAction\":[{\"@type\":\"SearchAction\",\"target\":{\"@type\":\"EntryPoint\",\"urlTemplate\":\"https:\/\/onlinelotto365.com\/sv\/?s={search_term_string}\"},\"query-input\":{\"@type\":\"PropertyValueSpecification\",\"valueRequired\":true,\"valueName\":\"search_term_string\"}}],\"inLanguage\":\"sv-SE\"}]}<\/script>\n<!-- \/ Yoast SEO plugin. -->","yoast_head_json":{"title":"Resultat, vinnande nummer f\u00f6r UK Lottery","description":"Direkt efter dragningen kan du se resultaten och numren fr\u00e5n det brittiska lotteriet h\u00e4r.","robots":{"index":"index","follow":"follow","max-snippet":"max-snippet:-1","max-image-preview":"max-image-preview:large","max-video-preview":"max-video-preview:-1"},"canonical":"https:\/\/onlinelotto365.com\/sv\/vinnande-nummer\/uk-lottery\/","og_locale":"sv_SE","og_type":"article","og_title":"Resultat, vinnande nummer f\u00f6r UK Lottery","og_description":"Direkt efter dragningen kan du se resultaten och numren fr\u00e5n det brittiska lotteriet h\u00e4r.","og_url":"https:\/\/onlinelotto365.com\/sv\/vinnande-nummer\/uk-lottery\/","og_site_name":"OnlineLotto365","og_image":[{"url":"https:\/\/redfoxlotto.com\/image?size=8&amp;lottery=lotto-uk"}],"twitter_card":"summary_large_image","twitter_misc":{"Ber\u00e4knad l\u00e4stid":"3 minuter"},"schema":{"@context":"https:\/\/schema.org","@graph":[{"@type":"WebPage","@id":"https:\/\/onlinelotto365.com\/sv\/vinnande-nummer\/uk-lottery\/","url":"https:\/\/onlinelotto365.com\/sv\/vinnande-nummer\/uk-lottery\/","name":"Resultat, vinnande nummer f\u00f6r UK Lottery","isPartOf":{"@id":"https:\/\/onlinelotto365.com\/sv\/#website"},"primaryImageOfPage":{"@id":"https:\/\/onlinelotto365.com\/sv\/vinnande-nummer\/uk-lottery\/#primaryimage"},"image":{"@id":"https:\/\/onlinelotto365.com\/sv\/vinnande-nummer\/uk-lottery\/#primaryimage"},"thumbnailUrl":"https:\/\/redfoxlotto.com\/image?size=8&amp;lottery=lotto-uk","datePublished":"2022-11-23T06:40:10+00:00","dateModified":"2022-11-23T06:40:10+00:00","description":"Direkt efter dragningen kan du se resultaten och numren fr\u00e5n det brittiska lotteriet h\u00e4r.","breadcrumb":{"@id":"https:\/\/onlinelotto365.com\/sv\/vinnande-nummer\/uk-lottery\/#breadcrumb"},"inLanguage":"sv-SE","potentialAction":[{"@type":"ReadAction","target":["https:\/\/onlinelotto365.com\/sv\/vinnande-nummer\/uk-lottery\/"]}]},{"@type":"ImageObject","inLanguage":"sv-SE","@id":"https:\/\/onlinelotto365.com\/sv\/vinnande-nummer\/uk-lottery\/#primaryimage","url":"https:\/\/redfoxlotto.com\/image?size=8&amp;lottery=lotto-uk","contentUrl":"https:\/\/redfoxlotto.com\/image?size=8&amp;lottery=lotto-uk"},{"@type":"BreadcrumbList","@id":"https:\/\/onlinelotto365.com\/sv\/vinnande-nummer\/uk-lottery\/#breadcrumb","itemListElement":[{"@type":"ListItem","position":1,"name":"Home","item":"https:\/\/onlinelotto365.com\/sv\/"},{"@type":"ListItem","position":2,"name":"Hitta vinnande nummer och resultat f\u00f6r de senaste lottodragningarna","item":"https:\/\/onlinelotto365.com\/sv\/vinnande-nummer\/"},{"@type":"ListItem","position":3,"name":"Resultat av det brittiska lotteriet"}]},{"@type":"WebSite","@id":"https:\/\/onlinelotto365.com\/sv\/#website","url":"https:\/\/onlinelotto365.com\/sv\/","name":"OnlineLotto365","description":"","potentialAction":[{"@type":"SearchAction","target":{"@type":"EntryPoint","urlTemplate":"https:\/\/onlinelotto365.com\/sv\/?s={search_term_string}"},"query-input":{"@type":"PropertyValueSpecification","valueRequired":true,"valueName":"search_term_string"}}],"inLanguage":"sv-SE"}]}},"_links":{"self":[{"href":"https:\/\/onlinelotto365.com\/sv\/wp-json\/wp\/v2\/pages\/80780","targetHints":{"allow":["GET"]}}],"collection":[{"href":"https:\/\/onlinelotto365.com\/sv\/wp-json\/wp\/v2\/pages"}],"about":[{"href":"https:\/\/onlinelotto365.com\/sv\/wp-json\/wp\/v2\/types\/page"}],"author":[{"embeddable":true,"href":"https:\/\/onlinelotto365.com\/sv\/wp-json\/wp\/v2\/users\/1"}],"replies":[{"embeddable":true,"href":"https:\/\/onlinelotto365.com\/sv\/wp-json\/wp\/v2\/comments?post=80780"}],"version-history":[{"count":0,"href":"https:\/\/onlinelotto365.com\/sv\/wp-json\/wp\/v2\/pages\/80780\/revisions"}],"up":[{"embeddable":true,"href":"https:\/\/onlinelotto365.com\/sv\/wp-json\/wp\/v2\/pages\/5869"}],"wp:attachment":[{"href":"https:\/\/onlinelotto365.com\/sv\/wp-json\/wp\/v2\/media?parent=80780"}],"curies":[{"name":"wp","href":"https:\/\/api.w.org\/{rel}","templated":true}]}}