{"id":80816,"date":"2022-11-23T08:47:39","date_gmt":"2022-11-23T07:47:39","guid":{"rendered":"https:\/\/onlinelotto365.com\/?page_id=80816"},"modified":"2022-11-23T08:47:39","modified_gmt":"2022-11-23T07:47:39","slug":"set-for-life","status":"publish","type":"page","link":"https:\/\/onlinelotto365.com\/sv\/vinnande-nummer\/set-for-life\/","title":{"rendered":"Resultat av dragningen av Set for life"},"content":{"rendered":"<p>Internationella lotterispel kan vara mycket roliga, men det kr\u00e4vs lite anstr\u00e4ngning f\u00f6r att hitta de vinnande numren. Numren f\u00f6r Set for Life kanske inte finns tillg\u00e4ngliga i din lokaltidning. Det beror p\u00e5 att du kanske inte befinner dig i r\u00e4tt omr\u00e5de.<br \/>\n<a href=\"https:\/\/redfoxlotto.com\/play\/set-for-life-uk\/?ref=a8564250a2&amp;medium=ol365\" target=\"_blank\" rel=\"noopener noreferrer\"><img decoding=\"async\" class=\"aligncenter\" src=\"https:\/\/redfoxlotto.com\/image?size=8&amp;lottery=set-for-life-uk\" alt=\"set for life\" \/><\/a><br \/>\nSamma sak g\u00e4ller f\u00f6r att se resultaten p\u00e5 TV. Om du inte befinner dig i r\u00e4tt omr\u00e5de m\u00e5ste du g\u00f6ra en hel del letande f\u00f6r att hitta en kanal som visar resultaten.<br \/>\nDu kan ocks\u00e5 titta p\u00e5 den officiella webbplatsen Set for Life f\u00f6r att se om de har en lives\u00e4ndning f\u00f6r de vinnande numren. Om de g\u00f6r det kan du vilja kolla in det eftersom det \u00e4r ett av de mest sp\u00e4nnande alternativen att se dragningen live. \u00c5 andra sidan \u00e4r det inte alla lotterispel som erbjuder detta alternativ och du kanske inte hittar det.<\/p>\n<p>Ett annat st\u00e4lle att titta p\u00e5 \u00e4r p\u00e5 YouTube. D\u00e4r kan du ibland hitta dragningsvideor efter att dragningen har \u00e4gt rum och du kanske kan hitta de vinnande numren.<\/p>\n<p>Det smidigaste s\u00e4ttet att hitta de vinnande numren f\u00f6r Set for Life \u00e4r att g\u00e5 till v\u00e5r webbplats. Vi har alla vinnande nummer tillg\u00e4ngliga f\u00f6r alla de spel som vi har tillg\u00e4ngliga. S\u00e5 du kan hitta Set for Life och en hel del annat.<\/p>\n<h2>Hur du tar reda p\u00e5 om din online-biljett har vunnit<\/h2>\n<p>Det blir \u00e4nnu b\u00e4ttre om du redan har k\u00f6pt biljetter till Set for Life hos oss. Vi g\u00f6r det n\u00e4mligen \u00e4nnu enklare att kontrollera de biljetter du redan har. Du kan kontrollera sidan d\u00e4r alla dina biljetter lagras och du hittar inte bara dina biljettnummer utan \u00e4ven numren f\u00f6r den vinnande biljetten. Vi tar till och med hand om att l\u00e5ta dig veta vilka nummer som matchar genom att f\u00e4rgkoda dem. P\u00e5 s\u00e5 s\u00e4tt beh\u00f6ver du inte ens titta p\u00e5 alternativen sj\u00e4lv. Om det vinnande beloppet sedan \u00e4r mindre \u00e4n 2 500 euro beh\u00f6ver du inte oroa dig eftersom vi s\u00e4tter in pengarna p\u00e5 ditt konto direkt.<\/p>\n<h2>Set for life resultatarkiv<\/h2>\n<p>F\u00f6r dig som vill ta en titt p\u00e5 de gamla siffrorna f\u00f6r Set for Life kan du g\u00f6ra det enkelt. Vi har n\u00e4mligen arkivnumren tillg\u00e4ngliga \u00f6verallt d\u00e4r de senaste resultaten finns. P\u00e5 s\u00e5 s\u00e4tt kan du se vilka nummer som dras mest och vilka som kanske \u00e4r aktuella f\u00f6r en ny dragning.<\/p>\n<h2>Min lott har vunnit, vad h\u00e4nder h\u00e4rn\u00e4st?<\/h2>\n<p>Om du vinner p\u00e5 din lottolott med Set for Life \u00e4r allt du beh\u00f6ver g\u00f6ra att v\u00e4nta och se vad som h\u00e4nder. Det beror p\u00e5 att vi tar hand om det mesta \u00e5t dig. Du kan v\u00e4nta p\u00e5 alla belopp som \u00e4r mindre \u00e4n 2 500 euro eftersom vi omedelbart s\u00e4tter in dem p\u00e5 ditt konto s\u00e5 snart de vinnande numren har verifierats.<br \/>\n<img loading=\"lazy\" decoding=\"async\" class=\"alignright wp-image-3543\" src=\"https:\/\/onlinelotto365.com\/wp-content\/uploads\/2020\/11\/online_lottery-3-300x300.jpg\" alt=\"vinnande nummer f\u00f6r set for life\" width=\"187\" height=\"187\" srcset=\"https:\/\/onlinelotto365.com\/wp-content\/uploads\/2020\/11\/online_lottery-3-300x300.jpg 300w, https:\/\/onlinelotto365.com\/wp-content\/uploads\/2020\/11\/online_lottery-3-100x100.jpg 100w, https:\/\/onlinelotto365.com\/wp-content\/uploads\/2020\/11\/online_lottery-3-150x150.jpg 150w, https:\/\/onlinelotto365.com\/wp-content\/uploads\/2020\/11\/online_lottery-3.jpg 320w\" sizes=\"auto, (max-width: 187px) 100vw, 187px\" \/><br \/>\nOm du sedan har minst 10 \u20ac p\u00e5 ditt konto har du m\u00f6jlighet att ta ut pengarna till ditt bankkonto. Du beh\u00f6ver bara se till att du anv\u00e4nder ett konto som du redan har anv\u00e4nt med v\u00e5rt system tidigare. Och du m\u00e5ste verifiera din identitet och information f\u00f6r v\u00e5r betalningsf\u00f6rmedlare. Detta \u00e4r en enkel process som kan g\u00f6ras med bara n\u00e5gra f\u00e5 formul\u00e4r och innan du vet ordet av kommer dina pengar att vara tillg\u00e4ngliga.<\/p>\n","protected":false},"excerpt":{"rendered":"<p>Internationella lotterispel kan vara mycket roliga, men det kr\u00e4vs lite anstr\u00e4ngning f\u00f6r att hitta de vinnande numren. Numren f\u00f6r Set for Life kanske inte finns tillg\u00e4ngliga i din lokaltidning. Det beror p\u00e5 att du kanske inte befinner dig i r\u00e4tt omr\u00e5de. Samma sak g\u00e4ller f\u00f6r att se resultaten p\u00e5 TV. Om du inte befinner dig [&hellip;]<\/p>\n","protected":false},"author":1,"featured_media":0,"parent":5869,"menu_order":10,"comment_status":"closed","ping_status":"closed","template":"set-for-life-results.php","meta":{"_et_pb_use_builder":"","_et_pb_old_content":"","_et_gb_content_width":"","exclude_from_search":false,"footnotes":""},"class_list":["post-80816","page","type-page","status-publish","hentry"],"yoast_head":"<!-- This site is optimized with the Yoast SEO plugin v23.4 - https:\/\/yoast.com\/wordpress\/plugins\/seo\/ -->\n<title>Senaste vinnande nummer och utbetalningar f\u00f6r Set for life<\/title>\n<meta name=\"description\" content=\"Spelade du p\u00e5 Set for life-lotteriet? Vi har de senaste och tidigare vinnande numren\" \/>\n<meta name=\"robots\" content=\"index, follow, max-snippet:-1, max-image-preview:large, max-video-preview:-1\" \/>\n<link rel=\"canonical\" href=\"https:\/\/onlinelotto365.com\/sv\/vinnande-nummer\/set-for-life\/\" \/>\n<meta property=\"og:locale\" content=\"sv_SE\" \/>\n<meta property=\"og:type\" content=\"article\" \/>\n<meta property=\"og:title\" content=\"Senaste vinnande nummer och utbetalningar f\u00f6r Set for life\" \/>\n<meta property=\"og:description\" content=\"Spelade du p\u00e5 Set for life-lotteriet? Vi har de senaste och tidigare vinnande numren\" \/>\n<meta property=\"og:url\" content=\"https:\/\/onlinelotto365.com\/sv\/vinnande-nummer\/set-for-life\/\" \/>\n<meta property=\"og:site_name\" content=\"OnlineLotto365\" \/>\n<meta property=\"og:image\" content=\"https:\/\/redfoxlotto.com\/image?size=8&amp;lottery=set-for-life-uk\" \/>\n<meta name=\"twitter:card\" content=\"summary_large_image\" \/>\n<meta name=\"twitter:label1\" content=\"Ber\u00e4knad l\u00e4stid\" \/>\n\t<meta name=\"twitter:data1\" content=\"3 minuter\" \/>\n<script type=\"application\/ld+json\" class=\"yoast-schema-graph\">{\"@context\":\"https:\/\/schema.org\",\"@graph\":[{\"@type\":\"WebPage\",\"@id\":\"https:\/\/onlinelotto365.com\/sv\/vinnande-nummer\/set-for-life\/\",\"url\":\"https:\/\/onlinelotto365.com\/sv\/vinnande-nummer\/set-for-life\/\",\"name\":\"Senaste vinnande nummer och utbetalningar f\u00f6r Set for life\",\"isPartOf\":{\"@id\":\"https:\/\/onlinelotto365.com\/sv\/#website\"},\"primaryImageOfPage\":{\"@id\":\"https:\/\/onlinelotto365.com\/sv\/vinnande-nummer\/set-for-life\/#primaryimage\"},\"image\":{\"@id\":\"https:\/\/onlinelotto365.com\/sv\/vinnande-nummer\/set-for-life\/#primaryimage\"},\"thumbnailUrl\":\"https:\/\/redfoxlotto.com\/image?size=8&amp;lottery=set-for-life-uk\",\"datePublished\":\"2022-11-23T07:47:39+00:00\",\"dateModified\":\"2022-11-23T07:47:39+00:00\",\"description\":\"Spelade du p\u00e5 Set for life-lotteriet? Vi har de senaste och tidigare vinnande numren\",\"breadcrumb\":{\"@id\":\"https:\/\/onlinelotto365.com\/sv\/vinnande-nummer\/set-for-life\/#breadcrumb\"},\"inLanguage\":\"sv-SE\",\"potentialAction\":[{\"@type\":\"ReadAction\",\"target\":[\"https:\/\/onlinelotto365.com\/sv\/vinnande-nummer\/set-for-life\/\"]}]},{\"@type\":\"ImageObject\",\"inLanguage\":\"sv-SE\",\"@id\":\"https:\/\/onlinelotto365.com\/sv\/vinnande-nummer\/set-for-life\/#primaryimage\",\"url\":\"https:\/\/redfoxlotto.com\/image?size=8&amp;lottery=set-for-life-uk\",\"contentUrl\":\"https:\/\/redfoxlotto.com\/image?size=8&amp;lottery=set-for-life-uk\"},{\"@type\":\"BreadcrumbList\",\"@id\":\"https:\/\/onlinelotto365.com\/sv\/vinnande-nummer\/set-for-life\/#breadcrumb\",\"itemListElement\":[{\"@type\":\"ListItem\",\"position\":1,\"name\":\"Home\",\"item\":\"https:\/\/onlinelotto365.com\/sv\/\"},{\"@type\":\"ListItem\",\"position\":2,\"name\":\"Hitta vinnande nummer och resultat f\u00f6r de senaste lottodragningarna\",\"item\":\"https:\/\/onlinelotto365.com\/sv\/vinnande-nummer\/\"},{\"@type\":\"ListItem\",\"position\":3,\"name\":\"Resultat av dragningen av Set for life\"}]},{\"@type\":\"WebSite\",\"@id\":\"https:\/\/onlinelotto365.com\/sv\/#website\",\"url\":\"https:\/\/onlinelotto365.com\/sv\/\",\"name\":\"OnlineLotto365\",\"description\":\"\",\"potentialAction\":[{\"@type\":\"SearchAction\",\"target\":{\"@type\":\"EntryPoint\",\"urlTemplate\":\"https:\/\/onlinelotto365.com\/sv\/?s={search_term_string}\"},\"query-input\":{\"@type\":\"PropertyValueSpecification\",\"valueRequired\":true,\"valueName\":\"search_term_string\"}}],\"inLanguage\":\"sv-SE\"}]}<\/script>\n<!-- \/ Yoast SEO plugin. -->","yoast_head_json":{"title":"Senaste vinnande nummer och utbetalningar f\u00f6r Set for life","description":"Spelade du p\u00e5 Set for life-lotteriet? Vi har de senaste och tidigare vinnande numren","robots":{"index":"index","follow":"follow","max-snippet":"max-snippet:-1","max-image-preview":"max-image-preview:large","max-video-preview":"max-video-preview:-1"},"canonical":"https:\/\/onlinelotto365.com\/sv\/vinnande-nummer\/set-for-life\/","og_locale":"sv_SE","og_type":"article","og_title":"Senaste vinnande nummer och utbetalningar f\u00f6r Set for life","og_description":"Spelade du p\u00e5 Set for life-lotteriet? Vi har de senaste och tidigare vinnande numren","og_url":"https:\/\/onlinelotto365.com\/sv\/vinnande-nummer\/set-for-life\/","og_site_name":"OnlineLotto365","og_image":[{"url":"https:\/\/redfoxlotto.com\/image?size=8&amp;lottery=set-for-life-uk"}],"twitter_card":"summary_large_image","twitter_misc":{"Ber\u00e4knad l\u00e4stid":"3 minuter"},"schema":{"@context":"https:\/\/schema.org","@graph":[{"@type":"WebPage","@id":"https:\/\/onlinelotto365.com\/sv\/vinnande-nummer\/set-for-life\/","url":"https:\/\/onlinelotto365.com\/sv\/vinnande-nummer\/set-for-life\/","name":"Senaste vinnande nummer och utbetalningar f\u00f6r Set for life","isPartOf":{"@id":"https:\/\/onlinelotto365.com\/sv\/#website"},"primaryImageOfPage":{"@id":"https:\/\/onlinelotto365.com\/sv\/vinnande-nummer\/set-for-life\/#primaryimage"},"image":{"@id":"https:\/\/onlinelotto365.com\/sv\/vinnande-nummer\/set-for-life\/#primaryimage"},"thumbnailUrl":"https:\/\/redfoxlotto.com\/image?size=8&amp;lottery=set-for-life-uk","datePublished":"2022-11-23T07:47:39+00:00","dateModified":"2022-11-23T07:47:39+00:00","description":"Spelade du p\u00e5 Set for life-lotteriet? Vi har de senaste och tidigare vinnande numren","breadcrumb":{"@id":"https:\/\/onlinelotto365.com\/sv\/vinnande-nummer\/set-for-life\/#breadcrumb"},"inLanguage":"sv-SE","potentialAction":[{"@type":"ReadAction","target":["https:\/\/onlinelotto365.com\/sv\/vinnande-nummer\/set-for-life\/"]}]},{"@type":"ImageObject","inLanguage":"sv-SE","@id":"https:\/\/onlinelotto365.com\/sv\/vinnande-nummer\/set-for-life\/#primaryimage","url":"https:\/\/redfoxlotto.com\/image?size=8&amp;lottery=set-for-life-uk","contentUrl":"https:\/\/redfoxlotto.com\/image?size=8&amp;lottery=set-for-life-uk"},{"@type":"BreadcrumbList","@id":"https:\/\/onlinelotto365.com\/sv\/vinnande-nummer\/set-for-life\/#breadcrumb","itemListElement":[{"@type":"ListItem","position":1,"name":"Home","item":"https:\/\/onlinelotto365.com\/sv\/"},{"@type":"ListItem","position":2,"name":"Hitta vinnande nummer och resultat f\u00f6r de senaste lottodragningarna","item":"https:\/\/onlinelotto365.com\/sv\/vinnande-nummer\/"},{"@type":"ListItem","position":3,"name":"Resultat av dragningen av Set for life"}]},{"@type":"WebSite","@id":"https:\/\/onlinelotto365.com\/sv\/#website","url":"https:\/\/onlinelotto365.com\/sv\/","name":"OnlineLotto365","description":"","potentialAction":[{"@type":"SearchAction","target":{"@type":"EntryPoint","urlTemplate":"https:\/\/onlinelotto365.com\/sv\/?s={search_term_string}"},"query-input":{"@type":"PropertyValueSpecification","valueRequired":true,"valueName":"search_term_string"}}],"inLanguage":"sv-SE"}]}},"_links":{"self":[{"href":"https:\/\/onlinelotto365.com\/sv\/wp-json\/wp\/v2\/pages\/80816","targetHints":{"allow":["GET"]}}],"collection":[{"href":"https:\/\/onlinelotto365.com\/sv\/wp-json\/wp\/v2\/pages"}],"about":[{"href":"https:\/\/onlinelotto365.com\/sv\/wp-json\/wp\/v2\/types\/page"}],"author":[{"embeddable":true,"href":"https:\/\/onlinelotto365.com\/sv\/wp-json\/wp\/v2\/users\/1"}],"replies":[{"embeddable":true,"href":"https:\/\/onlinelotto365.com\/sv\/wp-json\/wp\/v2\/comments?post=80816"}],"version-history":[{"count":0,"href":"https:\/\/onlinelotto365.com\/sv\/wp-json\/wp\/v2\/pages\/80816\/revisions"}],"up":[{"embeddable":true,"href":"https:\/\/onlinelotto365.com\/sv\/wp-json\/wp\/v2\/pages\/5869"}],"wp:attachment":[{"href":"https:\/\/onlinelotto365.com\/sv\/wp-json\/wp\/v2\/media?parent=80816"}],"curies":[{"name":"wp","href":"https:\/\/api.w.org\/{rel}","templated":true}]}}