{"id":80849,"date":"2022-11-23T11:57:36","date_gmt":"2022-11-23T10:57:36","guid":{"rendered":"https:\/\/onlinelotto365.com\/?page_id=80849"},"modified":"2022-11-23T11:57:36","modified_gmt":"2022-11-23T10:57:36","slug":"german-lotto","status":"publish","type":"page","link":"https:\/\/onlinelotto365.com\/sv\/vinnande-nummer\/german-lotto\/","title":{"rendered":"Se de vinnande numren i tyska Lotto h\u00e4r"},"content":{"rendered":"<p>Internationella lotterier kan vara lite sv\u00e5rare att sp\u00e5ra eftersom du kanske inte bor i samma omr\u00e5de som de dras i. Du kanske inte kan kontrollera resultaten fr\u00e5n tyska Lotto i din lokaltidning. Och du kanske inte heller kan hitta de vinnande numren i tyska Lotto p\u00e5 TV. Om du hittar dem p\u00e5 n\u00e5gon av dessa platser m\u00e5ste du g\u00f6ra en ordentlig m\u00e4ngd forskning f\u00f6r att komma dit.<br \/>\n<a href=\"https:\/\/redfoxlotto.com\/play\/lotto-6aus49\/?ref=a8564250a2&amp;medium=ol365\" target=\"_blank\" rel=\"noopener noreferrer\"><img decoding=\"async\" class=\"aligncenter\" src=\"https:\/\/redfoxlotto.com\/image?size=8&amp;lottery=lotto-6aus49\" alt=\"Tyska Lotto 6aus49\" \/><\/a><br \/>\nDu kan ocks\u00e5 fundera p\u00e5 att g\u00e5 in p\u00e5 webbplatsen f\u00f6r tyska Lotto. Ibland erbjuder dessa officiella webbplatser live-dragningar s\u00e5 att du kan se resultaten n\u00e4r de kommer in. Alla spel har dock inte den h\u00e4r m\u00f6jligheten, och du kan hamna utan m\u00f6jlighet att hitta dina resultat \u00e4ven p\u00e5 den officiella webbplatsen.<\/p>\n<p>Du kan ocks\u00e5 ta en titt p\u00e5 YouTube f\u00f6r att se om n\u00e5gon har laddat upp en video av direktdragningen eller till och med en video med resultaten n\u00e5gon g\u00e5ng efter att dragningen har \u00e4gt rum.<\/p>\n<p>Det enklaste s\u00e4ttet f\u00f6r dig att f\u00e5 fram de resultat du letar efter \u00e4r dock att ta en titt p\u00e5 v\u00e5r webbplats. Vi hj\u00e4lper dig att hitta resultaten f\u00f6r tyska Lotto direkt p\u00e5 v\u00e5r resultatsida. D\u00e4r delar vi med oss av vinnarsiffrorna f\u00f6r alla de lotterispel som du hittar tillg\u00e4ngliga p\u00e5 v\u00e5r webbplats.<\/p>\n<h2>S\u00e5 h\u00e4r f\u00e5r du reda p\u00e5 om din online-lott har vunnit<\/h2>\n<p>F\u00f6r dem som k\u00f6pt lotter fr\u00e5n oss f\u00f6r tyska Lotto kommer du att uppt\u00e4cka att det \u00e4r \u00e4nnu enklare att f\u00e5 fram resultaten. Allt du beh\u00f6ver g\u00f6ra \u00e4r n\u00e4mligen att ta en titt p\u00e5 din kontosida. N\u00e4r du \u00e4r d\u00e4r kan du se de biljetter som du har k\u00f6pt f\u00f6r alla de spel som vi har tillg\u00e4ngliga. Sedan kan du ta en titt p\u00e5 de vinnande numren p\u00e5 samma st\u00e4lle.<br \/>\nVi kommer \u00e4ven att markera alla nummer som du matchat f\u00f6r att l\u00e5ta dig veta vad du har vunnit. Och om du vinner mindre \u00e4n 2 500 euro tar vi hand om att l\u00e4gga till det p\u00e5 ditt konto s\u00e5 snart numren har verifierats officiellt av spelet. S\u00e5 enkelt \u00e4r det f\u00f6r dig.<\/p>\n<h2>Arkivet med resultat fr\u00e5n tyska Lotto<\/h2>\n<p>De sidor p\u00e5 v\u00e5r webbplats som har de senaste numren f\u00f6r tyska Lotto visar dig ocks\u00e5 alla gamla nummer fr\u00e5n v\u00e5rt arkiv. Det beror p\u00e5 att vi vet att m\u00e5nga m\u00e4nniskor vill k\u00e4nna till de \u00e4ldre numren f\u00f6r att hj\u00e4lpa dem att v\u00e4lja de nummer de vill anv\u00e4nda f\u00f6r sina n\u00e4sta lotter. Vi l\u00e4gger dem p\u00e5 alla sidor som visar de nya numren.<\/p>\n<h2>Min biljett har vunnit, vad h\u00e4nder h\u00e4rn\u00e4st?<\/h2>\n<p><img loading=\"lazy\" decoding=\"async\" class=\"alignright size-medium wp-image-3593\" src=\"https:\/\/onlinelotto365.com\/wp-content\/uploads\/2020\/11\/online_lottery-39-300x150.jpg\" alt=\"tyska lotto vinnande nummer\" width=\"300\" height=\"150\" srcset=\"https:\/\/onlinelotto365.com\/wp-content\/uploads\/2020\/11\/online_lottery-39-300x150.jpg 300w, https:\/\/onlinelotto365.com\/wp-content\/uploads\/2020\/11\/online_lottery-39.jpg 490w\" sizes=\"auto, (max-width: 300px) 100vw, 300px\" \/><br \/>\nOm du har vunnit i tyska Lotto och din vinstlott \u00e4r v\u00e4rd mindre \u00e4n 2 500 euro tar vi hand om att s\u00e4tta in pengarna p\u00e5 ditt konto s\u00e5 snart alla vinnande nummer har verifierats. Det inneb\u00e4r att du inte beh\u00f6ver g\u00f6ra n\u00e5gonting. Om den vinnande lotten \u00e4r v\u00e4rd mer \u00e4n 2 500 euro m\u00e5ste du fylla i ett formul\u00e4r, men vi hj\u00e4lper dig \u00e4nd\u00e5 med processen. Om du sedan har minst 10 \u20ac p\u00e5 ditt konto har du m\u00f6jlighet att ta ut pengarna till ett bank- eller kreditkortskonto som du redan har anv\u00e4nt p\u00e5 v\u00e5r webbplats. Om du inte har anv\u00e4nt kontot hos oss \u00e4nnu kommer du inte att kunna ta ut pengarna till det.<\/p>\n","protected":false},"excerpt":{"rendered":"<p>Internationella lotterier kan vara lite sv\u00e5rare att sp\u00e5ra eftersom du kanske inte bor i samma omr\u00e5de som de dras i. Du kanske inte kan kontrollera resultaten fr\u00e5n tyska Lotto i din lokaltidning. Och du kanske inte heller kan hitta de vinnande numren i tyska Lotto p\u00e5 TV. Om du hittar dem p\u00e5 n\u00e5gon av dessa [&hellip;]<\/p>\n","protected":false},"author":1,"featured_media":0,"parent":5869,"menu_order":11,"comment_status":"closed","ping_status":"closed","template":"lotto-german-results.php","meta":{"_et_pb_use_builder":"","_et_pb_old_content":"","_et_gb_content_width":"","exclude_from_search":false,"footnotes":""},"class_list":["post-80849","page","type-page","status-publish","hentry"],"yoast_head":"<!-- This site is optimized with the Yoast SEO plugin v23.4 - https:\/\/yoast.com\/wordpress\/plugins\/seo\/ -->\n<title>Vinstnummer tyska Lotto | Dragningsresultat och vunna belopp f\u00f6r tyska Lotto<\/title>\n<meta name=\"description\" content=\"Om du vill hitta vinstnumren f\u00f6r det tyska lotteriet 6aus49, titta h\u00e4r!\" \/>\n<meta name=\"robots\" content=\"index, follow, max-snippet:-1, max-image-preview:large, max-video-preview:-1\" \/>\n<link rel=\"canonical\" href=\"https:\/\/onlinelotto365.com\/sv\/vinnande-nummer\/german-lotto\/\" \/>\n<meta property=\"og:locale\" content=\"sv_SE\" \/>\n<meta property=\"og:type\" content=\"article\" \/>\n<meta property=\"og:title\" content=\"Vinstnummer tyska Lotto | Dragningsresultat och vunna belopp f\u00f6r tyska Lotto\" \/>\n<meta property=\"og:description\" content=\"Om du vill hitta vinstnumren f\u00f6r det tyska lotteriet 6aus49, titta h\u00e4r!\" \/>\n<meta property=\"og:url\" content=\"https:\/\/onlinelotto365.com\/sv\/vinnande-nummer\/german-lotto\/\" \/>\n<meta property=\"og:site_name\" content=\"OnlineLotto365\" \/>\n<meta property=\"og:image\" content=\"https:\/\/redfoxlotto.com\/image?size=8&amp;lottery=lotto-6aus49\" \/>\n<meta name=\"twitter:card\" content=\"summary_large_image\" \/>\n<meta name=\"twitter:label1\" content=\"Ber\u00e4knad l\u00e4stid\" \/>\n\t<meta name=\"twitter:data1\" content=\"3 minuter\" \/>\n<script type=\"application\/ld+json\" class=\"yoast-schema-graph\">{\"@context\":\"https:\/\/schema.org\",\"@graph\":[{\"@type\":\"WebPage\",\"@id\":\"https:\/\/onlinelotto365.com\/sv\/vinnande-nummer\/german-lotto\/\",\"url\":\"https:\/\/onlinelotto365.com\/sv\/vinnande-nummer\/german-lotto\/\",\"name\":\"Vinstnummer tyska Lotto | Dragningsresultat och vunna belopp f\u00f6r tyska Lotto\",\"isPartOf\":{\"@id\":\"https:\/\/onlinelotto365.com\/sv\/#website\"},\"primaryImageOfPage\":{\"@id\":\"https:\/\/onlinelotto365.com\/sv\/vinnande-nummer\/german-lotto\/#primaryimage\"},\"image\":{\"@id\":\"https:\/\/onlinelotto365.com\/sv\/vinnande-nummer\/german-lotto\/#primaryimage\"},\"thumbnailUrl\":\"https:\/\/redfoxlotto.com\/image?size=8&amp;lottery=lotto-6aus49\",\"datePublished\":\"2022-11-23T10:57:36+00:00\",\"dateModified\":\"2022-11-23T10:57:36+00:00\",\"description\":\"Om du vill hitta vinstnumren f\u00f6r det tyska lotteriet 6aus49, titta h\u00e4r!\",\"breadcrumb\":{\"@id\":\"https:\/\/onlinelotto365.com\/sv\/vinnande-nummer\/german-lotto\/#breadcrumb\"},\"inLanguage\":\"sv-SE\",\"potentialAction\":[{\"@type\":\"ReadAction\",\"target\":[\"https:\/\/onlinelotto365.com\/sv\/vinnande-nummer\/german-lotto\/\"]}]},{\"@type\":\"ImageObject\",\"inLanguage\":\"sv-SE\",\"@id\":\"https:\/\/onlinelotto365.com\/sv\/vinnande-nummer\/german-lotto\/#primaryimage\",\"url\":\"https:\/\/redfoxlotto.com\/image?size=8&amp;lottery=lotto-6aus49\",\"contentUrl\":\"https:\/\/redfoxlotto.com\/image?size=8&amp;lottery=lotto-6aus49\"},{\"@type\":\"BreadcrumbList\",\"@id\":\"https:\/\/onlinelotto365.com\/sv\/vinnande-nummer\/german-lotto\/#breadcrumb\",\"itemListElement\":[{\"@type\":\"ListItem\",\"position\":1,\"name\":\"Home\",\"item\":\"https:\/\/onlinelotto365.com\/sv\/\"},{\"@type\":\"ListItem\",\"position\":2,\"name\":\"Hitta vinnande nummer och resultat f\u00f6r de senaste lottodragningarna\",\"item\":\"https:\/\/onlinelotto365.com\/sv\/vinnande-nummer\/\"},{\"@type\":\"ListItem\",\"position\":3,\"name\":\"Se de vinnande numren i tyska Lotto h\u00e4r\"}]},{\"@type\":\"WebSite\",\"@id\":\"https:\/\/onlinelotto365.com\/sv\/#website\",\"url\":\"https:\/\/onlinelotto365.com\/sv\/\",\"name\":\"OnlineLotto365\",\"description\":\"\",\"potentialAction\":[{\"@type\":\"SearchAction\",\"target\":{\"@type\":\"EntryPoint\",\"urlTemplate\":\"https:\/\/onlinelotto365.com\/sv\/?s={search_term_string}\"},\"query-input\":{\"@type\":\"PropertyValueSpecification\",\"valueRequired\":true,\"valueName\":\"search_term_string\"}}],\"inLanguage\":\"sv-SE\"}]}<\/script>\n<!-- \/ Yoast SEO plugin. -->","yoast_head_json":{"title":"Vinstnummer tyska Lotto | Dragningsresultat och vunna belopp f\u00f6r tyska Lotto","description":"Om du vill hitta vinstnumren f\u00f6r det tyska lotteriet 6aus49, titta h\u00e4r!","robots":{"index":"index","follow":"follow","max-snippet":"max-snippet:-1","max-image-preview":"max-image-preview:large","max-video-preview":"max-video-preview:-1"},"canonical":"https:\/\/onlinelotto365.com\/sv\/vinnande-nummer\/german-lotto\/","og_locale":"sv_SE","og_type":"article","og_title":"Vinstnummer tyska Lotto | Dragningsresultat och vunna belopp f\u00f6r tyska Lotto","og_description":"Om du vill hitta vinstnumren f\u00f6r det tyska lotteriet 6aus49, titta h\u00e4r!","og_url":"https:\/\/onlinelotto365.com\/sv\/vinnande-nummer\/german-lotto\/","og_site_name":"OnlineLotto365","og_image":[{"url":"https:\/\/redfoxlotto.com\/image?size=8&amp;lottery=lotto-6aus49"}],"twitter_card":"summary_large_image","twitter_misc":{"Ber\u00e4knad l\u00e4stid":"3 minuter"},"schema":{"@context":"https:\/\/schema.org","@graph":[{"@type":"WebPage","@id":"https:\/\/onlinelotto365.com\/sv\/vinnande-nummer\/german-lotto\/","url":"https:\/\/onlinelotto365.com\/sv\/vinnande-nummer\/german-lotto\/","name":"Vinstnummer tyska Lotto | Dragningsresultat och vunna belopp f\u00f6r tyska Lotto","isPartOf":{"@id":"https:\/\/onlinelotto365.com\/sv\/#website"},"primaryImageOfPage":{"@id":"https:\/\/onlinelotto365.com\/sv\/vinnande-nummer\/german-lotto\/#primaryimage"},"image":{"@id":"https:\/\/onlinelotto365.com\/sv\/vinnande-nummer\/german-lotto\/#primaryimage"},"thumbnailUrl":"https:\/\/redfoxlotto.com\/image?size=8&amp;lottery=lotto-6aus49","datePublished":"2022-11-23T10:57:36+00:00","dateModified":"2022-11-23T10:57:36+00:00","description":"Om du vill hitta vinstnumren f\u00f6r det tyska lotteriet 6aus49, titta h\u00e4r!","breadcrumb":{"@id":"https:\/\/onlinelotto365.com\/sv\/vinnande-nummer\/german-lotto\/#breadcrumb"},"inLanguage":"sv-SE","potentialAction":[{"@type":"ReadAction","target":["https:\/\/onlinelotto365.com\/sv\/vinnande-nummer\/german-lotto\/"]}]},{"@type":"ImageObject","inLanguage":"sv-SE","@id":"https:\/\/onlinelotto365.com\/sv\/vinnande-nummer\/german-lotto\/#primaryimage","url":"https:\/\/redfoxlotto.com\/image?size=8&amp;lottery=lotto-6aus49","contentUrl":"https:\/\/redfoxlotto.com\/image?size=8&amp;lottery=lotto-6aus49"},{"@type":"BreadcrumbList","@id":"https:\/\/onlinelotto365.com\/sv\/vinnande-nummer\/german-lotto\/#breadcrumb","itemListElement":[{"@type":"ListItem","position":1,"name":"Home","item":"https:\/\/onlinelotto365.com\/sv\/"},{"@type":"ListItem","position":2,"name":"Hitta vinnande nummer och resultat f\u00f6r de senaste lottodragningarna","item":"https:\/\/onlinelotto365.com\/sv\/vinnande-nummer\/"},{"@type":"ListItem","position":3,"name":"Se de vinnande numren i tyska Lotto h\u00e4r"}]},{"@type":"WebSite","@id":"https:\/\/onlinelotto365.com\/sv\/#website","url":"https:\/\/onlinelotto365.com\/sv\/","name":"OnlineLotto365","description":"","potentialAction":[{"@type":"SearchAction","target":{"@type":"EntryPoint","urlTemplate":"https:\/\/onlinelotto365.com\/sv\/?s={search_term_string}"},"query-input":{"@type":"PropertyValueSpecification","valueRequired":true,"valueName":"search_term_string"}}],"inLanguage":"sv-SE"}]}},"_links":{"self":[{"href":"https:\/\/onlinelotto365.com\/sv\/wp-json\/wp\/v2\/pages\/80849","targetHints":{"allow":["GET"]}}],"collection":[{"href":"https:\/\/onlinelotto365.com\/sv\/wp-json\/wp\/v2\/pages"}],"about":[{"href":"https:\/\/onlinelotto365.com\/sv\/wp-json\/wp\/v2\/types\/page"}],"author":[{"embeddable":true,"href":"https:\/\/onlinelotto365.com\/sv\/wp-json\/wp\/v2\/users\/1"}],"replies":[{"embeddable":true,"href":"https:\/\/onlinelotto365.com\/sv\/wp-json\/wp\/v2\/comments?post=80849"}],"version-history":[{"count":0,"href":"https:\/\/onlinelotto365.com\/sv\/wp-json\/wp\/v2\/pages\/80849\/revisions"}],"up":[{"embeddable":true,"href":"https:\/\/onlinelotto365.com\/sv\/wp-json\/wp\/v2\/pages\/5869"}],"wp:attachment":[{"href":"https:\/\/onlinelotto365.com\/sv\/wp-json\/wp\/v2\/media?parent=80849"}],"curies":[{"name":"wp","href":"https:\/\/api.w.org\/{rel}","templated":true}]}}