{"id":80881,"date":"2022-11-23T12:50:47","date_gmt":"2022-11-23T11:50:47","guid":{"rendered":"https:\/\/onlinelotto365.com\/?page_id=80881"},"modified":"2022-11-23T12:50:47","modified_gmt":"2022-11-23T11:50:47","slug":"mega-sena","status":"publish","type":"page","link":"https:\/\/onlinelotto365.com\/sv\/vinnande-nummer\/mega-sena\/","title":{"rendered":"Mega-Sena fr\u00e5n Brasilien &#8211; de senaste vinstnumren"},"content":{"rendered":"<p>Det finns m\u00e5nga olika spel d\u00e4r ute och du vill se till att du hittar de vinnande numren s\u00e5 fort som m\u00f6jligt. Tja, det \u00e4r m\u00f6jligt p\u00e5 ett antal olika s\u00e4tt, om du vet var du ska leta. Vinnande nummer finns ibland i tidningen om du bor i ett omr\u00e5de d\u00e4r det \u00e4r ett lokalt spel. Detta kan inneb\u00e4ra att Mega-Sena-resultaten inte \u00e4r tillg\u00e4ngliga i ditt omr\u00e5de. I vissa omr\u00e5den visas ocks\u00e5 de vinnande numren p\u00e5 TV, vilket bara kommer att ske om du bor i vissa omr\u00e5den.<br \/>\n<a href=\"https:\/\/redfoxlotto.com\/play\/mega-sena\/?ref=a8564250a2&amp;medium=ol365\" target=\"_blank\" rel=\"noopener noreferrer\"><img decoding=\"async\" class=\"aligncenter\" src=\"https:\/\/redfoxlotto.com\/image?size=8&amp;lottery=mega-sena\" alt=\"mega-sena\" \/><\/a><\/p>\n<p>Ett annat alternativ \u00e4r att titta p\u00e5 webbplatsen f\u00f6r Mega-Sena-lotteriet f\u00f6r att se om de har en s\u00e4ndning av live stream n\u00e4r spelet dras. Alla spel g\u00f6r inte detta, men f\u00f6r de som g\u00f6r det kan det vara en sp\u00e4nnande upplevelse f\u00f6r alla som tittar. S\u00e4rskilt om du faktiskt \u00e4r en vinnare och ser dina nummer dras.<\/p>\n<p>Det finns ocks\u00e5 m\u00f6jlighet att g\u00e5 \u00f6ver till YouTube. Ibland laddar folk upp livevideor fr\u00e5n dragningen p\u00e5 n\u00e4tet och du kanske kan se den senaste Mega Sena-dragningen.<\/p>\n<p>Det enklaste s\u00e4ttet f\u00f6r dig att f\u00e5 fram de vinnande numren kommer dock att vara att kolla in v\u00e5r webbplats. Vi kan ge dig tillg\u00e5ng till alla vinnande nummer f\u00f6r Mega Sena samt alla andra spel som du vill ha som vi har tillg\u00e4ngliga. Det g\u00f6r det l\u00e4ttare f\u00f6r dig att hitta de resultat du vill ha.<\/p>\n<h2>Hur du tar reda p\u00e5 om din onlinebiljett har vunnit<\/h2>\n<p>Vad som \u00e4r \u00e4nnu b\u00e4ttre \u00e4r att du kan logga in direkt p\u00e5 ditt konto och hitta resultaten f\u00f6r alla spel som du har k\u00f6pt biljetter till ocks\u00e5. Du g\u00e5r bara till den del av webbplatsen d\u00e4r dina biljetter \u00e4r lagrade och du kan hitta de vinnande numren som g\u00e4ller f\u00f6r dessa biljetter.<\/p>\n<p>Sedan kan du \u00e4ven se vilka vinnande nummer som matchar dina nuvarande nummer s\u00e5 att du kan se hur mycket du redan har vunnit. Om det \u00e4r mindre \u00e4n 2 500 euro tar vi hand om att f\u00e5 in pengarna direkt p\u00e5 ditt konto s\u00e5 att du kan b\u00f6rja spendera dem eller ta ut dem till ditt eget konto. Allt du beh\u00f6ver g\u00f6ra \u00e4r att se till att du tar ut pengarna till ett konto som du redan har anv\u00e4nt hos oss.<\/p>\n<h2>Mega-Sena resultatarkiv<\/h2>\n<p><img loading=\"lazy\" decoding=\"async\" class=\"alignright wp-image-3640\" src=\"https:\/\/onlinelotto365.com\/wp-content\/uploads\/2020\/11\/lottery_balls1-300x160.jpg\" alt=\"mega-sena resultat\" width=\"249\" height=\"133\" srcset=\"https:\/\/onlinelotto365.com\/wp-content\/uploads\/2020\/11\/lottery_balls1-300x160.jpg 300w, https:\/\/onlinelotto365.com\/wp-content\/uploads\/2020\/11\/lottery_balls1.jpg 472w\" sizes=\"auto, (max-width: 249px) 100vw, 249px\" \/><br \/>\nF\u00f6r den som vill f\u00e5 tillg\u00e5ng till \u00e4ldre nummer f\u00f6r Mega-Sena b\u00f6r du ta en n\u00e4rmare titt p\u00e5 de webbsidor som redan erbjuder de senaste numren. Du kan hitta alla gamla nummer tillg\u00e4ngliga d\u00e4r ocks\u00e5 s\u00e5 att du inte beh\u00f6ver oroa dig f\u00f6r att g\u00e5 miste om n\u00e5gra av de b\u00e4sta uppgifterna f\u00f6r att v\u00e4lja din n\u00e4sta upps\u00e4ttning nummer.<\/p>\n","protected":false},"excerpt":{"rendered":"<p>Det finns m\u00e5nga olika spel d\u00e4r ute och du vill se till att du hittar de vinnande numren s\u00e5 fort som m\u00f6jligt. Tja, det \u00e4r m\u00f6jligt p\u00e5 ett antal olika s\u00e4tt, om du vet var du ska leta. Vinnande nummer finns ibland i tidningen om du bor i ett omr\u00e5de d\u00e4r det \u00e4r ett lokalt [&hellip;]<\/p>\n","protected":false},"author":1,"featured_media":0,"parent":5869,"menu_order":12,"comment_status":"closed","ping_status":"closed","template":"megasena-results.php","meta":{"_et_pb_use_builder":"","_et_pb_old_content":"","_et_gb_content_width":"","exclude_from_search":false,"footnotes":""},"class_list":["post-80881","page","type-page","status-publish","hentry"],"yoast_head":"<!-- This site is optimized with the Yoast SEO plugin v23.4 - https:\/\/yoast.com\/wordpress\/plugins\/seo\/ -->\n<title>Senaste dragningsresultat och priser f\u00f6r Mega-Sena<\/title>\n<meta name=\"description\" content=\"Resultat f\u00f6r Mega-Sena Brasilien och m\u00e5nga andra v\u00e4rldsomsp\u00e4nnande lotterier finns h\u00e4r.\" \/>\n<meta name=\"robots\" content=\"index, follow, max-snippet:-1, max-image-preview:large, max-video-preview:-1\" \/>\n<link rel=\"canonical\" href=\"https:\/\/onlinelotto365.com\/sv\/vinnande-nummer\/mega-sena\/\" \/>\n<meta property=\"og:locale\" content=\"sv_SE\" \/>\n<meta property=\"og:type\" content=\"article\" \/>\n<meta property=\"og:title\" content=\"Senaste dragningsresultat och priser f\u00f6r Mega-Sena\" \/>\n<meta property=\"og:description\" content=\"Resultat f\u00f6r Mega-Sena Brasilien och m\u00e5nga andra v\u00e4rldsomsp\u00e4nnande lotterier finns h\u00e4r.\" \/>\n<meta property=\"og:url\" content=\"https:\/\/onlinelotto365.com\/sv\/vinnande-nummer\/mega-sena\/\" \/>\n<meta property=\"og:site_name\" content=\"OnlineLotto365\" \/>\n<meta property=\"og:image\" content=\"https:\/\/redfoxlotto.com\/image?size=8&amp;lottery=mega-sena\" \/>\n<meta name=\"twitter:card\" content=\"summary_large_image\" \/>\n<meta name=\"twitter:label1\" content=\"Ber\u00e4knad l\u00e4stid\" \/>\n\t<meta name=\"twitter:data1\" content=\"3 minuter\" \/>\n<script type=\"application\/ld+json\" class=\"yoast-schema-graph\">{\"@context\":\"https:\/\/schema.org\",\"@graph\":[{\"@type\":\"WebPage\",\"@id\":\"https:\/\/onlinelotto365.com\/sv\/vinnande-nummer\/mega-sena\/\",\"url\":\"https:\/\/onlinelotto365.com\/sv\/vinnande-nummer\/mega-sena\/\",\"name\":\"Senaste dragningsresultat och priser f\u00f6r Mega-Sena\",\"isPartOf\":{\"@id\":\"https:\/\/onlinelotto365.com\/sv\/#website\"},\"primaryImageOfPage\":{\"@id\":\"https:\/\/onlinelotto365.com\/sv\/vinnande-nummer\/mega-sena\/#primaryimage\"},\"image\":{\"@id\":\"https:\/\/onlinelotto365.com\/sv\/vinnande-nummer\/mega-sena\/#primaryimage\"},\"thumbnailUrl\":\"https:\/\/redfoxlotto.com\/image?size=8&amp;lottery=mega-sena\",\"datePublished\":\"2022-11-23T11:50:47+00:00\",\"dateModified\":\"2022-11-23T11:50:47+00:00\",\"description\":\"Resultat f\u00f6r Mega-Sena Brasilien och m\u00e5nga andra v\u00e4rldsomsp\u00e4nnande lotterier finns h\u00e4r.\",\"breadcrumb\":{\"@id\":\"https:\/\/onlinelotto365.com\/sv\/vinnande-nummer\/mega-sena\/#breadcrumb\"},\"inLanguage\":\"sv-SE\",\"potentialAction\":[{\"@type\":\"ReadAction\",\"target\":[\"https:\/\/onlinelotto365.com\/sv\/vinnande-nummer\/mega-sena\/\"]}]},{\"@type\":\"ImageObject\",\"inLanguage\":\"sv-SE\",\"@id\":\"https:\/\/onlinelotto365.com\/sv\/vinnande-nummer\/mega-sena\/#primaryimage\",\"url\":\"https:\/\/redfoxlotto.com\/image?size=8&amp;lottery=mega-sena\",\"contentUrl\":\"https:\/\/redfoxlotto.com\/image?size=8&amp;lottery=mega-sena\"},{\"@type\":\"BreadcrumbList\",\"@id\":\"https:\/\/onlinelotto365.com\/sv\/vinnande-nummer\/mega-sena\/#breadcrumb\",\"itemListElement\":[{\"@type\":\"ListItem\",\"position\":1,\"name\":\"Home\",\"item\":\"https:\/\/onlinelotto365.com\/sv\/\"},{\"@type\":\"ListItem\",\"position\":2,\"name\":\"Hitta vinnande nummer och resultat f\u00f6r de senaste lottodragningarna\",\"item\":\"https:\/\/onlinelotto365.com\/sv\/vinnande-nummer\/\"},{\"@type\":\"ListItem\",\"position\":3,\"name\":\"Mega-Sena fr\u00e5n Brasilien &#8211; de senaste vinstnumren\"}]},{\"@type\":\"WebSite\",\"@id\":\"https:\/\/onlinelotto365.com\/sv\/#website\",\"url\":\"https:\/\/onlinelotto365.com\/sv\/\",\"name\":\"OnlineLotto365\",\"description\":\"\",\"potentialAction\":[{\"@type\":\"SearchAction\",\"target\":{\"@type\":\"EntryPoint\",\"urlTemplate\":\"https:\/\/onlinelotto365.com\/sv\/?s={search_term_string}\"},\"query-input\":{\"@type\":\"PropertyValueSpecification\",\"valueRequired\":true,\"valueName\":\"search_term_string\"}}],\"inLanguage\":\"sv-SE\"}]}<\/script>\n<!-- \/ Yoast SEO plugin. -->","yoast_head_json":{"title":"Senaste dragningsresultat och priser f\u00f6r Mega-Sena","description":"Resultat f\u00f6r Mega-Sena Brasilien och m\u00e5nga andra v\u00e4rldsomsp\u00e4nnande lotterier finns h\u00e4r.","robots":{"index":"index","follow":"follow","max-snippet":"max-snippet:-1","max-image-preview":"max-image-preview:large","max-video-preview":"max-video-preview:-1"},"canonical":"https:\/\/onlinelotto365.com\/sv\/vinnande-nummer\/mega-sena\/","og_locale":"sv_SE","og_type":"article","og_title":"Senaste dragningsresultat och priser f\u00f6r Mega-Sena","og_description":"Resultat f\u00f6r Mega-Sena Brasilien och m\u00e5nga andra v\u00e4rldsomsp\u00e4nnande lotterier finns h\u00e4r.","og_url":"https:\/\/onlinelotto365.com\/sv\/vinnande-nummer\/mega-sena\/","og_site_name":"OnlineLotto365","og_image":[{"url":"https:\/\/redfoxlotto.com\/image?size=8&amp;lottery=mega-sena"}],"twitter_card":"summary_large_image","twitter_misc":{"Ber\u00e4knad l\u00e4stid":"3 minuter"},"schema":{"@context":"https:\/\/schema.org","@graph":[{"@type":"WebPage","@id":"https:\/\/onlinelotto365.com\/sv\/vinnande-nummer\/mega-sena\/","url":"https:\/\/onlinelotto365.com\/sv\/vinnande-nummer\/mega-sena\/","name":"Senaste dragningsresultat och priser f\u00f6r Mega-Sena","isPartOf":{"@id":"https:\/\/onlinelotto365.com\/sv\/#website"},"primaryImageOfPage":{"@id":"https:\/\/onlinelotto365.com\/sv\/vinnande-nummer\/mega-sena\/#primaryimage"},"image":{"@id":"https:\/\/onlinelotto365.com\/sv\/vinnande-nummer\/mega-sena\/#primaryimage"},"thumbnailUrl":"https:\/\/redfoxlotto.com\/image?size=8&amp;lottery=mega-sena","datePublished":"2022-11-23T11:50:47+00:00","dateModified":"2022-11-23T11:50:47+00:00","description":"Resultat f\u00f6r Mega-Sena Brasilien och m\u00e5nga andra v\u00e4rldsomsp\u00e4nnande lotterier finns h\u00e4r.","breadcrumb":{"@id":"https:\/\/onlinelotto365.com\/sv\/vinnande-nummer\/mega-sena\/#breadcrumb"},"inLanguage":"sv-SE","potentialAction":[{"@type":"ReadAction","target":["https:\/\/onlinelotto365.com\/sv\/vinnande-nummer\/mega-sena\/"]}]},{"@type":"ImageObject","inLanguage":"sv-SE","@id":"https:\/\/onlinelotto365.com\/sv\/vinnande-nummer\/mega-sena\/#primaryimage","url":"https:\/\/redfoxlotto.com\/image?size=8&amp;lottery=mega-sena","contentUrl":"https:\/\/redfoxlotto.com\/image?size=8&amp;lottery=mega-sena"},{"@type":"BreadcrumbList","@id":"https:\/\/onlinelotto365.com\/sv\/vinnande-nummer\/mega-sena\/#breadcrumb","itemListElement":[{"@type":"ListItem","position":1,"name":"Home","item":"https:\/\/onlinelotto365.com\/sv\/"},{"@type":"ListItem","position":2,"name":"Hitta vinnande nummer och resultat f\u00f6r de senaste lottodragningarna","item":"https:\/\/onlinelotto365.com\/sv\/vinnande-nummer\/"},{"@type":"ListItem","position":3,"name":"Mega-Sena fr\u00e5n Brasilien &#8211; de senaste vinstnumren"}]},{"@type":"WebSite","@id":"https:\/\/onlinelotto365.com\/sv\/#website","url":"https:\/\/onlinelotto365.com\/sv\/","name":"OnlineLotto365","description":"","potentialAction":[{"@type":"SearchAction","target":{"@type":"EntryPoint","urlTemplate":"https:\/\/onlinelotto365.com\/sv\/?s={search_term_string}"},"query-input":{"@type":"PropertyValueSpecification","valueRequired":true,"valueName":"search_term_string"}}],"inLanguage":"sv-SE"}]}},"_links":{"self":[{"href":"https:\/\/onlinelotto365.com\/sv\/wp-json\/wp\/v2\/pages\/80881","targetHints":{"allow":["GET"]}}],"collection":[{"href":"https:\/\/onlinelotto365.com\/sv\/wp-json\/wp\/v2\/pages"}],"about":[{"href":"https:\/\/onlinelotto365.com\/sv\/wp-json\/wp\/v2\/types\/page"}],"author":[{"embeddable":true,"href":"https:\/\/onlinelotto365.com\/sv\/wp-json\/wp\/v2\/users\/1"}],"replies":[{"embeddable":true,"href":"https:\/\/onlinelotto365.com\/sv\/wp-json\/wp\/v2\/comments?post=80881"}],"version-history":[{"count":0,"href":"https:\/\/onlinelotto365.com\/sv\/wp-json\/wp\/v2\/pages\/80881\/revisions"}],"up":[{"embeddable":true,"href":"https:\/\/onlinelotto365.com\/sv\/wp-json\/wp\/v2\/pages\/5869"}],"wp:attachment":[{"href":"https:\/\/onlinelotto365.com\/sv\/wp-json\/wp\/v2\/media?parent=80881"}],"curies":[{"name":"wp","href":"https:\/\/api.w.org\/{rel}","templated":true}]}}