{"id":80913,"date":"2022-11-23T13:48:17","date_gmt":"2022-11-23T12:48:17","guid":{"rendered":"https:\/\/onlinelotto365.com\/?page_id=80913"},"modified":"2022-11-23T13:48:17","modified_gmt":"2022-11-23T12:48:17","slug":"powerball-australia","status":"publish","type":"page","link":"https:\/\/onlinelotto365.com\/sv\/vinnande-nummer\/powerball-australia\/","title":{"rendered":"Powerball Australia &#8211; senaste och tidigare vinnande nummer, resultat"},"content":{"rendered":"<p>N\u00e4r det g\u00e4ller internationella lotterier kan du f\u00f6rs\u00f6ka kolla resultaten i tidningen, men det \u00e4r osannolikt att du hittar de vinnande numren f\u00f6r Powerball Australia i din lokaltidning. Du kanske inte heller hittar det p\u00e5 n\u00e5gon av dina lokala tv-kanaler. Om du g\u00f6r det kommer det att ta lite tid och anstr\u00e4ngning att hitta r\u00e4tt kanal.<\/p>\n<p>Ett annat alternativ \u00e4r att kolla p\u00e5 webbplatsen f\u00f6r Powerball Australia f\u00f6r att se om de erbjuder ett alternativ f\u00f6r direktdragning. Om de g\u00f6r det kanske du kan titta med och f\u00e5 full gl\u00e4dje av att se dina nummer dras live. Men inte alla spel erbjuder detta alternativ och du kan komma att g\u00e5 miste om upplevelsen helt och h\u00e5llet.<br \/>\nDu kan ocks\u00e5 titta p\u00e5 YouTube f\u00f6r att se om det finns en inspelning av direktdragningen av Powerball Australia. Detta kan vara ett bra s\u00e4tt att hitta resultaten efter att dragningen har gjorts.<br \/>\n<a href=\"https:\/\/redfoxlotto.com\/play\/powerball-au\/?ref=a8564250a2&amp;medium=ol365\" target=\"_blank\" rel=\"noopener noreferrer\"><img decoding=\"async\" class=\"aligncenter\" src=\"https:\/\/redfoxlotto.com\/image?size=8&amp;lottery=powerball-au\" alt=\"Powerball Australien\" \/><\/a><br \/>\nDet b\u00e4sta s\u00e4ttet f\u00f6r dig att hitta resultaten fr\u00e5n Powerball Australia \u00e4r dock att titta p\u00e5 v\u00e5r webbplats. Du kommer att kunna hitta resultaten f\u00f6r detta och alla andra spel som vi har tillg\u00e4ngliga, s\u00e5 du beh\u00f6ver inte oroa dig f\u00f6r att missa n\u00e5got alls.<\/p>\n<h2>Hur du tar reda p\u00e5 om din online-biljett har vunnit<\/h2>\n<p>Vad h\u00e4nder om du redan har k\u00f6pt dina egna biljetter till Powerball Australia? D\u00e5 \u00e4r det \u00e4nnu enklare f\u00f6r dig att kolla upp de vinnande numren. Ist\u00e4llet f\u00f6r att kolla den vanliga sidan med lotteriresultat kan du kolla p\u00e5 sidan med biljetter p\u00e5 ditt konto. D\u00e5 kan du se de vinnande numren j\u00e4mf\u00f6rt med dina egna, vilket kommer att vara \u00e4nnu b\u00e4ttre f\u00f6r dina behov.<\/p>\n<p>Du kan leta efter eventuella nummer i din lott som \u00e4r markerade, vilket inneb\u00e4r att de matchar de vinnande numren. D\u00e5 kan du se hur mycket du har vunnit. Och om det \u00e4r mindre \u00e4n 2 500 euro kommer det att krediteras till ditt konto bara s\u00e5 d\u00e4r.<\/p>\n<h2>Powerball Australia resultatarkiv<\/h2>\n<p>P\u00e5 v\u00e5r webbplats g\u00f6r vi det enkelt f\u00f6r dig att kontrollera inte bara de aktuella lottonumren f\u00f6r Powerball Australia med mera utan \u00e4ven de gamla numren. Ett av de mest popul\u00e4ra s\u00e4tten som folk v\u00e4ljer sina nummer p\u00e5 \u00e4r att titta p\u00e5 n\u00e5gra av de \u00e4ldre numren, s\u00e5 vi ser till att du kan hitta dessa nummer p\u00e5 alla sidor d\u00e4r vi erbjuder de aktuella vinnande numren.<\/p>\n<h2>Min lott har vunnit, vad h\u00e4nder h\u00e4rn\u00e4st?<\/h2>\n<p>Om din lott \u00e4r en vinnare beh\u00f6ver du bara luta dig tillbaka och l\u00e5ta oss hj\u00e4lpa dig att f\u00e5 de pengar du har r\u00e4tt till. Om du har vunnit mindre \u00e4n 2 500 euro krediterar vi pengarna till ditt spelarkonto s\u00e5 snart resultaten har verifierats. D\u00e4refter kan du ta ut pengarna s\u00e5 l\u00e4nge det finns 10 \u20ac p\u00e5 ditt konto.<\/p>\n","protected":false},"excerpt":{"rendered":"<p>N\u00e4r det g\u00e4ller internationella lotterier kan du f\u00f6rs\u00f6ka kolla resultaten i tidningen, men det \u00e4r osannolikt att du hittar de vinnande numren f\u00f6r Powerball Australia i din lokaltidning. Du kanske inte heller hittar det p\u00e5 n\u00e5gon av dina lokala tv-kanaler. Om du g\u00f6r det kommer det att ta lite tid och anstr\u00e4ngning att hitta r\u00e4tt [&hellip;]<\/p>\n","protected":false},"author":1,"featured_media":0,"parent":5869,"menu_order":13,"comment_status":"closed","ping_status":"closed","template":"powerball-au-results.php","meta":{"_et_pb_use_builder":"","_et_pb_old_content":"","_et_gb_content_width":"","exclude_from_search":false,"footnotes":""},"class_list":["post-80913","page","type-page","status-publish","hentry"],"yoast_head":"<!-- This site is optimized with the Yoast SEO plugin v23.4 - https:\/\/yoast.com\/wordpress\/plugins\/seo\/ -->\n<title>Senaste och tidigare dragningsresultat och vinnande nummer f\u00f6r Powerball Australia<\/title>\n<meta name=\"description\" content=\"Vi publicerar vinnande nummer f\u00f6r Powerball Australia direkt efter dragningen.\" \/>\n<meta name=\"robots\" content=\"index, follow, max-snippet:-1, max-image-preview:large, max-video-preview:-1\" \/>\n<link rel=\"canonical\" href=\"https:\/\/onlinelotto365.com\/sv\/vinnande-nummer\/powerball-australia\/\" \/>\n<meta property=\"og:locale\" content=\"sv_SE\" \/>\n<meta property=\"og:type\" content=\"article\" \/>\n<meta property=\"og:title\" content=\"Senaste och tidigare dragningsresultat och vinnande nummer f\u00f6r Powerball Australia\" \/>\n<meta property=\"og:description\" content=\"Vi publicerar vinnande nummer f\u00f6r Powerball Australia direkt efter dragningen.\" \/>\n<meta property=\"og:url\" content=\"https:\/\/onlinelotto365.com\/sv\/vinnande-nummer\/powerball-australia\/\" \/>\n<meta property=\"og:site_name\" content=\"OnlineLotto365\" \/>\n<meta property=\"og:image\" content=\"https:\/\/redfoxlotto.com\/image?size=8&amp;lottery=powerball-au\" \/>\n<meta name=\"twitter:card\" content=\"summary_large_image\" \/>\n<meta name=\"twitter:label1\" content=\"Ber\u00e4knad l\u00e4stid\" \/>\n\t<meta name=\"twitter:data1\" content=\"2 minuter\" \/>\n<script type=\"application\/ld+json\" class=\"yoast-schema-graph\">{\"@context\":\"https:\/\/schema.org\",\"@graph\":[{\"@type\":\"WebPage\",\"@id\":\"https:\/\/onlinelotto365.com\/sv\/vinnande-nummer\/powerball-australia\/\",\"url\":\"https:\/\/onlinelotto365.com\/sv\/vinnande-nummer\/powerball-australia\/\",\"name\":\"Senaste och tidigare dragningsresultat och vinnande nummer f\u00f6r Powerball Australia\",\"isPartOf\":{\"@id\":\"https:\/\/onlinelotto365.com\/sv\/#website\"},\"primaryImageOfPage\":{\"@id\":\"https:\/\/onlinelotto365.com\/sv\/vinnande-nummer\/powerball-australia\/#primaryimage\"},\"image\":{\"@id\":\"https:\/\/onlinelotto365.com\/sv\/vinnande-nummer\/powerball-australia\/#primaryimage\"},\"thumbnailUrl\":\"https:\/\/redfoxlotto.com\/image?size=8&amp;lottery=powerball-au\",\"datePublished\":\"2022-11-23T12:48:17+00:00\",\"dateModified\":\"2022-11-23T12:48:17+00:00\",\"description\":\"Vi publicerar vinnande nummer f\u00f6r Powerball Australia direkt efter dragningen.\",\"breadcrumb\":{\"@id\":\"https:\/\/onlinelotto365.com\/sv\/vinnande-nummer\/powerball-australia\/#breadcrumb\"},\"inLanguage\":\"sv-SE\",\"potentialAction\":[{\"@type\":\"ReadAction\",\"target\":[\"https:\/\/onlinelotto365.com\/sv\/vinnande-nummer\/powerball-australia\/\"]}]},{\"@type\":\"ImageObject\",\"inLanguage\":\"sv-SE\",\"@id\":\"https:\/\/onlinelotto365.com\/sv\/vinnande-nummer\/powerball-australia\/#primaryimage\",\"url\":\"https:\/\/redfoxlotto.com\/image?size=8&amp;lottery=powerball-au\",\"contentUrl\":\"https:\/\/redfoxlotto.com\/image?size=8&amp;lottery=powerball-au\"},{\"@type\":\"BreadcrumbList\",\"@id\":\"https:\/\/onlinelotto365.com\/sv\/vinnande-nummer\/powerball-australia\/#breadcrumb\",\"itemListElement\":[{\"@type\":\"ListItem\",\"position\":1,\"name\":\"Home\",\"item\":\"https:\/\/onlinelotto365.com\/sv\/\"},{\"@type\":\"ListItem\",\"position\":2,\"name\":\"Hitta vinnande nummer och resultat f\u00f6r de senaste lottodragningarna\",\"item\":\"https:\/\/onlinelotto365.com\/sv\/vinnande-nummer\/\"},{\"@type\":\"ListItem\",\"position\":3,\"name\":\"Powerball Australia &#8211; senaste och tidigare vinnande nummer, resultat\"}]},{\"@type\":\"WebSite\",\"@id\":\"https:\/\/onlinelotto365.com\/sv\/#website\",\"url\":\"https:\/\/onlinelotto365.com\/sv\/\",\"name\":\"OnlineLotto365\",\"description\":\"\",\"potentialAction\":[{\"@type\":\"SearchAction\",\"target\":{\"@type\":\"EntryPoint\",\"urlTemplate\":\"https:\/\/onlinelotto365.com\/sv\/?s={search_term_string}\"},\"query-input\":{\"@type\":\"PropertyValueSpecification\",\"valueRequired\":true,\"valueName\":\"search_term_string\"}}],\"inLanguage\":\"sv-SE\"}]}<\/script>\n<!-- \/ Yoast SEO plugin. -->","yoast_head_json":{"title":"Senaste och tidigare dragningsresultat och vinnande nummer f\u00f6r Powerball Australia","description":"Vi publicerar vinnande nummer f\u00f6r Powerball Australia direkt efter dragningen.","robots":{"index":"index","follow":"follow","max-snippet":"max-snippet:-1","max-image-preview":"max-image-preview:large","max-video-preview":"max-video-preview:-1"},"canonical":"https:\/\/onlinelotto365.com\/sv\/vinnande-nummer\/powerball-australia\/","og_locale":"sv_SE","og_type":"article","og_title":"Senaste och tidigare dragningsresultat och vinnande nummer f\u00f6r Powerball Australia","og_description":"Vi publicerar vinnande nummer f\u00f6r Powerball Australia direkt efter dragningen.","og_url":"https:\/\/onlinelotto365.com\/sv\/vinnande-nummer\/powerball-australia\/","og_site_name":"OnlineLotto365","og_image":[{"url":"https:\/\/redfoxlotto.com\/image?size=8&amp;lottery=powerball-au"}],"twitter_card":"summary_large_image","twitter_misc":{"Ber\u00e4knad l\u00e4stid":"2 minuter"},"schema":{"@context":"https:\/\/schema.org","@graph":[{"@type":"WebPage","@id":"https:\/\/onlinelotto365.com\/sv\/vinnande-nummer\/powerball-australia\/","url":"https:\/\/onlinelotto365.com\/sv\/vinnande-nummer\/powerball-australia\/","name":"Senaste och tidigare dragningsresultat och vinnande nummer f\u00f6r Powerball Australia","isPartOf":{"@id":"https:\/\/onlinelotto365.com\/sv\/#website"},"primaryImageOfPage":{"@id":"https:\/\/onlinelotto365.com\/sv\/vinnande-nummer\/powerball-australia\/#primaryimage"},"image":{"@id":"https:\/\/onlinelotto365.com\/sv\/vinnande-nummer\/powerball-australia\/#primaryimage"},"thumbnailUrl":"https:\/\/redfoxlotto.com\/image?size=8&amp;lottery=powerball-au","datePublished":"2022-11-23T12:48:17+00:00","dateModified":"2022-11-23T12:48:17+00:00","description":"Vi publicerar vinnande nummer f\u00f6r Powerball Australia direkt efter dragningen.","breadcrumb":{"@id":"https:\/\/onlinelotto365.com\/sv\/vinnande-nummer\/powerball-australia\/#breadcrumb"},"inLanguage":"sv-SE","potentialAction":[{"@type":"ReadAction","target":["https:\/\/onlinelotto365.com\/sv\/vinnande-nummer\/powerball-australia\/"]}]},{"@type":"ImageObject","inLanguage":"sv-SE","@id":"https:\/\/onlinelotto365.com\/sv\/vinnande-nummer\/powerball-australia\/#primaryimage","url":"https:\/\/redfoxlotto.com\/image?size=8&amp;lottery=powerball-au","contentUrl":"https:\/\/redfoxlotto.com\/image?size=8&amp;lottery=powerball-au"},{"@type":"BreadcrumbList","@id":"https:\/\/onlinelotto365.com\/sv\/vinnande-nummer\/powerball-australia\/#breadcrumb","itemListElement":[{"@type":"ListItem","position":1,"name":"Home","item":"https:\/\/onlinelotto365.com\/sv\/"},{"@type":"ListItem","position":2,"name":"Hitta vinnande nummer och resultat f\u00f6r de senaste lottodragningarna","item":"https:\/\/onlinelotto365.com\/sv\/vinnande-nummer\/"},{"@type":"ListItem","position":3,"name":"Powerball Australia &#8211; senaste och tidigare vinnande nummer, resultat"}]},{"@type":"WebSite","@id":"https:\/\/onlinelotto365.com\/sv\/#website","url":"https:\/\/onlinelotto365.com\/sv\/","name":"OnlineLotto365","description":"","potentialAction":[{"@type":"SearchAction","target":{"@type":"EntryPoint","urlTemplate":"https:\/\/onlinelotto365.com\/sv\/?s={search_term_string}"},"query-input":{"@type":"PropertyValueSpecification","valueRequired":true,"valueName":"search_term_string"}}],"inLanguage":"sv-SE"}]}},"_links":{"self":[{"href":"https:\/\/onlinelotto365.com\/sv\/wp-json\/wp\/v2\/pages\/80913","targetHints":{"allow":["GET"]}}],"collection":[{"href":"https:\/\/onlinelotto365.com\/sv\/wp-json\/wp\/v2\/pages"}],"about":[{"href":"https:\/\/onlinelotto365.com\/sv\/wp-json\/wp\/v2\/types\/page"}],"author":[{"embeddable":true,"href":"https:\/\/onlinelotto365.com\/sv\/wp-json\/wp\/v2\/users\/1"}],"replies":[{"embeddable":true,"href":"https:\/\/onlinelotto365.com\/sv\/wp-json\/wp\/v2\/comments?post=80913"}],"version-history":[{"count":0,"href":"https:\/\/onlinelotto365.com\/sv\/wp-json\/wp\/v2\/pages\/80913\/revisions"}],"up":[{"embeddable":true,"href":"https:\/\/onlinelotto365.com\/sv\/wp-json\/wp\/v2\/pages\/5869"}],"wp:attachment":[{"href":"https:\/\/onlinelotto365.com\/sv\/wp-json\/wp\/v2\/media?parent=80913"}],"curies":[{"name":"wp","href":"https:\/\/api.w.org\/{rel}","templated":true}]}}